{"id":42191,"date":"2025-09-21T17:23:21","date_gmt":"2025-09-21T10:23:21","guid":{"rendered":"https:\/\/havamall.com\/?post_type=product&#038;p=42191"},"modified":"2025-09-21T17:23:21","modified_gmt":"2025-09-21T10:23:21","slug":"dau-gao-an-dam-nguyen-chat-nhap-khau-nhat-ban-tsuno-180g-tsuno-rice-bran-oil","status":"publish","type":"product","link":"https:\/\/havamall.com\/en\/shop\/dau-gao-an-dam-nguyen-chat-nhap-khau-nhat-ban-tsuno-180g-tsuno-rice-bran-oil\/","title":{"rendered":"D\u1ea7u G\u1ea1o \u0102n D\u1eb7m Nguy\u00ean Ch\u1ea5t Nh\u1eadp Kh\u1ea9u Nh\u1eadt B\u1ea3n Tsuno 180g \u2013 Tsuno Rice Bran Oil"},"content":{"rendered":"<blockquote>\n<h2><em><strong>TH\u00d4NG TIN CHUNG<\/strong><\/em><\/h2>\n<\/blockquote>\n<table style=\"width: 65.3062%;height: 112px\">\n<tbody>\n<tr>\n<td><b>Th\u01b0\u01a1ng hi\u1ec7u<\/b><\/td>\n<td>Tsuno Foods (\u3064\u306e\u98df\u54c1)<\/td>\n<\/tr>\n<tr>\n<td><b>Xu\u1ea5t x\u1ee9<\/b><\/td>\n<td>Nh\u1eadt B\u1ea3n<\/td>\n<\/tr>\n<tr>\n<td><b>Th\u00e0nh ph\u1ea7n<\/b><\/td>\n<td>100% d\u1ea7u c\u00e1m g\u1ea1o, gi\u00e0u Vitamin E t\u1ef1 nhi\u00ean<\/td>\n<\/tr>\n<tr>\n<td><b>H\u1ea1n s\u1eed d\u1ee5ng<\/b><\/td>\n<td>Xem tr\u1ef1c ti\u1ebfp tr\u00ean bao b\u00ec<\/td>\n<\/tr>\n<tr>\n<td><b>B\u1ea3o qu\u1ea3n<\/b><\/td>\n<td>N\u01a1i kh\u00f4 r\u00e1o, tho\u00e1ng m\u00e1t, tr\u00e1nh \u00e1nh n\u1eafng tr\u1ef1c ti\u1ebfp<\/td>\n<\/tr>\n<tr>\n<td><b>Kh\u1ed1i l\u01b0\u1ee3ng<\/b><\/td>\n<td>180g<\/td>\n<\/tr>\n<\/tbody>\n<\/table>\n<p>T\u1eeb l\u00e2u, ng\u01b0\u1eddi Nh\u1eadt \u0111\u00e3 xem c\u00e1m g\u1ea1o nh\u01b0 m\u1ed9t kho t\u00e0ng dinh d\u01b0\u1ee1ng qu\u00fd gi\u00e1, v\u00e0 th\u01b0\u01a1ng hi\u1ec7u Tsuno ra \u0111\u1eddi t\u1eeb n\u0103m 1947, \u0111\u00e3 kh\u1eb3ng \u0111\u1ecbnh v\u1ecb th\u1ebf v\u1edbi d\u00f2ng d\u1ea7u g\u1ea1o \u0103n d\u1eb7m nguy\u00ean ch\u1ea5t, \u0111\u01b0\u1ee3c chi\u1ebft xu\u1ea5t 100% t\u1eeb c\u00e1m g\u1ea1o n\u1ed9i \u0111\u1ecba Nh\u1eadt B\u1ea3n. Trong chi\u1ebfc chai 180g nh\u1ecf g\u1ecdn, trong su\u1ed1t, l\u1edbp d\u1ea7u \u00f3ng \u00e1nh m\u00e0u v\u00e0ng nh\u1ea1t nh\u1eb9 nh\u00e0ng g\u1ee3i c\u1ea3m gi\u00e1c tinh khi\u1ebft, t\u01b0\u01a1i s\u00e1ng, mang \u0111\u1ebfn s\u1ef1 tin t\u01b0\u1edfng ngay t\u1eeb l\u1ea7n \u0111\u1ea7u nh\u00ecn th\u1ea5y.<\/p>\n<p><img fetchpriority=\"high\" decoding=\"async\" class=\"aligncenter  wp-image-42193\" src=\"https:\/\/havamall.com\/wp-content\/uploads\/2025\/09\/vn-11134207-7ras8-m20351mwbwyj5d.jpg\" alt=\"\" width=\"801\" height=\"801\" srcset=\"https:\/\/havamall.com\/wp-content\/uploads\/2025\/09\/vn-11134207-7ras8-m20351mwbwyj5d.jpg 772w, https:\/\/havamall.com\/wp-content\/uploads\/2025\/09\/vn-11134207-7ras8-m20351mwbwyj5d-300x300.jpg 300w, https:\/\/havamall.com\/wp-content\/uploads\/2025\/09\/vn-11134207-7ras8-m20351mwbwyj5d-150x150.jpg 150w, https:\/\/havamall.com\/wp-content\/uploads\/2025\/09\/vn-11134207-7ras8-m20351mwbwyj5d-12x12.jpg 12w, https:\/\/havamall.com\/wp-content\/uploads\/2025\/09\/vn-11134207-7ras8-m20351mwbwyj5d-600x600.jpg 600w\" sizes=\"(max-width: 801px) 100vw, 801px\" \/><\/p>\n<p data-start=\"971\" data-end=\"1411\">D\u1ea7u g\u1ea1o \u0103n d\u1eb7m Tsuno \u0111\u1eb7c bi\u1ec7t th\u00edch h\u1ee3p cho tr\u1ebb nh\u1ecf nh\u1edd k\u1ebft c\u1ea5u l\u1ecfng nh\u1eb9, m\u00f9i h\u01b0\u01a1ng d\u1ecbu, kh\u00f4ng n\u1ed3ng g\u1eaft, d\u1ec5 h\u00f2a quy\u1ec7n c\u00f9ng nhi\u1ec1u lo\u1ea1i th\u1ef1c ph\u1ea9m m\u00e0 kh\u00f4ng l\u00e0m \u00e1t \u0111i h\u01b0\u01a1ng v\u1ecb t\u1ef1 nhi\u00ean. Khi n\u1ea5u ch\u00e1o, h\u1ea7m rau c\u1ee7 hay ch\u1ebf bi\u1ebfn m\u00f3n s\u00fap, ch\u1ec9 c\u1ea7n m\u1ed9t l\u01b0\u1ee3ng nh\u1ecf c\u0169ng \u0111\u00e3 l\u00e0m m\u00f3n \u0103n tr\u1edf n\u00ean m\u1ec1m m\u1ea1i, d\u1ec5 \u0103n v\u00e0 gi\u00e0u d\u01b0\u1ee1ng ch\u1ea5t h\u01a1n. V\u1ecb b\u00e9o thanh m\u00e1t kh\u00f4ng g\u00e2y ng\u1ea5y gi\u00fap tr\u1ebb d\u1ec5 d\u00e0ng l\u00e0m quen v\u1edbi d\u1ea7u th\u1ef1c v\u1eadt, \u0111\u1ed3ng th\u1eddi b\u1ed5 sung ngu\u1ed3n n\u0103ng l\u01b0\u1ee3ng l\u00e0nh m\u1ea1nh.<\/p>\n<p data-start=\"971\" data-end=\"1411\"><img decoding=\"async\" class=\"aligncenter size-full wp-image-42194\" src=\"https:\/\/havamall.com\/wp-content\/uploads\/2025\/09\/3.png\" alt=\"\" width=\"800\" height=\"800\" srcset=\"https:\/\/havamall.com\/wp-content\/uploads\/2025\/09\/3.png 800w, https:\/\/havamall.com\/wp-content\/uploads\/2025\/09\/3-300x300.png 300w, https:\/\/havamall.com\/wp-content\/uploads\/2025\/09\/3-150x150.png 150w, https:\/\/havamall.com\/wp-content\/uploads\/2025\/09\/3-12x12.png 12w, https:\/\/havamall.com\/wp-content\/uploads\/2025\/09\/3-600x600.png 600w\" sizes=\"(max-width: 800px) 100vw, 800px\" \/><\/p>\n<p data-start=\"1413\" data-end=\"1915\">M\u1ed9t trong nh\u1eefng \u01b0u \u0111i\u1ec3m quan tr\u1ecdng n\u1eb1m \u1edf th\u00e0nh ph\u1ea7n dinh d\u01b0\u1ee1ng. D\u1ea7u g\u1ea1o Tsuno ch\u1ee9a vitamin E t\u1ef1 nhi\u00ean, \u03b3-oryzanol v\u00e0 c\u00e1c ch\u1ea5t ch\u1ed1ng oxy h\u00f3a qu\u00fd gi\u00e1 t\u1eeb c\u00e1m g\u1ea1o, h\u1ed7 tr\u1ee3 t\u0103ng c\u01b0\u1eddng s\u1ee9c \u0111\u1ec1 kh\u00e1ng v\u00e0 s\u1ef1 ph\u00e1t tri\u1ec3n to\u00e0n di\u1ec7n. \u0110i\u1ec3m kh\u00f3i cao gi\u00fap d\u1ea7u kh\u00f4ng b\u1ecb bi\u1ebfn ch\u1ea5t \u1edf nhi\u1ec7t \u0111\u1ed9 n\u1ea5u th\u00f4ng th\u01b0\u1eddng, \u0111\u1ea3m b\u1ea3o m\u00f3n \u0103n gi\u1eef tr\u1ecdn h\u01b0\u01a1ng v\u1ecb v\u00e0 an to\u00e0n cho tr\u1ebb nh\u1ecf. Nh\u1edd \u0111\u1eb7c t\u00ednh \u1ed5n \u0111\u1ecbnh n\u00e0y, d\u1ea7u c\u00f2n \u0111\u01b0\u1ee3c khuy\u00ean d\u00f9ng cho c\u1ea3 gia \u0111\u00ecnh trong c\u00e1c m\u00f3n chi\u00ean, x\u00e0o, r\u00e1n, khi c\u1ea7n gi\u1eef \u0111\u01b0\u1ee3c \u0111\u1ed9 gi\u00f2n ngon m\u00e0 kh\u00f4ng sinh nhi\u1ec1u kh\u00f3i.<\/p>\n<p data-start=\"1413\" data-end=\"1915\"><img decoding=\"async\" class=\"aligncenter size-full wp-image-42195\" src=\"https:\/\/havamall.com\/wp-content\/uploads\/2025\/09\/5.png\" alt=\"\" width=\"800\" height=\"800\" srcset=\"https:\/\/havamall.com\/wp-content\/uploads\/2025\/09\/5.png 800w, https:\/\/havamall.com\/wp-content\/uploads\/2025\/09\/5-300x300.png 300w, https:\/\/havamall.com\/wp-content\/uploads\/2025\/09\/5-150x150.png 150w, https:\/\/havamall.com\/wp-content\/uploads\/2025\/09\/5-12x12.png 12w, https:\/\/havamall.com\/wp-content\/uploads\/2025\/09\/5-600x600.png 600w\" sizes=\"(max-width: 800px) 100vw, 800px\" \/><\/p>\n<p data-start=\"2205\" data-end=\"2603\">Kh\u00f4ng ch\u1ec9 d\u1eebng l\u1ea1i \u1edf vai tr\u00f2 nguy\u00ean li\u1ec7u n\u1ea5u \u0103n, d\u1ea7u g\u1ea1o c\u00f2n \u0111\u01b0\u1ee3c nhi\u1ec1u b\u00e0 m\u1eb9 Nh\u1eadt s\u1eed d\u1ee5ng nh\u01b0 m\u1ed9t gi\u1ea3i ph\u00e1p ch\u0103m s\u00f3c da v\u00e0 t\u00f3c d\u1ecbu nh\u1eb9. Vitamin E t\u1ef1 nhi\u00ean c\u00f9ng k\u1ebft c\u1ea5u th\u1ea9m th\u1ea5u nhanh gi\u00fap l\u00e0n da m\u1ec1m m\u1ecbn, t\u00f3c \u00f3ng m\u01b0\u1ee3t m\u00e0 kh\u00f4ng g\u00e2y nh\u1eddn d\u00ednh. Nh\u1edd v\u1eady, m\u1ed9t chai d\u1ea7u g\u1ea1o nh\u1ecf b\u00e9 nh\u01b0ng l\u1ea1i c\u00f3 gi\u00e1 tr\u1ecb \u0111a n\u0103ng, v\u1eeba g\u00f3p ph\u1ea7n t\u1ea1o n\u00ean b\u1eefa \u0103n l\u00e0nh m\u1ea1nh, v\u1eeba mang \u0111\u1ebfn s\u1ef1 ch\u0103m s\u00f3c to\u00e0n di\u1ec7n cho c\u1ea3 gia \u0111\u00ecnh.<\/p>\n<p data-start=\"2205\" data-end=\"2603\"><img loading=\"lazy\" decoding=\"async\" class=\"aligncenter size-full wp-image-42196\" src=\"https:\/\/havamall.com\/wp-content\/uploads\/2025\/09\/2.png\" alt=\"\" width=\"800\" height=\"800\" srcset=\"https:\/\/havamall.com\/wp-content\/uploads\/2025\/09\/2.png 800w, https:\/\/havamall.com\/wp-content\/uploads\/2025\/09\/2-300x300.png 300w, https:\/\/havamall.com\/wp-content\/uploads\/2025\/09\/2-150x150.png 150w, https:\/\/havamall.com\/wp-content\/uploads\/2025\/09\/2-12x12.png 12w, https:\/\/havamall.com\/wp-content\/uploads\/2025\/09\/2-600x600.png 600w\" sizes=\"(max-width: 800px) 100vw, 800px\" \/><\/p>\n<p data-start=\"2605\" data-end=\"3038\">D\u1ea7u G\u1ea1o \u0102n D\u1eb7m Nguy\u00ean Ch\u1ea5t Nh\u1eadp Kh\u1ea9u Nh\u1eadt B\u1ea3n Tsuno 180g \u2013 Tsuno Rice Bran Oil l\u00e0 s\u1ef1 l\u1ef1a ch\u1ecdn h\u00e0i h\u00f2a gi\u1eefa dinh d\u01b0\u1ee1ng v\u00e0 ti\u1ec7n l\u1ee3i, v\u1eeba \u0111\u00e1p \u1ee9ng nhu c\u1ea7u \u0103n d\u1eb7m c\u1ee7a tr\u1ebb nh\u1ecf, v\u1eeba ph\u00f9 h\u1ee3p cho ch\u1ebf \u0111\u1ed9 dinh d\u01b0\u1ee1ng c\u00e2n b\u1eb1ng c\u1ee7a ng\u01b0\u1eddi l\u1edbn. T\u1eeb ch\u1ea5t l\u01b0\u1ee3ng nguy\u00ean li\u1ec7u \u0111\u1ebfn quy tr\u00ecnh s\u1ea3n xu\u1ea5t chu\u1ea9n m\u1ef1c, s\u1ea3n ph\u1ea9m mang l\u1ea1i s\u1ef1 an t\u00e2m v\u00e0 tin c\u1eady tuy\u1ec7t \u0111\u1ed1i. M\u1ed9t chai d\u1ea7u tinh khi\u1ebft, g\u1ecdn g\u00e0ng, gi\u00e0u gi\u00e1 tr\u1ecb dinh d\u01b0\u1ee1ng, hi\u1ec7n \u0111ang \u0111\u01b0\u1ee3c b\u00e1n t\u1ea1i <em><strong>Havamall<\/strong><\/em>.<\/p>","protected":false},"excerpt":{"rendered":"<h3>\u0110\u1eccC K\u1ef8 ~ Ch\u00ednh s\u00e1ch giao h\u00e0ng t\u1ea1i Havamall<\/h3>\n<h4><b>1. Giao h\u00e0ng t\u1ea1i TP.HCM<\/b><\/h4>\n<ul>\n<li><b>\u0110\u1ed3 \u0111\u00f4ng l\u1ea1nh v\u00e0 tr\u00e1i c\u00e2y (B\u1eaft Bu\u1ed9c H\u1ecfa t\u1ed1c):<\/b>\n<ul>\n<li>Ph\u00ed\u00a0<strong><em>ship d\u01b0\u1edbi 5km<\/em><\/strong>\u00a0l\u00e0\u00a0<b>30.000\u20ab<\/b>.\u00a0<strong><em>Tr\u00ean 5km<\/em><\/strong>, ph\u00ed ship\u00a0<strong><em>t\u00ednh theo app.\u00a0<\/em><\/strong>C\u1eeda h\u00e0ng:\u00a0<strong><em>H\u1ebbm 112, s\u1ed1 114A B\u1ea1ch \u0110\u1eb1ng, P.2, Q. T\u00e2n B\u00ecnh.\u00a0<\/em><\/strong><em>Kh\u00e1ch h\u00e0ng c\u00f3 th\u1ec3 t\u1ef1 ki\u1ec3m tra kho\u1ea3ng c\u00e1ch tr\u01b0\u1edbc khi \u0111\u1eb7t.<\/em><\/li>\n<li><b>Mi\u1ec5n ph\u00ed ship<\/b>\u00a0cho \u0111\u01a1n t\u1eeb 4kg ho\u1eb7c 1.500.000\u20ab.\u00a0<strong><em>RI\u00caNG:<\/em><\/strong>\u00a0H\u1ed7 tr\u1ee3\u00a0<strong><em>t\u1ed1i \u0111a<\/em><\/strong>\u00a0<b>30.000\u20ab<\/b>\u00a0ph\u00ed ship cho \u0111\u01a1n \u0111i c\u00e1c\u00a0<em><strong>khu v\u1ef1c xa nh\u01b0 H\u00f3c M\u00f4n, C\u1ee7 Chi, Qu\u1eadn 9<\/strong><\/em>. Qu\u00fd kh\u00e1ch\u00a0<strong>vui l\u00f2ng chuy\u1ec3n kho\u1ea3n tr\u01b0\u1edbc ti\u1ec1n ship ho\u1eb7c ti\u1ec1n h\u00e0ng.<\/strong><\/li>\n<\/ul>\n<\/li>\n<li><b>\u0110\u1ed3 kh\u00f4 (Giao trong 1-2 ng\u00e0y sau khi \u0111\u01b0\u1ee3c g\u1ecdi x\u00e1c nh\u1eadn \u0111\u01a1n):<\/b>\n<ul>\n<li><b>Mi\u1ec5n ph\u00ed ship<\/b>\u00a0v\u1edbi \u0111\u01a1n\u00a0<em><strong>tr\u00ean 500.000\u20ab.\u00a0<\/strong>C<\/em>\u00e1c \u0111\u01a1n\u00a0<strong><em>d\u01b0\u1edbi 500.000\u20ab<\/em><\/strong>, ph\u00ed ship l\u00e0\u00a0<b>30.000\u20ab<\/b>.\u00a0<strong>Kh\u00f4ng \u00e1p d\u1ee5ng cho \u0111\u01a1n s\u1ec9, \u0111\u01a1n h\u00e0ng tr\u00ean 10kg, \u0111\u1ed3 \u0111\u00f4ng l\u1ea1nh ho\u1eb7c tr\u00e1i c\u00e2y.<\/strong><\/li>\n<\/ul>\n<\/li>\n<\/ul>\n<h4><b>2. Giao h\u00e0ng to\u00e0n qu\u1ed1c ( Ch\u1ec9\u00a0<\/b><b>\u0110\u1ed3 kh\u00f4: nh\u1eadn h\u00e0ng sau 3 \u2013 5 ng\u00e0y)<\/b><\/h4>\n<ul>\n<li><em>*Kh\u00f4ng \u00e1p d\u1ee5ng cho \u0111\u01a1n s\u1ec9, \u0111\u01a1n h\u00e0ng tr\u00ean 10kg*:\u00a0<\/em>Ph\u00ed ship m\u1eb7c \u0111\u1ecbnh\u00a0<b>30.000\u20ab.\u00a0<\/b>\u0110\u01a1n h\u00e0ng\u00a0<strong><em>tr\u00ean 2.000.000\u20ab ch\u1ec9 ch\u1ea5p nh\u1eadn thanh to\u00e1n chuy\u1ec3n kho\u1ea3n.<\/em><\/strong><\/li>\n<\/ul>\n<h4><b>3. L\u01b0u \u00fd chung<\/b><\/h4>\n<ul>\n<li>C\u00e1c m\u1eb7t h\u00e0ng c\u1ed3ng k\u1ec1nh, n\u1eb7ng tr\u00ean 5kg c\u00f3 th\u1ec3 ph\u00e1t sinh ph\u1ee5 ph\u00ed.<\/li>\n<li>M\u1ecdi th\u1eafc m\u1eafc kh\u00e1c vui l\u00f2ng li\u00ean h\u1ec7\u00a0<b>Hotline: 0946229642<\/b>\u00a0\u0111\u1ec3 \u0111\u01b0\u1ee3c h\u1ed7 tr\u1ee3.<\/li>\n<\/ul>","protected":false},"featured_media":42192,"comment_status":"open","ping_status":"closed","template":"","meta":[],"product_brand":[],"product_cat":[154,722],"product_tag":[],"class_list":{"0":"post-42191","1":"product","2":"type-product","3":"status-publish","4":"has-post-thumbnail","6":"product_cat-gia-vi","7":"product_cat-nhap-khau-nhat-ban","9":"first","10":"instock","11":"sale","12":"shipping-taxable","13":"purchasable","14":"product-type-simple"},"_links":{"self":[{"href":"https:\/\/havamall.com\/en\/wp-json\/wp\/v2\/product\/42191","targetHints":{"allow":["GET"]}}],"collection":[{"href":"https:\/\/havamall.com\/en\/wp-json\/wp\/v2\/product"}],"about":[{"href":"https:\/\/havamall.com\/en\/wp-json\/wp\/v2\/types\/product"}],"replies":[{"embeddable":true,"href":"https:\/\/havamall.com\/en\/wp-json\/wp\/v2\/comments?post=42191"}],"version-history":[{"count":0,"href":"https:\/\/havamall.com\/en\/wp-json\/wp\/v2\/product\/42191\/revisions"}],"wp:featuredmedia":[{"embeddable":true,"href":"https:\/\/havamall.com\/en\/wp-json\/wp\/v2\/media\/42192"}],"wp:attachment":[{"href":"https:\/\/havamall.com\/en\/wp-json\/wp\/v2\/media?parent=42191"}],"wp:term":[{"taxonomy":"product_brand","embeddable":true,"href":"https:\/\/havamall.com\/en\/wp-json\/wp\/v2\/product_brand?post=42191"},{"taxonomy":"product_cat","embeddable":true,"href":"https:\/\/havamall.com\/en\/wp-json\/wp\/v2\/product_cat?post=42191"},{"taxonomy":"product_tag","embeddable":true,"href":"https:\/\/havamall.com\/en\/wp-json\/wp\/v2\/product_tag?post=42191"}],"curies":[{"name":"wp","href":"https:\/\/api.w.org\/{rel}","templated":true}]}}