{"id":42215,"date":"2025-09-22T15:13:03","date_gmt":"2025-09-22T08:13:03","guid":{"rendered":"https:\/\/havamall.com\/?post_type=product&#038;p=42215"},"modified":"2025-09-22T15:13:04","modified_gmt":"2025-09-22T08:13:04","slug":"bo-lat-nhap-khau-new-zealand-zelachi-250g-zelachi-unsalted-butter","status":"publish","type":"product","link":"https:\/\/havamall.com\/en\/shop\/bo-lat-nhap-khau-new-zealand-zelachi-250g-zelachi-unsalted-butter\/","title":{"rendered":"B\u01a1 L\u1ea1t Nh\u1eadp Kh\u1ea9u New Zealand Zelachi 250g \u2013 Zelachi Unsalted Butter"},"content":{"rendered":"<blockquote>\n<h2><em><strong>TH\u00d4NG TIN CHUNG<\/strong><\/em><\/h2>\n<\/blockquote>\n<table style=\"width: 72.2842%;height: 243px\">\n<tbody>\n<tr>\n<td><b>Th\u01b0\u01a1ng hi\u1ec7u<\/b><\/td>\n<td>Zelachi Bottega<\/td>\n<\/tr>\n<tr>\n<td><b>Xu\u1ea5t x\u1ee9<\/b><\/td>\n<td>Vi\u1ec7t Nam (nguy\u00ean li\u1ec7u nh\u1eadp kh\u1ea9u t\u1eeb New Zealand)<\/td>\n<\/tr>\n<tr>\n<td><b>Th\u00e0nh ph\u1ea7n<\/b><\/td>\n<td>B\u01a1 l\u1ea1t (kem s\u1eefa t\u01b0\u01a1i)<\/td>\n<\/tr>\n<tr>\n<td><b>H\u1ea1n s\u1eed d\u1ee5ng<\/b><\/td>\n<td>Xem tr\u1ef1c ti\u1ebfp tr\u00ean bao b\u00ec<\/td>\n<\/tr>\n<tr>\n<td><b>B\u1ea3o qu\u1ea3n<\/b><\/td>\n<td>B\u1ea3o qu\u1ea3n \u0111\u00f4ng l\u1ea1nh (d\u01b0\u1edbi -18\u00b0C)<\/td>\n<\/tr>\n<tr>\n<td><b>Kh\u1ed1i l\u01b0\u1ee3ng<\/b><\/td>\n<td>250g<\/td>\n<\/tr>\n<\/tbody>\n<\/table>\n<p data-start=\"713\" data-end=\"1051\">Kh\u1ed1i b\u01a1 c\u00f3 m\u00e0u v\u00e0ng nh\u1ea1t \u00f3ng \u1ea3, b\u1ec1 m\u1eb7t m\u1ecbn m\u01b0\u1ee3t, ch\u1eafc \u0111\u1eb7c m\u00e0 kh\u00f4ng b\u1ecb r\u1ed7 hay l\u1ed7 kh\u00ed, c\u1ea7m tay c\u1ea3m nh\u1eadn \u0111\u01b0\u1ee3c s\u1ef1 d\u1ebbo dai v\u1eeba ph\u1ea3i, d\u1ec5 d\u00e0ng c\u1eaft th\u00e0nh t\u1eebng l\u00e1t hay chia nh\u1ecf theo nhu c\u1ea7u. Khi \u0111\u1ec3 \u1edf nhi\u1ec7t \u0111\u1ed9 ph\u00f2ng, b\u01a1 m\u1ec1m ra nhanh ch\u00f3ng nh\u01b0ng v\u1eabn gi\u1eef nguy\u00ean c\u1ea5u tr\u00fac m\u1ecbn m\u00e0ng, gi\u00fap d\u1ec5 ph\u1ebft l\u00ean b\u00e1nh m\u00ec ho\u1eb7c \u0111\u00e1nh b\u00f4ng c\u00f9ng \u0111\u01b0\u1eddng \u0111\u1ec3 l\u00e0m c\u1ed1t b\u00e1nh.<\/p>\n<p data-start=\"713\" data-end=\"1051\"><img fetchpriority=\"high\" decoding=\"async\" class=\"aligncenter  wp-image-42220\" src=\"https:\/\/havamall.com\/wp-content\/uploads\/2025\/09\/dinh-nghia-bo-lat-la-gi.webp\" alt=\"\" width=\"801\" height=\"494\" srcset=\"https:\/\/havamall.com\/wp-content\/uploads\/2025\/09\/dinh-nghia-bo-lat-la-gi.webp 1600w, https:\/\/havamall.com\/wp-content\/uploads\/2025\/09\/dinh-nghia-bo-lat-la-gi-300x185.webp 300w, https:\/\/havamall.com\/wp-content\/uploads\/2025\/09\/dinh-nghia-bo-lat-la-gi-18x12.webp 18w, https:\/\/havamall.com\/wp-content\/uploads\/2025\/09\/dinh-nghia-bo-lat-la-gi-600x370.webp 600w, https:\/\/havamall.com\/wp-content\/uploads\/2025\/09\/dinh-nghia-bo-lat-la-gi-1200x740.webp 1200w, https:\/\/havamall.com\/wp-content\/uploads\/2025\/09\/dinh-nghia-bo-lat-la-gi-150x93.webp 150w\" sizes=\"(max-width: 801px) 100vw, 801px\" \/><\/p>\n<p data-start=\"1053\" data-end=\"1465\">Nguy\u00ean li\u1ec7u s\u1eefa b\u00f2 t\u01b0\u01a1i \u0111\u01b0\u1ee3c nh\u1eadp kh\u1ea9u tr\u1ef1c ti\u1ebfp t\u1eeb New Zealand \u2013 v\u00f9ng \u0111\u1ea5t n\u1ed5i ti\u1ebfng to\u00e0n c\u1ea7u v\u1edbi \u0111\u1ed3ng c\u1ecf xanh m\u00e1t, kh\u00ed h\u1eadu trong l\u00e0nh v\u00e0 ngu\u1ed3n b\u00f2 s\u1eefa ch\u1ea5t l\u01b0\u1ee3ng cao, t\u1ea1o n\u00ean ph\u1ea7n b\u01a1 tinh khi\u1ebft, gi\u00e0u h\u01b0\u01a1ng v\u1ecb v\u00e0 h\u1ea1n ch\u1ebf t\u1ed1i \u0111a t\u1ea1p ch\u1ea5t. B\u01a1 l\u1ea1t kh\u00f4ng ch\u1ee9a mu\u1ed1i n\u00ean gi\u1eef nguy\u00ean \u0111\u01b0\u1ee3c h\u01b0\u01a1ng v\u1ecb ng\u1ecdt d\u1ecbu t\u1ef1 nhi\u00ean c\u1ee7a s\u1eefa, \u0111\u1ed3ng th\u1eddi cho ph\u00e9p \u0111\u1ea7u b\u1ebfp ho\u1eb7c ng\u01b0\u1eddi l\u00e0m b\u00e1nh d\u1ec5 d\u00e0ng \u0111i\u1ec1u ch\u1ec9nh gia v\u1ecb t\u00f9y m\u1ee5c \u0111\u00edch s\u1eed d\u1ee5ng.<\/p>\n<p data-start=\"1053\" data-end=\"1465\"><img decoding=\"async\" class=\"aligncenter  wp-image-42221\" src=\"https:\/\/havamall.com\/wp-content\/uploads\/2025\/09\/bo-lat-la-gi.webp\" alt=\"\" width=\"801\" height=\"535\" srcset=\"https:\/\/havamall.com\/wp-content\/uploads\/2025\/09\/bo-lat-la-gi.webp 2000w, https:\/\/havamall.com\/wp-content\/uploads\/2025\/09\/bo-lat-la-gi-300x200.webp 300w, https:\/\/havamall.com\/wp-content\/uploads\/2025\/09\/bo-lat-la-gi-18x12.webp 18w, https:\/\/havamall.com\/wp-content\/uploads\/2025\/09\/bo-lat-la-gi-600x401.webp 600w, https:\/\/havamall.com\/wp-content\/uploads\/2025\/09\/bo-lat-la-gi-1200x801.webp 1200w, https:\/\/havamall.com\/wp-content\/uploads\/2025\/09\/bo-lat-la-gi-150x100.webp 150w\" sizes=\"(max-width: 801px) 100vw, 801px\" \/><\/p>\n<p data-start=\"1467\" data-end=\"1872\">Khi n\u1ea5u \u0103n, b\u01a1 tan ch\u1ea3y nhanh ch\u00f3ng, t\u1ea1o l\u1edbp ch\u1ea5t l\u1ecfng v\u00e0ng \u00f3ng \u00e1nh, t\u1ecfa h\u01b0\u01a1ng th\u01a1m s\u1eefa b\u00e9o nh\u1eb9 nh\u00e0ng lan t\u1ecfa kh\u1eafp kh\u00f4ng gian b\u1ebfp, khi\u1ebfn m\u00f3n \u0103n th\u00eam ph\u1ea7n h\u1ea5p d\u1eabn. V\u1edbi k\u1ebft c\u1ea5u m\u01b0\u1ee3t m\u00e0, b\u01a1 d\u1ec5 h\u00f2a quy\u1ec7n v\u00e0o b\u1ed9t b\u00e1nh, kem ho\u1eb7c s\u1ed1t, gi\u00fap th\u00e0nh ph\u1ea9m c\u00f3 \u0111\u1ed9 b\u00f4ng x\u1ed1p v\u00e0 h\u01b0\u01a1ng v\u1ecb tr\u00f2n \u0111\u1ea7y. Trong c\u00e1c m\u00f3n chi\u00ean, x\u00e0o, b\u01a1 l\u1ea1t mang l\u1ea1i m\u00e0u s\u1eafc b\u1eaft m\u1eaft c\u00f9ng m\u00f9i th\u01a1m d\u1ecbu, kh\u00f4ng qu\u00e1 g\u1eaft, l\u00e0m n\u1ed5i b\u1eadt nguy\u00ean li\u1ec7u ch\u00ednh.<\/p>\n<p data-start=\"1467\" data-end=\"1872\"><img decoding=\"async\" class=\"aligncenter  wp-image-42222\" src=\"https:\/\/havamall.com\/wp-content\/uploads\/2025\/09\/image589-768x768-1.jpg\" alt=\"\" width=\"801\" height=\"801\" srcset=\"https:\/\/havamall.com\/wp-content\/uploads\/2025\/09\/image589-768x768-1.jpg 768w, https:\/\/havamall.com\/wp-content\/uploads\/2025\/09\/image589-768x768-1-300x300.jpg 300w, https:\/\/havamall.com\/wp-content\/uploads\/2025\/09\/image589-768x768-1-150x150.jpg 150w, https:\/\/havamall.com\/wp-content\/uploads\/2025\/09\/image589-768x768-1-12x12.jpg 12w, https:\/\/havamall.com\/wp-content\/uploads\/2025\/09\/image589-768x768-1-600x600.jpg 600w\" sizes=\"(max-width: 801px) 100vw, 801px\" \/><\/p>\n<p data-start=\"1874\" data-end=\"2315\">\u0110i\u1ec3m \u0111\u1eb7c bi\u1ec7t c\u1ee7a Zelachi Unsalted Butter c\u00f2n n\u1eb1m \u1edf s\u1ef1 \u0111a d\u1ee5ng, t\u1eeb nh\u1eefng chi\u1ebfc b\u00e1nh cookies gi\u00f2n tan, b\u00e1nh b\u00f4ng lan m\u1ec1m m\u1ecbn cho \u0111\u1ebfn c\u00e1c lo\u1ea1i b\u00e1nh m\u00ec ng\u1ecdt, m\u1eb7n, l\u1edbp kem trang tr\u00ed hay th\u1eadm ch\u00ed d\u00f9ng trong c\u00e1c m\u00f3n \u00c2u nh\u01b0 m\u00ec \u00dd, beefsteak, s\u1ed1t b\u01a1 chanh, t\u1ea5t c\u1ea3 \u0111\u1ec1u tr\u1edf n\u00ean ho\u00e0n h\u1ea3o h\u01a1n khi c\u00f3 s\u1ef1 g\u00f3p m\u1eb7t c\u1ee7a b\u01a1 l\u1ea1t. S\u1ef1 tinh khi\u1ebft v\u00e0 thu\u1ea7n khi\u1ebft c\u1ee7a nguy\u00ean li\u1ec7u gi\u00fap m\u00f3n \u0103n kh\u00f4ng ch\u1ec9 ngon mi\u1ec7ng m\u00e0 c\u00f2n gi\u1eef \u0111\u01b0\u1ee3c s\u1ef1 an to\u00e0n v\u00e0 y\u00ean t\u00e2m khi ch\u1ebf bi\u1ebfn.<\/p>\n<p data-start=\"1874\" data-end=\"2315\"><img loading=\"lazy\" decoding=\"async\" class=\"aligncenter  wp-image-42223\" src=\"https:\/\/havamall.com\/wp-content\/uploads\/2025\/09\/dish-meal-food-produce-breakfast-baking-761430-pxhere.com_-scaled.jpg\" alt=\"\" width=\"801\" height=\"534\" srcset=\"https:\/\/havamall.com\/wp-content\/uploads\/2025\/09\/dish-meal-food-produce-breakfast-baking-761430-pxhere.com_-scaled.jpg 2560w, https:\/\/havamall.com\/wp-content\/uploads\/2025\/09\/dish-meal-food-produce-breakfast-baking-761430-pxhere.com_-300x200.jpg 300w, https:\/\/havamall.com\/wp-content\/uploads\/2025\/09\/dish-meal-food-produce-breakfast-baking-761430-pxhere.com_-18x12.jpg 18w, https:\/\/havamall.com\/wp-content\/uploads\/2025\/09\/dish-meal-food-produce-breakfast-baking-761430-pxhere.com_-600x400.jpg 600w, https:\/\/havamall.com\/wp-content\/uploads\/2025\/09\/dish-meal-food-produce-breakfast-baking-761430-pxhere.com_-1200x801.jpg 1200w, https:\/\/havamall.com\/wp-content\/uploads\/2025\/09\/dish-meal-food-produce-breakfast-baking-761430-pxhere.com_-150x100.jpg 150w\" sizes=\"(max-width: 801px) 100vw, 801px\" \/><\/p>\n<p data-start=\"2317\" data-end=\"2659\">Bao b\u00ec s\u1ea3n ph\u1ea9m \u0111\u01b0\u1ee3c thi\u1ebft k\u1ebf sang tr\u1ecdng v\u1edbi t\u00f4ng v\u00e0ng kem k\u1ebft h\u1ee3p tr\u1eafng tinh t\u1ebf, th\u1ec3 hi\u1ec7n s\u1ef1 cao c\u1ea5p v\u00e0 s\u1ea1ch s\u1ebd, \u0111\u1ed3ng th\u1eddi c\u00f3 ghi r\u00f5 ch\u1ee9ng nh\u1eadn an to\u00e0n th\u1ef1c ph\u1ea9m qu\u1ed1c t\u1ebf ISO 22000, t\u1ea1o th\u00eam s\u1ef1 tin t\u01b0\u1edfng cho ng\u01b0\u1eddi ti\u00eau d\u00f9ng. Quy c\u00e1ch \u0111\u00f3ng g\u00f3i vu\u00f4ng v\u1ee9c, g\u1ecdn g\u00e0ng gi\u00fap d\u1ec5 d\u00e0ng b\u1ea3o qu\u1ea3n trong t\u1ee7 l\u1ea1nh v\u00e0 ti\u1ec7n l\u1ee3i cho vi\u1ec7c c\u1eaft nh\u1ecf khi s\u1eed d\u1ee5ng.<\/p>\n<p data-start=\"2317\" data-end=\"2659\"><img loading=\"lazy\" decoding=\"async\" class=\"aligncenter  wp-image-42219\" src=\"https:\/\/havamall.com\/wp-content\/uploads\/2025\/09\/image592.jpg\" alt=\"\" width=\"801\" height=\"801\" srcset=\"https:\/\/havamall.com\/wp-content\/uploads\/2025\/09\/image592.jpg 900w, https:\/\/havamall.com\/wp-content\/uploads\/2025\/09\/image592-300x300.jpg 300w, https:\/\/havamall.com\/wp-content\/uploads\/2025\/09\/image592-150x150.jpg 150w, https:\/\/havamall.com\/wp-content\/uploads\/2025\/09\/image592-12x12.jpg 12w, https:\/\/havamall.com\/wp-content\/uploads\/2025\/09\/image592-600x600.jpg 600w\" sizes=\"(max-width: 801px) 100vw, 801px\" \/><\/p>\n<p data-start=\"2661\" data-end=\"2900\">B\u01a1 L\u1ea1t Nh\u1eadp Kh\u1ea9u New Zealand Zelachi \u2013 Zelachi Unsalted Butter kh\u00f4ng ch\u1ec9 l\u00e0 nguy\u00ean li\u1ec7u l\u00e0m b\u00e1nh quen thu\u1ed9c m\u00e0 c\u00f2n l\u00e0 \u0111i\u1ec3m nh\u1ea5n \u0111\u1ec3 n\u00e2ng t\u1ea7m h\u01b0\u01a1ng v\u1ecb cho nhi\u1ec1u m\u00f3n \u0103n, mang l\u1ea1i tr\u1ea3i nghi\u1ec7m \u1ea9m th\u1ef1c tinh t\u1ebf, hi\u1ec7n \u0111ang \u0111\u01b0\u1ee3c b\u00e1n t\u1ea1i Havamall.<\/p>","protected":false},"excerpt":{"rendered":"<p><b>L\u01afU \u00dd QUAN TR\u1eccNG V\u1ec0 GIAO H\u00c0NG<\/b><\/p>\n<ul>\n<li>\u0110\u1ec3 \u0111\u1ea3m b\u1ea3o ch\u1ea5t l\u01b0\u1ee3ng, c\u00e1c s\u1ea3n ph\u1ea9m tr\u00e1i c\u00e2y \u0111\u00f4ng l\u1ea1nh v\u00e0 \u0111\u1ed3 \u0111\u00f4ng l\u1ea1i\u00a0<b>ch\u1ec9 \u0111\u01b0\u1ee3c giao h\u1ecfa t\u1ed1c<\/b>\u00a0trong khu v\u1ef1c\u00a0<strong>TP.HCM<\/strong>.<\/li>\n<li><b>Ph\u00ed ship:<\/b>\n<ul>\n<li>D\u01b0\u1edbi 5km: 30.000\u20ab<\/li>\n<li>Tr\u00ean 5km: Ph\u00ed giao h\u00e0ng s\u1ebd t\u00ednh theo gi\u00e1 c\u1ee7a \u1ee9ng d\u1ee5ng d\u1ecbch v\u1ee5 v\u1eadn chuy\u1ec3n.<\/li>\n<\/ul>\n<\/li>\n<li><b>\u0110\u1ecba ch\u1ec9 c\u1eeda h\u00e0ng:<\/b>\u00a0H\u1ebbm 112, s\u1ed1 114A B\u1ea1ch \u0110\u1eb1ng, Ph\u01b0\u1eddng 2, Qu\u1eadn T\u00e2n B\u00ecnh. B\u1ea1n c\u00f3 th\u1ec3 ki\u1ec3m tra kho\u1ea3ng c\u00e1ch tr\u01b0\u1edbc khi \u0111\u1eb7t h\u00e0ng.<\/li>\n<li><b>Mi\u1ec5n ph\u00ed giao h\u00e0ng:<\/b>\u00a0\u00c1p d\u1ee5ng cho \u0111\u01a1n h\u00e0ng tr\u00e1i c\u00e2y \u0111\u00f4ng l\u1ea1nh t\u1eeb 4kg ho\u1eb7c c\u00f3 gi\u00e1 tr\u1ecb t\u1eeb 1.500.000\u20ab.<\/li>\n<\/ul>","protected":false},"featured_media":42216,"comment_status":"open","ping_status":"closed","template":"","meta":[],"product_brand":[],"product_cat":[708,730],"product_tag":[],"class_list":{"0":"post-42215","1":"product","2":"type-product","3":"status-publish","4":"has-post-thumbnail","6":"product_cat-bo-sua-pho-mai","7":"product_cat-cac-nuoc-khac","9":"first","10":"instock","11":"sale","12":"shipping-taxable","13":"purchasable","14":"product-type-simple"},"_links":{"self":[{"href":"https:\/\/havamall.com\/en\/wp-json\/wp\/v2\/product\/42215","targetHints":{"allow":["GET"]}}],"collection":[{"href":"https:\/\/havamall.com\/en\/wp-json\/wp\/v2\/product"}],"about":[{"href":"https:\/\/havamall.com\/en\/wp-json\/wp\/v2\/types\/product"}],"replies":[{"embeddable":true,"href":"https:\/\/havamall.com\/en\/wp-json\/wp\/v2\/comments?post=42215"}],"version-history":[{"count":0,"href":"https:\/\/havamall.com\/en\/wp-json\/wp\/v2\/product\/42215\/revisions"}],"wp:featuredmedia":[{"embeddable":true,"href":"https:\/\/havamall.com\/en\/wp-json\/wp\/v2\/media\/42216"}],"wp:attachment":[{"href":"https:\/\/havamall.com\/en\/wp-json\/wp\/v2\/media?parent=42215"}],"wp:term":[{"taxonomy":"product_brand","embeddable":true,"href":"https:\/\/havamall.com\/en\/wp-json\/wp\/v2\/product_brand?post=42215"},{"taxonomy":"product_cat","embeddable":true,"href":"https:\/\/havamall.com\/en\/wp-json\/wp\/v2\/product_cat?post=42215"},{"taxonomy":"product_tag","embeddable":true,"href":"https:\/\/havamall.com\/en\/wp-json\/wp\/v2\/product_tag?post=42215"}],"curies":[{"name":"wp","href":"https:\/\/api.w.org\/{rel}","templated":true}]}}