{"id":42284,"date":"2025-09-26T11:52:23","date_gmt":"2025-09-26T04:52:23","guid":{"rendered":"https:\/\/havamall.com\/?post_type=product&#038;p=42284"},"modified":"2025-12-17T09:39:37","modified_gmt":"2025-12-17T02:39:37","slug":"sot-muc-den-nguyen-chat-nhap-khau-y-casa-rinaldi-180g-casa-rinaldi-nero-di-seppia","status":"publish","type":"product","link":"https:\/\/havamall.com\/en\/shop\/sot-muc-den-nguyen-chat-nhap-khau-y-casa-rinaldi-180g-casa-rinaldi-nero-di-seppia\/","title":{"rendered":"S\u1ed1t M\u1ef1c \u0110en Nguy\u00ean Ch\u1ea5t Nh\u1eadp Kh\u1ea9u \u00dd Casa Rinaldi 180g \u2013 Casa Rinaldi Nero di Seppia"},"content":{"rendered":"<blockquote>\n<h2><em><strong>TH\u00d4NG TIN CHUNG<\/strong><\/em><\/h2>\n<\/blockquote>\n<table style=\"width: 70.1248%; height: 167px;\">\n<tbody>\n<tr>\n<td style=\"width: 18.2773%;\"><b>Th\u01b0\u01a1ng hi\u1ec7u<\/b><\/td>\n<td style=\"width: 80.8824%;\">Casa Rinaldi<\/td>\n<\/tr>\n<tr>\n<td style=\"width: 18.2773%;\"><b>Xu\u1ea5t x\u1ee9<\/b><\/td>\n<td style=\"width: 80.8824%;\">\u00dd<\/td>\n<\/tr>\n<tr>\n<td style=\"width: 18.2773%;\"><b>Th\u00e0nh ph\u1ea7n<\/b><\/td>\n<td style=\"width: 80.8824%;\">Xem tr\u1ef1c ti\u1ebfp tr\u00ean bao b\u00ec<\/td>\n<\/tr>\n<tr>\n<td style=\"width: 18.2773%;\"><b>H\u1ea1n s\u1eed d\u1ee5ng<\/b><\/td>\n<td style=\"width: 80.8824%;\">Xem tr\u1ef1c ti\u1ebfp tr\u00ean bao b\u00ec<\/td>\n<\/tr>\n<tr>\n<td style=\"width: 18.2773%;\"><b>B\u1ea3o qu\u1ea3n<\/b><\/td>\n<td style=\"width: 80.8824%;\">N\u01a1i kh\u00f4 r\u00e1o, tho\u00e1ng m\u00e1t. <b>Sau khi m\u1edf n\u1eafp, c\u1ea7n b\u1ea3o qu\u1ea3n l\u1ea1nh.<\/b><\/td>\n<\/tr>\n<tr>\n<td style=\"width: 18.2773%;\"><b>Kh\u1ed1i l\u01b0\u1ee3ng<\/b><\/td>\n<td style=\"width: 80.8824%;\">180g<\/td>\n<\/tr>\n<\/tbody>\n<\/table>\n<p data-start=\"376\" data-end=\"935\">\u1ea8m th\u1ef1c \u00dd t\u1eeb l\u00e2u \u0111\u00e3 n\u1ed5i ti\u1ebfng v\u1edbi kh\u1ea3 n\u0103ng bi\u1ebfn nh\u1eefng nguy\u00ean li\u1ec7u t\u01b0\u1edfng ch\u1eebng r\u1ea5t \u0111\u01a1n gi\u1ea3n th\u00e0nh nh\u1eefng m\u00f3n \u0103n mang chi\u1ec1u s\u00e2u h\u01b0\u01a1ng v\u1ecb \u0111\u1eb7c bi\u1ec7t, trong \u0111\u00f3 c\u00f3 m\u1ed9t th\u00e0nh ph\u1ea7n \u0111\u01b0\u1ee3c xem nh\u01b0 b\u00ed m\u1eadt \u1ea9n gi\u1ea5u c\u1ee7a bi\u1ec3n kh\u01a1i, g\u00f3p ph\u1ea7n t\u1ea1o n\u00ean m\u00e0u s\u1eafc v\u00e0 h\u01b0\u01a1ng v\u1ecb kh\u00f3 qu\u00ean trong nhi\u1ec1u m\u00f3n \u0103n truy\u1ec1n th\u1ed1ng, \u0111\u00f3 ch\u00ednh l\u00e0 m\u1ef1c v\u00e0 ph\u1ea7n m\u1ef1c \u0111\u01b0\u1ee3c khai th\u00e1c kh\u00f4ng ch\u1ec9 \u0111\u1ec3 l\u1ea5y th\u1ecbt m\u00e0 c\u00f2n \u0111\u1ec3 t\u1eadn d\u1ee5ng d\u00f2ng m\u1ef1c \u0111en \u00f3ng \u00e1nh, th\u1ee9 v\u1ed1n \u0111\u01b0\u1ee3c c\u00e1c \u0111\u1ea7u b\u1ebfp coi nh\u01b0 v\u00e0ng \u0111en trong \u1ea9m th\u1ef1c, b\u1edfi ch\u1ec9 c\u1ea7n m\u1ed9t l\u01b0\u1ee3ng nh\u1ecf c\u0169ng \u0111\u1ee7 l\u00e0m thay \u0111\u1ed5i c\u1ea3 m\u00e0u s\u1eafc, m\u00f9i v\u1ecb v\u00e0 c\u1ea3m gi\u00e1c th\u01b0\u1edfng th\u1ee9c c\u1ee7a m\u00f3n \u0103n.<\/p>\n<p data-start=\"376\" data-end=\"935\"><img fetchpriority=\"high\" decoding=\"async\" class=\"aligncenter wp-image-42286\" src=\"https:\/\/havamall.com\/wp-content\/uploads\/2025\/09\/chipirones_con_arroz-scaled.jpg\" alt=\"\" width=\"800\" height=\"579\" srcset=\"https:\/\/havamall.com\/wp-content\/uploads\/2025\/09\/chipirones_con_arroz-scaled.jpg 2560w, https:\/\/havamall.com\/wp-content\/uploads\/2025\/09\/chipirones_con_arroz-300x217.jpg 300w, https:\/\/havamall.com\/wp-content\/uploads\/2025\/09\/chipirones_con_arroz-18x12.jpg 18w, https:\/\/havamall.com\/wp-content\/uploads\/2025\/09\/chipirones_con_arroz-600x434.jpg 600w, https:\/\/havamall.com\/wp-content\/uploads\/2025\/09\/chipirones_con_arroz-1200x868.jpg 1200w, https:\/\/havamall.com\/wp-content\/uploads\/2025\/09\/chipirones_con_arroz-150x109.jpg 150w\" sizes=\"(max-width: 800px) 100vw, 800px\" \/><\/p>\n<p data-start=\"937\" data-end=\"1560\"><em><strong>S\u1ed1t m\u1ef1c \u00dd Casa Rinaldi<\/strong><\/em>, hay c\u00f2n g\u1ecdi l\u00e0 <strong><em>Nero di Seppia<\/em><\/strong>, ch\u00ednh l\u00e0 c\u00e1ch m\u00e0 ng\u01b0\u1eddi \u00dd l\u01b0u gi\u1eef v\u00e0 tinh luy\u1ec7n l\u1ea1i ph\u1ea7n tinh t\u00fay t\u1eeb m\u1ef1c \u1ed1ng \u0111\u1ec3 t\u1ea1o th\u00e0nh m\u1ed9t lo\u1ea1i s\u1ed1t <strong><em>c\u00f3 m\u00e0u \u0111en s\u00e2u th\u1eb3m, \u0111\u1ed9 s\u00e1nh m\u1ecbn t\u1ef1 nhi\u00ean<\/em> <\/strong>v\u00e0 h\u01b0\u01a1ng v\u1ecb mang h\u01a1i th\u1edf \u0111\u1eb7c tr\u01b0ng c\u1ee7a bi\u1ec3n, <em><strong>v\u1eeba m\u1eb7n m\u00e0<\/strong><\/em>, <em><strong>v\u1eeba b\u00e9o ng\u1eady<\/strong><\/em>, <em><strong>v\u1eeba ph\u1ea3ng ph\u1ea5t v\u1ecb kho\u00e1ng ch\u1ea5t<\/strong><\/em> kh\u00f3 l\u1eabn, gi\u00fap b\u1ea5t k\u1ef3 m\u00f3n \u0103n n\u00e0o khi k\u1ebft h\u1ee3p c\u0169ng tr\u1edf n\u00ean l\u00f4i cu\u1ed1n v\u00e0 \u0111\u1ea7y t\u00ednh ngh\u1ec7 thu\u1eadt. Khi m\u1edf n\u1eafp h\u0169 s\u1ed1t m\u1ef1c, \u1ea5n t\u01b0\u1ee3ng \u0111\u1ea7u ti\u00ean \u0111\u1ebfn t\u1eeb s\u1eafc \u0111en \u0111\u1eadm \u0111\u1eb7c nh\u01b0 l\u1edbp nhung \u00f3ng \u00e1nh, lan t\u1ecfa \u00e1nh s\u00e1ng d\u01b0\u1edbi b\u1ec1 m\u1eb7t m\u1ecbn m\u00e0ng, m\u1ed9t th\u1ee9 m\u00e0u s\u1eafc m\u00e0 trong v\u0103n h\u00f3a \u1ea9m th\u1ef1c \u00dd t\u1eeb l\u00e2u \u0111\u00e3 \u0111\u01b0\u1ee3c xem nh\u01b0 bi\u1ec3u t\u01b0\u1ee3ng c\u1ee7a s\u1ef1 tinh t\u1ebf v\u00e0 \u0111\u1ea7y b\u00ed \u1ea9n.<\/p>\n<p data-start=\"937\" data-end=\"1560\"><img decoding=\"async\" class=\"aligncenter wp-image-42287\" src=\"https:\/\/havamall.com\/wp-content\/uploads\/2025\/09\/img73243.png\" alt=\"\" width=\"801\" height=\"533\" srcset=\"https:\/\/havamall.com\/wp-content\/uploads\/2025\/09\/img73243.png 4000w, https:\/\/havamall.com\/wp-content\/uploads\/2025\/09\/img73243-300x200.png 300w, https:\/\/havamall.com\/wp-content\/uploads\/2025\/09\/img73243-18x12.png 18w, https:\/\/havamall.com\/wp-content\/uploads\/2025\/09\/img73243-600x399.png 600w, https:\/\/havamall.com\/wp-content\/uploads\/2025\/09\/img73243-1200x798.png 1200w, https:\/\/havamall.com\/wp-content\/uploads\/2025\/09\/img73243-150x100.png 150w\" sizes=\"(max-width: 801px) 100vw, 801px\" \/><\/p>\n<p data-start=\"1562\" data-end=\"2126\">H\u01b0\u01a1ng th\u01a1m c\u1ee7a s\u1ed1t m\u1ef1c kh\u00f4ng qu\u00e1 n\u1ed3ng, nh\u01b0ng l\u1ea1i \u1ea9n ch\u1ee9a s\u1ef1 \u0111\u1eb7c tr\u01b0ng m\u00e0 ai \u0111\u00e3 t\u1eebng n\u1ebfm th\u1eed \u0111\u1ec1u kh\u00f3 qu\u00ean, \u0111\u00f3 l\u00e0 m\u00f9i bi\u1ec3n thoang tho\u1ea3ng, m\u00f9i c\u1ee7a rong r\u00eau, c\u1ee7a gi\u00f3 v\u00e0 mu\u1ed1i, k\u1ebft h\u1ee3p c\u00f9ng v\u1ecb ng\u1ecdt h\u1eadu t\u1ef1 nhi\u00ean t\u1eeb m\u1ef1c t\u01b0\u01a1i, t\u1ea5t c\u1ea3 t\u1ea1o n\u00ean c\u1ea3m gi\u00e1c v\u1eeba m\u1ed9c m\u1ea1c v\u1eeba sang tr\u1ecdng, nh\u01b0 \u0111\u01b0a th\u1ef1c kh\u00e1ch b\u01b0\u1edbc v\u00e0o m\u1ed9t v\u00f9ng bi\u1ec3n \u0110\u1ecba Trung H\u1ea3i ch\u1ec9 qua kh\u1ee9u gi\u00e1c v\u00e0 v\u1ecb gi\u00e1c. Khi ch\u1ea1m v\u00e0o \u0111\u1ea7u l\u01b0\u1ee1i, s\u1ed1t m\u1ef1c \u0111em l\u1ea1i v\u1ecb m\u1eb7n nh\u1eb9 nh\u00e0ng, kh\u00f4ng g\u1eaft, c\u00f3 chi\u1ec1u s\u00e2u v\u00e0 c\u00f3 s\u1ef1 d\u1ebbo qu\u00e1nh v\u1eeba \u0111\u1ee7 \u0111\u1ec3 h\u00f2a quy\u1ec7n, t\u1ea1o n\u00ean h\u1eadu v\u1ecb k\u00e9o d\u00e0i, t\u1eeb \u0111\u00f3 gi\u00fap m\u00f3n \u0103n \u0111\u01b0\u1ee3c b\u00f9ng n\u1ed5 m\u1ed9t c\u00e1ch t\u1ef1 nhi\u00ean v\u00e0 tr\u1ecdn v\u1eb9n.<\/p>\n<p data-start=\"1562\" data-end=\"2126\"><img decoding=\"async\" class=\"aligncenter wp-image-42288\" src=\"https:\/\/havamall.com\/wp-content\/uploads\/2025\/09\/Black-ink-lingioni.jpg\" alt=\"\" width=\"801\" height=\"801\" srcset=\"https:\/\/havamall.com\/wp-content\/uploads\/2025\/09\/Black-ink-lingioni.jpg 1200w, https:\/\/havamall.com\/wp-content\/uploads\/2025\/09\/Black-ink-lingioni-300x300.jpg 300w, https:\/\/havamall.com\/wp-content\/uploads\/2025\/09\/Black-ink-lingioni-150x150.jpg 150w, https:\/\/havamall.com\/wp-content\/uploads\/2025\/09\/Black-ink-lingioni-12x12.jpg 12w, https:\/\/havamall.com\/wp-content\/uploads\/2025\/09\/Black-ink-lingioni-600x600.jpg 600w\" sizes=\"(max-width: 801px) 100vw, 801px\" \/><\/p>\n<p data-start=\"2128\" data-end=\"2847\">Trong v\u0103n h\u00f3a \u1ea9m th\u1ef1c \u00dd, Nero di Seppia th\u01b0\u1eddng \u0111\u01b0\u1ee3c d\u00f9ng \u0111\u1ec3 l\u00e0m \u0111en c\u00e1c m\u00f3n m\u00ec spaghetti, linguine ho\u1eb7c risotto, mang l\u1ea1i m\u00e0u s\u1eafc \u0111\u1ed9c \u0111\u00e1o v\u00e0 v\u1ecb bi\u1ec3n s\u00e2u \u0111\u1eadm \u0111\u00e0, kh\u00e1c h\u1eb3n so v\u1edbi b\u1ea5t k\u1ef3 lo\u1ea1i s\u1ed1t n\u00e0o kh\u00e1c. M\u1ed9t \u0111\u0129a m\u00ec spaghetti nhu\u1ed9m \u0111en b\u1edfi s\u1ed1t m\u1ef1c, \u0111i\u1ec3m th\u00eam v\u00e0i con t\u00f4m n\u01b0\u1edbng, ch\u00fat m\u1ef1c t\u01b0\u01a1i x\u00e0o v\u00e0 v\u00e0i l\u00e1 parsley xanh m\u01b0\u1edbt, kh\u00f4ng ch\u1ec9 \u0111\u1eb9p m\u1eaft m\u00e0 c\u00f2n mang \u0111\u1ebfn tr\u1ea3i nghi\u1ec7m th\u01b0\u1edfng th\u1ee9c v\u1eeba quen v\u1eeba l\u1ea1, trong \u0111\u00f3 s\u1ee3i m\u00ec tr\u1edf n\u00ean \u0111\u1eadm v\u1ecb, l\u1edbp s\u1ed1t bao quanh m\u1ed7i s\u1ee3i kh\u00f4ng r\u1eddi r\u1ea1c m\u00e0 d\u00ednh ch\u1eb7t, \u0111\u1ec3 m\u1ed7i l\u1ea7n g\u1eafp \u0111\u1ec1u tr\u1ecdn v\u1eb9n c\u1ea3 m\u00e0u s\u1eafc l\u1eabn h\u01b0\u01a1ng v\u1ecb. V\u1edbi risotto, s\u1ed1t m\u1ef1c khi\u1ebfn t\u1eebng h\u1ea1t g\u1ea1o \u00dd tr\u1edf n\u00ean b\u00f3ng b\u1ea9y, d\u1ebbo s\u00e1nh v\u00e0 th\u01a1m ng\u1eady, \u0111em \u0111\u1ebfn c\u1ea3m gi\u00e1c nh\u01b0 c\u1ea3 bi\u1ec3n kh\u01a1i \u0111ang tan ch\u1ea3y trong l\u00f2ng ch\u1ea3o v\u00e0 ch\u1eadm r\u00e3i \u0111i v\u00e0o t\u1eebng mu\u1ed7ng \u0103n.<\/p>\n<p data-start=\"2128\" data-end=\"2847\"><img loading=\"lazy\" decoding=\"async\" class=\"aligncenter wp-image-42289\" src=\"https:\/\/havamall.com\/wp-content\/uploads\/2025\/09\/Squid_0489.jpg\" alt=\"\" width=\"800\" height=\"807\" srcset=\"https:\/\/havamall.com\/wp-content\/uploads\/2025\/09\/Squid_0489.jpg 840w, https:\/\/havamall.com\/wp-content\/uploads\/2025\/09\/Squid_0489-298x300.jpg 298w, https:\/\/havamall.com\/wp-content\/uploads\/2025\/09\/Squid_0489-150x151.jpg 150w, https:\/\/havamall.com\/wp-content\/uploads\/2025\/09\/Squid_0489-12x12.jpg 12w, https:\/\/havamall.com\/wp-content\/uploads\/2025\/09\/Squid_0489-600x605.jpg 600w\" sizes=\"(max-width: 800px) 100vw, 800px\" \/><\/p>\n<p data-start=\"2849\" data-end=\"3284\">Kh\u00f4ng ch\u1ec9 d\u1eebng l\u1ea1i \u1edf pasta hay risotto, s\u1ed1t m\u1ef1c c\u00f2n \u0111\u01b0\u1ee3c d\u00f9ng \u0111\u1ec3 \u01b0\u1edbp h\u1ea3i s\u1ea3n, l\u00e0m n\u01b0\u1edbc s\u1ed1t ch\u1ea5m k\u00e8m c\u00e1 n\u01b0\u1edbng ho\u1eb7c ph\u1ed1i h\u1ee3p c\u00f9ng n\u01b0\u1edbc d\u00f9ng \u0111\u1ec3 t\u1ea1o n\u00ean chi\u1ec1u s\u00e2u v\u1ecb gi\u00e1c cho c\u00e1c m\u00f3n s\u00fap. M\u1ed9t v\u00e0i \u0111\u1ea7u b\u1ebfp s\u00e1ng t\u1ea1o th\u1eadm ch\u00ed c\u00f2n k\u1ebft h\u1ee3p Nero di Seppia v\u1edbi d\u1ea7u \u00f4 liu v\u00e0 chanh, t\u1ea1o th\u00e0nh lo\u1ea1i n\u01b0\u1edbc s\u1ed1t v\u1eeba c\u00f3 m\u00e0u s\u1eafc \u0111\u1ed9c l\u1ea1, v\u1eeba c\u00f3 h\u01b0\u01a1ng v\u1ecb c\u00e2n b\u1eb1ng, d\u00f9ng \u0111\u1ec3 r\u01b0\u1edbi l\u00ean salad h\u1ea3i s\u1ea3n, khi\u1ebfn m\u00f3n \u0103n v\u1ed1n thanh m\u00e1t tr\u1edf n\u00ean n\u1ed5i b\u1eadt v\u00e0 cu\u1ed1n h\u00fat h\u01a1n.<\/p>\n<p data-start=\"3751\" data-end=\"4210\"><img loading=\"lazy\" decoding=\"async\" class=\"aligncenter wp-image-42290\" src=\"https:\/\/havamall.com\/wp-content\/uploads\/2025\/09\/l-intro-1721124407.jpg\" alt=\"\" width=\"800\" height=\"451\" srcset=\"https:\/\/havamall.com\/wp-content\/uploads\/2025\/09\/l-intro-1721124407.jpg 1600w, https:\/\/havamall.com\/wp-content\/uploads\/2025\/09\/l-intro-1721124407-300x169.jpg 300w, https:\/\/havamall.com\/wp-content\/uploads\/2025\/09\/l-intro-1721124407-18x10.jpg 18w, https:\/\/havamall.com\/wp-content\/uploads\/2025\/09\/l-intro-1721124407-600x338.jpg 600w, https:\/\/havamall.com\/wp-content\/uploads\/2025\/09\/l-intro-1721124407-1200x677.jpg 1200w, https:\/\/havamall.com\/wp-content\/uploads\/2025\/09\/l-intro-1721124407-150x85.jpg 150w\" sizes=\"(max-width: 800px) 100vw, 800px\" \/><\/p>\n<p data-start=\"4212\" data-end=\"4704\">C\u00f3 th\u1ec3 n\u00f3i, Nero di Seppia kh\u00f4ng \u0111\u01a1n thu\u1ea7n l\u00e0 m\u1ed9t lo\u1ea1i s\u1ed1t, m\u00e0 l\u00e0 c\u1ea7u n\u1ed1i \u0111\u01b0a th\u1ef1c kh\u00e1ch \u0111\u1ebfn g\u1ea7n h\u01a1n v\u1edbi bi\u1ec3n kh\u01a1i, l\u00e0 d\u1ea5u \u1ea5n \u0111\u1ec3 m\u00f3n \u0103n \u00dd th\u00eam ph\u1ea7n \u0111\u1ed9c \u0111\u00e1o v\u00e0 \u0111\u1eadm ch\u1ea5t ngh\u1ec7 thu\u1eadt, m\u1ed7i gi\u1ecdt s\u1ed1t nh\u01b0 l\u01b0u gi\u1eef k\u00fd \u1ee9c v\u1ec1 nh\u1eefng v\u00f9ng bi\u1ec3n \u0110\u1ecba Trung H\u1ea3i, v\u1ec1 m\u00f9i v\u1ecb m\u1eb7n m\u00f2i c\u1ee7a s\u00f3ng v\u00e0 v\u1ec1 s\u1ef1 tinh t\u1ebf trong t\u1eebng chi ti\u1ebft c\u1ee7a n\u1ec1n \u1ea9m th\u1ef1c l\u00e2u \u0111\u1eddi. V\u00e0 v\u1edbi Casa Rinaldi, s\u1ed1t m\u1ef1c kh\u00f4ng ch\u1ec9 \u0111\u01b0\u1ee3c t\u00e1i hi\u1ec7n \u0111\u00fang ch\u1ea5t, m\u00e0 c\u00f2n tr\u1edf th\u00e0nh bi\u1ec3u t\u01b0\u1ee3ng c\u1ee7a s\u1ef1 ch\u00e2n th\u1ef1c v\u00e0 tr\u1ecdn v\u1eb9n trong t\u1eebng tr\u1ea3i nghi\u1ec7m th\u01b0\u1edfng th\u1ee9c.<\/p>\n<p data-start=\"4706\" data-end=\"4780\">S\u1ed1t m\u1ef1c \u00dd Casa Rinaldi \u2013 Nero di Seppia hi\u1ec7n \u0111ang \u0111\u01b0\u1ee3c b\u00e1n t\u1ea1i Havamall.<\/p>","protected":false},"excerpt":{"rendered":"<h3>\u0110\u1eccC K\u1ef8 ~ Ch\u00ednh s\u00e1ch giao h\u00e0ng t\u1ea1i Havamall<\/h3>\n<h4><b>1. Giao h\u00e0ng t\u1ea1i TP.HCM<\/b><\/h4>\n<ul>\n<li><b>\u0110\u1ed3 \u0111\u00f4ng l\u1ea1nh v\u00e0 tr\u00e1i c\u00e2y (B\u1eaft Bu\u1ed9c H\u1ecfa t\u1ed1c):<\/b>\n<ul>\n<li>Ph\u00ed\u00a0<strong><em>ship d\u01b0\u1edbi 5km<\/em><\/strong>\u00a0l\u00e0\u00a0<b>30.000\u20ab<\/b>.\u00a0<strong><em>Tr\u00ean 5km<\/em><\/strong>, ph\u00ed ship\u00a0<strong><em>t\u00ednh theo app.\u00a0<\/em><\/strong>C\u1eeda h\u00e0ng:\u00a0<strong><em>H\u1ebbm 112, s\u1ed1 114A B\u1ea1ch \u0110\u1eb1ng, P.2, Q. T\u00e2n B\u00ecnh.\u00a0<\/em><\/strong><em>Kh\u00e1ch h\u00e0ng c\u00f3 th\u1ec3 t\u1ef1 ki\u1ec3m tra kho\u1ea3ng c\u00e1ch tr\u01b0\u1edbc khi \u0111\u1eb7t.<\/em><\/li>\n<li><b>Mi\u1ec5n ph\u00ed ship<\/b>\u00a0cho \u0111\u01a1n t\u1eeb 4kg ho\u1eb7c 1.500.000\u20ab.\u00a0<strong><em>RI\u00caNG:<\/em><\/strong>\u00a0H\u1ed7 tr\u1ee3\u00a0<strong><em>t\u1ed1i \u0111a<\/em><\/strong>\u00a0<b>30.000\u20ab<\/b>\u00a0ph\u00ed ship cho \u0111\u01a1n \u0111i c\u00e1c\u00a0<em><strong>khu v\u1ef1c xa nh\u01b0 H\u00f3c M\u00f4n, C\u1ee7 Chi, Qu\u1eadn 9<\/strong><\/em>. Qu\u00fd kh\u00e1ch\u00a0<strong>vui l\u00f2ng chuy\u1ec3n kho\u1ea3n tr\u01b0\u1edbc ti\u1ec1n ship ho\u1eb7c ti\u1ec1n h\u00e0ng.<\/strong><\/li>\n<\/ul>\n<\/li>\n<li><b>\u0110\u1ed3 kh\u00f4 (Giao trong 1-2 ng\u00e0y sau khi \u0111\u01b0\u1ee3c g\u1ecdi x\u00e1c nh\u1eadn \u0111\u01a1n):<\/b>\n<ul>\n<li><b>Mi\u1ec5n ph\u00ed ship<\/b>\u00a0v\u1edbi \u0111\u01a1n\u00a0<em><strong>tr\u00ean 500.000\u20ab.\u00a0<\/strong>C<\/em>\u00e1c \u0111\u01a1n\u00a0<strong><em>d\u01b0\u1edbi 500.000\u20ab<\/em><\/strong>, ph\u00ed ship l\u00e0\u00a0<b>30.000\u20ab<\/b>.\u00a0<strong>Kh\u00f4ng \u00e1p d\u1ee5ng cho \u0111\u01a1n s\u1ec9, \u0111\u01a1n h\u00e0ng tr\u00ean 10kg, \u0111\u1ed3 \u0111\u00f4ng l\u1ea1nh ho\u1eb7c tr\u00e1i c\u00e2y.<\/strong><\/li>\n<\/ul>\n<\/li>\n<\/ul>\n<h4><b>2. Giao h\u00e0ng to\u00e0n qu\u1ed1c ( Ch\u1ec9\u00a0<\/b><b>\u0110\u1ed3 kh\u00f4: nh\u1eadn h\u00e0ng sau 3 \u2013 5 ng\u00e0y)<\/b><\/h4>\n<ul>\n<li><em>*Kh\u00f4ng \u00e1p d\u1ee5ng cho \u0111\u01a1n s\u1ec9, \u0111\u01a1n h\u00e0ng tr\u00ean 10kg*:\u00a0<\/em>Ph\u00ed ship m\u1eb7c \u0111\u1ecbnh\u00a0<b>30.000\u20ab.\u00a0<\/b>\u0110\u01a1n h\u00e0ng\u00a0<strong><em>tr\u00ean 2.000.000\u20ab ch\u1ec9 ch\u1ea5p nh\u1eadn thanh to\u00e1n chuy\u1ec3n kho\u1ea3n.<\/em><\/strong><\/li>\n<\/ul>\n<h4><b>3. L\u01b0u \u00fd chung<\/b><\/h4>\n<ul>\n<li>C\u00e1c m\u1eb7t h\u00e0ng c\u1ed3ng k\u1ec1nh, n\u1eb7ng tr\u00ean 5kg c\u00f3 th\u1ec3 ph\u00e1t sinh ph\u1ee5 ph\u00ed.<\/li>\n<li>M\u1ecdi th\u1eafc m\u1eafc kh\u00e1c vui l\u00f2ng li\u00ean h\u1ec7\u00a0<b>Hotline: 0946229642<\/b>\u00a0\u0111\u1ec3 \u0111\u01b0\u1ee3c h\u1ed7 tr\u1ee3.<\/li>\n<\/ul>","protected":false},"featured_media":42285,"comment_status":"open","ping_status":"closed","template":"","meta":[],"product_brand":[],"product_cat":[154,722,705],"product_tag":[],"class_list":{"0":"post-42284","1":"product","2":"type-product","3":"status-publish","4":"has-post-thumbnail","6":"product_cat-gia-vi","7":"product_cat-nhap-khau-nhat-ban","8":"product_cat-sot-do-hop","10":"first","11":"instock","12":"sale","13":"shipping-taxable","14":"purchasable","15":"product-type-simple"},"_links":{"self":[{"href":"https:\/\/havamall.com\/en\/wp-json\/wp\/v2\/product\/42284","targetHints":{"allow":["GET"]}}],"collection":[{"href":"https:\/\/havamall.com\/en\/wp-json\/wp\/v2\/product"}],"about":[{"href":"https:\/\/havamall.com\/en\/wp-json\/wp\/v2\/types\/product"}],"replies":[{"embeddable":true,"href":"https:\/\/havamall.com\/en\/wp-json\/wp\/v2\/comments?post=42284"}],"version-history":[{"count":0,"href":"https:\/\/havamall.com\/en\/wp-json\/wp\/v2\/product\/42284\/revisions"}],"wp:featuredmedia":[{"embeddable":true,"href":"https:\/\/havamall.com\/en\/wp-json\/wp\/v2\/media\/42285"}],"wp:attachment":[{"href":"https:\/\/havamall.com\/en\/wp-json\/wp\/v2\/media?parent=42284"}],"wp:term":[{"taxonomy":"product_brand","embeddable":true,"href":"https:\/\/havamall.com\/en\/wp-json\/wp\/v2\/product_brand?post=42284"},{"taxonomy":"product_cat","embeddable":true,"href":"https:\/\/havamall.com\/en\/wp-json\/wp\/v2\/product_cat?post=42284"},{"taxonomy":"product_tag","embeddable":true,"href":"https:\/\/havamall.com\/en\/wp-json\/wp\/v2\/product_tag?post=42284"}],"curies":[{"name":"wp","href":"https:\/\/api.w.org\/{rel}","templated":true}]}}