{"id":42333,"date":"2025-09-27T11:03:12","date_gmt":"2025-09-27T04:03:12","guid":{"rendered":"https:\/\/havamall.com\/?post_type=product&#038;p=42333"},"modified":"2025-09-27T11:03:19","modified_gmt":"2025-09-27T04:03:19","slug":"bot-gia-vi-pha-tra-everest-tea-masala-50g-everest-tea-masala-spices","status":"publish","type":"product","link":"https:\/\/havamall.com\/en\/shop\/bot-gia-vi-pha-tra-everest-tea-masala-50g-everest-tea-masala-spices\/","title":{"rendered":"B\u1ed9t Gia V\u1ecb Pha Tr\u00e0 Everest Tea Masala 50g \u2013 Everest Tea Masala Spices"},"content":{"rendered":"<blockquote>\n<h2><em><strong>TH\u00d4NG TIN CHUNG<\/strong><\/em><\/h2>\n<\/blockquote>\n<table style=\"width: 61.5213%;height: 167px\">\n<tbody>\n<tr>\n<td><b>Th\u01b0\u01a1ng hi\u1ec7u<\/b><\/td>\n<td>Everest<\/td>\n<\/tr>\n<tr>\n<td><b>Xu\u1ea5t x\u1ee9<\/b><\/td>\n<td>\u1ea4n \u0110\u1ed9<\/td>\n<\/tr>\n<tr>\n<td><b>Th\u00e0nh ph\u1ea7n<\/b><\/td>\n<td>Xem tr\u1ef1c ti\u1ebfp tr\u00ean bao b\u00ec<\/td>\n<\/tr>\n<tr>\n<td><b>H\u1ea1n s\u1eed d\u1ee5ng<\/b><\/td>\n<td>Xem tr\u1ef1c ti\u1ebfp tr\u00ean bao b\u00ec<\/td>\n<\/tr>\n<tr>\n<td><b>B\u1ea3o qu\u1ea3n<\/b><\/td>\n<td>B\u1ea3o qu\u1ea3n n\u01a1i kh\u00f4 r\u00e1o, tho\u00e1ng m\u00e1t<\/td>\n<\/tr>\n<tr>\n<td><b>Kh\u1ed1i l\u01b0\u1ee3ng<\/b><\/td>\n<td>50g<\/td>\n<\/tr>\n<\/tbody>\n<\/table>\n<p data-start=\"96\" data-end=\"634\">Trong nh\u1eefng ng\u00e0y se l\u1ea1nh hay khi c\u01a1 th\u1ec3 c\u1ea7n ch\u00fat h\u01a1i \u1ea5m, m\u1ed9t c\u1ed1c tr\u00e0 pha c\u00f9ng h\u1ed7n h\u1ee3p gia v\u1ecb \u1ea5m \u00e1p s\u1ebd truy\u1ec1n \u0111\u1ebfn c\u1ea3m gi\u00e1c d\u1ec5 ch\u1ecbu th\u1eadt \u0111\u1eb7c bi\u1ec7t \u2014 s\u1ef1 k\u1ebft h\u1ee3p gi\u1eefa l\u00e1 tr\u00e0 \u0111\u1eadm \u0111\u00e0 v\u00e0 l\u1edbp h\u01b0\u01a1ng cay n\u1ed3ng nh\u1eb9 nh\u00e0ng \u2014 v\u00e0 trong kho t\u00e0ng \u1ea5y, b\u1ed9t gia v\u1ecb tr\u00e0 (Tea Masala) gi\u1eef vai tr\u00f2 nh\u01b0 linh h\u1ed3n c\u1ee7a tr\u1ea3i nghi\u1ec7m \u1ea5y. V\u1edbi h\u1ed7n h\u1ee3p Everest Tea Masala, b\u1ea1n s\u1ebd c\u1ea3m nh\u1eadn \u0111\u01b0\u1ee3c s\u1ef1 pha tr\u1ed9n tinh t\u1ebf gi\u1eefa c\u00e1c lo\u1ea1i gia v\u1ecb truy\u1ec1n th\u1ed1ng \u1ea4n \u0110\u1ed9 \u0111\u1ec3 t\u1ea1o n\u00ean m\u1ed9t th\u1ee9c u\u1ed1ng v\u1eeba quen v\u1eeba m\u1edbi, v\u1eeba gi\u1eef \u0111\u01b0\u1ee3c n\u00e9t v\u0103n ho\u00e1 ph\u01b0\u01a1ng \u0110\u00f4ng, l\u1ea1i d\u1ec5 \u00e1p d\u1ee5ng trong \u0111\u1eddi s\u1ed1ng hi\u1ec7n \u0111\u1ea1i.<\/p>\n<p data-start=\"96\" data-end=\"634\"><img fetchpriority=\"high\" decoding=\"async\" class=\"aligncenter\" src=\"https:\/\/sreesarvepalli.com\/wp-content\/uploads\/Recipes\/chai\/45-closeup-web.jpg\" alt=\"Masala Chai (Indian Spiced Milk Tea) - Scrumptious Science\" width=\"801\" height=\"534\" \/><\/p>\n<p data-start=\"636\" data-end=\"1136\"><em><strong>Everest Tea Masala<\/strong><\/em> l\u00e0 m\u1ed9t lo\u1ea1i h\u1ed7n h\u1ee3p gia v\u1ecb d\u00e0nh cho tr\u00e0 (masala chai), \u0111\u01b0\u1ee3c \u0111i\u1ec1u ch\u1ebf t\u1eeb c\u00e1c lo\u1ea1i gia v\u1ecb nh\u01b0 ti\u00eau \u0111en, g\u1eebng kh\u00f4, qu\u1ebf (cassia), b\u1ea1ch \u0111\u1eadu kh\u1ea5u xanh, l\u00e1 qu\u1ebf, nh\u1ee5c \u0111\u1eadu kh\u1ea5u, \u0111inh h\u01b0\u01a1ng v\u00e0 c\u00e1c h\u1ea1t kh\u1eed m\u00f9i tinh t\u1ebf kh\u00e1c. Trong m\u1ed7i th\u00eca nh\u1ecf h\u1ed7n h\u1ee3p, c\u00f3 th\u1ec3 t\u00ecm th\u1ea5y h\u01b0\u01a1ng cay \u1ea5m c\u1ee7a ti\u00eau, v\u1ecb n\u1ed3ng nh\u1eb9 c\u1ee7a g\u1eebng, s\u1ef1 d\u1ecbu d\u00e0ng t\u1eeb qu\u1ebf v\u00e0 b\u1ea1ch \u0111\u1eadu kh\u1ea5u, t\u1ea5t c\u1ea3 h\u00f2a quy\u1ec7n \u0111\u1ec3 mang \u0111\u1ebfn c\u1ea3m gi\u00e1c \u1ea5m \u00e1p cho ng\u01b0\u1eddi th\u01b0\u1edfng th\u1ee9c.<\/p>\n<p data-start=\"636\" data-end=\"1136\"><img decoding=\"async\" class=\"aligncenter\" src=\"https:\/\/images.squarespace-cdn.com\/content\/v1\/5e985b821377c962da43d181\/861a3883-00ed-47ce-acc0-2a9f210003d6\/chai+spice+mix+recipe+by+kam+sokhi+allergy+chef\" alt=\"Best Chai Spice Recipe: Warm, Aromatic and cosy \u2014 Kam Sokhi - Allergy Chef\" width=\"800\" height=\"534\" \/><\/p>\n<p data-start=\"636\" data-end=\"1136\">Khi pha tr\u00e0, ch\u1ec9 c\u1ea7n th\u00eam m\u1ed9t l\u01b0\u1ee3ng nh\u1ecf Everest Tea Masala v\u00e0o tr\u00e0 \u0111ang \u0111un, gia v\u1ecb lan t\u1ecfa theo h\u01a1i n\u00f3ng, \u0111\u01b0a h\u01a1i cay nh\u1eb9 len l\u1ecfi kh\u1eafp kh\u00f4ng gian, m\u1edf m\u00e0n cho m\u1ed9t tr\u1ea3i nghi\u1ec7m v\u1ecb gi\u00e1c \u0111\u1ea7y tinh t\u1ebf. H\u01b0\u01a1ng cay \u1ea5m kh\u00f4ng \u00e1p \u0111\u1ea3o m\u00e0 ng\u01b0\u1ee3c l\u1ea1i nh\u1eb9 nh\u00e0ng d\u1eabn d\u1eaft, khi tr\u00e0 \u0111\u01b0\u1ee3c th\u00eam s\u1eefa th\u00ec v\u1ecb gia v\u1ecb k\u1ebft h\u1ee3p v\u1edbi v\u1ecb ng\u1ecdt nh\u1eb9, t\u1ea1o n\u00ean s\u1ef1 c\u00e2n b\u1eb1ng tinh t\u1ebf gi\u1eefa cay, ng\u1ecdt v\u00e0 \u1ea5m. V\u00e0 v\u00ec h\u1ed7n h\u1ee3p n\u00e0y thi\u00ean v\u1ec1 c\u00e1c gia v\u1ecb \u201cg\u1eebng \u2013 ti\u00eau\u201d n\u00ean n\u00f3 \u0111\u1eb7c bi\u1ec7t ph\u00f9 h\u1ee3p \u0111\u1ec3 d\u00f9ng trong m\u00f9a l\u1ea1nh, gi\u00fap c\u01a1 th\u1ec3 c\u1ea3m nh\u1eadn s\u1ef1 \u1ea5m t\u1eeb b\u00ean trong.<\/p>\n<p data-start=\"636\" data-end=\"1136\"><img decoding=\"async\" class=\"aligncenter\" src=\"https:\/\/havamall.com\/wp-content\/uploads\/2025\/09\/how-to-make-chai-tea-latte-scaled.jpg\" alt=\"Easy Chai Latte Recipe - Love and Lemons\" width=\"801\" height=\"1201\" \/><\/p>\n<p data-start=\"636\" data-end=\"1136\">Everest Tea Masala c\u00f2n \u0111\u01b0\u1ee3c s\u1eed d\u1ee5ng \u0111\u1ec3 ch\u1ebf bi\u1ebfn \u201cUkala\u201d, m\u1ed9t lo\u1ea1i \u0111\u1ed3 u\u1ed1ng ph\u1ed5 bi\u1ebfn \u1edf \u1ea4n \u0110\u1ed9, pha t\u1eeb s\u1eefa, n\u01b0\u1edbc v\u00e0 ch\u00fat gia v\u1ecb n\u00e0y \u0111\u1ec3 t\u1ea1o n\u00ean th\u1ee9c u\u1ed1ng th\u01a1m \u1ea5m, d\u1ec5 u\u1ed1ng cho nh\u1eefng ai kh\u00f4ng th\u00edch tr\u00e0 nguy\u00ean ch\u1ea5t. C\u00e1ch d\u00f9ng ph\u1ed5 bi\u1ebfn l\u00e0 th\u00eam \u00bd th\u00eca b\u1ed9t gia v\u1ecb v\u00e0o \u1ea5m tr\u00e0 ho\u1eb7c \u1ea5m s\u1eefa khi \u0111un, \u0111\u1ec3 gia v\u1ecb h\u00f2a quy\u1ec7n c\u00f9ng tr\u00e0 v\u00e0 s\u1eefa trong v\u00e0i ph\u00fat \u0111\u1ec3 h\u01b0\u01a1ng v\u1ecb lan t\u1ecfa tr\u1ecdn v\u1eb9n. Ch\u1ebf bi\u1ebfn \u201cUkala\u201d, m\u1ed9t lo\u1ea1i \u0111\u1ed3 u\u1ed1ng ph\u1ed5 bi\u1ebfn \u1edf \u1ea4n \u0110\u1ed9, pha t\u1eeb s\u1eefa, n\u01b0\u1edbc v\u00e0 ch\u00fat gia v\u1ecb n\u00e0y \u0111\u1ec3 t\u1ea1o n\u00ean th\u1ee9c u\u1ed1ng th\u01a1m \u1ea5m, d\u1ec5 u\u1ed1ng cho nh\u1eefng ai kh\u00f4ng th\u00edch tr\u00e0 nguy\u00ean ch\u1ea5t.<\/p>\n<p data-start=\"636\" data-end=\"1136\"><img loading=\"lazy\" decoding=\"async\" class=\"aligncenter\" src=\"https:\/\/indianexpress.com\/wp-content\/uploads\/2023\/08\/3-13.jpg\" alt=\"What is Ukala?\" width=\"800\" height=\"844\" \/><\/p>\n<p data-start=\"636\" data-end=\"1136\">Kh\u00f4ng c\u1ea7n qu\u00e1 nhi\u1ec1u b\u01b0\u1edbc pha ch\u1ebf ph\u1ee9c t\u1ea1p; ch\u1ec9 c\u1ea7n th\u00eam b\u1ed9t gia v\u1ecb khi \u0111un tr\u00e0, \u0111\u1ec3 gia v\u1ecb h\u00f2a tan c\u00f9ng s\u1eefa-n\u01b0\u1edbc v\u00e0 l\u1ecdc l\u1ea5y ph\u1ea7n n\u01b0\u1edbc c\u1ed1t, \u0111\u00e3 c\u00f3 ngay t\u00e1ch tr\u00e0 masala th\u01a1m \u1ea5m trong th\u1eddi gian ng\u1eafn. Ho\u1eb7c d\u00f9ng Everest Tea Masala \u0111\u1ec3 t\u0103ng h\u01b0\u01a1ng v\u1ecb cho c\u00e1c bi\u1ebfn th\u1ec3 tr\u00e0 latte, tr\u00e0 s\u1eefa, th\u1eadm ch\u00ed m\u1ed9t s\u1ed1 m\u00f3n tr\u00e1ng mi\u1ec7ng nh\u01b0 kem tr\u00e0 gia v\u1ecb, b\u00e1nh tr\u00e0 masala \u2014 n\u01a1i l\u1edbp h\u01b0\u01a1ng cay \u1ea5m t\u1ea1o \u0111i\u1ec3m nh\u1ea5n \u0111\u1ed9c \u0111\u00e1o cho m\u00f3n \u0103n ng\u1ecdt.<\/p>\n<p data-start=\"636\" data-end=\"1136\"><img loading=\"lazy\" decoding=\"async\" class=\"aligncenter\" src=\"https:\/\/www.sweetrecipeas.com\/wp-content\/uploads\/2018\/09\/Chai-Spice-Brown-Butter-Carrot-Cake-Slider.jpeg\" alt=\"Chai Spice Brown Butter Carrot Cake\" width=\"801\" height=\"511\" \/><\/p>\n<p data-start=\"636\" data-end=\"1136\">Everest Tea Masala \u2013 lo\u1ea1i b\u1ed9t gia v\u1ecb pha tr\u00e0 \u1ea4n \u0110\u1ed9 v\u1edbi s\u1ef1 h\u00f2a quy\u1ec7n c\u1ee7a ti\u00eau, g\u1eebng, qu\u1ebf, b\u1ea1ch \u0111\u1eadu kh\u1ea5u v\u00e0 c\u00e1c gia v\u1ecb kh\u00e1c \u2013 mang t\u1edbi tr\u1ea3i nghi\u1ec7m tr\u00e0 masala chu\u1ea9n v\u1ecb, \u1ea5m \u00e1p v\u00e0 phong ph\u00fa. S\u1ea3n ph\u1ea9m hi\u1ec7n \u0111ang \u0111\u01b0\u1ee3c b\u00e1n t\u1ea1i Havamall.<\/p>","protected":false},"excerpt":{"rendered":"<h3>\u0110\u1eccC K\u1ef8 ~ Ch\u00ednh s\u00e1ch giao h\u00e0ng t\u1ea1i Havamall<\/h3>\n<h4><b>1. Giao h\u00e0ng t\u1ea1i TP.HCM<\/b><\/h4>\n<ul>\n<li><b>\u0110\u1ed3 kh\u00f4 (Giao trong 1-2 ng\u00e0y sau khi \u0111\u01b0\u1ee3c g\u1ecdi x\u00e1c nh\u1eadn \u0111\u01a1n):<\/b>\n<ul>\n<li><b>Mi\u1ec5n ph\u00ed ship<\/b>\u00a0v\u1edbi \u0111\u01a1n\u00a0<em><strong>tr\u00ean 500.000\u20ab.\u00a0<\/strong>C<\/em>\u00e1c \u0111\u01a1n\u00a0<strong><em>d\u01b0\u1edbi 500.000\u20ab<\/em><\/strong>, ph\u00ed ship l\u00e0\u00a0<b>30.000\u20ab<\/b>.\u00a0<strong>Kh\u00f4ng \u00e1p d\u1ee5ng cho \u0111\u01a1n s\u1ec9, \u0111\u01a1n h\u00e0ng tr\u00ean 10kg, \u0111\u1ed3 \u0111\u00f4ng l\u1ea1nh ho\u1eb7c tr\u00e1i c\u00e2y.<\/strong><\/li>\n<\/ul>\n<\/li>\n<\/ul>\n<h4><b>2. Giao h\u00e0ng to\u00e0n qu\u1ed1c ( Ch\u1ec9\u00a0<\/b><b>\u0110\u1ed3 kh\u00f4: nh\u1eadn h\u00e0ng sau 3 \u2013 5 ng\u00e0y)<\/b><\/h4>\n<ul>\n<li><em>*Kh\u00f4ng \u00e1p d\u1ee5ng cho \u0111\u01a1n s\u1ec9, \u0111\u01a1n h\u00e0ng tr\u00ean 10kg*:\u00a0<\/em>Ph\u00ed ship m\u1eb7c \u0111\u1ecbnh\u00a0<b>30.000\u20ab.\u00a0<\/b>\u0110\u01a1n h\u00e0ng\u00a0<strong><em>tr\u00ean 2.000.000\u20ab ch\u1ec9 ch\u1ea5p nh\u1eadn thanh to\u00e1n chuy\u1ec3n kho\u1ea3n.<\/em><\/strong><\/li>\n<\/ul>\n<h4><b>3. L\u01b0u \u00fd chung<\/b><\/h4>\n<ul>\n<li>C\u00e1c m\u1eb7t h\u00e0ng c\u1ed3ng k\u1ec1nh, n\u1eb7ng tr\u00ean 5kg c\u00f3 th\u1ec3 ph\u00e1t sinh ph\u1ee5 ph\u00ed.<\/li>\n<li>M\u1ecdi th\u1eafc m\u1eafc kh\u00e1c vui l\u00f2ng li\u00ean h\u1ec7\u00a0<b>Hotline: 0946229642<\/b>\u00a0\u0111\u1ec3 \u0111\u01b0\u1ee3c h\u1ed7 tr\u1ee3.<\/li>\n<\/ul>","protected":false},"featured_media":42334,"comment_status":"open","ping_status":"closed","template":"","meta":[],"product_brand":[],"product_cat":[731,135,700],"product_tag":[],"class_list":{"0":"post-42333","1":"product","2":"type-product","3":"status-publish","4":"has-post-thumbnail","6":"product_cat-nhap-khau-an-do","7":"product_cat-sua-do-uong","8":"product_cat-thuc-uong-khong-con","10":"first","11":"instock","12":"sale","13":"shipping-taxable","14":"purchasable","15":"product-type-simple"},"_links":{"self":[{"href":"https:\/\/havamall.com\/en\/wp-json\/wp\/v2\/product\/42333","targetHints":{"allow":["GET"]}}],"collection":[{"href":"https:\/\/havamall.com\/en\/wp-json\/wp\/v2\/product"}],"about":[{"href":"https:\/\/havamall.com\/en\/wp-json\/wp\/v2\/types\/product"}],"replies":[{"embeddable":true,"href":"https:\/\/havamall.com\/en\/wp-json\/wp\/v2\/comments?post=42333"}],"version-history":[{"count":0,"href":"https:\/\/havamall.com\/en\/wp-json\/wp\/v2\/product\/42333\/revisions"}],"wp:featuredmedia":[{"embeddable":true,"href":"https:\/\/havamall.com\/en\/wp-json\/wp\/v2\/media\/42334"}],"wp:attachment":[{"href":"https:\/\/havamall.com\/en\/wp-json\/wp\/v2\/media?parent=42333"}],"wp:term":[{"taxonomy":"product_brand","embeddable":true,"href":"https:\/\/havamall.com\/en\/wp-json\/wp\/v2\/product_brand?post=42333"},{"taxonomy":"product_cat","embeddable":true,"href":"https:\/\/havamall.com\/en\/wp-json\/wp\/v2\/product_cat?post=42333"},{"taxonomy":"product_tag","embeddable":true,"href":"https:\/\/havamall.com\/en\/wp-json\/wp\/v2\/product_tag?post=42333"}],"curies":[{"name":"wp","href":"https:\/\/api.w.org\/{rel}","templated":true}]}}