{"id":42484,"date":"2025-10-04T16:26:06","date_gmt":"2025-10-04T09:26:06","guid":{"rendered":"https:\/\/havamall.com\/?post_type=product&#038;p=42484"},"modified":"2026-03-23T15:21:04","modified_gmt":"2026-03-23T08:21:04","slug":"banh-gao-tuyet-yukino-yado-sanko-goi-70g-10-banh-sanko-yukino-yado-rice-cracker","status":"publish","type":"product","link":"https:\/\/havamall.com\/en\/shop\/banh-gao-tuyet-yukino-yado-sanko-goi-70g-10-banh-sanko-yukino-yado-rice-cracker\/","title":{"rendered":"B\u00e1nh G\u1ea1o Tuy\u1ebft Yukino Yado Sanko G\u00f3i 70g (10 B\u00e1nh) \u2013 Sanko Yukino Yado Rice Cracker"},"content":{"rendered":"<blockquote>\n<h2><em><strong>TH\u00d4NG TIN CHUNG<\/strong><\/em><\/h2>\n<\/blockquote>\n<table style=\"width: 50.6201%;height: 143px\">\n<tbody>\n<tr>\n<td><b>Th\u01b0\u01a1ng hi\u1ec7u<\/b><\/td>\n<td>Sanko Seinka<\/td>\n<\/tr>\n<tr>\n<td><b>Xu\u1ea5t x\u1ee9<\/b><\/td>\n<td>Nh\u1eadt B\u1ea3n<\/td>\n<\/tr>\n<tr>\n<td><b>Th\u00e0nh ph\u1ea7n<\/b><\/td>\n<td>Xem tr\u1ef1c ti\u1ebfp tr\u00ean bao b\u00ec<\/td>\n<\/tr>\n<tr>\n<td><b>H\u1ea1n s\u1eed d\u1ee5ng<\/b><\/td>\n<td>Xem tr\u1ef1c ti\u1ebfp tr\u00ean bao b\u00ec<\/td>\n<\/tr>\n<tr>\n<td><b>B\u1ea3o qu\u1ea3n<\/b><\/td>\n<td>B\u1ea3o qu\u1ea3n n\u01a1i kh\u00f4 r\u00e1o, tho\u00e1ng m\u00e1t<\/td>\n<\/tr>\n<tr>\n<td><b>Kh\u1ed1i l\u01b0\u1ee3ng<\/b><\/td>\n<td>70g<\/td>\n<\/tr>\n<\/tbody>\n<\/table>\n<p data-start=\"436\" data-end=\"885\">Trong th\u1ebf gi\u1edbi b\u00e1nh k\u1eb9o Nh\u1eadt B\u1ea3n, b\u00e1nh g\u1ea1o lu\u00f4n chi\u1ebfm m\u1ed9t v\u1ecb tr\u00ed \u0111\u1eb7c bi\u1ec7t, kh\u00f4ng ch\u1ec9 g\u1eafn li\u1ec1n v\u1edbi v\u0103n h\u00f3a \u1ea9m th\u1ef1c truy\u1ec1n th\u1ed1ng, b\u00e1nh g\u1ea1o c\u00f2n \u0111\u01b0\u1ee3c s\u00e1ng t\u1ea1o th\u00e0nh nhi\u1ec1u bi\u1ebfn th\u1ec3 \u0111\u1ed9c \u0111\u00e1o, mang l\u1ea1i nh\u1eefng tr\u1ea3i nghi\u1ec7m m\u1edbi l\u1ea1. Gi\u1eefa v\u00f4 v\u00e0n h\u01b0\u01a1ng v\u1ecb kh\u00e1c nhau, b\u00e1nh g\u1ea1o tuy\u1ebft Yukino Yado c\u1ee7a th\u01b0\u01a1ng hi\u1ec7u Sanko n\u1ed5i b\u1eadt v\u1edbi s\u1ef1 k\u1ebft h\u1ee3p tinh t\u1ebf gi\u1eefa v\u1ecb m\u1eb7n nh\u1eb9, gi\u00f2n x\u1ed1p c\u1ee7a b\u00e1nh g\u1ea1o truy\u1ec1n th\u1ed1ng v\u00e0 l\u1edbp ph\u1ee7 kem s\u1eefa ng\u1ecdt d\u1ecbu, t\u1ea1o n\u00ean c\u1ea3m gi\u00e1c v\u1eeba quen v\u1eeba m\u1edbi.<\/p>\n<p data-start=\"436\" data-end=\"885\"><img fetchpriority=\"high\" decoding=\"async\" class=\"aligncenter wp-image-42486\" src=\"https:\/\/havamall.com\/wp-content\/uploads\/2025\/10\/0205230001203_0003_l.jpg\" alt=\"\" width=\"800\" height=\"600\" srcset=\"https:\/\/havamall.com\/wp-content\/uploads\/2025\/10\/0205230001203_0003_l.jpg 1600w, https:\/\/havamall.com\/wp-content\/uploads\/2025\/10\/0205230001203_0003_l-16x12.jpg 16w, https:\/\/havamall.com\/wp-content\/uploads\/2025\/10\/0205230001203_0003_l-600x450.jpg 600w, https:\/\/havamall.com\/wp-content\/uploads\/2025\/10\/0205230001203_0003_l-1200x900.jpg 1200w, https:\/\/havamall.com\/wp-content\/uploads\/2025\/10\/0205230001203_0003_l-150x113.jpg 150w\" sizes=\"(max-width: 800px) 100vw, 800px\" \/><\/p>\n<p data-start=\"934\" data-end=\"1270\">\u0110i\u1ec3m \u0111\u1eb7c tr\u01b0ng c\u1ee7a b\u00e1nh g\u1ea1o tuy\u1ebft Yukino Yado n\u1eb1m \u1edf l\u1edbp kem s\u1eefa tr\u1eafng ph\u1ee7 b\u00ean tr\u00ean m\u1eb7t b\u00e1nh, l\u1edbp ph\u1ee7 n\u00e0y mang \u0111\u1ebfn v\u1ecb ng\u1ecdt d\u1ecbu d\u00e0ng, h\u00f2a quy\u1ec7n c\u00f9ng \u0111\u1ed9 m\u1eb1n m\u1eb7n nh\u1eb9 v\u00e0 \u0111\u1ed9 gi\u00f2n tan c\u1ee7a b\u00e1nh g\u1ea1o, ch\u00ednh s\u1ef1 c\u00e2n b\u1eb1ng tinh t\u1ebf gi\u1eefa hai th\u00e1i c\u1ef1c ng\u1ecdt \u2013 m\u1eb7n \u0111\u00e3 t\u1ea1o n\u00ean tr\u1ea3i nghi\u1ec7m \u1ea9m th\u1ef1c cu\u1ed1n h\u00fat, kh\u00f3 nh\u1ea7m l\u1eabn v\u1edbi b\u1ea5t k\u1ef3 lo\u1ea1i b\u00e1nh g\u1ea1o n\u00e0o kh\u00e1c.<\/p>\n<p data-start=\"1272\" data-end=\"1496\">B\u00e1nh c\u00f3 h\u00ecnh tr\u00f2n d\u1eb9t, m\u00e0u v\u00e0ng nh\u1ea1t, b\u00ean ngo\u00e0i ph\u1ee7 l\u1edbp kem tr\u1eafng m\u1ecbn. Khi c\u1eafn m\u1ed9t mi\u1ebfng, c\u1ea3m gi\u00e1c gi\u00f2n r\u1ee5m nhanh ch\u00f3ng lan t\u1ecfa, theo sau l\u00e0 h\u01b0\u01a1ng v\u1ecb b\u00e9o ng\u1eady, ng\u1ecdt thanh r\u1ed3i tan ra trong mi\u1ec7ng, mang \u0111\u1ebfn s\u1ef1 h\u00e0i h\u00f2a th\u00fa v\u1ecb.<\/p>\n<p data-start=\"1272\" data-end=\"1496\"><img decoding=\"async\" class=\"aligncenter wp-image-42490\" src=\"https:\/\/havamall.com\/wp-content\/uploads\/2025\/10\/4901626055725_0002_l.jpg\" alt=\"\" width=\"800\" height=\"600\" srcset=\"https:\/\/havamall.com\/wp-content\/uploads\/2025\/10\/4901626055725_0002_l.jpg 1600w, https:\/\/havamall.com\/wp-content\/uploads\/2025\/10\/4901626055725_0002_l-16x12.jpg 16w, https:\/\/havamall.com\/wp-content\/uploads\/2025\/10\/4901626055725_0002_l-600x450.jpg 600w, https:\/\/havamall.com\/wp-content\/uploads\/2025\/10\/4901626055725_0002_l-1200x900.jpg 1200w, https:\/\/havamall.com\/wp-content\/uploads\/2025\/10\/4901626055725_0002_l-150x113.jpg 150w\" sizes=\"(max-width: 800px) 100vw, 800px\" \/><\/p>\n<p data-start=\"1524\" data-end=\"1806\">Sanko Yukino Yado \u0111\u01b0\u1ee3c s\u1ea3n xu\u1ea5t t\u1eeb g\u1ea1o Nh\u1eadt ch\u1ea5t l\u01b0\u1ee3ng cao, k\u1ebft h\u1ee3p v\u1edbi kem s\u1eefa t\u01b0\u01a1i t\u1eeb v\u00f9ng Hokkaido \u2013 n\u01a1i n\u1ed5i ti\u1ebfng v\u1edbi ngu\u1ed3n s\u1eefa th\u01a1m b\u00e9o, gi\u00e0u d\u01b0\u1ee1ng ch\u1ea5t. C\u00f4ng th\u1ee9c s\u1ea3n xu\u1ea5t ch\u00fa tr\u1ecdng s\u1ef1 c\u00e2n b\u1eb1ng, gi\u1eef nguy\u00ean h\u01b0\u01a1ng v\u1ecb t\u1ef1 nhi\u00ean c\u1ee7a nguy\u00ean li\u1ec7u m\u00e0 kh\u00f4ng c\u1ea7n \u0111\u1ebfn ph\u1ee5 gia ph\u1ee9c t\u1ea1p.<\/p>\n<p data-start=\"1808\" data-end=\"1968\">\u2013 G\u1ea1o Nh\u1eadt: t\u1ea1o n\u00ean \u0111\u1ed9 gi\u00f2n v\u00e0 h\u01b0\u01a1ng th\u01a1m \u0111\u1eb7c tr\u01b0ng.<br data-start=\"1860\" data-end=\"1863\" \/>\u2013 Kem s\u1eefa Hokkaido: mang l\u1ea1i v\u1ecb ng\u1ecdt b\u00e9o nh\u1eb9 nh\u00e0ng.<br data-start=\"1914\" data-end=\"1917\" \/>\u2013 Mu\u1ed1i v\u00e0 \u0111\u01b0\u1eddng: c\u00e2n \u0111\u1ed1i h\u01b0\u01a1ng v\u1ecb, kh\u00f4ng qu\u00e1 g\u1eaft.<\/p>\n<p data-start=\"1808\" data-end=\"1968\"><img decoding=\"async\" class=\"aligncenter size-full wp-image-42489\" src=\"https:\/\/havamall.com\/wp-content\/uploads\/2025\/10\/493669572_1025522926391750_5022770334077022288_n.jpg\" alt=\"\" width=\"961\" height=\"961\" srcset=\"https:\/\/havamall.com\/wp-content\/uploads\/2025\/10\/493669572_1025522926391750_5022770334077022288_n.jpg 961w, https:\/\/havamall.com\/wp-content\/uploads\/2025\/10\/493669572_1025522926391750_5022770334077022288_n-150x150.jpg 150w, https:\/\/havamall.com\/wp-content\/uploads\/2025\/10\/493669572_1025522926391750_5022770334077022288_n-12x12.jpg 12w, https:\/\/havamall.com\/wp-content\/uploads\/2025\/10\/493669572_1025522926391750_5022770334077022288_n-600x600.jpg 600w\" sizes=\"(max-width: 961px) 100vw, 961px\" \/><\/p>\n<blockquote>\n<h3 data-start=\"2102\" data-end=\"2145\"><strong><em>Th\u01b0\u1edfng th\u1ee9c linh ho\u1ea1t trong nhi\u1ec1u d\u1ecbp<\/em><\/strong><\/h3>\n<\/blockquote>\n<p data-start=\"2248\" data-end=\"2502\">\u2013 Th\u01b0\u1edfng th\u1ee9c c\u00f9ng tr\u00e0 n\u00f3ng hay c\u00e0 ph\u00ea, t\u1ea1o c\u1ea3m gi\u00e1c th\u01b0 gi\u00e3n.<br data-start=\"2310\" data-end=\"2313\" \/>\u2013 L\u00e0m m\u00f3n \u0103n v\u1eb7t nh\u1eb9 nh\u00e0ng trong gi\u1edd ngh\u1ec9 tr\u01b0a, gi\u1ea3i lao.<br data-start=\"2370\" data-end=\"2373\" \/>\u2013 D\u00f9ng trong c\u00e1c bu\u1ed5i g\u1eb7p g\u1ee1 b\u1ea1n b\u00e8, tr\u00f2 chuy\u1ec7n gia \u0111\u00ecnh.<br data-start=\"2430\" data-end=\"2433\" \/>\u2013 \u0110\u00f3ng g\u00f3i nh\u1ecf g\u1ecdn, ti\u1ec7n mang theo khi \u0111i l\u00e0m, \u0111i h\u1ecdc ho\u1eb7c du l\u1ecbch.<\/p>\n<p data-start=\"3014\" data-end=\"3316\">\u0110i\u1ec3m cu\u1ed1n h\u00fat c\u1ee7a b\u00e1nh g\u1ea1o tuy\u1ebft Yukino Yado kh\u00f4ng ch\u1ec9 \u0111\u1ebfn t\u1eeb h\u01b0\u01a1ng v\u1ecb ngon mi\u1ec7ng, m\u00e0 c\u00f2n l\u00e0 s\u1ef1 h\u00f2a tr\u1ed9n gi\u1eefa y\u1ebfu t\u1ed1 truy\u1ec1n th\u1ed1ng v\u00e0 hi\u1ec7n \u0111\u1ea1i. G\u1ed1c g\u00e1c l\u00e0 b\u00e1nh g\u1ea1o senbei quen thu\u1ed9c, nh\u01b0ng v\u1edbi s\u1ef1 s\u00e1ng t\u1ea1o trong l\u1edbp ph\u1ee7 kem s\u1eefa, s\u1ea3n ph\u1ea9m \u0111\u00e3 tr\u1edf th\u00e0nh m\u00f3n \u0103n v\u1eb7t bi\u1ec3u t\u01b0\u1ee3ng, \u0111\u01b0\u1ee3c nhi\u1ec1u th\u1ebf h\u1ec7 y\u00eau th\u00edch.<\/p>\n<p data-start=\"3014\" data-end=\"3316\"><img loading=\"lazy\" decoding=\"async\" class=\"aligncenter wp-image-42491\" src=\"https:\/\/havamall.com\/wp-content\/uploads\/2025\/10\/4901626081120_0003_l.jpg\" alt=\"\" width=\"801\" height=\"601\" srcset=\"https:\/\/havamall.com\/wp-content\/uploads\/2025\/10\/4901626081120_0003_l.jpg 1600w, https:\/\/havamall.com\/wp-content\/uploads\/2025\/10\/4901626081120_0003_l-16x12.jpg 16w, https:\/\/havamall.com\/wp-content\/uploads\/2025\/10\/4901626081120_0003_l-600x450.jpg 600w, https:\/\/havamall.com\/wp-content\/uploads\/2025\/10\/4901626081120_0003_l-1200x900.jpg 1200w, https:\/\/havamall.com\/wp-content\/uploads\/2025\/10\/4901626081120_0003_l-150x113.jpg 150w\" sizes=\"(max-width: 801px) 100vw, 801px\" \/><\/p>\n<p data-start=\"3318\" data-end=\"3477\">Kh\u00f4ng ch\u1ec9 l\u00e0 m\u00f3n \u0103n th\u01b0\u1eddng ng\u00e0y, b\u00e1nh c\u00f2n mang t\u00ednh bi\u1ec3u t\u01b0\u1ee3ng c\u1ee7a s\u1ef1 tinh t\u1ebf trong v\u0103n h\u00f3a \u1ea9m th\u1ef1c Nh\u1eadt B\u1ea3n: gi\u1ea3n d\u1ecb m\u00e0 s\u00e1ng t\u1ea1o, m\u1ed9c m\u1ea1c m\u00e0 v\u1eabn sang tr\u1ecdng. B\u00e1nh g\u1ea1o tuy\u1ebft Yukino Yado Sanko \u2013 Sanko Yukino Yado Rice Cracker mang \u0111\u1ebfn tr\u1ea3i nghi\u1ec7m \u1ea9m th\u1ef1c v\u1eeba quen v\u1eeba l\u1ea1, c\u00e2n b\u1eb1ng ho\u00e0n h\u1ea3o gi\u1eefa ng\u1ecdt v\u00e0 m\u1eb7n, gi\u00f2n v\u00e0 b\u00e9o, truy\u1ec1n th\u1ed1ng v\u00e0 hi\u1ec7n \u0111\u1ea1i. V\u1edbi h\u01b0\u01a1ng v\u1ecb h\u00e0i h\u00f2a, nguy\u00ean li\u1ec7u ch\u1ecdn l\u1ecdc v\u00e0 bao b\u00ec ti\u1ec7n l\u1ee3i, \u0111\u00e2y l\u00e0 m\u00f3n \u0103n v\u1eb7t ph\u00f9 h\u1ee3p cho nhi\u1ec1u l\u1ee9a tu\u1ed5i, nhi\u1ec1u d\u1ecbp kh\u00e1c nhau. S\u1ea3n ph\u1ea9m hi\u1ec7n \u0111ang \u0111\u01b0\u1ee3c b\u00e1n t\u1ea1i Havamall.<\/p>","protected":false},"excerpt":{"rendered":"<h3>\u0110\u1eccC K\u1ef8 ~ Ch\u00ednh s\u00e1ch giao h\u00e0ng t\u1ea1i Havamall<\/h3>\n<h4><b>1. Giao h\u00e0ng t\u1ea1i TP.HCM<\/b><\/h4>\n<ul>\n<li><b>\u0110\u1ed3 kh\u00f4 (Giao trong 1-2 ng\u00e0y sau khi \u0111\u01b0\u1ee3c g\u1ecdi x\u00e1c nh\u1eadn \u0111\u01a1n):<\/b>\n<ul>\n<li><b>Mi\u1ec5n ph\u00ed ship<\/b>\u00a0v\u1edbi \u0111\u01a1n\u00a0<em><strong>tr\u00ean 500.000\u20ab.\u00a0<\/strong>C<\/em>\u00e1c \u0111\u01a1n\u00a0<strong><em>d\u01b0\u1edbi 500.000\u20ab<\/em><\/strong>, ph\u00ed ship l\u00e0\u00a0<b>30.000\u20ab<\/b>.\u00a0<strong>Kh\u00f4ng \u00e1p d\u1ee5ng cho \u0111\u01a1n s\u1ec9, \u0111\u01a1n h\u00e0ng tr\u00ean 10kg, \u0111\u1ed3 \u0111\u00f4ng l\u1ea1nh ho\u1eb7c tr\u00e1i c\u00e2y.<\/strong><\/li>\n<\/ul>\n<\/li>\n<\/ul>\n<h4><b>2. Giao h\u00e0ng to\u00e0n qu\u1ed1c ( Ch\u1ec9\u00a0<\/b><b>\u0110\u1ed3 kh\u00f4: nh\u1eadn h\u00e0ng sau 3 \u2013 5 ng\u00e0y)<\/b><\/h4>\n<ul>\n<li><em>*Kh\u00f4ng \u00e1p d\u1ee5ng cho \u0111\u01a1n s\u1ec9, \u0111\u01a1n h\u00e0ng tr\u00ean 10kg*:\u00a0<\/em>Ph\u00ed ship m\u1eb7c \u0111\u1ecbnh\u00a0<b>30.000\u20ab.\u00a0<\/b>\u0110\u01a1n h\u00e0ng\u00a0<strong><em>tr\u00ean 2.000.000\u20ab ch\u1ec9 ch\u1ea5p nh\u1eadn thanh to\u00e1n chuy\u1ec3n kho\u1ea3n.<\/em><\/strong><\/li>\n<\/ul>\n<h4><b>3. L\u01b0u \u00fd chung<\/b><\/h4>\n<ul>\n<li>C\u00e1c m\u1eb7t h\u00e0ng c\u1ed3ng k\u1ec1nh, n\u1eb7ng tr\u00ean 5kg c\u00f3 th\u1ec3 ph\u00e1t sinh ph\u1ee5 ph\u00ed.<\/li>\n<li>M\u1ecdi th\u1eafc m\u1eafc kh\u00e1c vui l\u00f2ng li\u00ean h\u1ec7\u00a0<b>Hotline: 0946229642<\/b>\u00a0\u0111\u1ec3 \u0111\u01b0\u1ee3c h\u1ed7 tr\u1ee3.<\/li>\n<\/ul>","protected":false},"featured_media":45362,"comment_status":"open","ping_status":"closed","template":"","meta":[],"product_brand":[],"product_cat":[133,722],"product_tag":[],"class_list":{"0":"post-42484","1":"product","2":"type-product","3":"status-publish","4":"has-post-thumbnail","6":"product_cat-banh-keo-chocolate","7":"product_cat-nhap-khau-nhat-ban","9":"first","10":"outofstock","11":"sale","12":"shipping-taxable","13":"purchasable","14":"product-type-simple"},"_links":{"self":[{"href":"https:\/\/havamall.com\/en\/wp-json\/wp\/v2\/product\/42484","targetHints":{"allow":["GET"]}}],"collection":[{"href":"https:\/\/havamall.com\/en\/wp-json\/wp\/v2\/product"}],"about":[{"href":"https:\/\/havamall.com\/en\/wp-json\/wp\/v2\/types\/product"}],"replies":[{"embeddable":true,"href":"https:\/\/havamall.com\/en\/wp-json\/wp\/v2\/comments?post=42484"}],"version-history":[{"count":0,"href":"https:\/\/havamall.com\/en\/wp-json\/wp\/v2\/product\/42484\/revisions"}],"wp:featuredmedia":[{"embeddable":true,"href":"https:\/\/havamall.com\/en\/wp-json\/wp\/v2\/media\/45362"}],"wp:attachment":[{"href":"https:\/\/havamall.com\/en\/wp-json\/wp\/v2\/media?parent=42484"}],"wp:term":[{"taxonomy":"product_brand","embeddable":true,"href":"https:\/\/havamall.com\/en\/wp-json\/wp\/v2\/product_brand?post=42484"},{"taxonomy":"product_cat","embeddable":true,"href":"https:\/\/havamall.com\/en\/wp-json\/wp\/v2\/product_cat?post=42484"},{"taxonomy":"product_tag","embeddable":true,"href":"https:\/\/havamall.com\/en\/wp-json\/wp\/v2\/product_tag?post=42484"}],"curies":[{"name":"wp","href":"https:\/\/api.w.org\/{rel}","templated":true}]}}