{"id":42493,"date":"2025-10-04T17:18:26","date_gmt":"2025-10-04T10:18:26","guid":{"rendered":"https:\/\/havamall.com\/?post_type=product&#038;p=42493"},"modified":"2025-10-04T17:18:26","modified_gmt":"2025-10-04T10:18:26","slug":"cay-nan-mun-2-dau-nhap-khau-nhat-ban-pore-cleaning-stick","status":"publish","type":"product","link":"https:\/\/havamall.com\/en\/shop\/cay-nan-mun-2-dau-nhap-khau-nhat-ban-pore-cleaning-stick\/","title":{"rendered":"C\u00e2y N\u1eb7n M\u1ee5n 2 \u0110\u1ea7u Nh\u1eadp Kh\u1ea9u Nh\u1eadt B\u1ea3n \u2013 Pore Cleaning Stick"},"content":{"rendered":"<p data-start=\"489\" data-end=\"934\">Trong qu\u00e1 tr\u00ecnh ch\u0103m s\u00f3c da, vi\u1ec7c gi\u1eef l\u1ed7 ch\u00e2n l\u00f4ng lu\u00f4n s\u1ea1ch tho\u00e1ng l\u00e0 y\u1ebfu t\u1ed1 quan tr\u1ecdng gi\u00fap duy tr\u00ec l\u00e0n da kh\u1ecfe m\u1ea1nh. S\u1eefa r\u1eeda m\u1eb7t hay t\u1ea9y t\u1ebf b\u00e0o ch\u1ebft ch\u1ec9 c\u00f3 th\u1ec3 l\u00e0m s\u1ea1ch b\u1ec1 m\u1eb7t, nh\u01b0ng \u0111\u1ec3 x\u1eed l\u00fd m\u1ee5n \u0111\u1ea7u \u0111en, m\u1ee5n c\u00e1m hay b\u00e3 nh\u1eddn \u1ea9n s\u00e2u, c\u1ea7n \u0111\u1ebfn nh\u1eefng d\u1ee5ng c\u1ee5 chuy\u00ean bi\u1ec7t. Trong s\u1ed1 \u0111\u00f3, c\u00e2y n\u1eb7n m\u1ee5n 2 \u0111\u1ea7u Pore Cleaning Stick nh\u1eadp kh\u1ea9u t\u1eeb Nh\u1eadt B\u1ea3n \u0111\u00e3 tr\u1edf th\u00e0nh l\u1ef1a ch\u1ecdn \u0111\u01b0\u1ee3c nhi\u1ec1u ng\u01b0\u1eddi tin d\u00f9ng nh\u1edd thi\u1ebft k\u1ebf tinh t\u1ebf v\u00e0 kh\u1ea3 n\u0103ng l\u00e0m s\u1ea1ch hi\u1ec7u qu\u1ea3.<\/p>\n<p data-start=\"489\" data-end=\"934\"><img fetchpriority=\"high\" decoding=\"async\" class=\"aligncenter  wp-image-42497\" src=\"https:\/\/havamall.com\/wp-content\/uploads\/2025\/10\/02145de6c717a884bdbd4a6020ce8afe.jpg\" alt=\"\" width=\"800\" height=\"533\" srcset=\"https:\/\/havamall.com\/wp-content\/uploads\/2025\/10\/02145de6c717a884bdbd4a6020ce8afe.jpg 2048w, https:\/\/havamall.com\/wp-content\/uploads\/2025\/10\/02145de6c717a884bdbd4a6020ce8afe-18x12.jpg 18w, https:\/\/havamall.com\/wp-content\/uploads\/2025\/10\/02145de6c717a884bdbd4a6020ce8afe-600x400.jpg 600w, https:\/\/havamall.com\/wp-content\/uploads\/2025\/10\/02145de6c717a884bdbd4a6020ce8afe-1200x800.jpg 1200w, https:\/\/havamall.com\/wp-content\/uploads\/2025\/10\/02145de6c717a884bdbd4a6020ce8afe-150x100.jpg 150w\" sizes=\"(max-width: 800px) 100vw, 800px\" \/><\/p>\n<blockquote>\n<h3 data-start=\"936\" data-end=\"971\"><strong><em>Thi\u1ebft k\u1ebf ti\u1ec7n l\u1ee3i, d\u1ec5 s\u1eed d\u1ee5ng<\/em><\/strong><\/h3>\n<\/blockquote>\n<p data-start=\"972\" data-end=\"1328\">C\u00e2y n\u1eb7n m\u1ee5n 2 \u0111\u1ea7u \u0111\u01b0\u1ee3c l\u00e0m t\u1eeb th\u00e9p kh\u00f4ng g\u1ec9, b\u1ec1n ch\u1eafc, an to\u00e0n cho da v\u00e0 d\u1ec5 d\u00e0ng v\u1ec7 sinh sau khi d\u00f9ng. M\u1ed9t \u0111\u1ea7u \u0111\u01b0\u1ee3c thi\u1ebft k\u1ebf d\u1ea1ng v\u00f2ng tr\u00f2n nh\u1ecf, gi\u00fap \u1ea5n nh\u1eb9 v\u00e0 l\u1ea5y nh\u00e2n m\u1ee5n \u0111\u1ea7u \u0111en, m\u1ee5n c\u00e1m ra kh\u1ecfi l\u1ed7 ch\u00e2n l\u00f4ng m\u00e0 kh\u00f4ng g\u00e2y t\u1ed5n th\u01b0\u01a1ng da. \u0110\u1ea7u c\u00f2n l\u1ea1i c\u00f3 d\u1ea1ng ch\u00e9n \u00e9p, th\u00edch h\u1ee3p \u0111\u1ec3 x\u1eed l\u00fd nh\u1eefng v\u00f9ng m\u1ee5n l\u1edbn h\u01a1n ho\u1eb7c nh\u1eefng v\u1ecb tr\u00ed kh\u00f3 ti\u1ebfp c\u1eadn nh\u01b0 c\u00e1nh m\u0169i. Nh\u1edd c\u1ea5u t\u1ea1o 2 trong 1, d\u1ee5ng c\u1ee5 n\u00e0y c\u00f3 th\u1ec3 \u0111\u00e1p \u1ee9ng nhi\u1ec1u nhu c\u1ea7u kh\u00e1c nhau, h\u1ea1n ch\u1ebf t\u1ed1i \u0111a t\u00ecnh tr\u1ea1ng d\u00f9ng tay n\u1eb7n tr\u1ef1c ti\u1ebfp \u2013 v\u1ed1n d\u1ec5 \u0111\u1ec3 l\u1ea1i v\u1ebft th\u00e2m v\u00e0 s\u1eb9o.<\/p>\n<p data-start=\"972\" data-end=\"1328\"><img decoding=\"async\" class=\"aligncenter  wp-image-42496\" src=\"https:\/\/havamall.com\/wp-content\/uploads\/2025\/10\/2578739-2578739_831543.jpg\" alt=\"\" width=\"800\" height=\"533\" srcset=\"https:\/\/havamall.com\/wp-content\/uploads\/2025\/10\/2578739-2578739_831543.jpg 2048w, https:\/\/havamall.com\/wp-content\/uploads\/2025\/10\/2578739-2578739_831543-18x12.jpg 18w, https:\/\/havamall.com\/wp-content\/uploads\/2025\/10\/2578739-2578739_831543-600x400.jpg 600w, https:\/\/havamall.com\/wp-content\/uploads\/2025\/10\/2578739-2578739_831543-1200x800.jpg 1200w, https:\/\/havamall.com\/wp-content\/uploads\/2025\/10\/2578739-2578739_831543-150x100.jpg 150w\" sizes=\"(max-width: 800px) 100vw, 800px\" \/><\/p>\n<blockquote>\n<h3 data-start=\"1490\" data-end=\"1513\"><strong><em>C\u00f4ng d\u1ee5ng n\u1ed5i b\u1eadt<\/em><\/strong><\/h3>\n<\/blockquote>\n<p data-start=\"1514\" data-end=\"1808\">\u2013 Lo\u1ea1i b\u1ecf m\u1ee5n \u0111\u1ea7u \u0111en, m\u1ee5n c\u00e1m hi\u1ec7u qu\u1ea3 t\u1ea1i c\u00e1c v\u00f9ng nh\u01b0 m\u0169i, c\u1eb1m, tr\u00e1n.<br data-start=\"1586\" data-end=\"1589\" \/>\u2013 Gi\u00fap l\u1ea5y \u0111i b\u00e3 nh\u1eddn t\u00edch t\u1ee5 trong l\u1ed7 ch\u00e2n l\u00f4ng, h\u1ea1n ch\u1ebf t\u00ecnh tr\u1ea1ng b\u00edt t\u1eafc.<br data-start=\"1666\" data-end=\"1669\" \/>\u2013 H\u1ed7 tr\u1ee3 l\u00e0m s\u1ea1ch s\u00e2u, t\u1eeb \u0111\u00f3 gi\u1ea3m nguy c\u01a1 h\u00ecnh th\u00e0nh m\u1ee5n vi\u00eam.<br data-start=\"1731\" data-end=\"1734\" \/>\u2013 D\u1ec5 d\u00e0ng ki\u1ec3m so\u00e1t l\u1ef1c tay, h\u1ea1n ch\u1ebf tr\u1ea7y x\u01b0\u1edbc hay t\u1ed5n th\u01b0\u01a1ng b\u1ec1 m\u1eb7t da.<\/p>\n<p data-start=\"1514\" data-end=\"1808\"><img decoding=\"async\" class=\"aligncenter size-full wp-image-42495\" src=\"https:\/\/havamall.com\/wp-content\/uploads\/2025\/10\/4982790189423-3.jpg\" alt=\"\" width=\"800\" height=\"800\" srcset=\"https:\/\/havamall.com\/wp-content\/uploads\/2025\/10\/4982790189423-3.jpg 800w, https:\/\/havamall.com\/wp-content\/uploads\/2025\/10\/4982790189423-3-150x150.jpg 150w, https:\/\/havamall.com\/wp-content\/uploads\/2025\/10\/4982790189423-3-12x12.jpg 12w, https:\/\/havamall.com\/wp-content\/uploads\/2025\/10\/4982790189423-3-600x600.jpg 600w\" sizes=\"(max-width: 800px) 100vw, 800px\" \/><\/p>\n<blockquote>\n<h3 data-start=\"1810\" data-end=\"1834\"><strong><em>An to\u00e0n v\u00e0 v\u1ec7 sinh<\/em><\/strong><\/h3>\n<\/blockquote>\n<p data-start=\"1835\" data-end=\"2184\">M\u1ed9t \u01b0u \u0111i\u1ec3m l\u1edbn c\u1ee7a c\u00e2y n\u1eb7n m\u1ee5n 2 \u0111\u1ea7u Nh\u1eadt B\u1ea3n ch\u00ednh l\u00e0 kh\u1ea3 n\u0103ng v\u1ec7 sinh d\u1ec5 d\u00e0ng. Sau m\u1ed7i l\u1ea7n s\u1eed d\u1ee5ng, ch\u1ec9 c\u1ea7n r\u1eeda s\u1ea1ch b\u1eb1ng n\u01b0\u1edbc \u1ea5m v\u00e0 s\u00e1t tr\u00f9ng b\u1eb1ng c\u1ed3n y t\u1ebf \u0111\u1ec3 \u0111\u1ea3m b\u1ea3o an to\u00e0n. So v\u1edbi vi\u1ec7c d\u00f9ng tay hay c\u00e1c v\u1eadt d\u1ee5ng kh\u00f4ng chuy\u00ean, s\u1ea3n ph\u1ea9m n\u00e0y gi\u00fap h\u1ea1n ch\u1ebf vi khu\u1ea9n x\u00e2m nh\u1eadp v\u00e0o l\u1ed7 ch\u00e2n l\u00f4ng, nh\u1edd \u0111\u00f3 gi\u1ea3m thi\u1ec3u t\u00ecnh tr\u1ea1ng s\u01b0ng \u0111\u1ecf sau khi n\u1eb7n m\u1ee5n.<\/p>\n<p data-start=\"1835\" data-end=\"2184\"><img loading=\"lazy\" decoding=\"async\" class=\"aligncenter  wp-image-42498\" src=\"https:\/\/havamall.com\/wp-content\/uploads\/2025\/10\/2578739-2578739_831545.jpg\" alt=\"\" width=\"800\" height=\"533\" srcset=\"https:\/\/havamall.com\/wp-content\/uploads\/2025\/10\/2578739-2578739_831545.jpg 2048w, https:\/\/havamall.com\/wp-content\/uploads\/2025\/10\/2578739-2578739_831545-18x12.jpg 18w, https:\/\/havamall.com\/wp-content\/uploads\/2025\/10\/2578739-2578739_831545-600x400.jpg 600w, https:\/\/havamall.com\/wp-content\/uploads\/2025\/10\/2578739-2578739_831545-1200x800.jpg 1200w, https:\/\/havamall.com\/wp-content\/uploads\/2025\/10\/2578739-2578739_831545-150x100.jpg 150w\" sizes=\"(max-width: 800px) 100vw, 800px\" \/><\/p>\n<blockquote>\n<h3 data-start=\"2186\" data-end=\"2214\"><strong><em>C\u00e1ch s\u1eed d\u1ee5ng \u0111\u00fang c\u00e1ch<\/em><\/strong><\/h3>\n<\/blockquote>\n<p data-start=\"2215\" data-end=\"2668\">\u2013 R\u1eeda m\u1eb7t s\u1ea1ch b\u1eb1ng s\u1eefa r\u1eeda m\u1eb7t d\u1ecbu nh\u1eb9 v\u00e0 x\u00f4ng h\u01a1i ho\u1eb7c \u0111\u1eafp kh\u0103n \u1ea5m \u0111\u1ec3 l\u1ed7 ch\u00e2n l\u00f4ng gi\u00e3n n\u1edf.<br data-start=\"2382\" data-end=\"2385\" \/>\u2013 Kh\u1eed tr\u00f9ng d\u1ee5ng c\u1ee5 b\u1eb1ng c\u1ed3n y t\u1ebf.<br data-start=\"2419\" data-end=\"2422\" \/>\u2013 D\u00f9ng \u0111\u1ea7u v\u00f2ng tr\u00f2n \u0111\u1ec3 \u1ea5n nh\u1eb9 quanh nh\u00e2n m\u1ee5n, gi\u00fap nh\u00e2n m\u1ee5n tr\u1ed3i l\u00ean.<br data-start=\"2492\" data-end=\"2495\" \/>\u2013 V\u1edbi m\u1ee5n to ho\u1eb7c c\u1ee9ng h\u01a1n, c\u00f3 th\u1ec3 d\u00f9ng \u0111\u1ea7u ch\u00e9n \u00e9p \u0111\u1ec3 l\u1ea5y ra d\u1ec5 d\u00e0ng.<br data-start=\"2565\" data-end=\"2568\" \/>\u2013 Sau khi ho\u00e0n t\u1ea5t, r\u1eeda l\u1ea1i m\u1eb7t b\u1eb1ng n\u01b0\u1edbc l\u1ea1nh \u0111\u1ec3 se kh\u00edt l\u1ed7 ch\u00e2n l\u00f4ng, \u0111\u1ed3ng th\u1eddi v\u1ec7 sinh d\u1ee5ng c\u1ee5.<\/p>\n<p data-start=\"2215\" data-end=\"2668\"><img loading=\"lazy\" decoding=\"async\" class=\"aligncenter  wp-image-42499\" src=\"https:\/\/havamall.com\/wp-content\/uploads\/2025\/10\/db498fe265c608c95c8f14721d8f9d88.jpg\" alt=\"\" width=\"800\" height=\"977\" srcset=\"https:\/\/havamall.com\/wp-content\/uploads\/2025\/10\/db498fe265c608c95c8f14721d8f9d88.jpg 1083w, https:\/\/havamall.com\/wp-content\/uploads\/2025\/10\/db498fe265c608c95c8f14721d8f9d88-10x12.jpg 10w, https:\/\/havamall.com\/wp-content\/uploads\/2025\/10\/db498fe265c608c95c8f14721d8f9d88-600x732.jpg 600w, https:\/\/havamall.com\/wp-content\/uploads\/2025\/10\/db498fe265c608c95c8f14721d8f9d88-150x183.jpg 150w\" sizes=\"(max-width: 800px) 100vw, 800px\" \/><\/p>\n<p data-start=\"2938\" data-end=\"3214\">C\u00e2y n\u1eb7n m\u1ee5n 2 \u0111\u1ea7u nh\u1eadp kh\u1ea9u Nh\u1eadt B\u1ea3n \u2013 Pore Cleaning Stick l\u00e0 gi\u1ea3i ph\u00e1p h\u1eefu hi\u1ec7u cho nh\u1eefng ai mu\u1ed1n gi\u1eef l\u00e0n da s\u1ea1ch tho\u00e1ng v\u00e0 kh\u1ecfe m\u1ea1nh. V\u1edbi thi\u1ebft k\u1ebf th\u00f4ng minh, ch\u1ea5t li\u1ec7u an to\u00e0n v\u00e0 c\u00f4ng d\u1ee5ng r\u00f5 r\u00e0ng, s\u1ea3n ph\u1ea9m n\u00e0y x\u1ee9ng \u0111\u00e1ng c\u00f3 m\u1eb7t trong b\u1ed9 d\u1ee5ng c\u1ee5 ch\u0103m s\u00f3c da c\u1ee7a m\u1ed7i ng\u01b0\u1eddi. S\u1ea3n ph\u1ea9m hi\u1ec7n \u0111ang \u0111\u01b0\u1ee3c b\u00e1n t\u1ea1i Havamall.<\/p>","protected":false},"excerpt":{"rendered":"<h3>\u0110\u1eccC K\u1ef8 ~ Ch\u00ednh s\u00e1ch giao h\u00e0ng t\u1ea1i Havamall<\/h3>\n<h4><b>1. Giao h\u00e0ng t\u1ea1i TP.HCM<\/b><\/h4>\n<ul>\n<li><b>\u0110\u1ed3 kh\u00f4 (Giao trong 1-2 ng\u00e0y sau khi \u0111\u01b0\u1ee3c g\u1ecdi x\u00e1c nh\u1eadn \u0111\u01a1n):<\/b>\n<ul>\n<li><b>Mi\u1ec5n ph\u00ed ship<\/b>\u00a0v\u1edbi \u0111\u01a1n\u00a0<em><strong>tr\u00ean 500.000\u20ab.\u00a0<\/strong>C<\/em>\u00e1c \u0111\u01a1n\u00a0<strong><em>d\u01b0\u1edbi 500.000\u20ab<\/em><\/strong>, ph\u00ed ship l\u00e0\u00a0<b>30.000\u20ab<\/b>.\u00a0<strong>Kh\u00f4ng \u00e1p d\u1ee5ng cho \u0111\u01a1n s\u1ec9, \u0111\u01a1n h\u00e0ng tr\u00ean 10kg, \u0111\u1ed3 \u0111\u00f4ng l\u1ea1nh ho\u1eb7c tr\u00e1i c\u00e2y.<\/strong><\/li>\n<\/ul>\n<\/li>\n<\/ul>\n<h4><b>2. Giao h\u00e0ng to\u00e0n qu\u1ed1c ( Ch\u1ec9\u00a0<\/b><b>\u0110\u1ed3 kh\u00f4: nh\u1eadn h\u00e0ng sau 3 \u2013 5 ng\u00e0y)<\/b><\/h4>\n<ul>\n<li><em>*Kh\u00f4ng \u00e1p d\u1ee5ng cho \u0111\u01a1n s\u1ec9, \u0111\u01a1n h\u00e0ng tr\u00ean 10kg*:\u00a0<\/em>Ph\u00ed ship m\u1eb7c \u0111\u1ecbnh\u00a0<b>30.000\u20ab.\u00a0<\/b>\u0110\u01a1n h\u00e0ng\u00a0<strong><em>tr\u00ean 2.000.000\u20ab ch\u1ec9 ch\u1ea5p nh\u1eadn thanh to\u00e1n chuy\u1ec3n kho\u1ea3n.<\/em><\/strong><\/li>\n<\/ul>\n<h4><b>3. L\u01b0u \u00fd chung<\/b><\/h4>\n<ul>\n<li>C\u00e1c m\u1eb7t h\u00e0ng c\u1ed3ng k\u1ec1nh, n\u1eb7ng tr\u00ean 5kg c\u00f3 th\u1ec3 ph\u00e1t sinh ph\u1ee5 ph\u00ed.<\/li>\n<li>M\u1ecdi th\u1eafc m\u1eafc kh\u00e1c vui l\u00f2ng li\u00ean h\u1ec7\u00a0<b>Hotline: 0946229642<\/b>\u00a0\u0111\u1ec3 \u0111\u01b0\u1ee3c h\u1ed7 tr\u1ee3.<\/li>\n<\/ul>","protected":false},"featured_media":42494,"comment_status":"open","ping_status":"closed","template":"","meta":[],"product_brand":[],"product_cat":[35,722,396],"product_tag":[],"class_list":{"0":"post-42493","1":"product","2":"type-product","3":"status-publish","4":"has-post-thumbnail","6":"product_cat-nha-cua-doi-song","7":"product_cat-nhap-khau-nhat-ban","8":"product_cat-suc-khoe-lam-dep","10":"first","11":"instock","12":"sale","13":"shipping-taxable","14":"purchasable","15":"product-type-simple"},"_links":{"self":[{"href":"https:\/\/havamall.com\/en\/wp-json\/wp\/v2\/product\/42493","targetHints":{"allow":["GET"]}}],"collection":[{"href":"https:\/\/havamall.com\/en\/wp-json\/wp\/v2\/product"}],"about":[{"href":"https:\/\/havamall.com\/en\/wp-json\/wp\/v2\/types\/product"}],"replies":[{"embeddable":true,"href":"https:\/\/havamall.com\/en\/wp-json\/wp\/v2\/comments?post=42493"}],"version-history":[{"count":0,"href":"https:\/\/havamall.com\/en\/wp-json\/wp\/v2\/product\/42493\/revisions"}],"wp:featuredmedia":[{"embeddable":true,"href":"https:\/\/havamall.com\/en\/wp-json\/wp\/v2\/media\/42494"}],"wp:attachment":[{"href":"https:\/\/havamall.com\/en\/wp-json\/wp\/v2\/media?parent=42493"}],"wp:term":[{"taxonomy":"product_brand","embeddable":true,"href":"https:\/\/havamall.com\/en\/wp-json\/wp\/v2\/product_brand?post=42493"},{"taxonomy":"product_cat","embeddable":true,"href":"https:\/\/havamall.com\/en\/wp-json\/wp\/v2\/product_cat?post=42493"},{"taxonomy":"product_tag","embeddable":true,"href":"https:\/\/havamall.com\/en\/wp-json\/wp\/v2\/product_tag?post=42493"}],"curies":[{"name":"wp","href":"https:\/\/api.w.org\/{rel}","templated":true}]}}