{"id":42501,"date":"2025-10-05T10:11:54","date_gmt":"2025-10-05T03:11:54","guid":{"rendered":"https:\/\/havamall.com\/?post_type=product&#038;p=42501"},"modified":"2025-10-05T10:11:55","modified_gmt":"2025-10-05T03:11:55","slug":"mu-tat-nhat-nhap-khau-sb-karashi-43g-sb-japanese-mustard","status":"publish","type":"product","link":"https:\/\/havamall.com\/en\/shop\/mu-tat-nhat-nhap-khau-sb-karashi-43g-sb-japanese-mustard\/","title":{"rendered":"M\u00f9 T\u1ea1t Nh\u1eadt Nh\u1eadp Kh\u1ea9u S&amp;B Karashi 43g \u2013 S&amp;B Japanese Mustard"},"content":{"rendered":"<blockquote>\n<h2><em><strong>TH\u00d4NG TIN CHUNG<\/strong><\/em><\/h2>\n<\/blockquote>\n<table style=\"width: 68.8235%;height: 199px\">\n<tbody>\n<tr>\n<td><b>Th\u01b0\u01a1ng hi\u1ec7u<\/b><\/td>\n<td>S&amp;B<\/td>\n<\/tr>\n<tr>\n<td><b>Xu\u1ea5t x\u1ee9<\/b><\/td>\n<td>Nh\u1eadt B\u1ea3n<\/td>\n<\/tr>\n<tr>\n<td><b>Th\u00e0nh ph\u1ea7n<\/b><\/td>\n<td>Xem tr\u1ef1c ti\u1ebfp tr\u00ean bao b\u00ec<\/td>\n<\/tr>\n<tr>\n<td><b>H\u1ea1n s\u1eed d\u1ee5ng<\/b><\/td>\n<td>Xem tr\u1ef1c ti\u1ebfp tr\u00ean bao b\u00ec<\/td>\n<\/tr>\n<tr>\n<td><b>B\u1ea3o qu\u1ea3n<\/b><\/td>\n<td>Th\u01b0\u1eddng \u0111\u01b0\u1ee3c b\u1ea3o qu\u1ea3n \u1edf n\u01a1i tho\u00e1ng m\u00e1t, kh\u00f4 r\u00e1o, <b>c\u1ea7n b\u1ea3o qu\u1ea3n l\u1ea1nh sau khi m\u1edf n\u1eafp<\/b><\/td>\n<\/tr>\n<tr>\n<td><b>Kh\u1ed1i l\u01b0\u1ee3ng<\/b><\/td>\n<td>43g<\/td>\n<\/tr>\n<\/tbody>\n<\/table>\n<p data-start=\"520\" data-end=\"937\">\u1ea8m th\u1ef1c Nh\u1eadt B\u1ea3n v\u1ed1n n\u1ed5i ti\u1ebfng b\u1edfi s\u1ef1 tinh t\u1ebf trong t\u1eebng h\u01b0\u01a1ng v\u1ecb, n\u01a1i v\u1ecb cay, m\u1eb7n, ng\u1ecdt h\u00f2a quy\u1ec7n theo c\u00e1ch nh\u1eb9 nh\u00e0ng nh\u01b0ng \u0111\u1ea7y \u1ea5n t\u01b0\u1ee3ng. Trong \u0111\u00f3, m\u00f9 t\u1ea1t Nh\u1eadt \u2013 hay Karashi \u2013 l\u00e0 m\u1ed9t gia v\u1ecb \u0111\u1eb7c bi\u1ec7t gi\u00fap n\u00e2ng t\u1ea7m m\u00f3n \u0103n, mang l\u1ea1i c\u1ea3m gi\u00e1c \u1ea5m n\u1ed3ng, thanh tho\u00e1t m\u00e0 kh\u00f4ng h\u0103ng g\u1eaft. M\u00f9 T\u1ea1t Nh\u1eadt Nh\u1eadp Kh\u1ea9u S&amp;B Karashi 43g \u2013 S&amp;B Japanese Mustard ch\u00ednh l\u00e0 minh ch\u1ee9ng r\u00f5 r\u00e0ng cho ngh\u1ec7 thu\u1eadt c\u00e2n b\u1eb1ng h\u01b0\u01a1ng v\u1ecb \u0111\u1eb7c tr\u01b0ng \u1ea5y.<\/p>\n<p data-start=\"520\" data-end=\"937\"><img fetchpriority=\"high\" decoding=\"async\" class=\"aligncenter  wp-image-42503\" src=\"https:\/\/havamall.com\/wp-content\/uploads\/2025\/10\/yk0ij8yiwxp.jpg\" alt=\"\" width=\"801\" height=\"534\" srcset=\"https:\/\/havamall.com\/wp-content\/uploads\/2025\/10\/yk0ij8yiwxp.jpg 1240w, https:\/\/havamall.com\/wp-content\/uploads\/2025\/10\/yk0ij8yiwxp-18x12.jpg 18w, https:\/\/havamall.com\/wp-content\/uploads\/2025\/10\/yk0ij8yiwxp-600x400.jpg 600w, https:\/\/havamall.com\/wp-content\/uploads\/2025\/10\/yk0ij8yiwxp-1200x800.jpg 1200w, https:\/\/havamall.com\/wp-content\/uploads\/2025\/10\/yk0ij8yiwxp-150x100.jpg 150w\" sizes=\"(max-width: 801px) 100vw, 801px\" \/><\/p>\n<p data-start=\"939\" data-end=\"1336\">Kh\u00e1c v\u1edbi wasabi c\u00f3 v\u1ecb cay b\u1ed1c v\u00e0 lan t\u1ecfa nhanh, m\u00f9 t\u1ea1t Karashi l\u1ea1i mang s\u1eafc th\u00e1i cay s\u00e2u, \u0111\u1ecdng l\u1ea1i ch\u1eadm h\u01a1n nh\u01b0ng dai d\u1eb3ng v\u00e0 \u00eam \u00e1i. S\u1ea3n ph\u1ea9m \u0111\u01b0\u1ee3c ch\u1ebf bi\u1ebfn t\u1eeb h\u1ea1t c\u1ea3i v\u00e0ng nghi\u1ec1n m\u1ecbn, gi\u1eef nguy\u00ean v\u1ecb cay t\u1ef1 nhi\u00ean c\u00f9ng h\u01b0\u01a1ng th\u01a1m \u0111\u1eb7c tr\u01b0ng, kh\u00f4ng pha l\u1eabn h\u01b0\u01a1ng li\u1ec7u nh\u00e2n t\u1ea1o, khi th\u01b0\u1edfng th\u1ee9c, ch\u1ec9 m\u1ed9t l\u01b0\u1ee3ng nh\u1ecf c\u0169ng \u0111\u1ee7 khi\u1ebfn v\u1ecb gi\u00e1c b\u1eebng t\u1ec9nh v\u00e0 l\u00e0m n\u1ed5i b\u1eadt tr\u1ecdn v\u1eb9n h\u01b0\u01a1ng v\u1ecb nguy\u00ean b\u1ea3n c\u1ee7a m\u00f3n \u0103n.<\/p>\n<p data-start=\"939\" data-end=\"1336\"><img decoding=\"async\" class=\"aligncenter size-full wp-image-42505\" src=\"https:\/\/havamall.com\/wp-content\/uploads\/2025\/10\/karasiyoko2.jpg\" alt=\"\" width=\"800\" height=\"534\" srcset=\"https:\/\/havamall.com\/wp-content\/uploads\/2025\/10\/karasiyoko2.jpg 800w, https:\/\/havamall.com\/wp-content\/uploads\/2025\/10\/karasiyoko2-18x12.jpg 18w, https:\/\/havamall.com\/wp-content\/uploads\/2025\/10\/karasiyoko2-600x401.jpg 600w, https:\/\/havamall.com\/wp-content\/uploads\/2025\/10\/karasiyoko2-150x100.jpg 150w\" sizes=\"(max-width: 800px) 100vw, 800px\" \/><\/p>\n<p data-start=\"1338\" data-end=\"1636\">\u2013 V\u1ecb cay \u0111\u1eadm nh\u01b0ng kh\u00f4ng g\u1eaft, mang phong c\u00e1ch \u0111\u1eb7c tr\u01b0ng c\u1ee7a \u1ea9m th\u1ef1c Nh\u1eadt.<br data-start=\"1411\" data-end=\"1414\" \/>\u2013 H\u01b0\u01a1ng th\u01a1m t\u1ef1 nhi\u00ean t\u1eeb h\u1ea1t c\u1ea3i v\u00e0ng, kh\u00f4ng pha t\u1ea1p, kh\u00f4ng m\u00e0u nh\u00e2n t\u1ea1o.<br data-start=\"1487\" data-end=\"1490\" \/>\u2013 D\u1ea1ng paste m\u1ec1m m\u1ecbn, d\u1ec5 h\u00f2a quy\u1ec7n c\u00f9ng n\u01b0\u1edbc ch\u1ea5m ho\u1eb7c s\u1ed1t.<br data-start=\"1549\" data-end=\"1552\" \/>\u2013 Ti\u1ec7n l\u1ee3i cho nhi\u1ec1u m\u00f3n \u0103n nh\u01b0 oden, shumai, tonkatsu hay b\u00e1nh bao h\u1ea5p ki\u1ec3u Nh\u1eadt.<\/p>\n<p data-start=\"1338\" data-end=\"1636\"><img decoding=\"async\" class=\"aligncenter  wp-image-42504\" src=\"https:\/\/havamall.com\/wp-content\/uploads\/2025\/10\/AdobeStock_58055349-1440x960-1.jpg\" alt=\"\" width=\"801\" height=\"534\" srcset=\"https:\/\/havamall.com\/wp-content\/uploads\/2025\/10\/AdobeStock_58055349-1440x960-1.jpg 1440w, https:\/\/havamall.com\/wp-content\/uploads\/2025\/10\/AdobeStock_58055349-1440x960-1-18x12.jpg 18w, https:\/\/havamall.com\/wp-content\/uploads\/2025\/10\/AdobeStock_58055349-1440x960-1-600x400.jpg 600w, https:\/\/havamall.com\/wp-content\/uploads\/2025\/10\/AdobeStock_58055349-1440x960-1-1200x800.jpg 1200w, https:\/\/havamall.com\/wp-content\/uploads\/2025\/10\/AdobeStock_58055349-1440x960-1-150x100.jpg 150w\" sizes=\"(max-width: 801px) 100vw, 801px\" \/><\/p>\n<p data-start=\"1638\" data-end=\"1920\">Thi\u1ebft k\u1ebf d\u1ea1ng tu\u00fdp nh\u1ecf g\u1ecdn gi\u00fap s\u1eed d\u1ee5ng d\u1ec5 d\u00e0ng v\u00e0 b\u1ea3o qu\u1ea3n ti\u1ec7n l\u1ee3i, n\u1eafp k\u00edn gi\u1eef h\u01b0\u01a1ng v\u1ecb t\u01b0\u01a1i m\u1edbi, ph\u00f9 h\u1ee3p cho c\u1ea3 gia \u0111\u00ecnh l\u1eabn nh\u1eefng ai y\u00eau th\u00edch n\u1ea5u \u0103n tinh t\u1ebf. Ch\u1ec9 c\u1ea7n b\u00f3p nh\u1eb9 m\u1ed9t l\u01b0\u1ee3ng nh\u1ecf, Karashi l\u1eadp t\u1ee9c t\u1ecfa h\u01b0\u01a1ng \u1ea5m n\u1ed3ng, t\u1ea1o \u0111i\u1ec3m nh\u1ea5n cho m\u00f3n \u0103n m\u00e0 kh\u00f4ng l\u1ea5n \u00e1t v\u1ecb ch\u00ednh. \u0110\u1eb7c bi\u1ec7t, m\u00f9 t\u1ea1t S&amp;B Karashi c\u00f2n \u0111\u01b0\u1ee3c \u01b0a chu\u1ed9ng trong vi\u1ec7c pha n\u01b0\u1edbc s\u1ed1t ch\u1ea5m ho\u1eb7c tr\u1ed9n salad ki\u1ec3u Nh\u1eadt. Khi k\u1ebft h\u1ee3p c\u00f9ng n\u01b0\u1edbc t\u01b0\u01a1ng, mayonnaise ho\u1eb7c gi\u1ea5m, Karashi tr\u1edf th\u00e0nh n\u1ec1n h\u01b0\u01a1ng v\u1ecb ho\u00e0n h\u1ea3o cho nh\u1eefng m\u00f3n l\u1ea1nh, h\u1ea3i s\u1ea3n ho\u1eb7c rau c\u1ee7 lu\u1ed9c. Ngo\u00e0i ra, v\u1ecb cay nh\u1eb9 nh\u01b0ng s\u00e2u c\u00f2n gi\u00fap c\u00e2n b\u1eb1ng d\u1ea7u m\u1ee1 trong c\u00e1c m\u00f3n chi\u00ean, \u0111em l\u1ea1i c\u1ea3m gi\u00e1c thanh tho\u00e1t sau b\u1eefa \u0103n.<\/p>\n<p data-start=\"1638\" data-end=\"1920\"><img loading=\"lazy\" decoding=\"async\" class=\"aligncenter  wp-image-42506\" src=\"https:\/\/havamall.com\/wp-content\/uploads\/2025\/10\/kXGexEAk0NAO9EVPPmEx2Daelzx6yojSomMSaThY.webp\" alt=\"\" width=\"800\" height=\"449\" srcset=\"https:\/\/havamall.com\/wp-content\/uploads\/2025\/10\/kXGexEAk0NAO9EVPPmEx2Daelzx6yojSomMSaThY.webp 1600w, https:\/\/havamall.com\/wp-content\/uploads\/2025\/10\/kXGexEAk0NAO9EVPPmEx2Daelzx6yojSomMSaThY-18x10.webp 18w, https:\/\/havamall.com\/wp-content\/uploads\/2025\/10\/kXGexEAk0NAO9EVPPmEx2Daelzx6yojSomMSaThY-600x337.webp 600w, https:\/\/havamall.com\/wp-content\/uploads\/2025\/10\/kXGexEAk0NAO9EVPPmEx2Daelzx6yojSomMSaThY-1200x674.webp 1200w, https:\/\/havamall.com\/wp-content\/uploads\/2025\/10\/kXGexEAk0NAO9EVPPmEx2Daelzx6yojSomMSaThY-150x84.webp 150w\" sizes=\"(max-width: 800px) 100vw, 800px\" \/><\/p>\n<p data-start=\"2284\" data-end=\"2511\">\u2013 Th\u00edch h\u1ee3p d\u00f9ng k\u00e8m c\u00e1c m\u00f3n chi\u00ean r\u00e1n, th\u1ecbt n\u01b0\u1edbng, sashimi ho\u1eb7c dimsum.<br data-start=\"2356\" data-end=\"2359\" \/>\u2013 C\u00f3 th\u1ec3 pha ch\u1ebf th\u00e0nh n\u01b0\u1edbc s\u1ed1t tr\u1ed9n cho m\u00f3n salad ho\u1eb7c topping cho m\u00f3n m\u00ec l\u1ea1nh.<br data-start=\"2439\" data-end=\"2442\" \/>\u2013 Ph\u00f9 h\u1ee3p v\u1edbi kh\u1ea9u v\u1ecb \u00c1 \u0110\u00f4ng, d\u1ec5 k\u1ebft h\u1ee3p c\u00f9ng nhi\u1ec1u lo\u1ea1i th\u1ef1c ph\u1ea9m.<\/p>\n<p data-start=\"2284\" data-end=\"2511\"><img loading=\"lazy\" decoding=\"async\" class=\"aligncenter  wp-image-42507\" src=\"https:\/\/havamall.com\/wp-content\/uploads\/2025\/10\/0.jpg\" alt=\"\" width=\"801\" height=\"534\" srcset=\"https:\/\/havamall.com\/wp-content\/uploads\/2025\/10\/0.jpg 1518w, https:\/\/havamall.com\/wp-content\/uploads\/2025\/10\/0-18x12.jpg 18w, https:\/\/havamall.com\/wp-content\/uploads\/2025\/10\/0-600x400.jpg 600w, https:\/\/havamall.com\/wp-content\/uploads\/2025\/10\/0-1200x800.jpg 1200w, https:\/\/havamall.com\/wp-content\/uploads\/2025\/10\/0-150x100.jpg 150w\" sizes=\"(max-width: 801px) 100vw, 801px\" \/><\/p>\n<p data-start=\"2513\" data-end=\"2927\">S&amp;B Karashi \u0111\u01b0\u1ee3c s\u1ea3n xu\u1ea5t b\u1edfi th\u01b0\u01a1ng hi\u1ec7u S&amp;B \u2013 m\u1ed9t trong nh\u1eefng c\u00e1i t\u00ean h\u00e0ng \u0111\u1ea7u t\u1ea1i Nh\u1eadt B\u1ea3n trong l\u0129nh v\u1ef1c gia v\u1ecb v\u00e0 th\u1ef1c ph\u1ea9m ch\u1ebf bi\u1ebfn. V\u1edbi quy tr\u00ecnh ch\u1ecdn l\u1ecdc nguy\u00ean li\u1ec7u nghi\u00eam ng\u1eb7t v\u00e0 k\u1ef9 thu\u1eadt nghi\u1ec1n h\u1ea1t c\u1ea3i truy\u1ec1n th\u1ed1ng, S&amp;B lu\u00f4n gi\u1eef tr\u1ecdn v\u1eb9n v\u1ecb cay t\u1ef1 nhi\u00ean m\u00e0 v\u1eabn \u0111\u1ea3m b\u1ea3o \u0111\u1ed9 m\u1ecbn, \u0111\u1ed3ng nh\u1ea5t trong t\u1eebng tu\u00fdp. M\u00f9i h\u0103ng \u0111\u1eb7c tr\u01b0ng \u0111\u01b0\u1ee3c ti\u1ebft ch\u1ebf \u1edf m\u1ee9c v\u1eeba ph\u1ea3i, gi\u00fap m\u00f3n \u0103n tr\u1edf n\u00ean h\u1ea5p d\u1eabn m\u00e0 kh\u00f4ng g\u00e2y cay x\u00e8.<\/p>\n<p data-start=\"2513\" data-end=\"2927\"><img loading=\"lazy\" decoding=\"async\" class=\"aligncenter  wp-image-42508\" src=\"https:\/\/havamall.com\/wp-content\/uploads\/2025\/10\/title-1759241078101.jpg\" alt=\"\" width=\"800\" height=\"450\" srcset=\"https:\/\/havamall.com\/wp-content\/uploads\/2025\/10\/title-1759241078101.jpg 1424w, https:\/\/havamall.com\/wp-content\/uploads\/2025\/10\/title-1759241078101-18x10.jpg 18w, https:\/\/havamall.com\/wp-content\/uploads\/2025\/10\/title-1759241078101-600x338.jpg 600w, https:\/\/havamall.com\/wp-content\/uploads\/2025\/10\/title-1759241078101-1200x675.jpg 1200w, https:\/\/havamall.com\/wp-content\/uploads\/2025\/10\/title-1759241078101-150x84.jpg 150w\" sizes=\"(max-width: 800px) 100vw, 800px\" \/><\/p>\n<p data-start=\"2929\" data-end=\"3231\">Khi th\u01b0\u1edfng th\u1ee9c, ch\u1ec9 c\u1ea7n ch\u1ea5m m\u1ed9t l\u01b0\u1ee3ng nh\u1ecf c\u0169ng \u0111\u1ee7 l\u00e0m b\u1eebng l\u00ean h\u01b0\u01a1ng v\u1ecb. C\u1ea3m gi\u00e1c cay lan nh\u1eb9 n\u01a1i \u0111\u1ea7u l\u01b0\u1ee1i, r\u1ed3i d\u1ecbu l\u1ea1i b\u1eb1ng h\u1eadu v\u1ecb ng\u1ecdt thanh \u2013 m\u1ed9t tr\u1ea3i nghi\u1ec7m v\u1eeba m\u1ea1nh m\u1ebd v\u1eeba tinh t\u1ebf. M\u00f9 t\u1ea1t S&amp;B Karashi kh\u00f4ng ch\u1ec9 l\u00e0 gia v\u1ecb, m\u00e0 c\u00f2n l\u00e0 y\u1ebfu t\u1ed1 gi\u00fap gi\u1eef tr\u1ecdn tinh th\u1ea7n \u1ea9m th\u1ef1c Nh\u1eadt trong t\u1eebng b\u1eefa \u0103n,\u00a0mang l\u1ea1i chi\u1ec1u s\u00e2u h\u01b0\u01a1ng v\u1ecb kh\u00f3 qu\u00ean, hi\u1ec7n \u0111ang \u0111\u01b0\u1ee3c b\u00e1n t\u1ea1i Havamall.<\/p>","protected":false},"excerpt":{"rendered":"<h3>\u0110\u1eccC K\u1ef8 ~ Ch\u00ednh s\u00e1ch giao h\u00e0ng t\u1ea1i Havamall<\/h3>\n<h4><b>1. Giao h\u00e0ng t\u1ea1i TP.HCM<\/b><\/h4>\n<ul>\n<li><b>\u0110\u1ed3 kh\u00f4 (Giao trong 1-2 ng\u00e0y sau khi \u0111\u01b0\u1ee3c g\u1ecdi x\u00e1c nh\u1eadn \u0111\u01a1n):<\/b>\n<ul>\n<li><b>Mi\u1ec5n ph\u00ed ship<\/b>\u00a0v\u1edbi \u0111\u01a1n\u00a0<em><strong>tr\u00ean 500.000\u20ab.\u00a0<\/strong>C<\/em>\u00e1c \u0111\u01a1n\u00a0<strong><em>d\u01b0\u1edbi 500.000\u20ab<\/em><\/strong>, ph\u00ed ship l\u00e0\u00a0<b>30.000\u20ab<\/b>.\u00a0<strong>Kh\u00f4ng \u00e1p d\u1ee5ng cho \u0111\u01a1n s\u1ec9, \u0111\u01a1n h\u00e0ng tr\u00ean 10kg, \u0111\u1ed3 \u0111\u00f4ng l\u1ea1nh ho\u1eb7c tr\u00e1i c\u00e2y.<\/strong><\/li>\n<\/ul>\n<\/li>\n<\/ul>\n<h4><b>2. Giao h\u00e0ng to\u00e0n qu\u1ed1c ( Ch\u1ec9\u00a0<\/b><b>\u0110\u1ed3 kh\u00f4: nh\u1eadn h\u00e0ng sau 3 \u2013 5 ng\u00e0y)<\/b><\/h4>\n<ul>\n<li><em>*Kh\u00f4ng \u00e1p d\u1ee5ng cho \u0111\u01a1n s\u1ec9, \u0111\u01a1n h\u00e0ng tr\u00ean 10kg*:\u00a0<\/em>Ph\u00ed ship m\u1eb7c \u0111\u1ecbnh\u00a0<b>30.000\u20ab.\u00a0<\/b>\u0110\u01a1n h\u00e0ng\u00a0<strong><em>tr\u00ean 2.000.000\u20ab ch\u1ec9 ch\u1ea5p nh\u1eadn thanh to\u00e1n chuy\u1ec3n kho\u1ea3n.<\/em><\/strong><\/li>\n<\/ul>\n<h4><b>3. L\u01b0u \u00fd chung<\/b><\/h4>\n<ul>\n<li>C\u00e1c m\u1eb7t h\u00e0ng c\u1ed3ng k\u1ec1nh, n\u1eb7ng tr\u00ean 5kg c\u00f3 th\u1ec3 ph\u00e1t sinh ph\u1ee5 ph\u00ed.<\/li>\n<li>M\u1ecdi th\u1eafc m\u1eafc kh\u00e1c vui l\u00f2ng li\u00ean h\u1ec7\u00a0<b>Hotline: 0946229642<\/b>\u00a0\u0111\u1ec3 \u0111\u01b0\u1ee3c h\u1ed7 tr\u1ee3.<\/li>\n<\/ul>","protected":false},"featured_media":42502,"comment_status":"open","ping_status":"closed","template":"","meta":[],"product_brand":[],"product_cat":[154,722,705],"product_tag":[],"class_list":{"0":"post-42501","1":"product","2":"type-product","3":"status-publish","4":"has-post-thumbnail","6":"product_cat-gia-vi","7":"product_cat-nhap-khau-nhat-ban","8":"product_cat-sot-do-hop","10":"first","11":"instock","12":"sale","13":"shipping-taxable","14":"purchasable","15":"product-type-simple"},"_links":{"self":[{"href":"https:\/\/havamall.com\/en\/wp-json\/wp\/v2\/product\/42501","targetHints":{"allow":["GET"]}}],"collection":[{"href":"https:\/\/havamall.com\/en\/wp-json\/wp\/v2\/product"}],"about":[{"href":"https:\/\/havamall.com\/en\/wp-json\/wp\/v2\/types\/product"}],"replies":[{"embeddable":true,"href":"https:\/\/havamall.com\/en\/wp-json\/wp\/v2\/comments?post=42501"}],"version-history":[{"count":0,"href":"https:\/\/havamall.com\/en\/wp-json\/wp\/v2\/product\/42501\/revisions"}],"wp:featuredmedia":[{"embeddable":true,"href":"https:\/\/havamall.com\/en\/wp-json\/wp\/v2\/media\/42502"}],"wp:attachment":[{"href":"https:\/\/havamall.com\/en\/wp-json\/wp\/v2\/media?parent=42501"}],"wp:term":[{"taxonomy":"product_brand","embeddable":true,"href":"https:\/\/havamall.com\/en\/wp-json\/wp\/v2\/product_brand?post=42501"},{"taxonomy":"product_cat","embeddable":true,"href":"https:\/\/havamall.com\/en\/wp-json\/wp\/v2\/product_cat?post=42501"},{"taxonomy":"product_tag","embeddable":true,"href":"https:\/\/havamall.com\/en\/wp-json\/wp\/v2\/product_tag?post=42501"}],"curies":[{"name":"wp","href":"https:\/\/api.w.org\/{rel}","templated":true}]}}