{"id":42519,"date":"2025-10-05T11:53:30","date_gmt":"2025-10-05T04:53:30","guid":{"rendered":"https:\/\/havamall.com\/?post_type=product&#038;p=42519"},"modified":"2025-10-05T11:53:34","modified_gmt":"2025-10-05T04:53:34","slug":"keo-abekko-ramune-70g-abekko-ramune-candy-bag","status":"publish","type":"product","link":"https:\/\/havamall.com\/en\/shop\/keo-abekko-ramune-70g-abekko-ramune-candy-bag\/","title":{"rendered":"K\u1eb9o Abekko Ramune 70g \u2013 Abekko Ramune Candy Bag"},"content":{"rendered":"<blockquote>\n<h2><em><strong>TH\u00d4NG TIN CHUNG<\/strong><\/em><\/h2>\n<\/blockquote>\n<table style=\"width: 57.3556%;height: 100px\">\n<tbody>\n<tr>\n<td><b>Xu\u1ea5t x\u1ee9<\/b><\/td>\n<td>Nh\u1eadt B\u1ea3n<\/td>\n<\/tr>\n<tr>\n<td><b>Th\u00e0nh ph\u1ea7n<\/b><\/td>\n<td>Xem tr\u1ef1c ti\u1ebfp tr\u00ean bao b\u00ec<\/td>\n<\/tr>\n<tr>\n<td><b>H\u1ea1n s\u1eed d\u1ee5ng<\/b><\/td>\n<td>Xem tr\u1ef1c ti\u1ebfp tr\u00ean bao b\u00ec<\/td>\n<\/tr>\n<tr>\n<td><b>B\u1ea3o qu\u1ea3n<\/b><\/td>\n<td>B\u1ea3o qu\u1ea3n n\u01a1i kh\u00f4 r\u00e1o, tho\u00e1ng m\u00e1t<\/td>\n<\/tr>\n<tr>\n<td><b>Kh\u1ed1i l\u01b0\u1ee3ng<\/b><\/td>\n<td>70g<\/td>\n<\/tr>\n<\/tbody>\n<\/table>\n<p data-start=\"332\" data-end=\"784\">Trong th\u1ebf gi\u1edbi k\u1eb9o Nh\u1eadt B\u1ea3n, Ramune kh\u00f4ng ch\u1ec9 l\u00e0 h\u01b0\u01a1ng v\u1ecb quen thu\u1ed9c c\u1ee7a nh\u1eefng chai n\u01b0\u1edbc ng\u1ecdt n\u1ed5i ti\u1ebfng m\u00e0 c\u00f2n l\u00e0 c\u1ea3m h\u1ee9ng cho nhi\u1ec1u d\u00f2ng k\u1eb9o \u0111\u1ed9c \u0111\u00e1o \u2013 n\u01a1i v\u1ecb ng\u1ecdt m\u00e1t h\u00f2a quy\u1ec7n c\u00f9ng c\u1ea3m gi\u00e1c tan nh\u1eb9 trong mi\u1ec7ng, t\u1ea1o n\u00ean tr\u1ea3i nghi\u1ec7m kh\u00f3 qu\u00ean. T\u1eeb tinh th\u1ea7n \u0111\u00f3,\u00a0<strong data-start=\"592\" data-end=\"613\">K\u1eb9o Abekko Ramune<\/strong>\u00a0ra \u0111\u1eddi, mang \u0111\u1eadm phong c\u00e1ch \u0111\u00e1ng y\u00eau v\u00e0 tinh t\u1ebf \u0111\u1eb7c tr\u01b0ng c\u1ee7a Nh\u1eadt, v\u1eeba l\u00e0 m\u00f3n \u0103n v\u1eb7t vui mi\u1ec7ng, v\u1eeba l\u00e0 \u201cng\u01b0\u1eddi b\u1ea1n nh\u1ecf\u201d \u0111\u01b0\u1ee3c nhi\u1ec1u b\u1eadc cha m\u1eb9 l\u1ef1a ch\u1ecdn cho tr\u1ebb bi\u1ebfng \u0103n.<\/p>\n<p data-start=\"332\" data-end=\"784\"><img fetchpriority=\"high\" decoding=\"async\" class=\"aligncenter  wp-image-42522\" src=\"https:\/\/havamall.com\/wp-content\/uploads\/2025\/10\/502398734_17960818571949368_5506830899113179998_n.jpg\" alt=\"\" width=\"800\" height=\"800\" srcset=\"https:\/\/havamall.com\/wp-content\/uploads\/2025\/10\/502398734_17960818571949368_5506830899113179998_n.jpg 1125w, https:\/\/havamall.com\/wp-content\/uploads\/2025\/10\/502398734_17960818571949368_5506830899113179998_n-150x150.jpg 150w, https:\/\/havamall.com\/wp-content\/uploads\/2025\/10\/502398734_17960818571949368_5506830899113179998_n-12x12.jpg 12w, https:\/\/havamall.com\/wp-content\/uploads\/2025\/10\/502398734_17960818571949368_5506830899113179998_n-600x600.jpg 600w\" sizes=\"(max-width: 800px) 100vw, 800px\" \/><\/p>\n<p data-start=\"1341\" data-end=\"1794\">\u0110i\u1ec3m \u0111\u1eb7c bi\u1ec7t kh\u00e1c c\u1ee7a Abekko Ramune n\u1eb1m \u1edf <strong data-start=\"1388\" data-end=\"1458\">th\u00e0nh ph\u1ea7n thu\u1ea7n t\u1ef1 nhi\u00ean, kh\u00f4ng ch\u1ee9a c\u00e1c ch\u1ea5t g\u00e2y d\u1ecb \u1ee9ng ph\u1ed5 bi\u1ebfn<\/strong> nh\u01b0 tr\u1ee9ng, s\u1eefa, l\u00faa m\u00ec, \u0111\u1eadu ph\u1ed9ng, t\u00f4m, cua hay c\u00e1c ph\u1ea9m m\u00e0u t\u1ed5ng h\u1ee3p. \u0110i\u1ec1u n\u00e0y cho ph\u00e9p cha m\u1eb9 ho\u00e0n to\u00e0n y\u00ean t\u00e2m khi cho tr\u1ebb s\u1eed d\u1ee5ng, \u0111\u1eb7c bi\u1ec7t v\u1edbi nh\u1eefng b\u00e9 c\u00f3 c\u01a1 \u0111\u1ecba nh\u1ea1y c\u1ea3m, ch\u00ednh s\u1ef1 c\u1ea9n tr\u1ecdng trong t\u1eebng nguy\u00ean li\u1ec7u \u0111\u00e3 th\u1ec3 hi\u1ec7n tinh th\u1ea7n \u201cmonozukuri\u201d \u2013 tinh th\u1ea7n l\u00e0m ra s\u1ea3n ph\u1ea9m t\u1ec9 m\u1ec9, chu\u1ea9n m\u1ef1c v\u00e0 nh\u00e2n v\u0103n v\u1ed1n c\u00f3 c\u1ee7a ng\u01b0\u1eddi Nh\u1eadt.<\/p>\n<p data-start=\"1341\" data-end=\"1794\"><img decoding=\"async\" class=\"aligncenter\" src=\"https:\/\/havamall.com\/wp-content\/uploads\/2025\/10\/4550583735081_02_org.jpg\" width=\"800\" height=\"800\" \/><\/p>\n<p data-start=\"1796\" data-end=\"2200\">K\u1eb9o c\u00f3\u00a0<strong data-start=\"1803\" data-end=\"1840\">nhi\u1ec1u h\u01b0\u01a1ng v\u1ecb tr\u00e1i c\u00e2y phong ph\u00fa<\/strong>\u00a0nh\u01b0 nho, d\u00e2u, t\u00e1o, cam v\u00e0 chanh, \u0111\u01b0\u1ee3c \u0111\u00f3ng g\u00f3i nh\u1ecf g\u1ecdn, ti\u1ec7n l\u1ee3i cho t\u1eebng l\u1ea7n d\u00f9ng. M\u1ed7i vi\u00ean k\u1eb9o nh\u01b0 m\u1ed9t \u201cvi\u00ean vitamin v\u1ecb ng\u1ecdt\u201d gi\u00fap tr\u1ebb th\u00eam n\u0103ng l\u01b0\u1ee3ng, c\u1ea3i thi\u1ec7n t\u00e2m tr\u1ea1ng v\u00e0 kh\u01a1i d\u1eady c\u1ea3m gi\u00e1c th\u00e8m \u0103n t\u1ef1 nhi\u00ean. H\u01b0\u01a1ng th\u01a1m d\u1ecbu nh\u1eb9, v\u1ecb tan nhanh n\u01a1i \u0111\u1ea7u l\u01b0\u1ee1i c\u00f9ng c\u1ea3m gi\u00e1c m\u00e1t l\u1ea1nh \u0111\u1eb7c tr\u01b0ng c\u1ee7a Ramune khi\u1ebfn kh\u00f4ng ch\u1ec9 tr\u1ebb em m\u00e0 c\u1ea3 ng\u01b0\u1eddi l\u1edbn c\u0169ng y\u00eau th\u00edch.<\/p>\n<p data-start=\"1796\" data-end=\"2200\"><img decoding=\"async\" class=\"aligncenter\" src=\"https:\/\/havamall.com\/wp-content\/uploads\/2025\/10\/d72496ad1caedb1b215931a0730726c9.jpg\" alt=\"T\u1ed1t cho s\u1ee9c kh\u1ecfe ] Combo 1000g Prebiotics k\u1eb9o vi\u00ean n\u00e9n s\u1eefa b\u00f2 non B\u1ed5 sung Canxi v\u00e0 d\u01b0\u1ee1ng ch\u1ea5t Kh\u00f4ng \u0111\u01b0\u1eddng \u0103n v\u1eb7t ngon \u0111\u00e3 nghi\u1ec1n | Lazada.vn\" \/><\/p>\n<p data-start=\"2721\" data-end=\"3144\">T\u1ea1i Nh\u1eadt, k\u1eb9o Ramune th\u01b0\u1eddng \u0111\u01b0\u1ee3c khuy\u1ebfn ngh\u1ecb\u00a0<strong data-start=\"2766\" data-end=\"2805\">d\u00f9ng v\u1edbi l\u01b0\u1ee3ng ph\u00f9 h\u1ee3p theo \u0111\u1ed9 tu\u1ed5i<\/strong>. Tr\u1ebb nh\u1ecf d\u01b0\u1edbi 1 tu\u1ed5i n\u00ean d\u00f9ng r\u1ea5t \u00edt, ch\u1ec9 t\u1eeb 1 \u2013 2 vi\u00ean\/ng\u00e0y, d\u01b0\u1edbi s\u1ef1 quan s\u00e1t c\u1ee7a ng\u01b0\u1eddi l\u1edbn. Tr\u1ebb t\u1eeb 1 \u0111\u1ebfn 3 tu\u1ed5i c\u00f3 th\u1ec3 d\u00f9ng 2 \u2013 4 vi\u00ean, c\u00f2n tr\u00ean 4 tu\u1ed5i c\u00f3 th\u1ec3 \u0103n nhi\u1ec1u h\u01a1n t\u00f9y kh\u1ea3 n\u0103ng nhai nu\u1ed1t. Nh\u1edd c\u00f4ng th\u1ee9c \u00edt \u0111\u01b0\u1eddng, kh\u00f4ng h\u00f3a ch\u1ea5t, Abekko Ramune v\u1eeba gi\u00fap b\u1ed5 sung n\u0103ng l\u01b0\u1ee3ng t\u1ee9c th\u00ec, v\u1eeba kh\u00f4ng \u1ea3nh h\u01b0\u1edfng \u0111\u1ebfn r\u0103ng mi\u1ec7ng c\u1ee7a tr\u1ebb nh\u1ecf.<\/p>\n<p data-start=\"3146\" data-end=\"3451\">Ngo\u00e0i ra, Ramune c\u00f2n c\u00f3\u00a0<strong data-start=\"3170\" data-end=\"3220\">\u0111\u1eb7c t\u00ednh h\u1ed7 tr\u1ee3 ti\u00eau h\u00f3a v\u00e0 l\u00e0m d\u1ecbu d\u1ea1 d\u00e0y nh\u1eb9<\/strong>, nh\u1edd th\u00e0nh ph\u1ea7n glucose d\u1ec5 h\u1ea5p thu, gi\u00fap tr\u1ebb b\u1edbt c\u1ea3m gi\u00e1c \u0111\u1ea7y b\u1ee5ng v\u00e0 t\u0103ng c\u1ea3m gi\u00e1c ngon mi\u1ec7ng. V\u1edbi nh\u1eefng b\u00e9 k\u00e9n \u0103n, ch\u1ec9 c\u1ea7n m\u1ed9t vi\u00ean k\u1eb9o nh\u1ecf tan trong mi\u1ec7ng c\u0169ng c\u00f3 th\u1ec3 \u0111\u00e1nh th\u1ee9c v\u1ecb gi\u00e1c, gi\u00fap b\u1eefa \u0103n sau \u0111\u00f3 tr\u1edf n\u00ean d\u1ec5 ch\u1ecbu h\u01a1n.<\/p>\n<p data-start=\"3146\" data-end=\"3451\"><img decoding=\"async\" class=\"aligncenter\" src=\"https:\/\/upload.wikimedia.org\/wikipedia\/commons\/5\/5d\/KUPPY_RAMUNE_-_Kakudaiseika.jpg\" alt=\"\u30af\u30c3\u30d4\u30fc\u30e9\u30e0\u30cd - Wikipedia\" width=\"799\" height=\"533\" \/><\/p>\n<p data-start=\"3453\" data-end=\"3883\">K\u1eb9o Abekko Ramune kh\u00f4ng ch\u1ec9 d\u00e0nh cho tr\u1ebb em. V\u1edbi nhi\u1ec1u ng\u01b0\u1eddi l\u1edbn, \u0111\u00e2y c\u00f2n l\u00e0\u00a0<strong data-start=\"3530\" data-end=\"3550\">m\u00f3n k\u1eb9o tu\u1ed5i th\u01a1<\/strong>\u00a0g\u1ee3i nh\u1edb h\u01b0\u01a1ng v\u1ecb trong s\u00e1ng c\u1ee7a nh\u1eefng n\u0103m th\u00e1ng \u0111\u1ea7u \u0111\u1eddi \u2013 v\u1ecb ng\u1ecdt m\u00e1t, tho\u1ea3ng h\u01b0\u01a1ng tr\u00e1i c\u00e2y v\u00e0 c\u1ea3m gi\u00e1c nh\u1eb9 tan \u0111\u1ea7y tinh khi\u1ebft. C\u0169ng v\u00ec th\u1ebf, Ramune kh\u00f4ng ch\u1ec9 \u0111\u01b0\u1ee3c b\u00e0y b\u00e1n trong si\u00eau th\u1ecb, m\u00e0 c\u00f2n xu\u1ea5t hi\u1ec7n trong c\u00e1c c\u1eeda h\u00e0ng ti\u1ec7n l\u1ee3i, tr\u01b0\u1eddng h\u1ecdc v\u00e0 nh\u1eefng d\u1ecbp l\u1ec5 h\u1ed9i m\u00f9a h\u00e8 t\u1ea1i Nh\u1eadt B\u1ea3n, nh\u01b0 m\u1ed9t bi\u1ec3u t\u01b0\u1ee3ng nh\u1ecf c\u1ee7a ni\u1ec1m vui gi\u1ea3n d\u1ecb.<\/p>\n<p data-start=\"3453\" data-end=\"3883\"><img loading=\"lazy\" decoding=\"async\" class=\"aligncenter\" src=\"https:\/\/havamall.com\/wp-content\/uploads\/2025\/10\/2016-06-14-20.26.18.jpg\" alt=\"\u30d5\u30eb\u30fc\u30c4\u30e9\u30e0\u30cd\u300f\u30b9\u30a4\u30fc\u30c8\u30d7\u30e9\u30b6 | \u30e9\u30e0\u30cd\u30de\u30cb\u30a2\" width=\"800\" height=\"774\" \/><\/p>\n<p data-start=\"3885\" data-end=\"4221\">K\u1eb9o Abekko Ramune 70g \u2013 Abekko Ramune Candy Bag l\u00e0 minh ch\u1ee9ng r\u00f5 n\u00e9t cho s\u1ef1 chu \u0111\u00e1o c\u1ee7a ng\u01b0\u1eddi Nh\u1eadt trong t\u1eebng chi ti\u1ebft: t\u1eeb th\u00e0nh ph\u1ea7n an to\u00e0n, h\u01b0\u01a1ng v\u1ecb tinh t\u1ebf, bao b\u00ec \u0111\u00e1ng y\u00eau cho \u0111\u1ebfn c\u00f4ng d\u1ee5ng th\u1ef1c t\u1ebf v\u1edbi tr\u1ebb nh\u1ecf. M\u1ed9t m\u00f3n k\u1eb9o t\u01b0\u1edfng ch\u1eebng nh\u1ecf b\u00e9 nh\u01b0ng l\u1ea1i mang \u0111\u1ebfn s\u1ef1 ch\u0103m s\u00f3c nh\u1eb9 nh\u00e0ng, ni\u1ec1m vui v\u00e0 n\u0103ng l\u01b0\u1ee3ng t\u00edch c\u1ef1c cho m\u1ed7i ng\u00e0y.<\/p>\n<p data-start=\"4223\" data-end=\"4313\">Hi\u1ec7n\u00a0<strong data-start=\"4228\" data-end=\"4279\">K\u1eb9o Abekko Ramune 70g \u2013 Abekko Ramune Candy Bag<\/strong>\u00a0\u0111ang \u0111\u01b0\u1ee3c b\u00e1n t\u1ea1i\u00a0<strong data-start=\"4298\" data-end=\"4310\">Havamall<\/strong>.<\/p>","protected":false},"excerpt":{"rendered":"<h3>\u0110\u1eccC K\u1ef8 ~ Ch\u00ednh s\u00e1ch giao h\u00e0ng t\u1ea1i Havamall<\/h3>\n<h4><b>1. Giao h\u00e0ng t\u1ea1i TP.HCM<\/b><\/h4>\n<ul>\n<li><b>\u0110\u1ed3 kh\u00f4 (Giao trong 1-2 ng\u00e0y sau khi \u0111\u01b0\u1ee3c g\u1ecdi x\u00e1c nh\u1eadn \u0111\u01a1n):<\/b>\n<ul>\n<li><b>Mi\u1ec5n ph\u00ed ship<\/b>\u00a0v\u1edbi \u0111\u01a1n\u00a0<em><strong>tr\u00ean 500.000\u20ab.\u00a0<\/strong>C<\/em>\u00e1c \u0111\u01a1n\u00a0<strong><em>d\u01b0\u1edbi 500.000\u20ab<\/em><\/strong>, ph\u00ed ship l\u00e0\u00a0<b>30.000\u20ab<\/b>.\u00a0<strong>Kh\u00f4ng \u00e1p d\u1ee5ng cho \u0111\u01a1n s\u1ec9, \u0111\u01a1n h\u00e0ng tr\u00ean 10kg, \u0111\u1ed3 \u0111\u00f4ng l\u1ea1nh ho\u1eb7c tr\u00e1i c\u00e2y.<\/strong><\/li>\n<\/ul>\n<\/li>\n<\/ul>\n<h4><b>2. Giao h\u00e0ng to\u00e0n qu\u1ed1c ( Ch\u1ec9\u00a0<\/b><b>\u0110\u1ed3 kh\u00f4: nh\u1eadn h\u00e0ng sau 3 \u2013 5 ng\u00e0y)<\/b><\/h4>\n<ul>\n<li><em>*Kh\u00f4ng \u00e1p d\u1ee5ng cho \u0111\u01a1n s\u1ec9, \u0111\u01a1n h\u00e0ng tr\u00ean 10kg*:\u00a0<\/em>Ph\u00ed ship m\u1eb7c \u0111\u1ecbnh\u00a0<b>30.000\u20ab.\u00a0<\/b>\u0110\u01a1n h\u00e0ng\u00a0<strong><em>tr\u00ean 2.000.000\u20ab ch\u1ec9 ch\u1ea5p nh\u1eadn thanh to\u00e1n chuy\u1ec3n kho\u1ea3n.<\/em><\/strong><\/li>\n<\/ul>\n<h4><b>3. L\u01b0u \u00fd chung<\/b><\/h4>\n<ul>\n<li>C\u00e1c m\u1eb7t h\u00e0ng c\u1ed3ng k\u1ec1nh, n\u1eb7ng tr\u00ean 5kg c\u00f3 th\u1ec3 ph\u00e1t sinh ph\u1ee5 ph\u00ed.<\/li>\n<li>M\u1ecdi th\u1eafc m\u1eafc kh\u00e1c vui l\u00f2ng li\u00ean h\u1ec7\u00a0<b>Hotline: 0946229642<\/b>\u00a0\u0111\u1ec3 \u0111\u01b0\u1ee3c h\u1ed7 tr\u1ee3.<\/li>\n<\/ul>","protected":false},"featured_media":42520,"comment_status":"open","ping_status":"closed","template":"","meta":[],"product_brand":[],"product_cat":[133,397,722],"product_tag":[],"class_list":{"0":"post-42519","1":"product","2":"type-product","3":"status-publish","4":"has-post-thumbnail","6":"product_cat-banh-keo-chocolate","7":"product_cat-hang-me-be-do-choi","8":"product_cat-nhap-khau-nhat-ban","10":"first","11":"instock","12":"sale","13":"shipping-taxable","14":"purchasable","15":"product-type-simple"},"_links":{"self":[{"href":"https:\/\/havamall.com\/en\/wp-json\/wp\/v2\/product\/42519","targetHints":{"allow":["GET"]}}],"collection":[{"href":"https:\/\/havamall.com\/en\/wp-json\/wp\/v2\/product"}],"about":[{"href":"https:\/\/havamall.com\/en\/wp-json\/wp\/v2\/types\/product"}],"replies":[{"embeddable":true,"href":"https:\/\/havamall.com\/en\/wp-json\/wp\/v2\/comments?post=42519"}],"version-history":[{"count":0,"href":"https:\/\/havamall.com\/en\/wp-json\/wp\/v2\/product\/42519\/revisions"}],"wp:featuredmedia":[{"embeddable":true,"href":"https:\/\/havamall.com\/en\/wp-json\/wp\/v2\/media\/42520"}],"wp:attachment":[{"href":"https:\/\/havamall.com\/en\/wp-json\/wp\/v2\/media?parent=42519"}],"wp:term":[{"taxonomy":"product_brand","embeddable":true,"href":"https:\/\/havamall.com\/en\/wp-json\/wp\/v2\/product_brand?post=42519"},{"taxonomy":"product_cat","embeddable":true,"href":"https:\/\/havamall.com\/en\/wp-json\/wp\/v2\/product_cat?post=42519"},{"taxonomy":"product_tag","embeddable":true,"href":"https:\/\/havamall.com\/en\/wp-json\/wp\/v2\/product_tag?post=42519"}],"curies":[{"name":"wp","href":"https:\/\/api.w.org\/{rel}","templated":true}]}}