{"id":42528,"date":"2025-10-06T10:47:43","date_gmt":"2025-10-06T03:47:43","guid":{"rendered":"https:\/\/havamall.com\/?post_type=product&#038;p=42528"},"modified":"2025-10-06T10:47:43","modified_gmt":"2025-10-06T03:47:43","slug":"giam-tao-nhat-ban-tamanoi-chai-500ml-apple-vinegar-tamanoi","status":"publish","type":"product","link":"https:\/\/havamall.com\/en\/shop\/giam-tao-nhat-ban-tamanoi-chai-500ml-apple-vinegar-tamanoi\/","title":{"rendered":"Gi\u1ea5m T\u00e1o Nh\u1eadt B\u1ea3n TAMANOI Chai 500ml \u2013 Apple Vinegar TAMANOI"},"content":{"rendered":"<blockquote>\n<h2><em><strong>TH\u00d4NG TIN CHUNG<\/strong><\/em><\/h2>\n<\/blockquote>\n<table style=\"width: 71.6816%;height: 182px\">\n<tbody>\n<tr>\n<td><b>Th\u01b0\u01a1ng hi\u1ec7u<\/b><\/td>\n<td>TAMANOI<\/td>\n<\/tr>\n<tr>\n<td><b>Xu\u1ea5t x\u1ee9<\/b><\/td>\n<td>Nh\u1eadt B\u1ea3n<\/td>\n<\/tr>\n<tr>\n<td><b>Th\u00e0nh ph\u1ea7n<\/b><\/td>\n<td>Xem tr\u1ef1c ti\u1ebfp tr\u00ean bao b\u00ec<\/td>\n<\/tr>\n<tr>\n<td><b>H\u1ea1n s\u1eed d\u1ee5ng<\/b><\/td>\n<td>Xem tr\u1ef1c ti\u1ebfp tr\u00ean bao b\u00ec<\/td>\n<\/tr>\n<tr>\n<td><b>B\u1ea3o qu\u1ea3n<\/b><\/td>\n<td>B\u1ea3o qu\u1ea3n n\u01a1i kh\u00f4 r\u00e1o, tho\u00e1ng m\u00e1t<\/td>\n<\/tr>\n<tr>\n<td><b>Kh\u1ed1i l\u01b0\u1ee3ng<\/b><\/td>\n<td>500ml<\/td>\n<\/tr>\n<\/tbody>\n<\/table>\n<p data-start=\"404\" data-end=\"891\">Trong v\u0103n h\u00f3a \u1ea9m th\u1ef1c Nh\u1eadt B\u1ea3n, gi\u1ea5m kh\u00f4ng ch\u1ec9 \u0111\u01b0\u1ee3c xem nh\u01b0 m\u1ed9t lo\u1ea1i gia v\u1ecb ph\u1ee5 tr\u1ee3 m\u00e0 c\u00f2n l\u00e0 y\u1ebfu t\u1ed1 tinh t\u1ebf quy\u1ebft \u0111\u1ecbnh \u0111\u1ed9 c\u00e2n b\u1eb1ng trong h\u01b0\u01a1ng v\u1ecb c\u1ee7a m\u00f3n \u0103n, gi\u1eefa v\u00f4 v\u00e0n lo\u1ea1i gi\u1ea5m l\u00ean men, gi\u1ea5m t\u00e1o l\u1ea1i mang \u0111\u1ebfn s\u1eafc th\u00e1i ri\u00eang \u2013 nh\u1eb9 nh\u00e0ng, thanh khi\u1ebft, g\u1ee3i c\u1ea3m gi\u00e1c t\u01b0\u01a1i m\u00e1t nh\u01b0 h\u01b0\u01a1ng gi\u00f3 \u0111\u1ea7u m\u00f9a thu.<\/p>\n<p data-start=\"404\" data-end=\"891\"><img fetchpriority=\"high\" decoding=\"async\" class=\"aligncenter  wp-image-42530\" src=\"https:\/\/havamall.com\/wp-content\/uploads\/2025\/10\/532124269_10225947534029944_2504424022060920363_n.jpg\" alt=\"\" width=\"801\" height=\"960\" srcset=\"https:\/\/havamall.com\/wp-content\/uploads\/2025\/10\/532124269_10225947534029944_2504424022060920363_n.jpg 854w, https:\/\/havamall.com\/wp-content\/uploads\/2025\/10\/532124269_10225947534029944_2504424022060920363_n-10x12.jpg 10w, https:\/\/havamall.com\/wp-content\/uploads\/2025\/10\/532124269_10225947534029944_2504424022060920363_n-600x719.jpg 600w, https:\/\/havamall.com\/wp-content\/uploads\/2025\/10\/532124269_10225947534029944_2504424022060920363_n-150x180.jpg 150w\" sizes=\"(max-width: 801px) 100vw, 801px\" \/><\/p>\n<p data-start=\"893\" data-end=\"1368\">Kh\u00f4ng ch\u1ec9 \u0111\u01a1n thu\u1ea7n l\u00e0 v\u1ecb chua c\u1ee7a gi\u1ea5m, <em><strong>Tamanoi<\/strong> <\/em>mang \u0111\u1ebfn h\u01b0\u01a1ng t\u00e1o d\u1ecbu ng\u1ecdt, d\u1ec5 ch\u1ecbu, kh\u00f4ng g\u1eaft, kh\u00f4ng h\u0103ng. Khi m\u1edf n\u1eafp chai, m\u00f9i th\u01a1m thanh nh\u1eb9 lan ra, ph\u1ea3ng ph\u1ea5t nh\u01b0 h\u01b0\u01a1ng t\u00e1o ch\u00edn h\u00f2a l\u1eabn ch\u00fat men chua d\u1ecbu, t\u1ea1o n\u00ean c\u1ea3m gi\u00e1c d\u1ec5 ch\u1ecbu m\u00e0 tinh t\u1ebf. Gi\u1ea5m t\u00e1o Tamanoi \u0111\u01b0\u1ee3c s\u1ea3n xu\u1ea5t t\u1eeb qu\u00e1 tr\u00ecnh l\u00ean men t\u1ef1 nhi\u00ean c\u1ee7a n\u01b0\u1edbc t\u00e1o t\u01b0\u01a1i, nh\u1edd \u0111\u00f3 gi\u1eef tr\u1ecdn vitamin, acid amin v\u00e0 c\u00e1c enzyme c\u00f3 l\u1ee3i, \u0111\u1ed3ng th\u1eddi mang l\u1ea1i s\u1eafc v\u00e0ng m\u1eadt ong trong su\u1ed1t, th\u1ec3 hi\u1ec7n \u0111\u1ed9 tinh khi\u1ebft \u0111\u1eb7c tr\u01b0ng c\u1ee7a s\u1ea3n ph\u1ea9m.<\/p>\n<p data-start=\"893\" data-end=\"1368\"><img decoding=\"async\" class=\"aligncenter  wp-image-42531\" src=\"https:\/\/havamall.com\/wp-content\/uploads\/2025\/10\/cong-thuc-detox-giam-mo-bung-congerdesignPixabay-e1621654854166.jpg\" alt=\"\" width=\"801\" height=\"666\" srcset=\"https:\/\/havamall.com\/wp-content\/uploads\/2025\/10\/cong-thuc-detox-giam-mo-bung-congerdesignPixabay-e1621654854166.jpg 1000w, https:\/\/havamall.com\/wp-content\/uploads\/2025\/10\/cong-thuc-detox-giam-mo-bung-congerdesignPixabay-e1621654854166-14x12.jpg 14w, https:\/\/havamall.com\/wp-content\/uploads\/2025\/10\/cong-thuc-detox-giam-mo-bung-congerdesignPixabay-e1621654854166-600x499.jpg 600w, https:\/\/havamall.com\/wp-content\/uploads\/2025\/10\/cong-thuc-detox-giam-mo-bung-congerdesignPixabay-e1621654854166-150x125.jpg 150w\" sizes=\"(max-width: 801px) 100vw, 801px\" \/><\/p>\n<p data-start=\"1370\" data-end=\"1632\">Gi\u1ea5m t\u00e1o l\u00e0 lo\u1ea1i gia v\u1ecb \u0111\u1eb7c bi\u1ec7t v\u00ec n\u00f3 c\u00f3 th\u1ec3 \u201ch\u00f3a th\u00e2n\u201d trong r\u1ea5t nhi\u1ec1u m\u00f3n \u0103n, t\u1eeb \u1ea9m th\u1ef1c truy\u1ec1n th\u1ed1ng Nh\u1eadt B\u1ea3n \u0111\u1ebfn c\u00e1c m\u00f3n \u00c2u hi\u1ec7n \u0111\u1ea1i, ch\u1ec9 m\u1ed9t l\u01b0\u1ee3ng nh\u1ecf c\u0169ng \u0111\u1ee7 \u0111\u1ec3 \u0111\u00e1nh th\u1ee9c h\u01b0\u01a1ng v\u1ecb ti\u1ec1m \u1ea9n trong th\u1ef1c ph\u1ea9m kh\u00e1c, gi\u00fap m\u00f3n \u0103n tr\u1edf n\u00ean h\u00e0i h\u00f2a v\u00e0 s\u00e1ng v\u1ecb h\u01a1n.<\/p>\n<p data-start=\"1634\" data-end=\"2243\">\u2013 Khi d\u00f9ng \u0111\u1ec3 pha n\u01b0\u1edbc ch\u1ea5m, gi\u1ea5m t\u00e1o l\u00e0m d\u1ecbu v\u1ecb m\u1eb7n c\u1ee7a n\u01b0\u1edbc t\u01b0\u01a1ng ho\u1eb7c n\u01b0\u1edbc m\u1eafm, \u0111\u1ed3ng th\u1eddi t\u1ea1o \u0111\u1ed9 chua nh\u1eb9 c\u00e2n b\u1eb1ng, gi\u00fap m\u00f3n \u0103n tr\u1edf n\u00ean tinh t\u1ebf h\u01a1n.<br data-start=\"1785\" data-end=\"1788\" \/>\u2013 Trong c\u00e1c m\u00f3n salad, ch\u1ec9 c\u1ea7n v\u00e0i gi\u1ecdt gi\u1ea5m t\u00e1o h\u00f2a c\u00f9ng d\u1ea7u \u00f4 liu v\u00e0 m\u1eadt ong, \u0111\u00e3 c\u00f3 ngay lo\u1ea1i n\u01b0\u1edbc s\u1ed1t thanh nh\u1eb9, gi\u00fap rau xanh gi\u1eef m\u00e0u t\u01b0\u01a1i v\u00e0 v\u1ecb gi\u00f2n \u0111\u1eb7c tr\u01b0ng.<br data-start=\"1952\" data-end=\"1955\" \/>\u2013 V\u1edbi c\u00e1c m\u00f3n chi\u00ean, m\u1ed9t \u00edt gi\u1ea5m t\u00e1o pha lo\u00e3ng d\u00f9ng \u0111\u1ec3 r\u01b0\u1edbi l\u00ean t\u00f4m, c\u00e1 sau khi chi\u00ean gi\u00fap l\u00e0m gi\u1ea3m \u0111\u1ed9 ng\u1ea5y, kh\u01a1i d\u1eady l\u1ea1i c\u1ea3m gi\u00e1c thanh m\u00e1t.<br data-start=\"2096\" data-end=\"2099\" \/>\u2013 Khi n\u1ea5u m\u00f3n h\u1ea7m ho\u1eb7c kho, th\u00eam m\u1ed9t th\u00eca nh\u1ecf gi\u1ea5m t\u00e1o gi\u00fap th\u1ecbt nhanh m\u1ec1m, h\u01b0\u01a1ng v\u1ecb th\u1ea5m s\u00e2u h\u01a1n m\u00e0 kh\u00f4ng l\u00e0m m\u1ea5t m\u00f9i t\u1ef1 nhi\u00ean c\u1ee7a th\u1ef1c ph\u1ea9m.<\/p>\n<p data-start=\"1634\" data-end=\"2243\"><img decoding=\"async\" class=\"aligncenter  wp-image-42533\" src=\"https:\/\/havamall.com\/wp-content\/uploads\/2025\/10\/Easy-Apple-cider-vinegar-salad-dressing.webp\" alt=\"\" width=\"800\" height=\"1150\" srcset=\"https:\/\/havamall.com\/wp-content\/uploads\/2025\/10\/Easy-Apple-cider-vinegar-salad-dressing.webp 1492w, https:\/\/havamall.com\/wp-content\/uploads\/2025\/10\/Easy-Apple-cider-vinegar-salad-dressing-8x12.webp 8w, https:\/\/havamall.com\/wp-content\/uploads\/2025\/10\/Easy-Apple-cider-vinegar-salad-dressing-600x863.webp 600w, https:\/\/havamall.com\/wp-content\/uploads\/2025\/10\/Easy-Apple-cider-vinegar-salad-dressing-1200x1725.webp 1200w, https:\/\/havamall.com\/wp-content\/uploads\/2025\/10\/Easy-Apple-cider-vinegar-salad-dressing-150x216.webp 150w\" sizes=\"(max-width: 800px) 100vw, 800px\" \/><\/p>\n<p data-start=\"2245\" data-end=\"2764\">Kh\u00f4ng d\u1eebng l\u1ea1i \u1edf vai tr\u00f2 \u1ea9m th\u1ef1c, gi\u1ea5m t\u00e1o Tamanoi c\u00f2n \u0111\u01b0\u1ee3c y\u00eau th\u00edch nh\u1edd t\u00ednh \u1ee9ng d\u1ee5ng cao trong ch\u0103m s\u00f3c s\u1ee9c kh\u1ecfe v\u00e0 l\u00e0m \u0111\u1eb9p. V\u1edbi n\u1ed3ng \u0111\u1ed9 acid acetic v\u1eeba ph\u1ea3i, gi\u1ea5m gi\u00fap k\u00edch th\u00edch ti\u00eau h\u00f3a, h\u1ed7 tr\u1ee3 c\u00e2n b\u1eb1ng \u0111\u01b0\u1eddng huy\u1ebft v\u00e0 mang l\u1ea1i c\u1ea3m gi\u00e1c nh\u1eb9 b\u1ee5ng sau b\u1eefa \u0103n, pha lo\u00e3ng gi\u1ea5m t\u00e1o v\u1edbi n\u01b0\u1edbc \u1ea5m \u0111\u1ec3 u\u1ed1ng m\u1ed7i s\u00e1ng ho\u1eb7c d\u00f9ng l\u00e0m detox nh\u1eb9 c\u0169ng l\u00e0 m\u1ed9t th\u00f3i quen ph\u1ed5 bi\u1ebfn c\u1ee7a ng\u01b0\u1eddi Nh\u1eadt. M\u1ed9t s\u1ed1 ng\u01b0\u1eddi c\u00f2n s\u1eed d\u1ee5ng gi\u1ea5m t\u00e1o \u0111\u1ec3 pha v\u1edbi n\u01b0\u1edbc, d\u00f9ng r\u1eeda rau c\u1ee7 ho\u1eb7c l\u00e0m s\u1ea1ch b\u1ec1 m\u1eb7t nh\u00e0 b\u1ebfp \u2013 v\u1eeba t\u1ef1 nhi\u00ean, v\u1eeba an to\u00e0n cho s\u1ee9c kh\u1ecfe.<\/p>\n<p data-start=\"2245\" data-end=\"2764\"><img loading=\"lazy\" decoding=\"async\" class=\"aligncenter  wp-image-42532\" src=\"https:\/\/havamall.com\/wp-content\/uploads\/2025\/10\/836575Ca40c6b398ead7.jpg\" alt=\"\" width=\"801\" height=\"533\" srcset=\"https:\/\/havamall.com\/wp-content\/uploads\/2025\/10\/836575Ca40c6b398ead7.jpg 960w, https:\/\/havamall.com\/wp-content\/uploads\/2025\/10\/836575Ca40c6b398ead7-18x12.jpg 18w, https:\/\/havamall.com\/wp-content\/uploads\/2025\/10\/836575Ca40c6b398ead7-600x399.jpg 600w, https:\/\/havamall.com\/wp-content\/uploads\/2025\/10\/836575Ca40c6b398ead7-150x100.jpg 150w\" sizes=\"(max-width: 801px) 100vw, 801px\" \/><\/p>\n<p data-start=\"2766\" data-end=\"3316\">Tuy \u0111a n\u0103ng nh\u01b0 v\u1eady, \u0111i\u1ec3m khi\u1ebfn\u00a0<strong data-start=\"2798\" data-end=\"2816\">Gi\u1ea5m T\u00e1o Tamanoi<\/strong> tr\u1edf n\u00ean \u0111\u1eb7c bi\u1ec7t ch\u00ednh l\u00e0 t\u00ednh c\u00e2n b\u1eb1ng, h\u01b0\u01a1ng chua nh\u1eb9 kh\u00f4ng qu\u00e1 s\u1eafc, h\u1eadu v\u1ecb t\u00e1o tho\u1ea3ng qua \u0111\u1ec3 l\u1ea1i c\u1ea3m gi\u00e1c d\u1ec5 ch\u1ecbu, th\u00edch h\u1ee3p cho c\u1ea3 nh\u1eefng ai ch\u01b0a t\u1eebng quen d\u00f9ng gi\u1ea5m. M\u1ed7i chai gi\u1ea5m \u0111\u01b0\u1ee3c Tamanoi s\u1ea3n xu\u1ea5t v\u1edbi ti\u00eau ch\u00ed <strong data-start=\"3034\" data-end=\"3051\">\u201cgluten-free\u201d<\/strong> v\u00e0 kh\u00f4ng ch\u1ee9a ph\u1ee5 gia \u0111\u1ed9c h\u1ea1i, gi\u00fap ng\u01b0\u1eddi d\u00f9ng an t\u00e2m khi s\u1eed d\u1ee5ng th\u01b0\u1eddng xuy\u00ean, d\u00f2ng gi\u1ea5m n\u00e0y c\u0169ng \u0111\u01b0\u1ee3c nhi\u1ec1u \u0111\u1ea7u b\u1ebfp Nh\u1eadt tin d\u00f9ng trong c\u00e1c m\u00f3n sashimi, sushi ho\u1eb7c n\u01b0\u1edbc tr\u1ed9n c\u01a1m gi\u1ea5m (sushi rice), b\u1edfi \u0111\u1ed9 chua \u00eam v\u00e0 kh\u1ea3 n\u0103ng l\u00e0m n\u1ed5i b\u1eadt v\u1ecb t\u01b0\u01a1i t\u1ef1 nhi\u00ean c\u1ee7a c\u00e1.<\/p>\n<p data-start=\"2766\" data-end=\"3316\"><img loading=\"lazy\" decoding=\"async\" class=\"aligncenter  wp-image-42534\" src=\"https:\/\/havamall.com\/wp-content\/uploads\/2025\/10\/giam-tao-1.webp\" alt=\"\" width=\"802\" height=\"521\" srcset=\"https:\/\/havamall.com\/wp-content\/uploads\/2025\/10\/giam-tao-1.webp 1200w, https:\/\/havamall.com\/wp-content\/uploads\/2025\/10\/giam-tao-1-18x12.webp 18w, https:\/\/havamall.com\/wp-content\/uploads\/2025\/10\/giam-tao-1-600x390.webp 600w, https:\/\/havamall.com\/wp-content\/uploads\/2025\/10\/giam-tao-1-150x98.webp 150w\" sizes=\"(max-width: 802px) 100vw, 802px\" \/><\/p>\n<p data-start=\"4100\" data-end=\"4410\"><strong data-start=\"4100\" data-end=\"4149\">Gi\u1ea5m T\u00e1o Nh\u1eadt B\u1ea3n Tamai \u2013 Apple Vinegar Tamai<\/strong>\u00a0mang \u0111\u1ebfn h\u01b0\u01a1ng v\u1ecb thanh tao, v\u1eeba \u0111\u1ee7 \u0111\u1ec3 \u0111\u00e1nh th\u1ee9c gi\u00e1c quan, v\u1eeba h\u00e0i h\u00f2a \u0111\u1ec3 h\u00f2a nh\u1eadp v\u00e0o m\u1ecdi m\u00f3n \u0103n th\u01b0\u1eddng nh\u1eadt. M\u1ed9t l\u1ef1a ch\u1ecdn tinh t\u1ebf cho nh\u1eefng ai y\u00eau th\u00edch \u1ea9m th\u1ef1c Nh\u1eadt, h\u01b0\u1edbng \u0111\u1ebfn s\u1ef1 c\u00e2n b\u1eb1ng v\u00e0 t\u1ef1 nhi\u00ean trong t\u1eebng b\u1eefa \u0103n \u2014 hi\u1ec7n \u0111ang \u0111\u01b0\u1ee3c b\u00e1n t\u1ea1i\u00a0<strong data-start=\"4397\" data-end=\"4409\">Havamall<\/strong>.<\/p>","protected":false},"excerpt":{"rendered":"<h3>\u0110\u1eccC K\u1ef8 ~ Ch\u00ednh s\u00e1ch giao h\u00e0ng t\u1ea1i Havamall<\/h3>\n<h4><b>1. Giao h\u00e0ng t\u1ea1i TP.HCM<\/b><\/h4>\n<ul>\n<li><b>\u0110\u1ed3 kh\u00f4 (Giao trong 1-2 ng\u00e0y sau khi \u0111\u01b0\u1ee3c g\u1ecdi x\u00e1c nh\u1eadn \u0111\u01a1n):<\/b>\n<ul>\n<li><b>Mi\u1ec5n ph\u00ed ship<\/b>\u00a0v\u1edbi \u0111\u01a1n\u00a0<em><strong>tr\u00ean 500.000\u20ab.\u00a0<\/strong>C<\/em>\u00e1c \u0111\u01a1n\u00a0<strong><em>d\u01b0\u1edbi 500.000\u20ab<\/em><\/strong>, ph\u00ed ship l\u00e0\u00a0<b>30.000\u20ab<\/b>.\u00a0<strong>Kh\u00f4ng \u00e1p d\u1ee5ng cho \u0111\u01a1n s\u1ec9, \u0111\u01a1n h\u00e0ng tr\u00ean 10kg, \u0111\u1ed3 \u0111\u00f4ng l\u1ea1nh ho\u1eb7c tr\u00e1i c\u00e2y.<\/strong><\/li>\n<\/ul>\n<\/li>\n<\/ul>\n<h4><b>2. Giao h\u00e0ng to\u00e0n qu\u1ed1c ( Ch\u1ec9\u00a0<\/b><b>\u0110\u1ed3 kh\u00f4: nh\u1eadn h\u00e0ng sau 3 \u2013 5 ng\u00e0y)<\/b><\/h4>\n<ul>\n<li><em>*Kh\u00f4ng \u00e1p d\u1ee5ng cho \u0111\u01a1n s\u1ec9, \u0111\u01a1n h\u00e0ng tr\u00ean 10kg*:\u00a0<\/em>Ph\u00ed ship m\u1eb7c \u0111\u1ecbnh\u00a0<b>30.000\u20ab.\u00a0<\/b>\u0110\u01a1n h\u00e0ng\u00a0<strong><em>tr\u00ean 2.000.000\u20ab ch\u1ec9 ch\u1ea5p nh\u1eadn thanh to\u00e1n chuy\u1ec3n kho\u1ea3n.<\/em><\/strong><\/li>\n<\/ul>\n<h4><b>3. L\u01b0u \u00fd chung<\/b><\/h4>\n<ul>\n<li>C\u00e1c m\u1eb7t h\u00e0ng c\u1ed3ng k\u1ec1nh, n\u1eb7ng tr\u00ean 5kg c\u00f3 th\u1ec3 ph\u00e1t sinh ph\u1ee5 ph\u00ed.<\/li>\n<li>M\u1ecdi th\u1eafc m\u1eafc kh\u00e1c vui l\u00f2ng li\u00ean h\u1ec7\u00a0<b>Hotline: 0946229642<\/b>\u00a0\u0111\u1ec3 \u0111\u01b0\u1ee3c h\u1ed7 tr\u1ee3.<\/li>\n<\/ul>","protected":false},"featured_media":42529,"comment_status":"open","ping_status":"closed","template":"","meta":[],"product_brand":[],"product_cat":[154,722],"product_tag":[],"class_list":{"0":"post-42528","1":"product","2":"type-product","3":"status-publish","4":"has-post-thumbnail","6":"product_cat-gia-vi","7":"product_cat-nhap-khau-nhat-ban","9":"first","10":"instock","11":"sale","12":"shipping-taxable","13":"purchasable","14":"product-type-simple"},"_links":{"self":[{"href":"https:\/\/havamall.com\/en\/wp-json\/wp\/v2\/product\/42528","targetHints":{"allow":["GET"]}}],"collection":[{"href":"https:\/\/havamall.com\/en\/wp-json\/wp\/v2\/product"}],"about":[{"href":"https:\/\/havamall.com\/en\/wp-json\/wp\/v2\/types\/product"}],"replies":[{"embeddable":true,"href":"https:\/\/havamall.com\/en\/wp-json\/wp\/v2\/comments?post=42528"}],"version-history":[{"count":0,"href":"https:\/\/havamall.com\/en\/wp-json\/wp\/v2\/product\/42528\/revisions"}],"wp:featuredmedia":[{"embeddable":true,"href":"https:\/\/havamall.com\/en\/wp-json\/wp\/v2\/media\/42529"}],"wp:attachment":[{"href":"https:\/\/havamall.com\/en\/wp-json\/wp\/v2\/media?parent=42528"}],"wp:term":[{"taxonomy":"product_brand","embeddable":true,"href":"https:\/\/havamall.com\/en\/wp-json\/wp\/v2\/product_brand?post=42528"},{"taxonomy":"product_cat","embeddable":true,"href":"https:\/\/havamall.com\/en\/wp-json\/wp\/v2\/product_cat?post=42528"},{"taxonomy":"product_tag","embeddable":true,"href":"https:\/\/havamall.com\/en\/wp-json\/wp\/v2\/product_tag?post=42528"}],"curies":[{"name":"wp","href":"https:\/\/api.w.org\/{rel}","templated":true}]}}