{"id":42558,"date":"2025-10-08T11:27:23","date_gmt":"2025-10-08T04:27:23","guid":{"rendered":"https:\/\/havamall.com\/?post_type=product&#038;p=42558"},"modified":"2025-10-25T13:23:39","modified_gmt":"2025-10-25T06:23:39","slug":"kem-lam-banh-trung-richs-907g-richs-portuguese-egg-tart-topping-907g","status":"publish","type":"product","link":"https:\/\/havamall.com\/en\/shop\/kem-lam-banh-trung-richs-907g-richs-portuguese-egg-tart-topping-907g\/","title":{"rendered":"Kem L\u00e0m B\u00e1nh Tr\u1ee9ng Rich\u2019s 907g \u2013 Rich\u2019s Portuguese Egg Tart Topping 907g"},"content":{"rendered":"<blockquote>\n<h2><em><strong>TH\u00d4NG TIN CHUNG<\/strong><\/em><\/h2>\n<\/blockquote>\n<table style=\"width: 88.7014%;height: 246px\">\n<tbody>\n<tr style=\"height: 49px\">\n<td style=\"height: 49px;width: 11.489%\"><b>Th\u01b0\u01a1ng hi\u1ec7u<\/b><\/td>\n<td style=\"height: 49px;width: 87.6838%\">Rich<\/td>\n<\/tr>\n<tr style=\"height: 24px\">\n<td style=\"height: 24px;width: 11.489%\"><b>Xu\u1ea5t x\u1ee9<\/b><\/td>\n<td style=\"height: 24px;width: 87.6838%\">Vi\u1ec7t Nam<\/td>\n<\/tr>\n<tr style=\"height: 49px\">\n<td style=\"height: 49px;width: 11.489%\"><b>Th\u00e0nh ph\u1ea7n<\/b><\/td>\n<td style=\"height: 49px;width: 87.6838%\">N\u01b0\u1edbc, \u0111\u01b0\u1eddng, l\u00f2ng \u0111\u1ecf tr\u1ee9ng thanh tr\u00f9ng (pasteurized liquid egg yolk), d\u1ea7u c\u1ecd tinh luy\u1ec7n, s\u1eefa b\u1ed9t nguy\u00ean kem,&#8230; Xem tr\u1ef1c ti\u1ebfp tr\u00ean bao b\u00ec<\/td>\n<\/tr>\n<tr style=\"height: 49px\">\n<td style=\"height: 49px;width: 11.489%\"><b>H\u1ea1n s\u1eed d\u1ee5ng<\/b><\/td>\n<td style=\"height: 49px;width: 87.6838%\">Xem tr\u1ef1c ti\u1ebfp tr\u00ean bao b\u00ec<\/td>\n<\/tr>\n<tr style=\"height: 24px\">\n<td style=\"height: 24px;width: 11.489%\"><b>B\u1ea3o qu\u1ea3n<\/b><\/td>\n<td style=\"height: 24px;width: 87.6838%\">B\u1ea3o qu\u1ea3n n\u01a1i kh\u00f4 r\u00e1o, tho\u00e1ng m\u00e1t<\/td>\n<\/tr>\n<tr style=\"height: 24px\">\n<td style=\"height: 24px;width: 11.489%\"><b>Kh\u1ed1i l\u01b0\u1ee3ng<\/b><\/td>\n<td style=\"height: 24px;width: 87.6838%\">907g<\/td>\n<\/tr>\n<\/tbody>\n<\/table>\n<p>M\u1ed9t chi\u1ebfc b\u00e1nh tr\u1ee9ng n\u01b0\u1edbng v\u00e0ng, m\u1eb7t b\u00e1nh c\u00f3 v\u1ec7t ch\u00e1y nh\u1eb9, l\u1edbp v\u1ecf gi\u00f2n tan v\u00e0 ph\u1ea7n nh\u00e2n m\u1ec1m, b\u00e9o, th\u01a1m m\u00f9i s\u1eefa tr\u1ee9ng l\u00e0 h\u01b0\u01a1ng v\u1ecb kh\u00f3 qu\u00ean v\u1edbi b\u1ea5t k\u1ef3 ai t\u1eebng n\u1ebfm th\u1eed. \u0110\u1eb1ng sau v\u1ecb ngon t\u01b0\u1edfng ch\u1eebng \u0111\u01a1n gi\u1ea3n \u0111\u00f3 l\u1ea1i l\u00e0 s\u1ef1 c\u00e2n b\u1eb1ng tinh t\u1ebf gi\u1eefa \u0111\u1ed9 b\u00e9o, \u0111\u1ed9 ng\u1ecdt v\u00e0 nhi\u1ec7t \u0111\u1ed9 n\u01b0\u1edbng. V\u00e0 ch\u00ednh v\u00ec th\u1ebf, vi\u1ec7c ch\u1ecdn \u0111\u00fang lo\u1ea1i kem l\u00e0m nh\u00e2n tr\u1edf th\u00e0nh y\u1ebfu t\u1ed1 quy\u1ebft \u0111\u1ecbnh.<br data-start=\"816\" data-end=\"819\" \/><strong data-start=\"819\" data-end=\"862\">Rich\u2019s Portuguese Egg Tart Topping 907g<\/strong>\u00a0ra \u0111\u1eddi \u0111\u1ec3 gi\u1eef tr\u1ecdn h\u01b0\u01a1ng v\u1ecb \u1ea5y \u2013 gi\u00fap m\u1ecdi m\u1ebb b\u00e1nh tr\u1ee9ng \u0111\u1ea1t chu\u1ea9n m\u1ec1m m\u1ecbn, v\u00e0ng \u0111\u1ec1u v\u00e0 th\u01a1m ng\u1eady, d\u00f9 l\u00e0 trong c\u0103n b\u1ebfp gia \u0111\u00ecnh hay ti\u1ec7m b\u00e1nh chuy\u00ean nghi\u1ec7p.<\/p>\n<p><img fetchpriority=\"high\" decoding=\"async\" class=\"aligncenter wp-image-42560\" src=\"https:\/\/havamall.com\/wp-content\/uploads\/2025\/10\/441576607_855450826621940_1859055319180576862_n.jpg\" alt=\"\" width=\"800\" height=\"800\" srcset=\"https:\/\/havamall.com\/wp-content\/uploads\/2025\/10\/441576607_855450826621940_1859055319180576862_n.jpg 1200w, https:\/\/havamall.com\/wp-content\/uploads\/2025\/10\/441576607_855450826621940_1859055319180576862_n-150x150.jpg 150w, https:\/\/havamall.com\/wp-content\/uploads\/2025\/10\/441576607_855450826621940_1859055319180576862_n-12x12.jpg 12w, https:\/\/havamall.com\/wp-content\/uploads\/2025\/10\/441576607_855450826621940_1859055319180576862_n-600x600.jpg 600w\" sizes=\"(max-width: 800px) 100vw, 800px\" \/><\/p>\n<p><em><strong>Rich\u2019s<\/strong><\/em> l\u00e0 th\u01b0\u01a1ng hi\u1ec7u n\u1ed5i ti\u1ebfng to\u00e0n c\u1ea7u v\u1edbi c\u00e1c d\u00f2ng kem v\u00e0 nguy\u00ean li\u1ec7u l\u00e0m b\u00e1nh \u0111\u01b0\u1ee3c c\u00e1c ti\u1ec7m b\u00e1nh, nh\u00e0 h\u00e0ng tin d\u00f9ng. D\u00f2ng\u00a0<strong data-start=\"1188\" data-end=\"1219\">Portuguese Egg Tart Topping<\/strong> \u0111\u01b0\u1ee3c ph\u00e1t tri\u1ec3n ri\u00eang cho d\u00f2ng b\u00e1nh tr\u1ee9ng ki\u1ec3u B\u1ed3 \u0110\u00e0o Nha (Pastel de Nata), mang k\u1ebft c\u1ea5u kem \u0111\u1eb7c s\u00e1nh, m\u1ecbn m\u01b0\u1ee3t v\u00e0 gi\u1eef \u0111\u01b0\u1ee3c \u0111\u1ed9 \u1ed5n \u0111\u1ecbnh t\u1ed1t khi n\u01b0\u1edbng \u1edf nhi\u1ec7t cao, \u0111\u00e3 \u0111\u01b0\u1ee3c pha ch\u1ebf s\u1eb5n theo \u0111\u00fang c\u00f4ng th\u1ee9c kem custard cho b\u00e1nh tr\u1ee9ng: b\u1ea1n kh\u00f4ng c\u1ea7n th\u00eam tr\u1ee9ng t\u01b0\u01a1i, s\u1eefa hay \u0111\u01b0\u1eddng n\u1eefa (trong nhi\u1ec1u tr\u01b0\u1eddng h\u1ee3p). Topping n\u00e0y l\u00e0 d\u1ea1ng \u201cready-to-pour &amp; bake\u201d \u2014 ngh\u0129a l\u00e0 sau khi r\u00e3 \u0111\u00f4ng v\u00e0 x\u1eed l\u00fd b\u1ecdt kh\u00ed, b\u1ea1n ch\u1ec9 vi\u1ec7c \u0111\u1ed5 v\u00e0o v\u1ecf tart v\u00e0 n\u01b0\u1edbng.<\/p>\n<p><img decoding=\"async\" class=\"aligncenter wp-image-42561\" src=\"https:\/\/havamall.com\/wp-content\/uploads\/2025\/10\/465436128_968964795270542_2005828307573553859_n.jpg\" alt=\"\" width=\"800\" height=\"800\" srcset=\"https:\/\/havamall.com\/wp-content\/uploads\/2025\/10\/465436128_968964795270542_2005828307573553859_n.jpg 1200w, https:\/\/havamall.com\/wp-content\/uploads\/2025\/10\/465436128_968964795270542_2005828307573553859_n-150x150.jpg 150w, https:\/\/havamall.com\/wp-content\/uploads\/2025\/10\/465436128_968964795270542_2005828307573553859_n-12x12.jpg 12w, https:\/\/havamall.com\/wp-content\/uploads\/2025\/10\/465436128_968964795270542_2005828307573553859_n-600x600.jpg 600w\" sizes=\"(max-width: 800px) 100vw, 800px\" \/><\/p>\n<blockquote>\n<h3 data-start=\"1698\" data-end=\"1735\"><em><span style=\"font-size: 18pt\">C\u00e1ch s\u1eed d\u1ee5ng &amp; h\u01b0\u1edbng d\u1eabn chi ti\u1ebft<\/span><\/em><\/h3>\n<\/blockquote>\n<p><strong data-start=\"1740\" data-end=\"1759\">1. R\u00e3 \u0111\u00f4ng (thaw):<\/strong><br data-start=\"1759\" data-end=\"1762\" \/>\u2013 \u0110\u1ec3 topping t\u1eeb tr\u1ea1ng th\u00e1i \u0111\u00f4ng l\u1ea1nh chuy\u1ec3n ho\u00e0n to\u00e0n th\u00e0nh d\u1ea1ng l\u1ecfng, th\u01b0\u1eddng \u0111\u1ec3 trong ng\u0103n m\u00e1t t\u1ee7 l\u1ea1nh \u1edf kho\u1ea3ng 2\u00b0C \u2013 10\u00b0C. <br data-start=\"1925\" data-end=\"1928\" \/>\u2013 Sau khi dung d\u1ecbch l\u1ecfng, n\u1ebfu c\u00f3 b\u1ecdt kh\u00ed ph\u00eda tr\u00ean, c\u1ea7n lo\u1ea1i b\u1ecf \u0111\u1ec3 b\u1ec1 m\u1eb7t b\u00e1nh sau khi n\u01b0\u1edbng m\u1ecbn v\u00e0 \u0111\u1eb9p m\u1eaft.<\/p>\n<p data-start=\"2082\" data-end=\"2271\"><strong data-start=\"2082\" data-end=\"2097\">2. \u0110\u1ed5 topping: <\/strong>\u0110\u1ed5 dung d\u1ecbch topping v\u00e0o v\u1ecf b\u00e1nh (pre-baked tart shell) kho\u1ea3ng 80\u201390% th\u1ec3 t\u00edch v\u1ecf, ho\u1eb7c t\u1ea7m \u0111\u1ecbnh l\u01b0\u1ee3ng 30g\/\u0111\u1ebf th\u00ec v\u1edbi 907g s\u1ed1t kem tr\u1ee9ng \u0111\u01b0\u1ee3c t\u1ea7m 30 b\u00e1nh, \u0111\u1ec3 khi n\u01b0\u1edbng nh\u00e2n c\u00f3 ch\u1ed7 n\u1edf l\u00ean m\u00e0 kh\u00f4ng tr\u00e0n.<\/p>\n<p data-start=\"2276\" data-end=\"2288\"><strong data-start=\"2276\" data-end=\"2286\">3. N\u01b0\u1edbng:<\/strong><\/p>\n<p data-start=\"2294\" data-end=\"2412\">\u2013 V\u1edbi l\u00f2 n\u01b0\u1edbng: L\u00e0m n\u00f3ng l\u00f2 tr\u01b0\u1edbc (preheat): nhi\u1ec7t \u0111\u1ed9 200 &#8211; 220 \u0111\u1ed9 C , n\u01b0\u1edbng trong kho\u1ea3ng 17\u201320 ph\u00fat \u0111\u1ebfn khi m\u1eb7t nh\u00e2n v\u00e0ng, c\u00f3 c\u00e1c ch\u1ea5m s\u1eadm (v\u1ec7t ch\u00e1y nh\u1eb9) \u0111\u1eb7c tr\u01b0ng.<\/p>\n<p data-start=\"2294\" data-end=\"2412\">\u2013 N\u1ed3i chi\u00ean kh\u00f4ng d\u1ea7u: B\u1eadt l\u00f2 tr\u01b0\u1edbc 5 ph\u00fat, nhi\u1ec7t \u0111\u1ed9 180 \u0111\u1ed9 C. Cho b\u00e1nh v\u00e0o n\u01b0\u1edbng trong kho\u1ea3ng 10-12 ph\u00fat.<\/p>\n<p data-start=\"2558\" data-end=\"2657\">\u2013 Sau khi n\u01b0\u1edbng, \u0111\u1ec3 b\u00e1nh ngu\u1ed9i \u1ed5n \u0111\u1ecbnh tr\u01b0\u1edbc khi l\u1ea5y ra kh\u1ecfi khu\u00f4n \u0111\u1ec3 v\u1ecf v\u00e0 nh\u00e2n \u0111\u1ecbnh h\u00ecnh t\u1ed1t h\u01a1n.<\/p>\n<p data-start=\"2662\" data-end=\"2677\"><strong data-start=\"2662\" data-end=\"2675\">4. B\u1ea3o qu\u1ea3n:<\/strong><\/p>\n<p data-start=\"2683\" data-end=\"2800\">\u2013 Tr\u01b0\u1edbc khi m\u1edf: b\u1ea3o qu\u1ea3n \u0111\u00f4ng l\u1ea1nh (-18 \u00b0C), th\u1eddi h\u1ea1n l\u01b0u tr\u1eef l\u00ean \u0111\u1ebfn 365 ng\u00e0y.<\/p>\n<p data-start=\"2806\" data-end=\"2934\">\u2013 Sau khi m\u1edf: d\u00f9ng nhanh ho\u1eb7c b\u1ea3o qu\u1ea3n trong ng\u0103n m\u00e1t.<\/p>\n<p data-start=\"2806\" data-end=\"2934\"><img decoding=\"async\" class=\"aligncenter wp-image-42563\" src=\"https:\/\/havamall.com\/wp-content\/uploads\/2025\/10\/combo-tart4-1.jpg\" alt=\"\" width=\"800\" height=\"793\" srcset=\"https:\/\/havamall.com\/wp-content\/uploads\/2025\/10\/combo-tart4-1.jpg 1080w, https:\/\/havamall.com\/wp-content\/uploads\/2025\/10\/combo-tart4-1-150x149.jpg 150w, https:\/\/havamall.com\/wp-content\/uploads\/2025\/10\/combo-tart4-1-12x12.jpg 12w, https:\/\/havamall.com\/wp-content\/uploads\/2025\/10\/combo-tart4-1-600x594.jpg 600w\" sizes=\"(max-width: 800px) 100vw, 800px\" \/><\/p>\n<blockquote>\n<p data-start=\"3768\" data-end=\"3778\"><em><span style=\"font-size: 14pt\"><strong data-start=\"3768\" data-end=\"3778\">L\u01b0u \u00fd:<\/strong><\/span><\/em><\/p>\n<\/blockquote>\n<p data-start=\"3782\" data-end=\"3909\">\u2013 C\u00f3 ch\u1ee9a tr\u1ee9ng, s\u1eefa v\u00e0 \u0111\u1eadu n\u00e0nh \u2014 ng\u01b0\u1eddi d\u1ecb \u1ee9ng v\u1edbi c\u00e1c th\u00e0nh ph\u1ea7n n\u00e0y n\u00ean ki\u1ec3m tra k\u1ef9.<\/p>\n<p data-start=\"3912\" data-end=\"4044\">\u2013 Lo\u1ea1i topping n\u00e0y \u0111\u00e3 ch\u1ee9a \u0111\u01b0\u1eddng, do \u0111\u00f3 n\u1ebfu k\u1ebft h\u1ee3p th\u00eam \u0111\u01b0\u1eddng trong c\u00f4ng th\u1ee9c v\u1ecf ho\u1eb7c topping kh\u00e1c c\u1ea7n c\u00e2n ch\u1ec9nh \u0111\u1ec3 tr\u00e1nh ng\u1ecdt qu\u00e1.<\/p>\n<p data-start=\"4047\" data-end=\"4161\">\u2013 Khi r\u00e3 \u0111\u00f4ng, c\u1ea7n l\u00e0m nh\u1eb9 nh\u00e0ng \u0111\u1ec3 kh\u00f4ng t\u1ea1o nhi\u1ec1u b\u1ecdt kh\u00ed, v\u00ec b\u1ecdt kh\u00ed c\u00f3 th\u1ec3 khi\u1ebfn m\u1eb7t b\u00e1nh kh\u00f4ng m\u1ecbn khi n\u01b0\u1edbng.<\/p>\n<p data-start=\"4164\" data-end=\"4225\">\u2013 \u0110\u1ed5 topping kh\u00f4ng n\u00ean \u0111\u1ea7y qu\u00e1 v\u1ecf b\u00e1nh \u0111\u1ec3 tr\u00e1nh tr\u00e0n khi n\u01b0\u1edbng.<\/p>\n<p><img loading=\"lazy\" decoding=\"async\" class=\"wp-image-42564 aligncenter\" src=\"https:\/\/havamall.com\/wp-content\/uploads\/2025\/10\/de-tart-trung-mini-cute-6.jpg\" alt=\"\" width=\"801\" height=\"801\" srcset=\"https:\/\/havamall.com\/wp-content\/uploads\/2025\/10\/de-tart-trung-mini-cute-6.jpg 1000w, https:\/\/havamall.com\/wp-content\/uploads\/2025\/10\/de-tart-trung-mini-cute-6-150x150.jpg 150w, https:\/\/havamall.com\/wp-content\/uploads\/2025\/10\/de-tart-trung-mini-cute-6-12x12.jpg 12w, https:\/\/havamall.com\/wp-content\/uploads\/2025\/10\/de-tart-trung-mini-cute-6-600x600.jpg 600w\" sizes=\"(max-width: 801px) 100vw, 801px\" \/><\/p>\n<p data-start=\"4328\" data-end=\"4437\"><strong data-start=\"4328\" data-end=\"4437\">Kem L\u00e0m B\u00e1nh Tr\u1ee9ng Rich\u2019s 907g \u2013 Rich\u2019s Portuguese Egg Tart Topping 907g hi\u1ec7n \u0111ang \u0111\u01b0\u1ee3c b\u00e1n t\u1ea1i Havamall.<\/strong><\/p>","protected":false},"excerpt":{"rendered":"<p><b>L\u01afU \u00dd QUAN TR\u1eccNG V\u1ec0 GIAO H\u00c0NG: <span style=\"font-size: 18pt\">\u0110\u00c2Y L\u00c0 S\u1ea2N PH\u1ea8M \u0110\u00d4NG L\u1ea0NH<\/span><\/b><\/p>\n<ul>\n<li>\u0110\u1ec3 \u0111\u1ea3m b\u1ea3o ch\u1ea5t l\u01b0\u1ee3ng, c\u00e1c s\u1ea3n ph\u1ea9m tr\u00e1i c\u00e2y \u0111\u00f4ng l\u1ea1nh v\u00e0 \u0111\u1ed3 \u0111\u00f4ng l\u1ea1nh <b>ch\u1ec9 \u0111\u01b0\u1ee3c giao h\u1ecfa t\u1ed1c<\/b> trong khu v\u1ef1c <strong>N\u1ed8I TH\u00c0NH TP.HCM.<\/strong><\/li>\n<li><b>Ph\u00ed ship:<\/b>\n<ul>\n<li>D\u01b0\u1edbi 5km: 30.000\u20ab<\/li>\n<li>Tr\u00ean 5km: Ph\u00ed giao h\u00e0ng s\u1ebd t\u00ednh theo gi\u00e1 c\u1ee7a \u1ee9ng d\u1ee5ng d\u1ecbch v\u1ee5 v\u1eadn chuy\u1ec3n.<\/li>\n<\/ul>\n<\/li>\n<li><b>\u0110\u1ecba ch\u1ec9 c\u1eeda h\u00e0ng:<\/b>\u00a0H\u1ebbm 112, s\u1ed1 114A B\u1ea1ch \u0110\u1eb1ng, Ph\u01b0\u1eddng 2, Qu\u1eadn T\u00e2n B\u00ecnh. B\u1ea1n c\u00f3 th\u1ec3 ki\u1ec3m tra kho\u1ea3ng c\u00e1ch tr\u01b0\u1edbc khi \u0111\u1eb7t h\u00e0ng.<\/li>\n<li><b>Mi\u1ec5n ph\u00ed giao h\u00e0ng:<\/b>\u00a0\u00c1p d\u1ee5ng cho \u0111\u01a1n h\u00e0ng tr\u00e1i c\u00e2y \u0111\u00f4ng l\u1ea1nh t\u1eeb 4kg ho\u1eb7c c\u00f3 gi\u00e1 tr\u1ecb t\u1eeb 1.500.000\u20ab.<\/li>\n<\/ul>","protected":false},"featured_media":42559,"comment_status":"open","ping_status":"closed","template":"","meta":[],"product_brand":[],"product_cat":[730,255,275],"product_tag":[],"class_list":{"0":"post-42558","1":"product","2":"type-product","3":"status-publish","4":"has-post-thumbnail","6":"product_cat-cac-nuoc-khac","7":"product_cat-nguyen-lieu-lam-banh","8":"product_cat-thuc-pham-dong-lanh","10":"first","11":"instock","12":"sale","13":"shipping-taxable","14":"purchasable","15":"product-type-simple"},"_links":{"self":[{"href":"https:\/\/havamall.com\/en\/wp-json\/wp\/v2\/product\/42558","targetHints":{"allow":["GET"]}}],"collection":[{"href":"https:\/\/havamall.com\/en\/wp-json\/wp\/v2\/product"}],"about":[{"href":"https:\/\/havamall.com\/en\/wp-json\/wp\/v2\/types\/product"}],"replies":[{"embeddable":true,"href":"https:\/\/havamall.com\/en\/wp-json\/wp\/v2\/comments?post=42558"}],"version-history":[{"count":0,"href":"https:\/\/havamall.com\/en\/wp-json\/wp\/v2\/product\/42558\/revisions"}],"wp:featuredmedia":[{"embeddable":true,"href":"https:\/\/havamall.com\/en\/wp-json\/wp\/v2\/media\/42559"}],"wp:attachment":[{"href":"https:\/\/havamall.com\/en\/wp-json\/wp\/v2\/media?parent=42558"}],"wp:term":[{"taxonomy":"product_brand","embeddable":true,"href":"https:\/\/havamall.com\/en\/wp-json\/wp\/v2\/product_brand?post=42558"},{"taxonomy":"product_cat","embeddable":true,"href":"https:\/\/havamall.com\/en\/wp-json\/wp\/v2\/product_cat?post=42558"},{"taxonomy":"product_tag","embeddable":true,"href":"https:\/\/havamall.com\/en\/wp-json\/wp\/v2\/product_tag?post=42558"}],"curies":[{"name":"wp","href":"https:\/\/api.w.org\/{rel}","templated":true}]}}