{"id":42567,"date":"2025-10-09T09:58:59","date_gmt":"2025-10-09T02:58:59","guid":{"rendered":"https:\/\/havamall.com\/?post_type=product&#038;p=42567"},"modified":"2025-10-28T10:04:19","modified_gmt":"2025-10-28T03:04:19","slug":"de-banh-tart-bo-dao-nha-50-cai-portuguese-tart-shells-50-pcs","status":"publish","type":"product","link":"https:\/\/havamall.com\/en\/shop\/de-banh-tart-bo-dao-nha-50-cai-portuguese-tart-shells-50-pcs\/","title":{"rendered":"\u0110\u1ebf B\u00e1nh Tart B\u1ed3 \u0110\u00e0o Nha 50 C\u00e1i \u2013 Portuguese Tart Shells 50 pcs"},"content":{"rendered":"<blockquote>\n<h2><em><strong>TH\u00d4NG TIN CHUNG<\/strong><\/em><\/h2>\n<\/blockquote>\n<table>\n<tbody>\n<tr>\n<td><b>Th\u01b0\u01a1ng hi\u1ec7u<\/b><\/td>\n<td>Rich<\/td>\n<\/tr>\n<tr>\n<td><b>Xu\u1ea5t x\u1ee9<\/b><\/td>\n<td>Vi\u1ec7t Nam<\/td>\n<\/tr>\n<tr>\n<td><b>Th\u00e0nh ph\u1ea7n<\/b><\/td>\n<td>B\u00f4\u0323t Mi\u0300, N\u01b0\u1edbc, B\u01a1 Th\u01b0\u0323c V\u00e2\u0323t ,\u2026 Xem tr\u1ef1c ti\u1ebfp tr\u00ean bao b\u00ec<\/td>\n<\/tr>\n<tr>\n<td><b>H\u1ea1n s\u1eed d\u1ee5ng<\/b><\/td>\n<td>Xem tr\u1ef1c ti\u1ebfp tr\u00ean bao b\u00ec<\/td>\n<\/tr>\n<tr>\n<td><b>B\u1ea3o qu\u1ea3n<\/b><\/td>\n<td>B\u1ea3o qu\u1ea3n \u0111\u00f4ng ho\u1eb7c ng\u0103n m\u00e1t t\u1ee7 l\u1ea1nh<\/td>\n<\/tr>\n<tr>\n<td><b>Kh\u1ed1i l\u01b0\u1ee3ng<\/b><\/td>\n<td>B\u1ecbch 50 c\u00e1i<\/td>\n<\/tr>\n<\/tbody>\n<\/table>\n<p data-start=\"350\" data-end=\"754\">Trong th\u1ebf gi\u1edbi b\u00e1nh ng\u1ecdt, \u0111\u1ebf tart \u0111\u00f3ng vai tr\u00f2 nh\u01b0 khung x\u01b0\u01a1ng ch\u1eafc ch\u1eafn: n\u1ebfu l\u1edbp \u0111\u1ebf kh\u00f4ng gi\u00f2n \u0111\u00fang m\u1ee9c, kh\u00f4ng gi\u1eef \u0111\u01b0\u1ee3c h\u00ecnh d\u1ea1ng khi n\u01b0\u1edbng ho\u1eb7c b\u1ecb m\u1ec1m, th\u00ec d\u00f9 nh\u00e2n c\u00f3 ngon \u0111\u1ebfn m\u1ea5y c\u0169ng kh\u00f3 t\u1ecfa s\u00e1ng.\u00a0<strong data-start=\"551\" data-end=\"585\">\u0110\u1ebf B\u00e1nh Tart B\u1ed3 \u0110\u00e0o Nha 50 C\u00e1i<\/strong>\u00a0ra \u0111\u1eddi \u0111\u1ec3 gi\u1ea3i quy\u1ebft ph\u1ea7n \u201ckhung\u201d \u1ea5y \u2014 mang l\u1ea1i l\u1edbp v\u1ecf gi\u00f2n \u0111\u1ec1u, c\u1ea5u tr\u00fac \u1ed5n \u0111\u1ecbnh v\u00e0 m\u00e0u s\u1eafc h\u1ea5p d\u1eabn cho m\u1ecdi chi\u1ebfc b\u00e1nh tr\u1ee9ng Pastel de Nata t\u1ea1i gia ho\u1eb7c ti\u1ec7m b\u00e1nh nh\u1ecf.<\/p>\n<p data-start=\"350\" data-end=\"754\"><img fetchpriority=\"high\" decoding=\"async\" class=\"aligncenter size-full wp-image-42520\" src=\"https:\/\/havamall.com\/wp-content\/uploads\/2025\/10\/Small-Egg-Tart-Forming-Machine-Stamping-Forming-Machine.\" alt=\"\" width=\"800\" height=\"800\" \/><\/p>\n<p data-start=\"756\" data-end=\"1164\">\u0110\u1ebf tart n\u00e0y \u0111\u01b0\u1ee3c s\u1ea3n xu\u1ea5t theo c\u00f4ng th\u1ee9c b\u00e1nh v\u1ecf ng\u00e0n l\u1edbp ki\u1ec3u puff pastry nh\u01b0ng \u0111\u00e3 \u0111\u01b0\u1ee3c t\u1ea1o h\u00ecnh s\u1eb5n \u2014 l\u1edbp v\u1ecf ch\u1ed3ng l\u1edbp nh\u1eb9, gi\u00f2n v\u00e0 co gi\u00e3n v\u1eeba ph\u1ea3i \u0111\u1ec3 khi n\u01b0\u1edbng kh\u00f4ng b\u1ecb n\u1ee9t v\u1ee1. V\u1edbi 50 c\u00e1i \u0111\u1ebf trong m\u1ed9t g\u00f3i, b\u1ea1n c\u00f3 th\u1ec3 chu\u1ea9n b\u1ecb nhi\u1ec1u m\u1ebb b\u00e1nh m\u00e0 v\u1eabn \u0111\u1ea3m b\u1ea3o \u0111\u1ed3ng \u0111\u1ec1u v\u1ec1 h\u00ecnh th\u1ee9c. Thi\u1ebft k\u1ebf v\u1ecf \u0111\u00e3 pre-baked (n\u1ea5u s\u01a1) gi\u00fap gi\u1ea3m th\u1eddi gian s\u1ea3n xu\u1ea5t so v\u1edbi t\u1ef1 l\u00e0m t\u1eeb \u0111\u1ea7u \u2014 b\u1ea1n ch\u1ec9 c\u1ea7n r\u00f3t nh\u00e2n tr\u1ee9ng v\u00e0o v\u00e0 n\u01b0\u1edbng. S\u1ea3n ph\u1ea9m hi\u1ec7n \u0111ang \u0111\u01b0\u1ee3c b\u00e1n t\u1ea1i\u00a0<strong data-start=\"4193\" data-end=\"4205\">Havamall<\/strong>.<\/p>\n<blockquote>\n<h3 data-start=\"1166\" data-end=\"1186\"><span style=\"font-size: 18pt\"><strong><em>\u0110\u1eb7c \u0111i\u1ec3m n\u1ed5i b\u1eadt<\/em><\/strong><\/span><\/h3>\n<\/blockquote>\n<p data-start=\"1188\" data-end=\"1492\">\u2013 K\u1ebft c\u1ea5u v\u1ecf nhi\u1ec1u l\u1edbp, gi\u00f2n r\u1ee5m, khi n\u01b0\u1edbng l\u00ean gi\u1eef form t\u1ed1t, kh\u00f4ng b\u1ecb s\u1ee5p v\u1ecf.<br data-start=\"1266\" data-end=\"1269\" \/>\u2013 M\u00e0u v\u00e0ng nh\u1eb9 \u0111\u1eb9p m\u1eaft, \u00edt bi\u1ebfn m\u00e0u khi n\u01b0\u1edbng.<br data-start=\"1315\" data-end=\"1318\" \/>\u2013 \u0110\u01b0\u1ee3c l\u00e0m s\u1eb5n, kh\u00f4ng c\u1ea7n c\u00e1n, t\u1ea1o h\u00ecnh hay \u1ee7 \u2014 r\u1ea5t ti\u1ec7n cho c\u1ea3 b\u1ebfp gia \u0111\u00ecnh v\u00e0 ti\u1ec7m b\u00e1nh.<br data-start=\"1408\" data-end=\"1411\" \/>\u2013 S\u1ed1 l\u01b0\u1ee3ng 50 c\u00e1i cho g\u00f3i \u2014 \u0111\u1ee7 \u0111\u1ec3 l\u00e0m nhi\u1ec1u m\u1ebb b\u00e1nh nh\u1ecf ho\u1eb7c m\u1ed9t m\u1ebb l\u1edbn cho ti\u1ec7c.<\/p>\n<p data-start=\"1188\" data-end=\"1492\"><img decoding=\"async\" class=\"aligncenter wp-image-42522\" src=\"https:\/\/havamall.com\/wp-content\/uploads\/2025\/10\/z4692590691430_998df61d0a6f2da600f664c2c1432adc.jpg\" alt=\"\" width=\"802\" height=\"534\" \/><\/p>\n<blockquote>\n<h3 data-start=\"1698\" data-end=\"1735\"><span style=\"font-size: 18pt\"><em>C\u00e1ch s\u1eed d\u1ee5ng &amp; h\u01b0\u1edbng d\u1eabn chi ti\u1ebft<\/em><\/span><\/h3>\n<\/blockquote>\n<p><strong data-start=\"1740\" data-end=\"1759\">1. R\u00e3 \u0111\u00f4ng (thaw):<\/strong><br data-start=\"1759\" data-end=\"1762\" \/>\u2013 \u0110\u1ec3 topping t\u1eeb tr\u1ea1ng th\u00e1i \u0111\u00f4ng l\u1ea1nh chuy\u1ec3n ho\u00e0n to\u00e0n th\u00e0nh d\u1ea1ng l\u1ecfng, th\u01b0\u1eddng \u0111\u1ec3 trong ng\u0103n m\u00e1t t\u1ee7 l\u1ea1nh \u1edf kho\u1ea3ng 2\u00b0C \u2013 10\u00b0C.<br data-start=\"1925\" data-end=\"1928\" \/>\u2013 Sau khi dung d\u1ecbch l\u1ecfng, n\u1ebfu c\u00f3 b\u1ecdt kh\u00ed ph\u00eda tr\u00ean, c\u1ea7n lo\u1ea1i b\u1ecf \u0111\u1ec3 b\u1ec1 m\u1eb7t b\u00e1nh sau khi n\u01b0\u1edbng m\u1ecbn v\u00e0 \u0111\u1eb9p m\u1eaft.<\/p>\n<p data-start=\"2082\" data-end=\"2271\"><strong data-start=\"2082\" data-end=\"2097\">2. \u0110\u1ed5 topping:\u00a0<\/strong>\u0110\u1ed5 dung d\u1ecbch topping v\u00e0o v\u1ecf b\u00e1nh (pre-baked tart shell) kho\u1ea3ng 80\u201390% th\u1ec3 t\u00edch v\u1ecf, ho\u1eb7c t\u1ea7m \u0111\u1ecbnh l\u01b0\u1ee3ng 30g\/\u0111\u1ebf th\u00ec v\u1edbi 907g s\u1ed1t kem tr\u1ee9ng \u0111\u01b0\u1ee3c t\u1ea7m 30 b\u00e1nh, \u0111\u1ec3 khi n\u01b0\u1edbng nh\u00e2n c\u00f3 ch\u1ed7 n\u1edf l\u00ean m\u00e0 kh\u00f4ng tr\u00e0n.<\/p>\n<p data-start=\"2276\" data-end=\"2288\"><strong data-start=\"2276\" data-end=\"2286\">3. N\u01b0\u1edbng:<\/strong><\/p>\n<p data-start=\"2294\" data-end=\"2412\">\u2013 V\u1edbi l\u00f2 n\u01b0\u1edbng: L\u00e0m n\u00f3ng l\u00f2 tr\u01b0\u1edbc (preheat): nhi\u1ec7t \u0111\u1ed9 200 \u2013 220 \u0111\u1ed9 C , n\u01b0\u1edbng trong kho\u1ea3ng 17\u201320 ph\u00fat \u0111\u1ebfn khi m\u1eb7t nh\u00e2n v\u00e0ng, c\u00f3 c\u00e1c ch\u1ea5m s\u1eadm (v\u1ec7t ch\u00e1y nh\u1eb9) \u0111\u1eb7c tr\u01b0ng.<br \/>\n\u2013 N\u1ed3i chi\u00ean kh\u00f4ng d\u1ea7u: B\u1eadt l\u00f2 tr\u01b0\u1edbc 5 ph\u00fat, nhi\u1ec7t \u0111\u1ed9 180 \u0111\u1ed9 C. Cho b\u00e1nh v\u00e0o n\u01b0\u1edbng trong kho\u1ea3ng 10-12 ph\u00fat.<br \/>\n\u2013 Sau khi n\u01b0\u1edbng, \u0111\u1ec3 b\u00e1nh ngu\u1ed9i \u1ed5n \u0111\u1ecbnh tr\u01b0\u1edbc khi l\u1ea5y ra kh\u1ecfi khu\u00f4n \u0111\u1ec3 v\u1ecf v\u00e0 nh\u00e2n \u0111\u1ecbnh h\u00ecnh t\u1ed1t h\u01a1n.<\/p>\n<p data-start=\"2662\" data-end=\"2677\"><strong data-start=\"2662\" data-end=\"2675\">4. B\u1ea3o qu\u1ea3n:<\/strong><\/p>\n<p data-start=\"2683\" data-end=\"2800\">\u2013 Tr\u01b0\u1edbc khi m\u1edf: b\u1ea3o qu\u1ea3n \u0111\u00f4ng l\u1ea1nh (-18 \u00b0C), th\u1eddi h\u1ea1n l\u01b0u tr\u1eef l\u00ean \u0111\u1ebfn 365 ng\u00e0y.<br \/>\n\u2013 Sau khi m\u1edf: d\u00f9ng nhanh ho\u1eb7c b\u1ea3o qu\u1ea3n trong ng\u0103n m\u00e1t.<\/p>\n<p><img decoding=\"async\" class=\"wp-image-42523 aligncenter\" src=\"https:\/\/havamall.com\/wp-content\/uploads\/2025\/10\/de-tart-trung-mini-cute-6.jpg\" alt=\"\" width=\"800\" height=\"800\" \/><\/p>\n<blockquote>\n<h3 data-start=\"2189\" data-end=\"2211\"><span style=\"font-size: 18pt\"><strong><em>\u1ee8ng d\u1ee5ng linh ho\u1ea1t<\/em><\/strong><\/span><\/h3>\n<\/blockquote>\n<p data-start=\"2287\" data-end=\"2479\">\u2013 B\u00e1nh tart tr\u00e1i c\u00e2y (apple tart, berry tart)<br data-start=\"2332\" data-end=\"2335\" \/>\u2013 Tart l\u1ea1nh v\u1edbi nh\u00e2n kem ho\u1eb7c mousse<br data-start=\"2371\" data-end=\"2374\" \/>\u2013 Tart m\u1eb7n nh\u1ecf v\u1edbi nh\u00e2n ph\u00f4 mai, rau c\u1ee7<br data-start=\"2413\" data-end=\"2416\" \/>\u2013 B\u00e1nh mini \u0111a d\u1ee5ng \u2013 ch\u1eb3ng h\u1ea1n tart c\u00e0 ph\u00ea, chocolate, caramel<\/p>\n<p data-start=\"2287\" data-end=\"2479\"><img loading=\"lazy\" decoding=\"async\" class=\"aligncenter\" src=\"https:\/\/havamall.com\/wp-content\/uploads\/2025\/10\/bd-69.jpg\" alt=\"Shop Pastel de Nata Berry Custard Tarts Online | La Tienda\" width=\"800\" height=\"800\" \/><\/p>\n<blockquote>\n<h3 data-start=\"2617\" data-end=\"2636\"><strong><em><span style=\"font-size: 18pt\">L\u01b0u \u00fd &amp; m\u1eb9o nh\u1ecf<\/span><\/em><\/strong><\/h3>\n<\/blockquote>\n<p data-start=\"2638\" data-end=\"3116\">\u2013 Khi r\u00f3t nh\u00e2n, kh\u00f4ng n\u00ean \u0111\u1ed5 qu\u00e1 \u0111\u1ea7y v\u1ecf \u0111\u1ec3 tr\u00e1nh tr\u00e0n khi n\u01b0\u1edbng.<br data-start=\"2702\" data-end=\"2705\" \/>\u2013 N\u1ebfu \u0111\u1ebf h\u01a1i c\u1ee9ng (do b\u1ea3o qu\u1ea3n l\u1ea1nh), b\u1ea1n c\u00f3 th\u1ec3 \u0111\u1ec3 \u1edf nhi\u1ec7t ph\u00f2ng 10\u201315 ph\u00fat tr\u01b0\u1edbc khi r\u00f3t nh\u00e2n \u2014 tr\u00e1nh v\u1ecf b\u1ecb n\u1ee9t do ch\u00eanh nhi\u1ec7t.<br data-start=\"2834\" data-end=\"2837\" \/>\u2013 Trong khi n\u01b0\u1edbng, n\u1ebfu v\u1ecf b\u00e1nh b\u1ecb v\u00e0ng qu\u00e1 nhanh trong khi nh\u00e2n ch\u01b0a ch\u00edn, b\u1ea1n c\u00f3 th\u1ec3 che m\u1eb7t b\u00e1nh b\u1eb1ng gi\u1ea5y b\u1ea1c kho\u1ea3ng 5 ph\u00fat cu\u1ed1i \u0111\u1ec3 nh\u00e2n c\u00f3 th\u1eddi gian ch\u00edn m\u00e0 v\u1ecf kh\u00f4ng b\u1ecb ch\u00e1y.<br data-start=\"3015\" data-end=\"3018\" \/>\u2013 Sau khi n\u01b0\u1edbng, \u0111\u1ec3 b\u00e1nh ngu\u1ed9i trong khay kho\u1ea3ng 5\u201310 ph\u00fat tr\u01b0\u1edbc khi l\u1ea5y ra \u0111\u1ec3 gi\u1eef v\u1ecf kh\u00f4ng b\u1ecb v\u1ee1.<\/p>","protected":false},"excerpt":{"rendered":"<p><b>L\u01afU \u00dd QUAN TR\u1eccNG V\u1ec0 GIAO H\u00c0NG: <span style=\"font-size: 18pt\">\u0110\u00c2Y L\u00c0 S\u1ea2N PH\u1ea8M \u0110\u00d4NG L\u1ea0NH<\/span><\/b><\/p>\n<ul>\n<li>\u0110\u1ec3 \u0111\u1ea3m b\u1ea3o ch\u1ea5t l\u01b0\u1ee3ng, c\u00e1c s\u1ea3n ph\u1ea9m tr\u00e1i c\u00e2y \u0111\u00f4ng l\u1ea1nh v\u00e0 \u0111\u1ed3 \u0111\u00f4ng l\u1ea1nh <b>ch\u1ec9 \u0111\u01b0\u1ee3c giao h\u1ecfa t\u1ed1c<\/b> trong khu v\u1ef1c <strong>N\u1ed8I TH\u00c0NH TP.HCM.<\/strong><\/li>\n<li><b>Ph\u00ed ship:<\/b>\n<ul>\n<li>D\u01b0\u1edbi 5km: 30.000\u20ab<\/li>\n<li>Tr\u00ean 5km: Ph\u00ed giao h\u00e0ng s\u1ebd t\u00ednh theo gi\u00e1 c\u1ee7a \u1ee9ng d\u1ee5ng d\u1ecbch v\u1ee5 v\u1eadn chuy\u1ec3n.<\/li>\n<\/ul>\n<\/li>\n<li><b>\u0110\u1ecba ch\u1ec9 c\u1eeda h\u00e0ng:<\/b>\u00a0H\u1ebbm 112, s\u1ed1 114A B\u1ea1ch \u0110\u1eb1ng, Ph\u01b0\u1eddng 2, Qu\u1eadn T\u00e2n B\u00ecnh. B\u1ea1n c\u00f3 th\u1ec3 ki\u1ec3m tra kho\u1ea3ng c\u00e1ch tr\u01b0\u1edbc khi \u0111\u1eb7t h\u00e0ng.<\/li>\n<li><b>Mi\u1ec5n ph\u00ed giao h\u00e0ng:<\/b>\u00a0\u00c1p d\u1ee5ng cho \u0111\u01a1n h\u00e0ng tr\u00e1i c\u00e2y \u0111\u00f4ng l\u1ea1nh t\u1eeb 4kg ho\u1eb7c c\u00f3 gi\u00e1 tr\u1ecb t\u1eeb 1.500.000\u20ab.<\/li>\n<\/ul>","protected":false},"featured_media":42568,"comment_status":"open","ping_status":"closed","template":"","meta":[],"product_brand":[],"product_cat":[704,730,255],"product_tag":[],"class_list":{"0":"post-42567","1":"product","2":"type-product","3":"status-publish","4":"has-post-thumbnail","6":"product_cat-banh-dong-lanh","7":"product_cat-cac-nuoc-khac","8":"product_cat-nguyen-lieu-lam-banh","10":"first","11":"instock","12":"sale","13":"shipping-taxable","14":"purchasable","15":"product-type-variable"},"_links":{"self":[{"href":"https:\/\/havamall.com\/en\/wp-json\/wp\/v2\/product\/42567","targetHints":{"allow":["GET"]}}],"collection":[{"href":"https:\/\/havamall.com\/en\/wp-json\/wp\/v2\/product"}],"about":[{"href":"https:\/\/havamall.com\/en\/wp-json\/wp\/v2\/types\/product"}],"replies":[{"embeddable":true,"href":"https:\/\/havamall.com\/en\/wp-json\/wp\/v2\/comments?post=42567"}],"version-history":[{"count":0,"href":"https:\/\/havamall.com\/en\/wp-json\/wp\/v2\/product\/42567\/revisions"}],"wp:featuredmedia":[{"embeddable":true,"href":"https:\/\/havamall.com\/en\/wp-json\/wp\/v2\/media\/42568"}],"wp:attachment":[{"href":"https:\/\/havamall.com\/en\/wp-json\/wp\/v2\/media?parent=42567"}],"wp:term":[{"taxonomy":"product_brand","embeddable":true,"href":"https:\/\/havamall.com\/en\/wp-json\/wp\/v2\/product_brand?post=42567"},{"taxonomy":"product_cat","embeddable":true,"href":"https:\/\/havamall.com\/en\/wp-json\/wp\/v2\/product_cat?post=42567"},{"taxonomy":"product_tag","embeddable":true,"href":"https:\/\/havamall.com\/en\/wp-json\/wp\/v2\/product_tag?post=42567"}],"curies":[{"name":"wp","href":"https:\/\/api.w.org\/{rel}","templated":true}]}}