{"id":42578,"date":"2025-10-09T14:01:08","date_gmt":"2025-10-09T07:01:08","guid":{"rendered":"https:\/\/havamall.com\/?post_type=product&#038;p=42578"},"modified":"2025-10-09T15:00:00","modified_gmt":"2025-10-09T08:00:00","slug":"mien-vermicelli-lua-mi-rajdhani-450g-rajdhani-seviyan-short-cut-vermicelli-450g","status":"publish","type":"product","link":"https:\/\/havamall.com\/en\/shop\/mien-vermicelli-lua-mi-rajdhani-450g-rajdhani-seviyan-short-cut-vermicelli-450g\/","title":{"rendered":"Mi\u1ebfn Seviyan L\u00faa M\u00ec Rajdhani 450g \u2013 Rajdhani Seviyan Short Cut Vermicelli 450g"},"content":{"rendered":"<blockquote>\n<h2><em><strong>TH\u00d4NG TIN CHUNG<\/strong><\/em><\/h2>\n<\/blockquote>\n<table style=\"width: 52.3722%;height: 190px\">\n<tbody>\n<tr>\n<td><b>Th\u01b0\u01a1ng hi\u1ec7u<\/b><\/td>\n<td>R\u1ea1dhani<\/td>\n<\/tr>\n<tr>\n<td><b>Xu\u1ea5t x\u1ee9<\/b><\/td>\n<td>\u1ea4n \u0110\u1ed9<\/td>\n<\/tr>\n<tr>\n<td><b>Th\u00e0nh ph\u1ea7n<\/b><\/td>\n<td>Xem tr\u1ef1c ti\u1ebfp tr\u00ean bao b\u00ec<\/td>\n<\/tr>\n<tr>\n<td><b>H\u1ea1n s\u1eed d\u1ee5ng<\/b><\/td>\n<td>Xem tr\u1ef1c ti\u1ebfp tr\u00ean bao b\u00ec<\/td>\n<\/tr>\n<tr>\n<td><b>B\u1ea3o qu\u1ea3n<\/b><\/td>\n<td>B\u1ea3o qu\u1ea3n n\u01a1i kh\u00f4 r\u00e1o, tho\u00e1ng m\u00e1t<\/td>\n<\/tr>\n<tr>\n<td><b>Kh\u1ed1i l\u01b0\u1ee3ng<\/b><\/td>\n<td>450g<\/td>\n<\/tr>\n<\/tbody>\n<\/table>\n<p data-start=\"469\" data-end=\"972\">Trong v\u0103n h\u00f3a \u1ea9m th\u1ef1c \u1ea4n \u0110\u1ed9, nh\u1eefng s\u1ee3i\u00a0<strong data-start=\"508\" data-end=\"519\">seviyan<\/strong>\u00a0hay\u00a0<strong data-start=\"524\" data-end=\"538\">vermicelli<\/strong>\u00a0l\u00e0 nguy\u00ean li\u1ec7u gi\u1ea3n d\u1ecb nh\u01b0ng l\u1ea1i xu\u1ea5t hi\u1ec7n trong v\u00f4 s\u1ed1 m\u00f3n \u0103n truy\u1ec1n th\u1ed1ng \u2013 t\u1eeb m\u00f3n ng\u1ecdt tr\u00e1ng mi\u1ec7ng \u0111\u1ebfn c\u00e1c m\u00f3n m\u1eb7n nh\u1eb9. Ch\u00fang mang \u0111\u1ebfn c\u1ea3m gi\u00e1c m\u1ec1m m\u01b0\u1ee3t, thanh nh\u1eb9 v\u00e0 l\u00e0 n\u1ec1n t\u1ea3ng cho nhi\u1ec1u c\u00f4ng th\u1ee9c gia \u0111\u00ecnh. Trong \u0111\u00f3,\u00a0<strong data-start=\"760\" data-end=\"801\">Rajdhani Seviyan Short Cut Vermicelli<\/strong>\u00a0l\u00e0 m\u1ed9t trong nh\u1eefng d\u00f2ng \u0111\u01b0\u1ee3c \u01b0a chu\u1ed9ng nh\u1ea5t, b\u1edfi \u0111\u1ed9 dai v\u1eeba ph\u1ea3i, d\u1ec5 n\u1ea5u, nhanh ch\u00edn v\u00e0 c\u00f3 th\u1ec3 \u1ee9ng d\u1ee5ng linh ho\u1ea1t trong c\u1ea3 b\u1eefa s\u00e1ng, m\u00f3n \u0103n nh\u1eb9 hay m\u00f3n ch\u00e8 tr\u00e1ng mi\u1ec7ng.<\/p>\n<p data-start=\"469\" data-end=\"972\"><img fetchpriority=\"high\" decoding=\"async\" class=\"aligncenter wp-image-42580\" src=\"https:\/\/havamall.com\/wp-content\/uploads\/2025\/10\/20-Minute-Seviyan-Sheer-Khurma-13.jpg\" alt=\"\" width=\"800\" height=\"1200\" srcset=\"https:\/\/havamall.com\/wp-content\/uploads\/2025\/10\/20-Minute-Seviyan-Sheer-Khurma-13.jpg 1365w, https:\/\/havamall.com\/wp-content\/uploads\/2025\/10\/20-Minute-Seviyan-Sheer-Khurma-13-8x12.jpg 8w, https:\/\/havamall.com\/wp-content\/uploads\/2025\/10\/20-Minute-Seviyan-Sheer-Khurma-13-600x900.jpg 600w, https:\/\/havamall.com\/wp-content\/uploads\/2025\/10\/20-Minute-Seviyan-Sheer-Khurma-13-1200x1800.jpg 1200w, https:\/\/havamall.com\/wp-content\/uploads\/2025\/10\/20-Minute-Seviyan-Sheer-Khurma-13-150x225.jpg 150w\" sizes=\"(max-width: 800px) 100vw, 800px\" \/><\/p>\n<p data-start=\"974\" data-end=\"1397\">S\u1ea3n ph\u1ea9m \u0111\u01b0\u1ee3c l\u00e0m t\u1eeb\u00a0<strong data-start=\"995\" data-end=\"1028\">l\u00faa m\u00ec semolina (b\u1ed9t m\u00ec c\u1ee9ng)<\/strong>, lo\u1ea1i nguy\u00ean li\u1ec7u gi\u00e0u protein, gi\u00fap s\u1ee3i vermicelli c\u00f3 c\u1ea5u tr\u00fac ch\u1eafc, kh\u00f4ng b\u1ecb b\u1edf khi n\u1ea5u l\u00e2u. Kh\u00e1c v\u1edbi mi\u1ebfn hay b\u00fan g\u1ea1o, vermicelli t\u1eeb l\u00faa m\u00ec c\u00f3 \u0111\u1ed9 \u0111\u00e0n h\u1ed3i t\u1ed1t, gi\u1eef \u0111\u01b0\u1ee3c \u0111\u1ed9 d\u1ebbo m\u00e0 v\u1eabn m\u1ec1m, kh\u00f4ng kh\u00f4 v\u1ee5n. Nh\u1edd \u0111\u01b0\u1ee3c\u00a0<strong data-start=\"1243\" data-end=\"1255\">c\u1eaft ng\u1eafn<\/strong>\u00a0(short cut), Rajdhani Seviyan d\u1ec5 chia l\u01b0\u1ee3ng khi n\u1ea5u v\u00e0 nhanh th\u1ea5m gia v\u1ecb \u2013 r\u1ea5t ti\u1ec7n cho c\u1ea3 b\u1ebfp gia \u0111\u00ecnh v\u00e0 c\u00e1c h\u00e0ng \u0103n c\u1ea7n t\u1ed1c \u0111\u1ed9 ch\u1ebf bi\u1ebfn.<\/p>\n<p data-start=\"974\" data-end=\"1397\"><img decoding=\"async\" class=\"aligncenter wp-image-42581\" src=\"https:\/\/havamall.com\/wp-content\/uploads\/2025\/10\/untitledse.jpg\" alt=\"\" width=\"801\" height=\"609\" srcset=\"https:\/\/havamall.com\/wp-content\/uploads\/2025\/10\/untitledse.jpg 1095w, https:\/\/havamall.com\/wp-content\/uploads\/2025\/10\/untitledse-16x12.jpg 16w, https:\/\/havamall.com\/wp-content\/uploads\/2025\/10\/untitledse-600x456.jpg 600w, https:\/\/havamall.com\/wp-content\/uploads\/2025\/10\/untitledse-150x114.jpg 150w\" sizes=\"(max-width: 801px) 100vw, 801px\" \/><\/p>\n<h3 data-start=\"1399\" data-end=\"1423\"><span style=\"font-size: 18pt\"><strong data-start=\"1403\" data-end=\"1423\">\u0110\u1eb7c \u0111i\u1ec3m n\u1ed5i b\u1eadt<\/strong><\/span><\/h3>\n<p data-start=\"1424\" data-end=\"1826\">\u2013 L\u00e0 vermicelli l\u00e0m t\u1eeb\u00a0<strong data-start=\"1447\" data-end=\"1473\">semolina (l\u00faa m\u00ec c\u1ee9ng)<\/strong>, kh\u00f4ng ch\u1ee9a b\u1ed9t g\u1ea1o hay tinh b\u1ed9t khoai t\u00e2y.<br data-start=\"1517\" data-end=\"1520\" \/>\u2013 K\u1ebft c\u1ea5u s\u1ee3i\u00a0<strong data-start=\"1534\" data-end=\"1567\">m\u1ea3nh, c\u1eaft ng\u1eafn, d\u1ec5 ch\u00edn nhanh<\/strong>, ph\u00f9 h\u1ee3p cho m\u00f3n ng\u1ecdt v\u00e0 m\u1eb7n.<br data-start=\"1597\" data-end=\"1600\" \/>\u2013 C\u00f3 lo\u1ea1i\u00a0<strong data-start=\"1610\" data-end=\"1631\">rang s\u01a1 (roasted)<\/strong>\u00a0gi\u00fap th\u01a1m h\u01a1n, kh\u00f4ng c\u1ea7n rang l\u1ea1i tr\u01b0\u1edbc khi n\u1ea5u.<br data-start=\"1680\" data-end=\"1683\" \/>\u2013 M\u1ed7i g\u00f3i 450g \u0111\u1ee7 cho\u00a0<strong data-start=\"1705\" data-end=\"1728\">kho\u1ea3ng 8\u201310 ph\u1ea7n \u0103n<\/strong>, t\u00f9y m\u00f3n ch\u1ebf bi\u1ebfn.<br data-start=\"1747\" data-end=\"1750\" \/>\u2013 Gi\u1eef m\u00e0u v\u00e0ng nh\u1ea1t t\u1ef1 nhi\u00ean, kh\u00f4ng d\u00f9ng ph\u1ea9m m\u00e0u hay h\u01b0\u01a1ng li\u1ec7u t\u1ed5ng h\u1ee3p.<\/p>\n<p data-start=\"1424\" data-end=\"1826\"><img decoding=\"async\" class=\"aligncenter wp-image-42582\" src=\"https:\/\/havamall.com\/wp-content\/uploads\/2025\/10\/meethi-seviyan-27.jpg\" alt=\"\" width=\"800\" height=\"800\" srcset=\"https:\/\/havamall.com\/wp-content\/uploads\/2025\/10\/meethi-seviyan-27.jpg 1535w, https:\/\/havamall.com\/wp-content\/uploads\/2025\/10\/meethi-seviyan-27-150x150.jpg 150w, https:\/\/havamall.com\/wp-content\/uploads\/2025\/10\/meethi-seviyan-27-12x12.jpg 12w, https:\/\/havamall.com\/wp-content\/uploads\/2025\/10\/meethi-seviyan-27-600x600.jpg 600w, https:\/\/havamall.com\/wp-content\/uploads\/2025\/10\/meethi-seviyan-27-1200x1200.jpg 1200w\" sizes=\"(max-width: 800px) 100vw, 800px\" \/><\/p>\n<h3 data-start=\"1828\" data-end=\"1869\"><span style=\"font-size: 18pt\"><strong data-start=\"1832\" data-end=\"1869\">C\u00e1ch ch\u1ebf bi\u1ebfn &amp; h\u01b0\u1edbng d\u1eabn s\u1eed d\u1ee5ng<\/strong><\/span><\/h3>\n<p><strong data-start=\"1874\" data-end=\"1900\">1. Lu\u1ed9c ho\u1eb7c n\u1ea5u ch\u00edn s\u01a1:<\/strong><br data-start=\"1900\" data-end=\"1903\" \/>\u2013 Cho vermicelli v\u00e0o n\u01b0\u1edbc s\u00f4i, khu\u1ea5y nh\u1eb9 tay \u0111\u1ec3 s\u1ee3i t\u00e1ch \u0111\u1ec1u.<br data-start=\"1967\" data-end=\"1970\" \/>\u2013 N\u1ea5u 2\u20135 ph\u00fat t\u00f9y \u0111\u1ed9 m\u1ec1m mong mu\u1ed1n, sau \u0111\u00f3 v\u1edbt ra, x\u1ea3 n\u01b0\u1edbc l\u1ea1nh \u0111\u1ec3 s\u1ee3i t\u01a1i, kh\u00f4ng d\u00ednh.<br data-start=\"2061\" data-end=\"2064\" \/>\u2013 N\u1ebfu mu\u1ed1n gi\u1eef v\u1ecb th\u01a1m b\u01a1 b\u00e9o, c\u00f3 th\u1ec3 rang s\u01a1 v\u1edbi m\u1ed9t \u00edt d\u1ea7u ho\u1eb7c b\u01a1 l\u1ea1t tr\u01b0\u1edbc khi n\u1ea5u.<\/p>\n<p data-start=\"2161\" data-end=\"2527\"><strong data-start=\"2161\" data-end=\"2205\">2. Ch\u1ebf bi\u1ebfn m\u00f3n ng\u1ecdt (kheer, sheer khurma):<\/strong><br data-start=\"2205\" data-end=\"2208\" \/>\u2013 D\u00f9ng kho\u1ea3ng 50g vermicelli cho m\u1ed7i kh\u1ea9u ph\u1ea7n.<br data-start=\"2258\" data-end=\"2261\" \/>\u2013 N\u1ea5u s\u1ee3i v\u1edbi 250ml s\u1eefa t\u01b0\u01a1i, th\u00eam \u0111\u01b0\u1eddng, h\u1ea1t \u0111i\u1ec1u, nho kh\u00f4 ho\u1eb7c h\u1ea1nh nh\u00e2n l\u00e1t.<br data-start=\"2343\" data-end=\"2346\" \/>\u2013 \u0110un nh\u1ecf l\u1eeda \u0111\u1ebfn khi h\u1ed7n h\u1ee3p s\u00e1nh nh\u1eb9, s\u1ee3i vermicelli m\u1ec1m, th\u1ea5m v\u1ecb ng\u1ecdt d\u1ecbu.<br data-start=\"2426\" data-end=\"2429\" \/>\u2013 C\u00f3 th\u1ec3 th\u00eam v\u00e0i gi\u1ecdt tinh ch\u1ea5t vani ho\u1eb7c b\u1ed9t cardamom \u0111\u1ec3 t\u0103ng h\u01b0\u01a1ng th\u01a1m \u0111\u1eb7c tr\u01b0ng ki\u1ec3u \u1ea4n.<\/p>\n<p><img loading=\"lazy\" decoding=\"async\" class=\"aligncenter\" src=\"https:\/\/i0.wp.com\/2.bp.blogspot.com\/-g4_ltB1NX-g\/ValRXrX0c0I\/AAAAAAAAMZA\/C74D97PtouI\/s1600\/S5.jpg\" alt=\"Sheer Khurma (Vermicelli Pudding) - Guilt Free\" width=\"800\" height=\"634\" \/><\/p>\n<p data-start=\"2532\" data-end=\"2909\"><strong data-start=\"2532\" data-end=\"2587\">3. Ch\u1ebf bi\u1ebfn m\u00f3n m\u1eb7n (vermicelli upma, vermicelli x\u00e0o):<\/strong><br data-start=\"2587\" data-end=\"2590\" \/>\u2013 Phi h\u00e0nh, t\u1ecfi v\u00e0 rau c\u1ee7 v\u1edbi m\u1ed9t ch\u00fat d\u1ea7u ho\u1eb7c ghee.<br data-start=\"2646\" data-end=\"2649\" \/>\u2013 Cho vermicelli \u0111\u00e3 ch\u1ea7n v\u00e0o, n\u00eam mu\u1ed1i, ti\u00eau, b\u1ed9t ngh\u1ec7 ho\u1eb7c b\u1ed9t c\u00e0 ri nh\u1eb9 \u0111\u1ec3 t\u0103ng m\u00e0u v\u00e0 h\u01b0\u01a1ng v\u1ecb.<br data-start=\"2750\" data-end=\"2753\" \/>\u2013 M\u00f3n vermicelli x\u00e0o ki\u1ec3u \u1ea4n th\u01b0\u1eddng \u0103n s\u00e1ng ho\u1eb7c l\u00e0m m\u00f3n ph\u1ee5 cho b\u1eefa tr\u01b0a.<br data-start=\"2830\" data-end=\"2833\" \/>\u2013 N\u1ebfu th\u00edch ki\u1ec3u Vi\u1ec7t h\u00f3a, c\u00f3 th\u1ec3 x\u00e0o c\u00f9ng n\u1ea5m, tr\u1ee9ng, t\u00f4m ho\u1eb7c \u0111\u1eadu h\u0169.<\/p>\n<p><img loading=\"lazy\" decoding=\"async\" class=\"aligncenter wp-image-42583\" src=\"https:\/\/havamall.com\/wp-content\/uploads\/2025\/10\/sevaiyan-4.jpg\" alt=\"\" width=\"800\" height=\"1066\" srcset=\"https:\/\/havamall.com\/wp-content\/uploads\/2025\/10\/sevaiyan-4.jpg 1512w, https:\/\/havamall.com\/wp-content\/uploads\/2025\/10\/sevaiyan-4-9x12.jpg 9w, https:\/\/havamall.com\/wp-content\/uploads\/2025\/10\/sevaiyan-4-600x800.jpg 600w, https:\/\/havamall.com\/wp-content\/uploads\/2025\/10\/sevaiyan-4-1200x1600.jpg 1200w, https:\/\/havamall.com\/wp-content\/uploads\/2025\/10\/sevaiyan-4-150x200.jpg 150w\" sizes=\"(max-width: 800px) 100vw, 800px\" \/><\/p>\n<p data-start=\"2914\" data-end=\"3193\"><strong data-start=\"2914\" data-end=\"2937\">4. \u1ee8ng d\u1ee5ng linh ho\u1ea1t:<\/strong><br data-start=\"2937\" data-end=\"2940\" \/>\u2013 Th\u00eam v\u00e0o\u00a0<strong data-start=\"2954\" data-end=\"2979\">s\u00fap, ch\u00e1o, salad l\u1ea1nh<\/strong>, ho\u1eb7c l\u00e0m topping gi\u00f2n cho m\u00f3n tr\u00e1ng mi\u1ec7ng.<br data-start=\"3023\" data-end=\"3026\" \/>\u2013 D\u00f9ng thay th\u1ebf b\u00fan trong m\u00f3n \u201cb\u00fan cari\u201d ho\u1eb7c \u201cmi\u1ebfn c\u00e0 ri\u201d cho v\u1ecb m\u1edbi l\u1ea1.<br data-start=\"3102\" data-end=\"3105\" \/>\u2013 Khi n\u1ea5u ch\u00e8, ch\u1ec9 c\u1ea7n s\u1ee3i vermicelli, s\u1eefa v\u00e0 \u00edt \u0111\u01b0\u1eddng l\u00e0 \u0111\u00e3 c\u00f3 m\u00f3n ng\u1ecdt nh\u1eb9 thanh.<\/p>\n<p data-start=\"2914\" data-end=\"3193\"><img loading=\"lazy\" decoding=\"async\" class=\"aligncenter\" src=\"https:\/\/havamall.com\/wp-content\/uploads\/2025\/10\/Sheer-Khurma.jpg\" alt=\"Sheer Khurma | How to make Sheer Khurma - Vanita's Corner\" width=\"800\" height=\"600\" \/><\/p>\n<blockquote>\n<h3 data-start=\"3195\" data-end=\"3219\"><em><span style=\"font-size: 18pt\"><strong data-start=\"3199\" data-end=\"3219\">B\u1ea3o qu\u1ea3n &amp; l\u01b0u \u00fd<\/strong><\/span><\/em><\/h3>\n<\/blockquote>\n<p data-start=\"3220\" data-end=\"3529\">\u2013 B\u1ea3o qu\u1ea3n n\u01a1i kh\u00f4 r\u00e1o, tho\u00e1ng m\u00e1t, tr\u00e1nh \u00e1nh n\u1eafng tr\u1ef1c ti\u1ebfp.<br data-start=\"3281\" data-end=\"3284\" \/>\u2013 Sau khi m\u1edf g\u00f3i, n\u00ean bu\u1ed9c k\u00edn \u0111\u1ec3 tr\u00e1nh h\u00fat \u1ea9m.<br data-start=\"3331\" data-end=\"3334\" \/>\u2013 Kh\u00f4ng n\u1ea5u qu\u00e1 l\u00e2u, s\u1ee3i d\u1ec5 nh\u00e3o v\u00e0 m\u1ea5t \u0111\u1ed9 d\u1ebbo.<br data-start=\"3381\" data-end=\"3384\" \/>\u2013 Khi n\u1ea5u m\u00f3n ng\u1ecdt, l\u01b0\u1ee3ng \u0111\u01b0\u1eddng n\u00ean th\u00eam d\u1ea7n v\u00ec semolina c\u00f3 v\u1ecb ng\u1ecdt nh\u1eb9 t\u1ef1 nhi\u00ean.<br data-start=\"3465\" data-end=\"3468\" \/>\u2013 Kh\u00f4ng ph\u00f9 h\u1ee3p cho ng\u01b0\u1eddi d\u1ecb \u1ee9ng gluten (do l\u00e0m t\u1eeb l\u00faa m\u00ec).<\/p>\n<p data-start=\"3220\" data-end=\"3529\"><img loading=\"lazy\" decoding=\"async\" class=\"aligncenter\" src=\"https:\/\/havamall.com\/wp-content\/uploads\/2025\/10\/IMG_0003.jpg\" alt=\"Chachi's Kitchen: Sev \/ seviyan \/ Sweet Vermicelli with nuts and raisins\" width=\"800\" height=\"600\" \/><\/p>\n<blockquote>\n<h3 data-start=\"3531\" data-end=\"3554\"><span style=\"font-size: 18pt\"><em><strong data-start=\"3535\" data-end=\"3554\">M\u1eb9o nh\u1ecf khi n\u1ea5u<\/strong><\/em><\/span><\/h3>\n<\/blockquote>\n<p data-start=\"3555\" data-end=\"4050\">\u2013 N\u1ebfu mu\u1ed1n s\u1ee3i th\u01a1m v\u00e0 t\u01a1i, n\u00ean\u00a0<strong data-start=\"3587\" data-end=\"3613\">rang s\u01a1 tr\u01b0\u1edbc khi lu\u1ed9c<\/strong>\u00a0b\u1eb1ng ch\u1ea3o kh\u00f4 trong 1\u20132 ph\u00fat \u0111\u1ebfn khi s\u1ee3i chuy\u1ec3n m\u00e0u v\u00e0ng nh\u1eb9.<br data-start=\"3675\" data-end=\"3678\" \/>\u2013 Khi n\u1ea5u ch\u00e8, c\u00f3 th\u1ec3 n\u1ea5u vermicelli ri\u00eang r\u1ed3i m\u1edbi tr\u1ed9n v\u00e0o ph\u1ea7n s\u1eefa \u0111\u1ec3 gi\u1eef s\u1ee3i nguy\u00ean.<br data-start=\"3765\" data-end=\"3768\" \/>\u2013 \u0110\u1ec3 m\u00f3n upma ho\u1eb7c vermicelli x\u00e0o kh\u00f4ng d\u00ednh, tr\u1ed9n s\u1ee3i v\u1edbi ch\u00fat d\u1ea7u sau khi lu\u1ed9c v\u00e0 \u0111\u1ec3 r\u00e1o k\u1ef9.<br data-start=\"3862\" data-end=\"3865\" \/>\u2013 N\u1ebfu mu\u1ed1n ch\u1ebf bi\u1ebfn ki\u1ec3u Vi\u1ec7t, c\u00f3 th\u1ec3 k\u1ebft h\u1ee3p vermicelli v\u1edbi n\u01b0\u1edbc c\u1ed1t d\u1eeba, h\u1ea1t sen, \u0111\u1eadu xanh nghi\u1ec1n ho\u1eb7c tr\u1ee9ng g\u00e0 \u0111\u00e1nh cho ra h\u01b0\u01a1ng v\u1ecb g\u1ea7n gi\u1ed1ng m\u00f3n \u201cch\u00e8 mi\u1ebfn s\u1eefa\u201d nh\u01b0ng th\u01a1m b\u00e9o h\u01a1n.<\/p>\n<p data-start=\"4413\" data-end=\"4492\"><strong data-start=\"4413\" data-end=\"4492\">Rajdhani Seviyan Short Cut Vermicelli 450g hi\u1ec7n \u0111ang \u0111\u01b0\u1ee3c b\u00e1n t\u1ea1i Havamall.<\/strong><\/p>","protected":false},"excerpt":{"rendered":"<h3>\u0110\u1eccC K\u1ef8 ~ Ch\u00ednh s\u00e1ch giao h\u00e0ng t\u1ea1i Havamall<\/h3>\n<h4><b>1. Giao h\u00e0ng t\u1ea1i TP.HCM<\/b><\/h4>\n<ul>\n<li><b>\u0110\u1ed3 kh\u00f4 (Giao trong 1-2 ng\u00e0y sau khi \u0111\u01b0\u1ee3c g\u1ecdi x\u00e1c nh\u1eadn \u0111\u01a1n):<\/b>\n<ul>\n<li><b>Mi\u1ec5n ph\u00ed ship<\/b>\u00a0v\u1edbi \u0111\u01a1n\u00a0<em><strong>tr\u00ean 500.000\u20ab.\u00a0<\/strong>C<\/em>\u00e1c \u0111\u01a1n\u00a0<strong><em>d\u01b0\u1edbi 500.000\u20ab<\/em><\/strong>, ph\u00ed ship l\u00e0\u00a0<b>30.000\u20ab<\/b>.\u00a0<strong>Kh\u00f4ng \u00e1p d\u1ee5ng cho \u0111\u01a1n s\u1ec9, \u0111\u01a1n h\u00e0ng tr\u00ean 10kg, \u0111\u1ed3 \u0111\u00f4ng l\u1ea1nh ho\u1eb7c tr\u00e1i c\u00e2y.<\/strong><\/li>\n<\/ul>\n<\/li>\n<\/ul>\n<h4><b>2. Giao h\u00e0ng to\u00e0n qu\u1ed1c ( Ch\u1ec9\u00a0<\/b><b>\u0110\u1ed3 kh\u00f4: nh\u1eadn h\u00e0ng sau 3 \u2013 5 ng\u00e0y)<\/b><\/h4>\n<ul>\n<li><em>*Kh\u00f4ng \u00e1p d\u1ee5ng cho \u0111\u01a1n s\u1ec9, \u0111\u01a1n h\u00e0ng tr\u00ean 10kg*:\u00a0<\/em>Ph\u00ed ship m\u1eb7c \u0111\u1ecbnh\u00a0<b>30.000\u20ab.\u00a0<\/b>\u0110\u01a1n h\u00e0ng\u00a0<strong><em>tr\u00ean 2.000.000\u20ab ch\u1ec9 ch\u1ea5p nh\u1eadn thanh to\u00e1n chuy\u1ec3n kho\u1ea3n.<\/em><\/strong><\/li>\n<\/ul>\n<h4><b>3. L\u01b0u \u00fd chung<\/b><\/h4>\n<ul>\n<li>C\u00e1c m\u1eb7t h\u00e0ng c\u1ed3ng k\u1ec1nh, n\u1eb7ng tr\u00ean 5kg c\u00f3 th\u1ec3 ph\u00e1t sinh ph\u1ee5 ph\u00ed.<\/li>\n<li>M\u1ecdi th\u1eafc m\u1eafc kh\u00e1c vui l\u00f2ng li\u00ean h\u1ec7\u00a0<b>Hotline: 0946229642<\/b>\u00a0\u0111\u1ec3 \u0111\u01b0\u1ee3c h\u1ed7 tr\u1ee3.<\/li>\n<\/ul>","protected":false},"featured_media":42579,"comment_status":"open","ping_status":"closed","template":"","meta":[],"product_brand":[],"product_cat":[731,707,134],"product_tag":[],"class_list":{"0":"post-42578","1":"product","2":"type-product","3":"status-publish","4":"has-post-thumbnail","6":"product_cat-nhap-khau-an-do","7":"product_cat-nui-mi-y-pasta","8":"product_cat-thucpham-saykho","10":"first","11":"instock","12":"sale","13":"shipping-taxable","14":"purchasable","15":"product-type-simple"},"_links":{"self":[{"href":"https:\/\/havamall.com\/en\/wp-json\/wp\/v2\/product\/42578","targetHints":{"allow":["GET"]}}],"collection":[{"href":"https:\/\/havamall.com\/en\/wp-json\/wp\/v2\/product"}],"about":[{"href":"https:\/\/havamall.com\/en\/wp-json\/wp\/v2\/types\/product"}],"replies":[{"embeddable":true,"href":"https:\/\/havamall.com\/en\/wp-json\/wp\/v2\/comments?post=42578"}],"version-history":[{"count":0,"href":"https:\/\/havamall.com\/en\/wp-json\/wp\/v2\/product\/42578\/revisions"}],"wp:featuredmedia":[{"embeddable":true,"href":"https:\/\/havamall.com\/en\/wp-json\/wp\/v2\/media\/42579"}],"wp:attachment":[{"href":"https:\/\/havamall.com\/en\/wp-json\/wp\/v2\/media?parent=42578"}],"wp:term":[{"taxonomy":"product_brand","embeddable":true,"href":"https:\/\/havamall.com\/en\/wp-json\/wp\/v2\/product_brand?post=42578"},{"taxonomy":"product_cat","embeddable":true,"href":"https:\/\/havamall.com\/en\/wp-json\/wp\/v2\/product_cat?post=42578"},{"taxonomy":"product_tag","embeddable":true,"href":"https:\/\/havamall.com\/en\/wp-json\/wp\/v2\/product_tag?post=42578"}],"curies":[{"name":"wp","href":"https:\/\/api.w.org\/{rel}","templated":true}]}}