{"id":42718,"date":"2025-10-14T16:18:00","date_gmt":"2025-10-14T09:18:00","guid":{"rendered":"https:\/\/havamall.com\/?post_type=product&#038;p=42718"},"modified":"2025-10-18T08:26:27","modified_gmt":"2025-10-18T01:26:27","slug":"mam-xoi-den-dong-lanh-aro-1kg-aro-frozen-blackberry","status":"publish","type":"product","link":"https:\/\/havamall.com\/en\/shop\/mam-xoi-den-dong-lanh-aro-1kg-aro-frozen-blackberry\/","title":{"rendered":"M\u00e2m X\u00f4i \u0110en \u0110\u00f4ng L\u1ea1nh ARO 1kg \u2013 Aro Frozen Blackberry"},"content":{"rendered":"<h2><strong>TH\u00d4NG TIN CHUNG<\/strong><\/h2>\n<table style=\"width: 73.911%;height: 174px\">\n<tbody>\n<tr>\n<td>Th\u01b0\u01a1ng hi\u1ec7u<\/td>\n<td>ARO<\/td>\n<\/tr>\n<tr>\n<td>Xu\u1ea5t x\u1ee9<\/td>\n<td>Trung Qu\u1ed1c<\/td>\n<\/tr>\n<tr>\n<td>Th\u00e0nh ph\u1ea7n<\/td>\n<td>M\u00e2m x\u00f4i \u0111en t\u01b0\u01a1i<\/td>\n<\/tr>\n<tr>\n<td>H\u1ea1n s\u1eed d\u1ee5ng<\/td>\n<td>Xem tr\u1ef1c ti\u1ebfp tr\u00ean bao b\u00ec<\/td>\n<\/tr>\n<tr>\n<td>B\u1ea3o qu\u1ea3n<\/td>\n<td>B\u1ea3o qu\u1ea3n \u0111\u00f4ng l\u1ea1nh<\/td>\n<\/tr>\n<tr>\n<td>Kh\u1ed1i l\u01b0\u1ee3ng<\/td>\n<td>1kg<\/td>\n<\/tr>\n<\/tbody>\n<\/table>\n<p data-start=\"1451\" data-end=\"1731\">M\u00e2m x\u00f4i \u0111en ARO \u0111\u01b0\u1ee3c thu ho\u1ea1ch t\u1eeb nh\u1eefng v\u01b0\u1eddn tr\u1ed3ng ch\u1ecdn l\u1ecdc, n\u01a1i m\u1ed7i qu\u1ea3 \u0111\u1ec1u \u0111\u1ea1t \u0111\u1ed9 ch\u00edn ho\u00e0n h\u1ea3o tr\u01b0\u1edbc khi \u0111\u01b0\u1ee3c h\u00e1i. Ngay sau \u0111\u00f3, to\u00e0n b\u1ed9 \u0111\u01b0\u1ee3c \u0111\u01b0a v\u00e0o quy tr\u00ecnh\u00a0<strong data-start=\"1613\" data-end=\"1646\">c\u1ea5p \u0111\u00f4ng nhanh \u1edf nhi\u1ec7t \u0111\u1ed9 s\u00e2u<\/strong>, gi\u00fap gi\u1eef nguy\u00ean c\u1ea5u tr\u00fac, m\u00e0u s\u1eafc v\u00e0 h\u01b0\u01a1ng v\u1ecb t\u1ef1 nhi\u00ean nh\u01b0 l\u00fac v\u1eeba r\u1eddi kh\u1ecfi c\u00e0nh. Ph\u01b0\u01a1ng ph\u00e1p b\u1ea3o qu\u1ea3n hi\u1ec7n \u0111\u1ea1i n\u00e0y cho ph\u00e9p\u00a0<strong data-start=\"1776\" data-end=\"1801\">ARO Frozen Blackberry<\/strong>\u00a0l\u01b0u gi\u1eef to\u00e0n b\u1ed9 vitamin, ch\u1ea5t ch\u1ed1ng oxy h\u00f3a v\u00e0 kho\u00e1ng ch\u1ea5t \u2013 nh\u1eefng y\u1ebfu t\u1ed1 th\u01b0\u1eddng m\u1ea5t \u0111i khi x\u1eed l\u00fd nhi\u1ec7t. Nh\u1edd v\u1eady, d\u00f9 \u0111\u01b0\u1ee3c b\u1ea3o qu\u1ea3n trong th\u1eddi gian d\u00e0i, t\u1eebng qu\u1ea3 v\u1eabn gi\u1eef \u0111\u01b0\u1ee3c \u0111\u1ed9 m\u1ecdng, l\u1edbp v\u1ecf m\u1ecbn v\u00e0 s\u1eafc t\u00edm \u0111en \u0111\u1eb7c tr\u01b0ng, \u0111em l\u1ea1i c\u1ea3m gi\u00e1c nh\u01b0 \u0111ang th\u01b0\u1edfng th\u1ee9c qu\u1ea3 t\u01b0\u01a1i m\u1edbi h\u00e1i.<\/p>\n<p data-start=\"1451\" data-end=\"1731\"><img fetchpriority=\"high\" decoding=\"async\" class=\"aligncenter wp-image-42722\" src=\"https:\/\/havamall.com\/wp-content\/uploads\/2025\/10\/IMG_1272-2-scaled-1.webp\" alt=\"\" width=\"800\" height=\"800\" srcset=\"https:\/\/havamall.com\/wp-content\/uploads\/2025\/10\/IMG_1272-2-scaled-1.webp 2560w, https:\/\/havamall.com\/wp-content\/uploads\/2025\/10\/IMG_1272-2-scaled-1-150x150.webp 150w, https:\/\/havamall.com\/wp-content\/uploads\/2025\/10\/IMG_1272-2-scaled-1-12x12.webp 12w, https:\/\/havamall.com\/wp-content\/uploads\/2025\/10\/IMG_1272-2-scaled-1-600x600.webp 600w, https:\/\/havamall.com\/wp-content\/uploads\/2025\/10\/IMG_1272-2-scaled-1-1200x1200.webp 1200w\" sizes=\"(max-width: 800px) 100vw, 800px\" \/><\/p>\n<p data-start=\"2081\" data-end=\"2292\">Kh\u00f4ng ch\u1ea5t b\u1ea3o qu\u1ea3n, kh\u00f4ng ph\u1ea9m m\u00e0u nh\u00e2n t\u1ea1o, kh\u00f4ng \u0111\u01b0\u1eddng th\u00eam \u2013 ch\u1ec9 c\u00f3\u00a0<strong data-start=\"2153\" data-end=\"2185\">100% m\u00e2m x\u00f4i \u0111en nguy\u00ean ch\u1ea5t<\/strong> \u0111\u01b0\u1ee3c c\u1ea5p \u0111\u00f4ng t\u1ef1 nhi\u00ean, l\u00e0 \u0111i\u1ec3m khi\u1ebfn ARO kh\u00e1c bi\u1ec7t trong th\u1ebf gi\u1edbi tr\u00e1i c\u00e2y \u0111\u00f4ng l\u1ea1nh ng\u00e0y c\u00e0ng \u0111a d\u1ea1ng. M\u00e2m x\u00f4i \u0111en \u0111\u01b0\u1ee3c bi\u1ebft \u0111\u1ebfn nh\u01b0 m\u1ed9t trong nh\u1eefng lo\u1ea1i qu\u1ea3 gi\u00e0u dinh d\u01b0\u1ee1ng nh\u1ea5t trong h\u1ecd berry. Ch\u00fang ch\u1ee9a l\u01b0\u1ee3ng l\u1edbn\u00a0<strong data-start=\"2471\" data-end=\"2486\">anthocyanin<\/strong>, ch\u1ea5t ch\u1ed1ng oxy h\u00f3a m\u1ea1nh gi\u00fap b\u1ea3o v\u1ec7 t\u1ebf b\u00e0o kh\u1ecfi t\u1ed5n th\u01b0\u01a1ng do g\u1ed1c t\u1ef1 do, c\u00f9ng v\u1edbi \u0111\u00f3 l\u00e0\u00a0<strong data-start=\"2576\" data-end=\"2612\">vitamin C, E v\u00e0 ch\u1ea5t x\u01a1 t\u1ef1 nhi\u00ean<\/strong>. Khi s\u1eed d\u1ee5ng th\u01b0\u1eddng xuy\u00ean, lo\u1ea1i qu\u1ea3 nh\u1ecf b\u00e9 n\u00e0y mang l\u1ea1i nhi\u1ec1u l\u1ee3i \u00edch cho s\u1ee9c kh\u1ecfe:<\/p>\n<p data-start=\"2700\" data-end=\"2922\">\u2013 H\u1ed7 tr\u1ee3 t\u0103ng c\u01b0\u1eddng mi\u1ec5n d\u1ecbch, gi\u1ea3m vi\u00eam v\u00e0 gi\u00fap da s\u00e1ng kh\u1ecfe.<br data-start=\"2762\" data-end=\"2765\" \/>\u2013 C\u1ea3i thi\u1ec7n h\u1ec7 ti\u00eau h\u00f3a, t\u1ed1t cho tim m\u1ea1ch v\u00e0 c\u00e2n b\u1eb1ng \u0111\u01b0\u1eddng huy\u1ebft.<br data-start=\"2831\" data-end=\"2834\" \/>\u2013 Gi\u00fap l\u00e0m ch\u1eadm qu\u00e1 tr\u00ecnh l\u00e3o h\u00f3a, mang l\u1ea1i c\u1ea3m gi\u00e1c kh\u1ecfe kho\u1eafn v\u00e0 n\u0103ng \u0111\u1ed9ng m\u1ed7i ng\u00e0y.<\/p>\n<p data-start=\"2700\" data-end=\"2922\"><img decoding=\"async\" class=\"aligncenter wp-image-42723\" src=\"https:\/\/havamall.com\/wp-content\/uploads\/2025\/10\/Morecrop.jpg\" alt=\"\" width=\"800\" height=\"727\" srcset=\"https:\/\/havamall.com\/wp-content\/uploads\/2025\/10\/Morecrop.jpg 1225w, https:\/\/havamall.com\/wp-content\/uploads\/2025\/10\/Morecrop-13x12.jpg 13w, https:\/\/havamall.com\/wp-content\/uploads\/2025\/10\/Morecrop-600x545.jpg 600w, https:\/\/havamall.com\/wp-content\/uploads\/2025\/10\/Morecrop-1200x1090.jpg 1200w, https:\/\/havamall.com\/wp-content\/uploads\/2025\/10\/Morecrop-150x136.jpg 150w\" sizes=\"(max-width: 800px) 100vw, 800px\" \/><\/p>\n<p data-start=\"2924\" data-end=\"3106\">Nh\u1edd \u0111\u1eb7c t\u00ednh \u00edt calo nh\u01b0ng gi\u00e0u d\u01b0\u1ee1ng ch\u1ea5t,\u00a0<strong data-start=\"2968\" data-end=\"2987\">M\u00e2m X\u00f4i \u0110en ARO<\/strong> \u0111\u01b0\u1ee3c \u01b0a chu\u1ed9ng trong c\u00e1c th\u1ef1c \u0111\u01a1n eat clean, gi\u1ea3m c\u00e2n ho\u1eb7c detox, gi\u00fap c\u01a1 th\u1ec3 v\u1eeba nh\u1eb9 nh\u00e0ng v\u1eeba tr\u00e0n \u0111\u1ea7y n\u0103ng l\u01b0\u1ee3ng. Kh\u00f4ng kh\u00f3 \u0111\u1ec3 nh\u1eadn ra v\u00ec sao m\u00e2m x\u00f4i \u0111en l\u1ea1i \u0111\u01b0\u1ee3c c\u00e1c \u0111\u1ea7u b\u1ebfp y\u00eau th\u00edch \u0111\u1ebfn v\u1eady. Ch\u1ec9 c\u1ea7n v\u00e0i qu\u1ea3 nh\u1ecf, m\u00f3n \u0103n \u0111\u00e3 c\u00f3 th\u1ec3 thay \u0111\u1ed5i ho\u00e0n to\u00e0n c\u1ea3m gi\u00e1c th\u01b0\u1edfng th\u1ee9c. Khi d\u00f9ng l\u1ea1nh, v\u1ecb chua nh\u1eb9 t\u1ea1o s\u1ef1 t\u01b0\u01a1i m\u1edbi; khi n\u1ea5u ch\u00edn, h\u01b0\u01a1ng th\u01a1m d\u1eady l\u00ean quy\u1ec7n c\u00f9ng v\u1ecb ng\u1ecdt, mang \u0111\u1ebfn chi\u1ec1u s\u00e2u tinh t\u1ebf cho m\u00f3n \u0103n.<\/p>\n<p data-start=\"3486\" data-end=\"3867\">\u2013 Trong\u00a0<strong data-start=\"3494\" data-end=\"3506\">m\u00f3n u\u1ed1ng<\/strong>, m\u00e2m x\u00f4i \u0111en \u0111\u01b0\u1ee3c d\u00f9ng \u0111\u1ec3 pha sinh t\u1ed1, n\u01b0\u1edbc \u00e9p ho\u1eb7c l\u00e0m topping cho smoothie bowl \u2013 v\u1eeba ngon mi\u1ec7ng v\u1eeba \u0111\u1eb9p m\u1eaft.<br data-start=\"3618\" data-end=\"3621\" \/>\u2013 Trong\u00a0<strong data-start=\"3629\" data-end=\"3641\">l\u00e0m b\u00e1nh<\/strong>, n\u00f3 t\u1ea1o n\u00ean \u0111i\u1ec3m nh\u1ea5n ho\u00e0n h\u1ea3o cho cheesecake, muffin hay tart, gi\u00fap v\u1ecb b\u00e9o \u0111\u01b0\u1ee3c c\u00e2n b\u1eb1ng m\u1ed9t c\u00e1ch t\u1ef1 nhi\u00ean.<br data-start=\"3750\" data-end=\"3753\" \/>\u2013 V\u1edbi\u00a0<strong data-start=\"3759\" data-end=\"3782\">c\u00e1c m\u00f3n tr\u00e1ng mi\u1ec7ng<\/strong>, m\u00e2m x\u00f4i \u0111en c\u00f2n \u0111\u01b0\u1ee3c n\u1ea5u th\u00e0nh m\u1ee9t ho\u1eb7c s\u1ed1t, d\u00f9ng k\u00e8m kem, s\u1eefa chua ho\u1eb7c pancake.<\/p>\n<p data-start=\"3486\" data-end=\"3867\"><img decoding=\"async\" class=\"aligncenter wp-image-42724\" src=\"https:\/\/havamall.com\/wp-content\/uploads\/2025\/10\/Blackberry-Frozen-Yogurt.png\" alt=\"\" width=\"800\" height=\"600\" srcset=\"https:\/\/havamall.com\/wp-content\/uploads\/2025\/10\/Blackberry-Frozen-Yogurt.png 1200w, https:\/\/havamall.com\/wp-content\/uploads\/2025\/10\/Blackberry-Frozen-Yogurt-16x12.png 16w, https:\/\/havamall.com\/wp-content\/uploads\/2025\/10\/Blackberry-Frozen-Yogurt-600x450.png 600w, https:\/\/havamall.com\/wp-content\/uploads\/2025\/10\/Blackberry-Frozen-Yogurt-150x113.png 150w\" sizes=\"(max-width: 800px) 100vw, 800px\" \/><\/p>\n<p data-start=\"3869\" data-end=\"4059\">M\u1ed7i c\u00e1ch ch\u1ebf bi\u1ebfn \u0111\u1ec1u mang \u0111\u1ebfn m\u1ed9t s\u1eafc th\u00e1i ri\u00eang, nh\u01b0ng t\u1ef1u trung l\u1ea1i, t\u1ea5t c\u1ea3 \u0111\u1ec1u gi\u1eef tr\u1ecdn n\u00e9t tinh t\u1ebf v\u1ed1n c\u00f3 c\u1ee7a lo\u1ea1i qu\u1ea3 n\u00e0y \u2013 th\u1ee9 h\u01b0\u01a1ng v\u1ecb kh\u00f3 t\u00ecm th\u1ea5y \u1edf b\u1ea5t k\u1ef3 lo\u1ea1i tr\u00e1i c\u00e2y n\u00e0o kh\u00e1c. Gi\u1eef tr\u1ecdn s\u1eafc t\u00edm \u0111\u1eadm c\u1ee7a thi\u00ean nhi\u00ean, h\u01b0\u01a1ng th\u01a1m tho\u1ea3ng nh\u1eb9 v\u00e0 v\u1ecb chua thanh tinh t\u1ebf,\u00a0<strong data-start=\"4712\" data-end=\"4751\">M\u00e2m X\u00f4i \u0110en \u0110\u00f4ng L\u1ea1nh Nh\u1eadp Kh\u1ea9u ARO<\/strong>\u00a0mang \u0111\u1ebfn tr\u1ea3i nghi\u1ec7m tr\u1ecdn v\u1eb9n gi\u1eefa s\u1ef1 tinh khi\u1ebft v\u00e0 ti\u1ec7n l\u1ee3i. M\u1ed9t l\u1ef1a ch\u1ecdn kh\u00f4ng ch\u1ec9 cho s\u1ee9c kh\u1ecfe m\u00e0 c\u00f2n cho nh\u1eefng ai y\u00eau \u1ea9m th\u1ef1c t\u1ef1 nhi\u00ean, mu\u1ed1n t\u00ecm l\u1ea1i c\u1ea3m gi\u00e1c t\u01b0\u01a1i m\u00e1t trong t\u1eebng m\u00f3n \u0103n.<br data-start=\"4941\" data-end=\"4944\" \/>S\u1ea3n ph\u1ea9m\u00a0<strong data-start=\"4953\" data-end=\"4988\">hi\u1ec7n \u0111ang \u0111\u01b0\u1ee3c b\u00e1n t\u1ea1i Havamall<\/strong>.<\/p>","protected":false},"excerpt":{"rendered":"<p><b>L\u01afU \u00dd QUAN TR\u1eccNG: <span style=\"font-size: 18pt\">\u0110\u00c2Y L\u00c0 S\u1ea2N PH\u1ea8M \u0110\u00d4NG L\u1ea0NH<\/span><\/b><\/p>\n<ul>\n<li>\u0110\u1ec3 \u0111\u1ea3m b\u1ea3o ch\u1ea5t l\u01b0\u1ee3ng, c\u00e1c s\u1ea3n ph\u1ea9m tr\u00e1i c\u00e2y \u0111\u00f4ng l\u1ea1nh\u00a0<b>ch\u1ec9 \u0111\u01b0\u1ee3c giao h\u1ecfa t\u1ed1c<\/b>\u00a0trong khu v\u1ef1c\u00a0<strong>TP.HCM<\/strong>.<\/li>\n<li><b>Ph\u00ed ship:<\/b>\n<ul>\n<li>D\u01b0\u1edbi 5km: 30.000\u20ab<\/li>\n<li>Tr\u00ean 5km: Ph\u00ed giao h\u00e0ng s\u1ebd t\u00ednh theo gi\u00e1 c\u1ee7a \u1ee9ng d\u1ee5ng d\u1ecbch v\u1ee5 v\u1eadn chuy\u1ec3n.<\/li>\n<\/ul>\n<\/li>\n<li><b>\u0110\u1ecba ch\u1ec9 c\u1eeda h\u00e0ng:<\/b>\u00a0H\u1ebbm 112, s\u1ed1 114A B\u1ea1ch \u0110\u1eb1ng, Ph\u01b0\u1eddng 2, Qu\u1eadn T\u00e2n B\u00ecnh. B\u1ea1n c\u00f3 th\u1ec3 ki\u1ec3m tra kho\u1ea3ng c\u00e1ch tr\u01b0\u1edbc khi \u0111\u1eb7t h\u00e0ng.<\/li>\n<li><b>Mi\u1ec5n ph\u00ed ship<\/b>\u00a0cho \u0111\u01a1n t\u1eeb 4kg ho\u1eb7c 1.500.000\u20ab.\u00a0<strong><em>RI\u00caNG:<\/em><\/strong>\u00a0H\u1ed7 tr\u1ee3\u00a0<strong><em>t\u1ed1i \u0111a<\/em><\/strong>\u00a0<b>30.000\u20ab<\/b>\u00a0ph\u00ed ship cho \u0111\u01a1n \u0111i c\u00e1c\u00a0<em><strong>khu v\u1ef1c xa nh\u01b0 H\u00f3c M\u00f4n, C\u1ee7 Chi, Qu\u1eadn 9<\/strong><\/em>. Qu\u00fd kh\u00e1ch\u00a0<strong>vui l\u00f2ng chuy\u1ec3n kho\u1ea3n tr\u01b0\u1edbc ti\u1ec1n ship ho\u1eb7c ti\u1ec1n h\u00e0ng.<\/strong><\/li>\n<\/ul>","protected":false},"featured_media":42721,"comment_status":"open","ping_status":"closed","template":"","meta":[],"product_brand":[],"product_cat":[725,684],"product_tag":[],"class_list":{"0":"post-42718","1":"product","2":"type-product","3":"status-publish","4":"has-post-thumbnail","6":"product_cat-nhap-khau-trung-quoc","7":"product_cat-trai-cay-dong-lanh","8":"pa_brand-aro","10":"first","11":"instock","12":"sale","13":"shipping-taxable","14":"purchasable","15":"product-type-simple"},"_links":{"self":[{"href":"https:\/\/havamall.com\/en\/wp-json\/wp\/v2\/product\/42718","targetHints":{"allow":["GET"]}}],"collection":[{"href":"https:\/\/havamall.com\/en\/wp-json\/wp\/v2\/product"}],"about":[{"href":"https:\/\/havamall.com\/en\/wp-json\/wp\/v2\/types\/product"}],"replies":[{"embeddable":true,"href":"https:\/\/havamall.com\/en\/wp-json\/wp\/v2\/comments?post=42718"}],"version-history":[{"count":0,"href":"https:\/\/havamall.com\/en\/wp-json\/wp\/v2\/product\/42718\/revisions"}],"wp:featuredmedia":[{"embeddable":true,"href":"https:\/\/havamall.com\/en\/wp-json\/wp\/v2\/media\/42721"}],"wp:attachment":[{"href":"https:\/\/havamall.com\/en\/wp-json\/wp\/v2\/media?parent=42718"}],"wp:term":[{"taxonomy":"product_brand","embeddable":true,"href":"https:\/\/havamall.com\/en\/wp-json\/wp\/v2\/product_brand?post=42718"},{"taxonomy":"product_cat","embeddable":true,"href":"https:\/\/havamall.com\/en\/wp-json\/wp\/v2\/product_cat?post=42718"},{"taxonomy":"product_tag","embeddable":true,"href":"https:\/\/havamall.com\/en\/wp-json\/wp\/v2\/product_tag?post=42718"}],"curies":[{"name":"wp","href":"https:\/\/api.w.org\/{rel}","templated":true}]}}