{"id":42799,"date":"2025-10-18T08:56:37","date_gmt":"2025-10-18T01:56:37","guid":{"rendered":"https:\/\/havamall.com\/?post_type=product&#038;p=42799"},"modified":"2025-10-18T08:56:37","modified_gmt":"2025-10-18T01:56:37","slug":"cay-lan-bui-co-tay-cam-japan-pika-mate-pika-mate-dust-removal-roller","status":"publish","type":"product","link":"https:\/\/havamall.com\/en\/shop\/cay-lan-bui-co-tay-cam-japan-pika-mate-pika-mate-dust-removal-roller\/","title":{"rendered":"C\u00e2y L\u0103n B\u1ee5i C\u00f3 Tay C\u1ea7m Japan Pika Mate \u2013 Pika Mate Dust Removal Roller"},"content":{"rendered":"<blockquote>\n<h2><em><strong>TH\u00d4NG TIN CHUNG<\/strong><\/em><\/h2>\n<\/blockquote>\n<table style=\"width: 69.897%;height: 168px\">\n<tbody>\n<tr>\n<td><b>Th\u01b0\u01a1ng hi\u1ec7u<\/b><\/td>\n<td>C\u00f4ng ty Echo Metal Co., Ltd.<\/td>\n<\/tr>\n<tr>\n<td><b>Xu\u1ea5t x\u1ee9<\/b><\/td>\n<td>Nh\u1eadt B\u1ea3n<\/td>\n<\/tr>\n<tr>\n<td><b>K\u00edch Th\u01b0\u1edbc<\/b><\/td>\n<td>17 x 10 x 4 (cm)<\/td>\n<\/tr>\n<\/tbody>\n<\/table>\n<p data-start=\"376\" data-end=\"687\">Trong nh\u1eefng kh\u00f4ng gian c\u1ea7n s\u1ef1 g\u1ecdn g\u00e0ng v\u00e0 s\u1ea1ch s\u1ebd, ch\u1ec9 m\u1ed9t l\u1edbp b\u1ee5i m\u1ecfng hay v\u00e0i s\u1ee3i t\u00f3c r\u01a1i v\u01b0\u01a1ng c\u0169ng \u0111\u1ee7 khi\u1ebfn m\u1ecdi th\u1ee9 tr\u1edf n\u00ean thi\u1ebfu tinh t\u01b0\u01a1m.\u00a0<strong data-start=\"521\" data-end=\"563\">C\u00e2y L\u0103n B\u1ee5i C\u00f3 Tay C\u1ea7m Japan Pika Mate<\/strong>\u00a0ra \u0111\u1eddi nh\u01b0 m\u1ed9t c\u00f4ng c\u1ee5 nh\u1ecf b\u00e9 nh\u01b0ng v\u00f4 c\u00f9ng hi\u1ec7u qu\u1ea3, gi\u00fap vi\u1ec7c v\u1ec7 sinh tr\u1edf n\u00ean nh\u1eb9 nh\u00e0ng v\u00e0 ch\u00ednh x\u00e1c \u0111\u1ebfn t\u1eebng chi ti\u1ebft.<\/p>\n<p data-start=\"376\" data-end=\"687\"><img fetchpriority=\"high\" decoding=\"async\" class=\"aligncenter  wp-image-42801\" src=\"https:\/\/havamall.com\/wp-content\/uploads\/2025\/10\/cleaningtools.webp\" alt=\"\" width=\"803\" height=\"801\" srcset=\"https:\/\/havamall.com\/wp-content\/uploads\/2025\/10\/cleaningtools.webp 816w, https:\/\/havamall.com\/wp-content\/uploads\/2025\/10\/cleaningtools-150x150.webp 150w, https:\/\/havamall.com\/wp-content\/uploads\/2025\/10\/cleaningtools-12x12.webp 12w, https:\/\/havamall.com\/wp-content\/uploads\/2025\/10\/cleaningtools-600x599.webp 600w\" sizes=\"(max-width: 803px) 100vw, 803px\" \/><\/p>\n<p data-start=\"689\" data-end=\"1035\">Thu\u1ed9c d\u00f2ng s\u1ea3n ph\u1ea9m ch\u0103m s\u00f3c nh\u00e0 c\u1eeda th\u00f4ng minh \u0111\u1ebfn t\u1eeb Nh\u1eadt B\u1ea3n,\u00a0<strong data-start=\"754\" data-end=\"787\">Pika Mate Dust Removal Roller<\/strong>\u00a0g\u00e2y \u1ea5n t\u01b0\u1ee3ng b\u1edfi thi\u1ebft k\u1ebf hi\u1ec7n \u0111\u1ea1i, tay c\u1ea7m ti\u1ec7n d\u1ee5ng v\u00e0 l\u00f5i l\u0103n keo cao c\u1ea5p c\u00f3 \u0111\u1ed9 b\u00e1m t\u1ed1i \u01b0u. Ch\u1ec9 c\u1ea7n m\u1ed9t \u0111\u1ed9ng t\u00e1c l\u0103n nh\u1eb9, b\u1ee5i b\u1ea9n, t\u00f3c, l\u00f4ng th\u00fa c\u01b0ng hay c\u00e1c m\u1ea3nh v\u1ee5n nh\u1ecf \u0111\u1ec1u \u0111\u01b0\u1ee3c l\u1ea5y \u0111i g\u1ecdn g\u00e0ng, kh\u00f4ng \u0111\u1ec3 l\u1ea1i d\u1ea5u v\u1ebft hay v\u1ec7t keo tr\u00ean b\u1ec1 m\u1eb7t.<\/p>\n<p data-start=\"1037\" data-end=\"1485\">\u2013\u00a0<strong data-start=\"1039\" data-end=\"1070\">L\u1edbp keo d\u00ednh ch\u1ea5t l\u01b0\u1ee3ng cao<\/strong>\u00a0gi\u00fap h\u00fat s\u1ea1ch b\u1ee5i, t\u00f3c, s\u1ee3i v\u1ea3i v\u00e0 l\u00f4ng th\u00fa ch\u1ec9 trong v\u00e0i l\u01b0\u1ee3t l\u0103n.<br data-start=\"1138\" data-end=\"1141\" \/>\u2013\u00a0<strong data-start=\"1143\" data-end=\"1177\">Tay c\u1ea7m ch\u1eafc ch\u1eafn, d\u1ec5 thao t\u00e1c<\/strong>, cho c\u1ea3m gi\u00e1c tho\u1ea3i m\u00e1i khi s\u1eed d\u1ee5ng trong th\u1eddi gian d\u00e0i.<br data-start=\"1234\" data-end=\"1237\" \/>\u2013\u00a0<strong data-start=\"1239\" data-end=\"1261\">Tr\u1ee5c l\u0103n xoay m\u01b0\u1ee3t<\/strong>, di chuy\u1ec3n linh ho\u1ea1t tr\u00ean b\u1ec1 m\u1eb7t v\u1ea3i, da, n\u1ec9 hay cotton.<br data-start=\"1318\" data-end=\"1321\" \/>\u2013\u00a0<strong data-start=\"1323\" data-end=\"1359\">C\u00f3 th\u1ec3 d\u00f9ng tr\u00ean nhi\u1ec1u ch\u1ea5t li\u1ec7u<\/strong>: sofa, ch\u0103n ga, qu\u1ea7n \u00e1o, gh\u1ebf \u00f4 t\u00f4, r\u00e8m c\u1eeda.<br data-start=\"1403\" data-end=\"1406\" \/>\u2013\u00a0<strong data-start=\"1408\" data-end=\"1431\">L\u00f5i thay th\u1ebf d\u1ec5 t\u00ecm<\/strong>, \u0111\u1ea3m b\u1ea3o ti\u1ec7n l\u1ee3i v\u00e0 ti\u1ebft ki\u1ec7m khi s\u1eed d\u1ee5ng l\u00e2u d\u00e0i.<\/p>\n<p data-start=\"1037\" data-end=\"1485\"><img decoding=\"async\" class=\"aligncenter size-full wp-image-42802\" src=\"https:\/\/havamall.com\/wp-content\/uploads\/2025\/10\/cay-lan-bui-kem-loi-co-tay-cam-1-1729320598787.jpg\" alt=\"\" width=\"800\" height=\"450\" srcset=\"https:\/\/havamall.com\/wp-content\/uploads\/2025\/10\/cay-lan-bui-kem-loi-co-tay-cam-1-1729320598787.jpg 800w, https:\/\/havamall.com\/wp-content\/uploads\/2025\/10\/cay-lan-bui-kem-loi-co-tay-cam-1-1729320598787-18x10.jpg 18w, https:\/\/havamall.com\/wp-content\/uploads\/2025\/10\/cay-lan-bui-kem-loi-co-tay-cam-1-1729320598787-600x338.jpg 600w, https:\/\/havamall.com\/wp-content\/uploads\/2025\/10\/cay-lan-bui-kem-loi-co-tay-cam-1-1729320598787-150x84.jpg 150w\" sizes=\"(max-width: 800px) 100vw, 800px\" \/><\/p>\n<p data-start=\"1487\" data-end=\"1806\">C\u1ea5u tr\u00fac tr\u1ee5c l\u0103n \u0111\u01b0\u1ee3c tinh ch\u1ec9nh theo phong c\u00e1ch Nh\u1eadt B\u1ea3n, t\u1ea1o chuy\u1ec3n \u0111\u1ed9ng tr\u01a1n tru, kh\u00f4ng r\u00edt v\u00e0 kh\u00f4ng ph\u00e1t ti\u1ebfng \u1ed3n. M\u1ed7i l\u1ea7n l\u0103n l\u00e0 m\u1ed9t l\u1ea7n l\u00e0m s\u1ea1ch r\u00f5 r\u1ec7t \u2013 nhanh, g\u1ecdn v\u00e0 hi\u1ec7u qu\u1ea3. S\u1ea3n ph\u1ea9m ph\u00f9 h\u1ee3p c\u1ea3 trong gia \u0111\u00ecnh l\u1eabn v\u0103n ph\u00f2ng, \u0111\u1eb7c bi\u1ec7t h\u1eefu \u00edch v\u1edbi nh\u1eefng ai nu\u00f4i th\u00fa c\u01b0ng ho\u1eb7c th\u01b0\u1eddng xuy\u00ean di chuy\u1ec3n b\u1eb1ng \u00f4 t\u00f4.<\/p>\n<p data-start=\"1487\" data-end=\"1806\"><img decoding=\"async\" class=\"aligncenter size-full wp-image-42803\" src=\"https:\/\/havamall.com\/wp-content\/uploads\/2025\/10\/set-2-loi-lan-bui-thay-the-sieu-thi-nhat-ban-japana-2.jpg\" alt=\"\" width=\"800\" height=\"450\" srcset=\"https:\/\/havamall.com\/wp-content\/uploads\/2025\/10\/set-2-loi-lan-bui-thay-the-sieu-thi-nhat-ban-japana-2.jpg 800w, https:\/\/havamall.com\/wp-content\/uploads\/2025\/10\/set-2-loi-lan-bui-thay-the-sieu-thi-nhat-ban-japana-2-18x10.jpg 18w, https:\/\/havamall.com\/wp-content\/uploads\/2025\/10\/set-2-loi-lan-bui-thay-the-sieu-thi-nhat-ban-japana-2-600x338.jpg 600w, https:\/\/havamall.com\/wp-content\/uploads\/2025\/10\/set-2-loi-lan-bui-thay-the-sieu-thi-nhat-ban-japana-2-150x84.jpg 150w\" sizes=\"(max-width: 800px) 100vw, 800px\" \/><\/p>\n<p data-start=\"1808\" data-end=\"2111\"><strong data-start=\"1808\" data-end=\"1850\">C\u00e2y L\u0103n B\u1ee5i C\u00f3 Tay C\u1ea7m Japan Pika Mate<\/strong>\u00a0kh\u00f4ng ch\u1ec9 gi\u00fap vi\u1ec7c d\u1ecdn d\u1eb9p tr\u1edf n\u00ean d\u1ec5 d\u00e0ng h\u01a1n m\u00e0 c\u00f2n mang \u0111\u1ebfn c\u1ea3m gi\u00e1c h\u00e0i l\u00f2ng khi nh\u00ecn th\u1ea5y m\u1ecdi b\u1ec1 m\u1eb7t tr\u1edf l\u1ea1i tinh t\u01b0\u01a1m. M\u00e0u s\u1eafc t\u01b0\u01a1i s\u00e1ng, ki\u1ec3u d\u00e1ng nh\u1ecf g\u1ecdn, d\u1ec5 treo c\u1ea5t \u2013 t\u1ea5t c\u1ea3 \u0111\u1ec1u th\u1ec3 hi\u1ec7n \u0111\u00fang tinh th\u1ea7n t\u1ec9 m\u1ec9 v\u00e0 ti\u1ec7n l\u1ee3i \u0111\u1eb7c tr\u01b0ng c\u1ee7a \u0111\u1ed3 d\u00f9ng Nh\u1eadt.<\/p>\n<p data-start=\"1808\" data-end=\"2111\"><img loading=\"lazy\" decoding=\"async\" class=\"aligncenter  wp-image-42804\" src=\"https:\/\/havamall.com\/wp-content\/uploads\/2025\/10\/z7114477989445_e1341aad732c2efe11f630451b82d2bf-scaled.jpg\" alt=\"\" width=\"800\" height=\"1066\" srcset=\"https:\/\/havamall.com\/wp-content\/uploads\/2025\/10\/z7114477989445_e1341aad732c2efe11f630451b82d2bf-scaled.jpg 1920w, https:\/\/havamall.com\/wp-content\/uploads\/2025\/10\/z7114477989445_e1341aad732c2efe11f630451b82d2bf-1536x2048.jpg 1536w, https:\/\/havamall.com\/wp-content\/uploads\/2025\/10\/z7114477989445_e1341aad732c2efe11f630451b82d2bf-9x12.jpg 9w, https:\/\/havamall.com\/wp-content\/uploads\/2025\/10\/z7114477989445_e1341aad732c2efe11f630451b82d2bf-600x800.jpg 600w, https:\/\/havamall.com\/wp-content\/uploads\/2025\/10\/z7114477989445_e1341aad732c2efe11f630451b82d2bf-1200x1600.jpg 1200w, https:\/\/havamall.com\/wp-content\/uploads\/2025\/10\/z7114477989445_e1341aad732c2efe11f630451b82d2bf-150x200.jpg 150w\" sizes=\"(max-width: 800px) 100vw, 800px\" \/><\/p>\n<p data-start=\"2113\" data-end=\"2359\">Gi\u1eefa nh\u1ecbp s\u1ed1ng b\u1eadn r\u1ed9n, m\u1ed9t v\u1eadt d\u1ee5ng nh\u1ecf nh\u01b0ng hi\u1ec7u qu\u1ea3 nh\u01b0\u00a0<strong data-start=\"2173\" data-end=\"2206\">Pika Mate Dust Removal Roller<\/strong> ch\u00ednh l\u00e0 minh ch\u1ee9ng cho tri\u1ebft l\u00fd \u201cch\u0103m ch\u00fat trong t\u1eebng chi ti\u1ebft\u201d, bi\u1ebfn vi\u1ec7c l\u00e0m s\u1ea1ch tr\u1edf th\u00e0nh th\u00f3i quen nh\u1eb9 nh\u00e0ng, tinh t\u1ebf v\u00e0 tho\u1ea3i m\u00e1i h\u01a1n m\u1ed7i ng\u00e0y.\u00a0<strong data-start=\"2361\" data-end=\"2435\">C\u00e2y L\u0103n B\u1ee5i C\u00f3 Tay C\u1ea7m Japan Pika Mate \u2013 Pika Mate Dust Removal Roller &#8211; <\/strong>d\u1ee5ng c\u1ee5 l\u00e0m s\u1ea1ch nhanh g\u1ecdn, nh\u1ecf m\u00e0 tinh, chu\u1ea9n ch\u1ea5t Nh\u1eadt B\u1ea3n. Hi\u1ec7n \u0111ang \u0111\u01b0\u1ee3c b\u00e1n t\u1ea1i\u00a0<strong data-start=\"2526\" data-end=\"2538\">Havamall<\/strong>.<\/p>","protected":false},"excerpt":{"rendered":"<p>TH\u00d4NG TIN CHUNG Th\u01b0\u01a1ng hi\u1ec7u C\u00f4ng ty Echo Metal Co., Ltd. Xu\u1ea5t x\u1ee9 Nh\u1eadt B\u1ea3n K\u00edch Th\u01b0\u1edbc 17 x 10<\/p>","protected":false},"featured_media":42800,"comment_status":"open","ping_status":"closed","template":"","meta":[],"product_brand":[],"product_cat":[35,722,395],"product_tag":[],"class_list":{"0":"post-42799","1":"product","2":"type-product","3":"status-publish","4":"has-post-thumbnail","6":"product_cat-nha-cua-doi-song","7":"product_cat-nhap-khau-nhat-ban","8":"product_cat-van-phong-pham","10":"first","11":"instock","12":"sale","13":"shipping-taxable","14":"purchasable","15":"product-type-simple"},"_links":{"self":[{"href":"https:\/\/havamall.com\/en\/wp-json\/wp\/v2\/product\/42799","targetHints":{"allow":["GET"]}}],"collection":[{"href":"https:\/\/havamall.com\/en\/wp-json\/wp\/v2\/product"}],"about":[{"href":"https:\/\/havamall.com\/en\/wp-json\/wp\/v2\/types\/product"}],"replies":[{"embeddable":true,"href":"https:\/\/havamall.com\/en\/wp-json\/wp\/v2\/comments?post=42799"}],"version-history":[{"count":0,"href":"https:\/\/havamall.com\/en\/wp-json\/wp\/v2\/product\/42799\/revisions"}],"wp:featuredmedia":[{"embeddable":true,"href":"https:\/\/havamall.com\/en\/wp-json\/wp\/v2\/media\/42800"}],"wp:attachment":[{"href":"https:\/\/havamall.com\/en\/wp-json\/wp\/v2\/media?parent=42799"}],"wp:term":[{"taxonomy":"product_brand","embeddable":true,"href":"https:\/\/havamall.com\/en\/wp-json\/wp\/v2\/product_brand?post=42799"},{"taxonomy":"product_cat","embeddable":true,"href":"https:\/\/havamall.com\/en\/wp-json\/wp\/v2\/product_cat?post=42799"},{"taxonomy":"product_tag","embeddable":true,"href":"https:\/\/havamall.com\/en\/wp-json\/wp\/v2\/product_tag?post=42799"}],"curies":[{"name":"wp","href":"https:\/\/api.w.org\/{rel}","templated":true}]}}