{"id":42822,"date":"2025-10-18T14:19:09","date_gmt":"2025-10-18T07:19:09","guid":{"rendered":"https:\/\/havamall.com\/?post_type=product&#038;p=42822"},"modified":"2026-02-25T09:06:59","modified_gmt":"2026-02-25T02:06:59","slug":"ky-tu-nhat-ban-say-kho-goji-50g-japanese-dried-goji-berry","status":"publish","type":"product","link":"https:\/\/havamall.com\/en\/shop\/ky-tu-nhat-ban-say-kho-goji-50g-japanese-dried-goji-berry\/","title":{"rendered":"K\u1ef7 T\u1eed Nh\u1eadt B\u1ea3n S\u1ea5y Kh\u00f4 GOJI 50g \u2013 Japanese Dried Goji Berry"},"content":{"rendered":"<blockquote>\n<h2><em><strong>TH\u00d4NG TIN CHUNG<\/strong><\/em><\/h2>\n<\/blockquote>\n<table style=\"width: 51.2011%;height: 117px\">\n<tbody>\n<tr>\n<td><b>Xu\u1ea5t x\u1ee9<\/b><\/td>\n<td>Nh\u1eadt B\u1ea3n<\/td>\n<\/tr>\n<tr>\n<td><b>Th\u00e0nh ph\u1ea7n<\/b><\/td>\n<td>Xem tr\u1ef1c ti\u1ebfp tr\u00ean bao b\u00ec<\/td>\n<\/tr>\n<tr>\n<td><b>H\u1ea1n s\u1eed d\u1ee5ng<\/b><\/td>\n<td>Xem tr\u1ef1c ti\u1ebfp tr\u00ean bao b\u00ec<\/td>\n<\/tr>\n<tr>\n<td><b>B\u1ea3o qu\u1ea3n<\/b><\/td>\n<td>B\u1ea3o qu\u1ea3n n\u01a1i kh\u00f4 r\u00e1o, tho\u00e1ng m\u00e1t<\/td>\n<\/tr>\n<tr>\n<td><b>Kh\u1ed1i l\u01b0\u1ee3ng<\/b><\/td>\n<td>50g<\/td>\n<\/tr>\n<\/tbody>\n<\/table>\n<p data-start=\"67\" data-end=\"484\">Gi\u1eefa nh\u1ecbp s\u1ed1ng hi\u1ec7n \u0111\u1ea1i, khi xu h\u01b0\u1edbng \u0103n u\u1ed1ng l\u00e0nh m\u1ea1nh ng\u00e0y c\u00e0ng \u0111\u01b0\u1ee3c ch\u00fa tr\u1ecdng, k\u1ef7 t\u1eed \u2013 hay c\u00f2n g\u1ecdi l\u00e0\u00a0<em data-start=\"172\" data-end=\"184\">Goji berry<\/em>\u00a0\u2013 tr\u1edf th\u00e0nh l\u1ef1a ch\u1ecdn \u0111\u01b0\u1ee3c y\u00eau th\u00edch nh\u1edd nh\u1eefng l\u1ee3i \u00edch t\u1ef1 nhi\u00ean m\u00e0 n\u00f3 mang l\u1ea1i. D\u01b0\u1edbi b\u00e0n tay ch\u1ebf bi\u1ebfn tinh t\u1ebf c\u1ee7a Nh\u1eadt B\u1ea3n,\u00a0<strong data-start=\"308\" data-end=\"330\">K\u1ef7 T\u1eed S\u1ea5y Kh\u00f4 GOJI<\/strong>\u00a0mang \u0111\u1ebfn h\u01b0\u01a1ng v\u1ecb thanh nh\u1eb9, gi\u00e0u dinh d\u01b0\u1ee1ng v\u00e0 \u0111\u1ea1t chu\u1ea9n an to\u00e0n, tr\u1edf th\u00e0nh nguy\u00ean li\u1ec7u b\u1ed5 sung quen thu\u1ed9c trong nhi\u1ec1u m\u00f3n \u0103n v\u00e0 th\u1ee9c u\u1ed1ng d\u01b0\u1ee1ng sinh.<\/p>\n<p data-start=\"67\" data-end=\"484\"><img fetchpriority=\"high\" decoding=\"async\" class=\"aligncenter\" src=\"https:\/\/havamall.com\/wp-content\/uploads\/2025\/10\/goji-berry9-1024x768.jpg\" alt=\"\u696d\u52d9\u30b9\u30fc\u30d1\u30fc\u306e\u30af\u30b3\u306e\u5b9f\u306f\u6804\u990a\u6e80\u70b9\u306e\u30b9\u30fc\u30d1\u30fc\u30d5\u30fc\u30c9\uff01 | \u696d\u30b9\u30fc\u304a\u3059\u3059\u3081\u30d6\u30ed\u30b0\" width=\"799\" height=\"599\" \/><\/p>\n<p data-start=\"486\" data-end=\"872\">K\u1ef7 t\u1eed GOJI \u0111\u01b0\u1ee3c tuy\u1ec3n ch\u1ecdn t\u1eeb nh\u1eefng tr\u00e1i ch\u00edn \u0111\u1ecf m\u1ecdng, sau \u0111\u00f3 tr\u1ea3i qua quy tr\u00ecnh s\u1ea5y kh\u00f4 hi\u1ec7n \u0111\u1ea1i, gi\u00fap gi\u1eef nguy\u00ean m\u00e0u s\u1eafc, h\u01b0\u01a1ng v\u1ecb v\u00e0 h\u00e0m l\u01b0\u1ee3ng d\u01b0\u1ee1ng ch\u1ea5t t\u1ef1 nhi\u00ean. Tr\u00e1i k\u1ef7 t\u1eed sau khi s\u1ea5y c\u00f3 m\u00e0u \u0111\u1ecf cam r\u1ef1c r\u1ee1, h\u1ea1t c\u0103ng \u0111\u1ec1u, kh\u00f4ng v\u1ee1 v\u1ee5n, khi \u0103n c\u00f3 v\u1ecb ng\u1ecdt d\u1ecbu xen ch\u00fat chua nh\u1eb9 \u0111\u1eb7c tr\u01b0ng \u2013 v\u1ecb \u0111\u1eb7c tr\u01b0ng d\u1ec5 ch\u1ecbu, khi\u1ebfn ng\u01b0\u1eddi d\u00f9ng c\u1ea3m nh\u1eadn \u0111\u01b0\u1ee3c s\u1ef1 tinh khi\u1ebft c\u1ee7a nguy\u00ean li\u1ec7u t\u1ef1 nhi\u00ean.<\/p>\n<p data-start=\"486\" data-end=\"872\"><img decoding=\"async\" class=\"aligncenter\" src=\"https:\/\/newsatcl-pctr.c.yimg.jp\/dk\/expert-image\/odangoshufu\/article\/02264550\/image-1750917043335.jpeg?fill=1&amp;fc=fff&amp;exp=10800\" alt=\"\u696d\u52d9\u30b9\u30fc\u30d1\u30fc]\u5b9f\u306f\u30b9\u30fc\u30d1\u30fc\u30d5\u30fc\u30c9\uff01\uff1f\u30b3\u30b9\u30d1\u6700\u9ad8\u3067\u6804\u990a\u6e80\u70b9\u306a\u30af\u30b3\u306e\u5b9f\u8cb7\u3063\u3066\u307f\u305f\uff01\uff08\u304a\u3060\u3093\u3054\u4e3b\u5a66\uff09 - \u30a8\u30ad\u30b9\u30d1\u30fc\u30c8 - Yahoo!\u30cb\u30e5\u30fc\u30b9\" width=\"799\" height=\"1065\" \/><\/p>\n<p data-start=\"874\" data-end=\"1314\">Kh\u00f4ng ch\u1ec9 \u0111\u01b0\u1ee3c y\u00eau th\u00edch b\u1edfi v\u1ecb ngon thanh m\u00e1t, k\u1ef7 t\u1eed c\u00f2n n\u1ed5i ti\u1ebfng v\u1edbi h\u00e0m l\u01b0\u1ee3ng d\u01b0\u1ee1ng ch\u1ea5t d\u1ed3i d\u00e0o. Trong y h\u1ecdc ph\u01b0\u01a1ng \u0110\u00f4ng, k\u1ef7 t\u1eed \u0111\u01b0\u1ee3c xem l\u00e0 v\u1ecb d\u01b0\u1ee3c li\u1ec7u gi\u00fap b\u1ed3i b\u1ed5 gan th\u1eadn, s\u00e1ng m\u1eaft, t\u0103ng c\u01b0\u1eddng sinh l\u1ef1c v\u00e0 h\u1ed7 tr\u1ee3 gi\u1ea5c ng\u1ee7 s\u00e2u. D\u01b0\u1edbi g\u00f3c nh\u00ecn hi\u1ec7n \u0111\u1ea1i, lo\u1ea1i qu\u1ea3 nh\u1ecf b\u00e9 n\u00e0y l\u1ea1i \u0111\u01b0\u1ee3c bi\u1ebft \u0111\u1ebfn nh\u01b0 m\u1ed9t \u201csi\u00eau th\u1ef1c ph\u1ea9m\u201d gi\u00e0u\u00a0<strong data-start=\"1200\" data-end=\"1255\">ch\u1ea5t ch\u1ed1ng oxy h\u00f3a, vitamin C, s\u1eaft v\u00e0 beta-carotene<\/strong>, gi\u00fap t\u0103ng c\u01b0\u1eddng \u0111\u1ec1 kh\u00e1ng v\u00e0 l\u00e0m ch\u1eadm qu\u00e1 tr\u00ecnh l\u00e3o h\u00f3a.<\/p>\n<p data-start=\"874\" data-end=\"1314\"><img decoding=\"async\" class=\"aligncenter wp-image-42827\" src=\"https:\/\/havamall.com\/wp-content\/uploads\/2025\/10\/ki_tu_1_7c24da8b24db45d9844a6ff4c69f3982_master.png\" alt=\"\" width=\"801\" height=\"801\" srcset=\"https:\/\/havamall.com\/wp-content\/uploads\/2025\/10\/ki_tu_1_7c24da8b24db45d9844a6ff4c69f3982_master.png 2000w, https:\/\/havamall.com\/wp-content\/uploads\/2025\/10\/ki_tu_1_7c24da8b24db45d9844a6ff4c69f3982_master-150x150.png 150w, https:\/\/havamall.com\/wp-content\/uploads\/2025\/10\/ki_tu_1_7c24da8b24db45d9844a6ff4c69f3982_master-12x12.png 12w, https:\/\/havamall.com\/wp-content\/uploads\/2025\/10\/ki_tu_1_7c24da8b24db45d9844a6ff4c69f3982_master-600x600.png 600w, https:\/\/havamall.com\/wp-content\/uploads\/2025\/10\/ki_tu_1_7c24da8b24db45d9844a6ff4c69f3982_master-1200x1200.png 1200w\" sizes=\"(max-width: 801px) 100vw, 801px\" \/><\/p>\n<p data-start=\"1316\" data-end=\"1693\">\u0110i\u1ec1u l\u00e0m n\u00ean s\u1ef1 kh\u00e1c bi\u1ec7t c\u1ee7a\u00a0<strong data-start=\"1346\" data-end=\"1369\">K\u1ef7 T\u1eed Nh\u1eadt B\u1ea3n GOJI<\/strong>\u00a0n\u1eb1m \u1edf \u0111\u1ed9 tinh khi\u1ebft v\u00e0 quy tr\u00ecnh x\u1eed l\u00fd \u0111\u1ea1t chu\u1ea9n kh\u1eaft khe c\u1ee7a Nh\u1eadt. Kh\u00f4ng s\u1eed d\u1ee5ng ch\u1ea5t b\u1ea3o qu\u1ea3n hay ph\u1ea9m m\u00e0u, t\u1eebng m\u1ebb k\u1ef7 t\u1eed \u0111\u01b0\u1ee3c s\u1ea5y \u1edf nhi\u1ec7t \u0111\u1ed9 \u1ed5n \u0111\u1ecbnh \u0111\u1ec3 gi\u1eef tr\u1ecdn v\u1ecb t\u1ef1 nhi\u00ean m\u00e0 v\u1eabn \u0111\u1ea3m b\u1ea3o \u0111\u1ed9 kh\u00f4 gi\u00f2n ho\u00e0n h\u1ea3o. Nh\u1edd \u0111\u00f3, s\u1ea3n ph\u1ea9m d\u1ec5 b\u1ea3o qu\u1ea3n, c\u00f3 th\u1ec3 d\u00f9ng tr\u1ef1c ti\u1ebfp nh\u01b0 m\u00f3n \u0103n v\u1eb7t nh\u1eb9 ho\u1eb7c ng\u00e2m m\u1ec1m \u0111\u1ec3 n\u1ea5u c\u00f9ng c\u00e1c m\u00f3n \u0103n.<\/p>\n<p data-start=\"1695\" data-end=\"1900\">\u2013 C\u00f3 th\u1ec3 d\u00f9ng \u0111\u1ec3 n\u1ea5u ch\u00e8 d\u01b0\u1ee1ng nhan, h\u1ea7m g\u00e0, ch\u01b0ng y\u1ebfn ho\u1eb7c pha tr\u00e0.<br data-start=\"1763\" data-end=\"1766\" \/>\u2013 L\u00e0m topping cho s\u1eefa chua, granola, smoothie bowl ho\u1eb7c salad.<br data-start=\"1828\" data-end=\"1831\" \/>\u2013 C\u00f3 th\u1ec3 \u0103n tr\u1ef1c ti\u1ebfp nh\u01b0 m\u00f3n snack l\u00e0nh m\u1ea1nh, v\u1ecb ng\u1ecdt nh\u1eb9 d\u1ec5 ch\u1ecbu.<\/p>\n<p data-start=\"1695\" data-end=\"1900\"><img loading=\"lazy\" decoding=\"async\" class=\"aligncenter wp-image-42828\" src=\"https:\/\/havamall.com\/wp-content\/uploads\/2025\/10\/ky_tu_co_tac_dung_gi_voi_phu_nu_cach_su_dung_hieu_qua_1_bd32c4ac06.webp\" alt=\"\" width=\"800\" height=\"450\" srcset=\"https:\/\/havamall.com\/wp-content\/uploads\/2025\/10\/ky_tu_co_tac_dung_gi_voi_phu_nu_cach_su_dung_hieu_qua_1_bd32c4ac06.webp 1920w, https:\/\/havamall.com\/wp-content\/uploads\/2025\/10\/ky_tu_co_tac_dung_gi_voi_phu_nu_cach_su_dung_hieu_qua_1_bd32c4ac06-18x10.webp 18w, https:\/\/havamall.com\/wp-content\/uploads\/2025\/10\/ky_tu_co_tac_dung_gi_voi_phu_nu_cach_su_dung_hieu_qua_1_bd32c4ac06-600x338.webp 600w, https:\/\/havamall.com\/wp-content\/uploads\/2025\/10\/ky_tu_co_tac_dung_gi_voi_phu_nu_cach_su_dung_hieu_qua_1_bd32c4ac06-1200x675.webp 1200w, https:\/\/havamall.com\/wp-content\/uploads\/2025\/10\/ky_tu_co_tac_dung_gi_voi_phu_nu_cach_su_dung_hieu_qua_1_bd32c4ac06-150x84.webp 150w\" sizes=\"(max-width: 800px) 100vw, 800px\" \/><\/p>\n<p data-start=\"1902\" data-end=\"2218\">K\u1ef7 t\u1eed GOJI l\u00e0 s\u1ef1 k\u1ebft h\u1ee3p gi\u1eefa truy\u1ec1n th\u1ed1ng ph\u01b0\u01a1ng \u0110\u00f4ng v\u00e0 k\u1ef9 ngh\u1ec7 hi\u1ec7n \u0111\u1ea1i c\u1ee7a Nh\u1eadt B\u1ea3n \u2013 v\u1eeba mang gi\u00e1 tr\u1ecb dinh d\u01b0\u1ee1ng, v\u1eeba d\u1ec5 d\u00e0ng \u1ee9ng d\u1ee5ng trong \u0111\u1eddi s\u1ed1ng h\u1eb1ng ng\u00e0y. D\u00f9 l\u00e0 m\u1ed9t ch\u00e9n tr\u00e0 \u1ea5m, m\u00f3n canh thanh \u0111\u1ea1m hay ly s\u1eefa chua bu\u1ed5i s\u00e1ng, ch\u1ec9 c\u1ea7n v\u00e0i h\u1ea1t k\u1ef7 t\u1eed nh\u1ecf c\u0169ng \u0111\u1ee7 khi\u1ebfn m\u00f3n \u0103n tr\u1edf n\u00ean tr\u00f2n v\u1ecb v\u00e0 b\u1ed5 d\u01b0\u1ee1ng h\u01a1n.<\/p>\n<p data-start=\"2220\" data-end=\"2288\" data-is-last-node=\"\" data-is-only-node=\"\"><strong data-start=\"2220\" data-end=\"2288\" data-is-last-node=\"\">K\u1ef7 T\u1eed Nh\u1eadt B\u1ea3n S\u1ea5y Kh\u00f4 GOJI 50g hi\u1ec7n \u0111ang \u0111\u01b0\u1ee3c b\u00e1n t\u1ea1i Havamall.<\/strong><\/p>","protected":false},"excerpt":{"rendered":"<p>TH\u00d4NG TIN CHUNG Xu\u1ea5t x\u1ee9 Nh\u1eadt B\u1ea3n Th\u00e0nh ph\u1ea7n Xem tr\u1ef1c ti\u1ebfp tr\u00ean bao b\u00ec H\u1ea1n s\u1eed d\u1ee5ng Xem tr\u1ef1c<\/p>","protected":false},"featured_media":42823,"comment_status":"open","ping_status":"closed","template":"","meta":[],"product_brand":[],"product_cat":[722,134],"product_tag":[],"class_list":{"0":"post-42822","1":"product","2":"type-product","3":"status-publish","4":"has-post-thumbnail","6":"product_cat-nhap-khau-nhat-ban","7":"product_cat-thucpham-saykho","9":"first","10":"outofstock","11":"sale","12":"shipping-taxable","13":"purchasable","14":"product-type-simple"},"_links":{"self":[{"href":"https:\/\/havamall.com\/en\/wp-json\/wp\/v2\/product\/42822","targetHints":{"allow":["GET"]}}],"collection":[{"href":"https:\/\/havamall.com\/en\/wp-json\/wp\/v2\/product"}],"about":[{"href":"https:\/\/havamall.com\/en\/wp-json\/wp\/v2\/types\/product"}],"replies":[{"embeddable":true,"href":"https:\/\/havamall.com\/en\/wp-json\/wp\/v2\/comments?post=42822"}],"version-history":[{"count":0,"href":"https:\/\/havamall.com\/en\/wp-json\/wp\/v2\/product\/42822\/revisions"}],"wp:featuredmedia":[{"embeddable":true,"href":"https:\/\/havamall.com\/en\/wp-json\/wp\/v2\/media\/42823"}],"wp:attachment":[{"href":"https:\/\/havamall.com\/en\/wp-json\/wp\/v2\/media?parent=42822"}],"wp:term":[{"taxonomy":"product_brand","embeddable":true,"href":"https:\/\/havamall.com\/en\/wp-json\/wp\/v2\/product_brand?post=42822"},{"taxonomy":"product_cat","embeddable":true,"href":"https:\/\/havamall.com\/en\/wp-json\/wp\/v2\/product_cat?post=42822"},{"taxonomy":"product_tag","embeddable":true,"href":"https:\/\/havamall.com\/en\/wp-json\/wp\/v2\/product_tag?post=42822"}],"curies":[{"name":"wp","href":"https:\/\/api.w.org\/{rel}","templated":true}]}}