{"id":42832,"date":"2025-10-18T15:21:03","date_gmt":"2025-10-18T08:21:03","guid":{"rendered":"https:\/\/havamall.com\/?post_type=product&#038;p=42832"},"modified":"2026-02-25T08:46:50","modified_gmt":"2026-02-25T01:46:50","slug":"tra-hoa-cuc-mat-ong-vo-chanh-grandmas-tea-hop-40g-20-goi-camomile-honey-with-lemon-peel","status":"publish","type":"product","link":"https:\/\/havamall.com\/en\/shop\/tra-hoa-cuc-mat-ong-vo-chanh-grandmas-tea-hop-40g-20-goi-camomile-honey-with-lemon-peel\/","title":{"rendered":"Tr\u00e0 Hoa C\u00fac M\u1eadt Ong &amp; V\u1ecf Chanh Grandma\u2019s Tea H\u1ed9p 40g (20 G\u00f3i) \u2013 Camomile &amp; Honey with Lemon Peel"},"content":{"rendered":"<blockquote>\n<h2><em><strong>TH\u00d4NG TIN CHUNG<\/strong><\/em><\/h2>\n<\/blockquote>\n<table style=\"width: 62.0223%;height: 164px\">\n<tbody>\n<tr>\n<td style=\"width: 24.4656%\"><b>Th\u01b0\u01a1ng hi\u1ec7u<\/b><\/td>\n<td style=\"width: 74.4656%\"><b>Grandma&#8217;s Tea<\/b><\/td>\n<\/tr>\n<tr>\n<td style=\"width: 24.4656%\"><b>Xu\u1ea5t x\u1ee9<\/b><\/td>\n<td style=\"width: 74.4656%\">Ba Lan<\/td>\n<\/tr>\n<tr>\n<td style=\"width: 24.4656%\"><b>Th\u00e0nh ph\u1ea7n<\/b><\/td>\n<td style=\"width: 74.4656%\">Xem tr\u1ef1c ti\u1ebfp tr\u00ean bao b\u00ec<\/td>\n<\/tr>\n<tr>\n<td style=\"width: 24.4656%\"><b>H\u1ea1n s\u1eed d\u1ee5ng<\/b><\/td>\n<td style=\"width: 74.4656%\">Xem tr\u1ef1c ti\u1ebfp tr\u00ean bao b\u00ec<\/td>\n<\/tr>\n<tr>\n<td style=\"width: 24.4656%\"><b>B\u1ea3o qu\u1ea3n<\/b><\/td>\n<td style=\"width: 74.4656%\">B\u1ea3o qu\u1ea3n n\u01a1i kh\u00f4 r\u00e1o, tho\u00e1ng m\u00e1t<\/td>\n<\/tr>\n<tr>\n<td style=\"width: 24.4656%\"><b>Kh\u1ed1i l\u01b0\u1ee3ng<\/b><\/td>\n<td style=\"width: 74.4656%\">40g<\/td>\n<\/tr>\n<\/tbody>\n<\/table>\n<p data-start=\"339\" data-end=\"748\">Gi\u1eefa nh\u1ecbp s\u1ed1ng h\u1ed1i h\u1ea3 c\u1ee7a nh\u1eefng ng\u00e0y hi\u1ec7n \u0111\u1ea1i, \u0111\u00f4i khi \u0111i\u1ec1u ta c\u1ea7n kh\u00f4ng ph\u1ea3i l\u00e0 ly c\u00e0 ph\u00ea m\u1ea1nh m\u1ebd m\u00e0 ch\u1ec9 \u0111\u01a1n gi\u1ea3n l\u00e0 m\u1ed9t t\u00e1ch tr\u00e0 \u1ea5m, t\u1ecfa h\u01b0\u01a1ng d\u1ecbu d\u00e0ng nh\u01b0 v\u1ed7 v\u1ec1 tinh th\u1ea7n.\u00a0<strong data-start=\"514\" data-end=\"562\">Tr\u00e0 Hoa C\u00fac M\u1eadt Ong &amp; V\u1ecf Chanh Grandma\u2019s Tea<\/strong>\u00a0ra \u0111\u1eddi t\u1eeb ch\u00ednh c\u1ea3m h\u1ee9ng \u1ea5y \u2013 m\u1ed9t s\u1ef1 k\u1ebft h\u1ee3p tinh t\u1ebf gi\u1eefa h\u01b0\u01a1ng hoa c\u00fac ng\u1ecdt thanh, m\u1eadt ong t\u1ef1 nhi\u00ean \u0111\u1eadm \u0111\u00e0 v\u00e0 v\u1ecf chanh t\u01b0\u01a1i m\u00e1t, mang \u0111\u1ebfn tr\u1ea3i nghi\u1ec7m tr\u00e0 v\u1eeba nh\u1eb9 nh\u00e0ng, v\u1eeba tr\u1ecdn v\u1eb9n.<\/p>\n<p data-start=\"339\" data-end=\"748\"><img fetchpriority=\"high\" decoding=\"async\" class=\"aligncenter size-full wp-image-42834\" src=\"https:\/\/havamall.com\/wp-content\/uploads\/2025\/10\/camomile-honey-with-lemon-peel-tea.jpg\" alt=\"\" width=\"800\" height=\"533\" srcset=\"https:\/\/havamall.com\/wp-content\/uploads\/2025\/10\/camomile-honey-with-lemon-peel-tea.jpg 800w, https:\/\/havamall.com\/wp-content\/uploads\/2025\/10\/camomile-honey-with-lemon-peel-tea-18x12.jpg 18w, https:\/\/havamall.com\/wp-content\/uploads\/2025\/10\/camomile-honey-with-lemon-peel-tea-600x400.jpg 600w, https:\/\/havamall.com\/wp-content\/uploads\/2025\/10\/camomile-honey-with-lemon-peel-tea-150x100.jpg 150w\" sizes=\"(max-width: 800px) 100vw, 800px\" \/><\/p>\n<p data-start=\"750\" data-end=\"1126\">H\u01b0\u01a1ng th\u01a1m \u0111\u1ea7u ti\u00ean khi tr\u00e0 v\u1eeba \u0111\u01b0\u1ee3c pha l\u00ean \u0111\u00e3 \u0111\u1ee7 khi\u1ebfn l\u00f2ng ng\u01b0\u1eddi l\u1eafng l\u1ea1i. M\u00f9i hoa c\u00fac ph\u1ea3ng ph\u1ea5t, trong tr\u1ebbo v\u00e0 thanh tao, nh\u01b0 m\u00f9i n\u1eafng nh\u1eb9 tr\u00ean c\u00e1nh \u0111\u1ed3ng m\u00f9a h\u1ea1. V\u1ecb m\u1eadt ong len l\u1ecfi, ng\u1ecdt nh\u01b0ng kh\u00f4ng g\u1eaft, h\u00f2a quy\u1ec7n c\u00f9ng v\u1ecf chanh v\u00e0ng \u00f3ng t\u1ea1o n\u00ean m\u1ed9t s\u1ef1 c\u00e2n b\u1eb1ng h\u00e0i h\u00f2a hi\u1ebfm c\u00f3 \u2013 \u1ea5m m\u00e0 v\u1eabn m\u00e1t, ng\u1ecdt m\u00e0 v\u1eabn thanh, \u0111\u1ee7 khi\u1ebfn m\u1ed7i ng\u1ee5m tr\u00e0 tr\u1edf th\u00e0nh m\u1ed9t kho\u1ea3nh kh\u1eafc d\u1ec5 ch\u1ecbu.<\/p>\n<p data-start=\"750\" data-end=\"1126\"><img decoding=\"async\" class=\"aligncenter wp-image-42835\" src=\"https:\/\/havamall.com\/wp-content\/uploads\/2025\/10\/large-2dd9c1fe1eaf6f0f2e1b5551199b0efc.jpg\" alt=\"\" width=\"800\" height=\"800\" srcset=\"https:\/\/havamall.com\/wp-content\/uploads\/2025\/10\/large-2dd9c1fe1eaf6f0f2e1b5551199b0efc.jpg 1200w, https:\/\/havamall.com\/wp-content\/uploads\/2025\/10\/large-2dd9c1fe1eaf6f0f2e1b5551199b0efc-150x150.jpg 150w, https:\/\/havamall.com\/wp-content\/uploads\/2025\/10\/large-2dd9c1fe1eaf6f0f2e1b5551199b0efc-12x12.jpg 12w, https:\/\/havamall.com\/wp-content\/uploads\/2025\/10\/large-2dd9c1fe1eaf6f0f2e1b5551199b0efc-600x600.jpg 600w\" sizes=\"(max-width: 800px) 100vw, 800px\" \/><\/p>\n<p data-start=\"1128\" data-end=\"1618\">T\u1eebng t\u00fai tr\u00e0 Grandma\u2019s Tea \u0111\u01b0\u1ee3c ph\u1ed1i tr\u1ed9n t\u1ec9 m\u1ec9 \u0111\u1ec3 gi\u1eef tr\u1ecdn h\u01b0\u01a1ng v\u1ecb t\u1ef1 nhi\u00ean c\u1ee7a c\u00e1c nguy\u00ean li\u1ec7u.\u00a0<strong data-start=\"1227\" data-end=\"1238\">Hoa c\u00fac<\/strong>\u00a0\u0111\u01b0\u1ee3c ch\u1ecdn t\u1eeb nh\u1eefng b\u00f4ng \u0111\u1ea1t \u0111\u1ed9 n\u1edf v\u1eeba ph\u1ea3i, s\u1ea5y kh\u00f4 trong \u0111i\u1ec1u ki\u1ec7n chu\u1ea9n \u0111\u1ec3 gi\u1eef m\u00e0u v\u00e0ng t\u01b0\u01a1i v\u00e0 m\u00f9i th\u01a1m d\u1ecbu.\u00a0<strong data-start=\"1351\" data-end=\"1362\">M\u1eadt ong<\/strong>\u00a0nguy\u00ean ch\u1ea5t \u0111\u01b0\u1ee3c c\u00f4 l\u1ea1i nh\u1eb9, gi\u00fap h\u01b0\u01a1ng tr\u00e0 tr\u1edf n\u00ean m\u1ec1m m\u1ea1i v\u00e0 \u00eam \u00e1i h\u01a1n khi ch\u1ea1m c\u1ed5 h\u1ecdng.\u00a0<strong data-start=\"1454\" data-end=\"1466\">V\u1ecf chanh<\/strong>\u00a0\u0111\u01b0\u1ee3c th\u00eam v\u00e0o nh\u01b0 \u0111i\u1ec3m nh\u1ea5n ho\u00e0n h\u1ea3o, mang \u0111\u1ebfn ch\u00fat the nh\u1eb9 cu\u1ed1i v\u1ecb, \u0111\u00e1nh th\u1ee9c m\u1ecdi gi\u00e1c quan m\u00e0 v\u1eabn gi\u1eef cho t\u1ed5ng th\u1ec3 h\u01b0\u01a1ng tr\u00e0 nh\u1eb9 nh\u00e0ng, thanh s\u1ea1ch.<\/p>\n<p data-start=\"1128\" data-end=\"1618\"><img decoding=\"async\" class=\"aligncenter wp-image-42836\" src=\"https:\/\/havamall.com\/wp-content\/uploads\/2025\/10\/124614f8e4227ec54c94ee130cf63640f87e06c0.20.9.9.3-scaled.jpg\" alt=\"\" width=\"803\" height=\"603\" srcset=\"https:\/\/havamall.com\/wp-content\/uploads\/2025\/10\/124614f8e4227ec54c94ee130cf63640f87e06c0.20.9.9.3-scaled.jpg 2560w, https:\/\/havamall.com\/wp-content\/uploads\/2025\/10\/124614f8e4227ec54c94ee130cf63640f87e06c0.20.9.9.3-2048x1538.jpg 2048w, https:\/\/havamall.com\/wp-content\/uploads\/2025\/10\/124614f8e4227ec54c94ee130cf63640f87e06c0.20.9.9.3-16x12.jpg 16w, https:\/\/havamall.com\/wp-content\/uploads\/2025\/10\/124614f8e4227ec54c94ee130cf63640f87e06c0.20.9.9.3-600x451.jpg 600w, https:\/\/havamall.com\/wp-content\/uploads\/2025\/10\/124614f8e4227ec54c94ee130cf63640f87e06c0.20.9.9.3-1200x901.jpg 1200w, https:\/\/havamall.com\/wp-content\/uploads\/2025\/10\/124614f8e4227ec54c94ee130cf63640f87e06c0.20.9.9.3-150x113.jpg 150w\" sizes=\"(max-width: 803px) 100vw, 803px\" \/><\/p>\n<p data-start=\"1620\" data-end=\"2097\">Kh\u00f4ng ch\u1ec9 l\u00e0 th\u1ee9c u\u1ed1ng, tr\u00e0 hoa c\u00fac m\u1eadt ong c\u00f2n \u0111\u01b0\u1ee3c nhi\u1ec1u ng\u01b0\u1eddi y\u00eau th\u00edch nh\u01b0 m\u1ed9t li\u1ec7u ph\u00e1p th\u01b0 gi\u00e3n t\u1ef1 nhi\u00ean. M\u1ed9t t\u00e1ch tr\u00e0 n\u00f3ng v\u00e0o bu\u1ed5i t\u1ed1i gi\u00fap c\u01a1 th\u1ec3 nh\u1eb9 nh\u00f5m, t\u00e2m tr\u00ed y\u00ean b\u00ecnh, h\u1ed7 tr\u1ee3 gi\u1ea5c ng\u1ee7 s\u00e2u. C\u00f2n khi pha l\u1ea1nh, v\u1ecb chanh thanh m\u00e1t c\u00f9ng m\u1eadt ong d\u1ecbu ng\u1ecdt l\u1ea1i tr\u1edf th\u00e0nh m\u00f3n tr\u00e0 gi\u1ea3i nhi\u1ec7t tuy\u1ec7t v\u1eddi trong nh\u1eefng ng\u00e0y oi b\u1ee9c. D\u00f9 \u0111\u01b0\u1ee3c th\u01b0\u1edfng th\u1ee9c theo c\u00e1ch n\u00e0o, c\u1ea3m gi\u00e1c sau c\u00f9ng v\u1eabn l\u00e0 s\u1ef1 d\u1ec5 ch\u1ecbu, \u1ea5m \u00e1p, v\u00e0 t\u01b0\u01a1i m\u1edbi \u2013 nh\u01b0 m\u1ed9t n\u1ed1t nh\u1ea1c m\u1ec1m m\u1ea1i gi\u1eefa b\u1ea3n h\u00f2a \u00e2m cu\u1ed9c s\u1ed1ng.<\/p>\n<p data-start=\"2099\" data-end=\"2324\">\u2013 H\u01b0\u01a1ng hoa c\u00fac nh\u1eb9 nh\u00e0ng, v\u1ecb m\u1eadt ong d\u1ecbu ng\u1ecdt h\u00f2a c\u00f9ng v\u1ecf chanh thanh m\u00e1t.<br data-start=\"2174\" data-end=\"2177\" \/>\u2013 Ph\u00f9 h\u1ee3p d\u00f9ng sau b\u1eefa \u0103n, tr\u01b0\u1edbc khi ng\u1ee7, ho\u1eb7c trong nh\u1eefng gi\u1edd ngh\u1ec9 tr\u01b0a y\u00ean t\u0129nh.<br data-start=\"2259\" data-end=\"2262\" \/>\u2013 C\u00f3 th\u1ec3 pha n\u00f3ng ho\u1eb7c l\u1ea1nh, t\u00f9y theo s\u1edf th\u00edch v\u00e0 th\u1eddi ti\u1ebft.<\/p>\n<p data-start=\"2099\" data-end=\"2324\"><img loading=\"lazy\" decoding=\"async\" class=\"aligncenter wp-image-42837\" src=\"https:\/\/havamall.com\/wp-content\/uploads\/2025\/10\/camomile-honey-with-lemon-peel-tea9.jpg\" alt=\"\" width=\"800\" height=\"600\" srcset=\"https:\/\/havamall.com\/wp-content\/uploads\/2025\/10\/camomile-honey-with-lemon-peel-tea9.jpg 1299w, https:\/\/havamall.com\/wp-content\/uploads\/2025\/10\/camomile-honey-with-lemon-peel-tea9-16x12.jpg 16w, https:\/\/havamall.com\/wp-content\/uploads\/2025\/10\/camomile-honey-with-lemon-peel-tea9-600x450.jpg 600w, https:\/\/havamall.com\/wp-content\/uploads\/2025\/10\/camomile-honey-with-lemon-peel-tea9-1200x900.jpg 1200w, https:\/\/havamall.com\/wp-content\/uploads\/2025\/10\/camomile-honey-with-lemon-peel-tea9-150x112.jpg 150w\" sizes=\"(max-width: 800px) 100vw, 800px\" \/><\/p>\n<p data-start=\"2326\" data-end=\"2556\">M\u1ed7i t\u00e1ch tr\u00e0 Grandma\u2019s Tea kh\u00f4ng ch\u1ec9 \u0111\u01a1n thu\u1ea7n l\u00e0 th\u1ee9c u\u1ed1ng, m\u00e0 c\u00f2n l\u00e0 m\u1ed9t c\u00e1ch y\u00eau l\u1ea5y b\u1ea3n th\u00e2n \u2013 th\u01b0\u1edfng cho m\u00ecnh v\u00e0i ph\u00fat b\u00ecnh y\u00ean, \u0111\u1ec3 l\u1eafng nghe m\u00f9i h\u01b0\u01a1ng, c\u1ea3m nh\u1eadn v\u1ecb \u1ea5m lan t\u1ecfa, v\u00e0 \u0111\u1ec3 t\u00e2m tr\u00ed t\u00ecm v\u1ec1 tr\u1ea1ng th\u00e1i nh\u1eb9 nh\u00f5m nh\u1ea5t.<\/p>\n<p data-start=\"2558\" data-end=\"2641\"><strong data-start=\"2558\" data-end=\"2639\">Tr\u00e0 Hoa C\u00fac M\u1eadt Ong &amp; V\u1ecf Chanh Grandma\u2019s Tea hi\u1ec7n \u0111ang \u0111\u01b0\u1ee3c b\u00e1n t\u1ea1i Havamall.<\/strong><\/p>","protected":false},"excerpt":{"rendered":"<p>TH\u00d4NG TIN CHUNG Th\u01b0\u01a1ng hi\u1ec7u Grandma&#8217;s Tea Xu\u1ea5t x\u1ee9 Ba Lan Th\u00e0nh ph\u1ea7n Xem tr\u1ef1c ti\u1ebfp tr\u00ean bao b\u00ec H\u1ea1n<\/p>","protected":false},"featured_media":42833,"comment_status":"open","ping_status":"closed","template":"","meta":[],"product_brand":[],"product_cat":[730,135,700],"product_tag":[],"class_list":{"0":"post-42832","1":"product","2":"type-product","3":"status-publish","4":"has-post-thumbnail","6":"product_cat-cac-nuoc-khac","7":"product_cat-sua-do-uong","8":"product_cat-thuc-uong-khong-con","10":"first","11":"outofstock","12":"sale","13":"shipping-taxable","14":"purchasable","15":"product-type-simple"},"_links":{"self":[{"href":"https:\/\/havamall.com\/en\/wp-json\/wp\/v2\/product\/42832","targetHints":{"allow":["GET"]}}],"collection":[{"href":"https:\/\/havamall.com\/en\/wp-json\/wp\/v2\/product"}],"about":[{"href":"https:\/\/havamall.com\/en\/wp-json\/wp\/v2\/types\/product"}],"replies":[{"embeddable":true,"href":"https:\/\/havamall.com\/en\/wp-json\/wp\/v2\/comments?post=42832"}],"version-history":[{"count":0,"href":"https:\/\/havamall.com\/en\/wp-json\/wp\/v2\/product\/42832\/revisions"}],"wp:featuredmedia":[{"embeddable":true,"href":"https:\/\/havamall.com\/en\/wp-json\/wp\/v2\/media\/42833"}],"wp:attachment":[{"href":"https:\/\/havamall.com\/en\/wp-json\/wp\/v2\/media?parent=42832"}],"wp:term":[{"taxonomy":"product_brand","embeddable":true,"href":"https:\/\/havamall.com\/en\/wp-json\/wp\/v2\/product_brand?post=42832"},{"taxonomy":"product_cat","embeddable":true,"href":"https:\/\/havamall.com\/en\/wp-json\/wp\/v2\/product_cat?post=42832"},{"taxonomy":"product_tag","embeddable":true,"href":"https:\/\/havamall.com\/en\/wp-json\/wp\/v2\/product_tag?post=42832"}],"curies":[{"name":"wp","href":"https:\/\/api.w.org\/{rel}","templated":true}]}}