{"id":42911,"date":"2025-10-22T16:24:15","date_gmt":"2025-10-22T09:24:15","guid":{"rendered":"https:\/\/havamall.com\/?post_type=product&#038;p=42911"},"modified":"2025-11-12T11:35:16","modified_gmt":"2025-11-12T04:35:16","slug":"sua-chua-trai-cay-vi-dao-cho-tre-em-fruttis-kids-loc-4-hop-110g-hop-fruttis-kids-peach-yogurt","status":"publish","type":"product","link":"https:\/\/havamall.com\/en\/shop\/sua-chua-trai-cay-vi-dao-cho-tre-em-fruttis-kids-loc-4-hop-110g-hop-fruttis-kids-peach-yogurt\/","title":{"rendered":"S\u1eefa Chua Tr\u00e1i C\u00e2y V\u1ecb \u0110\u00e0o Cho Tr\u1ebb Em Fruttis Kids H\u1ed9p 110g \u2013 Fruttis Kids Peach Yogurt"},"content":{"rendered":"<blockquote>\n<h3><span style=\"font-size: 18pt\"><em><strong>TH\u00d4NG TIN S\u1ea2N PH\u1ea8M<\/strong><\/em><\/span><\/h3>\n<\/blockquote>\n<table style=\"width: 78.9833%;height: 144px\">\n<tbody>\n<tr style=\"height: 24px\">\n<td style=\"height: 24px\">Th\u01b0\u01a1ng hi\u1ec7u<\/td>\n<td style=\"height: 24px\">Fruttis<\/td>\n<\/tr>\n<tr style=\"height: 24px\">\n<td style=\"height: 24px\">Xu\u1ea5t x\u1ee9<\/td>\n<td style=\"height: 24px\">Nga<\/td>\n<\/tr>\n<tr style=\"height: 24px\">\n<td style=\"height: 24px\">Th\u00e0nh ph\u1ea7n<\/td>\n<td style=\"height: 24px\">S\u1eefa, protein s\u1eefa, ch\u1ea5t l\u00e0m \u0111\u1ea7y, vitamin, lactose,&#8230;<\/td>\n<\/tr>\n<tr style=\"height: 24px\">\n<td style=\"height: 24px\">H\u1ea1n s\u1eed d\u1ee5ng<\/td>\n<td style=\"height: 24px\">5 th\u00e1ng k\u1ec3 t\u1eeb ng\u00e0y s\u1ea3n xu\u1ea5t.<\/td>\n<\/tr>\n<tr style=\"height: 24px\">\n<td style=\"height: 24px\">B\u1ea3o qu\u1ea3n<\/td>\n<td style=\"height: 24px\">B\u1ea3o qu\u1ea3n \u1edf nhi\u1ec7t \u0111\u1ed9 2 \u2013 8 \u0111\u1ed9 C<\/td>\n<\/tr>\n<tr style=\"height: 24px\">\n<td style=\"height: 24px\">Kh\u1ed1i l\u01b0\u1ee3ng<\/td>\n<td style=\"height: 24px\">110g x 4 h\u1ed9p<\/td>\n<\/tr>\n<\/tbody>\n<\/table>\n<p>T\u1eebng h\u1ed9p <em><strong>Fruttis Kids Peach Yogurt<\/strong><\/em> m\u1edf ra l\u00e0n h\u01b0\u01a1ng th\u01a1m d\u1ecbu c\u1ee7a \u0111\u00e0o v\u00e0ng, th\u1ee9 h\u01b0\u01a1ng v\u1eeba ng\u1ecdt, v\u1eeba thanh, khi\u1ebfn ng\u01b0\u1eddi th\u01b0\u1edfng th\u1ee9c li\u00ean t\u01b0\u1edfng \u0111\u1ebfn nh\u1eefng qu\u1ea3 \u0111\u00e0o c\u0103ng m\u1ecdng d\u01b0\u1edbi n\u1eafng h\u00e8. S\u1ef1 k\u1ebft h\u1ee3p gi\u1eefa s\u1eefa t\u01b0\u01a1i l\u00ean men v\u00e0 v\u1ecb tr\u00e1i c\u00e2y t\u1ef1 nhi\u00ean mang l\u1ea1i k\u1ebft c\u1ea5u m\u1ecbn, s\u00e1nh nh\u1eb9, tan \u0111\u1ec1u tr\u00ean \u0111\u1ea7u l\u01b0\u1ee1i. V\u1ecb ng\u1ecdt thanh, chua nh\u1eb9 h\u00e0i h\u00f2a gi\u00fap tr\u1ebb d\u1ec5 d\u00e0ng c\u1ea3m nh\u1eadn v\u00e0 y\u00eau th\u00edch ngay t\u1eeb l\u1ea7n \u0111\u1ea7u ti\u00ean.<br data-start=\"1205\" data-end=\"1208\" \/>Kh\u00f4ng ch\u1ec9 d\u1eebng l\u1ea1i \u1edf v\u1ecb ngon,<strong><em> Fruttis Kids<\/em><\/strong> c\u00f2n \u0111\u01b0\u1ee3c s\u1ea3n xu\u1ea5t theo c\u00f4ng th\u1ee9c \u0111\u1eb7c bi\u1ec7t v\u1edbi\u00a0<strong data-start=\"1297\" data-end=\"1315\">t\u1ef7 l\u1ec7 b\u00e9o 2,5%<\/strong>, mang \u0111\u1ebfn c\u1ea3m gi\u00e1c b\u00e9o nh\u1eb9, kh\u00f4ng ng\u1ea5y, ph\u00f9 h\u1ee3p v\u1edbi kh\u1ea9u v\u1ecb c\u1ee7a tr\u1ebb nh\u1ecf. T\u1eebng l\u1edbp s\u1eefa m\u1ecbn \u0111\u01b0\u1ee3c \u1ee7 \u1edf nhi\u1ec7t \u0111\u1ed9 \u1ed5n \u0111\u1ecbnh, gi\u00fap l\u1ee3i khu\u1ea9n ph\u00e1t tri\u1ec3n t\u1ed1i \u01b0u, t\u1ea1o n\u00ean \u0111\u1ed9 s\u00e1nh m\u01b0\u1ee3t t\u1ef1 nhi\u00ean m\u00e0 kh\u00f4ng c\u1ea7n ph\u1ee5 gia hay ch\u1ea5t l\u00e0m \u0111\u1eb7c.<\/p>\n<p><img fetchpriority=\"high\" decoding=\"async\" class=\"aligncenter\" src=\"https:\/\/havamall.com\/wp-content\/uploads\/2025\/10\/GSPeach_Pineapple_2048x.jpg\" alt=\"Greek Style Peach &amp; Pineapple Yogurt | EasiYo UK\" width=\"800\" height=\"800\" \/><\/p>\n<p><strong><em>Fruttis Kids Peach Yogurt<\/em><\/strong> \u0111\u01b0\u1ee3c s\u1ea3n xu\u1ea5t t\u1ea1i ch\u00e2u \u00c2u \u2013 c\u00e1i n\u00f4i c\u1ee7a ngh\u1ec7 thu\u1eadt l\u00ean men s\u1eefa truy\u1ec1n th\u1ed1ng. Ngu\u1ed3n s\u1eefa t\u01b0\u01a1i \u0111\u01b0\u1ee3c tuy\u1ec3n ch\u1ecdn k\u1ef9 l\u01b0\u1ee1ng t\u1eeb nh\u1eefng trang tr\u1ea1i \u0111\u1ea1t chu\u1ea9n, \u0111\u1ea3m b\u1ea3o \u0111\u1ed9 t\u01b0\u01a1i v\u00e0 h\u00e0m l\u01b0\u1ee3ng dinh d\u01b0\u1ee1ng cao nh\u1ea5t.<br data-start=\"1805\" data-end=\"1808\" \/>Quy tr\u00ecnh l\u00ean men \u0111\u01b0\u1ee3c ki\u1ec3m so\u00e1t nghi\u00eam ng\u1eb7t, s\u1eed d\u1ee5ng ch\u1ee7ng men Lactobacillus t\u1ef1 nhi\u00ean gi\u00fap s\u1eefa chua \u0111\u1ea1t \u0111\u1ed9 chua nh\u1eb9, c\u00e2n b\u1eb1ng v\u1ecb v\u00e0 gi\u1eef nguy\u00ean h\u00e0m l\u01b0\u1ee3ng l\u1ee3i khu\u1ea9n s\u1ed1ng. H\u01b0\u01a1ng v\u1ecb \u0111\u00e0o \u0111\u01b0\u1ee3c chi\u1ebft xu\u1ea5t t\u1eeb tr\u00e1i c\u00e2y th\u1eadt, kh\u00f4ng d\u00f9ng h\u01b0\u01a1ng li\u1ec7u t\u1ed5ng h\u1ee3p, mang l\u1ea1i c\u1ea3m gi\u00e1c ch\u00e2n th\u1eadt v\u00e0 an to\u00e0n cho tr\u1ebb.<br data-start=\"2104\" data-end=\"2107\" \/>T\u1eeb kh\u00e2u ch\u1ecdn s\u1eefa, \u1ee7 men \u0111\u1ebfn \u0111\u00f3ng g\u00f3i, m\u1ecdi c\u00f4ng \u0111o\u1ea1n \u0111\u1ec1u tu\u00e2n theo ti\u00eau chu\u1ea9n an to\u00e0n th\u1ef1c ph\u1ea9m qu\u1ed1c t\u1ebf, \u0111\u1ea3m b\u1ea3o m\u1ed7i h\u1ed9p s\u1eefa chua \u0111\u1ebfn tay ng\u01b0\u1eddi ti\u00eau d\u00f9ng \u0111\u1ec1u gi\u1eef nguy\u00ean gi\u00e1 tr\u1ecb dinh d\u01b0\u1ee1ng ban \u0111\u1ea7u.<\/p>\n<p><img decoding=\"async\" class=\"aligncenter\" src=\"https:\/\/havamall.com\/wp-content\/uploads\/2025\/11\/Peach-and-Blackberry-Jam-Frozen-Yogurt-1280-6754-819x1024.jpg\" alt=\"Peach and Blackberry Swirl Frozen Yogurt\" width=\"800\" height=\"1000\" \/><\/p>\n<blockquote>\n<h3 data-start=\"2304\" data-end=\"2363\"><em><strong data-start=\"2308\" data-end=\"2363\">Ngu\u1ed3n d\u01b0\u1ee1ng ch\u1ea5t c\u00e2n b\u1eb1ng cho s\u1ef1 ph\u00e1t tri\u1ec3n c\u1ee7a tr\u1ebb<\/strong><\/em><\/h3>\n<\/blockquote>\n<p data-start=\"2364\" data-end=\"2884\">\u2013 <strong data-start=\"2467\" data-end=\"2495\">B\u1ed5 sung vitamin A, D, E:<\/strong>\u00a0gi\u00fap t\u0103ng c\u01b0\u1eddng th\u1ecb l\u1ef1c, h\u1ed7 tr\u1ee3 ph\u00e1t tri\u1ec3n x\u01b0\u01a1ng r\u0103ng v\u00e0 b\u1ea3o v\u1ec7 h\u1ec7 mi\u1ec5n d\u1ecbch.<br data-start=\"2573\" data-end=\"2576\" \/>\u2013\u00a0<strong data-start=\"2578\" data-end=\"2610\">Cung c\u1ea5p l\u1ee3i khu\u1ea9n t\u1ef1 nhi\u00ean:<\/strong>\u00a0gi\u00fap c\u00e2n b\u1eb1ng h\u1ec7 vi sinh \u0111\u01b0\u1eddng ru\u1ed9t, c\u1ea3i thi\u1ec7n ti\u00eau h\u00f3a v\u00e0 h\u1ea5p thu dinh d\u01b0\u1ee1ng t\u1ed1t h\u01a1n.<br data-start=\"2697\" data-end=\"2700\" \/>\u2013\u00a0<strong data-start=\"2702\" data-end=\"2735\">Gi\u00e0u canxi v\u00e0 protein t\u1eeb s\u1eefa:<\/strong>\u00a0h\u1ed7 tr\u1ee3 ph\u00e1t tri\u1ec3n chi\u1ec1u cao, c\u01a1 b\u1eafp v\u00e0 c\u1ea5u tr\u00fac x\u01b0\u01a1ng ch\u1eafc kh\u1ecfe.<br data-start=\"2800\" data-end=\"2803\" \/>\u2013\u00a0<strong data-start=\"2805\" data-end=\"2827\">H\u00e0m l\u01b0\u1ee3ng b\u00e9o nh\u1eb9:<\/strong>\u00a0gi\u00fap b\u00e9 no l\u00e2u h\u01a1n m\u00e0 kh\u00f4ng g\u00e2y \u0111\u1ea7y b\u1ee5ng hay ng\u1ea5y s\u1eefa.<\/p>\n<p data-start=\"2886\" data-end=\"3087\">Nh\u1edd s\u1ef1 c\u00e2n b\u1eb1ng dinh d\u01b0\u1ee1ng h\u1ee3p l\u00fd, Fruttis Kids Peach Yogurt l\u00e0 l\u1ef1a ch\u1ecdn l\u00fd t\u01b0\u1edfng cho b\u1eefa ph\u1ee5 ho\u1eb7c tr\u00e1ng mi\u1ec7ng c\u1ee7a tr\u1ebb \u2013 v\u1eeba cung c\u1ea5p n\u0103ng l\u01b0\u1ee3ng, v\u1eeba gi\u00fap h\u00ecnh th\u00e0nh th\u00f3i quen \u0103n u\u1ed1ng l\u00e0nh m\u1ea1nh t\u1eeb nh\u1ecf.<\/p>\n<p data-start=\"2886\" data-end=\"3087\"><img decoding=\"async\" class=\"aligncenter\" src=\"https:\/\/havamall.com\/wp-content\/uploads\/2025\/10\/Peach-Parfaits-The-Live-In-Kitchen-Featured.jpg\" alt=\"Peach Parfaits\" width=\"801\" height=\"801\" \/><\/p>\n<blockquote>\n<h3 data-start=\"3089\" data-end=\"3123\"><em><strong data-start=\"3093\" data-end=\"3123\">C\u00e1ch th\u01b0\u1edfng th\u1ee9c th\u01a1m ngon<\/strong><\/em><\/h3>\n<\/blockquote>\n<p data-start=\"3124\" data-end=\"3560\">\u2013 \u0102n tr\u1ef1c ti\u1ebfp nh\u01b0 m\u00f3n tr\u00e1ng mi\u1ec7ng nh\u1eb9.<br data-start=\"3304\" data-end=\"3307\" \/>\u2013 K\u1ebft h\u1ee3p c\u00f9ng tr\u00e1i c\u00e2y t\u01b0\u01a1i nh\u01b0 d\u00e2u, chu\u1ed1i, vi\u1ec7t qu\u1ea5t ho\u1eb7c ng\u0169 c\u1ed1c gi\u00f2n t\u1ea1o th\u00e0nh b\u1eefa s\u00e1ng nhanh g\u1ecdn.<br data-start=\"3409\" data-end=\"3412\" \/>\u2013 D\u00f9ng l\u00e0m n\u1ec1n cho m\u00f3n smoothie hay parfait, v\u1eeba \u0111\u1eb9p m\u1eaft v\u1eeba b\u1ed5 d\u01b0\u1ee1ng.<br data-start=\"3482\" data-end=\"3485\" \/>\u2013 C\u00f3 th\u1ec3 d\u00f9ng sau b\u1eefa \u0103n ch\u00ednh \u0111\u1ec3 k\u00edch th\u00edch ti\u00eau h\u00f3a v\u00e0 l\u00e0m d\u1ecbu v\u1ecb gi\u00e1c.<\/p>\n<p data-start=\"3124\" data-end=\"3560\"><img loading=\"lazy\" decoding=\"async\" class=\"aligncenter\" src=\"https:\/\/havamall.com\/wp-content\/uploads\/2025\/10\/peaches-cream-1-of-1-2.jpg\" alt=\"Peaches &amp; Cream Yogurt Bowl - A Dash of Macros\" width=\"800\" height=\"543\" \/><\/p>\n<p data-start=\"3124\" data-end=\"3560\">S\u1eefa Chua Tr\u00e1i C\u00e2y V\u1ecb \u0110\u00e0o Cho Tr\u1ebb Em Fruttis Kids \u2013 Fruttis Kids Peach Yogurt hi\u1ec7n \u0111ang \u0111\u01b0\u1ee3c b\u00e1n t\u1ea1i\u00a0<strong data-start=\"4283\" data-end=\"4295\">Havamall<\/strong>.<\/p>","protected":false},"excerpt":{"rendered":"<p>TH\u00d4NG TIN S\u1ea2N PH\u1ea8M Th\u01b0\u01a1ng hi\u1ec7u Fruttis Xu\u1ea5t x\u1ee9 Nga Th\u00e0nh ph\u1ea7n S\u1eefa, protein s\u1eefa, ch\u1ea5t l\u00e0m \u0111\u1ea7y, vitamin, lactose,&#8230;<\/p>","protected":false},"featured_media":43213,"comment_status":"open","ping_status":"closed","template":"","meta":[],"product_brand":[],"product_cat":[729,135],"product_tag":[],"class_list":{"0":"post-42911","1":"product","2":"type-product","3":"status-publish","4":"has-post-thumbnail","6":"product_cat-nhap-khau-nga","7":"product_cat-sua-do-uong","9":"first","10":"instock","11":"sale","12":"shipping-taxable","13":"purchasable","14":"product-type-simple"},"_links":{"self":[{"href":"https:\/\/havamall.com\/en\/wp-json\/wp\/v2\/product\/42911","targetHints":{"allow":["GET"]}}],"collection":[{"href":"https:\/\/havamall.com\/en\/wp-json\/wp\/v2\/product"}],"about":[{"href":"https:\/\/havamall.com\/en\/wp-json\/wp\/v2\/types\/product"}],"replies":[{"embeddable":true,"href":"https:\/\/havamall.com\/en\/wp-json\/wp\/v2\/comments?post=42911"}],"version-history":[{"count":0,"href":"https:\/\/havamall.com\/en\/wp-json\/wp\/v2\/product\/42911\/revisions"}],"wp:featuredmedia":[{"embeddable":true,"href":"https:\/\/havamall.com\/en\/wp-json\/wp\/v2\/media\/43213"}],"wp:attachment":[{"href":"https:\/\/havamall.com\/en\/wp-json\/wp\/v2\/media?parent=42911"}],"wp:term":[{"taxonomy":"product_brand","embeddable":true,"href":"https:\/\/havamall.com\/en\/wp-json\/wp\/v2\/product_brand?post=42911"},{"taxonomy":"product_cat","embeddable":true,"href":"https:\/\/havamall.com\/en\/wp-json\/wp\/v2\/product_cat?post=42911"},{"taxonomy":"product_tag","embeddable":true,"href":"https:\/\/havamall.com\/en\/wp-json\/wp\/v2\/product_tag?post=42911"}],"curies":[{"name":"wp","href":"https:\/\/api.w.org\/{rel}","templated":true}]}}