{"id":42925,"date":"2025-10-23T10:15:49","date_gmt":"2025-10-23T03:15:49","guid":{"rendered":"https:\/\/havamall.com\/?post_type=product&#038;p=42925"},"modified":"2025-11-12T11:14:22","modified_gmt":"2025-11-12T04:14:22","slug":"sua-chua-trai-cay-fruttis-8-vi-mo-xoai-qua-mong-rung-loc-4-hu-x115g-fruttis-yogurt","status":"publish","type":"product","link":"https:\/\/havamall.com\/en\/shop\/sua-chua-trai-cay-fruttis-8-vi-mo-xoai-qua-mong-rung-loc-4-hu-x115g-fruttis-yogurt\/","title":{"rendered":"S\u1eefa Chua Tr\u00e1i C\u00e2y Fruttis 8% V\u1ecb M\u01a1 &amp; Xo\u00e0i \/ Qu\u1ea3 M\u1ecdng R\u1eebng H\u0169 115g &#8211; Fruttis Yogurt"},"content":{"rendered":"<blockquote>\n<h3><em><strong>TH\u00d4NG TIN S\u1ea2N PH\u1ea8M<\/strong><\/em><\/h3>\n<\/blockquote>\n<table style=\"width: 49.6531%;height: 185px\">\n<tbody>\n<tr>\n<td>Th\u01b0\u01a1ng hi\u1ec7u<\/td>\n<td>Fruttis<\/td>\n<\/tr>\n<tr>\n<td>Xu\u1ea5t x\u1ee9<\/td>\n<td>Nga<\/td>\n<\/tr>\n<tr>\n<td>Th\u00e0nh ph\u1ea7n<\/td>\n<td>S\u1eefa, protein s\u1eefa, ch\u1ea5t l\u00e0m \u0111\u1ea7y, vitamin, lactose,\u2026<\/td>\n<\/tr>\n<tr>\n<td>H\u1ea1n s\u1eed d\u1ee5ng<\/td>\n<td>5 th\u00e1ng k\u1ec3 t\u1eeb ng\u00e0y s\u1ea3n xu\u1ea5t.<\/td>\n<\/tr>\n<tr>\n<td>B\u1ea3o qu\u1ea3n<\/td>\n<td>B\u1ea3o qu\u1ea3n \u1edf nhi\u1ec7t \u0111\u1ed9 2 \u2013 8 \u0111\u1ed9 C<\/td>\n<\/tr>\n<tr>\n<td>Kh\u1ed1i l\u01b0\u1ee3ng<\/td>\n<td>115g x 4 h\u1ed9p<\/td>\n<\/tr>\n<\/tbody>\n<\/table>\n<p data-start=\"798\" data-end=\"1277\">Kh\u00e1c v\u1edbi nh\u1eefng lo\u1ea1i s\u1eefa chua th\u00f4ng th\u01b0\u1eddng, Fruttis 8% \u0111\u01b0\u1ee3c l\u00ean men t\u1eeb ngu\u1ed3n s\u1eefa ch\u1ecdn l\u1ecdc gi\u00e0u kem s\u1eefa, t\u1ea1o n\u00ean k\u1ebft c\u1ea5u m\u01b0\u1ee3t m\u00e0 v\u00e0 v\u1ecb b\u00e9o m\u1ec1m t\u1ef1 nhi\u00ean. V\u1ecb chua d\u1ecbu \u0111\u01b0\u1ee3c c\u00e2n b\u1eb1ng kh\u00e9o l\u00e9o, khi\u1ebfn m\u1ed7i mu\u1ed7ng \u0111\u1ec1u tan ch\u1eadm trong mi\u1ec7ng, \u0111\u1ec3 l\u1ea1i d\u01b0 v\u1ecb th\u01a1m ng\u1ecdt d\u1ec5 ch\u1ecbu.<br data-start=\"1058\" data-end=\"1061\" \/>H\u00e0m l\u01b0\u1ee3ng\u00a0<strong data-start=\"1071\" data-end=\"1086\">8% ch\u1ea5t b\u00e9o<\/strong>\u00a0kh\u00f4ng ch\u1ec9 mang \u0111\u1ebfn h\u01b0\u01a1ng v\u1ecb tr\u00f2n tr\u1ecba h\u01a1n, m\u00e0 c\u00f2n gi\u00fap s\u1eefa chua c\u00f3 \u0111\u1ed9 s\u00e1nh m\u1ecbn \u0111\u1eb7c tr\u01b0ng \u2013 v\u1eeba l\u00e0 m\u00f3n \u0103n nh\u1eb9 l\u00fd t\u01b0\u1edfng, v\u1eeba \u0111\u1ee7 sang tr\u1ecdng \u0111\u1ec3 tr\u1edf th\u00e0nh m\u00f3n tr\u00e1ng mi\u1ec7ng tinh t\u1ebf sau b\u1eefa ch\u00ednh.<\/p>\n<p data-start=\"798\" data-end=\"1277\"><img fetchpriority=\"high\" decoding=\"async\" class=\"aligncenter\" src=\"https:\/\/scontent.fsgn19-1.fna.fbcdn.net\/v\/t39.30808-6\/496666045_122118206684814850_8906093069833055208_n.png?_nc_cat=104&amp;ccb=1-7&amp;_nc_sid=cc71e4&amp;_nc_eui2=AeFfKiBAEjmPX-XNzNck7cePRfRgBwF9No9F9GAHAX02j5daJu8ZZfNqP8SoGDmrk5rdfO-BYMcECH9E47KRvBv7&amp;_nc_ohc=09uA9FO0IZEQ7kNvwG7poOe&amp;_nc_oc=Adm5UvT_fGxJE7N-xuAVfopf0OdeF5FM19vQPemAZ_MBbQWrlOCIo9FXmTUDo9TPchTp1c27edPE00RGyq2Z5JQm&amp;_nc_zt=23&amp;_nc_ht=scontent.fsgn19-1.fna&amp;_nc_gid=cNFpCHcMvEbuvinXtUoK9g&amp;oh=00_AfcB3iONqJUak9l-NXyVedywKCgv8J41GHoMhVYUm3jmDg&amp;oe=68FF612A\" alt=\"Kh\u00f4ng c\u00f3 m\u00f4 t\u1ea3 \u1ea3nh.\" width=\"800\" height=\"452\" \/><\/p>\n<p data-start=\"1344\" data-end=\"1433\">M\u1ed7i khay g\u1ed3m b\u1ed1n h\u1ed9p nh\u1ecf (4x115g) v\u1edbi hai lo\u1ea1i h\u01b0\u01a1ng v\u1ecb \u0111\u1ed1i l\u1eadp nh\u01b0ng b\u1ed5 sung cho nhau:<\/p>\n<p data-start=\"1435\" data-end=\"1889\">\u2013\u00a0<strong data-start=\"1437\" data-end=\"1450\">M\u01a1 &amp; Xo\u00e0i<\/strong>: g\u1ee3i nh\u1edb \u0111\u1ebfn m\u00f9a h\u00e8 r\u1ef1c n\u1eafng v\u1edbi s\u1eafc v\u00e0ng \u1ea5m \u00e1p v\u00e0 h\u01b0\u01a1ng ng\u1ecdt d\u1ecbu. V\u1ecb m\u01a1 ch\u00edn m\u1ec1m h\u00f2a c\u00f9ng xo\u00e0i t\u01b0\u01a1i nhi\u1ec7t \u0111\u1edbi t\u1ea1o n\u00ean c\u1ea3m gi\u00e1c t\u01b0\u01a1i s\u00e1ng, b\u00e9o ng\u1eady nh\u01b0ng thanh tho\u00e1t, r\u1ea5t ph\u00f9 h\u1ee3p \u0111\u1ec3 kh\u1edfi \u0111\u1ea7u ng\u00e0y m\u1edbi.<br data-start=\"1651\" data-end=\"1654\" \/>\u2013\u00a0<strong data-start=\"1656\" data-end=\"1673\">Qu\u1ea3 m\u1ecdng r\u1eebng<\/strong>: mang \u0111\u1eadm d\u1ea5u \u1ea5n ch\u00e2u \u00c2u, k\u1ebft h\u1ee3p vi\u1ec7t qu\u1ea5t, d\u00e2u t\u00e2y, m\u00e2m x\u00f4i v\u00e0 l\u00fd chua \u0111en. H\u01b0\u01a1ng v\u1ecb chua ng\u1ecdt c\u00e2n b\u1eb1ng, th\u01a1m s\u00e2u, c\u00f9ng s\u1eafc t\u00edm \u0111\u1ecf t\u1ef1 nhi\u00ean khi\u1ebfn m\u00f3n s\u1eefa chua n\u00e0y kh\u00f4ng ch\u1ec9 ngon mi\u1ec7ng m\u00e0 c\u00f2n h\u1ea5p d\u1eabn v\u1ec1 th\u1ecb gi\u00e1c.<\/p>\n<p data-start=\"1891\" data-end=\"2067\">Hai v\u1ecb tr\u00e1i ng\u01b0\u1ee3c \u2013 m\u1ed9t t\u01b0\u01a1i s\u00e1ng, m\u1ed9t \u0111\u1eb1m s\u00e2u \u2013 t\u1ea1o n\u00ean tr\u1ea3i nghi\u1ec7m v\u1ecb gi\u00e1c \u0111a t\u1ea7ng, khi\u1ebfn Fruttis 8% kh\u00f4ng \u0111\u01a1n thu\u1ea7n l\u00e0 s\u1eefa chua, m\u00e0 l\u00e0 m\u1ed9t c\u00e1ch c\u1ea3m nh\u1eadn h\u01b0\u01a1ng v\u1ecb theo m\u00f9a.<\/p>\n<p data-start=\"1891\" data-end=\"2067\"><img decoding=\"async\" class=\"aligncenter\" src=\"https:\/\/scontent.fsgn19-1.fna.fbcdn.net\/v\/t39.30808-6\/489700094_122110530374814850_2717416498298002917_n.jpg?stp=cp6_dst-jpg_tt6&amp;_nc_cat=108&amp;ccb=1-7&amp;_nc_sid=127cfc&amp;_nc_eui2=AeFblKAJHUkAkjoti-U5euTIQr4Q6AFjqatCvhDoAWOpq0dQ3iZoVtdSRrLMtNuaXlXk19ND6Iu86gvApJlXeZO1&amp;_nc_ohc=OBkch5WCJU8Q7kNvwGoxcNI&amp;_nc_oc=Adk-1ktFLYH7ogKeyo2ryLGuzM4PcBw5Z4H2NzvXsZ2CpMYW627GiTbsEmaf31WJG-zcchX7J9cGBGbxVcbzL1RX&amp;_nc_zt=23&amp;_nc_ht=scontent.fsgn19-1.fna&amp;_nc_gid=upfc035qp7n3B9tX-4nk3Q&amp;oh=00_Aff5nvQCgH3Ugl8VGWSbtqRdjhF0IBFa-wzAwQALXlY4Rw&amp;oe=68FF6E74\" alt=\"Kh\u00f4ng c\u00f3 m\u00f4 t\u1ea3 \u1ea3nh.\" width=\"800\" height=\"1000\" \/><\/p>\n<h3 data-start=\"2069\" data-end=\"2118\"><strong data-start=\"2073\" data-end=\"2118\">Gi\u00e1 tr\u1ecb dinh d\u01b0\u1ee1ng v\u00e0 n\u0103ng l\u01b0\u1ee3ng c\u00e2n b\u1eb1ng<\/strong><\/h3>\n<p data-start=\"2119\" data-end=\"2404\">\u2013 L\u1ee3i khu\u1ea9n s\u1ed1ng gi\u00fap c\u00e2n b\u1eb1ng h\u1ec7 ti\u00eau h\u00f3a.<br data-start=\"2258\" data-end=\"2261\" \/>\u2013 Canxi, vitamin D v\u00e0 protein t\u1ef1 nhi\u00ean h\u1ed7 tr\u1ee3 x\u01b0\u01a1ng ch\u1eafc kh\u1ecfe.<br data-start=\"2323\" data-end=\"2326\" \/>\u2013 Ch\u1ea5t b\u00e9o s\u1eefa t\u1ef1 nhi\u00ean gi\u00fap h\u1ea5p thu vitamin t\u1ed1t h\u01a1n v\u00e0 t\u1ea1o c\u1ea3m gi\u00e1c no l\u00e2u.<\/p>\n<p data-start=\"2406\" data-end=\"2644\">Fruttis 8% l\u00e0 l\u1ef1a ch\u1ecdn l\u00fd t\u01b0\u1edfng cho ng\u01b0\u1eddi c\u1ea7n n\u0103ng l\u01b0\u1ee3ng nh\u1eb9 gi\u1eefa ng\u00e0y, ho\u1eb7c nh\u01b0 m\u00f3n \u0103n v\u1eb7t cao c\u1ea5p sau bu\u1ed5i t\u1eadp. D\u00f9 d\u00f9ng ri\u00eang hay k\u1ebft h\u1ee3p c\u00f9ng h\u1ea1t ng\u0169 c\u1ed1c, granola ho\u1eb7c tr\u00e1i c\u00e2y t\u01b0\u01a1i, Fruttis v\u1eabn gi\u1eef tr\u1ecdn h\u01b0\u01a1ng v\u1ecb nguy\u00ean b\u1ea3n, kh\u00f3 l\u1eabn.<\/p>\n<p data-start=\"2406\" data-end=\"2644\"><img decoding=\"async\" class=\"aligncenter wp-image-42927\" src=\"https:\/\/havamall.com\/wp-content\/uploads\/2025\/10\/514461391_122126905670814850_1779834940151282824_n.jpg\" alt=\"\" width=\"800\" height=\"1009\" srcset=\"https:\/\/havamall.com\/wp-content\/uploads\/2025\/10\/514461391_122126905670814850_1779834940151282824_n.jpg 1024w, https:\/\/havamall.com\/wp-content\/uploads\/2025\/10\/514461391_122126905670814850_1779834940151282824_n-10x12.jpg 10w, https:\/\/havamall.com\/wp-content\/uploads\/2025\/10\/514461391_122126905670814850_1779834940151282824_n-600x757.jpg 600w, https:\/\/havamall.com\/wp-content\/uploads\/2025\/10\/514461391_122126905670814850_1779834940151282824_n-150x189.jpg 150w\" sizes=\"(max-width: 800px) 100vw, 800px\" \/><\/p>\n<p data-start=\"2687\" data-end=\"3096\">Fruttis 8% \u0111\u01b0\u1ee3c s\u1ea3n xu\u1ea5t b\u1edfi\u00a0<strong data-start=\"2716\" data-end=\"2727\">Campina<\/strong>, m\u1ed9t trong nh\u1eefng th\u01b0\u01a1ng hi\u1ec7u s\u1eefa danh ti\u1ebfng c\u1ee7a ch\u00e2u \u00c2u. M\u1ed7i kh\u00e2u t\u1eeb ch\u1ecdn s\u1eefa, l\u00ean men, ph\u1ed1i v\u1ecb \u0111\u1ebfn \u0111\u00f3ng g\u00f3i \u0111\u1ec1u tu\u00e2n th\u1ee7 ti\u00eau chu\u1ea9n ch\u1ea5t l\u01b0\u1ee3ng nghi\u00eam ng\u1eb7t, \u0111\u1ea3m b\u1ea3o s\u1ea3n ph\u1ea9m lu\u00f4n \u0111\u1ea1t \u0111\u1ed9 t\u01b0\u01a1i v\u00e0 h\u01b0\u01a1ng v\u1ecb t\u1ef1 nhi\u00ean cao nh\u1ea5t.<br data-start=\"2949\" data-end=\"2952\" \/>Bao b\u00ec v\u1edbi t\u00f4ng h\u1ed3ng \u2013 v\u00e0ng \u0111\u1eb7c tr\u01b0ng gi\u00fap nh\u1eadn di\u1ec7n d\u1ec5 d\u00e0ng, \u0111\u1ed3ng th\u1eddi ph\u1ea3n \u00e1nh tinh th\u1ea7n n\u0103ng \u0111\u1ed9ng, t\u01b0\u01a1i tr\u1ebb m\u00e0 d\u00f2ng s\u1eefa chua n\u00e0y h\u01b0\u1edbng t\u1edbi.<\/p>\n<p data-start=\"3098\" data-end=\"3374\">T\u1eebng h\u0169 nh\u1ecf Fruttis 8% l\u00e0 s\u1ef1 k\u1ebft h\u1ee3p c\u1ee7a v\u1ecb b\u00e9o tinh t\u1ebf v\u00e0 h\u01b0\u01a1ng tr\u00e1i c\u00e2y ch\u00e2n th\u1eadt \u2013 m\u1ed9t m\u00f3n qu\u00e0 nh\u1ecf cho kh\u1ea9u v\u1ecb hi\u1ec7n \u0111\u1ea1i y\u00eau th\u00edch c\u1ea3m gi\u00e1c \u0111\u1eadm \u0111\u00e0, tr\u1ecdn v\u1ecb.<br data-start=\"3256\" data-end=\"3259\" \/><strong data-start=\"3259\" data-end=\"3374\">S\u1eefa Chua Tr\u00e1i C\u00e2y Nh\u1eadp Kh\u1ea9u Fruttis 8% (4x115g) \u2013 V\u1ecb M\u01a1 &amp; Xo\u00e0i \/ Qu\u1ea3 M\u1ecdng R\u1eebng hi\u1ec7n \u0111ang \u0111\u01b0\u1ee3c b\u00e1n t\u1ea1i Havamall.<\/strong><\/p>","protected":false},"excerpt":{"rendered":"<p>TH\u00d4NG TIN S\u1ea2N PH\u1ea8M Th\u01b0\u01a1ng hi\u1ec7u Fruttis Xu\u1ea5t x\u1ee9 Nga Th\u00e0nh ph\u1ea7n S\u1eefa, protein s\u1eefa, ch\u1ea5t l\u00e0m \u0111\u1ea7y, vitamin, lactose,\u2026<\/p>","protected":false},"featured_media":43204,"comment_status":"open","ping_status":"closed","template":"","meta":[],"product_brand":[],"product_cat":[729,135],"product_tag":[],"class_list":{"0":"post-42925","1":"product","2":"type-product","3":"status-publish","4":"has-post-thumbnail","6":"product_cat-nhap-khau-nga","7":"product_cat-sua-do-uong","9":"first","10":"instock","11":"sale","12":"shipping-taxable","13":"purchasable","14":"product-type-variable"},"_links":{"self":[{"href":"https:\/\/havamall.com\/en\/wp-json\/wp\/v2\/product\/42925","targetHints":{"allow":["GET"]}}],"collection":[{"href":"https:\/\/havamall.com\/en\/wp-json\/wp\/v2\/product"}],"about":[{"href":"https:\/\/havamall.com\/en\/wp-json\/wp\/v2\/types\/product"}],"replies":[{"embeddable":true,"href":"https:\/\/havamall.com\/en\/wp-json\/wp\/v2\/comments?post=42925"}],"version-history":[{"count":0,"href":"https:\/\/havamall.com\/en\/wp-json\/wp\/v2\/product\/42925\/revisions"}],"wp:featuredmedia":[{"embeddable":true,"href":"https:\/\/havamall.com\/en\/wp-json\/wp\/v2\/media\/43204"}],"wp:attachment":[{"href":"https:\/\/havamall.com\/en\/wp-json\/wp\/v2\/media?parent=42925"}],"wp:term":[{"taxonomy":"product_brand","embeddable":true,"href":"https:\/\/havamall.com\/en\/wp-json\/wp\/v2\/product_brand?post=42925"},{"taxonomy":"product_cat","embeddable":true,"href":"https:\/\/havamall.com\/en\/wp-json\/wp\/v2\/product_cat?post=42925"},{"taxonomy":"product_tag","embeddable":true,"href":"https:\/\/havamall.com\/en\/wp-json\/wp\/v2\/product_tag?post=42925"}],"curies":[{"name":"wp","href":"https:\/\/api.w.org\/{rel}","templated":true}]}}