{"id":42929,"date":"2025-10-23T10:47:00","date_gmt":"2025-10-23T03:47:00","guid":{"rendered":"https:\/\/havamall.com\/?post_type=product&#038;p=42929"},"modified":"2025-11-12T10:45:31","modified_gmt":"2025-11-12T03:45:31","slug":"sua-chua-trai-cay-fruttis-5-vi-xoai-mo-qua-mong-hu-x115g-fruttis-yogurt","status":"publish","type":"product","link":"https:\/\/havamall.com\/en\/shop\/sua-chua-trai-cay-fruttis-5-vi-xoai-mo-qua-mong-hu-x115g-fruttis-yogurt\/","title":{"rendered":"S\u1eefa Chua Tr\u00e1i C\u00e2y Fruttis 5% V\u1ecb Xo\u00e0i &amp; M\u01a1 \/ Qu\u1ea3 M\u1ecdng H\u0169 115g \u2013 Fruttis Yogurt"},"content":{"rendered":"<blockquote>\n<h3><em><strong>TH\u00d4NG TIN S\u1ea2N PH\u1ea8M<\/strong><\/em><\/h3>\n<\/blockquote>\n<table>\n<tbody>\n<tr>\n<td>Th\u01b0\u01a1ng hi\u1ec7u<\/td>\n<td>Fruttis<\/td>\n<\/tr>\n<tr>\n<td>Xu\u1ea5t x\u1ee9<\/td>\n<td>Nga<\/td>\n<\/tr>\n<tr>\n<td>Th\u00e0nh ph\u1ea7n<\/td>\n<td>S\u1eefa, protein s\u1eefa, ch\u1ea5t l\u00e0m \u0111\u1ea7y, vitamin, lactose,\u2026<\/td>\n<\/tr>\n<tr>\n<td>H\u1ea1n s\u1eed d\u1ee5ng<\/td>\n<td>5 th\u00e1ng k\u1ec3 t\u1eeb ng\u00e0y s\u1ea3n xu\u1ea5t.<\/td>\n<\/tr>\n<tr>\n<td>B\u1ea3o qu\u1ea3n<\/td>\n<td>B\u1ea3o qu\u1ea3n \u1edf nhi\u1ec7t \u0111\u1ed9 2 \u2013 8 \u0111\u1ed9 C<\/td>\n<\/tr>\n<tr>\n<td>Kh\u1ed1i l\u01b0\u1ee3ng<\/td>\n<td>115g x 4 h\u1ed9p<\/td>\n<\/tr>\n<\/tbody>\n<\/table>\n<p data-start=\"465\" data-end=\"892\"><strong><em>Campina Fruttis 5%<\/em><\/strong> l\u00e0 l\u1ef1a ch\u1ecdn mang \u0111\u1ebfn c\u1ea3m gi\u00e1c d\u1ecbu d\u00e0ng \u1ea5y \u2013 m\u1ed9t s\u1ef1 k\u1ebft h\u1ee3p h\u00e0i h\u00f2a gi\u1eefa s\u1eefa chua l\u00ean men t\u1ef1 nhi\u00ean v\u00e0 nh\u1eefng t\u1ea7ng h\u01b0\u01a1ng tr\u00e1i c\u00e2y t\u01b0\u01a1i \u0111\u01b0\u1ee3c ch\u1ecdn l\u1ecdc k\u1ef9 l\u01b0\u1ee1ng. M\u1ed7i h\u0169 nh\u1ecf l\u00e0 s\u1ef1 c\u00e2n b\u1eb1ng gi\u1eefa v\u1ecb b\u00e9o m\u1ec1m v\u00e0 h\u01b0\u01a1ng tr\u00e1i c\u00e2y thu\u1ea7n khi\u1ebft, g\u1ee3i nh\u1eafc \u0111\u1ebfn c\u1ea3m gi\u00e1c trong tr\u1ebbo, tr\u00f2n \u0111\u1ea7y c\u1ee7a v\u1ecb ngon t\u1ef1 nhi\u00ean.<\/p>\n<p data-start=\"894\" data-end=\"1173\">D\u00f2ng Fruttis 5% c\u1ee7a Campina \u0111\u01b0\u1ee3c bi\u1ebft \u0111\u1ebfn v\u1edbi k\u1ebft c\u1ea5u s\u00e1nh m\u1ecbn, \u0111\u1ed9 b\u00e9o nh\u1eb9, v\u1eeba \u0111\u1ee7 \u0111\u1ec3 l\u00e0m n\u1ed5i b\u1eadt v\u1ecb t\u01b0\u01a1i c\u1ee7a tr\u00e1i c\u00e2y m\u00e0 kh\u00f4ng \u00e1t \u0111i \u0111\u1ed9 thanh c\u1ee7a s\u1eefa chua. S\u1ef1 k\u1ebft h\u1ee3p gi\u1eefa hai nh\u00f3m h\u01b0\u01a1ng \u2013\u00a0<strong data-start=\"1084\" data-end=\"1113\">nhi\u1ec7t \u0111\u1edbi v\u00e0 r\u1eebng ch\u00e2u \u00c2u<\/strong>\u00a0\u2013 khi\u1ebfn m\u1ed7i mu\u1ed7ng tr\u1edf th\u00e0nh m\u1ed9t h\u00e0nh tr\u00ecnh nh\u1ecf c\u1ee7a v\u1ecb gi\u00e1c.<\/p>\n<p data-start=\"894\" data-end=\"1173\"><img fetchpriority=\"high\" decoding=\"async\" class=\"aligncenter wp-image-42932\" src=\"https:\/\/havamall.com\/wp-content\/uploads\/2025\/10\/515040580_122127503714814850_2268213486599413177_n.jpg\" alt=\"\" width=\"801\" height=\"801\" srcset=\"https:\/\/havamall.com\/wp-content\/uploads\/2025\/10\/515040580_122127503714814850_2268213486599413177_n.jpg 2048w, https:\/\/havamall.com\/wp-content\/uploads\/2025\/10\/515040580_122127503714814850_2268213486599413177_n-150x150.jpg 150w, https:\/\/havamall.com\/wp-content\/uploads\/2025\/10\/515040580_122127503714814850_2268213486599413177_n-12x12.jpg 12w, https:\/\/havamall.com\/wp-content\/uploads\/2025\/10\/515040580_122127503714814850_2268213486599413177_n-600x600.jpg 600w, https:\/\/havamall.com\/wp-content\/uploads\/2025\/10\/515040580_122127503714814850_2268213486599413177_n-1200x1200.jpg 1200w\" sizes=\"(max-width: 801px) 100vw, 801px\" \/><\/p>\n<p data-start=\"1175\" data-end=\"1429\">N\u1ebfu h\u01b0\u01a1ng\u00a0<strong data-start=\"1185\" data-end=\"1198\">xo\u00e0i &amp; m\u01a1<\/strong>\u00a0l\u00e0 b\u1ea3n giao h\u01b0\u1edfng c\u1ee7a n\u1eafng \u1ea5m v\u00e0 ng\u1ecdt ng\u00e0o, th\u00ec\u00a0<strong data-start=\"1247\" data-end=\"1259\">qu\u1ea3 m\u1ecdng<\/strong>\u00a0l\u1ea1i mang s\u1eafc th\u00e1i d\u1ecbu m\u00e1t v\u00e0 thanh khi\u1ebft c\u1ee7a r\u1eebng xanh. Hai h\u01b0\u01a1ng v\u1ecb \u0111\u1ed1i l\u1eadp \u1ea5y c\u00f9ng t\u1ed3n t\u1ea1i trong b\u1ed9 \u0111\u00f4i Fruttis, \u0111em l\u1ea1i tr\u1ea3i nghi\u1ec7m phong ph\u00fa v\u00e0 c\u00e2n b\u1eb1ng \u0111\u1ebfn b\u1ea5t ng\u1edd.<\/p>\n<p data-start=\"1175\" data-end=\"1429\"><img decoding=\"async\" class=\"aligncenter wp-image-42934\" src=\"https:\/\/havamall.com\/wp-content\/uploads\/2025\/10\/front_ru.3.full_-scaled.jpg\" alt=\"\" width=\"801\" height=\"1332\" srcset=\"https:\/\/havamall.com\/wp-content\/uploads\/2025\/10\/front_ru.3.full_-scaled.jpg 1539w, https:\/\/havamall.com\/wp-content\/uploads\/2025\/10\/front_ru.3.full_-1231x2048.jpg 1231w, https:\/\/havamall.com\/wp-content\/uploads\/2025\/10\/front_ru.3.full_-7x12.jpg 7w, https:\/\/havamall.com\/wp-content\/uploads\/2025\/10\/front_ru.3.full_-600x998.jpg 600w, https:\/\/havamall.com\/wp-content\/uploads\/2025\/10\/front_ru.3.full_-1200x1997.jpg 1200w, https:\/\/havamall.com\/wp-content\/uploads\/2025\/10\/front_ru.3.full_-150x250.jpg 150w\" sizes=\"(max-width: 801px) 100vw, 801px\" \/><\/p>\n<p data-start=\"1431\" data-end=\"1685\">H\u01b0\u01a1ng\u00a0<strong data-start=\"1437\" data-end=\"1450\">xo\u00e0i &amp; m\u01a1<\/strong>\u00a0m\u1edf ra b\u1eb1ng s\u1eafc v\u00e0ng r\u1ef1c r\u1ee1, n\u01a1i v\u1ecb xo\u00e0i ch\u00edn len l\u1ecfi, lan nh\u1eb9 trong n\u1ec1n s\u1eefa chua m\u1ecbn. M\u01a1 chua thanh l\u00e0m d\u1ecbu v\u1ecb ng\u1ecdt, \u0111\u1ec3 l\u1ea1i h\u1eadu v\u1ecb tr\u00f2n tr\u1ecba, m\u1ec1m m\u1ea1i. M\u1ed7i mu\u1ed7ng l\u00e0 ch\u00fat t\u01b0\u01a1i m\u00e1t c\u1ee7a ng\u00e0y h\u00e8 \u0111\u01b0\u1ee3c g\u00f3i g\u1ecdn, khi\u1ebfn v\u1ecb gi\u00e1c nh\u01b0 b\u1eebng s\u00e1ng.<\/p>\n<p data-start=\"1431\" data-end=\"1685\"><img decoding=\"async\" class=\"aligncenter wp-image-42935\" src=\"https:\/\/havamall.com\/wp-content\/uploads\/2025\/10\/489911194_122110838342814850_1007453716795828216_n.jpg\" alt=\"\" width=\"800\" height=\"800\" srcset=\"https:\/\/havamall.com\/wp-content\/uploads\/2025\/10\/489911194_122110838342814850_1007453716795828216_n.jpg 2048w, https:\/\/havamall.com\/wp-content\/uploads\/2025\/10\/489911194_122110838342814850_1007453716795828216_n-150x150.jpg 150w, https:\/\/havamall.com\/wp-content\/uploads\/2025\/10\/489911194_122110838342814850_1007453716795828216_n-12x12.jpg 12w, https:\/\/havamall.com\/wp-content\/uploads\/2025\/10\/489911194_122110838342814850_1007453716795828216_n-600x600.jpg 600w, https:\/\/havamall.com\/wp-content\/uploads\/2025\/10\/489911194_122110838342814850_1007453716795828216_n-1200x1200.jpg 1200w\" sizes=\"(max-width: 800px) 100vw, 800px\" \/><\/p>\n<p data-start=\"1687\" data-end=\"1974\">Tr\u00e1i l\u1ea1i,\u00a0<strong data-start=\"1697\" data-end=\"1715\">h\u01b0\u01a1ng qu\u1ea3 m\u1ecdng<\/strong>\u00a0l\u1ea1i mang h\u01a1i th\u1edf l\u00e0nh l\u1ea1nh c\u1ee7a mi\u1ec1n \u00f4n \u0111\u1edbi. M\u00e2m x\u00f4i \u0111\u1ecf v\u00e0 vi\u1ec7t qu\u1ea5t t\u00edm h\u00f2a quy\u1ec7n t\u1ea1o n\u00ean t\u1ea7ng v\u1ecb s\u00e2u v\u00e0 thanh, n\u01a1i v\u1ecb chua nh\u1eb9 quy\u1ec7n v\u1edbi v\u1ecb ng\u1ecdt v\u1eeba ph\u1ea3i. C\u1ea3m gi\u00e1c t\u01b0\u01a1i m\u1edbi lan t\u1ecfa, \u0111\u1ec3 l\u1ea1i h\u01b0\u01a1ng th\u01a1m ph\u1ea3ng ph\u1ea5t nh\u01b0 nh\u1eefng tr\u00e1i d\u1ea1i v\u1eeba h\u00e1i gi\u1eefa r\u1eebng s\u00e1ng s\u1edbm.<\/p>\n<p data-start=\"1687\" data-end=\"1974\"><img loading=\"lazy\" decoding=\"async\" class=\"aligncenter wp-image-42933\" src=\"https:\/\/havamall.com\/wp-content\/uploads\/2025\/10\/361935676_17885880230888357_8841254056236818324_n.jpg\" alt=\"\" width=\"800\" height=\"800\" srcset=\"https:\/\/havamall.com\/wp-content\/uploads\/2025\/10\/361935676_17885880230888357_8841254056236818324_n.jpg 1439w, https:\/\/havamall.com\/wp-content\/uploads\/2025\/10\/361935676_17885880230888357_8841254056236818324_n-150x150.jpg 150w, https:\/\/havamall.com\/wp-content\/uploads\/2025\/10\/361935676_17885880230888357_8841254056236818324_n-12x12.jpg 12w, https:\/\/havamall.com\/wp-content\/uploads\/2025\/10\/361935676_17885880230888357_8841254056236818324_n-600x600.jpg 600w, https:\/\/havamall.com\/wp-content\/uploads\/2025\/10\/361935676_17885880230888357_8841254056236818324_n-1200x1200.jpg 1200w\" sizes=\"(max-width: 800px) 100vw, 800px\" \/><\/p>\n<p data-start=\"1976\" data-end=\"2246\">Fruttis 5% kh\u00f4ng ch\u1ec9 h\u1ea5p d\u1eabn \u1edf h\u01b0\u01a1ng v\u1ecb, m\u00e0 c\u00f2n \u1edf c\u1ea3m gi\u00e1c \u201cm\u1ec1m\u201d \u0111\u1eb7c tr\u01b0ng \u2013 kh\u00f4ng qu\u00e1 \u0111\u1eb7c, kh\u00f4ng qu\u00e1 l\u1ecfng, v\u1eeba v\u1eb7n \u0111\u1ec3 tan \u0111\u1ec1u tr\u00ean \u0111\u1ea7u l\u01b0\u1ee1i. C\u00f4ng ngh\u1ec7 l\u00ean men chu\u1ea9n ch\u00e2u \u00c2u gi\u00fap gi\u1eef nguy\u00ean men s\u1ed1ng t\u1ef1 nhi\u00ean, t\u1ed1t cho ti\u00eau h\u00f3a v\u00e0 t\u1ea1o c\u1ea3m gi\u00e1c d\u1ec5 ch\u1ecbu sau khi th\u01b0\u1edfng th\u1ee9c.<\/p>\n<p data-start=\"2248\" data-end=\"2520\">M\u1ed9t m\u00f3n \u0103n nh\u1ecf nh\u01b0ng mang theo s\u1ef1 ch\u1ec9n chu trong t\u1eebng chi ti\u1ebft, Fruttis 5% th\u1ec3 hi\u1ec7n tinh th\u1ea7n tinh t\u1ebf \u0111\u1eb7c tr\u01b0ng c\u1ee7a Campina \u2013 nh\u1eb9 nh\u00e0ng, c\u00e2n b\u1eb1ng v\u00e0 lu\u00f4n t\u01b0\u01a1i m\u1edbi.<br data-start=\"2411\" data-end=\"2414\" \/><strong data-start=\"2414\" data-end=\"2520\">S\u1eefa Chua Tr\u00e1i C\u00e2y Nh\u1eadp Kh\u1ea9u Campina Fruttis 5% \u2013 Xo\u00e0i &amp; M\u01a1 \/ Qu\u1ea3 M\u1ecdng hi\u1ec7n \u0111ang \u0111\u01b0\u1ee3c b\u00e1n t\u1ea1i Havamall.<\/strong><\/p>","protected":false},"excerpt":{"rendered":"<p>TH\u00d4NG TIN S\u1ea2N PH\u1ea8M Th\u01b0\u01a1ng hi\u1ec7u Fruttis Xu\u1ea5t x\u1ee9 Nga Th\u00e0nh ph\u1ea7n S\u1eefa, protein s\u1eefa, ch\u1ea5t l\u00e0m \u0111\u1ea7y, vitamin, lactose,\u2026<\/p>","protected":false},"featured_media":43195,"comment_status":"open","ping_status":"closed","template":"","meta":[],"product_brand":[],"product_cat":[729,135],"product_tag":[],"class_list":{"0":"post-42929","1":"product","2":"type-product","3":"status-publish","4":"has-post-thumbnail","6":"product_cat-nhap-khau-nga","7":"product_cat-sua-do-uong","9":"first","10":"instock","11":"sale","12":"shipping-taxable","13":"purchasable","14":"product-type-variable"},"_links":{"self":[{"href":"https:\/\/havamall.com\/en\/wp-json\/wp\/v2\/product\/42929","targetHints":{"allow":["GET"]}}],"collection":[{"href":"https:\/\/havamall.com\/en\/wp-json\/wp\/v2\/product"}],"about":[{"href":"https:\/\/havamall.com\/en\/wp-json\/wp\/v2\/types\/product"}],"replies":[{"embeddable":true,"href":"https:\/\/havamall.com\/en\/wp-json\/wp\/v2\/comments?post=42929"}],"version-history":[{"count":0,"href":"https:\/\/havamall.com\/en\/wp-json\/wp\/v2\/product\/42929\/revisions"}],"wp:featuredmedia":[{"embeddable":true,"href":"https:\/\/havamall.com\/en\/wp-json\/wp\/v2\/media\/43195"}],"wp:attachment":[{"href":"https:\/\/havamall.com\/en\/wp-json\/wp\/v2\/media?parent=42929"}],"wp:term":[{"taxonomy":"product_brand","embeddable":true,"href":"https:\/\/havamall.com\/en\/wp-json\/wp\/v2\/product_brand?post=42929"},{"taxonomy":"product_cat","embeddable":true,"href":"https:\/\/havamall.com\/en\/wp-json\/wp\/v2\/product_cat?post=42929"},{"taxonomy":"product_tag","embeddable":true,"href":"https:\/\/havamall.com\/en\/wp-json\/wp\/v2\/product_tag?post=42929"}],"curies":[{"name":"wp","href":"https:\/\/api.w.org\/{rel}","templated":true}]}}