{"id":42938,"date":"2025-10-23T13:09:03","date_gmt":"2025-10-23T06:09:03","guid":{"rendered":"https:\/\/havamall.com\/?post_type=product&#038;p=42938"},"modified":"2025-10-23T13:09:10","modified_gmt":"2025-10-23T06:09:10","slug":"hoa-tuoi-trang-tri-mon-an-20g-edible-flowers-mix","status":"publish","type":"product","link":"https:\/\/havamall.com\/en\/shop\/hoa-tuoi-trang-tri-mon-an-20g-edible-flowers-mix\/","title":{"rendered":"Hoa T\u01b0\u01a1i Trang Tr\u00ed M\u00f3n \u0102n 20g \u2013 Edible Flowers Mix"},"content":{"rendered":"<p data-start=\"729\" data-end=\"1248\">T\u1eeb c\u00e1c nh\u00e0 h\u00e0ng cao c\u1ea5p \u1edf ch\u00e2u \u00c2u, c\u00e1c qu\u00e1n c\u00e0 ph\u00ea mang phong c\u00e1ch fusion cho \u0111\u1ebfn b\u00e0n \u0103n gia \u0111\u00ecnh hi\u1ec7n \u0111\u1ea1i, vi\u1ec7c \u0111i\u1ec3m v\u00e0i b\u00f4ng hoa t\u01b0\u01a1i l\u00ean m\u00f3n \u0103n kh\u00f4ng ch\u1ec9 khi\u1ebfn b\u1eefa \u0103n th\u00eam h\u1ea5p d\u1eabn m\u00e0 c\u00f2n th\u1ec3 hi\u1ec7n tinh th\u1ea7n tr\u00e2n tr\u1ecdng thi\u00ean nhi\u00ean.\u00a0<strong data-start=\"1027\" data-end=\"1053\">Edible Flowers Mix 20g<\/strong>\u00a0\u0111\u01b0\u1ee3c t\u1ea1o ra t\u1eeb ch\u00ednh c\u1ea3m h\u1ee9ng \u1ea5y \u2013 m\u1ed9t h\u1ed9p hoa t\u01b0\u01a1i, \u0111\u1ee7 m\u00e0u s\u1eafc, \u0111\u1ee7 h\u01b0\u01a1ng v\u1ecb, \u0111\u1ee7 an to\u00e0n \u0111\u1ec3 d\u00f9ng trong th\u1ef1c ph\u1ea9m, gi\u00fap m\u1ecdi m\u00f3n \u0103n tr\u1edf n\u00ean tinh t\u1ebf h\u01a1n m\u00e0 v\u1eabn gi\u1eef \u0111\u01b0\u1ee3c t\u00ednh t\u1ef1 nhi\u00ean thu\u1ea7n khi\u1ebft.<\/p>\n<p data-start=\"729\" data-end=\"1248\"><img fetchpriority=\"high\" decoding=\"async\" class=\"aligncenter\" src=\"https:\/\/laespanolaoliveoil.com\/wp-content\/uploads\/2024\/10\/eating-flowers-5-ways-to-incorporate-flowers-into-your-cuisine.jpg.webp\" alt=\"Eating Flowers: 5 Ways to Incorporate Flowers into Your Cuisine - La  Espa\u00f1ola Olive Oil\" width=\"801\" height=\"507\" \/><\/p>\n<p data-start=\"1250\" data-end=\"1876\">H\u1ed9p hoa g\u1ed3m nhi\u1ec1u lo\u1ea1i \u0111\u01b0\u1ee3c ch\u1ecdn l\u1ecdc k\u1ef9 l\u01b0\u1ee1ng \u2013\u00a0<strong data-start=\"1298\" data-end=\"1387\">pansy, c\u00fac tr\u1eafng, nasturtium, phlox, d\u1ec1n, hoa th\u00ec l\u00e0, c\u00f9ng v\u00e0i lo\u1ea1i hoa \u0111\u1ed3ng n\u1ed9i kh\u00e1c<\/strong>. M\u1ed7i lo\u00e0i hoa mang m\u1ed9t m\u00e0u s\u1eafc v\u00e0 h\u01b0\u01a1ng th\u01a1m ri\u00eang:<br data-start=\"1439\" data-end=\"1442\" \/>\u2013\u00a0<strong data-start=\"1444\" data-end=\"1453\">Pansy<\/strong>\u00a0m\u1ec1m m\u1ea1i, c\u00e1nh m\u1ecfng, v\u1ecb thanh ng\u1ecdt nh\u1eb9, th\u01b0\u1eddng d\u00f9ng \u0111\u1ec3 t\u00f4 \u0111i\u1ec3m c\u00e1c m\u00f3n tr\u00e1ng mi\u1ec7ng ho\u1eb7c salad.<br data-start=\"1547\" data-end=\"1550\" \/>\u2013\u00a0<strong data-start=\"1552\" data-end=\"1566\">Nasturtium<\/strong>\u00a0r\u1ef1c cam, \u0111i\u1ec3m ch\u00fat cay nh\u1eb9, t\u1ea1o n\u00ean s\u1ef1 t\u01b0\u01a1ng ph\u1ea3n th\u00fa v\u1ecb cho m\u00f3n m\u1eb7n.<br data-start=\"1636\" data-end=\"1639\" \/>\u2013\u00a0<strong data-start=\"1641\" data-end=\"1658\">Hoa c\u00fac tr\u1eafng<\/strong>\u00a0\u0111em l\u1ea1i h\u01b0\u01a1ng t\u01b0\u01a1i m\u00e1t, \u0111\u01b0\u1ee3c nhi\u1ec1u \u0111\u1ea7u b\u1ebfp \u01b0a chu\u1ed9ng khi k\u1ebft h\u1ee3p v\u1edbi c\u00e1c m\u00f3n h\u1ea3i s\u1ea3n ho\u1eb7c cocktail tr\u00e1i c\u00e2y.<br data-start=\"1767\" data-end=\"1770\" \/>\u2013\u00a0<strong data-start=\"1772\" data-end=\"1795\">Phlox t\u00edm v\u00e0 d\u1ec1n \u0111\u1ecf<\/strong>\u00a0mang s\u1eafc m\u00e0u \u0111\u1eadm \u0111\u00e0, gi\u00fap m\u00f3n \u0103n tr\u1edf n\u00ean n\u1ed5i b\u1eadt v\u00e0 c\u00f3 chi\u1ec1u s\u00e2u th\u1ecb gi\u00e1c h\u01a1n.<\/p>\n<p data-start=\"1250\" data-end=\"1876\"><img decoding=\"async\" class=\"aligncenter\" src=\"https:\/\/static1.squarespace.com\/static\/62b4a43fac82787e666a09b0\/65ef375427b8e45dcf539714\/67a481103b7dd16e2138ee8f\/1743412493864\/edible+flowers+1.jpg?format=1500w\" alt=\"13 Edible Flowers To Try This Year \u2014 Waverly Flower Co.\" width=\"800\" height=\"1066\" \/><\/p>\n<p data-start=\"1878\" data-end=\"2275\">T\u1ea5t c\u1ea3 \u0111\u01b0\u1ee3c thu ho\u1ea1ch t\u1eeb c\u00e1c n\u00f4ng tr\u1ea1i \u0111\u1ea1t\u00a0<strong data-start=\"1921\" data-end=\"1952\">ch\u1ee9ng nh\u1eadn VietGAP v\u00e0 HACCP<\/strong>, n\u01a1i c\u00e2y tr\u1ed3ng \u0111\u01b0\u1ee3c ch\u0103m s\u00f3c theo quy tr\u00ecnh h\u1eefu c\u01a1, kh\u00f4ng s\u1eed d\u1ee5ng thu\u1ed1c h\u00f3a h\u1ecdc. M\u1ed7i b\u00f4ng hoa sau khi h\u00e1i \u0111\u1ec1u \u0111\u01b0\u1ee3c\u00a0<strong data-start=\"2068\" data-end=\"2121\">l\u00e0m s\u1ea1ch, ch\u1ecdn l\u1ecdc, \u0111\u00f3ng g\u00f3i l\u1ea1nh ngay trong ng\u00e0y<\/strong>, gi\u1eef nguy\u00ean \u0111\u1ed9 t\u01b0\u01a1i v\u00e0 c\u1ea5u tr\u00fac t\u1ef1 nhi\u00ean. Ch\u00ednh v\u00ec v\u1eady, khi m\u1edf h\u1ed9p, v\u1eabn c\u1ea3m nh\u1eadn \u0111\u01b0\u1ee3c\u00a0<strong data-start=\"2208\" data-end=\"2272\">s\u1ef1 m\u01b0\u1edbt m\u00e1t v\u00e0 h\u01b0\u01a1ng d\u1ecbu t\u1ef1 nhi\u00ean nh\u01b0 v\u1eeba \u0111\u01b0\u1ee3c h\u00e1i tr\u00ean v\u01b0\u1eddn<\/strong>.<\/p>\n<p data-start=\"1878\" data-end=\"2275\"><img decoding=\"async\" class=\"aligncenter\" src=\"https:\/\/havamall.com\/wp-content\/uploads\/2025\/10\/Edible_Flowers_to_Plant_in_Your_Garden.jpg\" alt=\"20 + Edible Flowers to Grow from Seed in Your Garden \u2013 Sow Right Seeds\" width=\"802\" height=\"535\" \/><\/p>\n<p data-start=\"2277\" data-end=\"2739\">\u0110i\u1ec1u l\u00e0m n\u00ean gi\u00e1 tr\u1ecb \u0111\u1eb7c bi\u1ec7t c\u1ee7a hoa t\u01b0\u01a1i trang tr\u00ed m\u00f3n \u0103n kh\u00f4ng ch\u1ec9 \u1edf h\u00ecnh th\u1ee9c, m\u00e0 c\u00f2n \u1edf\u00a0<strong data-start=\"2369\" data-end=\"2424\">t\u00e1c \u0111\u1ed9ng t\u00edch c\u1ef1c \u0111\u1ebfn c\u1ea3m nh\u1eadn v\u1ecb gi\u00e1c v\u00e0 tinh th\u1ea7n<\/strong>. M\u1ed9t chi\u1ebfc b\u00e1nh mousse ph\u1ee7 l\u1edbp hoa pansy t\u00edm nh\u1ea1t tr\u1edf n\u00ean tao nh\u00e3 h\u01a1n. M\u1ed9t \u0111\u0129a salad xanh xen v\u00e0i c\u00e1nh hoa nasturtium b\u1ed7ng tr\u00e0n \u0111\u1ea7y n\u0103ng l\u01b0\u1ee3ng. M\u1ed9t ly cocktail trong tr\u1ebbo \u0111i\u1ec3m ch\u00fat hoa c\u00fac nh\u1ecf khi\u1ebfn th\u1ef1c kh\u00e1ch nh\u1edb m\u00e3i. M\u1ed7i b\u00f4ng hoa nh\u01b0 th\u1ed5i h\u1ed3n v\u00e0o m\u00f3n \u0103n, kh\u01a1i g\u1ee3i c\u1ea3m h\u1ee9ng s\u00e1ng t\u1ea1o v\u00e0 ni\u1ec1m vui khi th\u01b0\u1edfng th\u1ee9c.<\/p>\n<p data-start=\"2277\" data-end=\"2739\"><img loading=\"lazy\" decoding=\"async\" class=\"aligncenter\" src=\"https:\/\/plus.unsplash.com\/premium_photo-1663099788093-1126766f624a?fm=jpg&amp;q=60&amp;w=3000&amp;ixlib=rb-4.1.0&amp;ixid=M3wxMjA3fDB8MHxwaG90by1wYWdlfHx8fGVufDB8fHx8fA%3D%3D\" alt=\"A top view of selection of colorful and delicious cake desserts in box on  table. photo \u2013 Forest Image on Unsplash\" width=\"802\" height=\"519\" \/><\/p>\n<p data-start=\"3150\" data-end=\"3489\">Hoa c\u00f3 th\u1ec3\u00a0<strong data-start=\"3194\" data-end=\"3268\">d\u00f9ng tr\u1ef1c ti\u1ebfp tr\u00ean b\u00e1nh ng\u1ecdt, salad, kem l\u1ea1nh, m\u00f3n m\u1eb7n ho\u1eb7c n\u01b0\u1edbc u\u1ed1ng<\/strong>, ch\u1ec9 c\u1ea7n r\u1eeda nh\u1eb9 b\u1eb1ng n\u01b0\u1edbc l\u1ea1nh tr\u01b0\u1edbc khi d\u00f9ng. \u0110\u1ed1i v\u1edbi nh\u1eefng ai y\u00eau th\u00edch s\u00e1ng t\u1ea1o, v\u00e0i c\u00e1nh hoa c\u00f2n c\u00f3 th\u1ec3 \u0111\u01b0\u1ee3c\u00a0<strong data-start=\"3383\" data-end=\"3440\">\u00e9p kh\u00f4 \u0111\u1ec3 trang tr\u00ed \u0111\u0129a ho\u1eb7c l\u00e0m topping cho cocktail<\/strong>, gi\u00fap m\u00f3n \u0103n c\u00f3 chi\u1ec1u s\u00e2u th\u1ea9m m\u1ef9 l\u00e2u b\u1ec1n h\u01a1n.<\/p>\n<p data-start=\"3150\" data-end=\"3489\"><img loading=\"lazy\" decoding=\"async\" class=\"aligncenter\" src=\"https:\/\/havamall.com\/wp-content\/uploads\/2025\/10\/71376-00-BAKI.jpg\" alt=\"Edible Flowers Mix\" width=\"801\" height=\"801\" \/><\/p>\n<p data-start=\"3491\" data-end=\"3964\">Trong h\u1ed9p nh\u1ecf 20g l\u00e0 c\u1ea3 m\u1ed9t khu v\u01b0\u1eddn thu nh\u1ecf \u2013 n\u01a1i m\u00e0u t\u00edm, v\u00e0ng, \u0111\u1ecf, cam h\u00f2a quy\u1ec7n v\u1edbi h\u01b0\u01a1ng th\u01a1m d\u1ecbu m\u00e1t. M\u1ed7i l\u1ea7n m\u1edf h\u1ed9p l\u00e0 m\u1ed9t tr\u1ea3i nghi\u1ec7m th\u1ecb gi\u00e1c v\u00e0 kh\u1ee9u gi\u00e1c \u0111\u1ea7y t\u01b0\u01a1i m\u1edbi, nh\u01b0 th\u1ec3 m\u00f9a xu\u00e2n \u0111ang gh\u00e9 qua b\u00e0n \u0103n. S\u1ef1 k\u1ebft h\u1ee3p gi\u1eefa y\u1ebfu t\u1ed1 ngh\u1ec7 thu\u1eadt, thi\u00ean nhi\u00ean v\u00e0 an to\u00e0n th\u1ef1c ph\u1ea9m khi\u1ebfn\u00a0<strong data-start=\"3781\" data-end=\"3831\">Hoa T\u01b0\u01a1i Trang Tr\u00ed M\u00f3n \u0102n \u2013 Edible Flowers Mix<\/strong>\u00a0tr\u1edf th\u00e0nh l\u1ef1a ch\u1ecdn tinh t\u1ebf cho nh\u1eefng ai y\u00eau c\u00e1i \u0111\u1eb9p trong \u1ea9m th\u1ef1c v\u00e0 mong mu\u1ed1n mang s\u1ef1 thanh l\u00e0nh c\u1ee7a thi\u00ean nhi\u00ean v\u00e0o t\u1eebng m\u00f3n \u0103n.<\/p>\n<p data-start=\"3966\" data-end=\"4053\"><strong data-start=\"3966\" data-end=\"4053\">Hoa T\u01b0\u01a1i Trang Tr\u00ed M\u00f3n \u0102n 20g \u2013 Edible Flowers Mix hi\u1ec7n \u0111ang \u0111\u01b0\u1ee3c b\u00e1n t\u1ea1i Havamall.<\/strong><\/p>","protected":false},"excerpt":{"rendered":"<p><em><strong>L\u01afU \u00dd<\/strong><\/em>: <strong><span style=\"font-size: 18pt\">\u0110\u00c2Y L\u00c0 HOA T\u01af\u01a0I<\/span> <span style=\"font-size: 18pt\">&#8211;<\/span><span style=\"font-size: 18pt\"> CH\u1ec8 NH\u1eacN GIAO N\u1ed8I TH\u00c0NH H\u1ed2 CH\u00cd MINH<\/span><\/strong><\/p>\n<p><span style=\"font-family: 'times new roman', times, serif\"><em><strong><span style=\"font-size: 14pt\">S\u1ea3n ph\u1ea9m c\u00f3 gi\u1ea5y ki\u1ec3m \u0111\u1ecbnh ho\u1eb7c gi\u1ea5y Vietgap, ch\u1ee9ng nh\u1eadn Haccap.<\/span><\/strong><\/em><\/span><\/p>","protected":false},"featured_media":42940,"comment_status":"open","ping_status":"closed","template":"","meta":[],"product_brand":[],"product_cat":[730,394],"product_tag":[],"class_list":{"0":"post-42938","1":"product","2":"type-product","3":"status-publish","4":"has-post-thumbnail","6":"product_cat-cac-nuoc-khac","7":"product_cat-trang-tri-nha-cua","9":"first","10":"instock","11":"sale","12":"shipping-taxable","13":"purchasable","14":"product-type-simple"},"_links":{"self":[{"href":"https:\/\/havamall.com\/en\/wp-json\/wp\/v2\/product\/42938","targetHints":{"allow":["GET"]}}],"collection":[{"href":"https:\/\/havamall.com\/en\/wp-json\/wp\/v2\/product"}],"about":[{"href":"https:\/\/havamall.com\/en\/wp-json\/wp\/v2\/types\/product"}],"replies":[{"embeddable":true,"href":"https:\/\/havamall.com\/en\/wp-json\/wp\/v2\/comments?post=42938"}],"version-history":[{"count":0,"href":"https:\/\/havamall.com\/en\/wp-json\/wp\/v2\/product\/42938\/revisions"}],"wp:featuredmedia":[{"embeddable":true,"href":"https:\/\/havamall.com\/en\/wp-json\/wp\/v2\/media\/42940"}],"wp:attachment":[{"href":"https:\/\/havamall.com\/en\/wp-json\/wp\/v2\/media?parent=42938"}],"wp:term":[{"taxonomy":"product_brand","embeddable":true,"href":"https:\/\/havamall.com\/en\/wp-json\/wp\/v2\/product_brand?post=42938"},{"taxonomy":"product_cat","embeddable":true,"href":"https:\/\/havamall.com\/en\/wp-json\/wp\/v2\/product_cat?post=42938"},{"taxonomy":"product_tag","embeddable":true,"href":"https:\/\/havamall.com\/en\/wp-json\/wp\/v2\/product_tag?post=42938"}],"curies":[{"name":"wp","href":"https:\/\/api.w.org\/{rel}","templated":true}]}}