{"id":42996,"date":"2025-10-28T13:14:29","date_gmt":"2025-10-28T06:14:29","guid":{"rendered":"https:\/\/havamall.com\/?post_type=product&#038;p=42996"},"modified":"2025-10-28T14:01:14","modified_gmt":"2025-10-28T07:01:14","slug":"hat-nem-ga-youki-nhat-ban-500g-youki-chinese-chicken-stock-granule","status":"publish","type":"product","link":"https:\/\/havamall.com\/en\/shop\/hat-nem-ga-youki-nhat-ban-500g-youki-chinese-chicken-stock-granule\/","title":{"rendered":"H\u1ea1t N\u00eam G\u00e0 Youki Nh\u1eadt B\u1ea3n 500g \u2013 Youki Chinese Chicken Stock (Granule)"},"content":{"rendered":"<blockquote>\n<h2><em><strong>TH\u00d4NG TIN CHUNG<\/strong><\/em><\/h2>\n<\/blockquote>\n<table style=\"width: 48.0056%;height: 127px\">\n<tbody>\n<tr>\n<td><b>Th\u01b0\u01a1ng hi\u1ec7u<\/b><\/td>\n<td>Youki<\/td>\n<\/tr>\n<tr>\n<td><b>Xu\u1ea5t x\u1ee9<\/b><\/td>\n<td>Nh\u1eadt B\u1ea3n<\/td>\n<\/tr>\n<tr>\n<td><b>Th\u00e0nh ph\u1ea7n<\/b><\/td>\n<td>Xem tr\u1ef1c ti\u1ebfp tr\u00ean bao b\u00ec<\/td>\n<\/tr>\n<tr>\n<td><b>H\u1ea1n s\u1eed d\u1ee5ng<\/b><\/td>\n<td>Xem tr\u1ef1c ti\u1ebfp tr\u00ean bao b\u00ec<\/td>\n<\/tr>\n<tr>\n<td><b>B\u1ea3o qu\u1ea3n<\/b><\/td>\n<td>B\u1ea3o qu\u1ea3n n\u01a1i kh\u00f4 r\u00e1o, tho\u00e1ng m\u00e1t<\/td>\n<\/tr>\n<tr>\n<td><b>Kh\u1ed1i l\u01b0\u1ee3ng<\/b><\/td>\n<td>500g<\/td>\n<\/tr>\n<\/tbody>\n<\/table>\n<p data-start=\"457\" data-end=\"786\">H\u1ea1t n\u00eam g\u00e0 Youki \u0111\u01b0\u1ee3c s\u1ea3n xu\u1ea5t theo c\u00f4ng th\u1ee9c mang \u0111\u1eadm phong v\u1ecb \u1ea9m th\u1ef1c Hoa, v\u1edbi chi\u1ebft xu\u1ea5t c\u00f4 \u0111\u1eb7c t\u1eeb th\u1ecbt g\u00e0 h\u1ea7m k\u1ef9, k\u1ebft h\u1ee3p rau c\u1ee7 v\u00e0 gia v\u1ecb t\u1ef1 nhi\u00ean, t\u1ea1o n\u00ean l\u1edbp v\u1ecb ng\u1ecdt h\u1eadu tinh t\u1ebf v\u00e0 h\u01b0\u01a1ng th\u01a1m nh\u1eb9 nh\u00e0ng. M\u1ed7i h\u1ea1t n\u00eam nh\u1ecf ch\u1ee9a tr\u1ecdn ph\u1ea7n \u201cumami\u201d \u2013 th\u1ee9 v\u1ecb \u0111\u1eadm s\u00e2u, kh\u00f3 g\u1ecdi t\u00ean nh\u01b0ng khi\u1ebfn m\u00f3n \u0103n tr\u1edf n\u00ean tr\u00f2n tr\u1ecba v\u00e0 h\u00e0i h\u00f2a.<\/p>\n<p data-start=\"457\" data-end=\"786\"><img fetchpriority=\"high\" decoding=\"async\" class=\"aligncenter wp-image-42998\" src=\"https:\/\/havamall.com\/wp-content\/uploads\/2025\/10\/363318326-3276004746023512-1925597985217567406-n-1690876017377.jpg\" alt=\"\" width=\"800\" height=\"1067\" srcset=\"https:\/\/havamall.com\/wp-content\/uploads\/2025\/10\/363318326-3276004746023512-1925597985217567406-n-1690876017377.jpg 720w, https:\/\/havamall.com\/wp-content\/uploads\/2025\/10\/363318326-3276004746023512-1925597985217567406-n-1690876017377-9x12.jpg 9w, https:\/\/havamall.com\/wp-content\/uploads\/2025\/10\/363318326-3276004746023512-1925597985217567406-n-1690876017377-600x800.jpg 600w, https:\/\/havamall.com\/wp-content\/uploads\/2025\/10\/363318326-3276004746023512-1925597985217567406-n-1690876017377-150x200.jpg 150w\" sizes=\"(max-width: 800px) 100vw, 800px\" \/><\/p>\n<p data-start=\"788\" data-end=\"1186\">C\u1ea5u tr\u00fac h\u1ea1t m\u1ecbn, d\u1ec5 tan trong n\u01b0\u1edbc ch\u00ednh l\u00e0 \u01b0u \u0111i\u1ec3m khi\u1ebfn Youki \u0111\u01b0\u1ee3c \u01b0a chu\u1ed9ng trong c\u00e1c gian b\u1ebfp chuy\u00ean nghi\u1ec7p t\u1ea1i Nh\u1eadt B\u1ea3n. Khi pha lo\u00e3ng, h\u1ea1t n\u00eam h\u00f2a tan nhanh, kh\u00f4ng \u0111\u1ec3 l\u1ea1i c\u1eb7n v\u00e0 t\u1ea1o n\u00ean n\u01b0\u1edbc d\u00f9ng trong, thanh, nh\u01b0ng v\u1eabn \u0111\u1ee7 \u0111\u1ed9 \u0111\u1eadm \u0111\u00e0 \u0111\u1ec3 l\u00e0m n\u1ec1n cho nhi\u1ec1u m\u00f3n \u0103n kh\u00e1c nhau. Kh\u00f4ng c\u1ea7n qua nhi\u1ec1u b\u01b0\u1edbc ch\u1ebf bi\u1ebfn c\u1ea7u k\u1ef3, ch\u1ec9 m\u1ed9t mu\u1ed7ng nh\u1ecf c\u0169ng \u0111\u1ee7 l\u00e0m d\u1eady h\u01b0\u01a1ng v\u1ecb cho n\u1ed3i canh ho\u1eb7c ph\u1ea7n n\u01b0\u1edbc s\u1ed1t.<\/p>\n<p data-start=\"788\" data-end=\"1186\"><img decoding=\"async\" class=\"aligncenter wp-image-42999\" src=\"https:\/\/havamall.com\/wp-content\/uploads\/2025\/10\/hat-nem-youki-hu-500g-202202220757594643.jpg\" alt=\"\" width=\"800\" height=\"600\" srcset=\"https:\/\/havamall.com\/wp-content\/uploads\/2025\/10\/hat-nem-youki-hu-500g-202202220757594643.jpg 1024w, https:\/\/havamall.com\/wp-content\/uploads\/2025\/10\/hat-nem-youki-hu-500g-202202220757594643-16x12.jpg 16w, https:\/\/havamall.com\/wp-content\/uploads\/2025\/10\/hat-nem-youki-hu-500g-202202220757594643-600x450.jpg 600w, https:\/\/havamall.com\/wp-content\/uploads\/2025\/10\/hat-nem-youki-hu-500g-202202220757594643-150x113.jpg 150w\" sizes=\"(max-width: 800px) 100vw, 800px\" \/><\/p>\n<p data-start=\"1188\" data-end=\"1504\">Kh\u00e1c v\u1edbi nhi\u1ec1u lo\u1ea1i h\u1ea1t n\u00eam th\u00f4ng th\u01b0\u1eddng c\u00f3 xu h\u01b0\u1edbng ng\u1ecdt g\u1eaft ho\u1eb7c \u0111\u1ec3 l\u1ea1i d\u01b0 v\u1ecb b\u1ed9t, Youki \u0111em \u0111\u1ebfn c\u1ea3m gi\u00e1c d\u1ecbu nh\u1eb9, r\u00f5 v\u1ecb g\u00e0 h\u1ea7m nh\u01b0ng kh\u00f4ng \u00e1t \u0111i m\u00f9i nguy\u00ean li\u1ec7u ch\u00ednh. Ch\u00ednh v\u00ec th\u1ebf, \u0111\u1ea7u b\u1ebfp th\u01b0\u1eddng ch\u1ecdn Youki khi c\u1ea7n t\u1ea1o n\u1ec1n v\u1ecb t\u1ef1 nhi\u00ean \u2013 v\u1eeba s\u00e2u, v\u1eeba thanh, mang \u0111\u1ed9 \u201c\u1ea5m\u201d \u0111\u1eb7c tr\u01b0ng c\u1ee7a n\u01b0\u1edbc lu\u1ed9c g\u00e0 truy\u1ec1n th\u1ed1ng.<\/p>\n<p data-start=\"1506\" data-end=\"2135\">T\u1eeb c\u0103n b\u1ebfp gia \u0111\u00ecnh \u0111\u1ebfn nh\u00e0 h\u00e0ng chuy\u00ean m\u00f3n \u00c1, Youki \u0111\u1ec1u ch\u1ee9ng minh \u0111\u01b0\u1ee3c t\u00ednh linh ho\u1ea1t trong s\u1eed d\u1ee5ng. Ch\u1ec9 c\u1ea7n \u0111i\u1ec1u ch\u1ec9nh li\u1ec1u l\u01b0\u1ee3ng, h\u01b0\u01a1ng v\u1ecb c\u00f3 th\u1ec3 bi\u1ebfn h\u00f3a ph\u00f9 h\u1ee3p cho t\u1eebng m\u00f3n:<br data-start=\"1686\" data-end=\"1689\" \/>\u2013 D\u00f9ng n\u1ea5u s\u00fap, canh rau c\u1ee7, canh rong bi\u1ec3n \u0111\u1ec3 t\u0103ng \u0111\u1ed9 ng\u1ecdt trong m\u00e0 kh\u00f4ng c\u1ea7n n\u01b0\u1edbc h\u1ea7m x\u01b0\u01a1ng.<br data-start=\"1783\" data-end=\"1786\" \/>\u2013 N\u00eam v\u00e0o c\u00e1c m\u00f3n x\u00e0o nh\u01b0 c\u1ea3i th\u00eca, n\u1ea5m h\u01b0\u01a1ng, mi\u1ebfn x\u00e0o, m\u00ec udon gi\u00fap m\u00f3n \u0103n d\u1eady h\u01b0\u01a1ng, \u0111\u1eadm \u0111\u00e0 m\u00e0 kh\u00f4ng c\u1ea7n th\u00eam nhi\u1ec1u mu\u1ed1i hay b\u1ed9t ng\u1ecdt.<br data-start=\"1923\" data-end=\"1926\" \/>\u2013 K\u1ebft h\u1ee3p trong c\u00e1c m\u00f3n c\u01a1m chi\u00ean, ch\u00e1o ho\u1eb7c h\u1ea7m, n\u01a1i c\u1ea7n n\u1ec1n v\u1ecb \u0111\u1eadm nh\u01b0ng v\u1eabn tinh t\u1ebf.<br data-start=\"2013\" data-end=\"2016\" \/>\u2013 C\u00f3 th\u1ec3 d\u00f9ng \u0111\u1ec3 \u01b0\u1edbp th\u1ecbt, h\u1ea3i s\u1ea3n tr\u01b0\u1edbc khi n\u1ea5u, gi\u00fap nguy\u00ean li\u1ec7u th\u1ea5m v\u1ecb g\u00e0 t\u1ef1 nhi\u00ean, m\u1ec1m v\u00e0 th\u01a1m h\u01a1n khi ch\u1ebf bi\u1ebfn.<\/p>\n<p data-start=\"1506\" data-end=\"2135\"><img decoding=\"async\" class=\"aligncenter wp-image-43000\" src=\"https:\/\/havamall.com\/wp-content\/uploads\/2025\/10\/4903024904957-4-1663037233955.png\" alt=\"\" width=\"800\" height=\"968\" srcset=\"https:\/\/havamall.com\/wp-content\/uploads\/2025\/10\/4903024904957-4-1663037233955.png 847w, https:\/\/havamall.com\/wp-content\/uploads\/2025\/10\/4903024904957-4-1663037233955-10x12.png 10w, https:\/\/havamall.com\/wp-content\/uploads\/2025\/10\/4903024904957-4-1663037233955-600x726.png 600w, https:\/\/havamall.com\/wp-content\/uploads\/2025\/10\/4903024904957-4-1663037233955-150x182.png 150w\" sizes=\"(max-width: 800px) 100vw, 800px\" \/><\/p>\n<p data-start=\"2137\" data-end=\"2544\">M\u1ed9t \u0111i\u1ec3m \u0111\u00e1ng ch\u00fa \u00fd l\u00e0 Youki kh\u00f4ng ch\u1ec9 \u0111\u00f3ng vai tr\u00f2 nh\u01b0 gia v\u1ecb m\u00e0 c\u00f2n l\u00e0 \u201cch\u1ea5t x\u00fac t\u00e1c\u201d gi\u00fap \u0111\u1ecbnh h\u00ecnh v\u1ecb umami cho to\u00e0n b\u1ed9 m\u00f3n \u0103n. Khi cho v\u00e0o n\u01b0\u1edbc s\u00f4i, h\u1ea1t n\u00eam tan ra, h\u01b0\u01a1ng g\u00e0 lan t\u1ecfa c\u00f9ng h\u01a1i n\u01b0\u1edbc, t\u1ea1o c\u1ea3m gi\u00e1c \u1ea5m \u00e1p v\u00e0 th\u00e2n thu\u1ed9c nh\u01b0 \u0111ang n\u1ea5u b\u1eb1ng n\u01b0\u1edbc d\u00f9ng h\u1ea7m th\u1eadt. V\u1edbi m\u00f3n chi\u00ean x\u00e0o, ch\u1ec9 c\u1ea7n r\u1eafc nh\u1eb9 tr\u01b0\u1edbc khi t\u1eaft b\u1ebfp, h\u01b0\u01a1ng th\u01a1m l\u1eadp t\u1ee9c d\u1eady l\u00ean, l\u00e0m m\u00f3n \u0103n th\u00eam h\u1ea5p d\u1eabn v\u00e0 c\u00e2n b\u1eb1ng v\u1ecb m\u1eb7n \u2013 ng\u1ecdt.<\/p>\n<p data-start=\"2546\" data-end=\"2861\">Nhi\u1ec1u \u0111\u1ea7u b\u1ebfp Nh\u1eadt nh\u1eadn x\u00e9t r\u1eb1ng Youki t\u1ea1o ra \u201cn\u1ec1n v\u1ecb trong su\u1ed1t\u201d, t\u1ee9c l\u00e0 kh\u00f4ng l\u00e0m m\u00f3n \u0103n tr\u1edf n\u00ean n\u1eb7ng n\u1ec1 m\u00e0 l\u1ea1i khi\u1ebfn t\u1eebng nguy\u00ean li\u1ec7u nh\u01b0 rau, n\u1ea5m, th\u1ecbt, h\u1ea3i s\u1ea3n tr\u1edf n\u00ean r\u00f5 r\u00e0ng h\u01a1n. \u0110\u00f3 l\u00e0 m\u1ed9t d\u1ea1ng \u201cv\u1ecb n\u1ec1n ho\u00e0n h\u1ea3o\u201d \u2013 ch\u1ec9 g\u00f3p ph\u1ea7n n\u00e2ng \u0111\u1ee1, kh\u00f4ng chi\u1ebfm spotlight, nh\u01b0ng n\u1ebfu thi\u1ebfu, m\u00f3n \u0103n s\u1ebd nh\u01b0 m\u1ea5t \u0111i linh h\u1ed3n.<\/p>\n<p data-start=\"2546\" data-end=\"2861\"><img loading=\"lazy\" decoding=\"async\" class=\"aligncenter wp-image-43001\" src=\"https:\/\/havamall.com\/wp-content\/uploads\/2025\/10\/youki-ga.webp\" alt=\"\" width=\"800\" height=\"532\" srcset=\"https:\/\/havamall.com\/wp-content\/uploads\/2025\/10\/youki-ga.webp 680w, https:\/\/havamall.com\/wp-content\/uploads\/2025\/10\/youki-ga-18x12.webp 18w, https:\/\/havamall.com\/wp-content\/uploads\/2025\/10\/youki-ga-600x399.webp 600w, https:\/\/havamall.com\/wp-content\/uploads\/2025\/10\/youki-ga-150x100.webp 150w\" sizes=\"(max-width: 800px) 100vw, 800px\" \/><\/p>\n<p data-start=\"3188\" data-end=\"3524\">T\u1eeb m\u00f3n s\u00fap \u0111\u01a1n gi\u1ea3n \u0111\u1ebfn m\u00f3n h\u1ea7m c\u00f4ng phu, Youki \u0111\u1ec1u \u0111\u1ea3m b\u1ea3o m\u1ed9t \u0111i\u1ec1u \u2013 v\u1ecb ng\u1ecdt \u0111\u1eadm nh\u01b0ng kh\u00f4ng n\u1eb7ng, h\u1eadu v\u1ecb thanh v\u00e0 t\u1ef1 nhi\u00ean. Ch\u00ednh s\u1ef1 tinh t\u1ebf \u1ea5y khi\u1ebfn h\u1ea1t n\u00eam g\u00e0 Youki tr\u1edf th\u00e0nh \u201cnguy\u00ean li\u1ec7u n\u1ec1n\u201d \u0111\u01b0\u1ee3c y\u00eau th\u00edch kh\u00f4ng ch\u1ec9 trong b\u1ebfp Nh\u1eadt, m\u00e0 c\u1ea3 nh\u1eefng gian b\u1ebfp hi\u1ec7n \u0111\u1ea1i n\u01a1i ng\u01b0\u1eddi ta tr\u00e2n tr\u1ecdng s\u1ef1 c\u00e2n b\u1eb1ng gi\u1eefa ngon mi\u1ec7ng v\u00e0 tinh gi\u1ea3n.<\/p>\n<p data-start=\"3526\" data-end=\"3628\"><strong data-start=\"3526\" data-end=\"3628\">H\u1ea1t N\u00eam G\u00e0 Youki Nh\u1eadt B\u1ea3n \u2013 Youki Chinese Chicken Stock (Granule) hi\u1ec7n \u0111ang \u0111\u01b0\u1ee3c b\u00e1n t\u1ea1i Havamall.<\/strong><\/p>","protected":false},"excerpt":{"rendered":"<p>TH\u00d4NG TIN CHUNG Th\u01b0\u01a1ng hi\u1ec7u Youki Xu\u1ea5t x\u1ee9 Nh\u1eadt B\u1ea3n Th\u00e0nh ph\u1ea7n Xem tr\u1ef1c ti\u1ebfp tr\u00ean bao b\u00ec H\u1ea1n s\u1eed<\/p>","protected":false},"featured_media":42997,"comment_status":"open","ping_status":"closed","template":"","meta":[],"product_brand":[],"product_cat":[154,595,722],"product_tag":[],"class_list":{"0":"post-42996","1":"product","2":"type-product","3":"status-publish","4":"has-post-thumbnail","6":"product_cat-gia-vi","7":"product_cat-gia-vi-va-che-bien","8":"product_cat-nhap-khau-nhat-ban","10":"first","11":"instock","12":"sale","13":"shipping-taxable","14":"purchasable","15":"product-type-simple"},"_links":{"self":[{"href":"https:\/\/havamall.com\/en\/wp-json\/wp\/v2\/product\/42996","targetHints":{"allow":["GET"]}}],"collection":[{"href":"https:\/\/havamall.com\/en\/wp-json\/wp\/v2\/product"}],"about":[{"href":"https:\/\/havamall.com\/en\/wp-json\/wp\/v2\/types\/product"}],"replies":[{"embeddable":true,"href":"https:\/\/havamall.com\/en\/wp-json\/wp\/v2\/comments?post=42996"}],"version-history":[{"count":0,"href":"https:\/\/havamall.com\/en\/wp-json\/wp\/v2\/product\/42996\/revisions"}],"wp:featuredmedia":[{"embeddable":true,"href":"https:\/\/havamall.com\/en\/wp-json\/wp\/v2\/media\/42997"}],"wp:attachment":[{"href":"https:\/\/havamall.com\/en\/wp-json\/wp\/v2\/media?parent=42996"}],"wp:term":[{"taxonomy":"product_brand","embeddable":true,"href":"https:\/\/havamall.com\/en\/wp-json\/wp\/v2\/product_brand?post=42996"},{"taxonomy":"product_cat","embeddable":true,"href":"https:\/\/havamall.com\/en\/wp-json\/wp\/v2\/product_cat?post=42996"},{"taxonomy":"product_tag","embeddable":true,"href":"https:\/\/havamall.com\/en\/wp-json\/wp\/v2\/product_tag?post=42996"}],"curies":[{"name":"wp","href":"https:\/\/api.w.org\/{rel}","templated":true}]}}