{"id":43026,"date":"2025-10-29T14:49:09","date_gmt":"2025-10-29T07:49:09","guid":{"rendered":"https:\/\/havamall.com\/?post_type=product&#038;p=43026"},"modified":"2025-10-29T14:49:09","modified_gmt":"2025-10-29T07:49:09","slug":"nuoc-rua-binh-sua-dung-cu-an-uong-cho-be-arau-baby-saraya-arau-baby-foam-bottle-wash","status":"publish","type":"product","link":"https:\/\/havamall.com\/en\/shop\/nuoc-rua-binh-sua-dung-cu-an-uong-cho-be-arau-baby-saraya-arau-baby-foam-bottle-wash\/","title":{"rendered":"N\u01b0\u1edbc R\u1eeda B\u00ecnh S\u1eefa &amp; D\u1ee5ng C\u1ee5 \u0102n U\u1ed1ng Cho B\u00e9 Arau Baby \u2013 Saraya Arau Baby Foam Bottle Wash"},"content":{"rendered":"<blockquote>\n<h3><em><strong>TH\u00d4NG TIN S\u1ea2N PH\u1ea8M<\/strong><\/em><\/h3>\n<\/blockquote>\n<table style=\"width: 70.8148%;height: 182px\">\n<tbody>\n<tr>\n<td>Th\u01b0\u01a1ng hi\u1ec7u<\/td>\n<td>Saraya<\/td>\n<\/tr>\n<tr>\n<td>Xu\u1ea5t x\u1ee9<\/td>\n<td>Nh\u1eadt B\u1ea3n<\/td>\n<\/tr>\n<tr>\n<td>Th\u00e0nh ph\u1ea7n<\/td>\n<td>Xem tr\u00ean bao b\u00ec<\/td>\n<\/tr>\n<tr>\n<td>H\u1ea1n s\u1eed d\u1ee5ng<\/td>\n<td>Xem tr\u00ean bao b\u00ec<\/td>\n<\/tr>\n<tr>\n<td>\u0110\u1ed1i t\u01b0\u1ee3ng s\u1eed d\u1ee5ng<\/td>\n<td>Tr\u1ebb s\u01a1 sinh, tr\u1ebb nh\u1ecf, da nh\u1ea1y c\u1ea3m<\/td>\n<\/tr>\n<tr>\n<td>\u0110\u1eb7c \u0111i\u1ec3m n\u1ed5i b\u1eadt<\/td>\n<td>Kh\u00f4ng ph\u1ee5 gia h\u00f3a h\u1ecdc, kh\u00f4ng h\u01b0\u01a1ng li\u1ec7u t\u1ed5ng h\u1ee3p, kh\u00f4ng paraben, kh\u00f4ng ch\u1ea5t t\u1ea1o m\u00e0u<\/td>\n<\/tr>\n<tr>\n<td>Kh\u1ed1i l\u01b0\u1ee3ng<\/td>\n<td>T\u00fai 450ml v\u00e0 B\u00ecnh 500ml<\/td>\n<\/tr>\n<\/tbody>\n<\/table>\n<p data-start=\"96\" data-end=\"325\">\u0110\u01b0\u1ee3c s\u1ea3n xu\u1ea5t b\u1edfi th\u01b0\u01a1ng hi\u1ec7u ch\u0103m s\u00f3c tr\u1ebb em n\u1ed5i ti\u1ebfng Saraya (Nh\u1eadt B\u1ea3n), d\u00f2ng Arau Baby Foam Bottle Wash \u0111\u01b0\u1ee3c nhi\u1ec1u gia \u0111\u00ecnh Nh\u1eadt tin d\u00f9ng nh\u1edd th\u00e0nh ph\u1ea7n t\u1ef1 nhi\u00ean, d\u1ecbu nh\u1eb9 v\u00e0 an to\u00e0n tuy\u1ec7t \u0111\u1ed1i cho l\u00e0n da nh\u1ea1y c\u1ea3m c\u1ee7a tr\u1ebb nh\u1ecf.<\/p>\n<p data-start=\"96\" data-end=\"325\"><img fetchpriority=\"high\" decoding=\"async\" class=\"aligncenter\" src=\"https:\/\/havamall.com\/wp-content\/uploads\/2025\/09\/social_share_arau.baby_1200x1200.png\" alt=\"arau.baby | Protecting Your Baby's Skin With Natural Products \u2013 Saraya USA, Inc. DBA Arau Baby\" width=\"801\" height=\"419\" \/><\/p>\n<p data-start=\"327\" data-end=\"676\">Kh\u00e1c v\u1edbi c\u00e1c lo\u1ea1i n\u01b0\u1edbc r\u1eeda b\u00ecnh s\u1eefa th\u00f4ng th\u01b0\u1eddng, Arau Baby s\u1eed d\u1ee5ng c\u00f4ng th\u1ee9c x\u00e0 ph\u00f2ng th\u1ef1c v\u1eadt thi\u00ean nhi\u00ean, kh\u00f4ng ch\u1ee9a ch\u1ea5t t\u1ea1o m\u00e0u, kh\u00f4ng h\u01b0\u01a1ng li\u1ec7u t\u1ed5ng h\u1ee3p, kh\u00f4ng ch\u1ea5t b\u1ea3o qu\u1ea3n h\u00f3a h\u1ecdc. Ch\u00ednh v\u00ec v\u1eady, dung d\u1ecbch t\u1ea1o b\u1ecdt m\u1ec1m m\u1ecbn, d\u1ec5 r\u1eeda s\u1ea1ch v\u00e0 kh\u00f4ng \u0111\u1ec3 l\u1ea1i d\u01b0 l\u01b0\u1ee3ng, gi\u00fap c\u00e1c m\u1eb9 an t\u00e2m khi v\u1ec7 sinh b\u00ecnh s\u1eefa, n\u00fam ti, mu\u1ed7ng n\u0129a hay \u0111\u1ed3 ch\u01a1i c\u1ee7a b\u00e9.<\/p>\n<p data-start=\"327\" data-end=\"676\"><img decoding=\"async\" class=\"aligncenter  wp-image-43032\" src=\"https:\/\/havamall.com\/wp-content\/uploads\/2025\/10\/kurumi-saraya-sredstvo-dla-posydi-500-4973512258190-02.jpg\" alt=\"\" width=\"801\" height=\"801\" srcset=\"https:\/\/havamall.com\/wp-content\/uploads\/2025\/10\/kurumi-saraya-sredstvo-dla-posydi-500-4973512258190-02.jpg 1000w, https:\/\/havamall.com\/wp-content\/uploads\/2025\/10\/kurumi-saraya-sredstvo-dla-posydi-500-4973512258190-02-150x150.jpg 150w, https:\/\/havamall.com\/wp-content\/uploads\/2025\/10\/kurumi-saraya-sredstvo-dla-posydi-500-4973512258190-02-12x12.jpg 12w, https:\/\/havamall.com\/wp-content\/uploads\/2025\/10\/kurumi-saraya-sredstvo-dla-posydi-500-4973512258190-02-600x600.jpg 600w\" sizes=\"(max-width: 801px) 100vw, 801px\" \/><\/p>\n<p data-start=\"678\" data-end=\"998\">Th\u00e0nh ph\u1ea7n n\u1ed5i b\u1eadt g\u1ed3m chi\u1ebft xu\u1ea5t t\u1eeb\u00a0<strong data-start=\"715\" data-end=\"773\">l\u00e1 t\u00eda t\u00f4, tinh d\u1ea7u o\u1ea3i h\u01b0\u01a1ng v\u00e0 h\u01b0\u01a1ng th\u1ea3o (rosemary)<\/strong>\u00a0\u2013 nh\u1eefng lo\u1ea1i th\u1ea3o m\u1ed9c c\u00f3 t\u00e1c d\u1ee5ng kh\u00e1ng khu\u1ea9n nh\u1eb9, \u0111\u1ed3ng th\u1eddi gi\u00fap l\u00e0m d\u1ecbu da tay, ng\u0103n kh\u00f4 r\u00e1p khi s\u1eed d\u1ee5ng th\u01b0\u1eddng xuy\u00ean. Nh\u1edd \u0111\u00f3, kh\u00f4ng ch\u1ec9 \u0111\u1ea3m b\u1ea3o an to\u00e0n cho b\u00e9 m\u00e0 c\u00f2n gi\u00fap m\u1eb9 c\u1ea3m th\u1ea5y d\u1ec5 ch\u1ecbu khi r\u1eeda \u0111\u1ed3 cho con m\u1ed7i ng\u00e0y.<\/p>\n<p data-start=\"1000\" data-end=\"1271\">\u2013 T\u1ea1o b\u1ecdt s\u1eb5n, ti\u1ebft ki\u1ec7m th\u1eddi gian v\u00e0 l\u01b0\u1ee3ng dung d\u1ecbch s\u1eed d\u1ee5ng.<br data-start=\"1062\" data-end=\"1065\" \/>\u2013 L\u00e0m s\u1ea1ch hi\u1ec7u qu\u1ea3 d\u1ea7u s\u1eefa, c\u1eb7n b\u00e1m v\u00e0 m\u00f9i kh\u00f3 ch\u1ecbu.<br data-start=\"1118\" data-end=\"1121\" \/>\u2013 Kh\u00f4ng g\u00e2y k\u00edch \u1ee9ng, ph\u00f9 h\u1ee3p c\u1ea3 v\u1edbi l\u00e0n da nh\u1ea1y c\u1ea3m c\u1ee7a m\u1eb9 sau sinh.<br data-start=\"1190\" data-end=\"1193\" \/>\u2013 C\u00f3 th\u1ec3 d\u00f9ng r\u1eeda b\u00ecnh s\u1eefa, n\u00fam ti, d\u1ee5ng c\u1ee5 \u0103n d\u1eb7m, \u0111\u1ed3 ch\u01a1i, ly ch\u00e9n c\u1ee7a b\u00e9.<\/p>\n<p data-start=\"1000\" data-end=\"1271\"><img decoding=\"async\" class=\"aligncenter  wp-image-43033\" src=\"https:\/\/havamall.com\/wp-content\/uploads\/2025\/10\/f14b_1_693cdbb4f2ba44a9bebf60eff614cc5e_master.jpg\" alt=\"\" width=\"800\" height=\"1000\" srcset=\"https:\/\/havamall.com\/wp-content\/uploads\/2025\/10\/f14b_1_693cdbb4f2ba44a9bebf60eff614cc5e_master.jpg 1080w, https:\/\/havamall.com\/wp-content\/uploads\/2025\/10\/f14b_1_693cdbb4f2ba44a9bebf60eff614cc5e_master-10x12.jpg 10w, https:\/\/havamall.com\/wp-content\/uploads\/2025\/10\/f14b_1_693cdbb4f2ba44a9bebf60eff614cc5e_master-600x750.jpg 600w, https:\/\/havamall.com\/wp-content\/uploads\/2025\/10\/f14b_1_693cdbb4f2ba44a9bebf60eff614cc5e_master-150x188.jpg 150w\" sizes=\"(max-width: 800px) 100vw, 800px\" \/><\/p>\n<p data-start=\"1273\" data-end=\"1480\">S\u1ea3n ph\u1ea9m c\u00f3 hai d\u1ea1ng ti\u1ec7n d\u1ee5ng:<br data-start=\"1304\" data-end=\"1307\" \/>\u2013\u00a0<strong data-start=\"1309\" data-end=\"1331\">Chai t\u1ea1o b\u1ecdt 500ml<\/strong>: thi\u1ebft k\u1ebf v\u00f2i nh\u1ea5n t\u1ea1o b\u1ecdt m\u1ecbn, d\u1ec5 s\u1eed d\u1ee5ng tr\u1ef1c ti\u1ebfp.<br data-start=\"1385\" data-end=\"1388\" \/>\u2013\u00a0<strong data-start=\"1390\" data-end=\"1410\">T\u00fai refill 450ml<\/strong>: ti\u1ebft ki\u1ec7m v\u00e0 th\u00e2n thi\u1ec7n m\u00f4i tr\u01b0\u1eddng, d\u00f9ng \u0111\u1ec3 ch\u00e2m l\u1ea1i cho chai g\u1ed1c.<\/p>\n<p data-start=\"1482\" data-end=\"1779\">C\u00f4ng ngh\u1ec7 s\u1ea3n xu\u1ea5t c\u1ee7a Saraya lu\u00f4n ch\u00fa tr\u1ecdng \u0111\u1ebfn t\u00ednh\u00a0<strong data-start=\"1536\" data-end=\"1571\">an to\u00e0n \u2013 t\u1ef1 nhi\u00ean \u2013 th\u00e2n thi\u1ec7n<\/strong>, \u0111\u1ea3m b\u1ea3o m\u1ed7i gi\u1ecdt dung d\u1ecbch \u0111\u1ec1u \u0111\u1ea1t ti\u00eau chu\u1ea9n v\u1ec7 sinh nghi\u00eam ng\u1eb7t c\u1ee7a Nh\u1eadt B\u1ea3n. B\u1ecdt x\u00e0 ph\u00f2ng tan nhanh trong n\u01b0\u1edbc, kh\u00f4ng \u0111\u1ec3 l\u1ea1i c\u1eb7n, gi\u00fap m\u1eb9 ti\u1ebft ki\u1ec7m th\u1eddi gian tr\u00e1ng r\u1eeda m\u00e0 v\u1eabn \u0111\u1ea3m b\u1ea3o s\u1ea1ch s\u1ebd tuy\u1ec7t \u0111\u1ed1i.<\/p>\n<p data-start=\"1482\" data-end=\"1779\"><img loading=\"lazy\" decoding=\"async\" class=\"aligncenter  wp-image-43034\" src=\"https:\/\/havamall.com\/wp-content\/uploads\/2025\/10\/93e9_1_854b04c0d8ca4e53a5afcf58141f26f4_master.jpg\" alt=\"\" width=\"800\" height=\"533\" srcset=\"https:\/\/havamall.com\/wp-content\/uploads\/2025\/10\/93e9_1_854b04c0d8ca4e53a5afcf58141f26f4_master.jpg 1080w, https:\/\/havamall.com\/wp-content\/uploads\/2025\/10\/93e9_1_854b04c0d8ca4e53a5afcf58141f26f4_master-18x12.jpg 18w, https:\/\/havamall.com\/wp-content\/uploads\/2025\/10\/93e9_1_854b04c0d8ca4e53a5afcf58141f26f4_master-600x400.jpg 600w, https:\/\/havamall.com\/wp-content\/uploads\/2025\/10\/93e9_1_854b04c0d8ca4e53a5afcf58141f26f4_master-150x100.jpg 150w\" sizes=\"(max-width: 800px) 100vw, 800px\" \/><\/p>\n<p data-start=\"1781\" data-end=\"1971\">Arau Baby kh\u00f4ng ch\u1ec9 l\u00e0 n\u01b0\u1edbc r\u1eeda b\u00ecnh, m\u00e0 c\u00f2n l\u00e0 m\u1ed9t ph\u1ea7n trong tri\u1ebft l\u00fd nu\u00f4i con an to\u00e0n c\u1ee7a c\u00e1c gia \u0111\u00ecnh Nh\u1eadt \u2013 n\u01a1i m\u1ecdi s\u1ea3n ph\u1ea9m d\u00e0nh cho b\u00e9 \u0111\u1ec1u h\u01b0\u1edbng t\u1edbi s\u1ef1 tinh khi\u1ebft v\u00e0 nh\u1eb9 nh\u00e0ng nh\u1ea5t. N\u01b0\u1edbc R\u1eeda B\u00ecnh S\u1eefa &amp; D\u1ee5ng C\u1ee5 \u0102n U\u1ed1ng Cho B\u00e9 Arau Baby \u2013 Saraya Arau Baby Foam Bottle Wash hi\u1ec7n \u0111ang \u0111\u01b0\u1ee3c b\u00e1n t\u1ea1i\u00a0<strong data-start=\"2089\" data-end=\"2101\">Havamall<\/strong>.<\/p>","protected":false},"excerpt":{"rendered":"<p>TH\u00d4NG TIN S\u1ea2N PH\u1ea8M Th\u01b0\u01a1ng hi\u1ec7u Saraya Xu\u1ea5t x\u1ee9 Nh\u1eadt B\u1ea3n Th\u00e0nh ph\u1ea7n Xem tr\u00ean bao b\u00ec H\u1ea1n s\u1eed d\u1ee5ng<\/p>","protected":false},"featured_media":43027,"comment_status":"open","ping_status":"closed","template":"","meta":[],"product_brand":[],"product_cat":[397,35,722],"product_tag":[],"class_list":{"0":"post-43026","1":"product","2":"type-product","3":"status-publish","4":"has-post-thumbnail","6":"product_cat-hang-me-be-do-choi","7":"product_cat-nha-cua-doi-song","8":"product_cat-nhap-khau-nhat-ban","10":"first","11":"instock","12":"sale","13":"shipping-taxable","14":"purchasable","15":"product-type-variable"},"_links":{"self":[{"href":"https:\/\/havamall.com\/en\/wp-json\/wp\/v2\/product\/43026","targetHints":{"allow":["GET"]}}],"collection":[{"href":"https:\/\/havamall.com\/en\/wp-json\/wp\/v2\/product"}],"about":[{"href":"https:\/\/havamall.com\/en\/wp-json\/wp\/v2\/types\/product"}],"replies":[{"embeddable":true,"href":"https:\/\/havamall.com\/en\/wp-json\/wp\/v2\/comments?post=43026"}],"version-history":[{"count":0,"href":"https:\/\/havamall.com\/en\/wp-json\/wp\/v2\/product\/43026\/revisions"}],"wp:featuredmedia":[{"embeddable":true,"href":"https:\/\/havamall.com\/en\/wp-json\/wp\/v2\/media\/43027"}],"wp:attachment":[{"href":"https:\/\/havamall.com\/en\/wp-json\/wp\/v2\/media?parent=43026"}],"wp:term":[{"taxonomy":"product_brand","embeddable":true,"href":"https:\/\/havamall.com\/en\/wp-json\/wp\/v2\/product_brand?post=43026"},{"taxonomy":"product_cat","embeddable":true,"href":"https:\/\/havamall.com\/en\/wp-json\/wp\/v2\/product_cat?post=43026"},{"taxonomy":"product_tag","embeddable":true,"href":"https:\/\/havamall.com\/en\/wp-json\/wp\/v2\/product_tag?post=43026"}],"curies":[{"name":"wp","href":"https:\/\/api.w.org\/{rel}","templated":true}]}}