{"id":43039,"date":"2025-10-31T10:10:45","date_gmt":"2025-10-31T03:10:45","guid":{"rendered":"https:\/\/havamall.com\/?post_type=product&#038;p=43039"},"modified":"2025-10-31T11:14:05","modified_gmt":"2025-10-31T04:14:05","slug":"lau-ca-chua-tu-xuyen-ong-cha-va-150g-ong-cha-va-sichuan-tomato-hotpot-150g","status":"publish","type":"product","link":"https:\/\/havamall.com\/en\/shop\/lau-ca-chua-tu-xuyen-ong-cha-va-150g-ong-cha-va-sichuan-tomato-hotpot-150g\/","title":{"rendered":"L\u1ea9u C\u00e0 Chua T\u1ee9 Xuy\u00ean \u00d4ng Ch\u00e0 V\u00e0 150g \u2013 Ong Ch\u00e0 V\u00e0 Sichuan Tomato Hotpot 150g"},"content":{"rendered":"<blockquote>\n<h2><em><strong>TH\u00d4NG TIN CHUNG<\/strong><\/em><\/h2>\n<\/blockquote>\n<table style=\"width: 86.8091%;height: 321px\">\n<tbody>\n<tr>\n<td><b>Th\u01b0\u01a1ng hi\u1ec7u<\/b><\/td>\n<td>\u00d4ng Ch\u00e0 V\u00e0 (Th\u00e0nh l\u1eadp 1939)<\/td>\n<\/tr>\n<tr>\n<td><b>Xu\u1ea5t x\u1ee9<\/b><\/td>\n<td>S\u1ea3n xu\u1ea5t t\u1ea1i T\u1ee9 Xuy\u00ean Manli Longzhu Biotech (Trung Qu\u1ed1c), Nh\u1eadp kh\u1ea9u &amp; Ph\u00e2n ph\u1ed1i b\u1edfi C\u00f4ng ty C\u1ed5 ph\u1ea7n NOSAFOOD (Vi\u1ec7t Nam)<\/td>\n<\/tr>\n<tr>\n<td><b>Kh\u1ed1i l\u01b0\u1ee3ng T\u1ecbnh<\/b><\/td>\n<td><b><span class=\"math-inline\" data-math=\"150\\text{g}\"><span class=\"katex\"><span class=\"katex-html\" aria-hidden=\"true\"><span class=\"base\"><span class=\"mord\">150<\/span><span class=\"mord text\"><span class=\"mord\">g<\/span><\/span><\/span><\/span><\/span><\/span><\/b><\/td>\n<\/tr>\n<tr>\n<td><b>Kh\u1ea9u ph\u1ea7n<\/b><\/td>\n<td>Cho\u00a0<span class=\"math-inline\" data-math=\"3-5\"><span class=\"katex\"><span class=\"katex-html\" aria-hidden=\"true\"><span class=\"base\"><span class=\"mord\">3<\/span><span class=\"mbin\">\u2212<\/span><\/span><span class=\"base\"><span class=\"mord\">5<\/span><\/span><\/span><\/span><\/span>\u00a0ng\u01b0\u1eddi \u0103n (Th\u00f4ng tin t\u1eeb m\u1eb7t tr\u01b0\u1edbc)<\/td>\n<\/tr>\n<tr>\n<td><b>Gi\u00e1 tr\u1ecb Dinh d\u01b0\u1ee1ng (tr\u00ean\u00a0<span class=\"math-inline\" data-math=\"100\\text{g}\"><span class=\"katex\"><span class=\"katex-html\" aria-hidden=\"true\"><span class=\"base\"><span class=\"mord\">100<\/span><span class=\"mord text\"><span class=\"mord\">g<\/span><\/span><\/span><\/span><\/span><\/span>)<\/b><\/td>\n<td>N\u0103ng l\u01b0\u1ee3ng:\u00a0<span class=\"math-inline\" data-math=\"1210\\text{ kJ}\"><span class=\"katex\"><span class=\"katex-html\" aria-hidden=\"true\"><span class=\"base\"><span class=\"mord\">1210<\/span><span class=\"mord text\"><span class=\"mord\">\u00a0kJ<\/span><\/span><\/span><\/span><\/span><\/span>\u00a0(<span class=\"math-inline\" data-math=\"289\\text{ kcal}\"><span class=\"katex\"><span class=\"katex-html\" aria-hidden=\"true\"><span class=\"base\"><span class=\"mord\">289<\/span><span class=\"mord text\"><span class=\"mord\">\u00a0kcal<\/span><\/span><\/span><\/span><\/span><\/span>), Ch\u1ea5t b\u00e9o:\u00a0<span class=\"math-inline\" data-math=\"22,2\\text{g}\"><span class=\"katex\"><span class=\"katex-html\" aria-hidden=\"true\"><span class=\"base\"><span class=\"mord\">22<\/span><span class=\"mpunct\">,<\/span><span class=\"mord\">2<\/span><span class=\"mord text\"><span class=\"mord\">g<\/span><\/span><\/span><\/span><\/span><\/span>, Ch\u1ea5t \u0111\u1ea1m:\u00a0<span class=\"math-inline\" data-math=\"9,2\\text{g}\"><span class=\"katex\"><span class=\"katex-html\" aria-hidden=\"true\"><span class=\"base\"><span class=\"mord\">9<\/span><span class=\"mpunct\">,<\/span><span class=\"mord\">2<\/span><span class=\"mord text\"><span class=\"mord\">g<\/span><\/span><\/span><\/span><\/span><\/span>, Carbohydrate:\u00a0<span class=\"math-inline\" data-math=\"8,7\\text{g}\"><span class=\"katex\"><span class=\"katex-html\" aria-hidden=\"true\"><span class=\"base\"><span class=\"mord\">8<\/span><span class=\"mpunct\">,<\/span><span class=\"mord\">7<\/span><span class=\"mord text\"><span class=\"mord\">g<\/span><\/span><\/span><\/span><\/span><\/span>\u00a0(<span class=\"math-inline\" data-math=\"13,0\\text{g}\"><span class=\"katex\"><span class=\"katex-html\" aria-hidden=\"true\"><span class=\"base\"><span class=\"mord\">13<\/span><span class=\"mpunct\">,<\/span><span class=\"mord\">0<\/span><span class=\"mord text\"><span class=\"mord\">g<\/span><\/span><\/span><\/span><\/span><\/span>\u00a0total), Natri:\u00a0<span class=\"math-inline\" data-math=\"1981,6\\text{ mg}\"><span class=\"katex\"><span class=\"katex-html\" aria-hidden=\"true\"><span class=\"base\"><span class=\"mord\">1981<\/span><span class=\"mpunct\">,<\/span><span class=\"mord\">6<\/span><span class=\"mord text\"><span class=\"mord\">\u00a0mg<\/span><\/span><\/span><\/span><\/span><\/span>\u00a0(<span class=\"math-inline\" data-math=\"2972,4\\text{ mg}\"><span class=\"katex\"><span class=\"katex-html\" aria-hidden=\"true\"><span class=\"base\"><span class=\"mord\">2972<\/span><span class=\"mpunct\">,<\/span><span class=\"mord\">4<\/span><span class=\"mord text\"><span class=\"mord\">\u00a0mg<\/span><\/span><\/span><\/span><\/span><\/span>\u00a0total)<\/td>\n<\/tr>\n<tr>\n<td><b>Th\u00e0nh ph\u1ea7n ch\u00ednh<\/b><\/td>\n<td><b>S\u1ed1t c\u00e0 chua (<span class=\"math-inline\" data-math=\"53\\%\"><span class=\"katex\"><span class=\"katex-html\" aria-hidden=\"true\"><span class=\"base\"><span class=\"mord\">53%<\/span><\/span><\/span><\/span><\/span>)<\/b>, d\u1ea7u th\u1ef1c v\u1eadt, \u0111\u01b0\u1eddng, ti\u00eau, mu\u1ed1i, b\u1ed9t h\u00e0nh t\u00e2y, chi\u1ebft xu\u1ea5t n\u1ea5m men, chi\u1ebft xu\u1ea5t c\u00e0 chua, chi\u1ebft xu\u1ea5t g\u00e0, \u0111\u1eadu n\u00e0nh, d\u1ea7u g\u1eebng, ch\u1ea5t \u0111i\u1ec1u v\u1ecb, v.v.<\/td>\n<\/tr>\n<tr>\n<td><b>H\u01b0\u1edbng d\u1eabn s\u1eed d\u1ee5ng<\/b><\/td>\n<td>\u0110un s\u00f4i\u00a0<b><span class=\"math-inline\" data-math=\"600\\text{ml}\"><span class=\"katex\"><span class=\"katex-html\" aria-hidden=\"true\"><span class=\"base\"><span class=\"mord\">600<\/span><span class=\"mord text\"><span class=\"mord\">ml<\/span><\/span><\/span><\/span><\/span><\/span>\u00a0n\u01b0\u1edbc<\/b>, \u0111\u1ed5 g\u00f3i l\u1ea9u v\u00e0o. C\u1eaft\u00a0<span class=\"math-inline\" data-math=\"1-2\"><span class=\"katex\"><span class=\"katex-html\" aria-hidden=\"true\"><span class=\"base\"><span class=\"mord\">1<\/span><span class=\"mbin\">\u2212<\/span><\/span><span class=\"base\"><span class=\"mord\">2<\/span><\/span><\/span><\/span><\/span>\u00a0qu\u1ea3 c\u00e0 chua, th\u00eam b\u1eafp\/ng\u00f4, t\u00f4m, th\u1ecbt, rau t\u00f9y th\u00edch v\u00e0o n\u1ea5u ch\u00edn. D\u00f9ng v\u1edbi b\u00fan ho\u1eb7c c\u01a1m (t\u00f9y th\u00edch).<\/td>\n<\/tr>\n<tr>\n<td><b>H\u1ea1n s\u1eed d\u1ee5ng (HSD\/EXP)<\/b><\/td>\n<td><span class=\"math-inline\" data-math=\"15\"><span class=\"katex\"><span class=\"katex-html\" aria-hidden=\"true\"><span class=\"base\"><span class=\"mord\">15<\/span><\/span><\/span><\/span><\/span>\u00a0th\u00e1ng k\u1ec3 t\u1eeb NSX\/MFG<\/td>\n<\/tr>\n<tr>\n<td><b>B\u1ea3o qu\u1ea3n<\/b><\/td>\n<td>\u0110\u1ec3 n\u01a1i tho\u00e1ng m\u00e1t, kh\u00f4 r\u00e1o v\u00e0 tr\u00e1nh \u00e1nh n\u1eafng tr\u1ef1c ti\u1ebfp. N\u00ean s\u1eed d\u1ee5ng h\u1ebft\u00a0<span class=\"math-inline\" data-math=\"1\"><span class=\"katex\"><span class=\"katex-html\" aria-hidden=\"true\"><span class=\"base\"><span class=\"mord\">1<\/span><\/span><\/span><\/span><\/span>\u00a0l\u1ea7n sau khi m\u1edf g\u00f3i.<\/td>\n<\/tr>\n<tr>\n<td><b>C\u1ea3nh b\u00e1o d\u1ecb \u1ee9ng<\/b><\/td>\n<td>S\u1ea3n ph\u1ea9m c\u00f3 ch\u1ee9a\u00a0<b>\u0111\u1eadu n\u00e0nh<\/b>.<\/td>\n<\/tr>\n<\/tbody>\n<\/table>\n<p data-start=\"587\" data-end=\"1031\">Mang tinh th\u1ea7n c\u1ee7a \u1ea9m th\u1ef1c T\u1ee9 Xuy\u00ean n\u1ed5i ti\u1ebfng, L\u1ea9u C\u00e0 Chua T\u1ee9 Xuy\u00ean \u00d4ng Ch\u00e0 V\u00e0 l\u00e0 s\u1ef1 h\u00f2a quy\u1ec7n ho\u00e0n h\u1ea3o gi\u1eefa v\u1ecb chua thanh \u0111\u1eb7c tr\u01b0ng c\u1ee7a c\u00e0 chua ch\u00edn v\u00e0 \u0111\u1ed9 cay n\u1ed3ng nh\u1eb9 nh\u00e0ng, \u0111em \u0111\u1ebfn n\u1ed3i n\u01b0\u1edbc d\u00f9ng c\u00f3 chi\u1ec1u s\u00e2u, quy\u1ebfn r\u0169 ngay t\u1eeb gi\u00e2y ph\u00fat \u0111\u1ea7u ti\u00ean. T\u1eebng l\u1edbp h\u01b0\u01a1ng b\u1ed1c l\u00ean t\u1eeb n\u1ed3i l\u1ea9u s\u00f4i l\u0103n t\u0103n \u2013 th\u01a1m d\u1ecbu, \u1ea5m \u00e1p, \u0111\u1eadm \u0111\u00e0 \u2013 kh\u01a1i g\u1ee3i c\u1ea3m gi\u00e1c th\u00e2n quen c\u1ee7a nh\u1eefng b\u1eefa qu\u00e2y qu\u1ea7n, nh\u01b0ng v\u1eabn gi\u1eef \u0111\u01b0\u1ee3c n\u00e9t m\u1edbi m\u1ebb, ph\u00f3ng kho\u00e1ng c\u1ee7a \u1ea9m th\u1ef1c Trung Hoa.<\/p>\n<p data-start=\"587\" data-end=\"1031\"><img fetchpriority=\"high\" decoding=\"async\" class=\"aligncenter wp-image-43045\" src=\"https:\/\/havamall.com\/wp-content\/uploads\/2025\/10\/17-1.jpg\" alt=\"\" width=\"801\" height=\"801\" srcset=\"https:\/\/havamall.com\/wp-content\/uploads\/2025\/10\/17-1.jpg 1365w, https:\/\/havamall.com\/wp-content\/uploads\/2025\/10\/17-1-150x150.jpg 150w, https:\/\/havamall.com\/wp-content\/uploads\/2025\/10\/17-1-12x12.jpg 12w, https:\/\/havamall.com\/wp-content\/uploads\/2025\/10\/17-1-600x600.jpg 600w, https:\/\/havamall.com\/wp-content\/uploads\/2025\/10\/17-1-1200x1200.jpg 1200w\" sizes=\"(max-width: 801px) 100vw, 801px\" \/><\/p>\n<p data-start=\"1033\" data-end=\"1435\">N\u01b0\u1edbc d\u00f9ng \u0111\u01b0\u1ee3c ch\u1ebf bi\u1ebfn s\u1eb5n t\u1eeb\u00a0<strong data-start=\"1064\" data-end=\"1088\">53% n\u01b0\u1edbc s\u1ed1t c\u00e0 chua<\/strong>\u00a0tuy\u1ec3n ch\u1ecdn, h\u00f2a c\u00f9ng d\u1ea7u th\u1ef1c v\u1eadt, h\u00e0nh t\u00e2y, chi\u1ebft xu\u1ea5t g\u00e0 v\u00e0 chi\u1ebft xu\u1ea5t n\u1ea5m men, t\u1ea1o n\u00ean n\u1ec1n v\u1ecb t\u1ef1 nhi\u00ean, \u0111\u1ea7y \u0111\u1eb7n v\u00e0 c\u00f3 chi\u1ec1u s\u00e2u. Ch\u1ec9 c\u1ea7n \u0111un s\u00f4i\u00a0<strong data-start=\"1237\" data-end=\"1251\">600ml n\u01b0\u1edbc<\/strong>, cho g\u00f3i l\u1ea9u v\u00e0o khu\u1ea5y \u0111\u1ec1u, m\u00f9i c\u00e0 chua ch\u00edn \u0111\u1ecf lan t\u1ecfa h\u00f2a quy\u1ec7n c\u00f9ng g\u1eebng, ti\u00eau v\u00e0 ch\u00fat d\u1ea7u n\u00e0nh, mang \u0111\u1ebfn h\u1ed7n h\u1ee3p n\u01b0\u1edbc d\u00f9ng s\u00e1nh m\u1ecbn, \u0111\u1eadm v\u1ecb, v\u1eeba mi\u1ec7ng m\u00e0 kh\u00f4ng c\u1ea7n n\u00eam n\u1ebfm th\u00eam.<\/p>\n<p data-start=\"1033\" data-end=\"1435\"><img decoding=\"async\" class=\"aligncenter wp-image-43046\" src=\"https:\/\/havamall.com\/wp-content\/uploads\/2025\/10\/CP_6101-scaled-e1733812012853.jpg\" alt=\"\" width=\"801\" height=\"801\" srcset=\"https:\/\/havamall.com\/wp-content\/uploads\/2025\/10\/CP_6101-scaled-e1733812012853.jpg 1707w, https:\/\/havamall.com\/wp-content\/uploads\/2025\/10\/CP_6101-scaled-e1733812012853-150x150.jpg 150w, https:\/\/havamall.com\/wp-content\/uploads\/2025\/10\/CP_6101-scaled-e1733812012853-12x12.jpg 12w, https:\/\/havamall.com\/wp-content\/uploads\/2025\/10\/CP_6101-scaled-e1733812012853-600x600.jpg 600w, https:\/\/havamall.com\/wp-content\/uploads\/2025\/10\/CP_6101-scaled-e1733812012853-1200x1200.jpg 1200w\" sizes=\"(max-width: 801px) 100vw, 801px\" \/><\/p>\n<p data-start=\"1437\" data-end=\"1856\">V\u1ecb chua c\u1ee7a c\u00e0 chua trong n\u01b0\u1edbc l\u1ea9u \u00d4ng Ch\u00e0 V\u00e0 kh\u00f4ng g\u1eaft m\u00e0 thanh d\u1ecbu, \u0111\u1ec7m sau \u0111\u00f3 l\u00e0 v\u1ecb ng\u1ecdt nh\u1eb9 t\u1eeb rau c\u1ee7 v\u00e0 n\u1ea5m men, cu\u1ed1i c\u00f9ng l\u00e0 d\u01b0 v\u1ecb cay \u1ea5m \u0111\u1eb7c tr\u01b0ng c\u1ee7a T\u1ee9 Xuy\u00ean \u2013 m\u1ed9t c\u1ea3m gi\u00e1c cay n\u1ed3ng len l\u1ecfi nh\u01b0ng \u00eam, kh\u00f4ng l\u00e0m t\u00ea \u0111\u1ea7u l\u01b0\u1ee1i m\u00e0 khi\u1ebfn m\u00f3n \u0103n th\u00eam tr\u1ecdn v\u1eb9n. Khi th\u01b0\u1edfng th\u1ee9c, h\u01b0\u01a1ng c\u00e0 chua h\u00f2a c\u00f9ng v\u1ecb th\u1ecbt, t\u00f4m hay n\u1ea5m t\u01b0\u01a1i \u0111\u1ec1u t\u1ea1o n\u00ean t\u1ed5ng th\u1ec3 c\u00e2n b\u1eb1ng, d\u1ec5 ch\u1ecbu v\u00e0 r\u1ea5t d\u1ec5 \u0103n, ngay c\u1ea3 v\u1edbi ng\u01b0\u1eddi kh\u00f4ng quen v\u1ecb cay.<\/p>\n<p data-start=\"1858\" data-end=\"2292\">\u2013 N\u01b0\u1edbc l\u1ea9u pha s\u1eb5n ti\u1ec7n d\u1ee5ng, ch\u1ec9 c\u1ea7n v\u00e0i ph\u00fat ch\u1ebf bi\u1ebfn l\u00e0 c\u00f3 th\u1ec3 d\u00f9ng ngay.<br data-start=\"1934\" data-end=\"1937\" \/>\u2013 H\u01b0\u01a1ng v\u1ecb \u0111\u1eadm \u0111\u00e0, chu\u1ea9n v\u1ecb T\u1ee9 Xuy\u00ean v\u1edbi s\u1ef1 k\u1ebft h\u1ee3p h\u00e0i h\u00f2a gi\u1eefa v\u1ecb chua, cay, m\u1eb7n, ng\u1ecdt.<br data-start=\"2026\" data-end=\"2029\" \/>\u2013 S\u1eed d\u1ee5ng linh ho\u1ea1t cho 3\u20135 ng\u01b0\u1eddi, ph\u00f9 h\u1ee3p v\u1edbi b\u1eefa \u0103n gia \u0111\u00ecnh ho\u1eb7c bu\u1ed5i ti\u1ec7c nh\u1ecf.<br data-start=\"2111\" data-end=\"2114\" \/>\u2013 Th\u00edch h\u1ee3p d\u00f9ng c\u00f9ng c\u00e1c lo\u1ea1i nguy\u00ean li\u1ec7u nh\u01b0 b\u00f2, g\u00e0, t\u00f4m, c\u00e1, n\u1ea5m, \u0111\u1eadu ph\u1ee5, b\u1eafp v\u00e0 rau xanh.<br data-start=\"2208\" data-end=\"2211\" \/>\u2013 C\u00f3 th\u1ec3 d\u00f9ng l\u00e0m n\u01b0\u1edbc d\u00f9ng cho m\u00ec, b\u00fan ho\u1eb7c ch\u1ebf bi\u1ebfn m\u00f3n canh chua cay ki\u1ec3u \u00c1.<\/p>\n<p data-start=\"1858\" data-end=\"2292\"><img decoding=\"async\" class=\"aligncenter wp-image-43047\" src=\"https:\/\/havamall.com\/wp-content\/uploads\/2025\/10\/3-67.jpg\" alt=\"\" width=\"800\" height=\"485\" srcset=\"https:\/\/havamall.com\/wp-content\/uploads\/2025\/10\/3-67.jpg 2048w, https:\/\/havamall.com\/wp-content\/uploads\/2025\/10\/3-67-18x12.jpg 18w, https:\/\/havamall.com\/wp-content\/uploads\/2025\/10\/3-67-600x364.jpg 600w, https:\/\/havamall.com\/wp-content\/uploads\/2025\/10\/3-67-1200x728.jpg 1200w, https:\/\/havamall.com\/wp-content\/uploads\/2025\/10\/3-67-150x91.jpg 150w\" sizes=\"(max-width: 800px) 100vw, 800px\" \/><\/p>\n<p data-start=\"2294\" data-end=\"2698\">L\u1ea9u C\u00e0 Chua T\u1ee9 Xuy\u00ean \u00d4ng Ch\u00e0 V\u00e0 kh\u00f4ng ch\u1ec9 \u0111\u01a1n thu\u1ea7n l\u00e0 m\u1ed9t g\u00f3i n\u01b0\u1edbc l\u1ea9u ti\u1ec7n l\u1ee3i m\u00e0 c\u00f2n mang trong m\u00ecnh tinh th\u1ea7n \u1ea9m th\u1ef1c ph\u01b0\u01a1ng \u0110\u00f4ng \u2013 \u0111\u1eadm v\u1ecb nh\u01b0ng tinh t\u1ebf, nhanh g\u1ecdn nh\u01b0ng kh\u00f4ng \u0111\u00e1nh m\u1ea5t s\u1ef1 c\u1ea7u k\u1ef3 trong t\u1eebng h\u01b0\u01a1ng v\u1ecb. Khi n\u1ed3i l\u1ea9u b\u1eaft \u0111\u1ea7u s\u00f4i, s\u1eafc \u0111\u1ecf c\u00e0 chua h\u00f2a c\u00f9ng m\u00e0u xanh c\u1ee7a rau, v\u00e0ng c\u1ee7a b\u1eafp, tr\u1eafng c\u1ee7a n\u1ea5m v\u00e0 h\u1ea3i s\u1ea3n t\u01b0\u01a1i, t\u1ea1o n\u00ean m\u1ed9t b\u1ee9c tranh \u1ea9m th\u1ef1c r\u1ef1c r\u1ee1, \u1ea5m \u00e1p, lan t\u1ecfa c\u1ea3m gi\u00e1c sum v\u1ea7y.<\/p>\n<p data-start=\"2294\" data-end=\"2698\"><img loading=\"lazy\" decoding=\"async\" class=\"aligncenter wp-image-43048\" src=\"https:\/\/havamall.com\/wp-content\/uploads\/2025\/10\/DWG01807-copy-scaled-1.jpg\" alt=\"\" width=\"800\" height=\"1200\" srcset=\"https:\/\/havamall.com\/wp-content\/uploads\/2025\/10\/DWG01807-copy-scaled-1.jpg 1707w, https:\/\/havamall.com\/wp-content\/uploads\/2025\/10\/DWG01807-copy-scaled-1-1366x2048.jpg 1366w, https:\/\/havamall.com\/wp-content\/uploads\/2025\/10\/DWG01807-copy-scaled-1-8x12.jpg 8w, https:\/\/havamall.com\/wp-content\/uploads\/2025\/10\/DWG01807-copy-scaled-1-600x900.jpg 600w, https:\/\/havamall.com\/wp-content\/uploads\/2025\/10\/DWG01807-copy-scaled-1-1200x1800.jpg 1200w, https:\/\/havamall.com\/wp-content\/uploads\/2025\/10\/DWG01807-copy-scaled-1-150x225.jpg 150w\" sizes=\"(max-width: 800px) 100vw, 800px\" \/><\/p>\n<p data-start=\"2700\" data-end=\"2987\">Kh\u00f4ng c\u1ea7n m\u1ea5t h\u00e0ng gi\u1edd ninh x\u01b0\u01a1ng hay pha ch\u1ebf gia v\u1ecb, ch\u1ec9 m\u1ed9t g\u00f3i nh\u1ecf c\u0169ng \u0111\u1ee7 l\u00e0m n\u00ean m\u00f3n \u0103n ho\u00e0n ch\u1ec9nh, gi\u00fap ti\u1ebft ki\u1ec7m th\u1eddi gian nh\u01b0ng v\u1eabn tr\u1ecdn h\u01b0\u01a1ng v\u1ecb. \u0110\u1ed9 s\u00e1nh nh\u1eb9 c\u1ee7a n\u01b0\u1edbc d\u00f9ng, v\u1ecb chua t\u1ef1 nhi\u00ean v\u00e0 cay n\u1ed3ng tinh t\u1ebf khi\u1ebfn m\u00f3n l\u1ea9u gi\u1eef \u0111\u01b0\u1ee3c s\u1ee9c h\u00fat d\u00f9 \u0103n bao nhi\u00eau l\u1ea7n v\u1eabn kh\u00f4ng ng\u00e1n.<\/p>\n<p data-start=\"2989\" data-end=\"3126\">L\u1ea9u C\u00e0 Chua T\u1ee9 Xuy\u00ean \u00d4ng Ch\u00e0 V\u00e0 150g \u2013 l\u1ef1a ch\u1ecdn ho\u00e0n h\u1ea3o cho b\u1eefa \u0103n \u1ea5m c\u00fang, ti\u1ec7n l\u1ee3i m\u00e0 v\u1eabn chu\u1ea9n v\u1ecb, hi\u1ec7n \u0111ang \u0111\u01b0\u1ee3c b\u00e1n t\u1ea1i Havamall.<\/p>","protected":false},"excerpt":{"rendered":"<p>TH\u00d4NG TIN CHUNG Th\u01b0\u01a1ng hi\u1ec7u \u00d4ng Ch\u00e0 V\u00e0 (Th\u00e0nh l\u1eadp 1939) Xu\u1ea5t x\u1ee9 S\u1ea3n xu\u1ea5t t\u1ea1i T\u1ee9 Xuy\u00ean Manli Longzhu<\/p>","protected":false},"featured_media":43041,"comment_status":"open","ping_status":"closed","template":"","meta":[],"product_brand":[],"product_cat":[730,154,36],"product_tag":[],"class_list":{"0":"post-43039","1":"product","2":"type-product","3":"status-publish","4":"has-post-thumbnail","6":"product_cat-cac-nuoc-khac","7":"product_cat-gia-vi","8":"product_cat-thuc-pham-tieu-dung","10":"first","11":"instock","12":"sale","13":"shipping-taxable","14":"purchasable","15":"product-type-simple"},"_links":{"self":[{"href":"https:\/\/havamall.com\/en\/wp-json\/wp\/v2\/product\/43039","targetHints":{"allow":["GET"]}}],"collection":[{"href":"https:\/\/havamall.com\/en\/wp-json\/wp\/v2\/product"}],"about":[{"href":"https:\/\/havamall.com\/en\/wp-json\/wp\/v2\/types\/product"}],"replies":[{"embeddable":true,"href":"https:\/\/havamall.com\/en\/wp-json\/wp\/v2\/comments?post=43039"}],"version-history":[{"count":0,"href":"https:\/\/havamall.com\/en\/wp-json\/wp\/v2\/product\/43039\/revisions"}],"wp:featuredmedia":[{"embeddable":true,"href":"https:\/\/havamall.com\/en\/wp-json\/wp\/v2\/media\/43041"}],"wp:attachment":[{"href":"https:\/\/havamall.com\/en\/wp-json\/wp\/v2\/media?parent=43039"}],"wp:term":[{"taxonomy":"product_brand","embeddable":true,"href":"https:\/\/havamall.com\/en\/wp-json\/wp\/v2\/product_brand?post=43039"},{"taxonomy":"product_cat","embeddable":true,"href":"https:\/\/havamall.com\/en\/wp-json\/wp\/v2\/product_cat?post=43039"},{"taxonomy":"product_tag","embeddable":true,"href":"https:\/\/havamall.com\/en\/wp-json\/wp\/v2\/product_tag?post=43039"}],"curies":[{"name":"wp","href":"https:\/\/api.w.org\/{rel}","templated":true}]}}