{"id":43166,"date":"2025-11-08T11:55:27","date_gmt":"2025-11-08T04:55:27","guid":{"rendered":"https:\/\/havamall.com\/?post_type=product&#038;p=43166"},"modified":"2026-03-18T14:31:02","modified_gmt":"2026-03-18T07:31:02","slug":"keo-vien-mini-cola-orion-nhap-khau-nhat-ban-8g-mini-candy-japan-cola-orion","status":"publish","type":"product","link":"https:\/\/havamall.com\/en\/shop\/keo-vien-mini-cola-orion-nhap-khau-nhat-ban-8g-mini-candy-japan-cola-orion\/","title":{"rendered":"K\u1eb9o Vi\u00ean Mini Cola Orion Nh\u1eadp Kh\u1ea9u Nh\u1eadt B\u1ea3n 8g &#8211; Mini Candy Japan Cola Orion"},"content":{"rendered":"<blockquote>\n<h2><em><strong>TH\u00d4NG TIN CHUNG<\/strong><\/em><\/h2>\n<\/blockquote>\n<table style=\"width: 53.3799%; height: 170px;\">\n<tbody>\n<tr>\n<td><b>Th\u01b0\u01a1ng hi\u1ec7u<\/b><\/td>\n<td>Orion<\/td>\n<\/tr>\n<tr>\n<td><b>Xu\u1ea5t x\u1ee9<\/b><\/td>\n<td>Nh\u1eadt B\u1ea3n<\/td>\n<\/tr>\n<tr>\n<td><b>Th\u00e0nh ph\u1ea7n<\/b><\/td>\n<td>Xem tr\u1ef1c ti\u1ebfp tr\u00ean bao b\u00ec<\/td>\n<\/tr>\n<tr>\n<td><b>H\u1ea1n s\u1eed d\u1ee5ng<\/b><\/td>\n<td>Xem tr\u1ef1c ti\u1ebfp tr\u00ean bao b\u00ec<\/td>\n<\/tr>\n<tr>\n<td><b>B\u1ea3o qu\u1ea3n<\/b><\/td>\n<td>B\u1ea3o qu\u1ea3n n\u01a1i kh\u00f4 r\u00e1o, tho\u00e1ng m\u00e1t<\/td>\n<\/tr>\n<tr>\n<td><b>Kh\u1ed1i l\u01b0\u1ee3ng<\/b><\/td>\n<td>8g<\/td>\n<\/tr>\n<\/tbody>\n<\/table>\n<p data-start=\"409\" data-end=\"775\">K\u1eb9o Vi\u00ean Mini Cola Orion l\u00e0 m\u1ed9t trong nh\u1eefng d\u00f2ng k\u1eb9o n\u00e9n bi\u1ec3u t\u01b0\u1ee3ng c\u1ee7a th\u1ecb tr\u01b0\u1eddng Nh\u1eadt B\u1ea3n, n\u1ed5i b\u1eadt v\u1edbi thi\u1ebft k\u1ebf m\u00f4 ph\u1ecfng lon n\u01b0\u1edbc ng\u1ecdt thu nh\u1ecf m\u00e0u \u0111\u1ecf b\u1eaft m\u1eaft. Orion duy tr\u00ec c\u00f4ng th\u1ee9c pha ch\u1ebf h\u01b0\u01a1ng cola g\u1ea7n nh\u01b0 nguy\u00ean b\u1ea3n su\u1ed1t nhi\u1ec1u n\u0103m, t\u1ea1o n\u00ean m\u1ed9t lo\u1ea1i k\u1eb9o nh\u1ecf g\u1ecdn nh\u01b0ng mang l\u1ea1i c\u1ea3m gi\u00e1c gi\u1ea3i kh\u00e1t nh\u1eb9 nh\u00e0ng v\u00e0 m\u00f9i th\u01a1m \u0111\u1eb7c tr\u01b0ng nh\u01b0 v\u1eeba m\u1edf m\u1ed9t lon cola th\u1eadt s\u1ef1.<\/p>\n<p data-start=\"342\" data-end=\"637\"><img fetchpriority=\"high\" decoding=\"async\" class=\"aligncenter wp-image-43171\" src=\"https:\/\/havamall.com\/wp-content\/uploads\/2025\/11\/526474918_18367292596194676_8701064855609551467_n.webp\" alt=\"\" width=\"800\" height=\"800\" srcset=\"https:\/\/havamall.com\/wp-content\/uploads\/2025\/11\/526474918_18367292596194676_8701064855609551467_n.webp 1440w, https:\/\/havamall.com\/wp-content\/uploads\/2025\/11\/526474918_18367292596194676_8701064855609551467_n-150x150.webp 150w, https:\/\/havamall.com\/wp-content\/uploads\/2025\/11\/526474918_18367292596194676_8701064855609551467_n-12x12.webp 12w, https:\/\/havamall.com\/wp-content\/uploads\/2025\/11\/526474918_18367292596194676_8701064855609551467_n-600x600.webp 600w, https:\/\/havamall.com\/wp-content\/uploads\/2025\/11\/526474918_18367292596194676_8701064855609551467_n-1200x1200.webp 1200w\" sizes=\"(max-width: 800px) 100vw, 800px\" \/><\/p>\n<p data-start=\"777\" data-end=\"1319\">Nh\u1eefng vi\u00ean k\u1eb9o \u0111\u01b0\u1ee3c n\u00e9n th\u00e0nh h\u00ecnh tr\u00f2n nh\u1ecf, b\u1ec1 m\u1eb7t m\u1ecbn, k\u00edch th\u01b0\u1edbc \u0111\u1ed3ng \u0111\u1ec1u v\u00e0 c\u00f3 \u0111\u1ed9 c\u1ee9ng v\u1eeba ph\u1ea3i. Khi \u0111\u01b0a v\u00e0o mi\u1ec7ng, vi\u00ean k\u1eb9o b\u1eaft \u0111\u1ea7u tan ch\u1eadm, ti\u1ebft ra l\u1edbp v\u1ecb \u0111\u1ea7u ti\u00ean l\u00e0 v\u1ecb ng\u1ecdt nh\u1eb9 g\u1ee3i c\u1ea3m gi\u00e1c quen thu\u1ed9c c\u1ee7a soda. K\u1ebf \u0111\u00f3 l\u00e0 l\u1edbp chua thanh tho\u00e1t, gi\u00fap c\u00e2n b\u1eb1ng v\u1ecb v\u00e0 mang \u0111\u1ebfn c\u1ea3m gi\u00e1c \u201cb\u1ecdt gas \u1ea3o\u201d \u0111\u1eb7c tr\u01b0ng c\u1ee7a cola m\u00e0 Orion \u0111\u00e3 m\u00f4 ph\u1ecfng b\u1eb1ng k\u1ef9 thu\u1eadt ph\u1ed1i h\u01b0\u01a1ng \u0111\u1ed9c quy\u1ec1n. Ch\u00ednh s\u1ef1 chuy\u1ec3n t\u1ea7ng v\u1ecb r\u00f5 r\u00e0ng nh\u01b0 v\u1eady t\u1ea1o n\u00ean tr\u1ea3i nghi\u1ec7m th\u01b0\u1edfng th\u1ee9c h\u00e0i h\u00f2a, kh\u00f4ng g\u1eaft c\u1ed5, kh\u00f4ng ng\u1ecdt s\u1eafc v\u00e0 kh\u00f4ng \u0111\u1ec3 l\u1ea1i d\u01b0 v\u1ecb n\u1eb7ng, ph\u00f9 h\u1ee3p v\u1edbi nhi\u1ec1u \u0111\u1ed9 tu\u1ed5i.<\/p>\n<p data-start=\"639\" data-end=\"994\"><img decoding=\"async\" class=\"aligncenter size-full wp-image-43173\" src=\"https:\/\/havamall.com\/wp-content\/uploads\/2025\/11\/sg-11134201-22100-0iqhyenfs2iv92.jpg\" alt=\"\" width=\"800\" height=\"800\" srcset=\"https:\/\/havamall.com\/wp-content\/uploads\/2025\/11\/sg-11134201-22100-0iqhyenfs2iv92.jpg 800w, https:\/\/havamall.com\/wp-content\/uploads\/2025\/11\/sg-11134201-22100-0iqhyenfs2iv92-150x150.jpg 150w, https:\/\/havamall.com\/wp-content\/uploads\/2025\/11\/sg-11134201-22100-0iqhyenfs2iv92-12x12.jpg 12w, https:\/\/havamall.com\/wp-content\/uploads\/2025\/11\/sg-11134201-22100-0iqhyenfs2iv92-600x600.jpg 600w\" sizes=\"(max-width: 800px) 100vw, 800px\" \/><\/p>\n<p data-start=\"1321\" data-end=\"1750\">Nguy\u00ean li\u1ec7u \u0111\u01b0\u1ee3c Orion l\u1ef1a ch\u1ecdn theo ti\u00eau chu\u1ea9n an to\u00e0n th\u1ef1c ph\u1ea9m nghi\u00eam ng\u1eb7t c\u1ee7a Nh\u1eadt: \u0111\u01b0\u1eddng, siro glucose, ch\u1ea5t \u0111i\u1ec1u v\u1ecb v\u00e0 h\u01b0\u01a1ng cola t\u1ed5ng h\u1ee3p \u0111\u1ea1t chu\u1ea9n ki\u1ec3m \u0111\u1ecbnh. C\u00f4ng ngh\u1ec7 n\u00e9n k\u1eb9o c\u1ee7a h\u00e3ng gi\u00fap vi\u00ean k\u1eb9o gi\u1eef \u0111\u01b0\u1ee3c c\u1ea5u tr\u00fac \u1ed5n \u0111\u1ecbnh trong th\u1eddi gian d\u00e0i, kh\u00f4ng b\u1ecb b\u1edf, kh\u00f4ng h\u00fat \u1ea9m g\u00e2y v\u00f3n c\u1ee5c, v\u00e0 lu\u00f4n duy tr\u00ec \u0111\u01b0\u1ee3c b\u1ec1 m\u1eb7t ph\u1eb3ng m\u1ecbn, l\u00e0 l\u00fd do Mini Cola Orion lu\u00f4n c\u00f3 \u0111\u1ed9 \u0111\u1ed3ng nh\u1ea5t cao d\u00f9 \u1edf d\u1ea1ng h\u1ed9p 8g nh\u1ecf hay h\u1ed9p l\u1edbn tr\u01b0ng b\u00e0y.<\/p>\n<p data-start=\"996\" data-end=\"1274\"><img decoding=\"async\" class=\"aligncenter wp-image-43174\" src=\"https:\/\/havamall.com\/wp-content\/uploads\/2025\/11\/568096561_18071044307266359_211236270010879654_n.jpg\" alt=\"\" width=\"804\" height=\"804\" srcset=\"https:\/\/havamall.com\/wp-content\/uploads\/2025\/11\/568096561_18071044307266359_211236270010879654_n.jpg 1440w, https:\/\/havamall.com\/wp-content\/uploads\/2025\/11\/568096561_18071044307266359_211236270010879654_n-150x150.jpg 150w, https:\/\/havamall.com\/wp-content\/uploads\/2025\/11\/568096561_18071044307266359_211236270010879654_n-12x12.jpg 12w, https:\/\/havamall.com\/wp-content\/uploads\/2025\/11\/568096561_18071044307266359_211236270010879654_n-600x600.jpg 600w, https:\/\/havamall.com\/wp-content\/uploads\/2025\/11\/568096561_18071044307266359_211236270010879654_n-1200x1200.jpg 1200w\" sizes=\"(max-width: 804px) 100vw, 804px\" \/><\/p>\n<p data-start=\"1276\" data-end=\"1521\">H\u1ed9p k\u1eb9o \u0111\u01b0\u1ee3c \u0111\u00f3ng d\u1ea1ng \u1ed1ng nh\u1ecf g\u1ecdn, m\u1edf n\u1eafp ti\u1ec7n l\u1ee3i, ph\u00f9 h\u1ee3p \u0111\u1ec3 b\u1ecf v\u00e0o t\u00fai qu\u1ea7n, t\u00fai x\u00e1ch hay balo, r\u1ea5t \u0111\u01b0\u1ee3c tr\u1ebb em v\u00e0 ng\u01b0\u1eddi l\u1edbn \u01b0a th\u00edch. D\u00f9 l\u00e0 m\u00f3n k\u1eb9o nh\u1ecf nh\u01b0ng Mini Cola Orion v\u1eabn gi\u1eef tr\u1ecdn h\u01b0\u01a1ng v\u1ecb \u0111\u1eb7c tr\u01b0ng \u0111\u00e3 theo nhi\u1ec1u th\u1ebf h\u1ec7 t\u1ea1i Nh\u1eadt B\u1ea3n.<\/p>\n<p data-start=\"1523\" data-end=\"1792\">C\u00e1ch d\u00f9ng r\u1ea5t \u0111\u01a1n gi\u1ea3n:<br data-start=\"1546\" data-end=\"1549\" \/>\u2013 Ng\u1eadm tr\u1ef1c ti\u1ebfp \u0111\u1ec3 c\u1ea3m nh\u1eadn ngay v\u1ecb cola th\u01a1m m\u00e1t.<br data-start=\"1600\" data-end=\"1603\" \/>\u2013 D\u00f9ng nh\u01b0 m\u00f3n k\u1eb9o nh\u1ecf ch\u1ed1ng bu\u1ed3n ng\u1ee7, gi\u1ea3m c\u1ea3m gi\u00e1c kh\u00f4 mi\u1ec7ng khi di chuy\u1ec3n ho\u1eb7c l\u00e0m vi\u1ec7c.<br data-start=\"1694\" data-end=\"1697\" \/>\u2013 Ph\u00f9 h\u1ee3p \u0111\u1ec3 th\u00eam v\u00e0o h\u1ed9p qu\u00e0 snack Nh\u1eadt ho\u1eb7c d\u00f9ng trong c\u00e1c bu\u1ed5i vui ch\u01a1i, ho\u1ea1t \u0111\u1ed9ng d\u00e3 ngo\u1ea1i.<\/p>\n<p data-start=\"2552\" data-end=\"2904\">H\u01b0\u01a1ng v\u1ecb cola \u0111\u01b0\u1ee3c Orion tinh ch\u1ec9nh \u0111\u1ec3 ph\u00f9 h\u1ee3p nhi\u1ec1u nh\u00f3m tu\u1ed5i: kh\u00f4ng qu\u00e1 n\u1ed3ng, kh\u00f4ng qu\u00e1 ng\u1ecdt v\u00e0 kh\u00f4ng g\u00e2y d\u00ednh r\u0103ng. Khi vi\u00ean k\u1eb9o tan d\u1ea7n, l\u1edbp h\u01b0\u01a1ng cu\u1ed1i c\u00f9ng \u0111\u1ec3 l\u1ea1i trong mi\u1ec7ng l\u00e0 v\u1ecb ng\u1ecdt nh\u1eb9 pha ch\u00fat th\u01a1m caramel \u2013 d\u1ea5u hi\u1ec7u \u0111\u1eb7c tr\u01b0ng nh\u1ea5t c\u1ee7a cola c\u1ed5 \u0111i\u1ec3n. S\u1ef1 c\u00e2n b\u1eb1ng n\u00e0y t\u1ea1o n\u00ean c\u1ea3m gi\u00e1c d\u1ec5 ch\u1ecbu, kh\u00f4ng g\u00e2y ng\u1ea5y sau khi d\u00f9ng li\u00ean ti\u1ebfp nhi\u1ec1u vi\u00ean.<\/p>\n<p data-start=\"1523\" data-end=\"1792\"><img loading=\"lazy\" decoding=\"async\" class=\"aligncenter wp-image-43175\" src=\"https:\/\/havamall.com\/wp-content\/uploads\/2025\/11\/Keo-Mini-vitamin-C-Huong-Cola-3.jpg\" alt=\"\" width=\"801\" height=\"723\" srcset=\"https:\/\/havamall.com\/wp-content\/uploads\/2025\/11\/Keo-Mini-vitamin-C-Huong-Cola-3.jpg 1440w, https:\/\/havamall.com\/wp-content\/uploads\/2025\/11\/Keo-Mini-vitamin-C-Huong-Cola-3-13x12.jpg 13w, https:\/\/havamall.com\/wp-content\/uploads\/2025\/11\/Keo-Mini-vitamin-C-Huong-Cola-3-600x542.jpg 600w, https:\/\/havamall.com\/wp-content\/uploads\/2025\/11\/Keo-Mini-vitamin-C-Huong-Cola-3-1200x1083.jpg 1200w, https:\/\/havamall.com\/wp-content\/uploads\/2025\/11\/Keo-Mini-vitamin-C-Huong-Cola-3-150x135.jpg 150w\" sizes=\"(max-width: 801px) 100vw, 801px\" \/><\/p>\n<p data-start=\"1794\" data-end=\"1903\">K\u1eb9o Vi\u00ean Mini Cola Orion Nh\u1eadp Kh\u1ea9u Nh\u1eadt B\u1ea3n 8g \u2013 Mini Candy Japan Cola Orion hi\u1ec7n \u0111ang \u0111\u01b0\u1ee3c b\u00e1n t\u1ea1i Havamall.<\/p>","protected":false},"excerpt":{"rendered":"<p>TH\u00d4NG TIN CHUNG Th\u01b0\u01a1ng hi\u1ec7u Orion Xu\u1ea5t x\u1ee9 Nh\u1eadt B\u1ea3n Th\u00e0nh ph\u1ea7n Xem tr\u1ef1c ti\u1ebfp tr\u00ean bao b\u00ec H\u1ea1n s\u1eed<\/p>","protected":false},"featured_media":43169,"comment_status":"open","ping_status":"closed","template":"","meta":[],"product_brand":[],"product_cat":[133,130],"product_tag":[],"class_list":{"0":"post-43166","1":"product","2":"type-product","3":"status-publish","4":"has-post-thumbnail","6":"product_cat-banh-keo-chocolate","7":"product_cat-khuyen-mai","9":"first","10":"instock","11":"sale","12":"shipping-taxable","13":"purchasable","14":"product-type-simple"},"_links":{"self":[{"href":"https:\/\/havamall.com\/en\/wp-json\/wp\/v2\/product\/43166","targetHints":{"allow":["GET"]}}],"collection":[{"href":"https:\/\/havamall.com\/en\/wp-json\/wp\/v2\/product"}],"about":[{"href":"https:\/\/havamall.com\/en\/wp-json\/wp\/v2\/types\/product"}],"replies":[{"embeddable":true,"href":"https:\/\/havamall.com\/en\/wp-json\/wp\/v2\/comments?post=43166"}],"version-history":[{"count":0,"href":"https:\/\/havamall.com\/en\/wp-json\/wp\/v2\/product\/43166\/revisions"}],"wp:featuredmedia":[{"embeddable":true,"href":"https:\/\/havamall.com\/en\/wp-json\/wp\/v2\/media\/43169"}],"wp:attachment":[{"href":"https:\/\/havamall.com\/en\/wp-json\/wp\/v2\/media?parent=43166"}],"wp:term":[{"taxonomy":"product_brand","embeddable":true,"href":"https:\/\/havamall.com\/en\/wp-json\/wp\/v2\/product_brand?post=43166"},{"taxonomy":"product_cat","embeddable":true,"href":"https:\/\/havamall.com\/en\/wp-json\/wp\/v2\/product_cat?post=43166"},{"taxonomy":"product_tag","embeddable":true,"href":"https:\/\/havamall.com\/en\/wp-json\/wp\/v2\/product_tag?post=43166"}],"curies":[{"name":"wp","href":"https:\/\/api.w.org\/{rel}","templated":true}]}}