{"id":43251,"date":"2025-11-15T10:42:34","date_gmt":"2025-11-15T03:42:34","guid":{"rendered":"https:\/\/havamall.com\/?post_type=product&#038;p=43251"},"modified":"2026-02-27T13:52:06","modified_gmt":"2026-02-27T06:52:06","slug":"nuoc-cot-chanh-pokka-sapporo-100-nhat-ban-70ml-pokka-lemon-100","status":"publish","type":"product","link":"https:\/\/havamall.com\/en\/shop\/nuoc-cot-chanh-pokka-sapporo-100-nhat-ban-70ml-pokka-lemon-100\/","title":{"rendered":"N\u01b0\u1edbc C\u1ed1t Chanh Pokka Sapporo 100% Nh\u1eadt B\u1ea3n 70ml \u2013 Pokka Lemon 100"},"content":{"rendered":"<blockquote>\n<h2><em><strong>TH\u00d4NG TIN CHUNG<\/strong><\/em><\/h2>\n<\/blockquote>\n<table style=\"width: 74.846%;height: 172px\">\n<tbody>\n<tr>\n<td style=\"width: 205px\"><b>Th\u01b0\u01a1ng hi\u1ec7u<\/b><\/td>\n<td style=\"width: 323px\"><b>Pokka Sapporo<\/b><\/td>\n<\/tr>\n<tr>\n<td style=\"width: 205px\"><b>T\u00ean s\u1ea3n ph\u1ea9m (ti\u1ebfng Nh\u1eadt)<\/b><\/td>\n<td style=\"width: 323px\"><b>\u30dd\u30c3\u30ab\u30ec\u30e2\u30f3100<\/b>\u00a0(<i>Pokka Lemon 100<\/i>)<\/td>\n<\/tr>\n<tr>\n<td style=\"width: 205px\"><b>Xu\u1ea5t x\u1ee9<\/b><\/td>\n<td style=\"width: 323px\"><b>Nh\u1eadt B\u1ea3n<\/b><\/td>\n<\/tr>\n<tr>\n<td style=\"width: 205px\"><b>Th\u00e0nh ph\u1ea7n<\/b><\/td>\n<td style=\"width: 323px\">N\u01b0\u1edbc c\u1ed1t chanh 100% (c\u00f4 \u0111\u1eb7c ho\u00e0n nguy\u00ean)<\/td>\n<\/tr>\n<tr>\n<td style=\"width: 205px\"><b>B\u1ea3o qu\u1ea3n<\/b><\/td>\n<td style=\"width: 323px\"><b>Y\u00eau c\u1ea7u b\u1ea3o qu\u1ea3n l\u1ea1nh sau khi m\u1edf n\u1eafp<\/b><\/td>\n<\/tr>\n<tr>\n<td style=\"width: 205px\"><b>Kh\u1ed1i l\u01b0\u1ee3ng\/Dung t\u00edch<\/b><\/td>\n<td style=\"width: 323px\">70ml<\/td>\n<\/tr>\n<tr>\n<td style=\"width: 205px\"><b>H\u1ea1n s\u1eed d\u1ee5ng<\/b><\/td>\n<td style=\"width: 323px\">Xem tr\u1ef1c ti\u1ebfp tr\u00ean bao b\u00ec<\/td>\n<\/tr>\n<\/tbody>\n<\/table>\n<p data-start=\"849\" data-end=\"1276\">Pokka Sapporo Lemon 100 mang l\u1ea1i c\u1ea3m gi\u00e1c ch\u1eafc ch\u1eafn ngay t\u1eeb l\u1ea7n m\u1edf n\u1eafp \u0111\u1ea7u ti\u00ean, h\u01b0\u01a1ng chanh t\u01b0\u01a1i lan nh\u1eb9, s\u1eafc n\u00e9t, g\u1ecdn g\u00e0ng, kh\u00f4ng b\u1ecb l\u1eabn tinh d\u1ea7u \u0111\u1eafng nh\u01b0 c\u00e1ch v\u1eaft tay truy\u1ec1n th\u1ed1ng, m\u00e0u ch\u1ea5t l\u1ecfng gi\u1eef \u0111\u01b0\u1ee3c s\u1ef1 trong tr\u1ebbo, h\u00f2a tan nhanh trong n\u01b0\u1edbc l\u1ea1nh, soda ho\u1eb7c siro, gi\u00fap ti\u1ebft ki\u1ec7m th\u1eddi gian \u0111\u00e1ng k\u1ec3 cho nh\u1eefng thao t\u00e1c th\u01b0\u1eddng ng\u00e0y, ch\u1ec9 m\u1ed9t l\u01b0\u1ee3ng nh\u1ecf \u0111\u00e3 t\u1ea1o \u0111\u01b0\u1ee3c \u0111\u1ed9 chua s\u00e1ng, mang n\u00e9t r\u1ea5t \u0111\u1eb7c tr\u01b0ng c\u1ee7a chanh t\u01b0\u01a1i tuy\u1ec3n ch\u1ecdn.<\/p>\n<p data-start=\"849\" data-end=\"1276\"><img fetchpriority=\"high\" decoding=\"async\" class=\"aligncenter wp-image-43253\" src=\"https:\/\/havamall.com\/wp-content\/uploads\/2025\/11\/image-1739156562064.jpg\" alt=\"\" width=\"799\" height=\"450\" srcset=\"https:\/\/havamall.com\/wp-content\/uploads\/2025\/11\/image-1739156562064.jpg 1705w, https:\/\/havamall.com\/wp-content\/uploads\/2025\/11\/image-1739156562064-18x10.jpg 18w, https:\/\/havamall.com\/wp-content\/uploads\/2025\/11\/image-1739156562064-600x338.jpg 600w, https:\/\/havamall.com\/wp-content\/uploads\/2025\/11\/image-1739156562064-1200x676.jpg 1200w, https:\/\/havamall.com\/wp-content\/uploads\/2025\/11\/image-1739156562064-150x84.jpg 150w\" sizes=\"(max-width: 799px) 100vw, 799px\" \/><\/p>\n<p data-start=\"1278\" data-end=\"1712\">B\u00ean c\u1ea1nh m\u00f9i v\u1ecb, y\u1ebfu t\u1ed1 \u0111\u01b0\u1ee3c \u0111\u00e1nh gi\u00e1 cao ch\u00ednh l\u00e0 s\u1ef1 \u1ed5n \u0111\u1ecbnh; vi\u1ec7c ph\u1ee5 thu\u1ed9c v\u00e0o ch\u1ea5t l\u01b0\u1ee3ng chanh theo m\u00f9a khi\u1ebfn m\u00f3n pha ch\u1ebf d\u1ec5 thay \u0111\u1ed5i v\u1ecb, \u0111\u1eb7c bi\u1ec7t trong m\u00f4i tr\u01b0\u1eddng y\u00eau c\u1ea7u \u0111\u1ed9 ch\u00ednh x\u00e1c cao. Khi d\u00f9ng n\u01b0\u1edbc c\u1ed1t \u00e9p v\u00e0 ho\u00e0n nguy\u00ean theo c\u00f4ng ngh\u1ec7 Nh\u1eadt, m\u1ed7i l\u1ea7n pha \u0111\u1ec1u gi\u1eef m\u1ed9t chu\u1ea9n m\u1ef1c quen thu\u1ed9c, t\u1ea1o c\u1ea3m gi\u00e1c an t\u00e2m t\u1eeb \u0111\u1ea7u \u0111\u1ebfn cu\u1ed1i, s\u1ef1 \u0111\u1ed3ng \u0111\u1ec1u n\u00e0y gi\u00fap gi\u1eef c\u00f4ng th\u1ee9c lu\u00f4n nh\u1ea5t qu\u00e1n, h\u1ea1n ch\u1ebf sai l\u1ec7ch do nguy\u00ean li\u1ec7u t\u01b0\u01a1i th\u1ea5t th\u01b0\u1eddng.<\/p>\n<p data-start=\"1278\" data-end=\"1712\"><img decoding=\"async\" class=\"aligncenter wp-image-43254\" src=\"https:\/\/havamall.com\/wp-content\/uploads\/2025\/11\/image-1739156618395.jpg\" alt=\"\" width=\"801\" height=\"451\" srcset=\"https:\/\/havamall.com\/wp-content\/uploads\/2025\/11\/image-1739156618395.jpg 1705w, https:\/\/havamall.com\/wp-content\/uploads\/2025\/11\/image-1739156618395-18x10.jpg 18w, https:\/\/havamall.com\/wp-content\/uploads\/2025\/11\/image-1739156618395-600x338.jpg 600w, https:\/\/havamall.com\/wp-content\/uploads\/2025\/11\/image-1739156618395-1200x676.jpg 1200w, https:\/\/havamall.com\/wp-content\/uploads\/2025\/11\/image-1739156618395-150x84.jpg 150w\" sizes=\"(max-width: 801px) 100vw, 801px\" \/><\/p>\n<p data-start=\"1714\" data-end=\"2060\">T\u00ednh ti\u1ec7n l\u1ee3i c\u0169ng l\u00e0 \u0111i\u1ec3m \u0111\u00e1ng ch\u00fa \u00fd, ch\u1ec9 c\u1ea7n m\u1ed9t thao t\u00e1c nh\u1ecf \u0111\u00e3 c\u00f3 ngay l\u01b0\u1ee3ng n\u01b0\u1edbc c\u1ed1t \u0111\u1ee7 d\u00f9ng, kh\u00f4ng ph\u1ea3i r\u1eeda chanh, c\u1eaft chanh hay l\u1ecdc h\u1ea1t. Kh\u00f4ng c\u00f2n lo v\u1ea5n \u0111\u1ec1 l\u1eabn tinh d\u1ea7u khi\u1ebfn v\u1ecb b\u1ecb \u0111\u1eafng, kh\u00f4ng m\u1ea5t th\u1eddi gian x\u1eed l\u00fd nh\u1eefng qu\u1ea3 chanh d\u1eadp, kh\u00f4 ho\u1eb7c \u00fang. Ngo\u00e0i vai tr\u00f2 trong pha ch\u1ebf, n\u01b0\u1edbc chanh nguy\u00ean ch\u1ea5t ki\u1ec3u n\u00e0y c\u00f2n linh ho\u1ea1t trong n\u1ea5u \u0103n, m\u1ed9t v\u00e0i gi\u1ecdt cho m\u00f3n salad gi\u00fap k\u1ebft c\u1ea5u s\u1ed1t s\u00e1ng v\u00e0 nh\u1eb9. Khi n\u1ea5u n\u01b0\u1edbc m\u1eafm chua ng\u1ecdt, \u0111\u1ed9 trong v\u00e0 v\u1ecb s\u1ea1ch c\u1ee7a n\u01b0\u1edbc c\u1ed1t khi\u1ebfn m\u00f3n \u0103n tinh h\u01a1n. Khi c\u1ea7n kh\u1eed m\u00f9i h\u1ea3i s\u1ea3n, \u0111\u1ed9 chua v\u1eeba v\u00e0 h\u01b0\u01a1ng t\u01b0\u01a1i c\u1ee7a chanh \u00e9p c\u00f4ng ngh\u1ec7 cao gi\u00fap th\u1ecbt c\u00e1 gi\u1eef \u0111\u01b0\u1ee3c \u0111\u1ed9 ng\u1ecdt t\u1ef1 nhi\u00ean m\u00e0 kh\u00f4ng g\u00e2y g\u1eaft. Khi l\u00e0m m\u00f3n ng\u1ecdt, vi\u1ec7c d\u00f9ng n\u01b0\u1edbc c\u1ed1t \u1ed5n \u0111\u1ecbnh gi\u00fap ki\u1ec3m so\u00e1t c\u00f4ng th\u1ee9c d\u1ec5 h\u01a1n so v\u1edbi chanh t\u01b0\u01a1i v\u1ed1n thay \u0111\u1ed5i theo \u0111\u1ed9 gi\u00e0 \u2013 non.<\/p>\n<p data-start=\"1714\" data-end=\"2060\"><img decoding=\"async\" class=\"aligncenter wp-image-43255\" src=\"https:\/\/havamall.com\/wp-content\/uploads\/2025\/11\/image-1749251299246.jpg\" alt=\"\" width=\"801\" height=\"451\" srcset=\"https:\/\/havamall.com\/wp-content\/uploads\/2025\/11\/image-1749251299246.jpg 1705w, https:\/\/havamall.com\/wp-content\/uploads\/2025\/11\/image-1749251299246-18x10.jpg 18w, https:\/\/havamall.com\/wp-content\/uploads\/2025\/11\/image-1749251299246-600x338.jpg 600w, https:\/\/havamall.com\/wp-content\/uploads\/2025\/11\/image-1749251299246-1200x676.jpg 1200w, https:\/\/havamall.com\/wp-content\/uploads\/2025\/11\/image-1749251299246-150x84.jpg 150w\" sizes=\"(max-width: 801px) 100vw, 801px\" \/><\/p>\n<blockquote>\n<p data-start=\"2555\" data-end=\"2888\"><span style=\"font-size: 18pt\"><strong>\u0110\u1eb6C \u0110I\u1ec2M N\u1ed4I B\u1eacT<\/strong><\/span><\/p>\n<\/blockquote>\n<p data-start=\"2555\" data-end=\"2888\">\u2013 H\u01b0\u01a1ng chanh thanh, s\u00e1ng v\u00e0 g\u1ecdn v\u1ecb<br data-start=\"2637\" data-end=\"2640\" \/>\u2013 Kh\u00f4ng l\u1eabn v\u1ecb \u0111\u1eafng t\u1eeb v\u1ecf<br data-start=\"2665\" data-end=\"2668\" \/>\u2013 H\u00f2a tan t\u1ed1t trong c\u1ea3 n\u01b0\u1edbc l\u1ea1nh l\u1eabn h\u1ed7n h\u1ee3p \u0111\u1eb7c<br data-start=\"2716\" data-end=\"2719\" \/>\u2013 D\u1ec5 ki\u1ec3m so\u00e1t l\u01b0\u1ee3ng d\u00f9ng<br data-start=\"2744\" data-end=\"2747\" \/>\u2013 \u1ed4n \u0111\u1ecbnh h\u01b0\u01a1ng v\u1ecb quanh n\u0103m<br data-start=\"2775\" data-end=\"2778\" \/>\u2013 Ti\u1ec7n l\u1ee3i cho c\u1ea3 pha ch\u1ebf nhanh, n\u1ea5u \u0103n v\u00e0 l\u00e0m b\u00e1nh<br data-start=\"2829\" data-end=\"2832\" \/>\u2013 Thay \u0111\u01b0\u1ee3c nhi\u1ec1u qu\u1ea3 chanh t\u01b0\u01a1i n\u00ean ti\u1ebft ki\u1ec7m \u0111\u00e1ng k\u1ec3<\/p>\n<p data-start=\"2555\" data-end=\"2888\"><img loading=\"lazy\" decoding=\"async\" class=\"aligncenter wp-image-43256\" src=\"https:\/\/havamall.com\/wp-content\/uploads\/2025\/11\/image-1737928080438.jpg\" alt=\"\" width=\"800\" height=\"450\" srcset=\"https:\/\/havamall.com\/wp-content\/uploads\/2025\/11\/image-1737928080438.jpg 1280w, https:\/\/havamall.com\/wp-content\/uploads\/2025\/11\/image-1737928080438-18x10.jpg 18w, https:\/\/havamall.com\/wp-content\/uploads\/2025\/11\/image-1737928080438-600x338.jpg 600w, https:\/\/havamall.com\/wp-content\/uploads\/2025\/11\/image-1737928080438-1200x675.jpg 1200w, https:\/\/havamall.com\/wp-content\/uploads\/2025\/11\/image-1737928080438-150x84.jpg 150w\" sizes=\"(max-width: 800px) 100vw, 800px\" \/><\/p>\n<p data-start=\"2890\" data-end=\"3198\">Khi c\u1ea7n m\u1ed9t ngu\u1ed3n v\u1ecb chua \u1ed5n \u0111\u1ecbnh, ti\u1ec7n d\u1ee5ng, s\u1ea1ch v\u00e0 tinh t\u1ebf, Pokka Sapporo Lemon 100 mang l\u1ea1i c\u1ea3m gi\u00e1c tin c\u1eady \u0111\u1eb7c bi\u1ec7t. T\u1eeb pha ch\u1ebf \u0111\u1ebfn n\u1ea5u \u0103n, m\u1ecdi thao t\u00e1c \u0111\u1ec1u tr\u1edf n\u00ean g\u1ecdn g\u00e0ng v\u00e0 \u0111\u1ed3ng nh\u1ea5t h\u01a1n. S\u1ef1 nh\u1ea5t qu\u00e1n trong t\u1eebng gi\u1ecdt n\u01b0\u1edbc c\u1ed1t khi\u1ebfn nh\u1eefng m\u00f3n quen thu\u1ed9c \u0111\u00fang v\u1ecb theo c\u00e1ch m\u00e0 ng\u01b0\u1eddi l\u00e0m b\u1ebfp mong mu\u1ed1n.<\/p>\n<p data-start=\"3200\" data-end=\"3260\" data-is-last-node=\"\" data-is-only-node=\"\">Pokka Sapporo Lemon 100 <strong data-start=\"3224\" data-end=\"3259\">hi\u1ec7n \u0111ang \u0111\u01b0\u1ee3c b\u00e1n t\u1ea1i Havamall<\/strong>.<\/p>","protected":false},"excerpt":{"rendered":"<p>TH\u00d4NG TIN CHUNG Th\u01b0\u01a1ng hi\u1ec7u Pokka Sapporo T\u00ean s\u1ea3n ph\u1ea9m (ti\u1ebfng Nh\u1eadt) \u30dd\u30c3\u30ab\u30ec\u30e2\u30f3100\u00a0(Pokka Lemon 100) Xu\u1ea5t x\u1ee9 Nh\u1eadt B\u1ea3n Th\u00e0nh<\/p>","protected":false},"featured_media":43252,"comment_status":"open","ping_status":"closed","template":"","meta":[],"product_brand":[],"product_cat":[255,131,722],"product_tag":[],"class_list":{"0":"post-43251","1":"product","2":"type-product","3":"status-publish","4":"has-post-thumbnail","6":"product_cat-nguyen-lieu-lam-banh","7":"product_cat-nguyen-lieu-lam-bep","8":"product_cat-nhap-khau-nhat-ban","10":"first","11":"outofstock","12":"sale","13":"shipping-taxable","14":"purchasable","15":"product-type-simple"},"_links":{"self":[{"href":"https:\/\/havamall.com\/en\/wp-json\/wp\/v2\/product\/43251","targetHints":{"allow":["GET"]}}],"collection":[{"href":"https:\/\/havamall.com\/en\/wp-json\/wp\/v2\/product"}],"about":[{"href":"https:\/\/havamall.com\/en\/wp-json\/wp\/v2\/types\/product"}],"replies":[{"embeddable":true,"href":"https:\/\/havamall.com\/en\/wp-json\/wp\/v2\/comments?post=43251"}],"version-history":[{"count":0,"href":"https:\/\/havamall.com\/en\/wp-json\/wp\/v2\/product\/43251\/revisions"}],"wp:featuredmedia":[{"embeddable":true,"href":"https:\/\/havamall.com\/en\/wp-json\/wp\/v2\/media\/43252"}],"wp:attachment":[{"href":"https:\/\/havamall.com\/en\/wp-json\/wp\/v2\/media?parent=43251"}],"wp:term":[{"taxonomy":"product_brand","embeddable":true,"href":"https:\/\/havamall.com\/en\/wp-json\/wp\/v2\/product_brand?post=43251"},{"taxonomy":"product_cat","embeddable":true,"href":"https:\/\/havamall.com\/en\/wp-json\/wp\/v2\/product_cat?post=43251"},{"taxonomy":"product_tag","embeddable":true,"href":"https:\/\/havamall.com\/en\/wp-json\/wp\/v2\/product_tag?post=43251"}],"curies":[{"name":"wp","href":"https:\/\/api.w.org\/{rel}","templated":true}]}}