{"id":43258,"date":"2025-11-15T13:49:01","date_gmt":"2025-11-15T06:49:01","guid":{"rendered":"https:\/\/havamall.com\/?post_type=product&#038;p=43258"},"modified":"2025-11-15T13:49:02","modified_gmt":"2025-11-15T06:49:02","slug":"vien-sui-thong-tac-duong-ong-pix-vi-12-vien-x-5-5g","status":"publish","type":"product","link":"https:\/\/havamall.com\/en\/shop\/vien-sui-thong-tac-duong-ong-pix-vi-12-vien-x-5-5g\/","title":{"rendered":"Vi\u00ean S\u1ee7i Th\u00f4ng T\u1eafc \u0110\u01b0\u1eddng \u1ed0ng Pix V\u1ec9 12 vi\u00ean x 5.5g"},"content":{"rendered":"<blockquote>\n<h2><em><strong>TH\u00d4NG TIN CHUNG<\/strong><\/em><\/h2>\n<\/blockquote>\n<table style=\"width: 81.2086%;height: 295px\">\n<tbody>\n<tr style=\"height: 24px\">\n<td style=\"height: 24px;width: 17.0965%\"><b>Th\u01b0\u01a1ng hi\u1ec7u<\/b><\/td>\n<td style=\"height: 24px;width: 76.4922%\"><b>PIX<\/b> (thu\u1ed9c Lion Chemical)<\/td>\n<\/tr>\n<tr style=\"height: 24px\">\n<td style=\"height: 24px;width: 17.0965%\"><b>Xu\u1ea5t x\u1ee9<\/b><\/td>\n<td style=\"height: 24px;width: 76.4922%\"><b>Nh\u1eadt B\u1ea3n<\/b><\/td>\n<\/tr>\n<tr style=\"height: 48px\">\n<td style=\"height: 48px;width: 17.0965%\"><b>\u0110\u1eb7c t\u00ednh n\u1ed5i b\u1eadt<\/b><\/td>\n<td style=\"height: 48px;width: 76.4922%\"><b>Kh\u1eed khu\u1ea9n 99.9%<\/b> v\u00e0 lo\u1ea1i b\u1ecf m\u00f9i h\u00f4i\/ch\u1ea5t nh\u1eddn t\u1eadn g\u1ed1c.<\/td>\n<\/tr>\n<tr style=\"height: 24px\">\n<td style=\"height: 24px;width: 17.0965%\"><b>D\u1ea1ng s\u1ea3n ph\u1ea9m<\/b><\/td>\n<td style=\"height: 24px;width: 76.4922%\">Vi\u00ean s\u1ee7i n\u00e9n<\/td>\n<\/tr>\n<tr style=\"height: 48px\">\n<td style=\"height: 48px;width: 17.0965%\"><b>Th\u00e0nh ph\u1ea7n<\/b><\/td>\n<td style=\"height: 48px;width: 76.4922%\">G\u1ed1c Ki\u1ec1m &#8211; Clo (<i>Sodium perborate, Hydrogen persulfate Caliumm, Natri Carbonate&#8230;<\/i>)<\/td>\n<\/tr>\n<tr style=\"height: 48px\">\n<td style=\"height: 48px;width: 17.0965%\"><b>C\u1ea3nh b\u00e1o QUAN TR\u1eccNG<\/b><\/td>\n<td style=\"height: 48px;width: 76.4922%\"><b>TUY\u1ec6T \u0110\u1ed0I KH\u00d4NG D\u00d9NG CHUNG\/TR\u1ed8N L\u1eaaN<\/b> v\u1edbi c\u00e1c ch\u1ea5t t\u1ea9y r\u1eeda kh\u00e1c (\u0110\u1eb7c bi\u1ec7t l\u00e0 nh\u1eefng lo\u1ea1i c\u00f3 t\u00ednh Axit\/Ki\u1ec1m).<\/td>\n<\/tr>\n<tr style=\"height: 48px\">\n<td style=\"height: 48px;width: 17.0965%\"><b>C\u00e1ch d\u00f9ng<\/b><\/td>\n<td style=\"height: 48px;width: 76.4922%\">Th\u1ea3 1 vi\u00ean v\u00e0o khu v\u1ef1c c\u1ea7n l\u00e0m s\u1ea1ch (c\u1ed1ng, b\u1ed3n r\u1eeda). \u0110\u1ec3 y\u00ean v\u00e0 x\u1ea3 n\u01b0\u1edbc sau kho\u1ea3ng <b>30-60 ph\u00fat<\/b> (ho\u1eb7c qua \u0111\u00eam) \u0111\u1ec3 \u0111\u1ea1t hi\u1ec7u qu\u1ea3 cao nh\u1ea5t.<\/td>\n<\/tr>\n<\/tbody>\n<\/table>\n<p>Trong c\u0103n b\u1ebfp ho\u1eb7c ph\u00f2ng t\u1eafm, lu\u00f4n c\u00f3 nh\u1eefng v\u1ecb tr\u00ed kh\u00f3 x\u1eed l\u00fd: khe tho\u00e1t n\u01b0\u1edbc, \u0111\u00e1y \u1ed1ng x\u1ea3, khu v\u1ef1c t\u00edch d\u1ea7u m\u1ee1 l\u00e2u ng\u00e0y ho\u1eb7c n\u01a1i \u1ea9m th\u1ea5p d\u1ec5 ph\u00e1t sinh m\u00f9i. Nhi\u1ec1u ng\u01b0\u1eddi t\u1eebng th\u1eed qua nhi\u1ec1u c\u00e1ch nh\u01b0 d\u00f9ng n\u01b0\u1edbc n\u00f3ng, gi\u1ea5m, b\u1ed9t n\u1edf hay c\u00e1c ch\u1ea5t t\u1ea9y r\u1eeda m\u1ea1nh nh\u01b0ng k\u1ebft qu\u1ea3 kh\u00f4ng \u1ed5n \u0111\u1ecbnh, th\u1eadm ch\u00ed l\u00e0m b\u1ec1 m\u1eb7t d\u1ec5 xu\u1ed1ng c\u1ea5p. Khi nhu c\u1ea7u v\u1eeba ti\u1ec7n g\u1ecdn v\u1eeba hi\u1ec7u qu\u1ea3 ng\u00e0y c\u00e0ng t\u0103ng, c\u00e1c d\u1ea1ng vi\u00ean s\u1ee7i l\u00e0m s\u1ea1ch nhanh tr\u1edf th\u00e0nh l\u1ef1a ch\u1ecdn \u0111\u00e1ng ch\u00fa \u00fd.<\/p>\n<p><img fetchpriority=\"high\" decoding=\"async\" class=\"aligncenter  wp-image-43263\" src=\"https:\/\/havamall.com\/wp-content\/uploads\/2025\/11\/c1e8cef2ae922fc2a639e8304f33133b89abe743_1024_1024.jpg\" alt=\"\" width=\"800\" height=\"800\" srcset=\"https:\/\/havamall.com\/wp-content\/uploads\/2025\/11\/c1e8cef2ae922fc2a639e8304f33133b89abe743_1024_1024.jpg 1024w, https:\/\/havamall.com\/wp-content\/uploads\/2025\/11\/c1e8cef2ae922fc2a639e8304f33133b89abe743_1024_1024-150x150.jpg 150w, https:\/\/havamall.com\/wp-content\/uploads\/2025\/11\/c1e8cef2ae922fc2a639e8304f33133b89abe743_1024_1024-12x12.jpg 12w, https:\/\/havamall.com\/wp-content\/uploads\/2025\/11\/c1e8cef2ae922fc2a639e8304f33133b89abe743_1024_1024-600x600.jpg 600w\" sizes=\"(max-width: 800px) 100vw, 800px\" \/><\/p>\n<p>Vi\u00ean l\u00e0m s\u1ea1ch Pix t\u1ea1o c\u1ea3m gi\u00e1c \u0111\u01a1n gi\u1ea3n ngay t\u1eeb thao t\u00e1c \u0111\u1ea7u ti\u00ean, ch\u1ec9 c\u1ea7n th\u1ea3 v\u00e0o \u0111i\u1ec3m c\u1ea7n x\u1eed l\u00fd, b\u1ec1 m\u1eb7t vi\u00ean ti\u1ebfp x\u00fac n\u01b0\u1edbc l\u1eadp t\u1ee9c t\u1ea1o b\u1ecdt m\u1ea1nh, \u0111\u01b0a ho\u1ea1t ch\u1ea5t len v\u00e0o c\u00e1c ng\u00f3c ng\u00e1ch m\u00e0 tay kh\u00f3 v\u1edbi t\u1edbi. S\u1ef1 s\u1ee7i n\u1edf nhanh gi\u00fap l\u1ea5y \u0111i l\u1edbp b\u00e1m, m\u1ea3ng d\u1ea7u m\u1ee1, v\u1ebft c\u1eb7n trong \u1ed1ng tho\u00e1t n\u01b0\u1edbc ho\u1eb7c v\u00f9ng \u1ea9m l\u01b0u c\u1eb7n l\u00e2u ng\u00e0y. Qu\u00e1 tr\u00ecnh di\u1ec5n ra \u00e2m th\u1ea7m nh\u01b0ng \u0111\u1ee7 m\u1ea1nh \u0111\u1ec3 tr\u1ea3 l\u1ea1i c\u1ea3m gi\u00e1c s\u1ea1ch tho\u00e1ng.<\/p>\n<p><img decoding=\"async\" class=\"aligncenter  wp-image-43264\" src=\"https:\/\/havamall.com\/wp-content\/uploads\/2025\/11\/4900480199187_04.avif\" alt=\"\" width=\"800\" height=\"800\" srcset=\"https:\/\/havamall.com\/wp-content\/uploads\/2025\/11\/4900480199187_04.avif 1500w, https:\/\/havamall.com\/wp-content\/uploads\/2025\/11\/4900480199187_04-150x150.avif 150w, https:\/\/havamall.com\/wp-content\/uploads\/2025\/11\/4900480199187_04-12x12.avif 12w, https:\/\/havamall.com\/wp-content\/uploads\/2025\/11\/4900480199187_04-600x600.avif 600w, https:\/\/havamall.com\/wp-content\/uploads\/2025\/11\/4900480199187_04-1200x1200.avif 1200w\" sizes=\"(max-width: 800px) 100vw, 800px\" \/><\/p>\n<p>\u01afu \u0111i\u1ec3m t\u1ea1o s\u1ef1 kh\u00e1c bi\u1ec7t ch\u00ednh l\u00e0 kh\u1ea3 n\u0103ng lo\u1ea1i b\u1ecf m\u00f9i kh\u00f3 ch\u1ecbu m\u1ed9t c\u00e1ch tr\u1ecdn v\u1eb9n. Nh\u1eefng v\u1ecb tr\u00ed nh\u01b0 \u1ed1ng x\u1ea3 b\u1ed3n r\u1eeda ch\u00e9n, c\u1ed1ng nh\u00e0 t\u1eafm ho\u1eb7c khu v\u1ef1c \u0111\u1ecdng n\u01b0\u1edbc th\u01b0\u1eddng ph\u00e1t sinh m\u00f9i r\u1ea5t dai. Khi ho\u1ea1t ch\u1ea5t ph\u00e2n t\u00e1ch ch\u1ea5t b\u1ea9n v\u00e0 cu\u1ed1n tr\u00f4i c\u1eb7n, kh\u00f4ng gian tr\u1edf n\u00ean nh\u1eb9 m\u00f9i v\u00e0 kh\u00f4 tho\u00e1ng h\u01a1n. T\u00ednh \u1ed5n \u0111\u1ecbnh c\u1ee7a vi\u00ean s\u1ee7i gi\u00fap duy tr\u00ec k\u1ebft qu\u1ea3 s\u1ea1ch l\u00e2u h\u01a1n so v\u1edbi c\u00e1c c\u00e1ch l\u00e0m th\u00f4ng th\u01b0\u1eddng v\u1ed1n ch\u1ec9 x\u1eed l\u00fd tr\u00ean b\u1ec1 m\u1eb7t.<\/p>\n<p><img decoding=\"async\" class=\"aligncenter  wp-image-43266\" src=\"https:\/\/havamall.com\/wp-content\/uploads\/2025\/11\/5_000000000258.jpg\" alt=\"\" width=\"799\" height=\"799\" srcset=\"https:\/\/havamall.com\/wp-content\/uploads\/2025\/11\/5_000000000258.jpg 750w, https:\/\/havamall.com\/wp-content\/uploads\/2025\/11\/5_000000000258-150x150.jpg 150w, https:\/\/havamall.com\/wp-content\/uploads\/2025\/11\/5_000000000258-12x12.jpg 12w, https:\/\/havamall.com\/wp-content\/uploads\/2025\/11\/5_000000000258-600x600.jpg 600w\" sizes=\"(max-width: 799px) 100vw, 799px\" \/><\/p>\n<p>M\u1ed9t \u0111i\u1ec3m khi\u1ebfn d\u1ea1ng vi\u00ean \u0111\u01b0\u1ee3c \u0111\u00e1nh gi\u00e1 cao l\u00e0 t\u00ednh ti\u1ec7n l\u1ee3i trong l\u01b0u tr\u1eef. Kh\u00f4ng ph\u1ea3i \u0111o l\u01b0\u1eddng, kh\u00f4ng c\u1ea7n ti\u1ebfp x\u00fac tr\u1ef1c ti\u1ebfp v\u1edbi h\u00f3a ch\u1ea5t l\u1ecfng, kh\u00f4ng s\u1ee3 \u0111\u1ed5 tr\u00e0n hay b\u1ecb \u00e1m m\u00f9i. Ch\u1ec9 c\u1ea7n m\u1ed9t vi\u00ean cho m\u1ed7i l\u1ea7n l\u00e0m s\u1ea1ch \u0111\u00fang y\u00eau c\u1ea7u. C\u00e1c m\u00f4i tr\u01b0\u1eddng v\u1ed1n ph\u1ee9c t\u1ea1p nh\u01b0 k\u1ebd m\u00e1y gi\u1eb7t, khu v\u1ef1c d\u01b0\u1edbi l\u01b0\u1edbi l\u1ecdc, h\u1ed9p \u0111\u1ef1ng b\u00e0n ch\u1ea3i, th\u1eadm ch\u00ed \u0111\u00e1y th\u00f9ng r\u00e1c mini c\u0169ng c\u00f3 th\u1ec3 x\u1eed l\u00fd nhanh m\u00e0 kh\u00f4ng ph\u1ea3i th\u00e1o l\u1eafp nhi\u1ec1u.<\/p>\n<p><img loading=\"lazy\" decoding=\"async\" class=\"aligncenter  wp-image-43265\" src=\"https:\/\/havamall.com\/wp-content\/uploads\/2025\/11\/02142005_65cc9e86dce97.jpg\" alt=\"\" width=\"800\" height=\"799\" srcset=\"https:\/\/havamall.com\/wp-content\/uploads\/2025\/11\/02142005_65cc9e86dce97.jpg 1400w, https:\/\/havamall.com\/wp-content\/uploads\/2025\/11\/02142005_65cc9e86dce97-150x150.jpg 150w, https:\/\/havamall.com\/wp-content\/uploads\/2025\/11\/02142005_65cc9e86dce97-12x12.jpg 12w, https:\/\/havamall.com\/wp-content\/uploads\/2025\/11\/02142005_65cc9e86dce97-600x600.jpg 600w, https:\/\/havamall.com\/wp-content\/uploads\/2025\/11\/02142005_65cc9e86dce97-1200x1199.jpg 1200w\" sizes=\"(max-width: 800px) 100vw, 800px\" \/><\/p>\n<blockquote><p><em><strong><span style=\"font-size: 18pt\">\u0110\u1eb6C \u0110I\u1ec2M N\u1ed4I B\u1eacT<\/span><\/strong><\/em><\/p><\/blockquote>\n<p>\u2013 D\u1ec5 d\u00f9ng, ch\u1ec9 c\u1ea7n th\u1ea3 v\u00e0o v\u1ecb tr\u00ed c\u1ea7n l\u00e0m s\u1ea1ch<br \/>\n\u2013 S\u1ee7i m\u1ea1nh, \u0111\u01b0a ho\u1ea1t ch\u1ea5t v\u00e0o c\u00e1c khe v\u00e0 \u1ed1ng nh\u1ecf<br \/>\n\u2013 H\u1ed7 tr\u1ee3 lo\u1ea1i b\u1ecf m\u00f9i l\u00e2u ng\u00e0y<br \/>\n\u2013 Gi\u1ea3m t\u00edch t\u1ee5 c\u1eb7n v\u00e0 d\u1ea7u m\u1ee1<br \/>\n\u2013 Kh\u00f4ng ph\u1ea3i pha lo\u00e3ng hay \u0111o li\u1ec1u<br \/>\n\u2013 Ph\u00f9 h\u1ee3p cho nhi\u1ec1u khu v\u1ef1c kh\u00f3 v\u1ec7 sinh<br \/>\n\u2013 G\u1ecdn nh\u1eb9, l\u01b0u tr\u1eef an to\u00e0n<\/p>\n<p><img loading=\"lazy\" decoding=\"async\" class=\"aligncenter  wp-image-43267\" src=\"https:\/\/havamall.com\/wp-content\/uploads\/2025\/11\/review_592547_f.jpg\" alt=\"\" width=\"800\" height=\"600\" srcset=\"https:\/\/havamall.com\/wp-content\/uploads\/2025\/11\/review_592547_f.jpg 700w, https:\/\/havamall.com\/wp-content\/uploads\/2025\/11\/review_592547_f-16x12.jpg 16w, https:\/\/havamall.com\/wp-content\/uploads\/2025\/11\/review_592547_f-600x450.jpg 600w, https:\/\/havamall.com\/wp-content\/uploads\/2025\/11\/review_592547_f-150x113.jpg 150w\" sizes=\"(max-width: 800px) 100vw, 800px\" \/><\/p>\n<p>S\u1ef1 ch\u1ee7 \u0111\u1ed9ng trong vi\u1ec7c duy tr\u00ec kh\u00f4ng gian s\u1ea1ch s\u1ebd lu\u00f4n t\u1ea1o c\u1ea3m gi\u00e1c tho\u1ea3i m\u00e1i h\u01a1n cho c\u0103n nh\u00e0. V\u1edbi d\u1ea1ng vi\u00ean ho\u1ea1t h\u00f3a nhanh nh\u01b0 Pix, nh\u1eefng v\u1ecb tr\u00ed kh\u00f3 x\u1eed l\u00fd kh\u00f4ng c\u00f2n g\u00e2y tr\u1edf ng\u1ea1i, v\u00e0 vi\u1ec7c d\u1ecdn d\u1eb9p tr\u1edf n\u00ean nh\u1eb9 nh\u00e0ng h\u01a1n theo \u0111\u00fang ngh\u0129a. Vi\u00ean l\u00e0m s\u1ea1ch Pix hi\u1ec7n \u0111ang \u0111\u01b0\u1ee3c b\u00e1n t\u1ea1i Havamall.<\/p>","protected":false},"excerpt":{"rendered":"<p>TH\u00d4NG TIN CHUNG Th\u01b0\u01a1ng hi\u1ec7u PIX (thu\u1ed9c Lion Chemical) Xu\u1ea5t x\u1ee9 Nh\u1eadt B\u1ea3n \u0110\u1eb7c t\u00ednh n\u1ed5i b\u1eadt Kh\u1eed khu\u1ea9n 99.9%<\/p>","protected":false},"featured_media":43259,"comment_status":"open","ping_status":"closed","template":"","meta":[],"product_brand":[],"product_cat":[393,35,722],"product_tag":[],"class_list":{"0":"post-43258","1":"product","2":"type-product","3":"status-publish","4":"has-post-thumbnail","6":"product_cat-bep-phong-an","7":"product_cat-nha-cua-doi-song","8":"product_cat-nhap-khau-nhat-ban","10":"first","11":"instock","12":"sale","13":"shipping-taxable","14":"purchasable","15":"product-type-simple"},"_links":{"self":[{"href":"https:\/\/havamall.com\/en\/wp-json\/wp\/v2\/product\/43258","targetHints":{"allow":["GET"]}}],"collection":[{"href":"https:\/\/havamall.com\/en\/wp-json\/wp\/v2\/product"}],"about":[{"href":"https:\/\/havamall.com\/en\/wp-json\/wp\/v2\/types\/product"}],"replies":[{"embeddable":true,"href":"https:\/\/havamall.com\/en\/wp-json\/wp\/v2\/comments?post=43258"}],"version-history":[{"count":0,"href":"https:\/\/havamall.com\/en\/wp-json\/wp\/v2\/product\/43258\/revisions"}],"wp:featuredmedia":[{"embeddable":true,"href":"https:\/\/havamall.com\/en\/wp-json\/wp\/v2\/media\/43259"}],"wp:attachment":[{"href":"https:\/\/havamall.com\/en\/wp-json\/wp\/v2\/media?parent=43258"}],"wp:term":[{"taxonomy":"product_brand","embeddable":true,"href":"https:\/\/havamall.com\/en\/wp-json\/wp\/v2\/product_brand?post=43258"},{"taxonomy":"product_cat","embeddable":true,"href":"https:\/\/havamall.com\/en\/wp-json\/wp\/v2\/product_cat?post=43258"},{"taxonomy":"product_tag","embeddable":true,"href":"https:\/\/havamall.com\/en\/wp-json\/wp\/v2\/product_tag?post=43258"}],"curies":[{"name":"wp","href":"https:\/\/api.w.org\/{rel}","templated":true}]}}