{"id":43348,"date":"2025-11-19T14:43:55","date_gmt":"2025-11-19T07:43:55","guid":{"rendered":"https:\/\/havamall.com\/?post_type=product&#038;p=43348"},"modified":"2026-03-18T14:30:08","modified_gmt":"2026-03-18T07:30:08","slug":"vien-ngam-thom-mieng-huong-buoi-hong-nhat-ban-fine-breathing-vita-goi-50-vien-breath-clear-vita-effervescent-tablets","status":"publish","type":"product","link":"https:\/\/havamall.com\/en\/shop\/vien-ngam-thom-mieng-huong-buoi-hong-nhat-ban-fine-breathing-vita-goi-50-vien-breath-clear-vita-effervescent-tablets\/","title":{"rendered":"Vi\u00ean Ng\u1eadm Th\u01a1m Mi\u1ec7ng H\u01b0\u01a1ng B\u01b0\u1edfi H\u1ed3ng Nh\u1eadt B\u1ea3n Fine Breathing Vita+ G\u00f3i 50 Vi\u00ean \u2013 Breath Clear Vita+ Effervescent Tablets"},"content":{"rendered":"<blockquote><p><strong><em><span style=\"font-size: 18pt;\">TH\u00d4NG TIN S\u1ea2N PH\u1ea8M<\/span><\/em><\/strong><\/p><\/blockquote>\n<table style=\"width: 53.1319%; height: 76px;\" data-path-to-node=\"6\">\n<tbody>\n<tr>\n<td style=\"width: 16.3662%;\" data-path-to-node=\"6,1,0,0\"><b>Th\u01b0\u01a1ng Hi\u1ec7u<\/b><\/td>\n<td style=\"width: 82.5243%;\" data-path-to-node=\"6,1,1,0\">Fine Breathing Vita+<\/td>\n<\/tr>\n<tr>\n<td style=\"width: 16.3662%;\" data-path-to-node=\"6,2,0,0\"><b>Xu\u1ea5t X\u1ee9<\/b><\/td>\n<td style=\"width: 82.5243%;\" data-path-to-node=\"6,2,1,0\">Nh\u1eadt B\u1ea3n (Japan)<\/td>\n<\/tr>\n<tr>\n<td style=\"width: 16.3662%;\" data-path-to-node=\"6,3,0,0\"><b>Th\u00e0nh Ph\u1ea7n<\/b><\/td>\n<td style=\"width: 82.5243%;\" data-path-to-node=\"6,3,1,0\">Vitamin C (t\u1ed5ng\u00a0<span class=\"math-inline\" data-math=\"1500\\text{mg}\"><span class=\"katex\"><span class=\"katex-html\" aria-hidden=\"true\"><span class=\"base\"><span class=\"mord\">1500<\/span><span class=\"mord text\"><span class=\"mord\">mg<\/span><\/span><\/span><\/span><\/span><\/span>\/g\u00f3i) \u2013 Chi\u1ebft Xu\u1ea5t L\u00e1 Nguy\u1ec7t Qu\u1ebf (Gekkeiju Extract) \u2013 Ch\u1ea5t T\u1ea1o Ng\u1ecdt T\u1ef1 Nhi\u00ean (Erythritol) \u2013 Axit Citric \u2013 H\u01b0\u01a1ng B\u01b0\u1edfi H\u1ed3ng T\u1ef1 Nhi\u00ean (Pink Grapefruit)<\/td>\n<\/tr>\n<tr>\n<td style=\"width: 16.3662%;\" data-path-to-node=\"6,4,0,0\"><b>H\u1ea1n S\u1eed D\u1ee5ng<\/b><\/td>\n<td style=\"width: 82.5243%;\" data-path-to-node=\"6,4,1,0\">24\u201336 th\u00e1ng k\u1ec3 t\u1eeb ng\u00e0y s\u1ea3n xu\u1ea5t<\/td>\n<\/tr>\n<tr>\n<td style=\"width: 16.3662%;\" data-path-to-node=\"6,5,0,0\"><b>Kh\u1ed1i L\u01b0\u1ee3ng<\/b><\/td>\n<td style=\"width: 82.5243%;\" data-path-to-node=\"6,5,1,0\">50 Vi\u00ean<\/td>\n<\/tr>\n<\/tbody>\n<\/table>\n<p data-path-to-node=\"10\">Th\u01b0\u01a1ng hi\u1ec7u\u00a0<b>Fine Breathing Vita+<\/b> t\u1eadp trung v\u00e0o vi\u1ec7c x\u1eed l\u00fd t\u1eadn g\u1ed1c v\u1ea5n \u0111\u1ec1 h\u00f4i mi\u1ec7ng, kh\u00f4ng ch\u1ec9 d\u1eebng l\u1ea1i \u1edf vi\u1ec7c l\u00e0m th\u01a1m t\u1ee9c th\u1eddi m\u00e0 c\u00f2n gi\u1ea3i quy\u1ebft c\u1ea3 nh\u1eefng ngu\u1ed3n g\u00e2y m\u00f9i s\u00e2u h\u01a1n t\u1eeb d\u1ea1 d\u00e0y. H\u00f4i mi\u1ec7ng c\u00f3 th\u1ec3 xu\u1ea5t ph\u00e1t t\u1eeb hai ngu\u1ed3n ch\u00ednh: khoang mi\u1ec7ng (do vi khu\u1ea9n ph\u00e2n h\u1ee7y th\u1ee9c \u0103n t\u1ea1o ra c\u00e1c h\u1ee3p ch\u1ea5t l\u01b0u hu\u1ef3nh d\u1ec5 bay h\u01a1i) v\u00e0 d\u1ea1 d\u00e0y\/\u0111\u01b0\u1eddng ti\u00eau h\u00f3a (do h\u01a1i th\u1edf b\u1ed1c l\u00ean t\u1eeb qu\u00e1 tr\u00ecnh ti\u00eau h\u00f3a ho\u1eb7c c\u00e1c v\u1ea5n \u0111\u1ec1 ti\u00eau h\u00f3a). Fine Breathing Vita+ ra \u0111\u1eddi \u0111\u1ec3 cung c\u1ea5p m\u1ed9t gi\u1ea3i ph\u00e1p\u00a0<b>Kh\u1eed M\u00f9i K\u00e9p (Dual-Action)<\/b>, mang l\u1ea1i h\u01a1i th\u1edf t\u01b0\u01a1i m\u00e1t b\u1ec1n v\u1eefng v\u00e0 to\u00e0n di\u1ec7n. S\u1ea3n ph\u1ea9m l\u00e0 \u0111\u1ea1i di\u1ec7n cho xu h\u01b0\u1edbng ch\u0103m s\u00f3c s\u1ee9c kh\u1ecfe Nh\u1eadt B\u1ea3n: t\u00edch h\u1ee3p hi\u1ec7u qu\u1ea3 ch\u1ee9c n\u0103ng cao v\u1edbi c\u00e1c th\u00e0nh ph\u1ea7n b\u1ed5 sung dinh d\u01b0\u1ee1ng nh\u01b0 Vitamin C.<\/p>\n<h4><em><span style=\"font-size: 14pt;\"><img fetchpriority=\"high\" decoding=\"async\" class=\"aligncenter wp-image-43351\" src=\"https:\/\/havamall.com\/wp-content\/uploads\/2025\/11\/2025-04-09-3b257fbd554b0ac331a571b1.webp\" alt=\"\" width=\"800\" height=\"800\" srcset=\"https:\/\/havamall.com\/wp-content\/uploads\/2025\/11\/2025-04-09-3b257fbd554b0ac331a571b1.webp 1424w, https:\/\/havamall.com\/wp-content\/uploads\/2025\/11\/2025-04-09-3b257fbd554b0ac331a571b1-150x150.webp 150w, https:\/\/havamall.com\/wp-content\/uploads\/2025\/11\/2025-04-09-3b257fbd554b0ac331a571b1-12x12.webp 12w, https:\/\/havamall.com\/wp-content\/uploads\/2025\/11\/2025-04-09-3b257fbd554b0ac331a571b1-600x600.webp 600w, https:\/\/havamall.com\/wp-content\/uploads\/2025\/11\/2025-04-09-3b257fbd554b0ac331a571b1-1200x1200.webp 1200w\" sizes=\"(max-width: 800px) 100vw, 800px\" \/><\/span><\/em><\/h4>\n<blockquote>\n<h4><em><span style=\"font-size: 14pt;\">\u0110\u1eb6C \u0110I\u1ec2M T\u00cdNH CH\u1ea4T V\u00c0 C\u01a0 CH\u1ebe KH\u1eec M\u00d9I K\u00c9P<\/span><\/em><\/h4>\n<\/blockquote>\n<p data-path-to-node=\"15\">\u2013\u00a0<b>H\u1ed6 TR\u1ee2 M\u00d9I T\u1eea KHOANG MI\u1ec6NG:<\/b>\u00a0Vi\u00ean ng\u1eadm c\u00f3 d\u1ea1ng vi\u00ean n\u00e9n v\u1edbi \u0111\u1eb7c t\u00ednh\u00a0<b>Ph\u00e1t B\u1ecdt Nh\u1eb9 (\u30b7\u30ef\u3063\u3068\u767a\u6ce1)<\/b> khi tan ch\u1ea3y trong mi\u1ec7ng. Qu\u00e1 tr\u00ecnh ph\u00e1t b\u1ecdt n\u00e0y gi\u00fap gi\u1ea3i ph\u00f3ng c\u00e1c h\u1ea1t h\u01b0\u01a1ng th\u01a1m b\u01b0\u1edfi h\u1ed3ng v\u00e0 c\u00e1c ch\u1ea5t kh\u00e1ng khu\u1ea9n t\u1ef1 nhi\u00ean, lan t\u1ecfa nhanh ch\u00f3ng v\u00e0o c\u00e1c k\u1ebd r\u0103ng v\u00e0 l\u01b0\u1ee1i, trung h\u00f2a ngay l\u1eadp t\u1ee9c c\u00e1c h\u1ee3p ch\u1ea5t g\u00e2y m\u00f9i.<\/p>\n<p data-path-to-node=\"15\">\u2013\u00a0<b>H\u1ed6 TR\u1ee2 M\u00d9I T\u1eea D\u1ea0 D\u00c0Y:<\/b>\u00a0S\u1ea3n ph\u1ea9m ch\u1ee9a\u00a0<b>Chi\u1ebft Xu\u1ea5t L\u00e1 Nguy\u1ec7t Qu\u1ebf (Gekkeiju Extract)<\/b>. L\u00e1 Nguy\u1ec7t Qu\u1ebf l\u00e0 m\u1ed9t lo\u1ea1i th\u1ea3o m\u1ed9c truy\u1ec1n th\u1ed1ng, n\u1ed5i ti\u1ebfng v\u1edbi c\u00e1c h\u1ee3p ch\u1ea5t c\u00f3 kh\u1ea3 n\u0103ng h\u1ed7 tr\u1ee3 ti\u00eau h\u00f3a v\u00e0 kh\u1eed m\u00f9i. Khi vi\u00ean ng\u1eadm \u0111\u01b0\u1ee3c nu\u1ed1t xu\u1ed1ng, chi\u1ebft xu\u1ea5t n\u00e0y s\u1ebd ho\u1ea1t \u0111\u1ed9ng trong d\u1ea1 d\u00e0y, gi\u00fap trung h\u00f2a c\u00e1c m\u00f9i kh\u00f3 ch\u1ecbu b\u1ed1c l\u00ean t\u1eeb \u0111\u01b0\u1eddng ti\u00eau h\u00f3a, mang l\u1ea1i h\u01a1i th\u1edf th\u01a1m m\u00e1t t\u1eeb b\u00ean trong.<\/p>\n<p><img decoding=\"async\" class=\"aligncenter wp-image-43352\" src=\"https:\/\/havamall.com\/wp-content\/uploads\/2025\/11\/487501132_18319187305205636_4954768723944202374_n.jpg\" alt=\"\" width=\"800\" height=\"800\" srcset=\"https:\/\/havamall.com\/wp-content\/uploads\/2025\/11\/487501132_18319187305205636_4954768723944202374_n.jpg 1284w, https:\/\/havamall.com\/wp-content\/uploads\/2025\/11\/487501132_18319187305205636_4954768723944202374_n-150x150.jpg 150w, https:\/\/havamall.com\/wp-content\/uploads\/2025\/11\/487501132_18319187305205636_4954768723944202374_n-12x12.jpg 12w, https:\/\/havamall.com\/wp-content\/uploads\/2025\/11\/487501132_18319187305205636_4954768723944202374_n-600x600.jpg 600w, https:\/\/havamall.com\/wp-content\/uploads\/2025\/11\/487501132_18319187305205636_4954768723944202374_n-1200x1200.jpg 1200w\" sizes=\"(max-width: 800px) 100vw, 800px\" \/><\/p>\n<p data-path-to-node=\"17\">S\u1ea3n ph\u1ea9m \u0111\u01b0\u1ee3c b\u1ed5 sung m\u1ed9t l\u01b0\u1ee3ng l\u1edbn\u00a0<b>Vitamin C<\/b>, v\u1edbi t\u1ed5ng h\u00e0m l\u01b0\u1ee3ng l\u00ean \u0111\u1ebfn\u00a0<b><span class=\"math-inline\" data-math=\"1500\\text{mg}\"><span class=\"katex\"><span class=\"katex-html\" aria-hidden=\"true\"><span class=\"base\"><span class=\"mord\">1500<\/span><span class=\"mord text\"><span class=\"mord\">mg<\/span><\/span><\/span><\/span><\/span><\/span>\u00a0trong m\u1ed7i g\u00f3i<\/b>. Vitamin C l\u00e0 ch\u1ea5t ch\u1ed1ng oxy h\u00f3a m\u1ea1nh m\u1ebd, kh\u00f4ng ch\u1ec9 h\u1ed7 tr\u1ee3 t\u0103ng c\u01b0\u1eddng h\u1ec7 mi\u1ec5n d\u1ecbch m\u00e0 c\u00f2n \u0111\u00f3ng vai tr\u00f2 quan tr\u1ecdng trong vi\u1ec7c duy tr\u00ec s\u1ee9c kh\u1ecfe n\u01b0\u1edbu r\u0103ng v\u00e0 khoang mi\u1ec7ng, gi\u00fap ng\u0103n ng\u1eeba c\u00e1c v\u1ea5n \u0111\u1ec1 n\u01b0\u1edbu c\u00f3 th\u1ec3 d\u1eabn \u0111\u1ebfn h\u00f4i mi\u1ec7ng. S\u1ef1 k\u1ebft h\u1ee3p gi\u1eefa kh\u1ea3 n\u0103ng kh\u1eed m\u00f9i v\u00e0 b\u1ed5 sung d\u01b0\u1ee1ng ch\u1ea5t thi\u1ebft y\u1ebfu t\u1ea1o n\u00ean t\u00ednh \u01b0u vi\u1ec7t c\u1ee7a Fine Breathing Vita+.<\/p>\n<p data-path-to-node=\"21\">\u2013\u00a0<b>KH\u1eec M\u00d9I T\u1ee8C TH\u1edcI SAU KHI \u0102N:<\/b>\u00a0Hi\u1ec7u qu\u1ea3 t\u1ee9c th\u00ec sau khi th\u01b0\u1edfng th\u1ee9c c\u00e1c m\u00f3n \u0103n n\u1eb7ng m\u00f9i nh\u01b0 t\u1ecfi, h\u00e0nh, h\u1ea3i s\u1ea3n hay c\u00e0 ph\u00ea.<\/p>\n<p data-path-to-node=\"21\">\u2013\u00a0<b>L\u00c0M M\u00c1T H\u01a0I TH\u1ede T\u1eea S\u00c2U B\u00caN TRONG:<\/b> Nh\u1edd chi\u1ebft xu\u1ea5t L\u00e1 Nguy\u1ec7t Qu\u1ebf t\u00e1c \u0111\u1ed9ng \u0111\u1ebfn h\u1ec7 ti\u00eau h\u00f3a, s\u1ea3n ph\u1ea9m gi\u00fap c\u1ea3i thi\u1ec7n h\u01a1i th\u1edf b\u1ecb \u1ea3nh h\u01b0\u1edfng b\u1edfi c\u00e1c v\u1ea5n \u0111\u1ec1 d\u1ea1 d\u00e0y ho\u1eb7c ch\u1ebf \u0111\u1ed9 \u0103n u\u1ed1ng.<\/p>\n<p data-path-to-node=\"21\">\u2013\u00a0<b>T\u1ea0O C\u1ea2M GI\u00c1C TH\u01af GI\u00c3N:<\/b>\u00a0H\u01b0\u01a1ng\u00a0<b>B\u01b0\u1edfi H\u1ed3ng (Pink Grapefruit)<\/b> t\u01b0\u01a1i m\u00e1t, s\u1ea3ng kho\u00e1i, mang l\u1ea1i c\u1ea3m gi\u00e1c d\u1ec5 ch\u1ecbu v\u00e0 t\u1ef1 tin ngay l\u1eadp t\u1ee9c.<\/p>\n<p data-path-to-node=\"21\">\u2013\u00a0<b>H\u1ed6 TR\u1ee2 S\u1ee8C KH\u1eceE T\u1ed4NG TH\u1ec2:<\/b>\u00a0Vi\u1ec7c b\u1ed5 sung Vitamin C gi\u00fap duy tr\u00ec s\u1ee9c \u0111\u1ec1 kh\u00e1ng, \u0111\u1eb7c bi\u1ec7t quan tr\u1ecdng trong cu\u1ed9c s\u1ed1ng b\u1eadn r\u1ed9n h\u00e0ng ng\u00e0y.<\/p>\n<p data-path-to-node=\"22\"><img decoding=\"async\" class=\"aligncenter wp-image-43353\" src=\"https:\/\/havamall.com\/wp-content\/uploads\/2025\/11\/487247370_18319187314205636_2319258006863585049_n.jpg\" alt=\"\" width=\"800\" height=\"800\" srcset=\"https:\/\/havamall.com\/wp-content\/uploads\/2025\/11\/487247370_18319187314205636_2319258006863585049_n.jpg 1284w, https:\/\/havamall.com\/wp-content\/uploads\/2025\/11\/487247370_18319187314205636_2319258006863585049_n-150x150.jpg 150w, https:\/\/havamall.com\/wp-content\/uploads\/2025\/11\/487247370_18319187314205636_2319258006863585049_n-12x12.jpg 12w, https:\/\/havamall.com\/wp-content\/uploads\/2025\/11\/487247370_18319187314205636_2319258006863585049_n-600x600.jpg 600w, https:\/\/havamall.com\/wp-content\/uploads\/2025\/11\/487247370_18319187314205636_2319258006863585049_n-1200x1200.jpg 1200w\" sizes=\"(max-width: 800px) 100vw, 800px\" \/><\/p>\n<blockquote>\n<h4><em>C\u00c1CH S\u1eec D\u1ee4NG B\u1ed4 SUNG VITAMIN C<\/em><\/h4>\n<\/blockquote>\n<p data-path-to-node=\"24\">\u2013\u00a0<b>LI\u1ec0U L\u01af\u1ee2NG:<\/b> Ng\u1eadm ho\u1eb7c nhai 1\u20132 vi\u00ean m\u1ed7i l\u1ea7n s\u1eed d\u1ee5ng.<\/p>\n<p data-path-to-node=\"24\">\u2013\u00a0<b>TH\u1edcI \u0110I\u1ec2M S\u1eec D\u1ee4NG:<\/b> S\u1eed d\u1ee5ng sau khi \u0103n c\u00e1c m\u00f3n n\u1eb7ng m\u00f9i, tr\u01b0\u1edbc c\u00e1c cu\u1ed9c h\u1ecdp quan tr\u1ecdng, ho\u1eb7c b\u1ea5t c\u1ee9 khi n\u00e0o c\u1ea3m th\u1ea5y c\u1ea7n l\u00e0m m\u1edbi h\u01a1i th\u1edf.<\/p>\n<p data-path-to-node=\"24\">\u2013\u00a0<b>C\u00c1CH D\u00d9NG:<\/b> Ng\u01b0\u1eddi d\u00f9ng c\u00f3 th\u1ec3 ch\u1ecdn ng\u1eadm cho vi\u00ean tan ch\u1ea3y t\u1eeb t\u1eeb \u0111\u1ec3 t\u1eadn h\u01b0\u1edfng c\u1ea3m gi\u00e1c ph\u00e1t b\u1ecdt nh\u1eb9 v\u00e0 h\u01b0\u01a1ng th\u01a1m lan t\u1ecfa, ho\u1eb7c nhai \u0111\u1ec3 k\u00edch ho\u1ea1t c\u00e1c th\u00e0nh ph\u1ea7n nhanh h\u01a1n.<\/p>\n<p data-path-to-node=\"24\">\u2013\u00a0<b>L\u01afU \u00dd:<\/b>\u00a0Do h\u00e0m l\u01b0\u1ee3ng Vitamin C kh\u00e1 cao, n\u00ean s\u1eed d\u1ee5ng vi\u00ean ng\u1eadm n\u00e0y nh\u01b0 m\u1ed9t ph\u1ea7n c\u1ee7a kh\u1ea9u ph\u1ea7n b\u1ed5 sung dinh d\u01b0\u1ee1ng h\u00e0ng ng\u00e0y, kh\u00f4ng n\u00ean l\u1ea1m d\u1ee5ng qu\u00e1 m\u1ee9c.<\/p>\n<p data-path-to-node=\"24\"><img loading=\"lazy\" decoding=\"async\" class=\"aligncenter wp-image-43354\" src=\"https:\/\/havamall.com\/wp-content\/uploads\/2025\/11\/487417817_18380635579143018_2251794007546775000_n.jpg\" alt=\"\" width=\"800\" height=\"800\" srcset=\"https:\/\/havamall.com\/wp-content\/uploads\/2025\/11\/487417817_18380635579143018_2251794007546775000_n.jpg 1440w, https:\/\/havamall.com\/wp-content\/uploads\/2025\/11\/487417817_18380635579143018_2251794007546775000_n-150x150.jpg 150w, https:\/\/havamall.com\/wp-content\/uploads\/2025\/11\/487417817_18380635579143018_2251794007546775000_n-12x12.jpg 12w, https:\/\/havamall.com\/wp-content\/uploads\/2025\/11\/487417817_18380635579143018_2251794007546775000_n-600x600.jpg 600w, https:\/\/havamall.com\/wp-content\/uploads\/2025\/11\/487417817_18380635579143018_2251794007546775000_n-1200x1200.jpg 1200w\" sizes=\"(max-width: 800px) 100vw, 800px\" \/><\/p>\n<p data-path-to-node=\"26\">S\u1ea3n ph\u1ea9m ch\u00ednh h\u00e3ng\u00a0<b>Fine Breathing Vita+ Effervescent Tablets<\/b>\u00a0hi\u1ec7n \u0111ang \u0111\u01b0\u1ee3c ph\u00e2n ph\u1ed1i t\u1ea1i\u00a0<b>Havamall<\/b>.<\/p>","protected":false},"excerpt":{"rendered":"<p>TH\u00d4NG TIN S\u1ea2N PH\u1ea8M Th\u01b0\u01a1ng Hi\u1ec7u Fine Breathing Vita+ Xu\u1ea5t X\u1ee9 Nh\u1eadt B\u1ea3n (Japan) Th\u00e0nh Ph\u1ea7n Vitamin C (t\u1ed5ng\u00a01500mg\/g\u00f3i) \u2013<\/p>","protected":false},"featured_media":43350,"comment_status":"open","ping_status":"closed","template":"","meta":[],"product_brand":[],"product_cat":[133,722,396],"product_tag":[],"class_list":{"0":"post-43348","1":"product","2":"type-product","3":"status-publish","4":"has-post-thumbnail","6":"product_cat-banh-keo-chocolate","7":"product_cat-nhap-khau-nhat-ban","8":"product_cat-suc-khoe-lam-dep","10":"first","11":"outofstock","12":"sale","13":"shipping-taxable","14":"purchasable","15":"product-type-simple"},"_links":{"self":[{"href":"https:\/\/havamall.com\/en\/wp-json\/wp\/v2\/product\/43348","targetHints":{"allow":["GET"]}}],"collection":[{"href":"https:\/\/havamall.com\/en\/wp-json\/wp\/v2\/product"}],"about":[{"href":"https:\/\/havamall.com\/en\/wp-json\/wp\/v2\/types\/product"}],"replies":[{"embeddable":true,"href":"https:\/\/havamall.com\/en\/wp-json\/wp\/v2\/comments?post=43348"}],"version-history":[{"count":0,"href":"https:\/\/havamall.com\/en\/wp-json\/wp\/v2\/product\/43348\/revisions"}],"wp:featuredmedia":[{"embeddable":true,"href":"https:\/\/havamall.com\/en\/wp-json\/wp\/v2\/media\/43350"}],"wp:attachment":[{"href":"https:\/\/havamall.com\/en\/wp-json\/wp\/v2\/media?parent=43348"}],"wp:term":[{"taxonomy":"product_brand","embeddable":true,"href":"https:\/\/havamall.com\/en\/wp-json\/wp\/v2\/product_brand?post=43348"},{"taxonomy":"product_cat","embeddable":true,"href":"https:\/\/havamall.com\/en\/wp-json\/wp\/v2\/product_cat?post=43348"},{"taxonomy":"product_tag","embeddable":true,"href":"https:\/\/havamall.com\/en\/wp-json\/wp\/v2\/product_tag?post=43348"}],"curies":[{"name":"wp","href":"https:\/\/api.w.org\/{rel}","templated":true}]}}