{"id":43356,"date":"2025-11-20T09:16:34","date_gmt":"2025-11-20T02:16:34","guid":{"rendered":"https:\/\/havamall.com\/?post_type=product&#038;p=43356"},"modified":"2026-02-08T14:46:36","modified_gmt":"2026-02-08T07:46:36","slug":"banh-quy-kem-so-co-la-bourbon-anh-quoc-mcvities-hop-thiec-277-2g-bourbon-biscuits","status":"publish","type":"product","link":"https:\/\/havamall.com\/en\/shop\/banh-quy-kem-so-co-la-bourbon-anh-quoc-mcvities-hop-thiec-277-2g-bourbon-biscuits\/","title":{"rendered":"B\u00e1nh Quy Kem S\u00f4-c\u00f4-la Bourbon Anh Qu\u1ed1c McVitie&#8217;s H\u1ed9p Thi\u1ebfc 277.2g \u2013 Bourbon Biscuits"},"content":{"rendered":"<div id=\"model-response-message-contentr_b0e1761b387a3ae4\" class=\"markdown markdown-main-panel enable-updated-hr-color\" dir=\"ltr\" aria-live=\"polite\">\n<h2>TH\u00d4NG TIN S\u1ea2N PH\u1ea8M<\/h2>\n<table style=\"width: 100%;\" data-path-to-node=\"6\">\n<tbody>\n<tr>\n<td style=\"width: 9.06411%;\" data-path-to-node=\"6,1,0,0\"><b>Th\u01b0\u01a1ng Hi\u1ec7u<\/b><\/td>\n<td style=\"width: 90.3464%;\" data-path-to-node=\"6,1,1,0\">McVitie&#8217;s<\/td>\n<\/tr>\n<tr>\n<td style=\"width: 9.06411%;\" data-path-to-node=\"6,2,0,0\"><b>Xu\u1ea5t X\u1ee9<\/b><\/td>\n<td style=\"width: 90.3464%;\" data-path-to-node=\"6,2,1,0\">V\u01b0\u01a1ng Qu\u1ed1c Anh (United Kingdom \u2013 UK)<\/td>\n<\/tr>\n<tr>\n<td style=\"width: 9.06411%;\" data-path-to-node=\"6,3,0,0\"><b>Th\u00e0nh Ph\u1ea7n<\/b><\/td>\n<td style=\"width: 90.3464%;\" data-path-to-node=\"6,3,1,0\">B\u1ed9t M\u00ec, Kem S\u00f4-c\u00f4-la (\u0110\u01b0\u1eddng, D\u1ea7u Th\u1ef1c V\u1eadt, B\u1ed9t Cacao Gi\u1ea3m B\u00e9o), \u0110\u01b0\u1eddng, D\u1ea7u Th\u1ef1c V\u1eadt, Si-r\u00f4 Glucose, Ch\u1ea5t T\u1ea1o X\u1ed1p (Sodium Bicarbonate), Mu\u1ed1i, H\u01b0\u01a1ng Li\u1ec7u (\u0110\u1eb7c bi\u1ec7t l\u00e0 h\u01b0\u01a1ng S\u00f4-c\u00f4-la v\u00e0 Vani).<\/td>\n<\/tr>\n<tr>\n<td style=\"width: 9.06411%;\" data-path-to-node=\"6,4,0,0\"><b>H\u1ea1n S\u1eed D\u1ee5ng<\/b><\/td>\n<td style=\"width: 90.3464%;\" data-path-to-node=\"6,4,1,0\">9\u201312 th\u00e1ng k\u1ec3 t\u1eeb ng\u00e0y s\u1ea3n xu\u1ea5t<\/td>\n<\/tr>\n<tr>\n<td style=\"width: 9.06411%;\" data-path-to-node=\"6,5,0,0\"><b>Kh\u1ed1i L\u01b0\u1ee3ng<\/b><\/td>\n<td style=\"width: 90.3464%;\" data-path-to-node=\"6,5,1,0\">277.2g (trong h\u1ed9p thi\u1ebfc)<\/td>\n<\/tr>\n<\/tbody>\n<\/table>\n<p>Th\u01b0\u01a1ng hi\u1ec7u\u00a0<b>McVitie&#8217;s<\/b>\u00a0\u0111\u01b0\u1ee3c th\u00e0nh l\u1eadp v\u00e0o n\u0103m\u00a0<span class=\"math-inline\" data-math=\"1839\"><span class=\"katex\"><span class=\"katex-html\" aria-hidden=\"true\"><span class=\"base\"><span class=\"mord\">1839<\/span><\/span><\/span><\/span><\/span>\u00a0t\u1ea1i Edinburgh, Scotland. V\u1edbi l\u1ecbch s\u1eed g\u1ea7n hai th\u1ebf k\u1ef7, McVitie&#8217;s \u0111\u00e3 tr\u1edf th\u00e0nh m\u1ed9t trong nh\u1eefng nh\u00e0 s\u1ea3n xu\u1ea5t b\u00e1nh quy n\u1ed5i ti\u1ebfng v\u00e0 \u0111\u01b0\u1ee3c y\u00eau th\u00edch nh\u1ea5t th\u1ebf gi\u1edbi, th\u1eadm ch\u00ed c\u00f2n l\u00e0 nh\u00e0 cung c\u1ea5p b\u00e1nh cho ho\u00e0ng gia Anh.<\/p>\n<p><img fetchpriority=\"high\" decoding=\"async\" class=\"aligncenter wp-image-43360\" src=\"https:\/\/havamall.com\/wp-content\/uploads\/2025\/11\/htk-sp-th-840-x-540-px-2.jpg\" alt=\"\" width=\"800\" height=\"664\" srcset=\"https:\/\/havamall.com\/wp-content\/uploads\/2025\/11\/htk-sp-th-840-x-540-px-2.jpg 1627w, https:\/\/havamall.com\/wp-content\/uploads\/2025\/11\/htk-sp-th-840-x-540-px-2-14x12.jpg 14w, https:\/\/havamall.com\/wp-content\/uploads\/2025\/11\/htk-sp-th-840-x-540-px-2-600x498.jpg 600w, https:\/\/havamall.com\/wp-content\/uploads\/2025\/11\/htk-sp-th-840-x-540-px-2-1200x996.jpg 1200w, https:\/\/havamall.com\/wp-content\/uploads\/2025\/11\/htk-sp-th-840-x-540-px-2-150x124.jpg 150w\" sizes=\"(max-width: 800px) 100vw, 800px\" \/><\/p>\n<p><b>B\u00e1nh Quy Bourbon<\/b>\u00a0ra \u0111\u1eddi v\u00e0o n\u0103m\u00a0<span class=\"math-inline\" data-math=\"1910\"><span class=\"katex\"><span class=\"katex-html\" aria-hidden=\"true\"><span class=\"base\"><span class=\"mord\">1910<\/span><\/span><\/span><\/span><\/span> v\u00e0 nhanh ch\u00f3ng tr\u1edf th\u00e0nh m\u1ed9t m\u00f3n b\u00e1nh c\u1ed5 \u0111i\u1ec3n kh\u00f4ng th\u1ec3 thi\u1ebfu trong t\u1ee7 b\u1ebfp c\u1ee7a m\u1ecdi gia \u0111\u00ecnh Anh. T\u00ean g\u1ecdi &#8220;Bourbon&#8221; \u0111\u01b0\u1ee3c cho l\u00e0 l\u1ea5y c\u1ea3m h\u1ee9ng t\u1eeb tri\u1ec1u \u0111\u1ea1i Bourbon c\u1ee7a Ph\u00e1p, ho\u1eb7c c\u00f3 th\u1ec3 ch\u1ec9 \u0111\u01a1n gi\u1ea3n l\u00e0 m\u1ed9t c\u00e1i t\u00ean sang tr\u1ecdng \u0111\u1ec3 \u0111\u1eb7t cho m\u1ed9t chi\u1ebfc b\u00e1nh s\u00f4-c\u00f4-la ch\u1ea5t l\u01b0\u1ee3ng cao. B\u00e1nh Quy Sandwich Kem S\u00f4-c\u00f4-la Bourbon McVitie&#8217;s c\u0169ng s\u1edf h\u1eefu c\u1ea5u tr\u00fac \u0111\u01a1n gi\u1ea3n nh\u01b0ng ho\u00e0n h\u1ea3o, t\u1ea1o n\u00ean h\u01b0\u01a1ng v\u1ecb kinh \u0111i\u1ec3n kh\u00f3 qu\u00ean.<\/p>\n<p>\u2013\u00a0<b>B\u00c1NH QUY GI\u00d2N TAN:<\/b> Hai l\u1edbp b\u00e1nh quy b\u00ean ngo\u00e0i \u0111\u01b0\u1ee3c l\u00e0m t\u1eeb b\u1ed9t m\u00ec v\u00e0 b\u1ed9t cacao, mang m\u00e0u n\u00e2u \u0111\u1eadm v\u00e0 v\u1ecb cacao tinh t\u1ebf. L\u1edbp b\u00e1nh n\u00e0y c\u00f3 \u0111\u1ed9 gi\u00f2n l\u00fd t\u01b0\u1edfng, \u0111\u1ee7 c\u1ee9ng c\u00e1p \u0111\u1ec3 kh\u00f4ng b\u1ecb v\u1ee1 v\u1ee5n khi nh\u00fang v\u00e0o tr\u00e0, m\u1ed9t th\u00f3i quen truy\u1ec1n th\u1ed1ng c\u1ee7a ng\u01b0\u1eddi Anh.<\/p>\n<p>\u2013\u00a0<b>KEM S\u00d4-C\u00d4-LA \u0110\u1eacM \u0110\u1eb6C:<\/b>\u00a0Nh\u00e2n kem n\u1eb1m gi\u1eefa hai l\u1edbp b\u00e1nh c\u00f3 v\u1ecb s\u00f4-c\u00f4-la \u0111\u1eadm \u0111\u00e0, b\u00e9o ng\u1eady v\u00e0 ng\u1ecdt ng\u00e0o. L\u1edbp kem d\u00e0y d\u1eb7n n\u00e0y l\u00e0 y\u1ebfu t\u1ed1 then ch\u1ed1t t\u1ea1o n\u00ean s\u1ef1 \u0111\u1ed1i l\u1eadp ho\u00e0n h\u1ea3o v\u1ec1 k\u1ebft c\u1ea5u v\u00e0 h\u01b0\u01a1ng v\u1ecb so v\u1edbi l\u1edbp b\u00e1nh quy gi\u00f2n tan b\u00ean ngo\u00e0i.<\/p>\n<p><img decoding=\"async\" class=\"aligncenter\" src=\"https:\/\/havamall.com\/wp-content\/uploads\/2025\/11\/jAlAuZk2O5MTQpIvC6_zIO6IwJ4rLZ29aM6lZOHOPMZIsca069tubhbiSnn55oG1nVZTrjPPP6L9Lk8g2m62lxSKnnxBnqa4iFHU.jpg\" alt=\"Bourbon Biscuit Bake - She Who Bakes\" width=\"800\" height=\"600\" \/><\/p>\n<p data-path-to-node=\"19\">B\u00e1nh Quy Bourbon McVitie&#8217;s kh\u00f4ng ch\u1ec9 \u0111\u01a1n thu\u1ea7n l\u00e0 m\u1ed9t m\u00f3n \u0103n v\u1eb7t m\u00e0 c\u00f2n gi\u1eef m\u1ed9t vai tr\u00f2 v\u0103n h\u00f3a quan tr\u1ecdng trong th\u00f3i quen sinh ho\u1ea1t h\u00e0ng ng\u00e0y, \u0111\u1ec3 c\u1ea3m nh\u1eadn tr\u1ecdn v\u1eb9n h\u01b0\u01a1ng v\u1ecb c\u1ee7a B\u00e1nh Quy Sandwich Kem S\u00f4-c\u00f4-la Bourbon c\u00f3 th\u1ec3 th\u01b0\u1edfng th\u1ee9c theo phong c\u00e1ch truy\u1ec1n th\u1ed1ng:<\/p>\n<p>\u2013\u00a0<b>K\u1ebeT H\u1ee2P HO\u00c0N H\u1ea2O V\u1edaI TR\u00c0:<\/b> Trong v\u0103n h\u00f3a tr\u00e0 \u0111\u1ea1o Anh Qu\u1ed1c, b\u00e1nh quy l\u00e0 m\u00f3n \u0103n k\u00e8m kh\u00f4ng th\u1ec3 thi\u1ebfu. B\u00e1nh Bourbon \u0111\u01b0\u1ee3c \u01b0a chu\u1ed9ng v\u00ec kh\u1ea3 n\u0103ng gi\u1eef \u0111\u01b0\u1ee3c c\u1ea5u tr\u00fac khi nh\u00fang nhanh v\u00e0o t\u00e1ch tr\u00e0 n\u00f3ng, gi\u00fap l\u00e0m m\u1ec1m b\u00e1nh v\u00e0 t\u0103ng h\u01b0\u01a1ng v\u1ecb m\u00e0 kh\u00f4ng b\u1ecb tan r\u00e3 ho\u00e0n to\u00e0n.<\/p>\n<p>\u2013\u00a0<b>NGU\u1ed2N N\u0102NG L\u01af\u1ee2NG NG\u1eccT NG\u00c0O:<\/b> B\u00e1nh quy cung c\u1ea5p m\u1ed9t l\u01b0\u1ee3ng calo v\u00e0 \u0111\u01b0\u1eddng c\u1ea7n thi\u1ebft, l\u00e0 m\u00f3n \u0103n nh\u1eb9 l\u00fd t\u01b0\u1edfng \u0111\u1ec3 b\u1ed5 sung n\u0103ng l\u01b0\u1ee3ng gi\u1eefa c\u00e1c b\u1eefa \u0103n, gi\u00fap c\u1ea3i thi\u1ec7n t\u00e2m tr\u1ea1ng v\u00e0 gi\u1ea3m c\u0103ng th\u1eb3ng.<\/p>\n<p>\u2013\u00a0<b>PH\u1ee4C V\u1ee4 TRONG C\u00c1C D\u1ecaP \u0110\u1eb6C BI\u1ec6T:<\/b>\u00a0H\u1ed9p thi\u1ebfc trang tr\u1ecdng n\u00e0y \u0111\u1eb7c bi\u1ec7t th\u00edch h\u1ee3p \u0111\u1ec3 l\u00e0m qu\u00e0 t\u1eb7ng trong c\u00e1c d\u1ecbp l\u1ec5, T\u1ebft, ho\u1eb7c d\u00f9ng \u0111\u1ec3 ti\u1ebfp \u0111\u00e3i kh\u00e1ch qu\u00fd, th\u1ec3 hi\u1ec7n s\u1ef1 chu \u0111\u00e1o v\u00e0 gu th\u1ea9m m\u1ef9 tinh t\u1ebf.<\/p>\n<p><img decoding=\"async\" class=\"aligncenter wp-image-43361\" src=\"https:\/\/havamall.com\/wp-content\/uploads\/2025\/11\/Bourbon_cookie_filled_with_chocolate.jpg\" alt=\"\" width=\"800\" height=\"800\" srcset=\"https:\/\/havamall.com\/wp-content\/uploads\/2025\/11\/Bourbon_cookie_filled_with_chocolate.jpg 1946w, https:\/\/havamall.com\/wp-content\/uploads\/2025\/11\/Bourbon_cookie_filled_with_chocolate-12x12.jpg 12w, https:\/\/havamall.com\/wp-content\/uploads\/2025\/11\/Bourbon_cookie_filled_with_chocolate-600x600.jpg 600w, https:\/\/havamall.com\/wp-content\/uploads\/2025\/11\/Bourbon_cookie_filled_with_chocolate-1200x1200.jpg 1200w, https:\/\/havamall.com\/wp-content\/uploads\/2025\/11\/Bourbon_cookie_filled_with_chocolate-150x150.jpg 150w\" sizes=\"(max-width: 800px) 100vw, 800px\" \/><\/p>\n<p data-path-to-node=\"25\">B\u00e1nh Quy Sandwich Kem S\u00f4-c\u00f4-la Bourbon H\u1ed9p Thi\u1ebfc Di S\u1ea3n Anh Qu\u1ed1c McVitie&#8217;s 277.2g \u2013 Bourbon Biscuits kh\u00f4ng ch\u1ec9 l\u00e0 m\u1ed9t s\u1ea3n ph\u1ea9m b\u00e1nh k\u1eb9o m\u00e0 c\u00f2n l\u00e0 m\u1ed9t v\u00e9 kh\u1ee9 h\u1ed3i \u0111\u1ec3 th\u01b0\u1edfng th\u1ee9c h\u01b0\u01a1ng v\u1ecb di s\u1ea3n c\u1ee7a Anh Qu\u1ed1c ch\u00ednh h\u00e3ng <b>McVitie&#8217;s Bourbon Biscuits<\/b> hi\u1ec7n \u0111ang \u0111\u01b0\u1ee3c ph\u00e2n ph\u1ed1i t\u1ea1i <b>Havamall<\/b>.<\/p>\n<\/div>","protected":false},"excerpt":{"rendered":"<p>TH\u00d4NG TIN S\u1ea2N PH\u1ea8M Th\u01b0\u01a1ng Hi\u1ec7u McVitie&#8217;s Xu\u1ea5t X\u1ee9 V\u01b0\u01a1ng Qu\u1ed1c Anh (United Kingdom \u2013 UK) Th\u00e0nh Ph\u1ea7n B\u1ed9t M\u00ec,<\/p>","protected":false},"featured_media":43359,"comment_status":"open","ping_status":"closed","template":"","meta":[],"product_brand":[],"product_cat":[133,730],"product_tag":[],"class_list":{"0":"post-43356","1":"product","2":"type-product","3":"status-publish","4":"has-post-thumbnail","6":"product_cat-banh-keo-chocolate","7":"product_cat-cac-nuoc-khac","9":"first","10":"outofstock","11":"sale","12":"shipping-taxable","13":"purchasable","14":"product-type-simple"},"_links":{"self":[{"href":"https:\/\/havamall.com\/en\/wp-json\/wp\/v2\/product\/43356","targetHints":{"allow":["GET"]}}],"collection":[{"href":"https:\/\/havamall.com\/en\/wp-json\/wp\/v2\/product"}],"about":[{"href":"https:\/\/havamall.com\/en\/wp-json\/wp\/v2\/types\/product"}],"replies":[{"embeddable":true,"href":"https:\/\/havamall.com\/en\/wp-json\/wp\/v2\/comments?post=43356"}],"version-history":[{"count":0,"href":"https:\/\/havamall.com\/en\/wp-json\/wp\/v2\/product\/43356\/revisions"}],"wp:featuredmedia":[{"embeddable":true,"href":"https:\/\/havamall.com\/en\/wp-json\/wp\/v2\/media\/43359"}],"wp:attachment":[{"href":"https:\/\/havamall.com\/en\/wp-json\/wp\/v2\/media?parent=43356"}],"wp:term":[{"taxonomy":"product_brand","embeddable":true,"href":"https:\/\/havamall.com\/en\/wp-json\/wp\/v2\/product_brand?post=43356"},{"taxonomy":"product_cat","embeddable":true,"href":"https:\/\/havamall.com\/en\/wp-json\/wp\/v2\/product_cat?post=43356"},{"taxonomy":"product_tag","embeddable":true,"href":"https:\/\/havamall.com\/en\/wp-json\/wp\/v2\/product_tag?post=43356"}],"curies":[{"name":"wp","href":"https:\/\/api.w.org\/{rel}","templated":true}]}}