{"id":43411,"date":"2025-11-22T16:17:36","date_gmt":"2025-11-22T09:17:36","guid":{"rendered":"https:\/\/havamall.com\/?post_type=product&#038;p=43411"},"modified":"2025-11-23T08:34:05","modified_gmt":"2025-11-23T01:34:05","slug":"dau-tay-xay-nhuyen-dong-lanh-nguyen-chat-chefs-selection-by-indoguna-vina-500g-strawberry-frozen-puree","status":"publish","type":"product","link":"https:\/\/havamall.com\/en\/shop\/dau-tay-xay-nhuyen-dong-lanh-nguyen-chat-chefs-selection-by-indoguna-vina-500g-strawberry-frozen-puree\/","title":{"rendered":"D\u00e2u T\u00e2y Xay Nhuy\u1ec5n \u0110\u00f4ng L\u1ea1nh Nguy\u00ean Ch\u1ea5t Chef&#8217;s Selection By Indoguna Vina 500g \u2013 Strawberry Frozen Pur\u00e9e"},"content":{"rendered":"<div id=\"model-response-message-contentr_b0e1761b387a3ae4\" class=\"markdown markdown-main-panel enable-updated-hr-color\" dir=\"ltr\" aria-live=\"polite\">\n<blockquote>\n<h2><em>TH\u00d4NG TIN S\u1ea2N PH\u1ea8M<\/em><\/h2>\n<\/blockquote>\n<table data-path-to-node=\"6\">\n<tbody>\n<tr>\n<td data-path-to-node=\"6,1,0,0\"><b>Th\u01b0\u01a1ng Hi\u1ec7u<\/b><\/td>\n<td data-path-to-node=\"6,1,1,0\">Chef&#8217;s Selection By Indoguna Vina<\/td>\n<\/tr>\n<tr>\n<td data-path-to-node=\"6,2,0,0\"><b>Xu\u1ea5t X\u1ee9\u00a0<\/b><\/td>\n<td data-path-to-node=\"6,2,1,0\">Trung Qu\u1ed1c<\/td>\n<\/tr>\n<tr>\n<td data-path-to-node=\"6,3,0,0\"><b>Th\u00e0nh Ph\u1ea7n<\/b><\/td>\n<td data-path-to-node=\"6,3,1,0\"><b><span class=\"math-inline\" data-math=\"100\\%\"><span class=\"katex\"><span class=\"katex-html\" aria-hidden=\"true\"><span class=\"base\"><span class=\"mord\">100%<\/span><\/span><\/span><\/span><\/span>\u00a0D\u00e2u T\u00e2y T\u01b0\u01a1i<\/b>\u00a0\u2013 Kh\u00f4ng \u0110\u01b0\u1eddng Th\u00eam \u2013 Kh\u00f4ng Ch\u1ea5t B\u1ea3o Qu\u1ea3n \u2013 Kh\u00f4ng Ph\u1ee5 Gia.<\/td>\n<\/tr>\n<tr>\n<td data-path-to-node=\"6,4,0,0\"><b>H\u1ea1n S\u1eed D\u1ee5ng<\/b><\/td>\n<td data-path-to-node=\"6,4,1,0\">18\u201324 th\u00e1ng (B\u1ea3o qu\u1ea3n \u0110\u00f4ng L\u1ea1nh\u00a0<span class=\"math-inline\" data-math=\"\\le -18^\\circ\\text{C}\"><span class=\"katex\"><span class=\"katex-html\" aria-hidden=\"true\"><span class=\"base\"><span class=\"mrel\">\u2264<\/span><\/span><span class=\"base\"><span class=\"mord\">\u2212<\/span><span class=\"mord\">1<\/span><span class=\"mord\">8<span class=\"msupsub\"><span class=\"vlist-t\"><span class=\"vlist-r\"><span class=\"vlist\"><span class=\"\"><span class=\"sizing reset-size6 size3 mtight\"><span class=\"mbin mtight\">\u2218<\/span><\/span><\/span><\/span><\/span><\/span><\/span><\/span><span class=\"mord text\"><span class=\"mord\">C<\/span><\/span><\/span><\/span><\/span><\/span>)<\/td>\n<\/tr>\n<tr>\n<td data-path-to-node=\"6,5,0,0\"><b>Kh\u1ed1i L\u01b0\u1ee3ng<\/b><\/td>\n<td data-path-to-node=\"6,5,1,0\"><span class=\"math-inline\" data-math=\"500\\text{g}\"><span class=\"katex\"><span class=\"katex-html\" aria-hidden=\"true\"><span class=\"base\"><span class=\"mord\">500<\/span><span class=\"mord text\"><span class=\"mord\">g<\/span><\/span><\/span><\/span><\/span><\/span><\/td>\n<\/tr>\n<\/tbody>\n<\/table>\n<p data-path-to-node=\"10\">D\u00e2u T\u00e2y Xay Nhuy\u1ec5n \u0110\u00f4ng L\u1ea1nh Nguy\u00ean Ch\u1ea5t\u00a0<span class=\"math-inline\" data-math=\"100\\%\"><span class=\"katex\"><span class=\"katex-html\" aria-hidden=\"true\"><span class=\"base\"><span class=\"mord\">100%<\/span><\/span><\/span><\/span><\/span>\u00a0T\u1ef1 Nhi\u00ean Kh\u00f4ng \u0110\u01b0\u1eddng Chef&#8217;s Selection By Indoguna Vina\u00a0<span class=\"math-inline\" data-math=\"500\\text{g}\"><span class=\"katex\"><span class=\"katex-html\" aria-hidden=\"true\"><span class=\"base\"><span class=\"mord\">500<\/span><span class=\"mord text\"><span class=\"mord\">g<\/span><\/span><\/span><\/span><\/span><\/span>\u00a0l\u00e0 s\u1ea3n ph\u1ea9m \u0111\u1ea1i di\u1ec7n cho d\u00f2ng nguy\u00ean li\u1ec7u cao c\u1ea5p, v\u1ed1n \u0111\u01b0\u1ee3c tin d\u00f9ng trong c\u00e1c chu\u1ed7i nh\u00e0 h\u00e0ng, kh\u00e1ch s\u1ea1n v\u00e0 c\u00e1c qu\u00e1n c\u00e0 ph\u00ea chuy\u00ean nghi\u1ec7p. D\u00f2ng\u00a0<b>Chef&#8217;s Selection<\/b>\u00a0c\u1ee7a Indoguna Vina cam k\u1ebft mang \u0111\u1ebfn nh\u1eefng nguy\u00ean li\u1ec7u t\u1ed1t nh\u1ea5t cho b\u1ebfp \u0103n th\u01b0\u01a1ng m\u1ea1i, v\u00e0 s\u1ea3n ph\u1ea9m Pur\u00e9e D\u00e2u T\u00e2y n\u00e0y kh\u00f4ng ph\u1ea3i l\u00e0 ngo\u1ea1i l\u1ec7.<\/p>\n<p data-path-to-node=\"11\">S\u1ef1 kh\u00e1c bi\u1ec7t l\u1edbn nh\u1ea5t n\u1eb1m \u1edf tri\u1ebft l\u00fd\u00a0<b><span class=\"math-inline\" data-math=\"100\\%\"><span class=\"katex\"><span class=\"katex-html\" aria-hidden=\"true\"><span class=\"base\"><span class=\"mord\">100%<\/span><\/span><\/span><\/span><\/span> T\u1ef1 Nhi\u00ean (100% Natural), <\/b>s\u1ea3n ph\u1ea9m cam k\u1ebft ch\u1ec9 s\u1eed d\u1ee5ng D\u00e2u T\u00e2y t\u01b0\u01a1i, kh\u00f4ng th\u00eam \u0111\u01b0\u1eddng, kh\u00f4ng ch\u1ea5t b\u1ea3o qu\u1ea3n, kh\u00f4ng ch\u1ea5t t\u1ea1o m\u00e0u hay b\u1ea5t k\u1ef3 ph\u1ee5 gia n\u00e0o kh\u00e1c. M\u1eb7c d\u00f9 \u0111\u01b0\u1ee3c s\u1ea3n xu\u1ea5t t\u1ea1i Li\u00eau Ninh, Trung Qu\u1ed1c, nh\u01b0ng s\u1ea3n ph\u1ea9m ph\u1ea3i tu\u00e2n th\u1ee7 nghi\u00eam ng\u1eb7t c\u00e1c ti\u00eau chu\u1ea9n ch\u1ea5t l\u01b0\u1ee3ng kh\u1eaft khe c\u1ee7a Indoguna Vina \u0111\u1ec3 x\u1ee9ng \u0111\u00e1ng v\u1edbi t\u00ean g\u1ecdi Chef&#8217;s Selection.<\/p>\n<p data-path-to-node=\"12\"><img fetchpriority=\"high\" decoding=\"async\" class=\"aligncenter wp-image-43414\" src=\"https:\/\/havamall.com\/wp-content\/uploads\/2025\/11\/strawberry-puree-thumbnail.jpg\" alt=\"\" width=\"800\" height=\"800\" srcset=\"https:\/\/havamall.com\/wp-content\/uploads\/2025\/11\/strawberry-puree-thumbnail.jpg 1200w, https:\/\/havamall.com\/wp-content\/uploads\/2025\/11\/strawberry-puree-thumbnail-12x12.jpg 12w, https:\/\/havamall.com\/wp-content\/uploads\/2025\/11\/strawberry-puree-thumbnail-600x600.jpg 600w, https:\/\/havamall.com\/wp-content\/uploads\/2025\/11\/strawberry-puree-thumbnail-150x150.jpg 150w\" sizes=\"(max-width: 800px) 100vw, 800px\" \/><\/p>\n<p data-path-to-node=\"15\">Ngay sau khi \u0111\u01b0\u1ee3c thu ho\u1ea1ch, D\u00e2u T\u00e2y t\u01b0\u01a1i \u0111\u01b0\u1ee3c r\u1eeda s\u1ea1ch, s\u01a1 ch\u1ebf v\u00e0 xay nhuy\u1ec5n th\u00e0nh d\u1ea1ng Pur\u00e9e. Sau \u0111\u00f3, s\u1ea3n ph\u1ea9m \u0111\u01b0\u1ee3c x\u1eed l\u00fd b\u1eb1ng c\u00f4ng ngh\u1ec7 l\u00e0m l\u1ea1nh nhanh \u0111\u1ec3 \u0111\u01b0a nhi\u1ec7t \u0111\u1ed9 xu\u1ed1ng m\u1ee9c c\u1ef1c th\u1ea5p (<span class=\"math-inline\" data-math=\"\\le -18^\\circ\\text{C}\"><span class=\"katex\"><span class=\"katex-html\" aria-hidden=\"true\"><span class=\"base\"><span class=\"mrel\">\u2264<\/span><\/span><span class=\"base\"><span class=\"mord\">\u2212<\/span><span class=\"mord\">1<\/span><span class=\"mord\">8<span class=\"msupsub\"><span class=\"vlist-t\"><span class=\"vlist-r\"><span class=\"vlist\"><span class=\"\"><span class=\"sizing reset-size6 size3 mtight\"><span class=\"mbin mtight\">\u2218<\/span><\/span><\/span><\/span><\/span><\/span><\/span><\/span><span class=\"mord text\"><span class=\"mord\">C<\/span><\/span><\/span><\/span><\/span><\/span>). C\u00f4ng ngh\u1ec7 n\u00e0y gi\u00fap:<\/p>\n<p data-path-to-node=\"15\">\u2013\u00a0<b>GI\u1eee NGUY\u00caN H\u01af\u01a0NG V\u1eca V\u00c0 D\u01af\u1ee0NG CH\u1ea4T:<\/b>\u00a0Vi\u1ec7c \u0111\u00f3ng b\u0103ng nhanh ng\u0103n ch\u1eb7n s\u1ef1 h\u00ecnh th\u00e0nh c\u00e1c tinh th\u1ec3 b\u0103ng l\u1edbn, gi\u1eef cho c\u1ea5u tr\u00fac t\u1ebf b\u00e0o c\u1ee7a D\u00e2u T\u00e2y kh\u00f4ng b\u1ecb ph\u00e1 v\u1ee1. Khi r\u00e3 \u0111\u00f4ng, Pur\u00e9e v\u1eabn gi\u1eef \u0111\u01b0\u1ee3c m\u00e0u s\u1eafc t\u1ef1 nhi\u00ean, h\u01b0\u01a1ng th\u01a1m \u0111\u1eadm \u0111\u00e0 v\u00e0 h\u00e0m l\u01b0\u1ee3ng vitamin C c\u0169ng nh\u01b0 ch\u1ea5t ch\u1ed1ng oxy h\u00f3a cao.<\/p>\n<p data-path-to-node=\"15\">\u2013\u00a0<b>K\u00c9O D\u00c0I H\u1ea0N S\u1eec D\u1ee4NG:<\/b>\u00a0B\u1ea3o qu\u1ea3n \u1edf nhi\u1ec7t \u0111\u1ed9 \u0111\u00f4ng l\u1ea1nh t\u1ed1i thi\u1ec3u\u00a0<span class=\"math-inline\" data-math=\"-18^\\circ\\text{C}\"><span class=\"katex\"><span class=\"katex-html\" aria-hidden=\"true\"><span class=\"base\"><span class=\"mord\">\u2212<\/span><span class=\"mord\">1<\/span><span class=\"mord\">8<span class=\"msupsub\"><span class=\"vlist-t\"><span class=\"vlist-r\"><span class=\"vlist\"><span class=\"\"><span class=\"sizing reset-size6 size3 mtight\"><span class=\"mbin mtight\">\u2218<\/span><\/span><\/span><\/span><\/span><\/span><\/span><\/span><span class=\"mord text\"><span class=\"mord\">C<\/span><\/span><\/span><\/span><\/span><\/span>\u00a0l\u00e0 ph\u01b0\u01a1ng ph\u00e1p b\u1ea3o qu\u1ea3n t\u1ef1 nhi\u00ean v\u00e0 hi\u1ec7u qu\u1ea3 nh\u1ea5t, lo\u1ea1i b\u1ecf nhu c\u1ea7u s\u1eed d\u1ee5ng ch\u1ea5t b\u1ea3o qu\u1ea3n h\u00f3a h\u1ecdc.<\/p>\n<p><img decoding=\"async\" class=\"aligncenter wp-image-43415\" src=\"https:\/\/havamall.com\/wp-content\/uploads\/2025\/11\/Strawberry-Reduction-scaled-1.jpg\" alt=\"\" width=\"800\" height=\"600\" srcset=\"https:\/\/havamall.com\/wp-content\/uploads\/2025\/11\/Strawberry-Reduction-scaled-1.jpg 2560w, https:\/\/havamall.com\/wp-content\/uploads\/2025\/11\/Strawberry-Reduction-scaled-1-2048x1536.jpg 2048w, https:\/\/havamall.com\/wp-content\/uploads\/2025\/11\/Strawberry-Reduction-scaled-1-16x12.jpg 16w, https:\/\/havamall.com\/wp-content\/uploads\/2025\/11\/Strawberry-Reduction-scaled-1-600x450.jpg 600w, https:\/\/havamall.com\/wp-content\/uploads\/2025\/11\/Strawberry-Reduction-scaled-1-1200x900.jpg 1200w, https:\/\/havamall.com\/wp-content\/uploads\/2025\/11\/Strawberry-Reduction-scaled-1-150x113.jpg 150w\" sizes=\"(max-width: 800px) 100vw, 800px\" \/><\/p>\n<p data-path-to-node=\"17\">Pur\u00e9e D\u00e2u T\u00e2y c\u00f3 k\u1ebft c\u1ea5u m\u1ecbn, d\u1ec5 d\u00e0ng h\u00f2a tan v\u00e0 tr\u1ed9n l\u1eabn, l\u00fd t\u01b0\u1edfng cho vi\u1ec7c pha ch\u1ebf m\u00e0 kh\u00f4ng c\u1ea7n ph\u1ea3i xay l\u1ea1i. S\u1ea3n ph\u1ea9m mang m\u00e0u \u0111\u1ecf t\u01b0\u01a1i t\u1eafn t\u1ef1 nhi\u00ean c\u1ee7a D\u00e2u T\u00e2y ch\u00edn, l\u00e0m t\u0103ng t\u00ednh th\u1ea9m m\u1ef9 cho c\u00e1c m\u00f3n \u0103n v\u00e0 \u0111\u1ed3 u\u1ed1ng. \u0110\u1ed9 ng\u1ecdt v\u00e0 chua ho\u00e0n to\u00e0n l\u00e0 h\u01b0\u01a1ng v\u1ecb t\u1ef1 nhi\u00ean c\u1ee7a tr\u00e1i c\u00e2y, cho ph\u00e9p c\u00e1c \u0111\u1ea7u b\u1ebfp v\u00e0 chuy\u00ean gia pha ch\u1ebf linh ho\u1ea1t \u0111i\u1ec1u ch\u1ec9nh \u0111\u1ed9 ng\u1ecdt theo c\u00f4ng th\u1ee9c ri\u00eang m\u00e0 kh\u00f4ng s\u1ee3 b\u1ecb qu\u00e1 ng\u1ecdt t\u1eeb Pur\u00e9e.<\/p>\n<p data-path-to-node=\"18\"><img decoding=\"async\" class=\"aligncenter wp-image-43417\" src=\"https:\/\/havamall.com\/wp-content\/uploads\/2025\/11\/maxresdefault.jpg\" alt=\"\" width=\"800\" height=\"450\" srcset=\"https:\/\/havamall.com\/wp-content\/uploads\/2025\/11\/maxresdefault.jpg 1280w, https:\/\/havamall.com\/wp-content\/uploads\/2025\/11\/maxresdefault-18x10.jpg 18w, https:\/\/havamall.com\/wp-content\/uploads\/2025\/11\/maxresdefault-600x338.jpg 600w, https:\/\/havamall.com\/wp-content\/uploads\/2025\/11\/maxresdefault-1200x675.jpg 1200w, https:\/\/havamall.com\/wp-content\/uploads\/2025\/11\/maxresdefault-150x84.jpg 150w\" sizes=\"(max-width: 800px) 100vw, 800px\" \/><\/p>\n<p data-path-to-node=\"19\">D\u00e2u T\u00e2y Xay Nhuy\u1ec5n \u0110\u00f4ng L\u1ea1nh Chef&#8217;s Selection l\u00e0 m\u1ed9t nguy\u00ean li\u1ec7u c\u1ef1c k\u1ef3 linh ho\u1ea1t, kh\u00f4ng th\u1ec3 thi\u1ebfu trong b\u1ebfp \u0103n hi\u1ec7n \u0111\u1ea1i, \u0111\u1eb7c bi\u1ec7t l\u00e0 trong l\u0129nh v\u1ef1c F&amp;B.<\/p>\n<p data-path-to-node=\"21\">\u2013\u00a0<b>SMOOTHIES V\u00c0 SINH T\u1ed0:<\/b>\u00a0\u0110\u00e2y l\u00e0 \u1ee9ng d\u1ee5ng ph\u1ed5 bi\u1ebfn nh\u1ea5t. Pur\u00e9e D\u00e2u T\u00e2y gi\u00fap t\u1ea1o n\u00ean \u0111\u1ed9 s\u00e1nh m\u1ecbn, h\u01b0\u01a1ng v\u1ecb \u0111\u1eadm \u0111\u00e0 cho c\u00e1c lo\u1ea1i sinh t\u1ed1 m\u00e0 kh\u00f4ng c\u1ea7n d\u00f9ng tr\u00e1i c\u00e2y t\u01b0\u01a1i theo m\u00f9a, \u0111\u1ea3m b\u1ea3o ch\u1ea5t l\u01b0\u1ee3ng \u1ed5n \u0111\u1ecbnh quanh n\u0103m.<\/p>\n<p data-path-to-node=\"21\">\u2013\u00a0<b>COCKTAILS V\u00c0 MOCKTAILS:<\/b>\u00a0Pur\u00e9e D\u00e2u T\u00e2y l\u00e0 th\u00e0nh ph\u1ea7n ho\u00e0n h\u1ea3o \u0111\u1ec3 t\u1ea1o n\u00ean c\u00e1c lo\u1ea1i cocktail c\u1ed5 \u0111i\u1ec3n nh\u01b0 Strawberry Daiquiri ho\u1eb7c l\u00e0m n\u1ec1n cho c\u00e1c lo\u1ea1i th\u1ee9c u\u1ed1ng kh\u00f4ng c\u1ed3n c\u00f3 h\u01b0\u01a1ng v\u1ecb tr\u00e1i c\u00e2y.<\/p>\n<p data-path-to-node=\"23\">\u2013\u00a0<b>SAUCE (S\u1ed0T COULIS):<\/b> Pur\u00e9e c\u00f3 th\u1ec3 \u0111\u01b0\u1ee3c \u0111un n\u00f3ng nh\u1eb9 v\u00e0 th\u00eam m\u1ed9t ch\u00fat \u0111\u01b0\u1eddng \u0111\u1ec3 t\u1ea1o th\u00e0nh S\u1ed1t Coulis \u0103n k\u00e8m kem, panna cotta, ho\u1eb7c cheesecake.<\/p>\n<p data-path-to-node=\"23\">\u2013\u00a0<b>L\u00c0M KEM V\u00c0 GELATO:<\/b>\u00a0D\u00e2u T\u00e2y Xay Nhuy\u1ec5n l\u00e0 nguy\u00ean li\u1ec7u c\u1ed1t l\u00f5i cho vi\u1ec7c l\u00e0m kem Gelato v\u1ecb D\u00e2u T\u00e2y t\u1ef1 nhi\u00ean, kh\u00f4ng s\u1eed d\u1ee5ng h\u01b0\u01a1ng li\u1ec7u nh\u00e2n t\u1ea1o.<\/p>\n<p data-path-to-node=\"23\">\u2013\u00a0<b>L\u00c0M B\u00c1NH:<\/b>\u00a0D\u00f9ng \u0111\u1ec3 t\u1ea1o m\u00e0u v\u00e0 h\u01b0\u01a1ng v\u1ecb t\u1ef1 nhi\u00ean cho l\u1edbp kem mousse, th\u1ea1ch, ho\u1eb7c nh\u00e2n b\u00e1nh gato.<\/p>\n<p><img loading=\"lazy\" decoding=\"async\" class=\"aligncenter wp-image-43418\" src=\"https:\/\/havamall.com\/wp-content\/uploads\/2025\/11\/Iced-Strawberry-Latte-2.png\" alt=\"\" width=\"801\" height=\"1068\" srcset=\"https:\/\/havamall.com\/wp-content\/uploads\/2025\/11\/Iced-Strawberry-Latte-2.png 924w, https:\/\/havamall.com\/wp-content\/uploads\/2025\/11\/Iced-Strawberry-Latte-2-9x12.png 9w, https:\/\/havamall.com\/wp-content\/uploads\/2025\/11\/Iced-Strawberry-Latte-2-600x800.png 600w, https:\/\/havamall.com\/wp-content\/uploads\/2025\/11\/Iced-Strawberry-Latte-2-150x200.png 150w\" sizes=\"(max-width: 801px) 100vw, 801px\" \/><\/p>\n<p data-path-to-node=\"25\">\u0110\u1ec3 duy tr\u00ec ch\u1ea5t l\u01b0\u1ee3ng cao c\u1ea5p c\u1ee7a Pur\u00e9e, vi\u1ec7c b\u1ea3o qu\u1ea3n ph\u1ea3i tu\u00e2n th\u1ee7 nghi\u00eam ng\u1eb7t\u00a0<b>Kh\u1ea9u Ph\u1ea7n B\u1ea3o Qu\u1ea3n Chu\u1ea9n<\/b>:<\/p>\n<p data-path-to-node=\"26\">\u2013\u00a0<b>B\u1ea2O QU\u1ea2N \u0110\u00d4NG L\u1ea0NH:<\/b>\u00a0S\u1ea3n ph\u1ea9m ph\u1ea3i lu\u00f4n \u0111\u01b0\u1ee3c gi\u1eef \u1edf nhi\u1ec7t \u0111\u1ed9\u00a0<span class=\"math-inline\" data-math=\"-18^\\circ\\text{C}\"><span class=\"katex\"><span class=\"katex-html\" aria-hidden=\"true\"><span class=\"base\"><span class=\"mord\">\u2212<\/span><span class=\"mord\">1<\/span><span class=\"mord\">8<span class=\"msupsub\"><span class=\"vlist-t\"><span class=\"vlist-r\"><span class=\"vlist\"><span class=\"\"><span class=\"sizing reset-size6 size3 mtight\"><span class=\"mbin mtight\">\u2218<\/span><\/span><\/span><\/span><\/span><\/span><\/span><\/span><span class=\"mord text\"><span class=\"mord\">C<\/span><\/span><\/span><\/span><\/span><\/span>\u00a0ho\u1eb7c th\u1ea5p h\u01a1n.<\/p>\n<p data-path-to-node=\"26\">\u2013\u00a0<b>R\u00c3 \u0110\u00d4NG V\u00c0 S\u1eec D\u1ee4NG:<\/b>\u00a0Ch\u1ec9 n\u00ean r\u00e3 \u0111\u00f4ng ph\u1ea7n Pur\u00e9e c\u1ea7n d\u00f9ng.\u00a0<b>Kh\u00f4ng \u0111\u01b0\u1ee3c r\u00e3 \u0111\u00f4ng v\u00e0 sau \u0111\u00f3 c\u1ea5p \u0111\u00f4ng l\u1ea1i (Do not thaw and refreeze)<\/b>, v\u00ec \u0111i\u1ec1u n\u00e0y s\u1ebd l\u00e0m gi\u1ea3m ch\u1ea5t l\u01b0\u1ee3ng, k\u1ebft c\u1ea5u v\u00e0 gi\u00e1 tr\u1ecb dinh d\u01b0\u1ee1ng c\u1ee7a s\u1ea3n ph\u1ea9m.<\/p>\n<p data-path-to-node=\"26\">\u2013\u00a0<b>S\u1eec D\u1ee4NG SAU KHI M\u1ede:<\/b>\u00a0Sau khi m\u1edf bao b\u00ec, ph\u1ea7n Pur\u00e9e c\u00f2n l\u1ea1i n\u00ean \u0111\u01b0\u1ee3c \u0111\u1eady k\u00edn v\u00e0 b\u1ea3o qu\u1ea3n trong ng\u0103n m\u00e1t t\u1ee7 l\u1ea1nh, t\u1ed1t nh\u1ea5t n\u00ean s\u1eed d\u1ee5ng h\u1ebft trong v\u00f2ng 3\u20135 ng\u00e0y.<\/p>\n<p data-path-to-node=\"26\"><img loading=\"lazy\" decoding=\"async\" class=\"aligncenter wp-image-43419\" src=\"https:\/\/havamall.com\/wp-content\/uploads\/2025\/11\/strawberry-sorbet-recipe.webp\" alt=\"\" width=\"802\" height=\"1203\" srcset=\"https:\/\/havamall.com\/wp-content\/uploads\/2025\/11\/strawberry-sorbet-recipe.webp 1365w, https:\/\/havamall.com\/wp-content\/uploads\/2025\/11\/strawberry-sorbet-recipe-8x12.webp 8w, https:\/\/havamall.com\/wp-content\/uploads\/2025\/11\/strawberry-sorbet-recipe-600x900.webp 600w, https:\/\/havamall.com\/wp-content\/uploads\/2025\/11\/strawberry-sorbet-recipe-1200x1800.webp 1200w, https:\/\/havamall.com\/wp-content\/uploads\/2025\/11\/strawberry-sorbet-recipe-150x225.webp 150w\" sizes=\"(max-width: 802px) 100vw, 802px\" \/><\/p>\n<p data-path-to-node=\"27\">D\u00e2u T\u00e2y Xay Nhuy\u1ec5n \u0110\u00f4ng L\u1ea1nh Nguy\u00ean Ch\u1ea5t\u00a0<span class=\"math-inline\" data-math=\"100\\%\"><span class=\"katex\"><span class=\"katex-html\" aria-hidden=\"true\"><span class=\"base\"><span class=\"mord\">100%<\/span><\/span><\/span><\/span><\/span>\u00a0T\u1ef1 Nhi\u00ean Kh\u00f4ng \u0110\u01b0\u1eddng Chef&#8217;s Selection\u00a0<span class=\"math-inline\" data-math=\"500\\text{g}\"><span class=\"katex\"><span class=\"katex-html\" aria-hidden=\"true\"><span class=\"base\"><span class=\"mord\">500<\/span><span class=\"mord text\"><span class=\"mord\">g<\/span><\/span><\/span><\/span><\/span><\/span> l\u00e0 gi\u1ea3i ph\u00e1p l\u00fd t\u01b0\u1edfng cho c\u1ea3 chuy\u00ean gia v\u00e0 ng\u01b0\u1eddi ti\u00eau d\u00f9ng t\u1ea1i nh\u00e0 mu\u1ed1n s\u1eed d\u1ee5ng nguy\u00ean li\u1ec7u tr\u00e1i c\u00e2y ch\u1ea5t l\u01b0\u1ee3ng cao, \u1ed5n \u0111\u1ecbnh v\u00e0 ti\u1ec7n l\u1ee3i quanh n\u0103m, hi\u1ec7n \u0111ang \u0111\u01b0\u1ee3c ph\u00e2n ph\u1ed1i t\u1ea1i\u00a0<b>Havamall<\/b>.<\/p>\n<\/div>","protected":false},"excerpt":{"rendered":"<p>TH\u00d4NG TIN S\u1ea2N PH\u1ea8M Th\u01b0\u01a1ng Hi\u1ec7u Chef&#8217;s Selection By Indoguna Vina Xu\u1ea5t X\u1ee9\u00a0 Trung Qu\u1ed1c Th\u00e0nh Ph\u1ea7n 100%\u00a0D\u00e2u T\u00e2y T\u01b0\u01a1i\u00a0\u2013<\/p>","protected":false},"featured_media":43413,"comment_status":"open","ping_status":"closed","template":"","meta":[],"product_brand":[],"product_cat":[725,684],"product_tag":[],"class_list":{"0":"post-43411","1":"product","2":"type-product","3":"status-publish","4":"has-post-thumbnail","6":"product_cat-nhap-khau-trung-quoc","7":"product_cat-trai-cay-dong-lanh","9":"first","10":"instock","11":"sale","12":"shipping-taxable","13":"purchasable","14":"product-type-simple"},"_links":{"self":[{"href":"https:\/\/havamall.com\/en\/wp-json\/wp\/v2\/product\/43411","targetHints":{"allow":["GET"]}}],"collection":[{"href":"https:\/\/havamall.com\/en\/wp-json\/wp\/v2\/product"}],"about":[{"href":"https:\/\/havamall.com\/en\/wp-json\/wp\/v2\/types\/product"}],"replies":[{"embeddable":true,"href":"https:\/\/havamall.com\/en\/wp-json\/wp\/v2\/comments?post=43411"}],"version-history":[{"count":0,"href":"https:\/\/havamall.com\/en\/wp-json\/wp\/v2\/product\/43411\/revisions"}],"wp:featuredmedia":[{"embeddable":true,"href":"https:\/\/havamall.com\/en\/wp-json\/wp\/v2\/media\/43413"}],"wp:attachment":[{"href":"https:\/\/havamall.com\/en\/wp-json\/wp\/v2\/media?parent=43411"}],"wp:term":[{"taxonomy":"product_brand","embeddable":true,"href":"https:\/\/havamall.com\/en\/wp-json\/wp\/v2\/product_brand?post=43411"},{"taxonomy":"product_cat","embeddable":true,"href":"https:\/\/havamall.com\/en\/wp-json\/wp\/v2\/product_cat?post=43411"},{"taxonomy":"product_tag","embeddable":true,"href":"https:\/\/havamall.com\/en\/wp-json\/wp\/v2\/product_tag?post=43411"}],"curies":[{"name":"wp","href":"https:\/\/api.w.org\/{rel}","templated":true}]}}