{"id":43424,"date":"2025-11-23T09:05:08","date_gmt":"2025-11-23T02:05:08","guid":{"rendered":"https:\/\/havamall.com\/?post_type=product&#038;p=43424"},"modified":"2025-11-23T09:05:08","modified_gmt":"2025-11-23T02:05:08","slug":"viet-quat-xay-nhuyen-dong-lanh-nguyen-chat-chefs-selection-by-indoguna-vina-500g-blueberry-frozen-puree","status":"publish","type":"product","link":"https:\/\/havamall.com\/en\/shop\/viet-quat-xay-nhuyen-dong-lanh-nguyen-chat-chefs-selection-by-indoguna-vina-500g-blueberry-frozen-puree\/","title":{"rendered":"Vi\u1ec7t Qu\u1ea5t Xay Nhuy\u1ec5n \u0110\u00f4ng L\u1ea1nh Nguy\u00ean Ch\u1ea5t Chef&#8217;s Selection By Indoguna Vina 500g \u2013 Blueberry Frozen Pur\u00e9e"},"content":{"rendered":"<div id=\"model-response-message-contentr_b0e1761b387a3ae4\" class=\"markdown markdown-main-panel enable-updated-hr-color\" dir=\"ltr\" aria-live=\"polite\">\n<blockquote>\n<h2><em>TH\u00d4NG TIN S\u1ea2N PH\u1ea8M<\/em><\/h2>\n<\/blockquote>\n<table data-path-to-node=\"7\">\n<tbody>\n<tr>\n<td data-path-to-node=\"7,1,0,0\"><b>Th\u01b0\u01a1ng Hi\u1ec7u<\/b><\/td>\n<td data-path-to-node=\"7,1,1,0\">Chef&#8217;s Selection By Indoguna Vina<\/td>\n<\/tr>\n<tr>\n<td data-path-to-node=\"7,2,0,0\"><b>Xu\u1ea5t X\u1ee9<\/b><\/td>\n<td data-path-to-node=\"7,2,1,0\">Trung Qu\u1ed1c<\/td>\n<\/tr>\n<tr>\n<td data-path-to-node=\"7,3,0,0\"><b>Th\u00e0nh Ph\u1ea7n<\/b><\/td>\n<td data-path-to-node=\"7,3,1,0\"><b><span class=\"math-inline\" data-math=\"100\\%\"><span class=\"katex\"><span class=\"katex-html\" aria-hidden=\"true\"><span class=\"base\"><span class=\"mord\">100%<\/span><\/span><\/span><\/span><\/span>\u00a0Vi\u1ec7t Qu\u1ea5t (Blueberry)<\/b>\u00a0\u2013 Kh\u00f4ng bi\u1ebfn \u0111\u1ed5i gen (Non-GMO) \u2013 Kh\u00f4ng ch\u1ea5t g\u00e2y d\u1ecb \u1ee9ng (No allergen products) \u2013 Kh\u00f4ng ph\u1ee5 gia th\u00eam (No additional products).<\/td>\n<\/tr>\n<tr>\n<td data-path-to-node=\"7,4,0,0\"><b>H\u1ea1n S\u1eed D\u1ee5ng<\/b><\/td>\n<td data-path-to-node=\"7,4,1,0\">24 th\u00e1ng (B\u1ea3o qu\u1ea3n \u0110\u00f4ng L\u1ea1nh <span class=\"math-inline\" data-math=\"\\le -18^\\circ\\text{C}\"><span class=\"katex\"><span class=\"katex-html\" aria-hidden=\"true\"><span class=\"base\"><span class=\"mrel\">\u2264<\/span><\/span><span class=\"base\"><span class=\"mord\">\u2212<\/span><span class=\"mord\">1<\/span><span class=\"mord\">8<span class=\"msupsub\"><span class=\"vlist-t\"><span class=\"vlist-r\"><span class=\"vlist\"><span class=\"\"><span class=\"sizing reset-size6 size3 mtight\"><span class=\"mbin mtight\">\u2218<\/span><\/span><\/span><\/span><\/span><\/span><\/span><\/span><span class=\"mord text\"><span class=\"mord\">C<\/span><\/span><\/span><\/span><\/span><\/span>)<\/td>\n<\/tr>\n<tr>\n<td data-path-to-node=\"7,5,0,0\"><b>Kh\u1ed1i L\u01b0\u1ee3ng<\/b><\/td>\n<td data-path-to-node=\"7,5,1,0\"><span class=\"math-inline\" data-math=\"500\\text{g}\"><span class=\"katex\"><span class=\"katex-html\" aria-hidden=\"true\"><span class=\"base\"><span class=\"mord\">500<\/span><span class=\"mord text\"><span class=\"mord\">g<\/span><\/span><\/span><\/span><\/span><\/span><\/td>\n<\/tr>\n<\/tbody>\n<\/table>\n<p data-path-to-node=\"11\">Vi\u1ec7t Qu\u1ea5t Xay Nhuy\u1ec5n \u0110\u00f4ng L\u1ea1nh Nguy\u00ean Ch\u1ea5t\u00a0<span class=\"math-inline\" data-math=\"100\\%\"><span class=\"katex\"><span class=\"katex-html\" aria-hidden=\"true\"><span class=\"base\"><span class=\"mord\">100%<\/span><\/span><\/span><\/span><\/span>\u00a0T\u1ef1 Nhi\u00ean Kh\u00f4ng \u0110\u01b0\u1eddng Chef&#8217;s Selection By Indoguna Vina\u00a0<span class=\"math-inline\" data-math=\"500\\text{g}\"><span class=\"katex\"><span class=\"katex-html\" aria-hidden=\"true\"><span class=\"base\"><span class=\"mord\">500<\/span><span class=\"mord text\"><span class=\"mord\">g<\/span><\/span><\/span><\/span><\/span><\/span>\u00a0l\u00e0 nguy\u00ean li\u1ec7u cao c\u1ea5p, \u0111\u01b0\u1ee3c s\u1ea3n xu\u1ea5t d\u01b0\u1edbi s\u1ef1 gi\u00e1m s\u00e1t ch\u1ea5t l\u01b0\u1ee3ng nghi\u00eam ng\u1eb7t c\u1ee7a th\u01b0\u01a1ng hi\u1ec7u\u00a0<b>Chef&#8217;s Selection<\/b>, v\u1ed1n l\u00e0 l\u1ef1a ch\u1ecdn h\u00e0ng \u0111\u1ea7u cho c\u00e1c chuy\u00ean gia \u1ea9m th\u1ef1c, nh\u00e0 h\u00e0ng, kh\u00e1ch s\u1ea1n v\u00e0 c\u00e1c chu\u1ed7i pha ch\u1ebf.<\/p>\n<p data-path-to-node=\"12\">S\u1ea3n ph\u1ea9m \u0111\u01b0\u1ee3c ch\u1ebf bi\u1ebfn t\u1eeb\u00a0<b><span class=\"math-inline\" data-math=\"100\\%\"><span class=\"katex\"><span class=\"katex-html\" aria-hidden=\"true\"><span class=\"base\"><span class=\"mord\">100%<\/span><\/span><\/span><\/span><\/span>\u00a0Vi\u1ec7t Qu\u1ea5t<\/b>\u00a0t\u01b0\u01a1i, tu\u00e2n th\u1ee7 nguy\u00ean t\u1eafc\u00a0<b><span class=\"math-inline\" data-math=\"100\\%\"><span class=\"katex\"><span class=\"katex-html\" aria-hidden=\"true\"><span class=\"base\"><span class=\"mord\">100%<\/span><\/span><\/span><\/span><\/span> T\u1ef1 Nhi\u00ean (100% Natural), <\/b>\u0111\u1ea3m b\u1ea3o Pur\u00e9e gi\u1eef \u0111\u01b0\u1ee3c v\u1ecb ng\u1ecdt thanh, chua nh\u1eb9 \u0111\u1eb7c tr\u01b0ng c\u1ee7a Vi\u1ec7t Qu\u1ea5t m\u00e0 kh\u00f4ng c\u1ea7n th\u00eam \u0111\u01b0\u1eddng ho\u1eb7c ch\u1ea5t l\u00e0m ng\u1ecdt nh\u00e2n t\u1ea1o. Ngo\u00e0i ra, s\u1ea3n ph\u1ea9m c\u00f2n cam k\u1ebft <b>Kh\u00f4ng bi\u1ebfn \u0111\u1ed5i gen (Non-GMO)<\/b>\u00a0v\u00e0\u00a0<b>Kh\u00f4ng ch\u1ee9a ch\u1ea5t g\u00e2y d\u1ecb \u1ee9ng (No allergen products)<\/b>, mang l\u1ea1i s\u1ef1 an t\u00e2m tuy\u1ec7t \u0111\u1ed1i cho ng\u01b0\u1eddi s\u1eed d\u1ee5ng v\u00e0 ng\u01b0\u1eddi ti\u00eau d\u00f9ng cu\u1ed1i.<\/p>\n<p><img fetchpriority=\"high\" decoding=\"async\" class=\"aligncenter  wp-image-43427\" src=\"https:\/\/havamall.com\/wp-content\/uploads\/2025\/11\/blueberry-ice-cream-recipe-4-1200x900-1.jpg\" alt=\"\" width=\"801\" height=\"601\" srcset=\"https:\/\/havamall.com\/wp-content\/uploads\/2025\/11\/blueberry-ice-cream-recipe-4-1200x900-1.jpg 1200w, https:\/\/havamall.com\/wp-content\/uploads\/2025\/11\/blueberry-ice-cream-recipe-4-1200x900-1-16x12.jpg 16w, https:\/\/havamall.com\/wp-content\/uploads\/2025\/11\/blueberry-ice-cream-recipe-4-1200x900-1-600x450.jpg 600w, https:\/\/havamall.com\/wp-content\/uploads\/2025\/11\/blueberry-ice-cream-recipe-4-1200x900-1-150x113.jpg 150w\" sizes=\"(max-width: 801px) 100vw, 801px\" \/><\/p>\n<p data-path-to-node=\"14\">Vi\u1ec7t Qu\u1ea5t l\u00e0 m\u1ed9t lo\u1ea1i &#8220;si\u00eau tr\u00e1i c\u00e2y&#8221; (superfood) n\u1ed5i ti\u1ebfng v\u1edbi h\u00e0m l\u01b0\u1ee3ng ch\u1ea5t ch\u1ed1ng oxy h\u00f3a (Antioxidant) v\u00e0 anthocyanin c\u1ef1c k\u1ef3 cao. C\u00f4ng ngh\u1ec7 ch\u1ebf bi\u1ebfn Pur\u00e9e \u0110\u00f4ng L\u1ea1nh l\u00e0 ch\u00eca kh\u00f3a \u0111\u1ec3 b\u1ea3o t\u1ed3n nh\u1eefng d\u01b0\u1ee1ng ch\u1ea5t qu\u00fd gi\u00e1 n\u00e0y.<\/p>\n<p data-path-to-node=\"16\">\u2013\u00a0<b>B\u1ea2O T\u1ed2N D\u01af\u1ee0NG CH\u1ea4T:<\/b>\u00a0Ngay sau khi thu ho\u1ea1ch v\u00e0 xay nhuy\u1ec5n, Pur\u00e9e \u0111\u01b0\u1ee3c \u0111\u00f3ng g\u00f3i v\u00e0 c\u1ea5p \u0111\u00f4ng nhanh ch\u00f3ng (Fast Freezing) \u1edf nhi\u1ec7t \u0111\u1ed9\u00a0<span class=\"math-inline\" data-math=\"\\le -18^\\circ\\text{C}\"><span class=\"katex\"><span class=\"katex-html\" aria-hidden=\"true\"><span class=\"base\"><span class=\"mrel\">\u2264<\/span><\/span><span class=\"base\"><span class=\"mord\">\u2212<\/span><span class=\"mord\">1<\/span><span class=\"mord\">8<span class=\"msupsub\"><span class=\"vlist-t\"><span class=\"vlist-r\"><span class=\"vlist\"><span class=\"\"><span class=\"sizing reset-size6 size3 mtight\"><span class=\"mbin mtight\">\u2218<\/span><\/span><\/span><\/span><\/span><\/span><\/span><\/span><span class=\"mord text\"><span class=\"mord\">C<\/span><\/span><\/span><\/span><\/span><\/span>. Qu\u00e1 tr\u00ecnh n\u00e0y gi\u00fap kh\u00f3a ch\u1eb7t c\u00e1c vitamin, kho\u00e1ng ch\u1ea5t v\u00e0 \u0111\u1eb7c bi\u1ec7t l\u00e0 anthocyanin (ch\u1ea5t t\u1ea1o m\u00e0u t\u00edm\/xanh \u0111\u1eadm c\u1ee7a Vi\u1ec7t Qu\u1ea5t) b\u00ean trong, \u0111\u1ea3m b\u1ea3o s\u1ea3n ph\u1ea9m c\u00f3 gi\u00e1 tr\u1ecb dinh d\u01b0\u1ee1ng t\u01b0\u01a1ng \u0111\u01b0\u01a1ng v\u1edbi tr\u00e1i c\u00e2y t\u01b0\u01a1i.<\/p>\n<p data-path-to-node=\"16\">\u2013 <b>K\u1ebeT C\u1ea4U V\u00c0 M\u00c0U S\u1eaeC:<\/b>\u00a0Pur\u00e9e c\u00f3 k\u1ebft c\u1ea5u m\u1ecbn, d\u1ec5 d\u00e0ng h\u00f2a tan v\u00e0 tr\u1ed9n l\u1eabn, mang m\u00e0u t\u00edm \u0111\u1eadm t\u1ef1 nhi\u00ean \u0111\u1eb7c tr\u01b0ng c\u1ee7a Vi\u1ec7t Qu\u1ea5t. M\u00e0u s\u1eafc n\u00e0y r\u1ea5t b\u1ec1n v\u00e0 \u0111\u1eb9p, l\u00fd t\u01b0\u1edfng \u0111\u1ec3 t\u1ea1o m\u00e0u t\u1ef1 nhi\u00ean cho c\u00e1c m\u00f3n tr\u00e1ng mi\u1ec7ng.<\/p>\n<p><img decoding=\"async\" class=\"aligncenter  wp-image-43429\" src=\"https:\/\/havamall.com\/wp-content\/uploads\/2025\/11\/blueberry-puree-new-8-1.jpg\" alt=\"\" width=\"800\" height=\"533\" srcset=\"https:\/\/havamall.com\/wp-content\/uploads\/2025\/11\/blueberry-puree-new-8-1.jpg 1200w, https:\/\/havamall.com\/wp-content\/uploads\/2025\/11\/blueberry-puree-new-8-1-18x12.jpg 18w, https:\/\/havamall.com\/wp-content\/uploads\/2025\/11\/blueberry-puree-new-8-1-600x400.jpg 600w, https:\/\/havamall.com\/wp-content\/uploads\/2025\/11\/blueberry-puree-new-8-1-150x100.jpg 150w\" sizes=\"(max-width: 800px) 100vw, 800px\" \/><\/p>\n<p data-path-to-node=\"18\">Vi\u1ec7t Qu\u1ea5t l\u00e0 m\u1ed9t trong nh\u1eefng lo\u1ea1i tr\u00e1i c\u00e2y c\u00f3 ch\u1ec9 s\u1ed1\u00a0<b>ORAC (Oxygen Radical Absorbance Capacity)<\/b> cao nh\u1ea5t, ch\u1ec9 s\u1ed1 \u0111o l\u01b0\u1eddng kh\u1ea3 n\u0103ng ch\u1ed1ng oxy h\u00f3a. S\u1ea3n ph\u1ea9m Pur\u00e9e Vi\u1ec7t Qu\u1ea5t gi\u00fap:<\/p>\n<p data-path-to-node=\"18\">\u2013\u00a0<b>CH\u1ed0NG L\u00c3O H\u00d3A:<\/b> H\u00e0m l\u01b0\u1ee3ng anthocyanin cao gi\u00fap trung h\u00f2a c\u00e1c g\u1ed1c t\u1ef1 do, h\u1ed7 tr\u1ee3 l\u00e0m ch\u1eadm qu\u00e1 tr\u00ecnh l\u00e3o h\u00f3a.<\/p>\n<p data-path-to-node=\"18\">\u2013\u00a0<b>T\u0102NG C\u01af\u1edcNG TH\u1eca L\u1ef0C:<\/b> Vi\u1ec7t Qu\u1ea5t t\u1eeb l\u00e2u \u0111\u00e3 n\u1ed5i ti\u1ebfng v\u1edbi kh\u1ea3 n\u0103ng h\u1ed7 tr\u1ee3 s\u1ee9c kh\u1ecfe m\u1eaft.<\/p>\n<p data-path-to-node=\"18\">\u2013\u00a0<b>H\u1ed6 TR\u1ee2 TIM M\u1ea0CH V\u00c0 TR\u00cd N\u00c3O:<\/b>\u00a0C\u00e1c h\u1ee3p ch\u1ea5t trong Vi\u1ec7t Qu\u1ea5t gi\u00fap c\u1ea3i thi\u1ec7n tr\u00ed nh\u1edb v\u00e0 h\u1ed7 tr\u1ee3 ch\u1ee9c n\u0103ng tim m\u1ea1ch.<\/p>\n<p><img decoding=\"async\" class=\"aligncenter  wp-image-43430\" src=\"https:\/\/havamall.com\/wp-content\/uploads\/2025\/11\/20180713_190611-2.jpg\" alt=\"\" width=\"800\" height=\"450\" srcset=\"https:\/\/havamall.com\/wp-content\/uploads\/2025\/11\/20180713_190611-2.jpg 1600w, https:\/\/havamall.com\/wp-content\/uploads\/2025\/11\/20180713_190611-2-18x10.jpg 18w, https:\/\/havamall.com\/wp-content\/uploads\/2025\/11\/20180713_190611-2-600x338.jpg 600w, https:\/\/havamall.com\/wp-content\/uploads\/2025\/11\/20180713_190611-2-1200x675.jpg 1200w, https:\/\/havamall.com\/wp-content\/uploads\/2025\/11\/20180713_190611-2-150x84.jpg 150w\" sizes=\"(max-width: 800px) 100vw, 800px\" \/><\/p>\n<p data-path-to-node=\"20\">Vi\u1ec7t Qu\u1ea5t Xay Nhuy\u1ec5n l\u00e0 m\u1ed9t nguy\u00ean li\u1ec7u kh\u00f4ng th\u1ec3 thi\u1ebfu trong l\u0129nh v\u1ef1c pha ch\u1ebf v\u00e0 l\u00e0m b\u00e1nh cao c\u1ea5p nh\u1edd h\u01b0\u01a1ng v\u1ecb ph\u1ee9c h\u1ee3p v\u00e0 m\u00e0u s\u1eafc \u1ea5n t\u01b0\u1ee3ng.<\/p>\n<p data-path-to-node=\"22\">\u2013\u00a0<b>SMOOTHIES V\u00c0 YOGURT:<\/b> Pur\u00e9e \u0111\u01b0\u1ee3c d\u00f9ng l\u00e0m n\u1ec1n cho c\u00e1c lo\u1ea1i sinh t\u1ed1 v\u00e0 s\u1eefa chua tr\u00e1i c\u00e2y, mang l\u1ea1i h\u01b0\u01a1ng v\u1ecb chua ng\u1ecdt t\u1ef1 nhi\u00ean v\u00e0 m\u00e0u s\u1eafc h\u1ea5p d\u1eabn.<\/p>\n<p data-path-to-node=\"22\">\u2013\u00a0<b>COCKTAILS \u0110\u1eb6C BI\u1ec6T:<\/b>\u00a0T\u1ea1o m\u00e0u v\u00e0 h\u01b0\u01a1ng v\u1ecb phong ph\u00fa cho c\u00e1c lo\u1ea1i cocktail cao c\u1ea5p nh\u01b0 Gin &amp; Tonic, Martini, ho\u1eb7c l\u00e0m l\u1edbp base cho Mocktails, Limonades.<\/p>\n<p data-path-to-node=\"24\">\u2013\u00a0<b>S\u1ed0T V\u00c0 M\u1ee8T (JAM\/SAUCE):<\/b> Pur\u00e9e Vi\u1ec7t Qu\u1ea5t l\u00e0 nguy\u00ean li\u1ec7u ho\u00e0n h\u1ea3o \u0111\u1ec3 n\u1ea5u th\u00e0nh S\u1ed1t Coulis ho\u1eb7c M\u1ee9t Vi\u1ec7t Qu\u1ea5t \u0103n k\u00e8m b\u00e1nh k\u1ebfp (pancakes), b\u00e1nh m\u00ec n\u01b0\u1edbng (toast) ho\u1eb7c ph\u00f4 mai.<\/p>\n<p data-path-to-node=\"24\">\u2013\u00a0<b>KEM V\u00c0 MOUSSE:<\/b>\u00a0D\u00f9ng \u0111\u1ec3 t\u1ea1o h\u01b0\u01a1ng v\u1ecb v\u00e0 m\u00e0u s\u1eafc cho Kem Gelato, Sorbet, v\u00e0 c\u00e1c lo\u1ea1i b\u00e1nh Mousse, \u0111\u1ea3m b\u1ea3o h\u01b0\u01a1ng v\u1ecb Vi\u1ec7t Qu\u1ea5t \u0111\u1eadm \u0111\u00e0, t\u1ef1 nhi\u00ean.<\/p>\n<p data-path-to-node=\"25\"><img loading=\"lazy\" decoding=\"async\" class=\"aligncenter  wp-image-43432\" src=\"https:\/\/havamall.com\/wp-content\/uploads\/2025\/11\/No-churn-lemon-ice-cream-single-scoop-1.jpg\" alt=\"\" width=\"800\" height=\"1066\" srcset=\"https:\/\/havamall.com\/wp-content\/uploads\/2025\/11\/No-churn-lemon-ice-cream-single-scoop-1.jpg 1536w, https:\/\/havamall.com\/wp-content\/uploads\/2025\/11\/No-churn-lemon-ice-cream-single-scoop-1-9x12.jpg 9w, https:\/\/havamall.com\/wp-content\/uploads\/2025\/11\/No-churn-lemon-ice-cream-single-scoop-1-600x800.jpg 600w, https:\/\/havamall.com\/wp-content\/uploads\/2025\/11\/No-churn-lemon-ice-cream-single-scoop-1-1200x1600.jpg 1200w, https:\/\/havamall.com\/wp-content\/uploads\/2025\/11\/No-churn-lemon-ice-cream-single-scoop-1-150x200.jpg 150w\" sizes=\"(max-width: 800px) 100vw, 800px\" \/><\/p>\n<h4>B\u1ea2O QU\u1ea2N V\u00c0 L\u01afU \u00dd S\u1eec D\u1ee4NG<\/h4>\n<p data-path-to-node=\"27\">\u2013\u00a0<b>B\u1ea2O QU\u1ea2N \u0110\u00d4NG L\u1ea0NH:<\/b>\u00a0S\u1ea3n ph\u1ea9m ph\u1ea3i lu\u00f4n \u0111\u01b0\u1ee3c gi\u1eef \u1edf nhi\u1ec7t \u0111\u1ed9\u00a0<span class=\"math-inline\" data-math=\"-18^\\circ\\text{C}\"><span class=\"katex\"><span class=\"katex-html\" aria-hidden=\"true\"><span class=\"base\"><span class=\"mord\">\u2212<\/span><span class=\"mord\">1<\/span><span class=\"mord\">8<span class=\"msupsub\"><span class=\"vlist-t\"><span class=\"vlist-r\"><span class=\"vlist\"><span class=\"\"><span class=\"sizing reset-size6 size3 mtight\"><span class=\"mbin mtight\">\u2218<\/span><\/span><\/span><\/span><\/span><\/span><\/span><\/span><span class=\"mord text\"><span class=\"mord\">C<\/span><\/span><\/span><\/span><\/span><\/span> ho\u1eb7c th\u1ea5p h\u01a1n.<\/p>\n<p data-path-to-node=\"27\">\u2013\u00a0<b>KH\u00d4NG C\u1ea4P \u0110\u00d4NG L\u1ea0I:<\/b>\u00a0Tuy\u1ec7t \u0111\u1ed1i\u00a0<b>Kh\u00f4ng \u0111\u01b0\u1ee3c r\u00e3 \u0111\u00f4ng v\u00e0 sau \u0111\u00f3 c\u1ea5p \u0111\u00f4ng l\u1ea1i (Do not thaw and refreeze)<\/b>, v\u00ec \u0111i\u1ec1u n\u00e0y l\u00e0m h\u1ecfng c\u1ea5u tr\u00fac v\u00e0 gi\u1ea3m ch\u1ea5t l\u01b0\u1ee3ng s\u1ea3n ph\u1ea9m.<\/p>\n<p data-path-to-node=\"27\">\u2013 <b>S\u1eec D\u1ee4NG H\u1ee2P L\u00dd:<\/b>\u00a0N\u00ean r\u00e3 \u0111\u00f4ng m\u1ed9t ph\u1ea7n Pur\u00e9e v\u1eeba \u0111\u1ee7 d\u00f9ng. Sau khi r\u00e3 \u0111\u00f4ng, n\u00ean b\u1ea3o qu\u1ea3n l\u1ea1nh trong ng\u0103n m\u00e1t t\u1ee7 l\u1ea1nh v\u00e0 s\u1eed d\u1ee5ng h\u1ebft trong th\u1eddi gian ng\u1eafn \u0111\u1ec3 \u0111\u1ea3m b\u1ea3o \u0111\u1ed9 t\u01b0\u01a1i m\u1edbi.<\/p>\n<p data-path-to-node=\"28\">Vi\u1ec7t Qu\u1ea5t Xay Nhuy\u1ec5n \u0110\u00f4ng L\u1ea1nh Nguy\u00ean Ch\u1ea5t\u00a0<span class=\"math-inline\" data-math=\"100\\%\"><span class=\"katex\"><span class=\"katex-html\" aria-hidden=\"true\"><span class=\"base\"><span class=\"mord\">100%<\/span><\/span><\/span><\/span><\/span>\u00a0T\u1ef1 Nhi\u00ean Chef&#8217;s Selection\u00a0<span class=\"math-inline\" data-math=\"500\\text{g}\"><span class=\"katex\"><span class=\"katex-html\" aria-hidden=\"true\"><span class=\"base\"><span class=\"mord\">500<\/span><span class=\"mord text\"><span class=\"mord\">g<\/span><\/span><\/span><\/span><\/span><\/span> l\u00e0 s\u1ef1 l\u1ef1a ch\u1ecdn t\u1ed1i \u01b0u, mang l\u1ea1i s\u1ef1 ti\u1ec7n l\u1ee3i, ch\u1ea5t l\u01b0\u1ee3ng nguy\u00ean b\u1ea3n v\u00e0 dinh d\u01b0\u1ee1ng t\u1ed1i \u0111a cho m\u1ecdi \u1ee9ng d\u1ee5ng \u1ea9m th\u1ef1c, hi\u1ec7n \u0111ang \u0111\u01b0\u1ee3c ph\u00e2n ph\u1ed1i t\u1ea1i <b>Havamall<\/b>.<\/p>\n<\/div>","protected":false},"excerpt":{"rendered":"<p>TH\u00d4NG TIN S\u1ea2N PH\u1ea8M Th\u01b0\u01a1ng Hi\u1ec7u Chef&#8217;s Selection By Indoguna Vina Xu\u1ea5t X\u1ee9 Trung Qu\u1ed1c Th\u00e0nh Ph\u1ea7n 100%\u00a0Vi\u1ec7t Qu\u1ea5t (Blueberry)\u00a0\u2013<\/p>","protected":false},"featured_media":43426,"comment_status":"open","ping_status":"closed","template":"","meta":[],"product_brand":[],"product_cat":[725,684],"product_tag":[],"class_list":{"0":"post-43424","1":"product","2":"type-product","3":"status-publish","4":"has-post-thumbnail","6":"product_cat-nhap-khau-trung-quoc","7":"product_cat-trai-cay-dong-lanh","9":"first","10":"instock","11":"sale","12":"shipping-taxable","13":"purchasable","14":"product-type-simple"},"_links":{"self":[{"href":"https:\/\/havamall.com\/en\/wp-json\/wp\/v2\/product\/43424","targetHints":{"allow":["GET"]}}],"collection":[{"href":"https:\/\/havamall.com\/en\/wp-json\/wp\/v2\/product"}],"about":[{"href":"https:\/\/havamall.com\/en\/wp-json\/wp\/v2\/types\/product"}],"replies":[{"embeddable":true,"href":"https:\/\/havamall.com\/en\/wp-json\/wp\/v2\/comments?post=43424"}],"version-history":[{"count":0,"href":"https:\/\/havamall.com\/en\/wp-json\/wp\/v2\/product\/43424\/revisions"}],"wp:featuredmedia":[{"embeddable":true,"href":"https:\/\/havamall.com\/en\/wp-json\/wp\/v2\/media\/43426"}],"wp:attachment":[{"href":"https:\/\/havamall.com\/en\/wp-json\/wp\/v2\/media?parent=43424"}],"wp:term":[{"taxonomy":"product_brand","embeddable":true,"href":"https:\/\/havamall.com\/en\/wp-json\/wp\/v2\/product_brand?post=43424"},{"taxonomy":"product_cat","embeddable":true,"href":"https:\/\/havamall.com\/en\/wp-json\/wp\/v2\/product_cat?post=43424"},{"taxonomy":"product_tag","embeddable":true,"href":"https:\/\/havamall.com\/en\/wp-json\/wp\/v2\/product_tag?post=43424"}],"curies":[{"name":"wp","href":"https:\/\/api.w.org\/{rel}","templated":true}]}}