{"id":43434,"date":"2025-11-23T10:17:40","date_gmt":"2025-11-23T03:17:40","guid":{"rendered":"https:\/\/havamall.com\/?post_type=product&#038;p=43434"},"modified":"2025-11-23T10:34:32","modified_gmt":"2025-11-23T03:34:32","slug":"mam-xoi-xay-nhuyen-dong-lanh-nguyen-chat-chefs-selection-by-indoguna-vina-500g-raspberry-frozen-puree","status":"publish","type":"product","link":"https:\/\/havamall.com\/en\/shop\/mam-xoi-xay-nhuyen-dong-lanh-nguyen-chat-chefs-selection-by-indoguna-vina-500g-raspberry-frozen-puree\/","title":{"rendered":"M\u00e2m X\u00f4i Xay Nhuy\u1ec5n \u0110\u00f4ng L\u1ea1nh Nguy\u00ean Ch\u1ea5t Chef&#8217;s Selection By Indoguna Vina 500g \u2013 Raspberry Frozen Pur\u00e9e"},"content":{"rendered":"<div id=\"model-response-message-contentr_b0e1761b387a3ae4\" class=\"markdown markdown-main-panel enable-updated-hr-color\" dir=\"ltr\" aria-live=\"polite\">\n<blockquote>\n<h2><em>TH\u00d4NG TIN S\u1ea2N PH\u1ea8M<\/em><\/h2>\n<\/blockquote>\n<table style=\"width: 66.6502%;height: 135px\" data-path-to-node=\"7\">\n<tbody>\n<tr>\n<td data-path-to-node=\"7,1,0,0\"><b>Th\u01b0\u01a1ng Hi\u1ec7u<\/b><\/td>\n<td data-path-to-node=\"7,1,1,0\">Chef&#8217;s Selection By Indoguna Vina<\/td>\n<\/tr>\n<tr>\n<td data-path-to-node=\"7,2,0,0\"><b>Xu\u1ea5t X\u1ee9 Tr\u00ean Tem Ph\u1ee5<\/b><\/td>\n<td data-path-to-node=\"7,2,1,0\">Trung Qu\u1ed1c<\/td>\n<\/tr>\n<tr>\n<td data-path-to-node=\"7,3,0,0\"><b>Th\u00e0nh Ph\u1ea7n<\/b><\/td>\n<td data-path-to-node=\"7,3,1,0\"><b><span class=\"math-inline\" data-math=\"100\\%\"><span class=\"katex\"><span class=\"katex-html\" aria-hidden=\"true\"><span class=\"base\"><span class=\"mord\">100%<\/span><\/span><\/span><\/span><\/span>\u00a0Qu\u1ea3 M\u00e2m X\u00f4i (Raspberry)<\/b>\u00a0\u2013 Kh\u00f4ng bi\u1ebfn \u0111\u1ed5i gen (Non-GMO) \u2013 Kh\u00f4ng ch\u1ea5t g\u00e2y d\u1ecb \u1ee9ng \u2013 Kh\u00f4ng ph\u1ee5 gia th\u00eam.<\/td>\n<\/tr>\n<tr>\n<td data-path-to-node=\"7,4,0,0\"><b>H\u1ea1n S\u1eed D\u1ee5ng<\/b><\/td>\n<td data-path-to-node=\"7,4,1,0\">24 th\u00e1ng (B\u1ea3o qu\u1ea3n \u0110\u00f4ng L\u1ea1nh <span class=\"math-inline\" data-math=\"\\le -18^\\circ\\text{C}\"><span class=\"katex\"><span class=\"katex-html\" aria-hidden=\"true\"><span class=\"base\"><span class=\"mrel\">\u2264<\/span><\/span><span class=\"base\"><span class=\"mord\">\u2212<\/span><span class=\"mord\">1<\/span><span class=\"mord\">8<span class=\"msupsub\"><span class=\"vlist-t\"><span class=\"vlist-r\"><span class=\"vlist\"><span class=\"\"><span class=\"sizing reset-size6 size3 mtight\"><span class=\"mbin mtight\">\u2218<\/span><\/span><\/span><\/span><\/span><\/span><\/span><\/span><span class=\"mord text\"><span class=\"mord\">C<\/span><\/span><\/span><\/span><\/span><\/span>)<\/td>\n<\/tr>\n<tr>\n<td data-path-to-node=\"7,5,0,0\"><b>Kh\u1ed1i L\u01b0\u1ee3ng\/Th\u1ec3 T\u00edch<\/b><\/td>\n<td data-path-to-node=\"7,5,1,0\"><span class=\"math-inline\" data-math=\"500\\text{g}\"><span class=\"katex\"><span class=\"katex-html\" aria-hidden=\"true\"><span class=\"base\"><span class=\"mord\">500<\/span><span class=\"mord text\"><span class=\"mord\">g<\/span><\/span><\/span><\/span><\/span><\/span><\/td>\n<\/tr>\n<\/tbody>\n<\/table>\n<p data-path-to-node=\"11\">M\u00e2m X\u00f4i Xay Nhuy\u1ec5n \u0110\u00f4ng L\u1ea1nh Nguy\u00ean Ch\u1ea5t\u00a0<span class=\"math-inline\" data-math=\"100\\%\"><span class=\"katex\"><span class=\"katex-html\" aria-hidden=\"true\"><span class=\"base\"><span class=\"mord\">100%<\/span><\/span><\/span><\/span><\/span>\u00a0T\u1ef1 Nhi\u00ean Kh\u00f4ng \u0110\u01b0\u1eddng Chef&#8217;s Selection By Indoguna Vina\u00a0<span class=\"math-inline\" data-math=\"500\\text{g}\"><span class=\"katex\"><span class=\"katex-html\" aria-hidden=\"true\"><span class=\"base\"><span class=\"mord\">500<\/span><span class=\"mord text\"><span class=\"mord\">g<\/span><\/span><\/span><\/span><\/span><\/span>\u00a0l\u00e0 m\u1ed9t th\u00e0nh ph\u1ea7n kh\u00f4ng th\u1ec3 thi\u1ebfu trong c\u00e1c b\u1ebfp b\u00e1nh v\u00e0 qu\u1ea7y pha ch\u1ebf chuy\u00ean nghi\u1ec7p. Thu\u1ed9c d\u00f2ng s\u1ea3n ph\u1ea9m\u00a0<b>Chef&#8217;s Selection<\/b>, Pur\u00e9e M\u00e2m X\u00f4i n\u00e0y \u0111\u1ea1i di\u1ec7n cho s\u1ef1 cam k\u1ebft v\u1ec1 ch\u1ea5t l\u01b0\u1ee3ng nguy\u00ean b\u1ea3n v\u00e0 t\u00ednh \u1ed5n \u0111\u1ecbnh cao trong su\u1ed1t c\u1ea3 n\u0103m.<\/p>\n<p data-path-to-node=\"12\">M\u00e2m X\u00f4i, hay Raspberry, \u0111\u01b0\u1ee3c bi\u1ebft \u0111\u1ebfn v\u1edbi h\u01b0\u01a1ng v\u1ecb chua ng\u1ecdt tinh t\u1ebf v\u00e0 m\u00e0u \u0111\u1ecf h\u1ed3ng r\u1ef1c r\u1ee1, t\u1eadn d\u1ee5ng t\u1ed1i \u0111a nh\u1eefng \u0111\u1eb7c t\u00ednh n\u00e0y b\u1eb1ng c\u00e1ch ch\u1ec9 s\u1eed d\u1ee5ng <b><span class=\"math-inline\" data-math=\"100\\%\"><span class=\"katex\"><span class=\"katex-html\" aria-hidden=\"true\"><span class=\"base\"><span class=\"mord\">100%<\/span><\/span><\/span><\/span><\/span>\u00a0Qu\u1ea3 M\u00e2m X\u00f4i T\u01b0\u01a1i<\/b>\u00a0v\u00e0 tu\u00e2n th\u1ee7 nghi\u00eam ng\u1eb7t ti\u00eau chu\u1ea9n\u00a0<b>Kh\u00f4ng \u0110\u01b0\u1eddng Th\u00eam (No Added Sugar)<\/b>\u00a0v\u00e0\u00a0<b>Kh\u00f4ng Ph\u1ee5 Gia (No additional products), <\/b>cam k\u1ebft n\u00e0y kh\u00f4ng ch\u1ec9 \u0111\u1ea3m b\u1ea3o \u0111\u1ed9 tinh khi\u1ebft m\u00e0 c\u00f2n cho ph\u00e9p c\u00e1c chuy\u00ean gia \u1ea9m th\u1ef1c ki\u1ec3m so\u00e1t tuy\u1ec7t \u0111\u1ed1i h\u01b0\u01a1ng v\u1ecb m\u00f3n \u0103n m\u00e0 h\u1ecd t\u1ea1o ra.<\/p>\n<p><img fetchpriority=\"high\" decoding=\"async\" class=\"wp-image-43437 aligncenter\" src=\"https:\/\/havamall.com\/wp-content\/uploads\/2025\/11\/Raspberry-Puree.jpg\" alt=\"\" width=\"800\" height=\"800\" srcset=\"https:\/\/havamall.com\/wp-content\/uploads\/2025\/11\/Raspberry-Puree.jpg 1200w, https:\/\/havamall.com\/wp-content\/uploads\/2025\/11\/Raspberry-Puree-12x12.jpg 12w, https:\/\/havamall.com\/wp-content\/uploads\/2025\/11\/Raspberry-Puree-600x600.jpg 600w, https:\/\/havamall.com\/wp-content\/uploads\/2025\/11\/Raspberry-Puree-150x150.jpg 150w\" sizes=\"(max-width: 800px) 100vw, 800px\" \/><\/p>\n<p>&nbsp;<\/p>\n<blockquote>\n<h5><span style=\"font-size: 14pt\"><em><strong>K\u1ebeT C\u1ea4U V\u00c0 H\u01af\u01a0NG V\u1eca<\/strong><\/em><\/span><\/h5>\n<\/blockquote>\n<p data-path-to-node=\"16\">\u2013\u00a0<b>K\u1ebeT C\u1ea4U M\u1ecaN:<\/b> D\u00f9 M\u00e2m X\u00f4i t\u01b0\u01a1i th\u01b0\u1eddng c\u00f3 nhi\u1ec1u h\u1ea1t li ti, Pur\u00e9e n\u00e0y \u0111\u01b0\u1ee3c xay nhuy\u1ec5n \u0111\u1ec3 \u0111\u1ea1t \u0111\u01b0\u1ee3c \u0111\u1ed9 m\u1ecbn l\u00fd t\u01b0\u1edfng, r\u1ea5t th\u00edch h\u1ee3p cho vi\u1ec7c pha ch\u1ebf v\u00e0 l\u00e0m kem.<\/p>\n<p data-path-to-node=\"16\">\u2013\u00a0<b>H\u01af\u01a0NG V\u1eca COMPLEX:<\/b> M\u00e2m X\u00f4i n\u1ed5i ti\u1ebfng v\u1edbi s\u1ef1 c\u00e2n b\u1eb1ng ho\u00e0n h\u1ea3o gi\u1eefa v\u1ecb chua nh\u1eb9 v\u00e0 ng\u1ecdt thanh, t\u1ea1o n\u00ean m\u1ed9t h\u01b0\u01a1ng v\u1ecb ph\u1ee9c h\u1ee3p, tinh t\u1ebf, ph\u00f9 h\u1ee3p cho c\u1ea3 \u1ee9ng d\u1ee5ng ng\u1ecdt v\u00e0 m\u1eb7n.<\/p>\n<p data-path-to-node=\"16\">\u2013\u00a0<b>M\u00c0U S\u1eaeC \u0110\u1eb6C TR\u01afNG:<\/b>\u00a0M\u00e0u \u0111\u1ecf h\u1ed3ng t\u01b0\u01a1i t\u1eafn t\u1ef1 nhi\u00ean c\u1ee7a M\u00e2m X\u00f4i r\u1ea5t l\u00fd t\u01b0\u1edfng \u0111\u1ec3 t\u1ea1o m\u00e0u b\u1eaft m\u1eaft v\u00e0 t\u1ef1 nhi\u00ean cho c\u00e1c m\u00f3n tr\u00e1ng mi\u1ec7ng.<\/p>\n<p data-path-to-node=\"17\"><img decoding=\"async\" class=\"aligncenter wp-image-43439\" src=\"https:\/\/havamall.com\/wp-content\/uploads\/2025\/11\/raspberry-puree-5-1.jpg\" alt=\"\" width=\"800\" height=\"1200\" srcset=\"https:\/\/havamall.com\/wp-content\/uploads\/2025\/11\/raspberry-puree-5-1.jpg 1200w, https:\/\/havamall.com\/wp-content\/uploads\/2025\/11\/raspberry-puree-5-1-8x12.jpg 8w, https:\/\/havamall.com\/wp-content\/uploads\/2025\/11\/raspberry-puree-5-1-600x900.jpg 600w, https:\/\/havamall.com\/wp-content\/uploads\/2025\/11\/raspberry-puree-5-1-150x225.jpg 150w\" sizes=\"(max-width: 800px) 100vw, 800px\" \/><\/p>\n<blockquote>\n<h5><span style=\"font-size: 14pt\"><em><strong>NGU\u1ed2N DINH D\u01af\u1ee0NG THI\u1ebeT Y\u1ebeU<\/strong><\/em><\/span><\/h5>\n<\/blockquote>\n<p data-path-to-node=\"18\">\u2013 <b>CH\u1ea4T CH\u1ed0NG OXY H\u00d3A (ANTIOXIDANTS):<\/b> M\u00e2m X\u00f4i l\u00e0 m\u1ed9t ngu\u1ed3n cung c\u1ea5p d\u1ed3i d\u00e0o ch\u1ea5t ch\u1ed1ng oxy h\u00f3a, gi\u00fap b\u1ea3o v\u1ec7 t\u1ebf b\u00e0o kh\u1ecfi t\u1ed5n th\u01b0\u01a1ng do g\u1ed1c t\u1ef1 do v\u00e0 h\u1ed7 tr\u1ee3 s\u1ee9c kh\u1ecfe t\u1ed5ng th\u1ec3.<\/p>\n<p data-path-to-node=\"18\">\u2013\u00a0<b>H\u00c0M L\u01af\u1ee2NG CH\u1ea4T X\u01a0 CAO:<\/b> Ch\u1ea5t x\u01a1 c\u00f3 trong M\u00e2m X\u00f4i r\u1ea5t t\u1ed1t cho h\u1ec7 ti\u00eau h\u00f3a v\u00e0 gi\u00fap ki\u1ec3m so\u00e1t l\u01b0\u1ee3ng \u0111\u01b0\u1eddng trong m\u00e1u.<\/p>\n<p data-path-to-node=\"18\">\u2013\u00a0<b>VITAMIN C V\u00c0 K:<\/b>\u00a0H\u1ed7 tr\u1ee3 h\u1ec7 mi\u1ec5n d\u1ecbch v\u00e0 ch\u1ee9c n\u0103ng \u0111\u00f4ng m\u00e1u.<\/p>\n<p data-path-to-node=\"19\"><img decoding=\"async\" class=\"aligncenter wp-image-43440\" src=\"https:\/\/havamall.com\/wp-content\/uploads\/2025\/11\/Easy-Raspberry-Coulis-1.jpg\" alt=\"\" width=\"800\" height=\"1200\" srcset=\"https:\/\/havamall.com\/wp-content\/uploads\/2025\/11\/Easy-Raspberry-Coulis-1.jpg 1024w, https:\/\/havamall.com\/wp-content\/uploads\/2025\/11\/Easy-Raspberry-Coulis-1-8x12.jpg 8w, https:\/\/havamall.com\/wp-content\/uploads\/2025\/11\/Easy-Raspberry-Coulis-1-600x900.jpg 600w, https:\/\/havamall.com\/wp-content\/uploads\/2025\/11\/Easy-Raspberry-Coulis-1-150x225.jpg 150w\" sizes=\"(max-width: 800px) 100vw, 800px\" \/><\/p>\n<h4>C\u00d4NG D\u1ee4NG V\u00c0 \u1ee8NG D\u1ee4NG \u0110A D\u1ea0NG TRONG \u1ea8M TH\u1ef0C<\/h4>\n<p data-path-to-node=\"22\">\u2013\u00a0<b>MOCKTAILS\/COCKTAILS:<\/b> L\u00e0 nguy\u00ean li\u1ec7u c\u1ed1t l\u00f5i cho c\u00e1c th\u1ee9c u\u1ed1ng m\u00f9a h\u00e8, mang l\u1ea1i m\u00e0u s\u1eafc v\u00e0 h\u01b0\u01a1ng v\u1ecb d\u00e2u r\u1eebng \u0111\u1ed9c \u0111\u00e1o.<\/p>\n<p data-path-to-node=\"22\">\u2013\u00a0<b>ICED TEA V\u00c0 LEMONADE:<\/b>\u00a0Th\u00eam m\u1ed9t ch\u00fat Pur\u00e9e M\u00e2m X\u00f4i v\u00e0o tr\u00e0 \u0111\u00e1 ho\u1eb7c n\u01b0\u1edbc chanh \u0111\u1ec3 t\u1ea1o ra h\u01b0\u01a1ng v\u1ecb t\u01b0\u01a1i m\u1edbi v\u00e0 c\u00e2n b\u1eb1ng.<\/p>\n<p data-path-to-node=\"24\">\u2013\u00a0<b>S\u1ed0T COULIS:<\/b>\u00a0D\u1ec5 d\u00e0ng ch\u1ebf bi\u1ebfn th\u00e0nh s\u1ed1t Coulis M\u00e2m X\u00f4i \u0111\u1eadm \u0111\u00e0, d\u00f9ng k\u00e8m v\u1edbi c\u00e1c m\u00f3n tr\u00e1ng mi\u1ec7ng gi\u00e0u b\u01a1 s\u1eefa nh\u01b0 Cheesecake, Panna Cotta ho\u1eb7c Tiramisu, mang l\u1ea1i s\u1ef1 t\u01b0\u01a1ng ph\u1ea3n tuy\u1ec7t v\u1eddi.<\/p>\n<p data-path-to-node=\"24\">\u2013\u00a0<b>L\u00c0M KEM V\u00c0 SORBET:<\/b> T\u1ea1o ra c\u00e1c lo\u1ea1i kem l\u1ea1nh v\u00e0 Sorbet (kem tr\u00e1i c\u00e2y) c\u00f3 h\u01b0\u01a1ng v\u1ecb M\u00e2m X\u00f4i t\u1ef1 nhi\u00ean, t\u01b0\u01a1i m\u00e1t.<\/p>\n<p data-path-to-node=\"24\">\u2013\u00a0<b>NH\u00c2N V\u00c0 GLAZE B\u00c1NH:<\/b>\u00a0D\u00f9ng l\u00e0m nh\u00e2n cho b\u00e1nh Mousse, Macaron, ho\u1eb7c l\u00e0m l\u1edbp ph\u1ee7 b\u00f3ng (glaze) cho b\u00e1nh ng\u1ecdt.<\/p>\n<p data-path-to-node=\"25\"><img loading=\"lazy\" decoding=\"async\" class=\"aligncenter wp-image-43441\" src=\"https:\/\/havamall.com\/wp-content\/uploads\/2025\/11\/af5e6182f1654fca83ea0aa6d39ae246-scaled.jpg\" alt=\"\" width=\"801\" height=\"534\" srcset=\"https:\/\/havamall.com\/wp-content\/uploads\/2025\/11\/af5e6182f1654fca83ea0aa6d39ae246-scaled.jpg 2560w, https:\/\/havamall.com\/wp-content\/uploads\/2025\/11\/af5e6182f1654fca83ea0aa6d39ae246-2048x1365.jpg 2048w, https:\/\/havamall.com\/wp-content\/uploads\/2025\/11\/af5e6182f1654fca83ea0aa6d39ae246-18x12.jpg 18w, https:\/\/havamall.com\/wp-content\/uploads\/2025\/11\/af5e6182f1654fca83ea0aa6d39ae246-600x400.jpg 600w, https:\/\/havamall.com\/wp-content\/uploads\/2025\/11\/af5e6182f1654fca83ea0aa6d39ae246-1200x800.jpg 1200w, https:\/\/havamall.com\/wp-content\/uploads\/2025\/11\/af5e6182f1654fca83ea0aa6d39ae246-150x100.jpg 150w\" sizes=\"(max-width: 801px) 100vw, 801px\" \/><\/p>\n<h4>B\u1ea2O QU\u1ea2N V\u00c0 L\u01afU \u00dd S\u1eec D\u1ee4NG<\/h4>\n<p data-path-to-node=\"27\">\u2013\u00a0<b>B\u1ea2O QU\u1ea2N \u0110\u00d4NG L\u1ea0NH S\u00c2U:<\/b>\u00a0Lu\u00f4n gi\u1eef s\u1ea3n ph\u1ea9m \u1edf nhi\u1ec7t \u0111\u1ed9\u00a0<b><span class=\"math-inline\" data-math=\"-18^\\circ\\text{C}\"><span class=\"katex\"><span class=\"katex-html\" aria-hidden=\"true\"><span class=\"base\"><span class=\"mord\">\u2212<\/span><span class=\"mord\">1<\/span><span class=\"mord\">8<span class=\"msupsub\"><span class=\"vlist-t\"><span class=\"vlist-r\"><span class=\"vlist\"><span class=\"\"><span class=\"sizing reset-size6 size3 mtight\"><span class=\"mbin mtight\">\u2218<\/span><\/span><\/span><\/span><\/span><\/span><\/span><\/span><span class=\"mord text\"><span class=\"mord\">C<\/span><\/span><\/span><\/span><\/span><\/span>\u00a0ho\u1eb7c th\u1ea5p h\u01a1n<\/b>.<\/p>\n<p data-path-to-node=\"27\">\u2013\u00a0<b>KH\u00d4NG T\u00c1I \u0110\u00d4NG L\u1ea0NH:<\/b>\u00a0Tuy\u1ec7t \u0111\u1ed1i\u00a0<b>Kh\u00f4ng r\u00e3 \u0111\u00f4ng v\u00e0 c\u1ea5p \u0111\u00f4ng l\u1ea1i (Do not thaw and refreeze)<\/b>. Vi\u1ec7c n\u00e0y s\u1ebd ph\u00e1 h\u1ee7y k\u1ebft c\u1ea5u v\u00e0 l\u00e0m gi\u1ea3m \u0111\u00e1ng k\u1ec3 h\u01b0\u01a1ng v\u1ecb.<\/p>\n<p data-path-to-node=\"27\">\u2013\u00a0<b>S\u1eec D\u1ee4NG H\u1ee2P L\u00dd:<\/b>\u00a0Sau khi r\u00e3 \u0111\u00f4ng, Pur\u00e9e n\u00ean \u0111\u01b0\u1ee3c b\u1ea3o qu\u1ea3n trong t\u1ee7 m\u00e1t v\u00e0 s\u1eed d\u1ee5ng nhanh ch\u00f3ng, th\u01b0\u1eddng l\u00e0 trong v\u00f2ng\u00a0<span class=\"math-inline\" data-math=\"3-5\"><span class=\"katex\"><span class=\"katex-html\" aria-hidden=\"true\"><span class=\"base\"><span class=\"mord\">3<\/span><span class=\"mbin\">\u2212<\/span><\/span><span class=\"base\"><span class=\"mord\">5<\/span><\/span><\/span><\/span><\/span>\u00a0ng\u00e0y \u0111\u1ec3 \u0111\u1ea3m b\u1ea3o \u0111\u1ed9 t\u01b0\u01a1i.<\/p>\n<p data-path-to-node=\"28\">M\u00e2m X\u00f4i Xay Nhuy\u1ec5n \u0110\u00f4ng L\u1ea1nh Nguy\u00ean Ch\u1ea5t\u00a0<span class=\"math-inline\" data-math=\"100\\%\"><span class=\"katex\"><span class=\"katex-html\" aria-hidden=\"true\"><span class=\"base\"><span class=\"mord\">100%<\/span><\/span><\/span><\/span><\/span>\u00a0T\u1ef1 Nhi\u00ean Chef&#8217;s Selection\u00a0<span class=\"math-inline\" data-math=\"500\\text{g}\"><span class=\"katex\"><span class=\"katex-html\" aria-hidden=\"true\"><span class=\"base\"><span class=\"mord\">500<\/span><span class=\"mord text\"><span class=\"mord\">g<\/span><\/span><\/span><\/span><\/span><\/span> l\u00e0 gi\u1ea3i ph\u00e1p t\u1ed1i \u01b0u, mang l\u1ea1i s\u1ef1 tinh t\u1ebf v\u00e0 h\u01b0\u01a1ng v\u1ecb d\u00e2u r\u1eebng \u0111\u1eadm \u0111\u00e0, gi\u00fap n\u00e2ng t\u1ea7m m\u1ecdi c\u00f4ng th\u1ee9c \u1ea9m th\u1ef1c, hi\u1ec7n \u0111ang \u0111\u01b0\u1ee3c ph\u00e2n ph\u1ed1i t\u1ea1i\u00a0<b>Havamall<\/b>.<\/p>\n<\/div>","protected":false},"excerpt":{"rendered":"<p>TH\u00d4NG TIN S\u1ea2N PH\u1ea8M Th\u01b0\u01a1ng Hi\u1ec7u Chef&#8217;s Selection By Indoguna Vina Xu\u1ea5t X\u1ee9 Tr\u00ean Tem Ph\u1ee5 Trung Qu\u1ed1c Th\u00e0nh Ph\u1ea7n<\/p>","protected":false},"featured_media":43436,"comment_status":"open","ping_status":"closed","template":"","meta":[],"product_brand":[],"product_cat":[725,684],"product_tag":[],"class_list":{"0":"post-43434","1":"product","2":"type-product","3":"status-publish","4":"has-post-thumbnail","6":"product_cat-nhap-khau-trung-quoc","7":"product_cat-trai-cay-dong-lanh","9":"first","10":"instock","11":"sale","12":"shipping-taxable","13":"purchasable","14":"product-type-simple"},"_links":{"self":[{"href":"https:\/\/havamall.com\/en\/wp-json\/wp\/v2\/product\/43434","targetHints":{"allow":["GET"]}}],"collection":[{"href":"https:\/\/havamall.com\/en\/wp-json\/wp\/v2\/product"}],"about":[{"href":"https:\/\/havamall.com\/en\/wp-json\/wp\/v2\/types\/product"}],"replies":[{"embeddable":true,"href":"https:\/\/havamall.com\/en\/wp-json\/wp\/v2\/comments?post=43434"}],"version-history":[{"count":0,"href":"https:\/\/havamall.com\/en\/wp-json\/wp\/v2\/product\/43434\/revisions"}],"wp:featuredmedia":[{"embeddable":true,"href":"https:\/\/havamall.com\/en\/wp-json\/wp\/v2\/media\/43436"}],"wp:attachment":[{"href":"https:\/\/havamall.com\/en\/wp-json\/wp\/v2\/media?parent=43434"}],"wp:term":[{"taxonomy":"product_brand","embeddable":true,"href":"https:\/\/havamall.com\/en\/wp-json\/wp\/v2\/product_brand?post=43434"},{"taxonomy":"product_cat","embeddable":true,"href":"https:\/\/havamall.com\/en\/wp-json\/wp\/v2\/product_cat?post=43434"},{"taxonomy":"product_tag","embeddable":true,"href":"https:\/\/havamall.com\/en\/wp-json\/wp\/v2\/product_tag?post=43434"}],"curies":[{"name":"wp","href":"https:\/\/api.w.org\/{rel}","templated":true}]}}