{"id":43447,"date":"2025-11-24T09:17:57","date_gmt":"2025-11-24T02:17:57","guid":{"rendered":"https:\/\/havamall.com\/?post_type=product&#038;p=43447"},"modified":"2025-11-24T09:17:57","modified_gmt":"2025-11-24T02:17:57","slug":"xoai-xay-nhuyen-dong-lanh-nguyen-chat-chefs-selection-by-indoguna-vina-500g-mango-frozen-puree","status":"publish","type":"product","link":"https:\/\/havamall.com\/en\/shop\/xoai-xay-nhuyen-dong-lanh-nguyen-chat-chefs-selection-by-indoguna-vina-500g-mango-frozen-puree\/","title":{"rendered":"Xo\u00e0i Xay Nhuy\u1ec5n \u0110\u00f4ng L\u1ea1nh Nguy\u00ean Ch\u1ea5t Chef&#8217;s Selection By Indoguna Vina 500g \u2013 Mango Frozen Pur\u00e9e"},"content":{"rendered":"<blockquote>\n<h2><em>TH\u00d4NG TIN S\u1ea2N PH\u1ea8M<\/em><\/h2>\n<\/blockquote>\n<table data-path-to-node=\"6\">\n<tbody>\n<tr>\n<td data-path-to-node=\"6,1,0,0\"><b>Th\u01b0\u01a1ng Hi\u1ec7u<\/b><\/td>\n<td data-path-to-node=\"6,1,1,0\">Chef\u2019s Selection By Indoguna Vina<\/td>\n<\/tr>\n<tr>\n<td data-path-to-node=\"6,2,0,0\"><b>Xu\u1ea5t X\u1ee9\u00a0<\/b><\/td>\n<td data-path-to-node=\"6,2,1,0\">Trung Qu\u1ed1c<\/td>\n<\/tr>\n<tr>\n<td data-path-to-node=\"6,3,0,0\"><b>Th\u00e0nh Ph\u1ea7n<\/b><\/td>\n<td data-path-to-node=\"6,3,1,0\"><b><span class=\"math-inline\" data-math=\"100\\%\"><span class=\"katex\"><span class=\"katex-html\" aria-hidden=\"true\"><span class=\"base\"><span class=\"mord\">100%<\/span><\/span><\/span><\/span><\/span> Xo\u00e0i T\u01b0\u01a1i<\/b>\u00a0\u2013 Kh\u00f4ng \u0110\u01b0\u1eddng Th\u00eam \u2013 Kh\u00f4ng Ch\u1ea5t B\u1ea3o Qu\u1ea3n \u2013 Kh\u00f4ng Ph\u1ee5 Gia.<\/td>\n<\/tr>\n<tr>\n<td data-path-to-node=\"6,4,0,0\"><b>H\u1ea1n S\u1eed D\u1ee5ng<\/b><\/td>\n<td data-path-to-node=\"6,4,1,0\">24 th\u00e1ng (B\u1ea3o qu\u1ea3n \u0110\u00f4ng L\u1ea1nh <span class=\"math-inline\" data-math=\"\\le -18^\\circ\\text{C}\"><span class=\"katex\"><span class=\"katex-html\" aria-hidden=\"true\"><span class=\"base\"><span class=\"mrel\">\u2264<\/span><\/span><span class=\"base\"><span class=\"mord\">\u2212<\/span><span class=\"mord\">1<\/span><span class=\"mord\">8<span class=\"msupsub\"><span class=\"vlist-t\"><span class=\"vlist-r\"><span class=\"vlist\"><span class=\"\"><span class=\"sizing reset-size6 size3 mtight\"><span class=\"mbin mtight\">\u2218<\/span><\/span><\/span><\/span><\/span><\/span><\/span><\/span><span class=\"mord text\"><span class=\"mord\">C<\/span><\/span><\/span><\/span><\/span><\/span>)<\/td>\n<\/tr>\n<tr>\n<td data-path-to-node=\"6,5,0,0\"><b>Kh\u1ed1i L\u01b0\u1ee3ng<\/b><\/td>\n<td data-path-to-node=\"6,5,1,0\"><span class=\"math-inline\" data-math=\"500\\text{g}\"><span class=\"katex\"><span class=\"katex-html\" aria-hidden=\"true\"><span class=\"base\"><span class=\"mord\">500<\/span><span class=\"mord text\"><span class=\"mord\">g<\/span><\/span><\/span><\/span><\/span><\/span><\/td>\n<\/tr>\n<\/tbody>\n<\/table>\n<p data-path-to-node=\"11\">Xo\u00e0i Xay Nhuy\u1ec5n \u0110\u00f4ng L\u1ea1nh Nguy\u00ean Ch\u1ea5t\u00a0<span class=\"math-inline\" data-math=\"100\\%\"><span class=\"katex\"><span class=\"katex-html\" aria-hidden=\"true\"><span class=\"base\"><span class=\"mord\">100%<\/span><\/span><\/span><\/span><\/span>\u00a0T\u1ef1 Nhi\u00ean Kh\u00f4ng \u0110\u01b0\u1eddng Chef&#8217;s Selection By Indoguna Vina\u00a0<span class=\"math-inline\" data-math=\"500\\text{g}\"><span class=\"katex\"><span class=\"katex-html\" aria-hidden=\"true\"><span class=\"base\"><span class=\"mord\">500<\/span><span class=\"mord text\"><span class=\"mord\">g<\/span><\/span><\/span><\/span><\/span><\/span>\u00a0mang \u0111\u1ebfn h\u01b0\u01a1ng v\u1ecb \u0111\u1eadm \u0111\u00e0, ng\u1ecdt ng\u00e0o v\u00e0 m\u00e0u v\u00e0ng r\u1ef1c r\u1ee1 \u0111\u1eb7c tr\u01b0ng c\u1ee7a xo\u00e0i ch\u00edn c\u00e2y. Trong d\u00f2ng s\u1ea3n ph\u1ea9m\u00a0<b>Chef&#8217;s Selection<\/b>, Pur\u00e9e Xo\u00e0i l\u00e0 m\u1ed9t trong nh\u1eefng s\u1ea3n ph\u1ea9m \u0111\u01b0\u1ee3c y\u00eau th\u00edch nh\u1ea5t nh\u1edd kh\u1ea3 n\u0103ng \u1ee9ng d\u1ee5ng \u0111a d\u1ea1ng v\u00e0 ch\u1ea5t l\u01b0\u1ee3ng \u1ed5n \u0111\u1ecbnh, v\u01b0\u1ee3t tr\u1ed9i h\u01a1n so v\u1edbi vi\u1ec7c s\u1eed d\u1ee5ng xo\u00e0i t\u01b0\u01a1i theo m\u00f9a, cam k\u1ebft ho\u00e0n to\u00e0n\u00a0<b>Nguy\u00ean Ch\u1ea5t\u00a0<span class=\"math-inline\" data-math=\"100\\%\"><span class=\"katex\"><span class=\"katex-html\" aria-hidden=\"true\"><span class=\"base\"><span class=\"mord\">100%<\/span><\/span><\/span><\/span><\/span>\u00a0(100% Natural)<\/b>, ch\u1ec9 ch\u1ee9a\u00a0<span class=\"math-inline\" data-math=\"100\\%\"><span class=\"katex\"><span class=\"katex-html\" aria-hidden=\"true\"><span class=\"base\"><span class=\"mord\">100%<\/span><\/span><\/span><\/span><\/span>\u00a0xo\u00e0i t\u01b0\u01a1i m\u00e0 kh\u00f4ng c\u00f3 b\u1ea5t k\u1ef3 th\u00e0nh ph\u1ea7n b\u1ed5 sung n\u00e0o nh\u01b0 \u0111\u01b0\u1eddng, s\u1eefa, ho\u1eb7c ch\u1ea5t b\u1ea3o qu\u1ea3n.<\/p>\n<p data-path-to-node=\"11\"><img fetchpriority=\"high\" decoding=\"async\" class=\"aligncenter wp-image-43451\" src=\"https:\/\/havamall.com\/wp-content\/uploads\/2025\/11\/Mango-Pulp-scaled.jpg\" alt=\"\" width=\"803\" height=\"498\" srcset=\"https:\/\/havamall.com\/wp-content\/uploads\/2025\/11\/Mango-Pulp-scaled.jpg 2560w, https:\/\/havamall.com\/wp-content\/uploads\/2025\/11\/Mango-Pulp-2048x1270.jpg 2048w, https:\/\/havamall.com\/wp-content\/uploads\/2025\/11\/Mango-Pulp-18x12.jpg 18w, https:\/\/havamall.com\/wp-content\/uploads\/2025\/11\/Mango-Pulp-600x372.jpg 600w, https:\/\/havamall.com\/wp-content\/uploads\/2025\/11\/Mango-Pulp-1200x744.jpg 1200w, https:\/\/havamall.com\/wp-content\/uploads\/2025\/11\/Mango-Pulp-150x93.jpg 150w\" sizes=\"(max-width: 803px) 100vw, 803px\" \/><\/p>\n<blockquote>\n<h5><span style=\"font-size: 14pt\"><em><strong>K\u1ebeT C\u1ea4U V\u00c0 M\u00c0U S\u1eaeC<\/strong><\/em><\/span><\/h5>\n<\/blockquote>\n<p data-path-to-node=\"16\">\u2013\u00a0<b>K\u1ebeT C\u1ea4U:<\/b> Pur\u00e9e Xo\u00e0i n\u1ed5i b\u1eadt v\u1edbi k\u1ebft c\u1ea5u s\u00e1nh m\u1ecbn, \u0111\u1eb7c tr\u01b0ng c\u1ee7a th\u1ecbt xo\u00e0i ch\u00edn m\u1ecdng. \u0110\u1ed9 s\u00e1nh n\u00e0y r\u1ea5t l\u00fd t\u01b0\u1edfng \u0111\u1ec3 t\u1ea1o \u0111\u1ed9 d\u00e0y t\u1ef1 nhi\u00ean cho sinh t\u1ed1, kem, ho\u1eb7c c\u00e1c lo\u1ea1i s\u1ed1t.<\/p>\n<p data-path-to-node=\"16\">\u2013\u00a0<b>H\u01af\u01a0NG V\u1eca:<\/b> S\u1ea3n ph\u1ea9m c\u00f4 \u0111\u1ecdng h\u01b0\u01a1ng v\u1ecb ng\u1ecdt \u0111\u1eadm, th\u01a1m n\u1ed3ng c\u1ee7a xo\u00e0i, kh\u00e1c bi\u1ec7t so v\u1edbi c\u00e1c lo\u1ea1i tr\u00e1i c\u00e2y h\u1ecd d\u00e2u.<\/p>\n<p data-path-to-node=\"16\">\u2013\u00a0<b>M\u00c0U S\u1eaeC:<\/b>\u00a0M\u00e0u v\u00e0ng t\u01b0\u01a1i \u00f3ng \u1ea3 t\u1ef1 nhi\u00ean c\u1ee7a xo\u00e0i kh\u00f4ng ch\u1ec9 t\u0103ng t\u00ednh th\u1ea9m m\u1ef9 m\u00e0 c\u00f2n l\u00e0 m\u1ed9t ch\u1ec9 b\u00e1o v\u1ec1 h\u00e0m l\u01b0\u1ee3ng beta-carotene (ti\u1ec1n ch\u1ea5t c\u1ee7a Vitamin A) d\u1ed3i d\u00e0o.<\/p>\n<p data-path-to-node=\"16\"><img decoding=\"async\" class=\"aligncenter wp-image-43452\" src=\"https:\/\/havamall.com\/wp-content\/uploads\/2025\/11\/Mango-puree-recipe.jpg\" alt=\"\" width=\"800\" height=\"800\" srcset=\"https:\/\/havamall.com\/wp-content\/uploads\/2025\/11\/Mango-puree-recipe.jpg 1200w, https:\/\/havamall.com\/wp-content\/uploads\/2025\/11\/Mango-puree-recipe-12x12.jpg 12w, https:\/\/havamall.com\/wp-content\/uploads\/2025\/11\/Mango-puree-recipe-600x600.jpg 600w, https:\/\/havamall.com\/wp-content\/uploads\/2025\/11\/Mango-puree-recipe-150x150.jpg 150w\" sizes=\"(max-width: 800px) 100vw, 800px\" \/><\/p>\n<blockquote>\n<h5><span style=\"font-size: 14pt\"><em><strong>GI\u00c1 TR\u1eca DINH D\u01af\u1ee0NG<\/strong><\/em><\/span><\/h5>\n<\/blockquote>\n<p data-path-to-node=\"18\">\u2013\u00a0<b>VITAMIN C V\u00c0 A:<\/b>\u00a0Cung c\u1ea5p l\u01b0\u1ee3ng l\u1edbn Vitamin C h\u1ed7 tr\u1ee3 h\u1ec7 mi\u1ec5n d\u1ecbch v\u00e0 Vitamin A (d\u01b0\u1edbi d\u1ea1ng Beta-Carotene) t\u1ed1t cho th\u1ecb l\u1ef1c.<\/p>\n<p data-path-to-node=\"18\">\u2013\u00a0<b>CH\u1ea4T X\u01a0:<\/b>\u00a0M\u1eb7c d\u00f9 \u0111\u00e3 \u0111\u01b0\u1ee3c xay nhuy\u1ec5n, xo\u00e0i v\u1eabn l\u00e0 ngu\u1ed3n ch\u1ea5t x\u01a1 t\u1ed1t, h\u1ed7 tr\u1ee3 ti\u00eau h\u00f3a.<\/p>\n<p data-path-to-node=\"18\">\u2013\u00a0<b>CH\u1ea4T CH\u1ed0NG OXY H\u00d3A:<\/b>\u00a0Gi\u00fap b\u1ea3o v\u1ec7 c\u01a1 th\u1ec3 kh\u1ecfi c\u00e1c g\u1ed1c t\u1ef1 do v\u00e0 t\u0103ng c\u01b0\u1eddng s\u1ee9c kh\u1ecfe t\u1ed5ng th\u1ec3.<\/p>\n<p data-path-to-node=\"18\"><img decoding=\"async\" class=\"aligncenter wp-image-43453\" src=\"https:\/\/havamall.com\/wp-content\/uploads\/2025\/11\/469321269_18176694697308074_1926824885665198668_n.jpg\" alt=\"\" width=\"800\" height=\"1000\" srcset=\"https:\/\/havamall.com\/wp-content\/uploads\/2025\/11\/469321269_18176694697308074_1926824885665198668_n.jpg 1440w, https:\/\/havamall.com\/wp-content\/uploads\/2025\/11\/469321269_18176694697308074_1926824885665198668_n-10x12.jpg 10w, https:\/\/havamall.com\/wp-content\/uploads\/2025\/11\/469321269_18176694697308074_1926824885665198668_n-600x750.jpg 600w, https:\/\/havamall.com\/wp-content\/uploads\/2025\/11\/469321269_18176694697308074_1926824885665198668_n-1200x1500.jpg 1200w, https:\/\/havamall.com\/wp-content\/uploads\/2025\/11\/469321269_18176694697308074_1926824885665198668_n-150x188.jpg 150w\" sizes=\"(max-width: 800px) 100vw, 800px\" \/><\/p>\n<blockquote>\n<h4><em><strong><span style=\"font-size: 14pt\">C\u00d4NG D\u1ee4NG V\u00c0 \u1ee8NG D\u1ee4NG \u0110A D\u1ea0NG TRONG \u1ea8M TH\u1ef0C<\/span><\/strong><\/em><\/h4>\n<\/blockquote>\n<p>\u2013\u00a0<b>SMOOTHIES V\u00c0 LASSI:<\/b>\u00a0L\u00e0 nguy\u00ean li\u1ec7u kh\u00f4ng th\u1ec3 thi\u1ebfu \u0111\u1ec3 l\u00e0m n\u00ean c\u00e1c lo\u1ea1i sinh t\u1ed1 Xo\u00e0i b\u00e9o ng\u1eady ho\u1eb7c m\u00f3n Lassi Xo\u00e0i truy\u1ec1n th\u1ed1ng c\u1ee7a \u1ea4n \u0110\u1ed9 (s\u1eed d\u1ee5ng Pur\u00e9e tr\u1ed9n v\u1edbi s\u1eefa chua).<\/p>\n<p>\u2013\u00a0<b>COCKTAILS V\u00c0 MOCKTAILS:<\/b>\u00a0T\u1ea1o ra c\u00e1c lo\u1ea1i cocktail nhi\u1ec7t \u0111\u1edbi nh\u01b0 Mango Margarita, ho\u1eb7c d\u00f9ng l\u00e0m l\u1edbp base th\u01a1m ngon cho c\u00e1c lo\u1ea1i \u0111\u1ed3 u\u1ed1ng kh\u00f4ng c\u1ed3n.<\/p>\n<p>\u2013\u00a0<b>KEM V\u00c0 SORBET:<\/b>\u00a0Pur\u00e9e Xo\u00e0i\u00a0<span class=\"math-inline\" data-math=\"100\\%\"><span class=\"katex\"><span class=\"katex-html\" aria-hidden=\"true\"><span class=\"base\"><span class=\"mord\">100%<\/span><\/span><\/span><\/span><\/span>\u00a0l\u00e0 n\u1ec1n t\u1ea3ng ho\u00e0n h\u1ea3o \u0111\u1ec3 t\u1ea1o ra Gelato v\u00e0 Sorbet Xo\u00e0i v\u1edbi h\u01b0\u01a1ng v\u1ecb nguy\u00ean ch\u1ea5t, t\u1ef1 nhi\u00ean.<\/p>\n<p>\u2013\u00a0<b>S\u1ed0T \u0102N K\u00c8M:<\/b>\u00a0D\u00f9ng \u0111\u1ec3 l\u00e0m s\u1ed1t cho c\u00e1c m\u00f3n tr\u00e1ng mi\u1ec7ng (nh\u01b0 Panna Cotta) ho\u1eb7c th\u1eadm ch\u00ed l\u00e0 l\u00e0m s\u1ed1t chua ng\u1ecdt cho m\u1ed9t s\u1ed1 m\u00f3n \u0103n m\u1eb7n mang phong c\u00e1ch \u1ea9m th\u1ef1c \u00c1-\u00c2u.<\/p>\n<p>\u2013\u00a0<b>B\u00c1NH MOUSSE:<\/b>\u00a0T\u1ea1o m\u00e0u v\u00e0 h\u01b0\u01a1ng v\u1ecb tuy\u1ec7t v\u1eddi cho b\u00e1nh Mousse Xo\u00e0i, l\u00e0m n\u1ed5i b\u1eadt k\u1ebft c\u1ea5u m\u1ec1m m\u1ecbn c\u1ee7a m\u00f3n tr\u00e1ng mi\u1ec7ng n\u00e0y.<\/p>\n<p><img loading=\"lazy\" decoding=\"async\" class=\"aligncenter wp-image-43454\" src=\"https:\/\/havamall.com\/wp-content\/uploads\/2025\/11\/finished-the-last-frozen-mango-pulp-of-last-year-now-v0-3tiu3kkdj5fe1.jpg\" alt=\"\" width=\"801\" height=\"1068\" srcset=\"https:\/\/havamall.com\/wp-content\/uploads\/2025\/11\/finished-the-last-frozen-mango-pulp-of-last-year-now-v0-3tiu3kkdj5fe1.jpg 1080w, https:\/\/havamall.com\/wp-content\/uploads\/2025\/11\/finished-the-last-frozen-mango-pulp-of-last-year-now-v0-3tiu3kkdj5fe1-9x12.jpg 9w, https:\/\/havamall.com\/wp-content\/uploads\/2025\/11\/finished-the-last-frozen-mango-pulp-of-last-year-now-v0-3tiu3kkdj5fe1-600x800.jpg 600w, https:\/\/havamall.com\/wp-content\/uploads\/2025\/11\/finished-the-last-frozen-mango-pulp-of-last-year-now-v0-3tiu3kkdj5fe1-150x200.jpg 150w\" sizes=\"(max-width: 801px) 100vw, 801px\" \/><\/p>\n<blockquote>\n<h4><em><strong>B\u1ea2O QU\u1ea2N V\u00c0 L\u01afU \u00dd S\u1eec D\u1ee4NG<\/strong><\/em><\/h4>\n<\/blockquote>\n<p data-path-to-node=\"27\">\u2013\u00a0<b>B\u1ea2O QU\u1ea2N \u0110\u00d4NG L\u1ea0NH S\u00c2U:<\/b>\u00a0S\u1ea3n ph\u1ea9m b\u1eaft bu\u1ed9c ph\u1ea3i \u0111\u01b0\u1ee3c gi\u1eef \u1edf nhi\u1ec7t \u0111\u1ed9\u00a0<b><span class=\"math-inline\" data-math=\"-18^\\circ\\text{C}\"><span class=\"katex\"><span class=\"katex-html\" aria-hidden=\"true\"><span class=\"base\"><span class=\"mord\">\u2212<\/span><span class=\"mord\">1<\/span><span class=\"mord\">8<span class=\"msupsub\"><span class=\"vlist-t\"><span class=\"vlist-r\"><span class=\"vlist\"><span class=\"\"><span class=\"sizing reset-size6 size3 mtight\"><span class=\"mbin mtight\">\u2218<\/span><\/span><\/span><\/span><\/span><\/span><\/span><\/span><span class=\"mord text\"><span class=\"mord\">C<\/span><\/span><\/span><\/span><\/span><\/span>\u00a0ho\u1eb7c th\u1ea5p h\u01a1n<\/b>.<\/p>\n<p data-path-to-node=\"27\">\u2013\u00a0<b>KH\u00d4NG T\u00c1I \u0110\u00d4NG L\u1ea0NH:<\/b>\u00a0Tuy\u1ec7t \u0111\u1ed1i\u00a0<b>Kh\u00f4ng r\u00e3 \u0111\u00f4ng v\u00e0 c\u1ea5p \u0111\u00f4ng l\u1ea1i (Do not thaw and refreeze)<\/b>.<\/p>\n<p data-path-to-node=\"27\">\u2013\u00a0<b>S\u1eec D\u1ee4NG H\u1ee2P L\u00dd:<\/b>\u00a0Sau khi r\u00e3 \u0111\u00f4ng, Pur\u00e9e n\u00ean \u0111\u01b0\u1ee3c gi\u1eef trong ng\u0103n m\u00e1t t\u1ee7 l\u1ea1nh v\u00e0 s\u1eed d\u1ee5ng h\u1ebft trong v\u00f2ng 3\u20135 ng\u00e0y \u0111\u1ec3 tr\u00e1nh gi\u1ea3m ch\u1ea5t l\u01b0\u1ee3ng.<\/p>\n<p data-path-to-node=\"28\">Xo\u00e0i Xay Nhuy\u1ec5n \u0110\u00f4ng L\u1ea1nh Nguy\u00ean Ch\u1ea5t\u00a0<span class=\"math-inline\" data-math=\"100\\%\"><span class=\"katex\"><span class=\"katex-html\" aria-hidden=\"true\"><span class=\"base\"><span class=\"mord\">100%<\/span><\/span><\/span><\/span><\/span>\u00a0T\u1ef1 Nhi\u00ean Chef&#8217;s Selection\u00a0<span class=\"math-inline\" data-math=\"500\\text{g}\"><span class=\"katex\"><span class=\"katex-html\" aria-hidden=\"true\"><span class=\"base\"><span class=\"mord\">500<\/span><span class=\"mord text\"><span class=\"mord\">g<\/span><\/span><\/span><\/span><\/span><\/span> l\u00e0 l\u1ef1a ch\u1ecdn t\u1ed1i \u01b0u, mang l\u1ea1i h\u01b0\u01a1ng v\u1ecb nhi\u1ec7t \u0111\u1edbi ch\u00e2n th\u1ef1c, s\u1ef1 ti\u1ec7n l\u1ee3i v\u00e0 ch\u1ea5t l\u01b0\u1ee3ng \u1ed5n \u0111\u1ecbnh cho m\u1ecdi nhu c\u1ea7u \u1ea9m th\u1ef1c cao c\u1ea5p, hi\u1ec7n \u0111ang \u0111\u01b0\u1ee3c ph\u00e2n ph\u1ed1i t\u1ea1i\u00a0<b>Havamall<\/b>.<\/p>","protected":false},"excerpt":{"rendered":"<p>TH\u00d4NG TIN S\u1ea2N PH\u1ea8M Th\u01b0\u01a1ng Hi\u1ec7u Chef\u2019s Selection By Indoguna Vina Xu\u1ea5t X\u1ee9\u00a0 Trung Qu\u1ed1c Th\u00e0nh Ph\u1ea7n 100% Xo\u00e0i T\u01b0\u01a1i\u00a0\u2013<\/p>","protected":false},"featured_media":43449,"comment_status":"open","ping_status":"closed","template":"","meta":[],"product_brand":[],"product_cat":[725,684],"product_tag":[],"class_list":{"0":"post-43447","1":"product","2":"type-product","3":"status-publish","4":"has-post-thumbnail","6":"product_cat-nhap-khau-trung-quoc","7":"product_cat-trai-cay-dong-lanh","9":"first","10":"instock","11":"sale","12":"shipping-taxable","13":"purchasable","14":"product-type-simple"},"_links":{"self":[{"href":"https:\/\/havamall.com\/en\/wp-json\/wp\/v2\/product\/43447","targetHints":{"allow":["GET"]}}],"collection":[{"href":"https:\/\/havamall.com\/en\/wp-json\/wp\/v2\/product"}],"about":[{"href":"https:\/\/havamall.com\/en\/wp-json\/wp\/v2\/types\/product"}],"replies":[{"embeddable":true,"href":"https:\/\/havamall.com\/en\/wp-json\/wp\/v2\/comments?post=43447"}],"version-history":[{"count":0,"href":"https:\/\/havamall.com\/en\/wp-json\/wp\/v2\/product\/43447\/revisions"}],"wp:featuredmedia":[{"embeddable":true,"href":"https:\/\/havamall.com\/en\/wp-json\/wp\/v2\/media\/43449"}],"wp:attachment":[{"href":"https:\/\/havamall.com\/en\/wp-json\/wp\/v2\/media?parent=43447"}],"wp:term":[{"taxonomy":"product_brand","embeddable":true,"href":"https:\/\/havamall.com\/en\/wp-json\/wp\/v2\/product_brand?post=43447"},{"taxonomy":"product_cat","embeddable":true,"href":"https:\/\/havamall.com\/en\/wp-json\/wp\/v2\/product_cat?post=43447"},{"taxonomy":"product_tag","embeddable":true,"href":"https:\/\/havamall.com\/en\/wp-json\/wp\/v2\/product_tag?post=43447"}],"curies":[{"name":"wp","href":"https:\/\/api.w.org\/{rel}","templated":true}]}}