{"id":43462,"date":"2025-11-24T11:22:35","date_gmt":"2025-11-24T04:22:35","guid":{"rendered":"https:\/\/havamall.com\/?post_type=product&#038;p=43462"},"modified":"2026-02-27T13:26:42","modified_gmt":"2026-02-27T06:26:42","slug":"hat-huong-duong-rang-ba-gia-nhap-khau-nga-babkiny-semechki-100g-roasted-sunflower-seeds-classic","status":"publish","type":"product","link":"https:\/\/havamall.com\/en\/shop\/hat-huong-duong-rang-ba-gia-nhap-khau-nga-babkiny-semechki-100g-roasted-sunflower-seeds-classic\/","title":{"rendered":"H\u1ea1t H\u01b0\u1edbng D\u01b0\u01a1ng Rang B\u00e0 Gi\u00e0 Nh\u1eadp Kh\u1ea9u Nga Babkiny Semechki 100g \u2013 Roasted Sunflower Seeds Classic"},"content":{"rendered":"<blockquote>\n<h3><em><span style=\"font-size: 18pt\">TH\u00d4NG TIN S\u1ea2N PH\u1ea8M<\/span><\/em><\/h3>\n<\/blockquote>\n<table data-path-to-node=\"5\">\n<tbody>\n<tr>\n<td data-path-to-node=\"5,1,0,0\"><b>Th\u01b0\u01a1ng Hi\u1ec7u<\/b><\/td>\n<td data-path-to-node=\"5,1,1,0\">Babkiny Semechki<\/td>\n<\/tr>\n<tr>\n<td data-path-to-node=\"5,2,0,0\"><b>Xu\u1ea5t X\u1ee9<\/b><\/td>\n<td data-path-to-node=\"5,2,1,0\">Li\u00ean Bang Nga<\/td>\n<\/tr>\n<tr>\n<td data-path-to-node=\"5,3,0,0\"><b>Th\u00e0nh Ph\u1ea7n<\/b><\/td>\n<td data-path-to-node=\"5,3,1,0\">100% H\u1ea1t H\u01b0\u1edbng D\u01b0\u01a1ng Ch\u1ecdn L\u1ecdc, \u0110\u00e3 Rang Kh\u00f4<\/td>\n<\/tr>\n<tr>\n<td data-path-to-node=\"5,4,0,0\"><b>H\u1ea1n S\u1eed D\u1ee5ng<\/b><\/td>\n<td data-path-to-node=\"5,4,1,0\">06 th\u00e1ng (K\u1ec3 t\u1eeb ng\u00e0y s\u1ea3n xu\u1ea5t)<\/td>\n<\/tr>\n<tr>\n<td data-path-to-node=\"5,5,0,0\"><b>B\u1ea3o Qu\u1ea3n<\/b><\/td>\n<td data-path-to-node=\"5,5,1,0\">B\u1ea3o qu\u1ea3n n\u01a1i kh\u00f4 r\u00e1o, tho\u00e1ng m\u00e1t, tr\u00e1nh \u00e1nh n\u1eafng tr\u1ef1c ti\u1ebfp v\u00e0 n\u01a1i c\u00f3 \u0111\u1ed9 \u1ea9m cao. \u0110\u00f3ng k\u00edn bao b\u00ec ngay sau khi m\u1edf.<\/td>\n<\/tr>\n<tr>\n<td data-path-to-node=\"5,6,0,0\"><b>Kh\u1ed1i L\u01b0\u1ee3ng T\u1ecbnh<\/b><\/td>\n<td data-path-to-node=\"5,6,1,0\">100g<\/td>\n<\/tr>\n<\/tbody>\n<\/table>\n<p data-path-to-node=\"9\">H\u1ea1t h\u01b0\u1edbng d\u01b0\u01a1ng, hay c\u00f2n g\u1ecdi l\u00e0\u00a0<i>Semechki<\/i>\u00a0trong ti\u1ebfng Nga, kh\u00f4ng ch\u1ec9 l\u00e0 m\u1ed9t m\u00f3n \u0103n v\u1eb7t m\u00e0 c\u00f2n l\u00e0 m\u1ed9t ph\u1ea7n kh\u00f4ng th\u1ec3 thi\u1ebfu trong v\u0103n h\u00f3a \u0111\u1ea1i ch\u00fang c\u1ee7a x\u1ee9 s\u1edf B\u1ea1ch D\u01b0\u01a1ng. L\u1ecbch s\u1eed c\u1ee7a lo\u1ea1i h\u1ea1t n\u00e0y t\u1ea1i Nga b\u1eaft \u0111\u1ea7u t\u1eeb th\u1ebf k\u1ef7 XVIII, khi \u0110\u1ea1i \u0111\u1ebf Peter V\u0129 \u0111\u1ea1i mang nh\u1eefng h\u1ea1t gi\u1ed1ng hoa h\u01b0\u1edbng d\u01b0\u01a1ng t\u1eeb H\u00e0 Lan v\u1ec1. Lo\u00e0i hoa r\u1ef1c r\u1ee1 n\u00e0y nhanh ch\u00f3ng b\u00e9n r\u1ec5 v\u00e0 tr\u1edf th\u00e0nh bi\u1ec3u t\u01b0\u1ee3ng c\u1ee7a \u00e1nh s\u00e1ng, ni\u1ec1m hy v\u1ecdng, v\u00e0 s\u1ef1 thu\u1ea7n khi\u1ebft. Qua th\u1eddi gian, vi\u1ec7c nh\u00e2m nhi h\u1ea1t h\u01b0\u1edbng d\u01b0\u01a1ng \u0111\u00e3 tr\u1edf th\u00e0nh m\u1ed9t n\u00e9t sinh ho\u1ea1t \u0111\u1eddi th\u01b0\u1eddng, g\u1eafn li\u1ec1n v\u1edbi nh\u1eefng bu\u1ed5i t\u1ee5 h\u1ecdp gia \u0111\u00ecnh, b\u1ea1n b\u00e8 v\u00e0 c\u00e1c d\u1ecbp l\u1ec5 h\u1ed9i truy\u1ec1n th\u1ed1ng. Ng\u01b0\u1eddi d\u00e2n Nga xem\u00a0<i>Semechki<\/i>\u00a0l\u00e0 m\u1ed9t c\u00e1ch \u0111\u1ec3 th\u01b0 gi\u00e3n v\u00e0 chia s\u1ebb nh\u1eefng c\u00e2u chuy\u1ec7n \u1ea5m \u00e1p.<\/p>\n<p data-path-to-node=\"9\"><img fetchpriority=\"high\" decoding=\"async\" class=\"aligncenter\" src=\"https:\/\/havamall.com\/wp-content\/uploads\/2025\/11\/2fa3e67e85f7f88fd38aab0f6acbb5b0.jpg\" alt=\"Review H\u1ea0T H\u01af\u1edaNG D\u01af\u01a0NG TH\u00c0NH LONG 500G\" width=\"800\" height=\"800\" \/><\/p>\n<p data-path-to-node=\"10\">Babkiny Semechki, \u0111\u01b0\u1ee3c bi\u1ebft \u0111\u1ebfn v\u1edbi h\u00ecnh \u1ea3nh &#8220;B\u00e0 Gi\u00e0 \u0110eo K\u00ednh&#8221; th\u00e2n thi\u1ec7n tr\u00ean bao b\u00ec, l\u00e0 m\u1ed9t trong nh\u1eefng th\u01b0\u01a1ng hi\u1ec7u h\u1ea1t h\u01b0\u1edbng d\u01b0\u01a1ng n\u1ed5i ti\u1ebfng v\u00e0 \u0111\u01b0\u1ee3c y\u00eau th\u00edch nh\u1ea5t t\u1ea1i Nga. T\u00ean g\u1ecdi Babkiny Semechki mang \u00fd ngh\u0129a l\u00e0 &#8220;H\u1ea1t gi\u1ed1ng c\u1ee7a B\u00e0 Ngo\u1ea1i&#8221; (<i>Babushka<\/i>), g\u1ee3i l\u00ean s\u1ef1 g\u1ea7n g\u0169i, \u1ea5m \u00e1p v\u00e0 ch\u1ea5t l\u01b0\u1ee3ng truy\u1ec1n th\u1ed1ng nh\u01b0 \u0111\u01b0\u1ee3c l\u00e0m t\u1ea1i nh\u00e0. Th\u01b0\u01a1ng hi\u1ec7u n\u00e0y \u0111\u00e3 k\u1ebf th\u1eeba v\u00e0 ph\u00e1t huy c\u00f4ng th\u1ee9c rang s\u1ea5y th\u1ee7 c\u00f4ng, k\u1ebft h\u1ee3p v\u1edbi c\u00f4ng ngh\u1ec7 hi\u1ec7n \u0111\u1ea1i, nh\u1eb1m mang \u0111\u1ebfn h\u01b0\u01a1ng v\u1ecb chu\u1ea9n m\u1ef1c c\u1ee7a h\u1ea1t h\u01b0\u1edbng d\u01b0\u01a1ng Nga nguy\u00ean b\u1ea3n. Babkiny Semechki kh\u00f4ng ch\u1ec9 l\u00e0 m\u1ed9t c\u00e1i t\u00ean d\u1eabn \u0111\u1ea7u th\u1ecb tr\u01b0\u1eddng n\u1ed9i \u0111\u1ecba m\u00e0 c\u00f2n \u0111\u01b0\u1ee3c xu\u1ea5t kh\u1ea9u r\u1ed9ng r\u00e3i, tr\u1edf th\u00e0nh \u0111\u1ea1i s\u1ee9 \u1ea9m th\u1ef1c mang n\u00e9t \u0111\u1eb9p v\u0103n h\u00f3a Nga \u0111\u1ebfn v\u1edbi th\u1ebf gi\u1edbi.<\/p>\n<p data-path-to-node=\"10\"><img decoding=\"async\" class=\"aligncenter wp-image-43465\" src=\"https:\/\/havamall.com\/wp-content\/uploads\/2025\/11\/img_1292_812d3ab495fc4c66b50c8ccb4b9857a1_master.jpg\" alt=\"\" width=\"800\" height=\"1066\" srcset=\"https:\/\/havamall.com\/wp-content\/uploads\/2025\/11\/img_1292_812d3ab495fc4c66b50c8ccb4b9857a1_master.jpg 1536w, https:\/\/havamall.com\/wp-content\/uploads\/2025\/11\/img_1292_812d3ab495fc4c66b50c8ccb4b9857a1_master-9x12.jpg 9w, https:\/\/havamall.com\/wp-content\/uploads\/2025\/11\/img_1292_812d3ab495fc4c66b50c8ccb4b9857a1_master-600x800.jpg 600w, https:\/\/havamall.com\/wp-content\/uploads\/2025\/11\/img_1292_812d3ab495fc4c66b50c8ccb4b9857a1_master-1200x1600.jpg 1200w, https:\/\/havamall.com\/wp-content\/uploads\/2025\/11\/img_1292_812d3ab495fc4c66b50c8ccb4b9857a1_master-150x200.jpg 150w\" sizes=\"(max-width: 800px) 100vw, 800px\" \/><\/p>\n<blockquote>\n<p data-path-to-node=\"11\"><span style=\"font-size: 14pt\"><em><b>\u0110\u1eb6C \u0110I\u1ec2M N\u1ed4I B\u1eacT V\u00c0 CH\u1ea4T L\u01af\u1ee2NG KH\u00d4NG TH\u1ec2 THAY TH\u1ebe<\/b><\/em><\/span><\/p>\n<\/blockquote>\n<p data-path-to-node=\"13,0,0\"><b>\u2013 QUY C\u00c1CH CH\u1eccN L\u1eccC \u0110\u1eb6C BI\u1ec6T:<\/b>\u00a0Nguy\u00ean li\u1ec7u \u0111\u1ea7u v\u00e0o l\u00e0 nh\u1eefng h\u1ea1t h\u01b0\u1edbng d\u01b0\u01a1ng \u0111en, \u0111\u01b0\u1ee3c thu ho\u1ea1ch t\u1eeb c\u00e1c v\u00f9ng tr\u1ed3ng ch\u1ea5t l\u01b0\u1ee3ng cao. C\u00e1c h\u1ea1t \u0111\u01b0\u1ee3c ch\u1ecdn l\u1ef1a ph\u1ea3i \u0111\u1ea3m b\u1ea3o to, \u0111\u1ec1u, v\u1ecf m\u1ecfng, v\u00e0 \u0111\u1eb7c bi\u1ec7t l\u00e0 nh\u00e2n h\u1ea1t ph\u1ea3i m\u1ea9y, \u0111\u1ea7y \u0111\u1eb7n, h\u1ea7u nh\u01b0 kh\u00f4ng c\u00f3 h\u1ea1t l\u00e9p.<\/p>\n<p data-path-to-node=\"13,1,0\"><b>\u2013 PHONG C\u00c1CH RANG TRUY\u1ec0N TH\u1ed0NG NGA:<\/b>\u00a0S\u1ea3n ph\u1ea9m \u0111\u01b0\u1ee3c rang theo ph\u01b0\u01a1ng ph\u00e1p\u00a0<i>\u0416\u0430\u0440\u0435\u043d\u044b\u0435 \u041f\u043e-\u0414\u043e\u043c\u0430\u0448\u043d\u0435\u043c\u0443<\/i>\u00a0(Rang ki\u1ec3u nh\u00e0 l\u00e0m), s\u1eed d\u1ee5ng nhi\u1ec7t \u0111\u1ed9 v\u00e0 th\u1eddi gian rang s\u1ea5y \u0111\u01b0\u1ee3c ki\u1ec3m so\u00e1t ch\u1eb7t ch\u1ebd, gi\u00fap h\u1ea1t ch\u00edn \u0111\u1ec1u t\u1eeb trong ra ngo\u00e0i m\u00e0 kh\u00f4ng b\u1ecb kh\u00e9t hay \u0111\u1eafng. K\u1ef9 thu\u1eadt n\u00e0y gi\u1eef tr\u1ecdn v\u1eb9n h\u01b0\u01a1ng th\u01a1m b\u00f9i b\u00e9o t\u1ef1 nhi\u00ean c\u00f9ng \u0111\u1ed9 gi\u00f2n r\u1ee5m tinh t\u1ebf c\u1ee7a h\u1ea1t.<\/p>\n<p data-path-to-node=\"13,2,0\"><b>\u2013 T\u00cdNH CH\u1ea4T AN TO\u00c0N S\u1ee8C KH\u1eceE:<\/b>\u00a0\u0110\u00e2y l\u00e0 \u0111i\u1ec3m m\u1ea1nh khi\u1ebfn h\u1ea1t h\u01b0\u1edbng d\u01b0\u01a1ng Nga Babkiny Semechki \u0111\u01b0\u1ee3c \u01b0a chu\u1ed9ng tr\u00ean to\u00e0n c\u1ea7u. Nh\u1edd quy tr\u00ecnh ch\u1ebf bi\u1ebfn hi\u1ec7n \u0111\u1ea1i v\u00e0 ch\u1ea5t l\u01b0\u1ee3ng h\u1ea1t cao c\u1ea5p, vi\u1ec7c th\u01b0\u1edfng th\u1ee9c lo\u1ea1i h\u1ea1t n\u00e0y kh\u00f4ng g\u00e2y ra c\u1ea3m gi\u00e1c r\u00e1t c\u1ed5, khan h\u1ecdng hay ho nh\u01b0 khi s\u1eed d\u1ee5ng c\u00e1c lo\u1ea1i h\u1ea1t h\u01b0\u1edbng d\u01b0\u01a1ng th\u00f4ng th\u01b0\u1eddng kh\u00e1c tr\u00ean th\u1ecb tr\u01b0\u1eddng.<\/p>\n<p data-path-to-node=\"13,2,0\"><img decoding=\"async\" class=\"aligncenter wp-image-43466\" src=\"https:\/\/havamall.com\/wp-content\/uploads\/2025\/11\/553542272_1392261189148632_2951798074437084682_n.jpg\" alt=\"\" width=\"800\" height=\"1066\" srcset=\"https:\/\/havamall.com\/wp-content\/uploads\/2025\/11\/553542272_1392261189148632_2951798074437084682_n.jpg 1536w, https:\/\/havamall.com\/wp-content\/uploads\/2025\/11\/553542272_1392261189148632_2951798074437084682_n-9x12.jpg 9w, https:\/\/havamall.com\/wp-content\/uploads\/2025\/11\/553542272_1392261189148632_2951798074437084682_n-600x800.jpg 600w, https:\/\/havamall.com\/wp-content\/uploads\/2025\/11\/553542272_1392261189148632_2951798074437084682_n-1200x1600.jpg 1200w, https:\/\/havamall.com\/wp-content\/uploads\/2025\/11\/553542272_1392261189148632_2951798074437084682_n-150x200.jpg 150w\" sizes=\"(max-width: 800px) 100vw, 800px\" \/><\/p>\n<blockquote>\n<p data-path-to-node=\"14\"><span style=\"font-size: 14pt\"><em><b>GI\u00c1 TR\u1eca DINH D\u01af\u1ee0NG V\u00c0 C\u00d4NG D\u1ee4NG V\u01af\u1ee2T TR\u1ed8I<\/b><\/em><\/span><\/p>\n<\/blockquote>\n<p data-path-to-node=\"16,0,0\"><b>\u2013 B\u1ea2O V\u1ec6 S\u1ee8C KH\u1eceE TIM M\u1ea0CH:<\/b>\u00a0H\u1ea1t h\u01b0\u1edbng d\u01b0\u01a1ng ch\u1ee9a h\u00e0m l\u01b0\u1ee3ng Phytosterol cao nh\u1ea5t trong c\u00e1c lo\u1ea1i h\u1ea1t, h\u1ee3p ch\u1ea5t n\u00e0y c\u00f3 kh\u1ea3 n\u0103ng l\u00e0m gi\u1ea3m n\u1ed3ng \u0111\u1ed9 Cholesterol LDL (Cholesterol x\u1ea5u) v\u00e0 h\u1ea1n ch\u1ebf s\u1ef1 h\u00ecnh th\u00e0nh c\u00e1c m\u1ea3ng b\u00e1m trong \u0111\u1ed9ng m\u1ea1ch, t\u1eeb \u0111\u00f3 gi\u00fap ph\u00f2ng ng\u1eeba x\u01a1 v\u1eefa \u0111\u1ed9ng m\u1ea1ch v\u00e0 \u0111\u1ed9t qu\u1ef5. C\u00e1c axit b\u00e9o kh\u00f4ng b\u00e3o h\u00f2a \u0111\u01a1n v\u00e0 \u0111a trong h\u1ea1t c\u0169ng \u0111\u00f3ng vai tr\u00f2 thi\u1ebft y\u1ebfu trong vi\u1ec7c duy tr\u00ec m\u1ed9t h\u1ec7 tim m\u1ea1ch kh\u1ecfe m\u1ea1nh.<\/p>\n<p data-path-to-node=\"16,1,0\"><b>\u2013 NGU\u1ed2N VITAMIN E T\u1ef0 NHI\u00caN CH\u1ed0NG OXY H\u00d3A:<\/b>\u00a0V\u1edbi h\u00e0m l\u01b0\u1ee3ng Vitamin E d\u1ed3i d\u00e0o, h\u1ea1t h\u01b0\u1edbng d\u01b0\u01a1ng ho\u1ea1t \u0111\u1ed9ng nh\u01b0 m\u1ed9t ch\u1ea5t ch\u1ed1ng oxy h\u00f3a m\u1ea1nh m\u1ebd. Vitamin E gi\u00fap b\u1ea3o v\u1ec7 t\u1ebf b\u00e0o kh\u1ecfi s\u1ef1 t\u1ea5n c\u00f4ng c\u1ee7a c\u00e1c g\u1ed1c t\u1ef1 do, ng\u0103n ch\u1eb7n qu\u00e1 tr\u00ecnh l\u00e3o h\u00f3a s\u1edbm c\u1ee7a da, h\u1ed7 tr\u1ee3 da ch\u1ed1ng l\u1ea1i t\u00e1c h\u1ea1i c\u1ee7a tia t\u1eed ngo\u1ea1i, mang l\u1ea1i l\u00e0n da m\u1ec1m m\u1ea1i, m\u1ecbn m\u00e0ng v\u00e0 t\u01b0\u01a1i tr\u1ebb.<\/p>\n<p data-path-to-node=\"16,2,0\"><b>\u2013 H\u1ed6 TR\u1ee2 H\u1ec6 TH\u1ea6N KINH V\u00c0 TINH TH\u1ea6N:<\/b>\u00a0Kho\u00e1ng ch\u1ea5t Magie c\u00f3 trong h\u1ea1t h\u01b0\u1edbng d\u01b0\u01a1ng \u0111\u01b0\u1ee3c bi\u1ebft \u0111\u1ebfn v\u1edbi kh\u1ea3 n\u0103ng th\u01b0 gi\u00e3n d\u00e2y th\u1ea7n kinh v\u00e0 m\u1ea1ch m\u00e1u. Vi\u1ec7c b\u1ed5 sung Magie gi\u00fap c\u1ea3i thi\u1ec7n t\u00e2m tr\u1ea1ng, gi\u1ea3m c\u0103ng th\u1eb3ng, lo \u00e2u, \u0111\u1ed3ng th\u1eddi h\u1ed7 tr\u1ee3 ch\u1ee9c n\u0103ng b\u1ed9 nh\u1edb v\u00e0 th\u1ecb gi\u00e1c. Magie c\u0169ng \u0111\u00f3ng vai tr\u00f2 quan tr\u1ecdng trong vi\u1ec7c t\u0103ng c\u01b0\u1eddng s\u1ee9c kh\u1ecfe c\u1ee7a x\u01b0\u01a1ng kh\u1edbp.<\/p>\n<p data-path-to-node=\"16,3,0\"><b>\u2013 CUNG C\u1ea4P N\u0102NG L\u01af\u1ee2NG B\u1ec0N B\u1ec8:<\/b>\u00a0H\u1ea1t h\u01b0\u1edbng d\u01b0\u01a1ng l\u00e0 ngu\u1ed3n cung c\u1ea5p Protein v\u00e0 Carbohydrate ch\u1ea5t l\u01b0\u1ee3ng, gi\u00fap t\u0103ng c\u01b0\u1eddng n\u0103ng l\u01b0\u1ee3ng nhanh ch\u00f3ng v\u00e0 duy tr\u00ec c\u1ea3m gi\u00e1c no l\u00e2u. \u0110i\u1ec1u n\u00e0y r\u1ea5t c\u00f3 l\u1ee3i cho nh\u1eefng ng\u01b0\u1eddi c\u1ea7n b\u1ed5 sung n\u0103ng l\u01b0\u1ee3ng t\u1ee9c th\u00ec ho\u1eb7c \u0111ang th\u1ef1c hi\u1ec7n ch\u1ebf \u0111\u1ed9 \u0103n ki\u1ec3m so\u00e1t c\u00e2n n\u1eb7ng.<\/p>\n<p data-path-to-node=\"16,3,0\"><img loading=\"lazy\" decoding=\"async\" class=\"aligncenter wp-image-43467\" src=\"https:\/\/havamall.com\/wp-content\/uploads\/2025\/11\/581939601_1436877284687022_7817867996839126323_n.jpg\" alt=\"\" width=\"800\" height=\"800\" srcset=\"https:\/\/havamall.com\/wp-content\/uploads\/2025\/11\/581939601_1436877284687022_7817867996839126323_n.jpg 2048w, https:\/\/havamall.com\/wp-content\/uploads\/2025\/11\/581939601_1436877284687022_7817867996839126323_n-12x12.jpg 12w, https:\/\/havamall.com\/wp-content\/uploads\/2025\/11\/581939601_1436877284687022_7817867996839126323_n-600x600.jpg 600w, https:\/\/havamall.com\/wp-content\/uploads\/2025\/11\/581939601_1436877284687022_7817867996839126323_n-1200x1200.jpg 1200w, https:\/\/havamall.com\/wp-content\/uploads\/2025\/11\/581939601_1436877284687022_7817867996839126323_n-150x150.jpg 150w\" sizes=\"(max-width: 800px) 100vw, 800px\" \/><\/p>\n<p data-path-to-node=\"16,3,0\">H\u1ea1t H\u01b0\u1edbng D\u01b0\u01a1ng Rang Lo\u1ea1i \u0110\u1eb7c Bi\u1ec7t Nh\u1eadp Kh\u1ea9u Nga Babkiny Semechki 300g \u0111ang \u0111\u01b0\u1ee3c b\u00e1n t\u1ea1i Havamall, s\u1eb5n s\u00e0ng mang \u0111\u1ebfn cho qu\u00fd kh\u00e1ch nh\u1eefng tr\u1ea3i nghi\u1ec7m \u1ea9m th\u1ef1c tinh t\u1ebf, \u0111\u1eadm \u0111\u00e0 h\u01b0\u01a1ng v\u1ecb truy\u1ec1n th\u1ed1ng Nga.<\/p>","protected":false},"excerpt":{"rendered":"<p>TH\u00d4NG TIN S\u1ea2N PH\u1ea8M Th\u01b0\u01a1ng Hi\u1ec7u Babkiny Semechki Xu\u1ea5t X\u1ee9 Li\u00ean Bang Nga Th\u00e0nh Ph\u1ea7n 100% H\u1ea1t H\u01b0\u1edbng D\u01b0\u01a1ng Ch\u1ecdn<\/p>","protected":false},"featured_media":43464,"comment_status":"open","ping_status":"closed","template":"","meta":[],"product_brand":[],"product_cat":[133,729],"product_tag":[],"class_list":{"0":"post-43462","1":"product","2":"type-product","3":"status-publish","4":"has-post-thumbnail","6":"product_cat-banh-keo-chocolate","7":"product_cat-nhap-khau-nga","9":"first","10":"outofstock","11":"sale","12":"shipping-taxable","13":"purchasable","14":"product-type-simple"},"_links":{"self":[{"href":"https:\/\/havamall.com\/en\/wp-json\/wp\/v2\/product\/43462","targetHints":{"allow":["GET"]}}],"collection":[{"href":"https:\/\/havamall.com\/en\/wp-json\/wp\/v2\/product"}],"about":[{"href":"https:\/\/havamall.com\/en\/wp-json\/wp\/v2\/types\/product"}],"replies":[{"embeddable":true,"href":"https:\/\/havamall.com\/en\/wp-json\/wp\/v2\/comments?post=43462"}],"version-history":[{"count":0,"href":"https:\/\/havamall.com\/en\/wp-json\/wp\/v2\/product\/43462\/revisions"}],"wp:featuredmedia":[{"embeddable":true,"href":"https:\/\/havamall.com\/en\/wp-json\/wp\/v2\/media\/43464"}],"wp:attachment":[{"href":"https:\/\/havamall.com\/en\/wp-json\/wp\/v2\/media?parent=43462"}],"wp:term":[{"taxonomy":"product_brand","embeddable":true,"href":"https:\/\/havamall.com\/en\/wp-json\/wp\/v2\/product_brand?post=43462"},{"taxonomy":"product_cat","embeddable":true,"href":"https:\/\/havamall.com\/en\/wp-json\/wp\/v2\/product_cat?post=43462"},{"taxonomy":"product_tag","embeddable":true,"href":"https:\/\/havamall.com\/en\/wp-json\/wp\/v2\/product_tag?post=43462"}],"curies":[{"name":"wp","href":"https:\/\/api.w.org\/{rel}","templated":true}]}}