{"id":43472,"date":"2025-11-24T14:41:41","date_gmt":"2025-11-24T07:41:41","guid":{"rendered":"https:\/\/havamall.com\/?post_type=product&#038;p=43472"},"modified":"2026-03-18T14:29:59","modified_gmt":"2026-03-18T07:29:59","slug":"keo-socola-nga-tong-hop-nhan-caramel-nuga-va-cac-loai-hat-slasti-candy-time-500g-chocolate-bar-mix-with-caramel-nougat-and-nuts","status":"publish","type":"product","link":"https:\/\/havamall.com\/en\/shop\/keo-socola-nga-tong-hop-nhan-caramel-nuga-va-cac-loai-hat-slasti-candy-time-500g-chocolate-bar-mix-with-caramel-nougat-and-nuts\/","title":{"rendered":"K\u1eb9o Socola Nga T\u1ed5ng H\u1ee3p Nh\u00e2n Caramel, Nuga V\u00e0 C\u00e1c Lo\u1ea1i H\u1ea1t Slasti Candy Time 200g \u2013 Chocolate Bar Mix with Caramel, Nougat and Nuts"},"content":{"rendered":"<blockquote>\n<h3><em>TH\u00d4NG TIN S\u1ea2N PH\u1ea8M<\/em><\/h3>\n<\/blockquote>\n<table style=\"width: 81.8718%; height: 231px;\" data-path-to-node=\"11\">\n<tbody>\n<tr>\n<td style=\"width: 13.2313%;\" data-path-to-node=\"11,1,0,0\"><b>Th\u01b0\u01a1ng Hi\u1ec7u<\/b><\/td>\n<td style=\"width: 86.0486%;\" data-path-to-node=\"11,1,1,0\">Slasti<\/td>\n<\/tr>\n<tr>\n<td style=\"width: 13.2313%;\" data-path-to-node=\"11,2,0,0\"><b>Xu\u1ea5t X\u1ee9<\/b><\/td>\n<td style=\"width: 86.0486%;\" data-path-to-node=\"11,2,1,0\">Li\u00ean Bang Nga<\/td>\n<\/tr>\n<tr>\n<td style=\"width: 13.2313%;\" data-path-to-node=\"11,3,0,0\"><b>Th\u00e0nh Ph\u1ea7n<\/b><\/td>\n<td style=\"width: 86.0486%;\" data-path-to-node=\"11,3,1,0\">S\u00f4 c\u00f4 la bao ph\u1ee7 (Kh\u1ed1i ca cao, B\u01a1 ca cao t\u01b0\u01a1ng \u0111\u01b0\u01a1ng, Ch\u1ea5t nh\u0169 h\u00f3a), Caramel, Nuga (K\u1eb9o m\u1ec1m), \u0110\u1eadu ph\u1ed9ng\/C\u00e1c lo\u1ea1i h\u1ea1t, \u0110\u01b0\u1eddng, Sir\u00f4 Glucose (M\u1eadt m\u00eda), S\u1eefa B\u1ed9t, Ch\u1ea5t Nh\u0169 H\u00f3a (Lecithin \u0111\u1eadu n\u00e0nh), H\u01b0\u01a1ng Li\u1ec7u T\u1ef1 Nhi\u00ean.<\/td>\n<\/tr>\n<tr>\n<td style=\"width: 13.2313%;\" data-path-to-node=\"11,4,0,0\"><b>H\u1ea1n S\u1eed D\u1ee5ng<\/b><\/td>\n<td style=\"width: 86.0486%;\" data-path-to-node=\"11,4,1,0\">08 th\u00e1ng (K\u1ec3 t\u1eeb ng\u00e0y s\u1ea3n xu\u1ea5t)<\/td>\n<\/tr>\n<tr>\n<td style=\"width: 13.2313%;\" data-path-to-node=\"11,5,0,0\"><b>B\u1ea3o Qu\u1ea3n<\/b><\/td>\n<td style=\"width: 86.0486%;\" data-path-to-node=\"11,5,1,0\">B\u1ea3o qu\u1ea3n n\u01a1i kh\u00f4 r\u00e1o, tho\u00e1ng m\u00e1t (Nhi\u1ec7t \u0111\u1ed9 l\u00fd t\u01b0\u1edfng:\u00a0<span class=\"math-inline\" data-math=\"18^\\circ\\text{C} \\pm 3^\\circ\\text{C}\"><span class=\"katex\"><span class=\"katex-html\" aria-hidden=\"true\"><span class=\"base\"><span class=\"mord\">1<\/span><span class=\"mord\">8<span class=\"msupsub\"><span class=\"vlist-t\"><span class=\"vlist-r\"><span class=\"vlist\"><span class=\"\"><span class=\"sizing reset-size6 size3 mtight\"><span class=\"mbin mtight\">\u2218<\/span><\/span><\/span><\/span><\/span><\/span><\/span><\/span><span class=\"mord text\"><span class=\"mord\">C<\/span><\/span><span class=\"mbin\">\u00b1<\/span><\/span><span class=\"base\"><span class=\"mord\">3<span class=\"msupsub\"><span class=\"vlist-t\"><span class=\"vlist-r\"><span class=\"vlist\"><span class=\"\"><span class=\"sizing reset-size6 size3 mtight\"><span class=\"mbin mtight\">\u2218<\/span><\/span><\/span><\/span><\/span><\/span><\/span><\/span><span class=\"mord text\"><span class=\"mord\">C<\/span><\/span><\/span><\/span><\/span><\/span>), tr\u00e1nh \u00e1nh n\u1eafng tr\u1ef1c ti\u1ebfp v\u00e0 c\u00e1c ngu\u1ed3n nhi\u1ec7t m\u1ea1nh.<\/td>\n<\/tr>\n<tr>\n<td style=\"width: 13.2313%;\" data-path-to-node=\"11,6,0,0\"><b>Kh\u1ed1i L\u01b0\u1ee3ng T\u1ecbnh<\/b><\/td>\n<td style=\"width: 86.0486%;\" data-path-to-node=\"11,6,1,0\">200g<\/td>\n<\/tr>\n<\/tbody>\n<\/table>\n<p data-path-to-node=\"15\">N\u01b0\u1edbc Nga, v\u1edbi truy\u1ec1n th\u1ed1ng s\u1ea3n xu\u1ea5t b\u00e1nh k\u1eb9o l\u00e2u \u0111\u1eddi, n\u1ed5i ti\u1ebfng to\u00e0n c\u1ea7u v\u1ec1 ch\u1ea5t l\u01b0\u1ee3ng cacao cao c\u1ea5p v\u00e0 h\u01b0\u01a1ng v\u1ecb s\u00f4 c\u00f4 la \u0111\u1eadm \u0111\u00e0, kh\u00f3 qu\u00ean. C\u00f4ng nghi\u1ec7p b\u00e1nh k\u1eb9o Nga kh\u00f4ng ch\u1ec9 l\u00e0 s\u1ef1 k\u1ebft h\u1ee3p gi\u1eefa c\u00f4ng ngh\u1ec7 hi\u1ec7n \u0111\u1ea1i m\u00e0 c\u00f2n l\u00e0 s\u1ef1 k\u1ebf th\u1eeba tinh hoa t\u1eeb c\u00e1c c\u00f4ng th\u1ee9c truy\u1ec1n th\u1ed1ng c\u00f3 t\u1eeb th\u1ebf k\u1ef7 XIX. S\u00f4 c\u00f4 la Nga lu\u00f4n \u0111\u01b0\u1ee3c ng\u01b0\u1eddi ti\u00eau d\u00f9ng \u0111\u00e1nh gi\u00e1 cao nh\u1edd v\u00e0o \u0111\u1ed9 b\u00e9o ng\u1eady t\u1ef1 nhi\u00ean, \u00edt s\u1eed d\u1ee5ng ch\u1ea5t b\u1ea3o qu\u1ea3n v\u00e0 ph\u1ea9m m\u00e0u, mang \u0111\u1ebfn h\u01b0\u01a1ng v\u1ecb thu\u1ea7n khi\u1ebft v\u00e0 ch\u00e2n th\u1eadt.<\/p>\n<p data-path-to-node=\"15\"><img fetchpriority=\"high\" decoding=\"async\" class=\"aligncenter wp-image-43475\" src=\"https:\/\/havamall.com\/wp-content\/uploads\/2025\/11\/560975298_1307836634473121_4176383381454997603_n.jpg\" alt=\"\" width=\"800\" height=\"649\" srcset=\"https:\/\/havamall.com\/wp-content\/uploads\/2025\/11\/560975298_1307836634473121_4176383381454997603_n.jpg 2048w, https:\/\/havamall.com\/wp-content\/uploads\/2025\/11\/560975298_1307836634473121_4176383381454997603_n-15x12.jpg 15w, https:\/\/havamall.com\/wp-content\/uploads\/2025\/11\/560975298_1307836634473121_4176383381454997603_n-600x487.jpg 600w, https:\/\/havamall.com\/wp-content\/uploads\/2025\/11\/560975298_1307836634473121_4176383381454997603_n-1200x973.jpg 1200w, https:\/\/havamall.com\/wp-content\/uploads\/2025\/11\/560975298_1307836634473121_4176383381454997603_n-150x122.jpg 150w\" sizes=\"(max-width: 800px) 100vw, 800px\" \/><\/p>\n<p data-path-to-node=\"16\">Th\u01b0\u01a1ng hi\u1ec7u\u00a0<b>Slasti<\/b>, m\u1ed9t c\u00e1i t\u00ean \u0111ang l\u00ean trong ng\u00e0nh c\u00f4ng nghi\u1ec7p b\u00e1nh k\u1eb9o Nga, \u0111\u00e3 ph\u00e1t tri\u1ec3n d\u00f2ng s\u1ea3n ph\u1ea9m\u00a0<b>Candy Time<\/b>\u00a0nh\u1eb1m \u0111\u00e1p \u1ee9ng th\u1ecb hi\u1ebfu y\u00eau th\u00edch s\u1ef1 \u0111a d\u1ea1ng v\u00e0 ti\u1ec7n l\u1ee3i. Slasti t\u1eadp trung v\u00e0o vi\u1ec7c t\u1ea1o ra nh\u1eefng vi\u00ean k\u1eb9o c\u00f3 nh\u00e2n phong ph\u00fa, \u0111\u01b0\u1ee3c ph\u1ee7 l\u1edbp s\u00f4 c\u00f4 la ch\u1ea5t l\u01b0\u1ee3ng, g\u00f3i g\u1ecdn s\u1ef1 \u1ea5m \u00e1p v\u00e0 h\u01b0\u01a1ng v\u1ecb truy\u1ec1n th\u1ed1ng v\u00e0o t\u1eebng thanh k\u1eb9o nh\u1ecf. Candy Time kh\u00f4ng ch\u1ec9 l\u00e0 m\u00f3n \u0103n v\u1eb7t m\u00e0 c\u00f2n l\u00e0 bi\u1ec3u t\u01b0\u1ee3ng c\u1ee7a ni\u1ec1m vui, s\u1ef1 th\u01b0 gi\u00e3n, v\u00e0 l\u00e0 m\u00f3n qu\u00e0 ng\u1ecdt ng\u00e0o trong c\u00e1c d\u1ecbp sum h\u1ecdp gia \u0111\u00ecnh.<\/p>\n<p data-path-to-node=\"16\"><img decoding=\"async\" class=\"aligncenter wp-image-43476\" src=\"https:\/\/havamall.com\/wp-content\/uploads\/2025\/11\/560467529_1307836661139785_5740382861516496606_n.jpg\" alt=\"\" width=\"802\" height=\"1069\" srcset=\"https:\/\/havamall.com\/wp-content\/uploads\/2025\/11\/560467529_1307836661139785_5740382861516496606_n.jpg 1536w, https:\/\/havamall.com\/wp-content\/uploads\/2025\/11\/560467529_1307836661139785_5740382861516496606_n-9x12.jpg 9w, https:\/\/havamall.com\/wp-content\/uploads\/2025\/11\/560467529_1307836661139785_5740382861516496606_n-600x800.jpg 600w, https:\/\/havamall.com\/wp-content\/uploads\/2025\/11\/560467529_1307836661139785_5740382861516496606_n-1200x1600.jpg 1200w, https:\/\/havamall.com\/wp-content\/uploads\/2025\/11\/560467529_1307836661139785_5740382861516496606_n-150x200.jpg 150w\" sizes=\"(max-width: 802px) 100vw, 802px\" \/><\/p>\n<blockquote>\n<p data-path-to-node=\"17\"><em><span style=\"font-size: 14pt;\"><b>\u0110\u1eb6C \u0110I\u1ec2M N\u1ed4I B\u1eacT\u00a0<\/b><\/span><\/em><\/p>\n<\/blockquote>\n<p data-path-to-node=\"19,0,0\"><b>\u2013\u00a0S\u1ef0 \u0110A D\u1ea0NG TRONG T\u1eeaNG G\u00d3I K\u1eb8O:<\/b>\u00a0S\u1ea3n ph\u1ea9m l\u00e0 s\u1ef1 t\u1ed5ng h\u1ee3p c\u1ee7a nhi\u1ec1u h\u01b0\u01a1ng v\u1ecb k\u1eb9o thanh nh\u1ecf, trong \u0111\u00f3 n\u1ed5i b\u1eadt l\u00e0 c\u00e1c bi\u1ebfn th\u1ec3 nh\u00e2n Caramel m\u1ec1m, Nuga d\u1ebbo dai, v\u00e0 \u0110\u1eadu ph\u1ed9ng ho\u1eb7c c\u00e1c lo\u1ea1i h\u1ea1t gi\u00f2n b\u00e9o. S\u1ef1 k\u1ebft h\u1ee3p n\u00e0y mang l\u1ea1i c\u1ea3m gi\u00e1c th\u00edch th\u00fa cho ng\u01b0\u1eddi th\u01b0\u1edfng th\u1ee9c, cho ph\u00e9p kh\u00e1m ph\u00e1 m\u1ed9t h\u01b0\u01a1ng v\u1ecb m\u1edbi m\u1ebb trong m\u1ed7i l\u1ea7n b\u00f3c v\u1ecf k\u1eb9o.<\/p>\n<p data-path-to-node=\"19,1,0\"><b>\u2013\u00a0L\u1edaP S\u00d4 C\u00d4 LA BAO PH\u1ee6 CH\u1ea4T L\u01af\u1ee2NG:<\/b>\u00a0M\u1ed7i thanh k\u1eb9o \u0111\u01b0\u1ee3c bao b\u1ecdc b\u1edfi m\u1ed9t l\u1edbp s\u00f4 c\u00f4 la s\u1eefa ho\u1eb7c s\u00f4 c\u00f4 la \u0111\u1eadm \u0111\u00e0, \u0111\u01b0\u1ee3c ch\u1ebf bi\u1ebfn t\u1eeb cacao ch\u1ecdn l\u1ecdc c\u1ee7a Nga. L\u1edbp ph\u1ee7 n\u00e0y tan ch\u1ea3y nh\u1eb9 nh\u00e0ng ngay khi ch\u1ea1m v\u00e0o \u0111\u1ea7u l\u01b0\u1ee1i, sau \u0111\u00f3 m\u1edbi \u0111\u1ebfn c\u00e1c l\u1edbp nh\u00e2n ph\u1ee9c h\u1ee3p b\u00ean trong, t\u1ea1o ra s\u1ef1 c\u00e2n b\u1eb1ng tuy\u1ec7t v\u1eddi gi\u1eefa v\u1ecb ng\u1ecdt, v\u1ecb \u0111\u1eafng nh\u1eb9, v\u00e0 v\u1ecb b\u00e9o.<\/p>\n<p data-path-to-node=\"19,2,0\"><b>\u2013\u00a0K\u1ebeT C\u1ea4U PHONG PH\u00da:<\/b>\u00a0S\u1ef1 t\u01b0\u01a1ng ph\u1ea3n v\u1ec1 k\u1ebft c\u1ea5u l\u00e0 \u0111i\u1ec3m nh\u1ea5n c\u1ee7a Candy Time: \u2013 S\u1ef1 m\u1ec1m m\u1ecbn, b\u00e9o ng\u1eady c\u1ee7a Caramel d\u1ebbo \u2013 S\u1ef1 d\u1ebbo dai, \u0111\u1eadm v\u1ecb c\u1ee7a Nuga \u2013 \u0110\u1ed9 gi\u00f2n b\u00f9i c\u1ee7a c\u00e1c lo\u1ea1i h\u1ea1t \u0111\u01b0\u1ee3c rang th\u01a1m l\u1eebng. S\u1ef1 \u0111\u1ed1i l\u1eadp n\u00e0y gi\u00fap k\u1eb9o kh\u00f4ng g\u00e2y ng\u00e1n v\u00e0 t\u1ea1o n\u00ean m\u1ed9t tr\u1ea3i nghi\u1ec7m nhai th\u00fa v\u1ecb, k\u00e9o d\u00e0i.<\/p>\n<p data-path-to-node=\"19,2,0\"><img decoding=\"async\" class=\"aligncenter wp-image-43478\" src=\"https:\/\/havamall.com\/wp-content\/uploads\/2025\/11\/lcJthA21Fb2pxSYb5wn7g.jpg\" alt=\"\" width=\"801\" height=\"641\" srcset=\"https:\/\/havamall.com\/wp-content\/uploads\/2025\/11\/lcJthA21Fb2pxSYb5wn7g.jpg 1299w, https:\/\/havamall.com\/wp-content\/uploads\/2025\/11\/lcJthA21Fb2pxSYb5wn7g-15x12.jpg 15w, https:\/\/havamall.com\/wp-content\/uploads\/2025\/11\/lcJthA21Fb2pxSYb5wn7g-600x480.jpg 600w, https:\/\/havamall.com\/wp-content\/uploads\/2025\/11\/lcJthA21Fb2pxSYb5wn7g-1200x960.jpg 1200w, https:\/\/havamall.com\/wp-content\/uploads\/2025\/11\/lcJthA21Fb2pxSYb5wn7g-150x120.jpg 150w\" sizes=\"(max-width: 801px) 100vw, 801px\" \/> <img loading=\"lazy\" decoding=\"async\" class=\"aligncenter wp-image-43479\" src=\"https:\/\/havamall.com\/wp-content\/uploads\/2025\/11\/V5Lbm6Zhe55xdbVDa8NcAA.jpg\" alt=\"\" width=\"800\" height=\"640\" srcset=\"https:\/\/havamall.com\/wp-content\/uploads\/2025\/11\/V5Lbm6Zhe55xdbVDa8NcAA.jpg 1391w, https:\/\/havamall.com\/wp-content\/uploads\/2025\/11\/V5Lbm6Zhe55xdbVDa8NcAA-15x12.jpg 15w, https:\/\/havamall.com\/wp-content\/uploads\/2025\/11\/V5Lbm6Zhe55xdbVDa8NcAA-600x480.jpg 600w, https:\/\/havamall.com\/wp-content\/uploads\/2025\/11\/V5Lbm6Zhe55xdbVDa8NcAA-1200x960.jpg 1200w, https:\/\/havamall.com\/wp-content\/uploads\/2025\/11\/V5Lbm6Zhe55xdbVDa8NcAA-150x120.jpg 150w\" sizes=\"(max-width: 800px) 100vw, 800px\" \/> <img loading=\"lazy\" decoding=\"async\" class=\"aligncenter wp-image-43480\" src=\"https:\/\/havamall.com\/wp-content\/uploads\/2025\/11\/63tRBmyaQNaZ9dHyZ4QwAg-1.jpg\" alt=\"\" width=\"800\" height=\"640\" srcset=\"https:\/\/havamall.com\/wp-content\/uploads\/2025\/11\/63tRBmyaQNaZ9dHyZ4QwAg-1.jpg 1225w, https:\/\/havamall.com\/wp-content\/uploads\/2025\/11\/63tRBmyaQNaZ9dHyZ4QwAg-1-15x12.jpg 15w, https:\/\/havamall.com\/wp-content\/uploads\/2025\/11\/63tRBmyaQNaZ9dHyZ4QwAg-1-600x480.jpg 600w, https:\/\/havamall.com\/wp-content\/uploads\/2025\/11\/63tRBmyaQNaZ9dHyZ4QwAg-1-1200x960.jpg 1200w, https:\/\/havamall.com\/wp-content\/uploads\/2025\/11\/63tRBmyaQNaZ9dHyZ4QwAg-1-150x120.jpg 150w\" sizes=\"(max-width: 800px) 100vw, 800px\" \/><\/p>\n<blockquote>\n<p data-path-to-node=\"23\"><span style=\"font-size: 14pt;\"><em><b>C\u00c1CH TH\u01af\u1edeNG TH\u1ee8C V\u00c0 M\u00d3N \u0102N K\u00c8M HO\u00c0N H\u1ea2O<\/b><\/em><\/span><\/p>\n<\/blockquote>\n<p data-path-to-node=\"24\">Slasti Candy Time l\u00e0 m\u00f3n \u0103n v\u1eb7t \u0111a n\u0103ng, c\u00f3 th\u1ec3 \u0111\u01b0\u1ee3c th\u01b0\u1edfng th\u1ee9c theo nhi\u1ec1u c\u00e1ch kh\u00e1c nhau t\u00f9y thu\u1ed9c v\u00e0o s\u1edf th\u00edch v\u00e0 ho\u00e0n c\u1ea3nh:<\/p>\n<p data-path-to-node=\"25\">\u2013\u00a0<b>TH\u01af\u1edeNG TH\u1ee8C TR\u1ef0C TI\u1ebeP:<\/b>\u00a0\u0110\u00e2y l\u00e0 c\u00e1ch \u0111\u01a1n gi\u1ea3n v\u00e0 ph\u1ed5 bi\u1ebfn nh\u1ea5t \u0111\u1ec3 c\u1ea3m nh\u1eadn tr\u1ecdn v\u1eb9n s\u1ef1 k\u1ebft h\u1ee3p h\u01b0\u01a1ng v\u1ecb c\u1ee7a s\u00f4 c\u00f4 la, caramel v\u00e0 h\u1ea1t.<\/p>\n<p data-path-to-node=\"26\">\u2013\u00a0<b>K\u1ebeT H\u1ee2P V\u1edaI \u0110\u1ed2 U\u1ed0NG N\u00d3NG:<\/b>\u00a0M\u1ed9t thanh k\u1eb9o Candy Time k\u1ebft h\u1ee3p c\u00f9ng m\u1ed9t t\u00e1ch c\u00e0 ph\u00ea \u0111en n\u00f3ng, tr\u00e0 Earl Grey ho\u1eb7c s\u1eefa \u1ea5m s\u1ebd l\u00e0 s\u1ef1 k\u1ebft h\u1ee3p ho\u00e0n h\u1ea3o, gi\u00fap c\u00e2n b\u1eb1ng v\u1ecb \u0111\u1eafng c\u1ee7a c\u00e0 ph\u00ea\/tr\u00e0 v\u1edbi v\u1ecb ng\u1ecdt ng\u00e0o c\u1ee7a k\u1eb9o.<\/p>\n<p data-path-to-node=\"27\">\u2013\u00a0<b>L\u00c0M M\u00d3N \u0110\u00c3I KH\u00c1CH:<\/b>\u00a0V\u1edbi bao b\u00ec ri\u00eang l\u1ebb v\u00e0 m\u00e0u s\u1eafc b\u1eaft m\u1eaft, k\u1eb9o Slasti Candy Time r\u1ea5t th\u00edch h\u1ee3p \u0111\u1ec3 b\u00e0y bi\u1ec7n tr\u00ean \u0111\u0129a b\u00e1nh k\u1eb9o trong c\u00e1c d\u1ecbp l\u1ec5 T\u1ebft, ti\u1ec7c t\u00f9ng ho\u1eb7c c\u00e1c bu\u1ed5i h\u1ecdp m\u1eb7t gia \u0111\u00ecnh, th\u1ec3 hi\u1ec7n s\u1ef1 chu \u0111\u00e1o v\u00e0 tinh t\u1ebf c\u1ee7a gia ch\u1ee7.<\/p>\n<p data-path-to-node=\"27\"><img loading=\"lazy\" decoding=\"async\" class=\"aligncenter wp-image-43482\" src=\"https:\/\/havamall.com\/wp-content\/uploads\/2025\/11\/4gHBbBDAfGNxApHBbm7rxg-1.jpg\" alt=\"\" width=\"800\" height=\"353\" srcset=\"https:\/\/havamall.com\/wp-content\/uploads\/2025\/11\/4gHBbBDAfGNxApHBbm7rxg-1.jpg 1804w, https:\/\/havamall.com\/wp-content\/uploads\/2025\/11\/4gHBbBDAfGNxApHBbm7rxg-1-18x8.jpg 18w, https:\/\/havamall.com\/wp-content\/uploads\/2025\/11\/4gHBbBDAfGNxApHBbm7rxg-1-600x265.jpg 600w, https:\/\/havamall.com\/wp-content\/uploads\/2025\/11\/4gHBbBDAfGNxApHBbm7rxg-1-1200x529.jpg 1200w, https:\/\/havamall.com\/wp-content\/uploads\/2025\/11\/4gHBbBDAfGNxApHBbm7rxg-1-150x66.jpg 150w\" sizes=\"(max-width: 800px) 100vw, 800px\" \/><\/p>\n<p data-path-to-node=\"28\"><b>CAM K\u1ebeT CH\u1ea4T L\u01af\u1ee2NG T\u1ea0I HAVAMALL<\/b><\/p>\n<p data-path-to-node=\"29\">Havamall t\u1ef1 h\u00e0o l\u00e0 \u0111\u01a1n v\u1ecb chuy\u00ean nh\u1eadp kh\u1ea9u c\u00e1c s\u1ea3n ph\u1ea9m b\u00e1nh k\u1eb9o cao c\u1ea5p, ch\u00ednh h\u00e3ng t\u1eeb Li\u00ean Bang Nga. Ch\u00fang t\u00f4i cam k\u1ebft mang \u0111\u1ebfn tay qu\u00fd kh\u00e1ch g\u00f3i K\u1eb9o S\u00f4 C\u00f4 La Thanh T\u1ed5ng H\u1ee3p Slasti Candy Time 500g v\u1edbi ch\u1ea5t l\u01b0\u1ee3ng \u0111\u1ea3m b\u1ea3o tuy\u1ec7t \u0111\u1ed1i, c\u00f3 ngu\u1ed3n g\u1ed1c r\u00f5 r\u00e0ng v\u00e0 tem ph\u1ee5 \u0111\u1ea7y \u0111\u1ee7.<\/p>","protected":false},"excerpt":{"rendered":"<p>TH\u00d4NG TIN S\u1ea2N PH\u1ea8M Th\u01b0\u01a1ng Hi\u1ec7u Slasti Xu\u1ea5t X\u1ee9 Li\u00ean Bang Nga Th\u00e0nh Ph\u1ea7n S\u00f4 c\u00f4 la bao ph\u1ee7 (Kh\u1ed1i<\/p>","protected":false},"featured_media":43474,"comment_status":"open","ping_status":"closed","template":"","meta":[],"product_brand":[],"product_cat":[133,729],"product_tag":[],"class_list":{"0":"post-43472","1":"product","2":"type-product","3":"status-publish","4":"has-post-thumbnail","6":"product_cat-banh-keo-chocolate","7":"product_cat-nhap-khau-nga","9":"first","10":"outofstock","11":"sale","12":"shipping-taxable","13":"purchasable","14":"product-type-simple"},"_links":{"self":[{"href":"https:\/\/havamall.com\/en\/wp-json\/wp\/v2\/product\/43472","targetHints":{"allow":["GET"]}}],"collection":[{"href":"https:\/\/havamall.com\/en\/wp-json\/wp\/v2\/product"}],"about":[{"href":"https:\/\/havamall.com\/en\/wp-json\/wp\/v2\/types\/product"}],"replies":[{"embeddable":true,"href":"https:\/\/havamall.com\/en\/wp-json\/wp\/v2\/comments?post=43472"}],"version-history":[{"count":0,"href":"https:\/\/havamall.com\/en\/wp-json\/wp\/v2\/product\/43472\/revisions"}],"wp:featuredmedia":[{"embeddable":true,"href":"https:\/\/havamall.com\/en\/wp-json\/wp\/v2\/media\/43474"}],"wp:attachment":[{"href":"https:\/\/havamall.com\/en\/wp-json\/wp\/v2\/media?parent=43472"}],"wp:term":[{"taxonomy":"product_brand","embeddable":true,"href":"https:\/\/havamall.com\/en\/wp-json\/wp\/v2\/product_brand?post=43472"},{"taxonomy":"product_cat","embeddable":true,"href":"https:\/\/havamall.com\/en\/wp-json\/wp\/v2\/product_cat?post=43472"},{"taxonomy":"product_tag","embeddable":true,"href":"https:\/\/havamall.com\/en\/wp-json\/wp\/v2\/product_tag?post=43472"}],"curies":[{"name":"wp","href":"https:\/\/api.w.org\/{rel}","templated":true}]}}