{"id":43515,"date":"2025-11-27T09:46:46","date_gmt":"2025-11-27T02:46:46","guid":{"rendered":"https:\/\/havamall.com\/?post_type=product&#038;p=43515"},"modified":"2025-11-27T09:46:47","modified_gmt":"2025-11-27T02:46:47","slug":"mo-kho-say-deo-loai-nguyen-chat-nhap-khau-nga-dary-prirody-150g-dried-apricots-natural-soft","status":"publish","type":"product","link":"https:\/\/havamall.com\/en\/shop\/mo-kho-say-deo-loai-nguyen-chat-nhap-khau-nga-dary-prirody-150g-dried-apricots-natural-soft\/","title":{"rendered":"M\u01a1 Kh\u00f4 S\u1ea5y D\u1ebbo Lo\u1ea1i Nguy\u00ean Ch\u1ea5t Nh\u1eadp Kh\u1ea9u Nga Dary Prirody 150g \u2013 Dried Apricots Natural Soft"},"content":{"rendered":"<blockquote>\n<h3><em>TH\u00d4NG TIN S\u1ea2N PH\u1ea8M<\/em><\/h3>\n<\/blockquote>\n<div class=\"table-block has-export-button\">\n<div class=\"table-content not-end-of-paragraph\" data-hveid=\"0\" data-ved=\"0CAAQ3ecQahgKEwil6tzZ8YmRAxUAAAAAHQAAAAAQlAM\">\n<table style=\"width: 76.1887%;height: 183px\" data-path-to-node=\"11\">\n<tbody>\n<tr>\n<td style=\"width: 13.8178%\" data-path-to-node=\"11,1,0,0\"><b>Th\u01b0\u01a1ng Hi\u1ec7u<\/b><\/td>\n<td style=\"width: 85.3634%\" data-path-to-node=\"11,1,1,0\">Dary Prirody (\u0414\u0430\u0440\u044b \u043f\u0440\u0438\u0440\u043e\u0434\u044b \u2013 Qu\u00e0 T\u1eb7ng C\u1ee7a T\u1ef1 Nhi\u00ean)<\/td>\n<\/tr>\n<tr>\n<td style=\"width: 13.8178%\" data-path-to-node=\"11,2,0,0\"><b>Xu\u1ea5t X\u1ee9<\/b><\/td>\n<td style=\"width: 85.3634%\" data-path-to-node=\"11,2,1,0\">Li\u00ean Bang Nga<\/td>\n<\/tr>\n<tr>\n<td style=\"width: 13.8178%\" data-path-to-node=\"11,3,0,0\"><b>Th\u00e0nh Ph\u1ea7n<\/b><\/td>\n<td style=\"width: 85.3634%\" data-path-to-node=\"11,3,1,0\">100% Qu\u1ea3 M\u01a1 T\u1ef1 Nhi\u00ean S\u1ea5y Kh\u00f4 (Kuraga), \u0110\u00e3 T\u00e1ch H\u1ea1t<\/td>\n<\/tr>\n<tr>\n<td style=\"width: 13.8178%\" data-path-to-node=\"11,4,0,0\"><b>H\u1ea1n S\u1eed D\u1ee5ng<\/b><\/td>\n<td style=\"width: 85.3634%\" data-path-to-node=\"11,4,1,0\">12 th\u00e1ng (K\u1ec3 t\u1eeb ng\u00e0y s\u1ea3n xu\u1ea5t)<\/td>\n<\/tr>\n<tr>\n<td style=\"width: 13.8178%\" data-path-to-node=\"11,5,0,0\"><b>B\u1ea3o Qu\u1ea3n<\/b><\/td>\n<td style=\"width: 85.3634%\" data-path-to-node=\"11,5,1,0\">B\u1ea3o qu\u1ea3n n\u01a1i kh\u00f4 r\u00e1o, tho\u00e1ng m\u00e1t, tr\u00e1nh \u00e1nh n\u1eafng tr\u1ef1c ti\u1ebfp. Sau khi m\u1edf, n\u00ean c\u1ea5t gi\u1eef trong h\u1ed9p k\u00edn \u0111\u1ec3 duy tr\u00ec \u0111\u1ed9 d\u1ebbo.<\/td>\n<\/tr>\n<tr>\n<td style=\"width: 13.8178%\" data-path-to-node=\"11,6,0,0\"><b>Kh\u1ed1i L\u01b0\u1ee3ng T\u1ecbnh<\/b><\/td>\n<td style=\"width: 85.3634%\" data-path-to-node=\"11,6,1,0\">150g<\/td>\n<\/tr>\n<\/tbody>\n<\/table>\n<p data-path-to-node=\"15\">M\u01a1 kh\u00f4, hay\u00a0<i>Kuraga<\/i>\u00a0trong ti\u1ebfng Nga, l\u00e0 m\u1ed9t trong nh\u1eefng lo\u1ea1i tr\u00e1i c\u00e2y s\u1ea5y kh\u00f4 \u0111\u01b0\u1ee3c \u01b0a chu\u1ed9ng nh\u1ea5t tr\u00ean th\u1ebf gi\u1edbi, v\u1edbi l\u1ecbch s\u1eed g\u1eafn li\u1ec1n v\u1edbi Con \u0111\u01b0\u1eddng T\u01a1 l\u1ee5a huy\u1ec1n tho\u1ea1i. M\u1eb7c d\u00f9 m\u01a1 \u0111\u01b0\u1ee3c tr\u1ed3ng \u1edf nhi\u1ec1u n\u01a1i, nh\u1eefng lo\u1ea1i m\u01a1 kh\u00f4 ch\u1ea5t l\u01b0\u1ee3ng cao nh\u1ea5t th\u01b0\u1eddng \u0111\u1ebfn t\u1eeb c\u00e1c v\u00f9ng Trung \u00c1, n\u01a1i c\u00f3 \u00e1nh n\u1eafng m\u1eb7t tr\u1eddi d\u1ed3i d\u00e0o v\u00e0 kh\u00ed h\u1eadu kh\u00f4 n\u00f3ng l\u00fd t\u01b0\u1edfng cho qu\u00e1 tr\u00ecnh s\u1ea5y t\u1ef1 nhi\u00ean.\u00a0<i>Kuraga<\/i>\u00a0l\u00e0 thu\u1eadt ng\u1eef d\u00f9ng \u0111\u1ec3 ch\u1ec9 lo\u1ea1i m\u01a1 \u0111\u01b0\u1ee3c s\u1ea5y kh\u00f4 sau khi \u0111\u00e3 t\u00e1ch h\u1ea1t v\u00e0 b\u1ed5 \u0111\u00f4i, n\u1ed5i ti\u1ebfng v\u1edbi k\u00edch th\u01b0\u1edbc l\u1edbn, th\u1ecbt qu\u1ea3 d\u00e0y v\u00e0 \u0111\u1ed9 d\u1ebbo th\u01a1m \u0111\u1eb7c tr\u01b0ng.<\/p>\n<p data-path-to-node=\"15\"><img fetchpriority=\"high\" decoding=\"async\" class=\"aligncenter  wp-image-43517\" src=\"https:\/\/havamall.com\/wp-content\/uploads\/2025\/11\/mo-deo.jpg\" alt=\"\" width=\"800\" height=\"600\" srcset=\"https:\/\/havamall.com\/wp-content\/uploads\/2025\/11\/mo-deo.jpg 2000w, https:\/\/havamall.com\/wp-content\/uploads\/2025\/11\/mo-deo-16x12.jpg 16w, https:\/\/havamall.com\/wp-content\/uploads\/2025\/11\/mo-deo-600x450.jpg 600w, https:\/\/havamall.com\/wp-content\/uploads\/2025\/11\/mo-deo-1200x900.jpg 1200w, https:\/\/havamall.com\/wp-content\/uploads\/2025\/11\/mo-deo-150x113.jpg 150w\" sizes=\"(max-width: 800px) 100vw, 800px\" \/><\/p>\n<p data-path-to-node=\"16\">Th\u01b0\u01a1ng hi\u1ec7u\u00a0<b>Dary Prirody<\/b>\u00a0\u0111\u00e3 t\u1eadn d\u1ee5ng ngu\u1ed3n nguy\u00ean li\u1ec7u m\u01a1 ch\u1ea5t l\u01b0\u1ee3ng n\u00e0y, s\u1eed d\u1ee5ng quy tr\u00ecnh \u0111\u00f3ng g\u00f3i v\u00e0 ki\u1ec3m so\u00e1t c\u1ee7a Nga \u0111\u1ec3 t\u1ea1o ra s\u1ea3n ph\u1ea9m M\u01a1 Kh\u00f4 S\u1ea5y D\u1ebbo 150g. Tri\u1ebft l\u00fd &#8220;Qu\u00e0 T\u1eb7ng C\u1ee7a T\u1ef1 Nhi\u00ean&#8221; c\u1ee7a Dary Prirody \u0111\u1ea3m b\u1ea3o r\u1eb1ng s\u1ea3n ph\u1ea9m \u0111\u1ebfn tay ng\u01b0\u1eddi ti\u00eau d\u00f9ng ph\u1ea3i l\u00e0 s\u1ea3n ph\u1ea9m tinh khi\u1ebft nh\u1ea5t, l\u01b0u gi\u1eef tr\u1ecdn v\u1eb9n h\u01b0\u01a1ng v\u1ecb thi\u00ean nhi\u00ean m\u00e0 kh\u00f4ng c\u1ea7n \u0111\u1ebfn s\u1ef1 can thi\u1ec7p c\u1ee7a h\u00f3a ch\u1ea5t.<\/p>\n<p data-path-to-node=\"16\"><img decoding=\"async\" class=\"aligncenter  wp-image-43518\" src=\"https:\/\/havamall.com\/wp-content\/uploads\/2025\/11\/6vPAAQD0PTQZ2PU1zuYxOw-scaled.jpg\" alt=\"\" width=\"800\" height=\"713\" srcset=\"https:\/\/havamall.com\/wp-content\/uploads\/2025\/11\/6vPAAQD0PTQZ2PU1zuYxOw-scaled.jpg 2560w, https:\/\/havamall.com\/wp-content\/uploads\/2025\/11\/6vPAAQD0PTQZ2PU1zuYxOw-2048x1826.jpg 2048w, https:\/\/havamall.com\/wp-content\/uploads\/2025\/11\/6vPAAQD0PTQZ2PU1zuYxOw-13x12.jpg 13w, https:\/\/havamall.com\/wp-content\/uploads\/2025\/11\/6vPAAQD0PTQZ2PU1zuYxOw-600x535.jpg 600w, https:\/\/havamall.com\/wp-content\/uploads\/2025\/11\/6vPAAQD0PTQZ2PU1zuYxOw-1200x1070.jpg 1200w, https:\/\/havamall.com\/wp-content\/uploads\/2025\/11\/6vPAAQD0PTQZ2PU1zuYxOw-150x134.jpg 150w\" sizes=\"(max-width: 800px) 100vw, 800px\" \/><\/p>\n<blockquote>\n<p data-path-to-node=\"17\"><span style=\"font-size: 14pt\"><em><b>CH\u1ea4T L\u01af\u1ee2NG S\u1ea4Y D\u1ebaO HO\u00c0N H\u1ea2O<\/b><\/em><\/span><\/p>\n<\/blockquote>\n<p data-path-to-node=\"19,0,0\"><b>\u2013 CH\u1ea4T L\u01af\u1ee2NG &#8220;S\u1ea4Y D\u1ebaO&#8221; \u0110\u1ed8C \u0110\u00c1O:<\/b>\u00a0Kh\u00e1c v\u1edbi c\u00e1c lo\u1ea1i m\u01a1 kh\u00f4 c\u1ee9ng, M\u01a1 Kh\u00f4 Dary Prirody gi\u1eef \u0111\u01b0\u1ee3c \u0111\u1ed9 \u1ea9m t\u1ef1 nhi\u00ean nh\u1ea5t \u0111\u1ecbnh sau khi s\u1ea5y, t\u1ea1o n\u00ean k\u1ebft c\u1ea5u d\u1ebbo dai, m\u1ec1m m\u1ea1i, d\u1ec5 nhai m\u00e0 kh\u00f4ng b\u1ecb kh\u00f4 c\u1ee9ng. \u0110\u1eb7c \u0111i\u1ec3m n\u00e0y gi\u00fap m\u01a1 kh\u00f4 tr\u1edf th\u00e0nh m\u00f3n \u0103n v\u1eb7t l\u00fd t\u01b0\u1edfng, kh\u00f4ng g\u00e2y m\u1ecfi r\u0103ng.<\/p>\n<p data-path-to-node=\"19,1,0\"><b>\u2013\u00a0M\u00c0U S\u1eaeC V\u00c0 H\u01af\u01a0NG V\u1eca T\u1ef0 NHI\u00caN:<\/b>\u00a0S\u1ea3n ph\u1ea9m kh\u00f4ng s\u1eed d\u1ee5ng ch\u1ea5t b\u1ea3o qu\u1ea3n Sulfur Dioxide (SO2) ph\u1ed5 bi\u1ebfn. \u0110i\u1ec1u n\u00e0y \u0111\u1ea3m b\u1ea3o m\u00e0u s\u1eafc c\u1ee7a m\u01a1 (c\u00f3 th\u1ec3 l\u00e0 cam s\u1eabm ho\u1eb7c n\u00e2u h\u1ed5 ph\u00e1ch t\u00f9y theo gi\u1ed1ng m\u01a1) l\u00e0 ho\u00e0n to\u00e0n t\u1ef1 nhi\u00ean, \u0111i k\u00e8m v\u1edbi h\u01b0\u01a1ng v\u1ecb ng\u1ecdt thanh, th\u01a1m d\u1ecbu \u0111\u1eb7c tr\u01b0ng c\u1ee7a qu\u1ea3 m\u01a1 t\u01b0\u01a1i.<\/p>\n<p data-path-to-node=\"19,2,0\"><b>\u2013\u00a0CAM K\u1ebeT B\u1ea2O V\u1ec6 S\u1ee8C KH\u1eceE:<\/b>\u00a0Dary Prirody ti\u1ebfp t\u1ee5c \u00e1p d\u1ee5ng ti\u00eau chu\u1ea9n &#8220;Ba Kh\u00f4ng&#8221; nghi\u00eam ng\u1eb7t trong s\u1ea3n xu\u1ea5t m\u01a1 kh\u00f4: \u2013\u00a0<b>Kh\u00f4ng ch\u1ea5t t\u1ea1o m\u00e0u nh\u00e2n t\u1ea1o:<\/b>\u00a0Gi\u1eef nguy\u00ean m\u00e0u s\u1eafc trung th\u1ef1c c\u1ee7a m\u01a1 sau khi s\u1ea5y. \u2013\u00a0<b>Kh\u00f4ng ch\u1ea5t t\u0103ng c\u01b0\u1eddng h\u01b0\u01a1ng v\u1ecb:<\/b>\u00a0H\u01b0\u01a1ng v\u1ecb ng\u1ecdt b\u00e9o, th\u01a1m d\u1ebbo ho\u00e0n to\u00e0n t\u1eeb th\u1ecbt qu\u1ea3. \u2013\u00a0<b>Kh\u00f4ng GMO:<\/b>\u00a0\u0110\u1ea3m b\u1ea3o ngu\u1ed3n nguy\u00ean li\u1ec7u s\u1ea1ch v\u00e0 an to\u00e0n cho s\u1ee9c kh\u1ecfe l\u00e2u d\u00e0i.<\/p>\n<p data-path-to-node=\"19,3,0\"><b>\u2013\u00a0T\u00cdNH CH\u1eccN L\u1eccC (\u041e\u0422\u0411\u041e\u0420\u041d\u042b\u0415):<\/b>\u00a0Ch\u1ec9 nh\u1eefng qu\u1ea3 m\u01a1 \u0111\u1ea1t k\u00edch th\u01b0\u1edbc l\u1edbn, th\u1ecbt d\u00e0y, c\u00f3 \u0111\u1ed9 d\u1ebbo dai cao nh\u1ea5t m\u1edbi \u0111\u01b0\u1ee3c l\u1ef1a ch\u1ecdn \u0111\u1ec3 \u0111\u01b0a v\u00e0o quy tr\u00ecnh \u0111\u00f3ng g\u00f3i, mang l\u1ea1i ch\u1ea5t l\u01b0\u1ee3ng \u0111\u1ed3ng \u0111\u1ec1u v\u00e0 t\u1ed1i \u01b0u nh\u1ea5t trong t\u1eebng g\u00f3i s\u1ea3n ph\u1ea9m.<\/p>\n<p data-path-to-node=\"19,3,0\"><img decoding=\"async\" class=\"aligncenter  wp-image-43519\" src=\"https:\/\/havamall.com\/wp-content\/uploads\/2025\/11\/o1Uy18sKM8zrdzvZqNS7Q-scaled.jpg\" alt=\"\" width=\"801\" height=\"522\" srcset=\"https:\/\/havamall.com\/wp-content\/uploads\/2025\/11\/o1Uy18sKM8zrdzvZqNS7Q-scaled.jpg 2560w, https:\/\/havamall.com\/wp-content\/uploads\/2025\/11\/o1Uy18sKM8zrdzvZqNS7Q-2048x1334.jpg 2048w, https:\/\/havamall.com\/wp-content\/uploads\/2025\/11\/o1Uy18sKM8zrdzvZqNS7Q-18x12.jpg 18w, https:\/\/havamall.com\/wp-content\/uploads\/2025\/11\/o1Uy18sKM8zrdzvZqNS7Q-600x391.jpg 600w, https:\/\/havamall.com\/wp-content\/uploads\/2025\/11\/o1Uy18sKM8zrdzvZqNS7Q-1200x781.jpg 1200w, https:\/\/havamall.com\/wp-content\/uploads\/2025\/11\/o1Uy18sKM8zrdzvZqNS7Q-150x98.jpg 150w\" sizes=\"(max-width: 801px) 100vw, 801px\" \/><\/p>\n<blockquote>\n<p data-path-to-node=\"20\"><span style=\"font-size: 14pt\"><em><b>C\u00d4NG D\u1ee4NG V\u01af\u1ee2T TR\u1ed8I CHO M\u1eaeT V\u00c0 TIM M\u1ea0CH<\/b><\/em><\/span><\/p>\n<\/blockquote>\n<p data-path-to-node=\"22,0,0\"><b>\u2013\u00a0T\u0102NG C\u01af\u1edcNG TH\u1eca L\u1ef0C V\u00c0 S\u1ee8C KH\u1eceE DA:<\/b>\u00a0M\u01a1 kh\u00f4 l\u00e0 m\u1ed9t trong nh\u1eefng ngu\u1ed3n Beta-carotene (ti\u1ec1n ch\u1ea5t Vitamin A) d\u1ed3i d\u00e0o nh\u1ea5t. Vitamin A \u0111\u00f3ng vai tr\u00f2 thi\u1ebft y\u1ebfu trong vi\u1ec7c duy tr\u00ec th\u1ecb l\u1ef1c kh\u1ecfe m\u1ea1nh, b\u1ea3o v\u1ec7 m\u1eaft kh\u1ecfi c\u00e1c b\u1ec7nh l\u00fd li\u00ean quan \u0111\u1ebfn tu\u1ed5i t\u00e1c, v\u00e0 th\u00fac \u0111\u1ea9y s\u1ef1 ph\u00e1t tri\u1ec3n c\u1ee7a t\u1ebf b\u00e0o da, mang l\u1ea1i l\u00e0n da s\u00e1ng kh\u1ecfe, m\u1ecbn m\u00e0ng.<\/p>\n<p data-path-to-node=\"22,1,0\"><b>\u2013\u00a0B\u1ea2O V\u1ec6 TIM M\u1ea0CH V\u00c0 KI\u1ec2M SO\u00c1T HUY\u1ebeT \u00c1P:<\/b>\u00a0H\u00e0m l\u01b0\u1ee3ng Kali trong m\u01a1 kh\u00f4 r\u1ea5t cao, v\u01b0\u1ee3t tr\u1ed9i h\u01a1n c\u1ea3 chu\u1ed1i. Kali l\u00e0 m\u1ed9t kho\u00e1ng ch\u1ea5t quan tr\u1ecdng gi\u00fap c\u00e2n b\u1eb1ng \u0111i\u1ec7n gi\u1ea3i, \u0111i\u1ec1u ch\u1ec9nh nh\u1ecbp tim v\u00e0 h\u1ed7 tr\u1ee3 gi\u1ea3m t\u00e1c \u0111\u1ed9ng c\u1ee7a Natri l\u00ean huy\u1ebft \u00e1p, t\u1eeb \u0111\u00f3 gi\u1ea3m nguy c\u01a1 m\u1eafc b\u1ec7nh tim m\u1ea1ch v\u00e0 \u0111\u1ed9t qu\u1ef5.<\/p>\n<p data-path-to-node=\"22,2,0\"><b>\u2013\u00a0NGU\u1ed2N S\u1eaeT T\u1ef0 NHI\u00caN CH\u1ed0NG THI\u1ebeU M\u00c1U:<\/b>\u00a0M\u01a1 kh\u00f4, \u0111\u1eb7c bi\u1ec7t l\u00e0 lo\u1ea1i Kuraga, \u0111\u01b0\u1ee3c xem l\u00e0 ngu\u1ed3n cung c\u1ea5p S\u1eaft tuy\u1ec7t v\u1eddi. S\u1eaft \u0111\u00f3ng vai tr\u00f2 trung t\u00e2m trong vi\u1ec7c h\u00ecnh th\u00e0nh hemoglobin, ch\u1ea5t v\u1eadn chuy\u1ec3n oxy trong m\u00e1u. Ti\u00eau th\u1ee5 m\u01a1 kh\u00f4 th\u01b0\u1eddng xuy\u00ean l\u00e0 c\u00e1ch t\u1ef1 nhi\u00ean v\u00e0 ngon mi\u1ec7ng \u0111\u1ec3 b\u1ed5 sung S\u1eaft, h\u1ed7 tr\u1ee3 ph\u00f2ng ng\u1eeba thi\u1ebfu m\u00e1u, \u0111\u1eb7c bi\u1ec7t h\u1eefu \u00edch cho ph\u1ee5 n\u1eef v\u00e0 ng\u01b0\u1eddi \u0103n chay.<\/p>\n<p data-path-to-node=\"22,3,0\"><b>\u2013\u00a0H\u1ed6 TR\u1ee2 TI\u00caU H\u00d3A V\u00c0 H\u1ea4P TH\u1ee4:<\/b>\u00a0Ch\u1ea5t x\u01a1 h\u00f2a tan v\u00e0 kh\u00f4ng h\u00f2a tan trong m\u01a1 kh\u00f4 gi\u00fap duy tr\u00ec ho\u1ea1t \u0111\u1ed9ng \u0111\u01b0\u1eddng ru\u1ed9t \u1ed5n \u0111\u1ecbnh, ng\u0103n ng\u1eeba t\u00e1o b\u00f3n. Ch\u1ea5t x\u01a1 c\u0169ng gi\u00fap l\u00e0m ch\u1eadm qu\u00e1 tr\u00ecnh h\u1ea5p th\u1ee5 \u0111\u01b0\u1eddng, gi\u00fap \u1ed5n \u0111\u1ecbnh \u0111\u01b0\u1eddng huy\u1ebft, h\u1ed7 tr\u1ee3 s\u1ee9c kh\u1ecfe t\u1ed5ng th\u1ec3.<\/p>\n<p><img loading=\"lazy\" decoding=\"async\" class=\"wp-image-43520\" src=\"https:\/\/havamall.com\/wp-content\/uploads\/2025\/11\/Ab_food_04.jpg\" alt=\"\" width=\"800\" height=\"600\" srcset=\"https:\/\/havamall.com\/wp-content\/uploads\/2025\/11\/Ab_food_04.jpg 2048w, https:\/\/havamall.com\/wp-content\/uploads\/2025\/11\/Ab_food_04-16x12.jpg 16w, https:\/\/havamall.com\/wp-content\/uploads\/2025\/11\/Ab_food_04-600x450.jpg 600w, https:\/\/havamall.com\/wp-content\/uploads\/2025\/11\/Ab_food_04-1200x900.jpg 1200w, https:\/\/havamall.com\/wp-content\/uploads\/2025\/11\/Ab_food_04-150x113.jpg 150w\" sizes=\"(max-width: 800px) 100vw, 800px\" \/><\/p>\n<blockquote>\n<p data-path-to-node=\"23\"><span style=\"font-size: 14pt\"><em><b>C\u00c1CH TH\u01af\u1edeNG TH\u1ee8C V\u00c0 CH\u1ebe BI\u1ebeN \u0110A D\u1ea0NG TRONG \u1ea8M TH\u1ef0C<\/b><\/em><\/span><\/p>\n<\/blockquote>\n<p data-path-to-node=\"25\">\u2013\u00a0<b>\u0102N V\u1eb6T V\u00c0 TR\u00c1NG MI\u1ec6NG:<\/b>\u00a0\u0102n tr\u1ef1c ti\u1ebfp nh\u01b0 m\u1ed9t m\u00f3n \u0103n nh\u1eb9 dinh d\u01b0\u1ee1ng, l\u00e0 gi\u1ea3i ph\u00e1p thay th\u1ebf tuy\u1ec7t v\u1eddi cho k\u1eb9o ho\u1eb7c b\u00e1nh ng\u1ecdt.<\/p>\n<p data-path-to-node=\"26\">\u2013\u00a0<b>L\u00c0M COMPOTE (M\u00d3N N\u01af\u1edaC U\u1ed0NG TRUY\u1ec0N TH\u1ed0NG NGA):<\/b>\u00a0M\u01a1 kh\u00f4 l\u00e0 th\u00e0nh ph\u1ea7n ch\u00ednh trong Compote \u2013 m\u1ed9t lo\u1ea1i n\u01b0\u1edbc tr\u00e1i c\u00e2y truy\u1ec1n th\u1ed1ng c\u1ee7a Nga v\u00e0 \u0110\u00f4ng \u00c2u. M\u01a1 kh\u00f4 \u0111\u01b0\u1ee3c \u0111un s\u00f4i nh\u1eb9 c\u00f9ng n\u01b0\u1edbc v\u00e0 \u0111\u01b0\u1eddng (t\u00f9y ch\u1ecdn) \u0111\u1ec3 t\u1ea1o ra th\u1ee9c u\u1ed1ng gi\u1ea3i kh\u00e1t, b\u1ed5 d\u01b0\u1ee1ng.<\/p>\n<p data-path-to-node=\"27\">\u2013\u00a0<b>NGUY\u00caN LI\u1ec6U L\u00c0M B\u00c1NH V\u00c0 S\u1eeeA CHUA:<\/b>\u00a0M\u01a1 kh\u00f4 c\u00f3 th\u1ec3 \u0111\u01b0\u1ee3c c\u1eaft nh\u1ecf \u0111\u1ec3 tr\u1ed9n v\u00e0o b\u1ed9t l\u00e0m b\u00e1nh Muffin, b\u00e1nh quy, ho\u1eb7c r\u1eafc l\u00ean s\u1eefa chua, ng\u0169 c\u1ed1c \u0111\u1ec3 t\u0103ng th\u00eam h\u01b0\u01a1ng v\u1ecb ng\u1ecdt t\u1ef1 nhi\u00ean v\u00e0 \u0111\u1ed9 d\u1ebbo dai.<\/p>\n<p data-path-to-node=\"28\">\u2013\u00a0<b>M\u00d3N H\u1ea6M V\u00c0 GIA V\u1eca:<\/b>\u00a0T\u01b0\u01a1ng t\u1ef1 nh\u01b0 m\u1eadn kh\u00f4, m\u01a1 kh\u00f4 l\u00e0 m\u1ed9t gia v\u1ecb tuy\u1ec7t v\u1eddi \u0111\u1ec3 th\u00eam v\u00e0o c\u00e1c m\u00f3n h\u1ea7m th\u1ecbt, Tagine (m\u00f3n h\u1ea7m B\u1eafc Phi) ho\u1eb7c c\u01a1m th\u1eadp c\u1ea9m, t\u1ea1o n\u00ean s\u1ef1 c\u00e2n b\u1eb1ng h\u01b0\u01a1ng v\u1ecb chua ng\u1ecdt, l\u00e0m m\u00f3n \u0103n th\u00eam phong ph\u00fa v\u00e0 h\u1ea5p d\u1eabn.<\/p>\n<\/div>\n<div class=\"table-footer hide-from-message-actions ng-star-inserted\"><img loading=\"lazy\" decoding=\"async\" class=\"aligncenter\" src=\"https:\/\/havamall.com\/wp-content\/uploads\/2025\/11\/8ea752ab764fbb11e25e.jpg\" alt=\"L\u00e0m k\u1eb9o nougat 4 v\u1ecb \u0103n T\u1ebft - Lifestyle\" width=\"802\" height=\"451\" \/><\/div>\n<\/div>","protected":false},"excerpt":{"rendered":"<p>TH\u00d4NG TIN S\u1ea2N PH\u1ea8M Th\u01b0\u01a1ng Hi\u1ec7u Dary Prirody (\u0414\u0430\u0440\u044b \u043f\u0440\u0438\u0440\u043e\u0434\u044b \u2013 Qu\u00e0 T\u1eb7ng C\u1ee7a T\u1ef1 Nhi\u00ean) Xu\u1ea5t X\u1ee9 Li\u00ean Bang<\/p>","protected":false},"featured_media":43521,"comment_status":"open","ping_status":"closed","template":"","meta":[],"product_brand":[],"product_cat":[133,729],"product_tag":[],"class_list":{"0":"post-43515","1":"product","2":"type-product","3":"status-publish","4":"has-post-thumbnail","6":"product_cat-banh-keo-chocolate","7":"product_cat-nhap-khau-nga","9":"first","10":"instock","11":"sale","12":"shipping-taxable","13":"purchasable","14":"product-type-simple"},"_links":{"self":[{"href":"https:\/\/havamall.com\/en\/wp-json\/wp\/v2\/product\/43515","targetHints":{"allow":["GET"]}}],"collection":[{"href":"https:\/\/havamall.com\/en\/wp-json\/wp\/v2\/product"}],"about":[{"href":"https:\/\/havamall.com\/en\/wp-json\/wp\/v2\/types\/product"}],"replies":[{"embeddable":true,"href":"https:\/\/havamall.com\/en\/wp-json\/wp\/v2\/comments?post=43515"}],"version-history":[{"count":0,"href":"https:\/\/havamall.com\/en\/wp-json\/wp\/v2\/product\/43515\/revisions"}],"wp:featuredmedia":[{"embeddable":true,"href":"https:\/\/havamall.com\/en\/wp-json\/wp\/v2\/media\/43521"}],"wp:attachment":[{"href":"https:\/\/havamall.com\/en\/wp-json\/wp\/v2\/media?parent=43515"}],"wp:term":[{"taxonomy":"product_brand","embeddable":true,"href":"https:\/\/havamall.com\/en\/wp-json\/wp\/v2\/product_brand?post=43515"},{"taxonomy":"product_cat","embeddable":true,"href":"https:\/\/havamall.com\/en\/wp-json\/wp\/v2\/product_cat?post=43515"},{"taxonomy":"product_tag","embeddable":true,"href":"https:\/\/havamall.com\/en\/wp-json\/wp\/v2\/product_tag?post=43515"}],"curies":[{"name":"wp","href":"https:\/\/api.w.org\/{rel}","templated":true}]}}