{"id":43526,"date":"2025-11-27T15:13:22","date_gmt":"2025-11-27T08:13:22","guid":{"rendered":"https:\/\/havamall.com\/?post_type=product&#038;p=43526"},"modified":"2026-02-05T10:22:32","modified_gmt":"2026-02-05T03:22:32","slug":"canh-ngong-hun-khoi-nguyen-cap-nhap-khau-nga-krasnobor-600g-smoked-goose-wings-lightly-smoked-pair","status":"publish","type":"product","link":"https:\/\/havamall.com\/en\/shop\/canh-ngong-hun-khoi-nguyen-cap-nhap-khau-nga-krasnobor-600g-smoked-goose-wings-lightly-smoked-pair\/","title":{"rendered":"C\u00e1nh Ng\u1ed7ng Hun Kh\u00f3i Nguy\u00ean C\u1eb7p Nh\u1eadp Kh\u1ea9u Nga Krasnobor 600g \u2013 Smoked Goose Wings Lightly Smoked Pair"},"content":{"rendered":"<blockquote>\n<h3><em>TH\u00d4NG TIN S\u1ea2N PH\u1ea8M<\/em><\/h3>\n<\/blockquote>\n<table style=\"width: 74.3308%\" data-path-to-node=\"11\">\n<tbody>\n<tr>\n<td style=\"width: 14.243%\" data-path-to-node=\"11,1,0,0\"><b>Th\u01b0\u01a1ng Hi\u1ec7u<\/b><\/td>\n<td style=\"width: 84.9602%\" data-path-to-node=\"11,1,1,0\">Krasnobor (\u041a\u0440\u0430\u0441\u043d\u043e\u0431\u043e\u0440)<\/td>\n<\/tr>\n<tr>\n<td style=\"width: 14.243%\" data-path-to-node=\"11,2,0,0\"><b>Xu\u1ea5t X\u1ee9<\/b><\/td>\n<td style=\"width: 84.9602%\" data-path-to-node=\"11,2,1,0\">Li\u00ean Bang Nga<\/td>\n<\/tr>\n<tr>\n<td style=\"width: 14.243%\" data-path-to-node=\"11,3,0,0\"><b>Th\u00e0nh Ph\u1ea7n<\/b><\/td>\n<td style=\"width: 84.9602%\" data-path-to-node=\"11,3,1,0\">C\u00e1nh Gia C\u1ea7m L\u1edbn (Th\u1ecbt G\u00e0 T\u00e2y), N\u01b0\u1edbc, Mu\u1ed1i, Gia v\u1ecb, Ch\u1ea5t \u1ed5n \u0111\u1ecbnh, Ch\u1ea5t ch\u1ed1ng oxy h\u00f3a, Ch\u1ea5t b\u1ea3o qu\u1ea3n, Kh\u00f3i t\u1ef1 nhi\u00ean.<\/td>\n<\/tr>\n<tr>\n<td style=\"width: 14.243%\" data-path-to-node=\"11,4,0,0\"><b>H\u1ea1n S\u1eed D\u1ee5ng<\/b><\/td>\n<td style=\"width: 84.9602%\" data-path-to-node=\"11,4,1,0\">30 &#8211; 45 ng\u00e0y (Chi ti\u1ebft theo NSX\/HSD in tr\u00ean bao b\u00ec)<\/td>\n<\/tr>\n<tr>\n<td style=\"width: 14.243%\" data-path-to-node=\"11,5,0,0\"><b>B\u1ea3o Qu\u1ea3n<\/b><\/td>\n<td style=\"width: 84.9602%\" data-path-to-node=\"11,5,1,0\">B\u1ea3o qu\u1ea3n nhi\u1ec7t \u0111\u1ed9 t\u1eeb\u00a0<span class=\"math-inline\" data-math=\"0^\\circ\\text{C}\"><span class=\"katex\"><span class=\"katex-html\" aria-hidden=\"true\"><span class=\"base\"><span class=\"mord\">0<span class=\"msupsub\"><span class=\"vlist-t\"><span class=\"vlist-r\"><span class=\"vlist\"><span class=\"\"><span class=\"sizing reset-size6 size3 mtight\"><span class=\"mbin mtight\">\u2218<\/span><\/span><\/span><\/span><\/span><\/span><\/span><\/span><span class=\"mord text\"><span class=\"mord\">C<\/span><\/span><\/span><\/span><\/span><\/span>\u00a0\u0111\u1ebfn\u00a0<span class=\"math-inline\" data-math=\"4^\\circ\\text{C}\"><span class=\"katex\"><span class=\"katex-html\" aria-hidden=\"true\"><span class=\"base\"><span class=\"mord\">4<span class=\"msupsub\"><span class=\"vlist-t\"><span class=\"vlist-r\"><span class=\"vlist\"><span class=\"\"><span class=\"sizing reset-size6 size3 mtight\"><span class=\"mbin mtight\">\u2218<\/span><\/span><\/span><\/span><\/span><\/span><\/span><\/span><span class=\"mord text\"><span class=\"mord\">C<\/span><\/span><\/span><\/span><\/span><\/span>.<\/td>\n<\/tr>\n<tr>\n<td style=\"width: 14.243%\" data-path-to-node=\"11,6,0,0\"><b>Kh\u1ed1i L\u01b0\u1ee3ng T\u1ecbnh<\/b><\/td>\n<td style=\"width: 84.9602%\" data-path-to-node=\"10,6,1,0\">Kho\u1ea3ng 590g &#8211; 620g (Trung b\u00ecnh 600g\/c\u1eb7p)<\/td>\n<\/tr>\n<\/tbody>\n<\/table>\n<p data-path-to-node=\"4\">Trong truy\u1ec1n th\u1ed1ng \u1ea9m th\u1ef1c Nga v\u00e0 c\u00e1c qu\u1ed1c gia \u0110\u00f4ng \u00c2u, vi\u1ec7c ch\u1ebf bi\u1ebfn th\u1ecbt ng\u1ed7ng v\u00e0 c\u00e1c lo\u1ea1i gia c\u1ea7m l\u1edbn lu\u00f4n mang \u00fd ngh\u0129a \u0111\u1eb7c bi\u1ec7t, g\u1eafn li\u1ec1n v\u1edbi c\u00e1c l\u1ec5 h\u1ed9i l\u1edbn nh\u01b0 Gi\u00e1ng Sinh, N\u0103m M\u1edbi v\u00e0 c\u00e1c bu\u1ed5i chi\u00eau \u0111\u00e3i quan tr\u1ecdng. Ng\u1ed7ng quay, \u0111\u00f9i ng\u1ed7ng h\u1ea7m r\u01b0\u1ee3u vang hay c\u00e1c m\u00f3n th\u1ecbt gia c\u1ea7m l\u1edbn hun kh\u00f3i lu\u00f4n l\u00e0 bi\u1ec3u t\u01b0\u1ee3ng c\u1ee7a s\u1ef1 sung t\u00fac, \u1ea5m c\u00fang v\u00e0 l\u00f2ng hi\u1ebfu kh\u00e1ch. Ph\u01b0\u01a1ng ph\u00e1p hun kh\u00f3i th\u1ecbt ra \u0111\u1eddi t\u1eeb r\u1ea5t s\u1edbm, kh\u00f4ng ch\u1ec9 nh\u1eb1m m\u1ee5c \u0111\u00edch b\u1ea3o qu\u1ea3n th\u1ecbt trong su\u1ed1t m\u00f9a \u0111\u00f4ng l\u1ea1nh gi\u00e1 m\u00e0 c\u00f2n \u0111\u1ec3 t\u1ea1o ra h\u01b0\u01a1ng v\u1ecb \u0111\u1eadm \u0111\u00e0, \u0111\u1eb7c tr\u01b0ng m\u00e0 c\u00e1c ph\u01b0\u01a1ng ph\u00e1p ch\u1ebf bi\u1ebfn kh\u00e1c kh\u00f4ng th\u1ec3 c\u00f3 \u0111\u01b0\u1ee3c.<\/p>\n<p data-path-to-node=\"4\"><img fetchpriority=\"high\" decoding=\"async\" class=\"aligncenter\" src=\"https:\/\/havamall.com\/wp-content\/uploads\/2025\/11\/goose-4-1.jpg\" alt=\"Smoked Goose - Melissa Cookston\" width=\"801\" height=\"801\" \/><\/p>\n<p data-path-to-node=\"5\">Th\u01b0\u01a1ng hi\u1ec7u\u00a0<b>Krasnobor<\/b> \u0111\u00e3 k\u1ebf th\u1eeba v\u00e0 ph\u00e1t huy tinh hoa c\u1ee7a ngh\u1ec7 thu\u1eadt ch\u1ebf bi\u1ebfn th\u1ecbt truy\u1ec1n th\u1ed1ng n\u00e0y. M\u00f3n C\u00e1nh Ng\u1ed7ng Hun Kh\u00f3i (d\u00f9 \u0111\u01b0\u1ee3c ch\u1ebf bi\u1ebfn t\u1eeb lo\u1ea1i th\u1ecbt gia c\u1ea7m l\u1edbn ch\u1ea5t l\u01b0\u1ee3ng cao nh\u1ea5t c\u1ee7a Nga, n\u1ed5i ti\u1ebfng l\u00e0 gi\u00e0u Protein v\u00e0 \u00edt b\u00e9o) kh\u00f4ng ch\u1ec9 l\u00e0 m\u1ed9t s\u1ea3n ph\u1ea9m th\u1ef1c ph\u1ea9m m\u00e0 c\u00f2n l\u00e0 s\u1ef1 t\u00e1i hi\u1ec7n c\u1ee7a m\u00f3n \u0103n truy\u1ec1n th\u1ed1ng \u0111\u01b0\u1ee3c y\u00eau th\u00edch. Krasnobor \u0111\u00e3 mang c\u00f4ng th\u1ee9c t\u1ea9m \u01b0\u1edbp gia v\u1ecb t\u1ef1 nhi\u00ean c\u1ee7a t\u1ed5 ti\u00ean k\u1ebft h\u1ee3p v\u1edbi c\u00f4ng ngh\u1ec7 hun kh\u00f3i hi\u1ec7n \u0111\u1ea1i, n\u01a1i m\u00e0 kh\u00f3i g\u1ed7 t\u1ef1 nhi\u00ean \u0111\u01b0\u1ee3c ki\u1ec3m so\u00e1t nhi\u1ec7t \u0111\u1ed9 v\u00e0 th\u1eddi gian m\u1ed9t c\u00e1ch tinh t\u1ebf.<\/p>\n<p data-path-to-node=\"5\"><img decoding=\"async\" class=\"aligncenter wp-image-43529\" src=\"https:\/\/havamall.com\/wp-content\/uploads\/2025\/11\/484368512_983880717224967_7507197126204995003_n.jpg\" alt=\"\" width=\"800\" height=\"1066\" srcset=\"https:\/\/havamall.com\/wp-content\/uploads\/2025\/11\/484368512_983880717224967_7507197126204995003_n.jpg 1536w, https:\/\/havamall.com\/wp-content\/uploads\/2025\/11\/484368512_983880717224967_7507197126204995003_n-9x12.jpg 9w, https:\/\/havamall.com\/wp-content\/uploads\/2025\/11\/484368512_983880717224967_7507197126204995003_n-600x800.jpg 600w, https:\/\/havamall.com\/wp-content\/uploads\/2025\/11\/484368512_983880717224967_7507197126204995003_n-1200x1600.jpg 1200w, https:\/\/havamall.com\/wp-content\/uploads\/2025\/11\/484368512_983880717224967_7507197126204995003_n-150x200.jpg 150w\" sizes=\"(max-width: 800px) 100vw, 800px\" \/><\/p>\n<blockquote>\n<p data-path-to-node=\"5\"><span style=\"font-size: 14pt\"><em><b>\u0110\u1eb6C \u0110I\u1ec2M V\u00c0 B\u00cd QUY\u1ebeT HUN KH\u00d3I<\/b><\/em><\/span><\/p>\n<\/blockquote>\n<p data-path-to-node=\"8,0,0\"><b>\u2013\u00a0NGUY\u00caN LI\u1ec6U \u0110\u01af\u1ee2C CH\u1eccN L\u1eccC K\u1ef8 L\u01af\u1ee0NG:<\/b>\u00a0Krasnobor ch\u1ecdn l\u1ef1a nh\u1eefng ph\u1ea7n c\u00e1nh l\u1edbn, c\u00f3 th\u1ecbt d\u00e0y, \u0111\u01b0\u1ee3c cung c\u1ea5p t\u1eeb \u0111\u00e0n gia c\u1ea7m nu\u00f4i t\u1ea1i v\u00f9ng Tula trong l\u00e0nh c\u1ee7a Nga. Lo\u1ea1i th\u1ecbt n\u00e0y n\u1ed5i ti\u1ebfng l\u00e0 c\u00f3 k\u1ebft c\u1ea5u ch\u1eafc, gi\u00e0u Protein v\u00e0 h\u00e0m l\u01b0\u1ee3ng ch\u1ea5t b\u00e9o b\u00e3o h\u00f2a th\u1ea5p h\u01a1n \u0111\u00e1ng k\u1ec3 so v\u1edbi th\u1ecbt heo hay c\u00e1c lo\u1ea1i th\u1ecbt \u0111\u1ecf kh\u00e1c.<\/p>\n<p data-path-to-node=\"8,1,0\"><b>\u2013\u00a0QUY TR\u00ccNH HUN KH\u00d3I C\u00d4NG PHU:<\/b>\u00a0S\u1ea3n ph\u1ea9m s\u1eed d\u1ee5ng ph\u01b0\u01a1ng ph\u00e1p\u00a0<b>hun kh\u00f3i nh\u1eb9 nh\u00e0ng<\/b>\u00a0(<i>\u041f\u043e\u0434\u043a\u0430\u043f\u0447\u0435\u043d\u043d\u044b\u0435<\/i>) truy\u1ec1n th\u1ed1ng. Th\u1ecbt \u0111\u01b0\u1ee3c t\u1ea9m \u01b0\u1edbp v\u1edbi mu\u1ed1i v\u00e0 gia v\u1ecb t\u1ef1 nhi\u00ean, sau \u0111\u00f3 \u0111\u01b0a v\u00e0o bu\u1ed3ng hun kh\u00f3i s\u1eed d\u1ee5ng kh\u00f3i t\u1eeb g\u1ed7 s\u1ed3i ho\u1eb7c g\u1ed7 t\u1ea7n b\u00ec, t\u1ea1o ra m\u00e0u v\u00e0ng n\u00e2u \u00f3ng \u1ea3 v\u00e0 m\u00f9i th\u01a1m quy\u1ebfn r\u0169 \u0111\u1eb7c tr\u01b0ng. Qu\u00e1 tr\u00ecnh n\u00e0y kh\u00f4ng ch\u1ec9 l\u00e0 ch\u1ebf bi\u1ebfn m\u00e0 c\u00f2n l\u00e0 m\u1ed9t ngh\u1ec7 thu\u1eadt, gi\u00fap th\u1ecbt ch\u00edn m\u1ec1m t\u1eeb b\u00ean trong nh\u01b0ng v\u1eabn gi\u1eef \u0111\u01b0\u1ee3c \u0111\u1ed9 \u1ea9m t\u1ef1 nhi\u00ean, tr\u00e1nh t\u00ecnh tr\u1ea1ng kh\u00f4 c\u1ee9ng.<\/p>\n<p data-path-to-node=\"8,2,0\"><b>\u2013\u00a0CAM K\u1ebeT CH\u1ea4T L\u01af\u1ee2NG V\u00c0 AN TO\u00c0N:<\/b>\u00a0Krasnobor cam k\u1ebft quy tr\u00ecnh s\u1ea3n xu\u1ea5t kh\u00e9p k\u00edn, kh\u00f4ng s\u1eed d\u1ee5ng hormone t\u0103ng tr\u01b0\u1edfng v\u00e0 tu\u00e2n th\u1ee7 c\u00e1c ti\u00eau chu\u1ea9n v\u1ec7 sinh an to\u00e0n th\u1ef1c ph\u1ea9m cao nh\u1ea5t c\u1ee7a Nga, mang l\u1ea1i s\u1ef1 an t\u00e2m tuy\u1ec7t \u0111\u1ed1i cho ng\u01b0\u1eddi ti\u00eau d\u00f9ng.<\/p>\n<p data-path-to-node=\"8,3,0\"><b>\u2013\u00a0TI\u1ec6N L\u1ee2I \u0110\u00c1P \u1ee8NG NHU C\u1ea6U HI\u1ec6N \u0110\u1ea0I:<\/b>\u00a0S\u1ea3n ph\u1ea9m \u0111\u01b0\u1ee3c ch\u1ebf bi\u1ebfn s\u1eb5n v\u00e0 \u0111\u00f3ng g\u00f3i h\u00fat ch\u00e2n kh\u00f4ng nguy\u00ean c\u1eb7p (kho\u1ea3ng 600g), ph\u00f9 h\u1ee3p v\u1edbi nh\u1ecbp s\u1ed1ng b\u1eadn r\u1ed9n. Qu\u00fd kh\u00e1ch c\u00f3 th\u1ec3 th\u01b0\u1edfng th\u1ee9c ngay l\u1eadp t\u1ee9c, l\u00e0m m\u00f3n \u0103n nh\u1eb9 ho\u1eb7c nhanh ch\u00f3ng t\u1ea1o ra m\u1ed9t b\u1eefa ti\u1ec7c nh\u1ecf mang phong c\u00e1ch \u1ea9m th\u1ef1c Nga t\u1ea1i nh\u00e0.<\/p>\n<p><img decoding=\"async\" class=\"aligncenter wp-image-43530\" src=\"https:\/\/havamall.com\/wp-content\/uploads\/2025\/11\/566267147_1238550791626250_6907930494334899493_n.webp\" alt=\"\" width=\"800\" height=\"1067\" srcset=\"https:\/\/havamall.com\/wp-content\/uploads\/2025\/11\/566267147_1238550791626250_6907930494334899493_n.webp 960w, https:\/\/havamall.com\/wp-content\/uploads\/2025\/11\/566267147_1238550791626250_6907930494334899493_n-9x12.webp 9w, https:\/\/havamall.com\/wp-content\/uploads\/2025\/11\/566267147_1238550791626250_6907930494334899493_n-600x800.webp 600w, https:\/\/havamall.com\/wp-content\/uploads\/2025\/11\/566267147_1238550791626250_6907930494334899493_n-150x200.webp 150w\" sizes=\"(max-width: 800px) 100vw, 800px\" \/><\/p>\n<blockquote><p><span style=\"font-size: 14pt\"><em><b>GI\u00c1 TR\u1eca DINH D\u01af\u1ee0NG V\u00c0 L\u1ee2I \u00cdCH S\u1ee8C KH\u1eceE<\/b><\/em><\/span><\/p><\/blockquote>\n<p data-path-to-node=\"11,0,0\"><b>\u2013\u00a0NGU\u1ed2N PROTEIN TINH KHI\u1ebeT H\u00c0NG \u0110\u1ea6U:<\/b>\u00a0Th\u1ecbt gia c\u1ea7m l\u1edbn (thay th\u1ebf cho th\u1ecbt ng\u1ed7ng\/v\u1ecbt th\u00f4ng th\u01b0\u1eddng) l\u00e0 ngu\u1ed3n Protein d\u1ed3i d\u00e0o, c\u1ea7n thi\u1ebft cho s\u1ef1 ph\u00e1t tri\u1ec3n v\u00e0 ph\u1ee5c h\u1ed3i c\u01a1 b\u1eafp, l\u00fd t\u01b0\u1edfng cho nh\u1eefng ng\u01b0\u1eddi \u0111ang t\u00ecm ki\u1ebfm ngu\u1ed3n \u0111\u1ea1m ch\u1ea5t l\u01b0\u1ee3ng cao, \u00edt m\u1ee1.<\/p>\n<p data-path-to-node=\"11,1,0\"><b>\u2013\u00a0H\u00c0M L\u01af\u1ee2NG KHO\u00c1NG CH\u1ea4T V\u00c0 VITAMIN CAO:<\/b>\u00a0S\u1ea3n ph\u1ea9m gi\u00e0u c\u00e1c Vitamin nh\u00f3m B (\u0111\u1eb7c bi\u1ec7t l\u00e0 B3\/Niacin), h\u1ed7 tr\u1ee3 qu\u00e1 tr\u00ecnh trao \u0111\u1ed5i ch\u1ea5t v\u00e0 chuy\u1ec3n h\u00f3a n\u0103ng l\u01b0\u1ee3ng. C\u00e1c kho\u00e1ng ch\u1ea5t nh\u01b0 Selen v\u00e0 K\u1ebdm c\u0169ng \u0111\u01b0\u1ee3c cung c\u1ea5p, gi\u00fap t\u0103ng c\u01b0\u1eddng h\u1ec7 th\u1ed1ng mi\u1ec5n d\u1ecbch v\u00e0 s\u1ee9c kh\u1ecfe tuy\u1ebfn gi\u00e1p.<\/p>\n<p data-path-to-node=\"11,2,0\"><b>\u2013\u00a0H\u1ed6 TR\u1ee2 TINH TH\u1ea6N T\u1eea \u1ea8M TH\u1ef0C TRUY\u1ec0N TH\u1ed0NG:<\/b>\u00a0C\u00e1c m\u00f3n th\u1ecbt hun kh\u00f3i kh\u00f4ng ch\u1ec9 l\u00e0 th\u1ee9c \u0103n m\u00e0 c\u00f2n l\u00e0 y\u1ebfu t\u1ed1 g\u1eafn k\u1ebft trong v\u0103n h\u00f3a \u1ea9m th\u1ef1c. Vi\u1ec7c th\u01b0\u1edfng th\u1ee9c m\u00f3n \u0103n ch\u1ea5t l\u01b0\u1ee3ng cao n\u00e0y trong c\u00e1c bu\u1ed5i sum h\u1ecdp gia \u0111\u00ecnh ho\u1eb7c b\u1ea1n b\u00e8 g\u00f3p ph\u1ea7n c\u1ea3i thi\u1ec7n t\u00e2m tr\u1ea1ng v\u00e0 mang l\u1ea1i c\u1ea3m gi\u00e1c th\u01b0 gi\u00e3n, tho\u1ea3i m\u00e1i.<\/p>\n<p data-path-to-node=\"11,2,0\"><img loading=\"lazy\" decoding=\"async\" class=\"aligncenter wp-image-43531\" src=\"https:\/\/havamall.com\/wp-content\/uploads\/2025\/11\/366705947_682417430572925_1584158191040847549_n.jpg\" alt=\"\" width=\"800\" height=\"801\" srcset=\"https:\/\/havamall.com\/wp-content\/uploads\/2025\/11\/366705947_682417430572925_1584158191040847549_n.jpg 956w, https:\/\/havamall.com\/wp-content\/uploads\/2025\/11\/366705947_682417430572925_1584158191040847549_n-12x12.jpg 12w, https:\/\/havamall.com\/wp-content\/uploads\/2025\/11\/366705947_682417430572925_1584158191040847549_n-600x601.jpg 600w, https:\/\/havamall.com\/wp-content\/uploads\/2025\/11\/366705947_682417430572925_1584158191040847549_n-150x150.jpg 150w\" sizes=\"(max-width: 800px) 100vw, 800px\" \/><\/p>\n<blockquote>\n<p data-path-to-node=\"12\"><span style=\"font-size: 14pt\"><em><b>C\u00c1CH TH\u01af\u1edeNG TH\u1ee8C TRUY\u1ec0N TH\u1ed0NG V\u00c0 HI\u1ec6N \u0110\u1ea0I<\/b><\/em><\/span><\/p>\n<\/blockquote>\n<p data-path-to-node=\"14\">\u2013\u00a0<b>PH\u1ee4C V\u1ee4 L\u1ea0NH (TRUY\u1ec0N TH\u1ed0NG NGA):<\/b>\u00a0Th\u00e1i l\u00e1t m\u1ecfng C\u00e1nh Ng\u1ed7ng Hun Kh\u00f3i v\u00e0 ph\u1ee5c v\u1ee5 l\u1ea1nh. M\u00f3n \u0103n n\u00e0y l\u00e0 s\u1ef1 k\u1ebft h\u1ee3p ho\u00e0n h\u1ea3o v\u1edbi b\u00e1nh m\u00ec \u0111en Borodinsky, d\u01b0a chu\u1ed9t mu\u1ed1i ho\u1eb7c c\u00e0 chua bi, th\u01b0\u1eddng \u0111\u01b0\u1ee3c d\u00f9ng k\u00e8m v\u1edbi r\u01b0\u1ee3u vodka ho\u1eb7c bia l\u1ea1nh.<\/p>\n<p data-path-to-node=\"15\">\u2013\u00a0<b>L\u00c0M N\u00d3NG V\u00c0 \u0102N K\u00c8M V\u1edaI KHOAI T\u00c2Y:<\/b>\u00a0M\u1ed9t c\u00e1ch th\u01b0\u1edfng th\u1ee9c ph\u1ed5 bi\u1ebfn l\u00e0 l\u00e0m n\u00f3ng c\u00e1nh ng\u1ed7ng b\u1eb1ng c\u00e1ch \u00e1p ch\u1ea3o ho\u1eb7c n\u01b0\u1edbng nh\u1eb9 \u0111\u1ec3 l\u1edbp da gi\u00f2n h\u01a1n, \u0103n k\u00e8m v\u1edbi khoai t\u00e2y nghi\u1ec1n b\u00e9o ng\u1eady ho\u1eb7c khoai t\u00e2y chi\u00ean gi\u00f2n.<\/p>\n<p data-path-to-node=\"16\">\u2013\u00a0<b>NGUY\u00caN LI\u1ec6U CHO C\u00c1C M\u00d3N S\u00daP V\u00c0 H\u1ea6M:<\/b>\u00a0X\u01b0\u01a1ng v\u00e0 th\u1ecbt c\u00f2n s\u00f3t l\u1ea1i c\u00f3 th\u1ec3 d\u00f9ng \u0111\u1ec3 h\u1ea7m l\u1ea5y n\u01b0\u1edbc d\u00f9ng cho c\u00e1c m\u00f3n s\u00fap \u0111\u1eadm \u0111\u00e0 h\u01b0\u01a1ng v\u1ecb truy\u1ec1n th\u1ed1ng Nga nh\u01b0 Solyanka (s\u00fap th\u1eadp c\u1ea9m th\u1ecbt chua cay) ho\u1eb7c s\u00fap b\u1eafp c\u1ea3i.<\/p>\n<p data-path-to-node=\"16\"><img loading=\"lazy\" decoding=\"async\" class=\"aligncenter wp-image-43532\" src=\"https:\/\/havamall.com\/wp-content\/uploads\/2025\/11\/448981585_874232714724728_8538772666889207727_n.jpg\" alt=\"\" width=\"800\" height=\"1001\" srcset=\"https:\/\/havamall.com\/wp-content\/uploads\/2025\/11\/448981585_874232714724728_8538772666889207727_n.jpg 767w, https:\/\/havamall.com\/wp-content\/uploads\/2025\/11\/448981585_874232714724728_8538772666889207727_n-10x12.jpg 10w, https:\/\/havamall.com\/wp-content\/uploads\/2025\/11\/448981585_874232714724728_8538772666889207727_n-600x751.jpg 600w, https:\/\/havamall.com\/wp-content\/uploads\/2025\/11\/448981585_874232714724728_8538772666889207727_n-150x188.jpg 150w\" sizes=\"(max-width: 800px) 100vw, 800px\" \/><\/p>\n<p data-path-to-node=\"16\">C\u00e1nh Ng\u1ed7ng Hun Kh\u00f3i Krasnobor hi\u1ec7n \u0111ang \u0111\u01b0\u1ee3c b\u00e1n t\u1ea1i Havamall \u0111\u1ec3 mang m\u00f3n th\u1ecbt hun kh\u00f3i ch\u1ea5t l\u01b0\u1ee3ng, \u0111\u1eadm \u0111\u00e0 truy\u1ec1n th\u1ed1ng Nga v\u00e0o b\u1eefa \u0103n c\u1ee7a gia \u0111\u00ecnh, tr\u1ea3i nghi\u1ec7m s\u1ef1 tinh t\u1ebf v\u00e0 \u0111\u1eb3ng c\u1ea5p c\u1ee7a \u1ea9m th\u1ef1c x\u1ee9 s\u1edf B\u1ea1ch D\u01b0\u01a1ng.<\/p>","protected":false},"excerpt":{"rendered":"<p>TH\u00d4NG TIN S\u1ea2N PH\u1ea8M Th\u01b0\u01a1ng Hi\u1ec7u Krasnobor (\u041a\u0440\u0430\u0441\u043d\u043e\u0431\u043e\u0440) Xu\u1ea5t X\u1ee9 Li\u00ean Bang Nga Th\u00e0nh Ph\u1ea7n C\u00e1nh Gia C\u1ea7m L\u1edbn (Th\u1ecbt<\/p>","protected":false},"featured_media":43528,"comment_status":"open","ping_status":"closed","template":"","meta":[],"product_brand":[],"product_cat":[729,275],"product_tag":[],"class_list":{"0":"post-43526","1":"product","2":"type-product","3":"status-publish","4":"has-post-thumbnail","6":"product_cat-nhap-khau-nga","7":"product_cat-thuc-pham-dong-lanh","9":"first","10":"instock","11":"sale","12":"shipping-taxable","13":"purchasable","14":"product-type-simple"},"_links":{"self":[{"href":"https:\/\/havamall.com\/en\/wp-json\/wp\/v2\/product\/43526","targetHints":{"allow":["GET"]}}],"collection":[{"href":"https:\/\/havamall.com\/en\/wp-json\/wp\/v2\/product"}],"about":[{"href":"https:\/\/havamall.com\/en\/wp-json\/wp\/v2\/types\/product"}],"replies":[{"embeddable":true,"href":"https:\/\/havamall.com\/en\/wp-json\/wp\/v2\/comments?post=43526"}],"version-history":[{"count":0,"href":"https:\/\/havamall.com\/en\/wp-json\/wp\/v2\/product\/43526\/revisions"}],"wp:featuredmedia":[{"embeddable":true,"href":"https:\/\/havamall.com\/en\/wp-json\/wp\/v2\/media\/43528"}],"wp:attachment":[{"href":"https:\/\/havamall.com\/en\/wp-json\/wp\/v2\/media?parent=43526"}],"wp:term":[{"taxonomy":"product_brand","embeddable":true,"href":"https:\/\/havamall.com\/en\/wp-json\/wp\/v2\/product_brand?post=43526"},{"taxonomy":"product_cat","embeddable":true,"href":"https:\/\/havamall.com\/en\/wp-json\/wp\/v2\/product_cat?post=43526"},{"taxonomy":"product_tag","embeddable":true,"href":"https:\/\/havamall.com\/en\/wp-json\/wp\/v2\/product_tag?post=43526"}],"curies":[{"name":"wp","href":"https:\/\/api.w.org\/{rel}","templated":true}]}}