{"id":43549,"date":"2025-11-28T11:58:59","date_gmt":"2025-11-28T04:58:59","guid":{"rendered":"https:\/\/havamall.com\/?post_type=product&#038;p=43549"},"modified":"2025-11-28T12:00:25","modified_gmt":"2025-11-28T05:00:25","slug":"dau-an-hat-cai-tinh-luyen-nhap-khau-nhat-ban-1000g-canola-oil-refined-high-quality","status":"publish","type":"product","link":"https:\/\/havamall.com\/en\/shop\/dau-an-hat-cai-tinh-luyen-nhap-khau-nhat-ban-1000g-canola-oil-refined-high-quality\/","title":{"rendered":"D\u1ea7u \u0102n H\u1ea1t C\u1ea3i Tinh Luy\u1ec7n Nh\u1eadp Kh\u1ea9u Nh\u1eadt B\u1ea3n 1000g \u2013 Canola Oil Refined High Quality"},"content":{"rendered":"<blockquote>\n<h3><em>TH\u00d4NG TIN S\u1ea2N PH\u1ea8M<\/em><\/h3>\n<\/blockquote>\n<div class=\"horizontal-scroll-wrapper\">\n<div class=\"table-block-component\">\n<div class=\"table-block has-export-button\">\n<div class=\"table-content not-end-of-paragraph\" data-hveid=\"0\" data-ved=\"0CAAQ3ecQahgKEwil6tzZ8YmRAxUAAAAAHQAAAAAQtQU\">\n<table style=\"width: 70.455%\" data-path-to-node=\"12\">\n<tbody>\n<tr>\n<td style=\"width: 14.5379%\" data-path-to-node=\"12,1,0,0\"><b>Th\u01b0\u01a1ng Hi\u1ec7u<\/b><\/td>\n<td style=\"width: 84.7352%\" data-path-to-node=\"12,1,1,0\">(D\u00f2ng s\u1ea3n ph\u1ea9m D\u1ea7u \u0102n H\u1ea1t C\u1ea3i Nh\u1eadt B\u1ea3n)<\/td>\n<\/tr>\n<tr>\n<td style=\"width: 14.5379%\" data-path-to-node=\"12,2,0,0\"><b>Xu\u1ea5t X\u1ee9<\/b><\/td>\n<td style=\"width: 84.7352%\" data-path-to-node=\"12,2,1,0\">Nh\u1eadt B\u1ea3n<\/td>\n<\/tr>\n<tr>\n<td style=\"width: 14.5379%\" data-path-to-node=\"12,3,0,0\"><b>Th\u00e0nh Ph\u1ea7n<\/b><\/td>\n<td style=\"width: 84.7352%\" data-path-to-node=\"12,3,1,0\">100% D\u1ea7u H\u1ea1t C\u1ea3i Tinh Luy\u1ec7n (Canola Oil\/Rapeseed Oil)<\/td>\n<\/tr>\n<tr>\n<td style=\"width: 14.5379%\" data-path-to-node=\"12,4,0,0\"><b>H\u1ea1n S\u1eed D\u1ee5ng<\/b><\/td>\n<td style=\"width: 84.7352%\" data-path-to-node=\"12,4,1,0\">Chi ti\u1ebft theo NSX\/HSD in tr\u00ean bao b\u00ec<\/td>\n<\/tr>\n<tr>\n<td style=\"width: 14.5379%\" data-path-to-node=\"12,5,0,0\"><b>B\u1ea3o Qu\u1ea3n<\/b><\/td>\n<td style=\"width: 84.7352%\" data-path-to-node=\"12,5,1,0\">N\u01a1i kh\u00f4 r\u00e1o, tho\u00e1ng m\u00e1t, tr\u00e1nh \u00e1nh n\u1eafng tr\u1ef1c ti\u1ebfp v\u00e0 nhi\u1ec7t \u0111\u1ed9 cao. \u0110\u00f3ng ch\u1eb7t n\u1eafp sau khi s\u1eed d\u1ee5ng \u0111\u1ec3 tr\u00e1nh oxy h\u00f3a.<\/td>\n<\/tr>\n<tr>\n<td style=\"width: 14.5379%\" data-path-to-node=\"12,6,0,0\"><b>Kh\u1ed1i L\u01b0\u1ee3ng T\u1ecbnh<\/b><\/td>\n<td style=\"width: 84.7352%\" data-path-to-node=\"12,6,1,0\">1000g<\/td>\n<\/tr>\n<\/tbody>\n<\/table>\n<p data-path-to-node=\"16\">Nh\u1eadt B\u1ea3n, qu\u1ed1c gia n\u1ed5i ti\u1ebfng v\u1edbi ngh\u1ec7 thu\u1eadt \u1ea9m th\u1ef1c tinh t\u1ebf v\u00e0 \u0111\u1ec1 cao t\u00ednh l\u00e0nh m\u1ea1nh, lu\u00f4n \u0111\u1eb7t ra c\u00e1c ti\u00eau chu\u1ea9n nghi\u00eam ng\u1eb7t cho nguy\u00ean li\u1ec7u ch\u1ebf bi\u1ebfn, \u0111\u1eb7c bi\u1ec7t l\u00e0 d\u1ea7u \u0103n.\u00a0<b>D\u1ea7u H\u1ea1t C\u1ea3i (Canola Oil)<\/b>\u00a0l\u00e0 m\u1ed9t trong nh\u1eefng lo\u1ea1i d\u1ea7u \u0103n \u0111\u01b0\u1ee3c s\u1eed d\u1ee5ng ph\u1ed5 bi\u1ebfn v\u00e0 tin c\u1eady nh\u1ea5t t\u1ea1i Nh\u1eadt B\u1ea3n. N\u1ed5i ti\u1ebfng v\u1edbi h\u01b0\u01a1ng v\u1ecb trung t\u00ednh, \u0111\u1ed9 trong su\u1ed1t cao v\u00e0 \u0111\u1eb7c t\u00ednh ch\u1ecbu nhi\u1ec7t tuy\u1ec7t v\u1eddi, d\u1ea7u h\u1ea1t c\u1ea3i Nh\u1eadt B\u1ea3n \u0111\u01b0\u1ee3c tinh luy\u1ec7n qua quy tr\u00ecnh c\u00f4ng ngh\u1ec7 cao, \u0111\u1ea3m b\u1ea3o lo\u1ea1i b\u1ecf ho\u00e0n to\u00e0n c\u00e1c t\u1ea1p ch\u1ea5t, mang l\u1ea1i \u0111\u1ed9 tinh khi\u1ebft t\u1ed1i \u0111a.<\/p>\n<p data-path-to-node=\"16\"><img fetchpriority=\"high\" decoding=\"async\" class=\"aligncenter wp-image-43552\" src=\"https:\/\/havamall.com\/wp-content\/uploads\/2025\/11\/dau-hat-cai-1-scaled-1.webp\" alt=\"\" width=\"800\" height=\"533\" srcset=\"https:\/\/havamall.com\/wp-content\/uploads\/2025\/11\/dau-hat-cai-1-scaled-1.webp 1600w, https:\/\/havamall.com\/wp-content\/uploads\/2025\/11\/dau-hat-cai-1-scaled-1-18x12.webp 18w, https:\/\/havamall.com\/wp-content\/uploads\/2025\/11\/dau-hat-cai-1-scaled-1-600x400.webp 600w, https:\/\/havamall.com\/wp-content\/uploads\/2025\/11\/dau-hat-cai-1-scaled-1-1200x800.webp 1200w, https:\/\/havamall.com\/wp-content\/uploads\/2025\/11\/dau-hat-cai-1-scaled-1-150x100.webp 150w\" sizes=\"(max-width: 800px) 100vw, 800px\" \/><\/p>\n<p data-path-to-node=\"17\">S\u1ea3n ph\u1ea9m D\u1ea7u \u0102n H\u1ea1t C\u1ea3i 1000g nh\u1eadp kh\u1ea9u t\u1eeb Nh\u1eadt B\u1ea3n l\u00e0 k\u1ebft qu\u1ea3 c\u1ee7a s\u1ef1 t\u1ec9 m\u1ec9 trong kh\u00e2u ch\u1ecdn l\u1ecdc nguy\u00ean li\u1ec7u v\u00e0 quy tr\u00ecnh s\u1ea3n xu\u1ea5t kh\u00e9p k\u00edn. D\u1ea7u h\u1ea1t c\u1ea3i \u0111\u01b0\u1ee3c \u00e9p v\u00e0 tinh luy\u1ec7n \u0111\u1ec3 t\u1ed1i \u01b0u h\u00f3a \u0111\u1eb7c t\u00ednh n\u1ea5u n\u01b0\u1edbng, \u0111\u1ea3m b\u1ea3o mang l\u1ea1i hi\u1ec7u su\u1ea5t s\u1eed d\u1ee5ng cao nh\u1ea5t cho c\u00e1c m\u00f3n chi\u00ean, x\u00e0o, \u0111\u1eb7c bi\u1ec7t l\u00e0 c\u00e1c m\u00f3n chi\u00ean ng\u1eadp d\u1ea7u truy\u1ec1n th\u1ed1ng nh\u01b0 Tempura, n\u01a1i \u0111\u1ed9 trong v\u00e0 kh\u1ea3 n\u0103ng ch\u1ecbu nhi\u1ec7t c\u1ee7a d\u1ea7u l\u00e0 y\u1ebfu t\u1ed1 then ch\u1ed1t quy\u1ebft \u0111\u1ecbnh \u0111\u1ed9 gi\u00f2n v\u00e0 h\u01b0\u01a1ng v\u1ecb c\u1ee7a m\u00f3n \u0103n.<\/p>\n<p data-path-to-node=\"17\"><img decoding=\"async\" class=\"aligncenter\" src=\"https:\/\/havamall.com\/wp-content\/uploads\/2025\/11\/showFile.jpg\" width=\"801\" height=\"620\" \/><\/p>\n<blockquote>\n<p data-path-to-node=\"18\"><span style=\"font-size: 14pt\"><em><b>GI\u00c1 TR\u1eca DINH D\u01af\u1ee0NG V\u00c0 L\u1ee2I \u00cdCH V\u00c0NG CHO TIM M\u1ea0CH<\/b><\/em><\/span><\/p>\n<\/blockquote>\n<p data-path-to-node=\"20,0,0\"><b>&#8211; GI\u00c0U CH\u1ea4T B\u00c9O KH\u00d4NG B\u00c3O H\u00d2A \u0110\u01a0N (MONOUNSATURATED FATS):<\/b>\u00a0D\u1ea7u h\u1ea1t c\u1ea3i c\u00f3 h\u00e0m l\u01b0\u1ee3ng ch\u1ea5t b\u00e9o kh\u00f4ng b\u00e3o h\u00f2a \u0111\u01a1n r\u1ea5t cao, t\u01b0\u01a1ng t\u1ef1 nh\u01b0 d\u1ea7u \u00f4 liu. Lo\u1ea1i ch\u1ea5t b\u00e9o n\u00e0y \u0111\u00e3 \u0111\u01b0\u1ee3c ch\u1ee9ng minh c\u00f3 kh\u1ea3 n\u0103ng gi\u00fap gi\u1ea3m m\u1ee9c cholesterol LDL (cholesterol x\u1ea5u) trong m\u00e1u, \u0111\u1ed3ng th\u1eddi t\u0103ng c\u01b0\u1eddng cholesterol HDL (cholesterol t\u1ed1t), t\u1eeb \u0111\u00f3 gi\u1ea3m thi\u1ec3u nguy c\u01a1 m\u1eafc b\u1ec7nh tim m\u1ea1ch.<\/p>\n<p data-path-to-node=\"20,1,0\"><b>&#8211; T\u1ef6 L\u1ec6 OMEGA V\u00c0NG:<\/b>\u00a0D\u1ea7u h\u1ea1t c\u1ea3i n\u1ed5i b\u1eadt v\u1edbi t\u1ef7 l\u1ec7 l\u00fd t\u01b0\u1edfng gi\u1eefa Omega-3 v\u00e0 Omega-6. C\u00e2n b\u1eb1ng hai lo\u1ea1i axit b\u00e9o n\u00e0y l\u00e0 \u0111i\u1ec1u quan tr\u1ecdng \u0111\u1ec3 h\u1ed7 tr\u1ee3 ch\u1ee9c n\u0103ng n\u00e3o b\u1ed9, gi\u1ea3m vi\u00eam v\u00e0 duy tr\u00ec s\u1ee9c kh\u1ecfe t\u1ed5ng th\u1ec3. Omega-3 (Alpha-Linolenic Acid) l\u00e0 axit b\u00e9o thi\u1ebft y\u1ebfu m\u00e0 c\u01a1 th\u1ec3 kh\u00f4ng t\u1ef1 t\u1ed5ng h\u1ee3p \u0111\u01b0\u1ee3c, ph\u1ea3i b\u1ed5 sung qua ch\u1ebf \u0111\u1ed9 \u0103n u\u1ed1ng.<\/p>\n<p data-path-to-node=\"20,2,0\"><b>&#8211; KH\u00d4NG CH\u1ee8A CHOLESTEROL V\u00c0 CH\u1ea4T B\u00c9O TRANS:<\/b>\u00a0S\u1ea3n ph\u1ea9m d\u1ea7u h\u1ea1t c\u1ea3i \u0111\u00e3 qua tinh luy\u1ec7n, \u0111\u1ea3m b\u1ea3o kh\u00f4ng ch\u1ee9a cholesterol v\u00e0 ch\u1ea5t b\u00e9o trans, l\u00e0m t\u0103ng t\u00ednh l\u00e0nh m\u1ea1nh cho b\u1eefa \u0103n h\u00e0ng ng\u00e0y, ph\u00f9 h\u1ee3p v\u1edbi m\u1ecdi \u0111\u1ed1i t\u01b0\u1ee3ng ng\u01b0\u1eddi ti\u00eau d\u00f9ng, \u0111\u1eb7c bi\u1ec7t l\u00e0 ng\u01b0\u1eddi l\u1edbn tu\u1ed5i.<\/p>\n<p data-path-to-node=\"20,3,0\"><b>&#8211; NGU\u1ed2N VITAMIN E T\u1ef0 NHI\u00caN:<\/b>\u00a0D\u1ea7u h\u1ea1t c\u1ea3i cung c\u1ea5p m\u1ed9t l\u01b0\u1ee3ng \u0111\u00e1ng k\u1ec3 Vitamin E, m\u1ed9t ch\u1ea5t ch\u1ed1ng oxy h\u00f3a m\u1ea1nh m\u1ebd, gi\u00fap b\u1ea3o v\u1ec7 t\u1ebf b\u00e0o c\u01a1 th\u1ec3 kh\u1ecfi t\u1ed5n th\u01b0\u01a1ng do c\u00e1c g\u1ed1c t\u1ef1 do, \u0111\u1ed3ng th\u1eddi h\u1ed7 tr\u1ee3 s\u1ee9c kh\u1ecfe l\u00e0n da.<\/p>\n<p><img decoding=\"async\" class=\"wp-image-43553 aligncenter\" src=\"https:\/\/havamall.com\/wp-content\/uploads\/2025\/11\/dau-hat-cai-an-dam-cho-be.jpg\" alt=\"\" width=\"802\" height=\"531\" srcset=\"https:\/\/havamall.com\/wp-content\/uploads\/2025\/11\/dau-hat-cai-an-dam-cho-be.jpg 1078w, https:\/\/havamall.com\/wp-content\/uploads\/2025\/11\/dau-hat-cai-an-dam-cho-be-18x12.jpg 18w, https:\/\/havamall.com\/wp-content\/uploads\/2025\/11\/dau-hat-cai-an-dam-cho-be-600x397.jpg 600w, https:\/\/havamall.com\/wp-content\/uploads\/2025\/11\/dau-hat-cai-an-dam-cho-be-150x99.jpg 150w\" sizes=\"(max-width: 802px) 100vw, 802px\" \/><\/p>\n<blockquote>\n<p data-path-to-node=\"21\"><span style=\"font-size: 14pt\"><em><b>\u0110\u1eb6C T\u00cdNH N\u1ed4I B\u1eacT V\u00c0 \u1ee8NG D\u1ee4NG<\/b><\/em><\/span><\/p>\n<\/blockquote>\n<p data-path-to-node=\"23,0,0\"><b>&#8211; \u0110I\u1ec2M KH\u00d3I CAO L\u00dd T\u01af\u1edeNG CHO M\u00d3N CHI\u00caN S\u00c2U:<\/b>\u00a0V\u1edbi \u0111i\u1ec3m kh\u00f3i l\u00ean t\u1edbi kho\u1ea3ng\u00a0<span class=\"math-inline\" data-math=\"204^\\circ\\text{C}\"><span class=\"katex\"><span class=\"katex-html\" aria-hidden=\"true\"><span class=\"base\"><span class=\"mord\">20<\/span><span class=\"mord\">4<span class=\"msupsub\"><span class=\"vlist-t\"><span class=\"vlist-r\"><span class=\"vlist\"><span class=\"\"><span class=\"sizing reset-size6 size3 mtight\"><span class=\"mbin mtight\">\u2218<\/span><\/span><\/span><\/span><\/span><\/span><\/span><\/span><span class=\"mord text\"><span class=\"mord\">C<\/span><\/span><\/span><\/span><\/span><\/span>\u00a0(<span class=\"math-inline\" data-math=\"400^\\circ\\text{F}\"><span class=\"katex\"><span class=\"katex-html\" aria-hidden=\"true\"><span class=\"base\"><span class=\"mord\">40<\/span><span class=\"mord\">0<span class=\"msupsub\"><span class=\"vlist-t\"><span class=\"vlist-r\"><span class=\"vlist\"><span class=\"\"><span class=\"sizing reset-size6 size3 mtight\"><span class=\"mbin mtight\">\u2218<\/span><\/span><\/span><\/span><\/span><\/span><\/span><\/span><span class=\"mord text\"><span class=\"mord\">F<\/span><\/span><\/span><\/span><\/span><\/span>), d\u1ea7u h\u1ea1t c\u1ea3i l\u00e0 l\u1ef1a ch\u1ecdn t\u1ed1i \u01b0u cho c\u00e1c m\u00f3n chi\u00ean, r\u00e1n nhi\u1ec7t \u0111\u1ed9 cao m\u00e0 kh\u00f4ng b\u1ecb ph\u00e2n h\u1ee7y, kh\u00f4ng t\u1ea1o ra kh\u00f3i \u0111\u1ed9c v\u00e0 c\u00e1c h\u1ee3p ch\u1ea5t c\u00f3 h\u1ea1i. \u0110i\u1ec1u n\u00e0y \u0111\u1eb7c bi\u1ec7t quan tr\u1ecdng trong c\u00e1c m\u00f3n chi\u00ean ng\u1eadp d\u1ea7u nh\u01b0 g\u00e0 r\u00e1n, khoai t\u00e2y hay c\u00e1c m\u00f3n Tempura ki\u1ec3u Nh\u1eadt, gi\u00fap m\u00f3n \u0103n gi\u00f2n tan m\u00e0 kh\u00f4ng b\u1ecb th\u1ea5m d\u1ea7u.<\/p>\n<p data-path-to-node=\"23,1,0\"><b>&#8211; H\u01af\u01a0NG V\u1eca TRUNG T\u00cdNH, KH\u00d4NG L\u00c0M THAY \u0110\u1ed4I M\u00d3N \u0102N:<\/b>\u00a0H\u01b0\u01a1ng v\u1ecb nh\u1eb9 nh\u00e0ng, h\u1ea7u nh\u01b0 kh\u00f4ng m\u00f9i c\u1ee7a d\u1ea7u h\u1ea1t c\u1ea3i l\u00e0 m\u1ed9t l\u1ee3i th\u1ebf l\u1edbn. D\u1ea7u kh\u00f4ng l\u00e0m l\u1ea5n \u00e1t h\u01b0\u01a1ng v\u1ecb t\u1ef1 nhi\u00ean c\u1ee7a nguy\u00ean li\u1ec7u, m\u00e0 ch\u1ec9 \u0111\u00f3ng vai tr\u00f2 truy\u1ec1n nhi\u1ec7t, gi\u1eef tr\u1ecdn v\u1eb9n v\u1ecb ngon c\u1ee7a th\u1ef1c ph\u1ea9m.<\/p>\n<p data-path-to-node=\"23,2,0\"><b>&#8211; T\u00cdNH \u0110A N\u0102NG V\u01af\u1ee2T TR\u1ed8I:<\/b>\u00a0Ngo\u00e0i chi\u00ean v\u00e0 x\u00e0o, D\u1ea7u H\u1ea1t C\u1ea3i Tinh Luy\u1ec7n Nh\u1eadt B\u1ea3n c\u00f2n ph\u00f9 h\u1ee3p \u0111\u1ec3 tr\u1ed9n salad, l\u00e0m s\u1ed1t mayonnaise ho\u1eb7c d\u00f9ng trong c\u00e1c c\u00f4ng th\u1ee9c l\u00e0m b\u00e1nh, mang l\u1ea1i \u0111\u1ed9 \u1ea9m v\u00e0 k\u1ebft c\u1ea5u ho\u00e0n h\u1ea3o m\u00e0 kh\u00f4ng l\u00e0m thay \u0111\u1ed5i h\u01b0\u01a1ng v\u1ecb c\u1ee7a m\u00f3n tr\u00e1ng mi\u1ec7ng.<\/p>\n<p data-path-to-node=\"23,3,0\"><b>&#8211; \u0110\u00d3NG G\u00d3I TI\u00caU CHU\u1ea8N NH\u1eacT B\u1ea2N:<\/b>\u00a0S\u1ea3n ph\u1ea9m \u0111\u01b0\u1ee3c \u0111\u00f3ng trong chai nh\u1ef1a c\u1ee9ng, dung t\u00edch 1000g ti\u1ec7n l\u1ee3i, gi\u00fap ng\u01b0\u1eddi ti\u00eau d\u00f9ng d\u1ec5 d\u00e0ng \u0111\u1ecbnh l\u01b0\u1ee3ng v\u00e0 b\u1ea3o qu\u1ea3n. Thi\u1ebft k\u1ebf chai c\u0169ng gi\u00fap vi\u1ec7c r\u00f3t d\u1ea7u tr\u1edf n\u00ean d\u1ec5 d\u00e0ng v\u00e0 v\u1ec7 sinh.<\/p>\n<p data-path-to-node=\"23,3,0\"><img loading=\"lazy\" decoding=\"async\" class=\"aligncenter\" src=\"https:\/\/havamall.com\/wp-content\/uploads\/2025\/11\/P8021255.jpg\" alt=\"\u539a\u63da\u3052\u3068\u30aa\u30af\u30e9\u306e\u6885\u716e\u306e\u3076\u3063\u304b\u3051\u305d\u3046\u3081\u3093 | \u5965\u8597\u58fd\u5b50\u306e\u306a\u3079\u304b\u307e\u307a\u3048\u3058\" width=\"800\" height=\"600\" \/><\/p>\n<p data-path-to-node=\"25\"><em>Havamall cam k\u1ebft mang \u0111\u1ebfn s\u1ea3n ph\u1ea9m D\u1ea7u \u0102n H\u1ea1t C\u1ea3i Tinh Luy\u1ec7n Ch\u1ea5t L\u01b0\u1ee3ng Cao 1000g nh\u1eadp kh\u1ea9u ch\u00ednh h\u00e3ng t\u1eeb Nh\u1eadt B\u1ea3n. Ch\u00fang t\u00f4i \u0111\u1ea3m b\u1ea3o s\u1ea3n ph\u1ea9m tu\u00e2n th\u1ee7 c\u00e1c ti\u00eau chu\u1ea9n nghi\u00eam ng\u1eb7t v\u1ec1 an to\u00e0n th\u1ef1c ph\u1ea9m, l\u00e0 l\u1ef1a ch\u1ecdn th\u00f4ng minh v\u00e0 l\u00e0nh m\u1ea1nh cho gian b\u1ebfp c\u1ee7a m\u1ecdi gia \u0111\u00ecnh.<\/em><\/p>\n<\/div>\n<\/div>\n<\/div>\n<\/div>","protected":false},"excerpt":{"rendered":"<p>TH\u00d4NG TIN S\u1ea2N PH\u1ea8M Th\u01b0\u01a1ng Hi\u1ec7u (D\u00f2ng s\u1ea3n ph\u1ea9m D\u1ea7u \u0102n H\u1ea1t C\u1ea3i Nh\u1eadt B\u1ea3n) Xu\u1ea5t X\u1ee9 Nh\u1eadt B\u1ea3n Th\u00e0nh<\/p>","protected":false},"featured_media":43551,"comment_status":"open","ping_status":"closed","template":"","meta":[],"product_brand":[],"product_cat":[154,595,722],"product_tag":[],"class_list":{"0":"post-43549","1":"product","2":"type-product","3":"status-publish","4":"has-post-thumbnail","6":"product_cat-gia-vi","7":"product_cat-gia-vi-va-che-bien","8":"product_cat-nhap-khau-nhat-ban","10":"first","11":"instock","12":"sale","13":"shipping-taxable","14":"purchasable","15":"product-type-simple"},"_links":{"self":[{"href":"https:\/\/havamall.com\/en\/wp-json\/wp\/v2\/product\/43549","targetHints":{"allow":["GET"]}}],"collection":[{"href":"https:\/\/havamall.com\/en\/wp-json\/wp\/v2\/product"}],"about":[{"href":"https:\/\/havamall.com\/en\/wp-json\/wp\/v2\/types\/product"}],"replies":[{"embeddable":true,"href":"https:\/\/havamall.com\/en\/wp-json\/wp\/v2\/comments?post=43549"}],"version-history":[{"count":0,"href":"https:\/\/havamall.com\/en\/wp-json\/wp\/v2\/product\/43549\/revisions"}],"wp:featuredmedia":[{"embeddable":true,"href":"https:\/\/havamall.com\/en\/wp-json\/wp\/v2\/media\/43551"}],"wp:attachment":[{"href":"https:\/\/havamall.com\/en\/wp-json\/wp\/v2\/media?parent=43549"}],"wp:term":[{"taxonomy":"product_brand","embeddable":true,"href":"https:\/\/havamall.com\/en\/wp-json\/wp\/v2\/product_brand?post=43549"},{"taxonomy":"product_cat","embeddable":true,"href":"https:\/\/havamall.com\/en\/wp-json\/wp\/v2\/product_cat?post=43549"},{"taxonomy":"product_tag","embeddable":true,"href":"https:\/\/havamall.com\/en\/wp-json\/wp\/v2\/product_tag?post=43549"}],"curies":[{"name":"wp","href":"https:\/\/api.w.org\/{rel}","templated":true}]}}