{"id":43558,"date":"2025-11-28T15:56:18","date_gmt":"2025-11-28T08:56:18","guid":{"rendered":"https:\/\/havamall.com\/?post_type=product&#038;p=43558"},"modified":"2026-03-18T14:29:42","modified_gmt":"2026-03-18T07:29:42","slug":"keo-ngam-vi-gung-va-duong-den-kurozato-nissin-nhat-ban-70g-ginger-and-brown-sugar-candy","status":"publish","type":"product","link":"https:\/\/havamall.com\/en\/shop\/keo-ngam-vi-gung-va-duong-den-kurozato-nissin-nhat-ban-70g-ginger-and-brown-sugar-candy\/","title":{"rendered":"K\u1eb9o Ng\u1eadm V\u1ecb G\u1eebng V\u00e0 \u0110\u01b0\u1eddng \u0110en Kurozat\u014d Nissin Nh\u1eadt B\u1ea3n 70g \u2013 Ginger And Brown Sugar Candy"},"content":{"rendered":"<h3>TH\u00d4NG TIN S\u1ea2N PH\u1ea8M<\/h3>\n<table style=\"width: 69.3363%; height: 181px;\" data-path-to-node=\"7\">\n<tbody>\n<tr>\n<td style=\"width: 18.7788%;\"><span data-path-to-node=\"7,1,0,0\"><b>Th\u01b0\u01a1ng Hi\u1ec7u<\/b><\/span><\/td>\n<td style=\"width: 80.2995%;\"><span data-path-to-node=\"7,1,1,0\">Nissin<\/span><\/td>\n<\/tr>\n<tr>\n<td style=\"width: 18.7788%;\"><span data-path-to-node=\"7,2,0,0\"><b>Xu\u1ea5t X\u1ee9\u00a0<\/b><\/span><\/td>\n<td style=\"width: 80.2995%;\"><span data-path-to-node=\"7,2,1,0\">Nh\u1eadt B\u1ea3n<\/span><\/td>\n<\/tr>\n<tr>\n<td style=\"width: 18.7788%;\"><span data-path-to-node=\"7,3,0,0\"><b>Th\u00e0nh Ph\u1ea7n<\/b><\/span><\/td>\n<td style=\"width: 80.2995%;\"><span data-path-to-node=\"7,3,1,0\">\u0110\u01b0\u1eddng, Siro, \u0110\u01b0\u1eddng \u0110en (Kurozat\u014d), B\u1ed9t G\u1eebng T\u01b0\u01a1i (ho\u1eb7c chi\u1ebft xu\u1ea5t G\u1eebng), H\u01b0\u01a1ng G\u1eebng T\u1ef1 Nhi\u00ean.<\/span><\/td>\n<\/tr>\n<tr>\n<td style=\"width: 18.7788%;\"><span data-path-to-node=\"7,4,0,0\"><b>H\u1ea1n S\u1eed D\u1ee5ng<\/b><\/span><\/td>\n<td style=\"width: 80.2995%;\"><span data-path-to-node=\"7,4,1,0\">Chi ti\u1ebft theo NSX\/HSD in tr\u00ean bao b\u00ec\u00a0<\/span><\/td>\n<\/tr>\n<tr>\n<td style=\"width: 18.7788%;\"><span data-path-to-node=\"7,5,0,0\"><b>B\u1ea3o Qu\u1ea3n<\/b><\/span><\/td>\n<td style=\"width: 80.2995%;\"><span data-path-to-node=\"7,5,1,0\">N\u01a1i kh\u00f4 r\u00e1o, tho\u00e1ng m\u00e1t, tr\u00e1nh \u00e1nh n\u1eafng tr\u1ef1c ti\u1ebfp. \u0110\u00f3ng k\u00edn bao b\u00ec sau khi m\u1edf.<\/span><\/td>\n<\/tr>\n<tr>\n<td style=\"width: 18.7788%;\"><span data-path-to-node=\"7,6,0,0\"><b>Kh\u1ed1i L\u01b0\u1ee3ng T\u1ecbnh<\/b><\/span><\/td>\n<td style=\"width: 80.2995%;\"><span data-path-to-node=\"7,6,1,0\">70g<\/span><\/td>\n<\/tr>\n<\/tbody>\n<\/table>\n<p data-path-to-node=\"10\">K\u1eb9o ng\u1eadm v\u1ecb g\u1eebng (<i>Sh\u014dgat\u014d<\/i>) t\u1eeb l\u00e2u \u0111\u00e3 l\u00e0 m\u1ed9t ph\u1ea7n kh\u00f4ng th\u1ec3 thi\u1ebfu trong v\u0103n h\u00f3a ch\u0103m s\u00f3c s\u1ee9c kh\u1ecfe c\u1ee7a ng\u01b0\u1eddi Nh\u1eadt, \u0111\u1eb7c bi\u1ec7t v\u00e0o nh\u1eefng th\u1eddi \u0111i\u1ec3m giao m\u00f9a hay khi c\u1ea7n gi\u1eef \u1ea5m c\u01a1 th\u1ec3. S\u1ea3n ph\u1ea9m\u00a0<b>K\u1eb9o Ng\u1eadm V\u1ecb G\u1eebng Nissin<\/b> kh\u00f4ng ch\u1ec9 l\u00e0 m\u1ed9t m\u00f3n k\u1eb9o th\u00f4ng th\u01b0\u1eddng m\u00e0 c\u00f2n l\u00e0 s\u1ef1 k\u1ebft h\u1ee3p tinh hoa gi\u1eefa \u1ea9m th\u1ef1c v\u00e0 y h\u1ecdc c\u1ed5 truy\u1ec1n. Nissin, m\u1ed9t th\u01b0\u01a1ng hi\u1ec7u th\u1ef1c ph\u1ea9m uy t\u00edn t\u1ea1i Nh\u1eadt B\u1ea3n, \u0111\u00e3 tinh ch\u1ec9nh c\u00f4ng th\u1ee9c \u0111\u1ec3 t\u1ea1o ra m\u1ed9t vi\u00ean k\u1eb9o v\u1eeba ti\u1ec7n l\u1ee3i, v\u1eeba ph\u00e1t huy t\u1ed1i \u0111a c\u00f4ng d\u1ee5ng c\u1ee7a c\u00e1c nguy\u00ean li\u1ec7u t\u1ef1 nhi\u00ean.\u00a0<b>G\u1eebng T\u01b0\u01a1i (\u751f\u59dc &#8211; Sh\u014dga):<\/b> \u0110\u01b0\u1ee3c bi\u1ebft \u0111\u1ebfn v\u1edbi kh\u1ea3 n\u0103ng l\u00e0m \u1ea5m c\u01a1 th\u1ec3, t\u0103ng c\u01b0\u1eddng tu\u1ea7n ho\u00e0n m\u00e1u, h\u1ed7 tr\u1ee3 ti\u00eau h\u00f3a, v\u00e0 l\u00e0 b\u00e0i thu\u1ed1c t\u1ef1 nhi\u00ean gi\u00fap l\u00e0m d\u1ecbu c\u1ed5 h\u1ecdng v\u00e0 gi\u1ea3m c\u00e1c tri\u1ec7u ch\u1ee9ng c\u1ea3m l\u1ea1nh nh\u1eb9.\u00a0<b>\u0110\u01b0\u1eddng \u0110en (\u9ed2\u7802\u7cd6 &#8211; Kurozat\u014d):<\/b>\u00a0\u0110\u00e2y l\u00e0 lo\u1ea1i \u0111\u01b0\u1eddng th\u00f4, kh\u00f4ng tinh ch\u1ebf, gi\u1eef l\u1ea1i \u0111\u01b0\u1ee3c h\u00e0m l\u01b0\u1ee3ng kho\u00e1ng ch\u1ea5t (nh\u01b0 S\u1eaft, Canxi v\u00e0 Kali) cao h\u01a1n h\u1eb3n so v\u1edbi \u0111\u01b0\u1eddng tr\u1eafng. \u0110\u01b0\u1eddng \u0111en mang l\u1ea1i v\u1ecb ng\u1ecdt s\u00e2u, \u0111\u1eadm \u0111\u00e0, c\u00f3 t\u00ednh \u1ea5m v\u00e0 \u0111\u01b0\u1ee3c ng\u01b0\u1eddi Nh\u1eadt tin d\u00f9ng \u0111\u1ec3 b\u1ed3i b\u1ed5 s\u1ee9c kh\u1ecfe v\u00e0 h\u1ed3i ph\u1ee5c n\u0103ng l\u01b0\u1ee3ng.<\/p>\n<p data-path-to-node=\"13\"><img fetchpriority=\"high\" decoding=\"async\" class=\"aligncenter wp-image-43563\" src=\"https:\/\/havamall.com\/wp-content\/uploads\/2025\/11\/z7243672515104_09a428802df995f29f9eb70f1b67268d.jpg\" alt=\"\" width=\"800\" height=\"800\" srcset=\"https:\/\/havamall.com\/wp-content\/uploads\/2025\/11\/z7243672515104_09a428802df995f29f9eb70f1b67268d.jpg 1926w, https:\/\/havamall.com\/wp-content\/uploads\/2025\/11\/z7243672515104_09a428802df995f29f9eb70f1b67268d-12x12.jpg 12w, https:\/\/havamall.com\/wp-content\/uploads\/2025\/11\/z7243672515104_09a428802df995f29f9eb70f1b67268d-600x600.jpg 600w, https:\/\/havamall.com\/wp-content\/uploads\/2025\/11\/z7243672515104_09a428802df995f29f9eb70f1b67268d-1200x1200.jpg 1200w, https:\/\/havamall.com\/wp-content\/uploads\/2025\/11\/z7243672515104_09a428802df995f29f9eb70f1b67268d-150x150.jpg 150w\" sizes=\"(max-width: 800px) 100vw, 800px\" \/><\/p>\n<blockquote>\n<p data-path-to-node=\"14\"><span style=\"font-size: 14pt;\"><b>\u0110\u1eb6C \u0110I\u1ec2M N\u1ed4I B\u1eacT V\u00c0 QUY TR\u00ccNH CH\u1ebe BI\u1ebeN<\/b><\/span><\/p>\n<\/blockquote>\n<p data-path-to-node=\"16,0,0\"><b>C\u1ea4U TR\u00daC HAI L\u1edaP \u0110\u1ed8C \u0110\u00c1O:<\/b>\u00a0\u0110i\u1ec3m kh\u00e1c bi\u1ec7t c\u1ee7a k\u1eb9o Nissin ch\u00ednh l\u00e0 thi\u1ebft k\u1ebf nh\u00e2n \u0111\u1eb7c bi\u1ec7t. L\u1edbp v\u1ecf ngo\u00e0i l\u00e0 k\u1eb9o g\u1eebng c\u1ee9ng, khi ng\u1eadm s\u1ebd t\u1eeb t\u1eeb lan t\u1ecfa v\u1ecb cay \u1ea5m. Nh\u00e2n b\u00ean trong l\u00e0 \u0111\u01b0\u1eddng \u0111en\u00a0<i>Kurozat\u014d<\/i> \u0111\u01b0\u1ee3c c\u00f4 \u0111\u1eb7c, tan ch\u1ea3y d\u1ea7n, t\u1ea1o ra s\u1ef1 c\u00e2n b\u1eb1ng v\u1ecb gi\u00e1c v\u00e0 cung c\u1ea5p n\u0103ng l\u01b0\u1ee3ng nhanh ch\u00f3ng. C\u1ea5u tr\u00fac n\u00e0y gi\u00fap k\u1eb9o kh\u00f4ng ch\u1ec9 t\u00e1c d\u1ee5ng l\u00e0m \u1ea5m ngay t\u1ea1i c\u1ed5 h\u1ecdng m\u00e0 c\u00f2n nu\u00f4i d\u01b0\u1ee1ng c\u01a1 th\u1ec3 b\u1eb1ng kho\u00e1ng ch\u1ea5t.<\/p>\n<p data-path-to-node=\"16,0,0\">\u2013 <b>T\u00cdNH N\u0102NG &#8220;D\u1ecaU NH\u1eb8 C\u1ed4 H\u1eccNG&#8221;:<\/b> Nh\u1edd ho\u1ea1t ch\u1ea5t Gingerol v\u00e0 c\u00e1c tinh d\u1ea7u t\u1ef1 nhi\u00ean trong g\u1eebng, k\u1eb9o c\u00f3 kh\u1ea3 n\u0103ng gi\u1ea3m c\u1ea3m gi\u00e1c kh\u00f3 ch\u1ecbu, \u0111au r\u00e1t ho\u1eb7c ng\u1ee9a h\u1ecdng. K\u1eb9o ng\u1eadm g\u1eebng tr\u1edf th\u00e0nh gi\u1ea3i ph\u00e1p ti\u1ec7n l\u1ee3i, kh\u00f4ng c\u1ea7n d\u00f9ng thu\u1ed1c, cho nh\u1eefng ng\u01b0\u1eddi th\u01b0\u1eddng xuy\u00ean ph\u1ea3i n\u00f3i nhi\u1ec1u, ho\u1eb7c c\u1ea3m th\u1ea5y kh\u00f4 c\u1ed5 h\u1ecdng do \u0111i\u1ec1u h\u00f2a.<\/p>\n<p data-path-to-node=\"16,0,0\">\u2013<b>\u00a0KH\u00d4NG CH\u1ea4T B\u1ea2O QU\u1ea2N \u0110\u1ed8C H\u1ea0I:<\/b>\u00a0Th\u01b0\u01a1ng hi\u1ec7u Nissin cam k\u1ebft s\u1ea3n ph\u1ea9m \u0111\u01b0\u1ee3c s\u1ea3n xu\u1ea5t theo ti\u00eau chu\u1ea9n nghi\u00eam ng\u1eb7t c\u1ee7a Nh\u1eadt B\u1ea3n, h\u1ea1n ch\u1ebf t\u1ed1i \u0111a vi\u1ec7c s\u1eed d\u1ee5ng ch\u1ea5t b\u1ea3o qu\u1ea3n v\u00e0 ch\u1ea5t t\u1ea1o m\u00e0u nh\u00e2n t\u1ea1o, \u0111\u1ea3m b\u1ea3o an to\u00e0n v\u1ec7 sinh th\u1ef1c ph\u1ea9m v\u00e0 gi\u1eef tr\u1ecdn v\u1eb9n s\u1ef1 tinh khi\u1ebft c\u1ee7a nguy\u00ean li\u1ec7u.<\/p>\n<p data-path-to-node=\"16,3,0\">\u2013<b>\u00a0T\u00cdNH TI\u1ec6N L\u1ee2I T\u1ed0I \u0110A:<\/b>\u00a0Kh\u1ed1i l\u01b0\u1ee3ng 70g \u0111\u01b0\u1ee3c \u0111\u00f3ng g\u00f3i nh\u1ecf g\u1ecdn, ti\u1ec7n l\u1ee3i \u0111\u1ec3 mang theo b\u00ean m\u00ecnh m\u1ecdi l\u00fac, m\u1ecdi n\u01a1i: trong t\u00fai x\u00e1ch, tr\u00ean xe h\u01a1i, hay t\u1ea1i n\u01a1i l\u00e0m vi\u1ec7c, s\u1eb5n s\u00e0ng s\u1eed d\u1ee5ng khi c\u1ea7n l\u00e0m \u1ea5m ho\u1eb7c c\u1ea7n m\u1ed9t ngu\u1ed3n n\u0103ng l\u01b0\u1ee3ng t\u1ee9c th\u00ec.<\/p>\n<p data-path-to-node=\"16,3,0\"><img decoding=\"async\" class=\"aligncenter wp-image-43564\" src=\"https:\/\/havamall.com\/wp-content\/uploads\/2025\/11\/8.jpg\" alt=\"\" width=\"800\" height=\"800\" srcset=\"https:\/\/havamall.com\/wp-content\/uploads\/2025\/11\/8.jpg 1280w, https:\/\/havamall.com\/wp-content\/uploads\/2025\/11\/8-12x12.jpg 12w, https:\/\/havamall.com\/wp-content\/uploads\/2025\/11\/8-600x600.jpg 600w, https:\/\/havamall.com\/wp-content\/uploads\/2025\/11\/8-1200x1200.jpg 1200w, https:\/\/havamall.com\/wp-content\/uploads\/2025\/11\/8-150x150.jpg 150w\" sizes=\"(max-width: 800px) 100vw, 800px\" \/><\/p>\n<blockquote>\n<p data-path-to-node=\"17\"><span style=\"font-size: 14pt;\"><em><b>C\u00d4NG D\u1ee4NG V\u01af\u1ee2T TR\u1ed8I CHO S\u1ee8C KH\u1eceE<\/b><\/em><\/span><\/p>\n<\/blockquote>\n<p data-path-to-node=\"19,0,0\">\u2013<b>\u00a0H\u1ed6 TR\u1ee2 L\u00c0M \u1ea4M C\u01a0 TH\u1ec2 V\u00c0 CH\u1ed0NG C\u1ea2M:<\/b> G\u1eebng l\u00e0 d\u01b0\u1ee3c li\u1ec7u truy\u1ec1n th\u1ed1ng gi\u00fap t\u0103ng c\u01b0\u1eddng tu\u1ea7n ho\u00e0n, l\u00e0m \u1ea5m b\u1ee5ng v\u00e0 tay ch\u00e2n. Ng\u1eadm k\u1eb9o g\u1eebng l\u00e0 c\u00e1ch hi\u1ec7u qu\u1ea3 \u0111\u1ec3 gi\u1ea3i phong h\u00e0n, gi\u00fap c\u01a1 th\u1ec3 ch\u1ed1ng l\u1ea1i s\u1ef1 x\u00e2m nh\u1eadp c\u1ee7a c\u00e1c t\u00e1c nh\u00e2n g\u00e2y c\u1ea3m l\u1ea1nh khi th\u1eddi ti\u1ebft thay \u0111\u1ed5i.<\/p>\n<p data-path-to-node=\"19,0,0\">\u2013<b>\u00a0GI\u1ea2M BU\u1ed2N N\u00d4N V\u00c0 H\u1ed6 TR\u1ee2 TI\u00caU H\u00d3A:<\/b>\u00a0Ho\u1ea1t ch\u1ea5t Gingerol trong g\u1eebng n\u1ed5i ti\u1ebfng v\u1edbi t\u00e1c d\u1ee5ng l\u00e0m d\u1ecbu ni\u00eam m\u1ea1c d\u1ea1 d\u00e0y, gi\u00fap gi\u1ea3m c\u1ea3m gi\u00e1c bu\u1ed3n n\u00f4n do say t\u00e0u xe, \u1ed1m ngh\u00e9n ho\u1eb7c kh\u00f3 ti\u00eau. K\u1eb9o ng\u1eadm l\u00e0 ph\u01b0\u01a1ng ti\u1ec7n d\u1ec5 d\u00e0ng nh\u1ea5t \u0111\u1ec3 b\u1ed5 sung g\u1eebng khi c\u1ea7n.<\/p>\n<p data-path-to-node=\"19,2,0\">\u2013<b>\u00a0B\u1ed4 SUNG KHO\u00c1NG CH\u1ea4T T\u1eea \u0110\u01af\u1edcNG \u0110EN:<\/b>\u00a0\u0110\u01b0\u1eddng \u0111en\u00a0<i>Kurozat\u014d<\/i>\u00a0kh\u00f4ng ch\u1ec9 mang l\u1ea1i v\u1ecb ng\u1ecdt m\u00e0 c\u00f2n cung c\u1ea5p Canxi, S\u1eaft v\u00e0 Kali \u2013 c\u00e1c vi kho\u00e1ng ch\u1ea5t thi\u1ebft y\u1ebfu gi\u00fap b\u1ed3i b\u1ed5 c\u01a1 th\u1ec3, \u0111\u1eb7c bi\u1ec7t t\u1ed1t cho nh\u1eefng ng\u01b0\u1eddi v\u1eeba \u1ed1m d\u1eady ho\u1eb7c c\u1ea7n ph\u1ee5c h\u1ed3i s\u1ee9c l\u1ef1c sau l\u00e0m vi\u1ec7c c\u0103ng th\u1eb3ng.<\/p>\n<p data-path-to-node=\"19,3,0\">\u2013<b>\u00a0C\u1ea2I THI\u1ec6N T\u00ccNH TR\u1ea0NG M\u1ec6T M\u1eceI:<\/b>\u00a0K\u1eb9o ng\u1eadm l\u00e0 ngu\u1ed3n cung c\u1ea5p glucose nhanh ch\u00f3ng, k\u1ebft h\u1ee3p v\u1edbi t\u00ednh \u1ea5m c\u1ee7a g\u1eebng gi\u00fap k\u00edch th\u00edch tinh th\u1ea7n, gi\u1ea3m m\u1ec7t m\u1ecfi v\u00e0 t\u0103ng s\u1ef1 t\u1eadp trung trong c\u00f4ng vi\u1ec7c.<\/p>\n<p data-path-to-node=\"19,3,0\"><img decoding=\"async\" class=\"aligncenter wp-image-43565\" src=\"https:\/\/havamall.com\/wp-content\/uploads\/2025\/11\/10128925975.jpg\" alt=\"\" width=\"800\" height=\"600\" srcset=\"https:\/\/havamall.com\/wp-content\/uploads\/2025\/11\/10128925975.jpg 600w, https:\/\/havamall.com\/wp-content\/uploads\/2025\/11\/10128925975-16x12.jpg 16w, https:\/\/havamall.com\/wp-content\/uploads\/2025\/11\/10128925975-150x113.jpg 150w\" sizes=\"(max-width: 800px) 100vw, 800px\" \/><\/p>\n<blockquote>\n<p data-path-to-node=\"20\"><span style=\"font-size: 14pt;\"><em><b>C\u00c1CH TH\u01af\u1edeNG TH\u1ee8C V\u00c0 L\u01afU \u00dd KHI S\u1eec D\u1ee4NG<\/b><\/em><\/span><\/p>\n<\/blockquote>\n<p data-path-to-node=\"22\">\u2013\u00a0<b>KHI C\u1ed4 H\u1eccNG KH\u00d3 CH\u1ecaU:<\/b>\u00a0Ng\u1eadm k\u1eb9o t\u1eeb t\u1eeb \u0111\u1ec3 v\u1ecb cay \u1ea5m c\u1ee7a g\u1eebng v\u00e0 v\u1ecb ng\u1ecdt c\u1ee7a \u0111\u01b0\u1eddng \u0111en tan ch\u1ea3y, gi\u00fap l\u00e0m d\u1ecbu c\u1ed5 h\u1ecdng t\u1ee9c th\u00ec.<\/p>\n<p data-path-to-node=\"22\">\u2013\u00a0<b>KHI SAY XE\/M\u1ec6T M\u1eceI:<\/b>\u00a0Ng\u1eadm m\u1ed9t vi\u00ean k\u1eb9o tr\u01b0\u1edbc ho\u1eb7c trong khi di chuy\u1ec3n \u0111\u1ec3 gi\u1ea3m c\u1ea3m gi\u00e1c bu\u1ed3n n\u00f4n v\u00e0 gi\u1eef c\u01a1 th\u1ec3 t\u1ec9nh t\u00e1o.<\/p>\n<p data-path-to-node=\"22\">\u2013\u00a0<b>TRONG M\u00d9A L\u1ea0NH:<\/b>\u00a0Ng\u1eadm k\u1eb9o th\u01b0\u1eddng xuy\u00ean \u0111\u1ec3 gi\u1eef \u1ea5m c\u01a1 th\u1ec3, \u0111\u1eb7c bi\u1ec7t l\u00e0 sau khi \u0111i ngo\u00e0i tr\u1eddi l\u1ea1nh ho\u1eb7c tr\u01b0\u1edbc khi \u0111i ng\u1ee7.<\/p>\n<p data-path-to-node=\"22\">\u2013\u00a0<b>L\u01afU \u00dd:<\/b>\u00a0V\u00ec l\u00e0 k\u1eb9o c\u1ee9ng, c\u1ea7n c\u1ea9n th\u1eadn khi cho tr\u1ebb nh\u1ecf \u0103n v\u00e0 tr\u00e1nh \u0111\u1ec3 k\u1eb9o ti\u1ebfp x\u00fac l\u00e2u v\u1edbi kh\u00f4ng kh\u00ed sau khi m\u1edf t\u00fai \u0111\u1ec3 tr\u00e1nh k\u1eb9o b\u1ecb ch\u1ea3y ho\u1eb7c m\u1ec1m.<\/p>\n<p data-path-to-node=\"22\"><img loading=\"lazy\" decoding=\"async\" class=\"aligncenter wp-image-43566\" src=\"https:\/\/havamall.com\/wp-content\/uploads\/2025\/11\/4d714c841669a35340327c7e3235a067.webp\" alt=\"\" width=\"800\" height=\"800\" srcset=\"https:\/\/havamall.com\/wp-content\/uploads\/2025\/11\/4d714c841669a35340327c7e3235a067.webp 750w, https:\/\/havamall.com\/wp-content\/uploads\/2025\/11\/4d714c841669a35340327c7e3235a067-12x12.webp 12w, https:\/\/havamall.com\/wp-content\/uploads\/2025\/11\/4d714c841669a35340327c7e3235a067-600x600.webp 600w, https:\/\/havamall.com\/wp-content\/uploads\/2025\/11\/4d714c841669a35340327c7e3235a067-150x150.webp 150w\" sizes=\"(max-width: 800px) 100vw, 800px\" \/><\/p>\n<p data-path-to-node=\"24\"><em>Havamall t\u1ef1 h\u00e0o l\u00e0 nh\u00e0 nh\u1eadp kh\u1ea9u v\u00e0 ph\u00e2n ph\u1ed1i s\u1ea3n ph\u1ea9m K\u1eb9o Ng\u1eadm V\u1ecb G\u1eebng Nissin Nh\u1eadt B\u1ea3n 70g ch\u00ednh h\u00e3ng.<\/em><\/p>","protected":false},"excerpt":{"rendered":"<p>TH\u00d4NG TIN S\u1ea2N PH\u1ea8M Th\u01b0\u01a1ng Hi\u1ec7u Nissin Xu\u1ea5t X\u1ee9\u00a0 Nh\u1eadt B\u1ea3n Th\u00e0nh Ph\u1ea7n \u0110\u01b0\u1eddng, Siro, \u0110\u01b0\u1eddng \u0110en (Kurozat\u014d), B\u1ed9t G\u1eebng<\/p>","protected":false},"featured_media":43560,"comment_status":"open","ping_status":"closed","template":"","meta":[],"product_brand":[],"product_cat":[133,130,722],"product_tag":[],"class_list":{"0":"post-43558","1":"product","2":"type-product","3":"status-publish","4":"has-post-thumbnail","6":"product_cat-banh-keo-chocolate","7":"product_cat-khuyen-mai","8":"product_cat-nhap-khau-nhat-ban","10":"first","11":"instock","12":"sale","13":"shipping-taxable","14":"purchasable","15":"product-type-simple"},"_links":{"self":[{"href":"https:\/\/havamall.com\/en\/wp-json\/wp\/v2\/product\/43558","targetHints":{"allow":["GET"]}}],"collection":[{"href":"https:\/\/havamall.com\/en\/wp-json\/wp\/v2\/product"}],"about":[{"href":"https:\/\/havamall.com\/en\/wp-json\/wp\/v2\/types\/product"}],"replies":[{"embeddable":true,"href":"https:\/\/havamall.com\/en\/wp-json\/wp\/v2\/comments?post=43558"}],"version-history":[{"count":0,"href":"https:\/\/havamall.com\/en\/wp-json\/wp\/v2\/product\/43558\/revisions"}],"wp:featuredmedia":[{"embeddable":true,"href":"https:\/\/havamall.com\/en\/wp-json\/wp\/v2\/media\/43560"}],"wp:attachment":[{"href":"https:\/\/havamall.com\/en\/wp-json\/wp\/v2\/media?parent=43558"}],"wp:term":[{"taxonomy":"product_brand","embeddable":true,"href":"https:\/\/havamall.com\/en\/wp-json\/wp\/v2\/product_brand?post=43558"},{"taxonomy":"product_cat","embeddable":true,"href":"https:\/\/havamall.com\/en\/wp-json\/wp\/v2\/product_cat?post=43558"},{"taxonomy":"product_tag","embeddable":true,"href":"https:\/\/havamall.com\/en\/wp-json\/wp\/v2\/product_tag?post=43558"}],"curies":[{"name":"wp","href":"https:\/\/api.w.org\/{rel}","templated":true}]}}