{"id":4356,"date":"2018-05-22T15:49:21","date_gmt":"2018-05-22T08:49:21","guid":{"rendered":"https:\/\/havamall.com\/?post_type=product&#038;p=4356"},"modified":"2025-12-03T04:09:46","modified_gmt":"2025-12-02T21:09:46","slug":"keo-socola-vien-bi-goi-100g","status":"publish","type":"product","link":"https:\/\/havamall.com\/en\/shop\/keo-socola-vien-bi-goi-100g\/","title":{"rendered":"K\u1eb9o Socola vi\u00ean bi &#8211; g\u00f3i 100g"},"content":{"rendered":"<table>\n<tbody>\n<tr>\n<td class=\"specs-table__property\">H\u1ea1n s\u1eed d\u1ee5ng<\/td>\n<td class=\"specs-table__value\">12 th\u00e1ng<\/td>\n<\/tr>\n<tr>\n<td class=\"specs-table__property\">Quy c\u00e1ch \u0111\u00f3ng g\u00f3i (s\u1ec9)<\/td>\n<td class=\"specs-table__value\">20 b\u1ecbch<\/td>\n<\/tr>\n<tr>\n<td class=\"specs-table__property\">Kh\u1ed1i l\u01b0\u1ee3ng<\/td>\n<td class=\"specs-table__value\">100g<\/td>\n<\/tr>\n<tr>\n<td class=\"specs-table__property\">H\u01b0\u1edbng d\u1eabn s\u1eed d\u1ee5ng<\/td>\n<td class=\"specs-table__value\">\u0102n tr\u1ef1c ti\u1ebfp ho\u1eb7c trang tr\u00ed m\u00f3n \u0103n.<\/td>\n<\/tr>\n<tr>\n<td class=\"specs-table__property\">Th\u00e0nh ph\u1ea7n nguy\u00ean li\u1ec7u<\/td>\n<td class=\"specs-table__value\">\u0110\u01b0\u1eddng,socola, tinh b\u1ed9t b\u1eafp,siro b\u1eafp,gum arabic,s\u00e1p carnuaba, m\u00e0u th\u1ef1c ph\u1ea9m,&#8230;.<\/td>\n<\/tr>\n<tr>\n<td class=\"specs-table__property\">H\u01b0\u1edbng d\u1eabn b\u1ea3o qu\u1ea3n<\/td>\n<td class=\"specs-table__value\">B\u1ea3o qu\u1ea3n n\u01a1i kh\u00f4 r\u00e1o tho\u00e1ng m\u00e1t. Tr\u00e1nh nhi\u1ec7t \u0111\u1ed9<\/td>\n<\/tr>\n<tr>\n<td class=\"specs-table__property\">Xu\u1ea5t x\u1ee9<\/td>\n<td class=\"specs-table__value\">H\u00e0n Qu\u1ed1c<\/td>\n<\/tr>\n<\/tbody>\n<\/table>\n<p><strong>K\u1eb9o Socola\u00a0Socola vi\u00ean bi &#8211; g\u00f3i 100g\u00a0<\/strong>v\u1edbi m\u00e0u s\u1eafc s\u1eb7c s\u1ee1 c\u00f9ng quy tr\u00ecnh s\u1ea3n xu\u1ea5t \u0111\u1ea3m b\u1ea3o an to\u00e0n h\u1ee9a h\u1eb9n s\u1ebd l\u00e0 m\u1ed9t m\u00f3n qu\u00e0 \u0111\u00e1ng l\u01b0u t\u00e2m cho c\u00e1c em nh\u1ecf d\u1ecbp gi\u00e1ng sinh s\u1eafp t\u1edbi.<\/p>\n<p><strong>\u0110\u1eb7c \u0111i\u1ec3m n\u1ed5i b\u1eadt c\u1ee7a s\u1ea3n ph\u1ea9m\u00a0<\/strong><\/p>\n<p>&#8211; Nguy\u00ean li\u1ec7u c\u1ee7a k\u1eb9o socola \u0111\u01b0\u1ee3c nh\u1eadp kh\u1ea9u\u00a0ho\u00e0n to\u00e0n t\u1eeb H\u00e0n Qu\u1ed1c. V\u1edbi quy tr\u00ecnh s\u1ea3n xu\u1ea5t hi\u1ec7n \u0111\u1ea1i, c\u00f3 s\u1ef1 gi\u00e1m s\u00e1t ch\u1eb7t ch\u1ebd v\u1ec1 ch\u1ea5t l\u01b0\u1ee3ng v\u00e0 c\u00f3 s\u1ef1 gi\u00e1m s\u00e1t ch\u1eb7t ch\u1ebd khi \u0111\u00f3ng g\u00f3i t\u1ea1i Vi\u1ec7t Nam, \u0111em \u0111\u1ebfn s\u1ea3n ph\u1ea9m an to\u00e0n tuy\u1ec7t \u0111\u1ed1i cho s\u1ee9c kh\u1ecfe ng\u01b0\u1eddi ti\u00eau d\u00f9ng.<\/p>\n<p>&#8211; K\u1eb9o\u00a0Socola vi\u00ean bi c\u00f3 h\u01b0\u01a1ng v\u1ecb ng\u1ecdt ng\u00e0o \u0111\u0103ng tr\u01b0ng c\u1ee7a socola. \u0110\u1eb7c bi\u1ec7t s\u1ef1 \u0111a m\u00e0u s\u1eafc c\u1ee7a t\u00fai k\u1eb9o ch\u1eafc ch\u1eafn c\u00e1c b\u00e9 nh\u1ecf s\u1ebd r\u1ea5t th\u00edch.<\/p>\n<p><img fetchpriority=\"high\" decoding=\"async\" class=\"wp-image-9559 aligncenter\" src=\"https:\/\/havamall.com\/wp-content\/uploads\/2018\/05\/800x800-copy-1.jpg\" alt=\"\" width=\"513\" height=\"513\" srcset=\"https:\/\/havamall.com\/wp-content\/uploads\/2018\/05\/800x800-copy-1.jpg 800w, https:\/\/havamall.com\/wp-content\/uploads\/2018\/05\/800x800-copy-1-600x600.jpg 600w, https:\/\/havamall.com\/wp-content\/uploads\/2018\/05\/800x800-copy-1-150x150.jpg 150w\" sizes=\"(max-width: 513px) 100vw, 513px\" \/><\/p>\n<p>&#8211; S\u1ea3n ph\u1ea9m ch\u1ee9a nhi\u1ec1u vitamin v\u00e0 c\u00e1c ch\u1ea5t dinh d\u01b0\u1ee1ng c\u1ea7n thi\u1ebft cho c\u01a1 th\u1ec3, cung c\u1ea5p n\u0103ng l\u01b0\u1ee3ng cho ho\u1ea1t \u0111\u1ed9ng h\u00e0ng ng\u00e0y.<\/p>\n<p>&#8211; T\u00fai k\u1eb9o \u0111\u01b0\u1ee3c \u0111\u00f3ng g\u00f3i k\u0129, c\u00f3 nh\u00e3n m\u00e1c, th\u00f4ng tin r\u00f5 r\u00e0ng.<\/p>\n<p>&#8211; K\u1eb9o\u00a0Socola vi\u00ean bi &#8211; g\u00f3i 100g th\u00edch h\u1ee3p \u0111\u1ec3 l\u00e0m qu\u00e0 cho c\u00e1c em nh\u1ecf nh\u00e2n d\u1ecbp\u00a0\u0111\u1eb7c bi\u1ec7t. Ngo\u00e0i ra k\u1eb9o c\u00f3 th\u1ec3 s\u1eed d\u1ee5ng \u0111\u1ec3 trang tr\u00ed b\u00e1nh gato, cupcake, t\u00f4 \u0111i\u1ec3m\u00a0cho kh\u00f4ng kh\u00ed b\u1eefa ti\u1ec7c\u00a0gi\u00e1ng sinh th\u00eam s\u1ed1ng \u0111\u1ed9ng, r\u1ef1c r\u1ee1.<\/p>\n<p><strong>C\u00e1ch s\u1eed d\u1ee5ng v\u00e0 b\u1ea3o qu\u1ea3n k\u1eb9o Socola vi\u00ean bi &#8211; g\u00f3i 100g<\/strong><\/p>\n<p>&#8211; C\u00e1ch s\u1eed d\u1ee5ng: K\u1eb9o s\u1eed d\u1ee5ng \u0111\u1ec3 \u0103n tr\u1ef1c ti\u1ebfp, trang tr\u00ed b\u00e1nh gato, cupcake, trang tr\u00ed sinh nh\u1eadt, b\u1eefa ti\u1ec7c gi\u00e1ng sinh,&#8230;<\/p>\n<p>&#8211; B\u1ea3o qu\u1ea3n \u1edf n\u01a1i kh\u00f4 r\u00e1o, tho\u00e1ng m\u00e1t, tr\u00e1nh \u00e1nh n\u1eafng tr\u1ef1c ti\u1ebfp t\u1eeb m\u1eb7t tr\u1eddi.<\/p>","protected":false},"excerpt":{"rendered":"<p>H\u1ea1n s\u1eed d\u1ee5ng 12 th\u00e1ng Quy c\u00e1ch \u0111\u00f3ng g\u00f3i (s\u1ec9) 20 b\u1ecbch Kh\u1ed1i l\u01b0\u1ee3ng 100g H\u01b0\u1edbng d\u1eabn s\u1eed d\u1ee5ng \u0102n<\/p>","protected":false},"featured_media":9559,"comment_status":"open","ping_status":"closed","template":"","meta":[],"product_brand":[],"product_cat":[133,36],"product_tag":[],"class_list":{"0":"post-4356","1":"product","2":"type-product","3":"status-publish","4":"has-post-thumbnail","6":"product_cat-banh-keo-chocolate","7":"product_cat-thuc-pham-tieu-dung","8":"pa_brand-skx","10":"first","11":"instock","12":"sale","13":"shipping-taxable","14":"purchasable","15":"product-type-simple"},"_links":{"self":[{"href":"https:\/\/havamall.com\/en\/wp-json\/wp\/v2\/product\/4356","targetHints":{"allow":["GET"]}}],"collection":[{"href":"https:\/\/havamall.com\/en\/wp-json\/wp\/v2\/product"}],"about":[{"href":"https:\/\/havamall.com\/en\/wp-json\/wp\/v2\/types\/product"}],"replies":[{"embeddable":true,"href":"https:\/\/havamall.com\/en\/wp-json\/wp\/v2\/comments?post=4356"}],"version-history":[{"count":0,"href":"https:\/\/havamall.com\/en\/wp-json\/wp\/v2\/product\/4356\/revisions"}],"wp:featuredmedia":[{"embeddable":true,"href":"https:\/\/havamall.com\/en\/wp-json\/wp\/v2\/media\/9559"}],"wp:attachment":[{"href":"https:\/\/havamall.com\/en\/wp-json\/wp\/v2\/media?parent=4356"}],"wp:term":[{"taxonomy":"product_brand","embeddable":true,"href":"https:\/\/havamall.com\/en\/wp-json\/wp\/v2\/product_brand?post=4356"},{"taxonomy":"product_cat","embeddable":true,"href":"https:\/\/havamall.com\/en\/wp-json\/wp\/v2\/product_cat?post=4356"},{"taxonomy":"product_tag","embeddable":true,"href":"https:\/\/havamall.com\/en\/wp-json\/wp\/v2\/product_tag?post=4356"}],"curies":[{"name":"wp","href":"https:\/\/api.w.org\/{rel}","templated":true}]}}