{"id":43572,"date":"2025-11-30T11:07:11","date_gmt":"2025-11-30T04:07:11","guid":{"rendered":"https:\/\/havamall.com\/?post_type=product&#038;p=43572"},"modified":"2026-03-18T14:29:16","modified_gmt":"2026-03-18T07:29:16","slug":"keo-sua-vi-vanilla-nhap-khau-nhat-ban-uha-88g-high-conc-milk-candy","status":"publish","type":"product","link":"https:\/\/havamall.com\/en\/shop\/keo-sua-vi-vanilla-nhap-khau-nhat-ban-uha-88g-high-conc-milk-candy\/","title":{"rendered":"K\u1eb9o S\u1eefa V\u1ecb Vanilla Nh\u1eadp Kh\u1ea9u Nh\u1eadt B\u1ea3n UHA 88g \u2013 High Conc. Milk Candy"},"content":{"rendered":"<blockquote>\n<h3><span style=\"font-size: 18pt;\"><em><strong>TH\u00d4NG TIN S\u1ea2N PH\u1ea8M<\/strong><\/em><\/span><\/h3>\n<\/blockquote>\n<table style=\"width: 82.5472%; height: 198px;\" data-path-to-node=\"13\">\n<tbody>\n<tr>\n<td style=\"width: 13.6488%;\"><span data-path-to-node=\"13,1,0,0\"><b>Th\u01b0\u01a1ng Hi\u1ec7u<\/b><\/span><\/td>\n<td style=\"width: 85.6233%;\"><span data-path-to-node=\"13,1,1,0\">UHA Mikakuto (UHA\u5473\u899a\u7cd6)<\/span><\/td>\n<\/tr>\n<tr>\n<td style=\"width: 13.6488%;\"><span data-path-to-node=\"13,2,0,0\"><b>Xu\u1ea5t X\u1ee9<\/b><\/span><\/td>\n<td style=\"width: 85.6233%;\"><span data-path-to-node=\"13,2,1,0\">Nh\u1eadt B\u1ea3n<\/span><\/td>\n<\/tr>\n<tr>\n<td style=\"width: 13.6488%;\"><span data-path-to-node=\"13,3,0,0\"><b>Th\u00e0nh Ph\u1ea7n<\/b><\/span><\/td>\n<td style=\"width: 85.6233%;\"><span data-path-to-node=\"13,3,1,0\">\u0110\u01b0\u1eddng, Siro, Kem T\u01b0\u01a1i, B\u01a1, B\u1ed9t S\u1eefa, S\u1eefa \u0110\u1eb7c (T\u1ea5t c\u1ea3 nguy\u00ean li\u1ec7u s\u1eefa \u0111\u1ec1u t\u1eeb Hokkaido), H\u01b0\u01a1ng Vanilla Madagascar, Ch\u1ea5t nh\u0169 h\u00f3a.<\/span><\/td>\n<\/tr>\n<tr>\n<td style=\"width: 13.6488%;\"><span data-path-to-node=\"13,4,0,0\"><b>H\u1ea1n S\u1eed D\u1ee5ng<\/b><\/span><\/td>\n<td style=\"width: 85.6233%;\"><span data-path-to-node=\"13,4,1,0\">Chi ti\u1ebft theo NSX\/HSD in tr\u00ean bao b\u00ec (12 th\u00e1ng)<\/span><\/td>\n<\/tr>\n<tr>\n<td style=\"width: 13.6488%;\"><span data-path-to-node=\"13,5,0,0\"><b>B\u1ea3o Qu\u1ea3n<\/b><\/span><\/td>\n<td style=\"width: 85.6233%;\"><span data-path-to-node=\"13,5,1,0\">N\u01a1i kh\u00f4 r\u00e1o, tho\u00e1ng m\u00e1t, tr\u00e1nh \u00e1nh n\u1eafng tr\u1ef1c ti\u1ebfp.<\/span><\/td>\n<\/tr>\n<tr>\n<td style=\"width: 13.6488%;\"><span data-path-to-node=\"13,6,0,0\"><b>Kh\u1ed1i L\u01b0\u1ee3ng T\u1ecbnh<\/b><\/span><\/td>\n<td style=\"width: 85.6233%;\">88g<\/td>\n<\/tr>\n<\/tbody>\n<\/table>\n<p data-path-to-node=\"17\">Th\u01b0\u01a1ng hi\u1ec7u\u00a0<b>UHA Mikakuto<\/b>\u00a0l\u00e0 m\u1ed9t trong nh\u1eefng c\u00f4ng ty b\u00e1nh k\u1eb9o h\u00e0ng \u0111\u1ea7u v\u00e0 l\u00e2u \u0111\u1eddi t\u1ea1i Nh\u1eadt B\u1ea3n, n\u1ed5i ti\u1ebfng v\u1edbi s\u1ef1 \u0111\u1ed5i m\u1edbi v\u00e0 ch\u1ea5t l\u01b0\u1ee3ng s\u1ea3n ph\u1ea9m v\u01b0\u1ee3t tr\u1ed9i. K\u1ec3 t\u1eeb khi ra m\u1eaft v\u00e0o n\u0103m 1990, d\u00f2ng k\u1eb9o s\u1eefa\u00a0<b>Tokunou Milk 8.2<\/b>\u00a0\u0111\u00e3 nhanh ch\u00f3ng tr\u1edf th\u00e0nh bi\u1ec3u t\u01b0\u1ee3ng cho k\u1eb9o s\u1eefa cao c\u1ea5p t\u1ea1i x\u1ee9 s\u1edf hoa anh \u0111\u00e0o. Tri\u1ebft l\u00fd c\u1ee7a UHA l\u00e0 mang \u0111\u1ebfn h\u01b0\u01a1ng v\u1ecb s\u1eefa tinh khi\u1ebft, \u0111\u1eadm \u0111\u1eb7c nh\u1ea5t c\u00f3 th\u1ec3, s\u1eed d\u1ee5ng nh\u1eefng nguy\u00ean li\u1ec7u th\u01b0\u1ee3ng h\u1ea1ng.<\/p>\n<p data-path-to-node=\"17\"><img fetchpriority=\"high\" decoding=\"async\" class=\"aligncenter wp-image-43576\" src=\"https:\/\/havamall.com\/wp-content\/uploads\/2025\/11\/546311595_1252850176857796_6244985905306876260_n.jpg\" alt=\"\" width=\"800\" height=\"800\" srcset=\"https:\/\/havamall.com\/wp-content\/uploads\/2025\/11\/546311595_1252850176857796_6244985905306876260_n.jpg 1068w, https:\/\/havamall.com\/wp-content\/uploads\/2025\/11\/546311595_1252850176857796_6244985905306876260_n-12x12.jpg 12w, https:\/\/havamall.com\/wp-content\/uploads\/2025\/11\/546311595_1252850176857796_6244985905306876260_n-600x600.jpg 600w, https:\/\/havamall.com\/wp-content\/uploads\/2025\/11\/546311595_1252850176857796_6244985905306876260_n-150x150.jpg 150w\" sizes=\"(max-width: 800px) 100vw, 800px\" \/><\/p>\n<p data-path-to-node=\"18\">Tokunou Milk 8.2 kh\u00f4ng ch\u1ec9 l\u00e0 m\u1ed9t m\u00f3n \u0103n v\u1eb7t m\u00e0 c\u00f2n l\u00e0 s\u1ef1 t\u00f4n vinh v\u00f9ng \u0111\u1ea5t <b>Hokkaido<\/b>\u00a0\u2013 \u0111\u01b0\u1ee3c m\u1ec7nh danh l\u00e0 &#8220;Thi\u00ean \u0111\u01b0\u1eddng s\u1eefa v\u00e0 b\u01a1&#8221; c\u1ee7a Nh\u1eadt B\u1ea3n. UHA cam k\u1ebft r\u1eb1ng\u00a0<b>t\u1ea5t c\u1ea3 nguy\u00ean li\u1ec7u t\u1eeb s\u1eefa<\/b> (bao g\u1ed3m kem t\u01b0\u01a1i, s\u1eefa \u0111\u1eb7c, b\u1ed9t s\u1eefa, b\u01a1) \u0111\u01b0\u1ee3c s\u1eed d\u1ee5ng trong k\u1eb9o \u0111\u1ec1u c\u00f3 ngu\u1ed3n g\u1ed1c t\u1eeb v\u00f9ng Hokkaido.<\/p>\n<p data-path-to-node=\"18\"><img decoding=\"async\" class=\"aligncenter wp-image-43577\" src=\"https:\/\/havamall.com\/wp-content\/uploads\/2025\/11\/61REFL8kMoL._AC_SL1000_.jpg\" alt=\"\" width=\"800\" height=\"800\" srcset=\"https:\/\/havamall.com\/wp-content\/uploads\/2025\/11\/61REFL8kMoL._AC_SL1000_.jpg 1000w, https:\/\/havamall.com\/wp-content\/uploads\/2025\/11\/61REFL8kMoL._AC_SL1000_-12x12.jpg 12w, https:\/\/havamall.com\/wp-content\/uploads\/2025\/11\/61REFL8kMoL._AC_SL1000_-600x600.jpg 600w, https:\/\/havamall.com\/wp-content\/uploads\/2025\/11\/61REFL8kMoL._AC_SL1000_-150x150.jpg 150w\" sizes=\"(max-width: 800px) 100vw, 800px\" \/><\/p>\n<blockquote>\n<p data-path-to-node=\"18\"><span style=\"font-size: 18pt;\"><strong><em>\u0110\u1eb6C \u0110I\u1ec2M N\u1ed4I B\u1eacT<\/em><\/strong><\/span><\/p>\n<\/blockquote>\n<p data-path-to-node=\"21,0,0\"><b>\u2013 CH\u1ec8 S\u1ed0 \u0110\u1eb6C BI\u1ec6T 8.2:<\/b>\u00a0S\u1ed1 8.2 tr\u00ean bao b\u00ec bi\u1ec3u th\u1ecb\u00a0<b>n\u1ed3ng \u0111\u1ed9 ch\u1ea5t b\u00e9o s\u1eefa<\/b>\u00a0(Milk Fat) \u0111\u01b0\u1ee3c c\u00f4 \u0111\u1ecdng trong c\u00f4ng th\u1ee9c. \u0110\u00e2y l\u00e0 n\u1ed3ng \u0111\u1ed9 t\u1ed1i \u01b0u m\u00e0 UHA \u0111\u00e3 d\u00e0y c\u00f4ng nghi\u00ean c\u1ee9u \u0111\u1ec3 t\u1ea1o ra \u0111\u1ed9 b\u00e9o ng\u1eady, th\u01a1m ngon nh\u1ea5t, gi\u00fap k\u1eb9o tan ch\u1ea3y t\u1eeb t\u1eeb trong mi\u1ec7ng m\u00e0 v\u1eabn gi\u1eef \u0111\u01b0\u1ee3c s\u1ef1 tinh khi\u1ebft c\u1ee7a s\u1eefa t\u01b0\u01a1i.<\/p>\n<p data-path-to-node=\"21,1,0\"><b>\u2013 TINH CH\u1ea4T VANILLA MADAGASCAR:<\/b>\u00a0\u0110\u1ec3 n\u00e2ng t\u1ea7m h\u01b0\u01a1ng v\u1ecb, UHA \u0111\u00e3 ch\u1ecdn l\u1ecdc tinh ch\u1ea5t Vanilla t\u1eeb\u00a0<b>Madagascar<\/b>\u00a0\u2013 m\u1ed9t trong nh\u1eefng lo\u1ea1i Vanilla ch\u1ea5t l\u01b0\u1ee3ng cao nh\u1ea5t th\u1ebf gi\u1edbi. H\u01b0\u01a1ng Vanilla t\u1ef1 nhi\u00ean, thanh l\u1ecbch n\u00e0y h\u00f2a quy\u1ec7n v\u1edbi v\u1ecb b\u00e9o c\u1ee7a s\u1eefa Hokkaido, t\u1ea1o n\u00ean s\u1ef1 c\u00e2n b\u1eb1ng ho\u00e0n h\u1ea3o, l\u00e0m n\u1ed5i b\u1eadt l\u00ean h\u01b0\u01a1ng th\u01a1m t\u1ef1 nhi\u00ean c\u1ee7a kem s\u1eefa.<\/p>\n<p data-path-to-node=\"21,2,0\"><b>\u2013 NGUY\u00caN LI\u1ec6U 100% T\u1eea HOKKAIDO:<\/b>\u00a0Ch\u1ea5t l\u01b0\u1ee3ng s\u1eefa Hokkaido l\u00e0 y\u1ebfu t\u1ed1 quy\u1ebft \u0111\u1ecbnh. S\u1eefa t\u1eeb v\u00f9ng n\u00e0y n\u1ed5i ti\u1ebfng v\u1edbi s\u1ef1 b\u00e9o ng\u1eady, gi\u00e0u d\u01b0\u1ee1ng ch\u1ea5t, \u0111\u01b0\u1ee3c s\u1ea3n xu\u1ea5t trong \u0111i\u1ec1u ki\u1ec7n kh\u00ed h\u1eadu l\u1ea1nh v\u00e0 m\u00f4i tr\u01b0\u1eddng ch\u0103n nu\u00f4i l\u00fd t\u01b0\u1edfng. Ch\u00ednh s\u1ef1 kh\u00e1c bi\u1ec7t v\u1ec1 ngu\u1ed3n nguy\u00ean li\u1ec7u \u0111\u00e3 khi\u1ebfn k\u1eb9o Tokunou Milk 8.2 tr\u1edf n\u00ean cao c\u1ea5p h\u01a1n h\u1eb3n c\u00e1c lo\u1ea1i k\u1eb9o s\u1eefa th\u00f4ng th\u01b0\u1eddng.<\/p>\n<p data-path-to-node=\"21,3,0\"><b>\u2013 K\u1ebeT C\u1ea4U M\u1ecaN V\u00c0 TAN CH\u1ea2Y:<\/b>\u00a0K\u1eb9o c\u00f3 k\u1ebft c\u1ea5u c\u1ee9ng nh\u01b0ng m\u1ecbn, kh\u00f4ng d\u00ednh r\u0103ng. Khi ng\u1eadm, k\u1eb9o t\u1eeb t\u1eeb tan ch\u1ea3y, gi\u1ea3i ph\u00f3ng h\u01b0\u01a1ng v\u1ecb s\u1eefa v\u00e0 b\u01a1 c\u00f4 \u0111\u1eb7c, mang l\u1ea1i c\u1ea3m gi\u00e1c d\u1ec5 ch\u1ecbu v\u00e0 th\u01b0 gi\u00e3n tuy\u1ec7t \u0111\u1ed1i.<\/p>\n<p data-path-to-node=\"21,3,0\"><img decoding=\"async\" class=\"aligncenter wp-image-43578\" src=\"https:\/\/havamall.com\/wp-content\/uploads\/2025\/11\/31ZsOvWxnCL._AC_SL1000_.jpg\" alt=\"\" width=\"800\" height=\"800\" srcset=\"https:\/\/havamall.com\/wp-content\/uploads\/2025\/11\/31ZsOvWxnCL._AC_SL1000_.jpg 1000w, https:\/\/havamall.com\/wp-content\/uploads\/2025\/11\/31ZsOvWxnCL._AC_SL1000_-12x12.jpg 12w, https:\/\/havamall.com\/wp-content\/uploads\/2025\/11\/31ZsOvWxnCL._AC_SL1000_-600x600.jpg 600w, https:\/\/havamall.com\/wp-content\/uploads\/2025\/11\/31ZsOvWxnCL._AC_SL1000_-150x150.jpg 150w\" sizes=\"(max-width: 800px) 100vw, 800px\" \/><\/p>\n<blockquote>\n<p data-path-to-node=\"22\"><span style=\"font-size: 18pt;\"><em><b>GI\u00c1 TR\u1eca DINH D\u01af\u1ee0NG V\u00c0 L\u1ee2I \u00cdCH S\u1ee8C KH\u1eceE \u0110\u1ed8C \u0110\u00c1O<\/b><\/em><\/span><\/p>\n<\/blockquote>\n<p data-path-to-node=\"24,0,0\"><b>\u2013 NGU\u1ed2N CUNG C\u1ea4P CANXI V\u00c0 PROTEIN:<\/b>\u00a0L\u00e0 s\u1ea3n ph\u1ea9m c\u00f4 \u0111\u1eb7c t\u1eeb s\u1eefa, k\u1eb9o cung c\u1ea5p m\u1ed9t l\u01b0\u1ee3ng \u0111\u00e1ng k\u1ec3 Canxi, c\u1ea7n thi\u1ebft cho s\u1ef1 ph\u00e1t tri\u1ec3n x\u01b0\u01a1ng v\u00e0 r\u0103ng, \u0111\u1eb7c bi\u1ec7t quan tr\u1ecdng \u0111\u1ed1i v\u1edbi tr\u1ebb em v\u00e0 ng\u01b0\u1eddi l\u1edbn tu\u1ed5i. Protein trong s\u1eefa c\u0169ng h\u1ed7 tr\u1ee3 c\u01a1 th\u1ec3 x\u00e2y d\u1ef1ng v\u00e0 ph\u1ee5c h\u1ed3i t\u1ebf b\u00e0o.<\/p>\n<p data-path-to-node=\"24,1,0\"><b>\u2013 B\u1ed4 SUNG N\u0102NG L\u01af\u1ee2NG NHANH CH\u00d3NG:<\/b>\u00a0V\u1edbi h\u00e0m l\u01b0\u1ee3ng ch\u1ea5t b\u00e9o v\u00e0 \u0111\u01b0\u1eddng t\u1ef1 nhi\u00ean t\u1eeb s\u1eefa cao, k\u1eb9o l\u00e0 ngu\u1ed3n cung c\u1ea5p n\u0103ng l\u01b0\u1ee3ng t\u1ee9c th\u00ec, l\u00fd t\u01b0\u1edfng \u0111\u1ec3 ph\u1ee5c h\u1ed3i s\u1ef1 t\u1ec9nh t\u00e1o sau nh\u1eefng gi\u1edd l\u00e0m vi\u1ec7c c\u0103ng th\u1eb3ng, ho\u1eb7c khi c\u1ea3m th\u1ea5y m\u1ec7t m\u1ecfi, t\u1ee5t \u0111\u01b0\u1eddng huy\u1ebft.<\/p>\n<p data-path-to-node=\"24,2,0\"><b>\u2013 H\u1ed6 TR\u1ee2 TINH TH\u1ea6N:<\/b>\u00a0H\u01b0\u01a1ng v\u1ecb s\u1eefa b\u00e9o ng\u1eady, th\u01a1m Vanilla c\u00f3 t\u00e1c d\u1ee5ng an th\u1ea7n nh\u1eb9, gi\u00fap gi\u1ea3m c\u0103ng th\u1eb3ng v\u00e0 mang l\u1ea1i c\u1ea3m gi\u00e1c d\u1ec5 ch\u1ecbu, l\u00e0 m\u1ed9t &#8220;li\u1ec1u thu\u1ed1c&#8221; tinh th\u1ea7n hi\u1ec7u qu\u1ea3.<\/p>\n<p data-path-to-node=\"24,3,0\"><b>\u2013 PH\u00d9 H\u1ee2P CHO NG\u01af\u1edcI \u0102N KI\u00caNG (KI\u1ec2M SO\u00c1T):<\/b>\u00a0M\u1eb7c d\u00f9 k\u1eb9o ch\u1ee9a ch\u1ea5t b\u00e9o s\u1eefa, nh\u01b0ng nh\u1edd h\u01b0\u01a1ng v\u1ecb \u0111\u1eadm \u0111\u00e0, ng\u01b0\u1eddi d\u00f9ng ch\u1ec9 c\u1ea7n ng\u1eadm m\u1ed9t v\u00e0i vi\u00ean \u0111\u00e3 c\u1ea3m th\u1ea5y th\u1ecfa m\u00e3n c\u01a1n th\u00e8m ng\u1ecdt v\u00e0 th\u00e8m b\u00e9o, h\u1ed7 tr\u1ee3 ki\u1ec3m so\u00e1t kh\u1ea9u ph\u1ea7n t\u1ed1t h\u01a1n so v\u1edbi c\u00e1c lo\u1ea1i \u0111\u1ed3 ng\u1ecdt kh\u00e1c.<\/p>\n<p data-path-to-node=\"28\"><img loading=\"lazy\" decoding=\"async\" class=\"aligncenter wp-image-43579\" src=\"https:\/\/havamall.com\/wp-content\/uploads\/2025\/11\/7360e5b5adfd9104be4512a56695288e_750x750.png\" alt=\"\" width=\"800\" height=\"800\" srcset=\"https:\/\/havamall.com\/wp-content\/uploads\/2025\/11\/7360e5b5adfd9104be4512a56695288e_750x750.png 750w, https:\/\/havamall.com\/wp-content\/uploads\/2025\/11\/7360e5b5adfd9104be4512a56695288e_750x750-12x12.png 12w, https:\/\/havamall.com\/wp-content\/uploads\/2025\/11\/7360e5b5adfd9104be4512a56695288e_750x750-600x600.png 600w, https:\/\/havamall.com\/wp-content\/uploads\/2025\/11\/7360e5b5adfd9104be4512a56695288e_750x750-150x150.png 150w\" sizes=\"(max-width: 800px) 100vw, 800px\" \/><\/p>\n<p data-path-to-node=\"29\">Havamall cam k\u1ebft mang \u0111\u1ebfn s\u1ea3n ph\u1ea9m K\u1eb9o S\u1eefa \u0110\u1eb7c Cao C\u1ea5p UHA Tokunou Milk 8.2 ch\u00ednh h\u00e3ng, nh\u1eadp kh\u1ea9u tr\u1ef1c ti\u1ebfp t\u1eeb Nh\u1eadt B\u1ea3n.<\/p>","protected":false},"excerpt":{"rendered":"<p>TH\u00d4NG TIN S\u1ea2N PH\u1ea8M Th\u01b0\u01a1ng Hi\u1ec7u UHA Mikakuto (UHA\u5473\u899a\u7cd6) Xu\u1ea5t X\u1ee9 Nh\u1eadt B\u1ea3n Th\u00e0nh Ph\u1ea7n \u0110\u01b0\u1eddng, Siro, Kem T\u01b0\u01a1i, B\u01a1,<\/p>","protected":false},"featured_media":43574,"comment_status":"open","ping_status":"closed","template":"","meta":[],"product_brand":[],"product_cat":[133,130,722],"product_tag":[],"class_list":{"0":"post-43572","1":"product","2":"type-product","3":"status-publish","4":"has-post-thumbnail","6":"product_cat-banh-keo-chocolate","7":"product_cat-khuyen-mai","8":"product_cat-nhap-khau-nhat-ban","10":"first","11":"instock","12":"sale","13":"shipping-taxable","14":"purchasable","15":"product-type-simple"},"_links":{"self":[{"href":"https:\/\/havamall.com\/en\/wp-json\/wp\/v2\/product\/43572","targetHints":{"allow":["GET"]}}],"collection":[{"href":"https:\/\/havamall.com\/en\/wp-json\/wp\/v2\/product"}],"about":[{"href":"https:\/\/havamall.com\/en\/wp-json\/wp\/v2\/types\/product"}],"replies":[{"embeddable":true,"href":"https:\/\/havamall.com\/en\/wp-json\/wp\/v2\/comments?post=43572"}],"version-history":[{"count":0,"href":"https:\/\/havamall.com\/en\/wp-json\/wp\/v2\/product\/43572\/revisions"}],"wp:featuredmedia":[{"embeddable":true,"href":"https:\/\/havamall.com\/en\/wp-json\/wp\/v2\/media\/43574"}],"wp:attachment":[{"href":"https:\/\/havamall.com\/en\/wp-json\/wp\/v2\/media?parent=43572"}],"wp:term":[{"taxonomy":"product_brand","embeddable":true,"href":"https:\/\/havamall.com\/en\/wp-json\/wp\/v2\/product_brand?post=43572"},{"taxonomy":"product_cat","embeddable":true,"href":"https:\/\/havamall.com\/en\/wp-json\/wp\/v2\/product_cat?post=43572"},{"taxonomy":"product_tag","embeddable":true,"href":"https:\/\/havamall.com\/en\/wp-json\/wp\/v2\/product_tag?post=43572"}],"curies":[{"name":"wp","href":"https:\/\/api.w.org\/{rel}","templated":true}]}}