{"id":43590,"date":"2025-12-02T11:31:35","date_gmt":"2025-12-02T04:31:35","guid":{"rendered":"https:\/\/havamall.com\/?post_type=product&#038;p=43590"},"modified":"2026-02-24T16:21:47","modified_gmt":"2026-02-24T09:21:47","slug":"bot-semolina-lua-mi-chuyen-lam-mi-ong-va-pasta-tuoi-y-divella-500g-semola-di-grano-duro","status":"publish","type":"product","link":"https:\/\/havamall.com\/en\/shop\/bot-semolina-lua-mi-chuyen-lam-mi-ong-va-pasta-tuoi-y-divella-500g-semola-di-grano-duro\/","title":{"rendered":"B\u1ed9t Semolina L\u00faa M\u00ec Chuy\u00ean L\u00e0m M\u00ec \u1ed0ng v\u00e0 Pasta T\u01b0\u01a1i \u00dd Divella 500g \u2013 Semola di Grano Duro"},"content":{"rendered":"<h3>TH\u00d4NG TIN S\u1ea2N PH\u1ea8M<\/h3>\n<table style=\"width: 70.1232%;height: 210px\" data-path-to-node=\"13\">\n<tbody>\n<tr>\n<td><span data-path-to-node=\"13,2,0,0\"><b>Th\u01b0\u01a1ng Hi\u1ec7u<\/b><\/span><\/td>\n<td><span data-path-to-node=\"13,2,1,0\">Divella<\/span><\/td>\n<\/tr>\n<tr>\n<td><span data-path-to-node=\"13,3,0,0\"><b>Xu\u1ea5t X\u1ee9<\/b><\/span><\/td>\n<td><span data-path-to-node=\"13,3,1,0\">\u00dd (Italia)<\/span><\/td>\n<\/tr>\n<tr>\n<td><span data-path-to-node=\"13,4,0,0\"><b>Th\u00e0nh Ph\u1ea7n<\/b><\/span><\/td>\n<td><span data-path-to-node=\"13,4,1,0\">100% B\u1ed9t l\u00faa m\u00ec c\u1ee9ng Durum Wheat Semolina nguy\u00ean ch\u1ea5t.<\/span><\/td>\n<\/tr>\n<tr>\n<td><span data-path-to-node=\"13,5,0,0\"><b>Kh\u1ed1i L\u01b0\u1ee3ng<\/b><\/span><\/td>\n<td><span data-path-to-node=\"13,5,1,0\">500g\u00a0<\/span><\/td>\n<\/tr>\n<tr>\n<td><span data-path-to-node=\"13,6,0,0\"><b>\u0110\u1eb7c \u0110i\u1ec3m B\u1ed9t<\/b><\/span><\/td>\n<td><span data-path-to-node=\"13,6,1,0\">K\u1ebft c\u1ea5u th\u00f4, h\u1ea1t nh\u1ecf, m\u00e0u v\u00e0ng nh\u1ea1t\/h\u1ed5 ph\u00e1ch \u0111\u1eb7c tr\u01b0ng<\/span><\/td>\n<\/tr>\n<tr>\n<td><span data-path-to-node=\"13,7,0,0\"><b>H\u1ea1n S\u1eed D\u1ee5ng<\/b><\/span><\/td>\n<td><span data-path-to-node=\"13,7,1,0\">3 n\u0103m (Xem chi ti\u1ebft tr\u00ean bao b\u00ec s\u1ea3n ph\u1ea9m)<\/span><\/td>\n<\/tr>\n<tr>\n<td><span data-path-to-node=\"13,8,0,0\"><b>B\u1ea3o Qu\u1ea3n<\/b><\/span><\/td>\n<td><span data-path-to-node=\"13,8,1,0\">N\u01a1i kh\u00f4 r\u00e1o, tho\u00e1ng m\u00e1t, tr\u00e1nh \u00e1nh n\u1eafng tr\u1ef1c ti\u1ebfp v\u00e0 nhi\u1ec7t \u0111\u1ed9 cao (Nhi\u1ec7t \u0111\u1ed9 l\u00fd t\u01b0\u1edfng: 20-25 \u0111\u1ed9 C)<\/span><\/td>\n<\/tr>\n<\/tbody>\n<\/table>\n<p>T\u1eeb nh\u1eefng c\u00e1nh \u0111\u1ed3ng l\u00faa m\u00ec v\u00e0ng \u00f3ng t\u1ea1i mi\u1ec1n Nam n\u01b0\u1edbc \u00dd, n\u01a1i gi\u1ed1ng l\u00faa m\u00ec c\u1ee9ng (Durum Wheat) ph\u00e1t tri\u1ec3n m\u1ea1nh m\u1ebd, th\u01b0\u01a1ng hi\u1ec7u Divella \u0111\u00e3 cho ra \u0111\u1eddi d\u00f2ng s\u1ea3n ph\u1ea9m\u00a0<b>B\u1ed9t Semolina L\u00faa M\u00ec C\u1ee9ng Divella (Semola di Grano Duro)<\/b>. \u0110\u00e2y l\u00e0 lo\u1ea1i b\u1ed9t \u0111\u01b0\u1ee3c xem l\u00e0 linh h\u1ed3n, l\u00e0 nguy\u00ean li\u1ec7u kh\u00f4ng th\u1ec3 thi\u1ebfu \u0111\u1ec3 t\u1ea1o n\u00ean nh\u1eefng s\u1ee3i m\u00ec \u1ed1ng (Pasta) tr\u1ee9 danh c\u1ee7a \u1ea9m th\u1ef1c \u00dd, mang tr\u1ecdn v\u1eb9n h\u01b0\u01a1ng v\u1ecb truy\u1ec1n th\u1ed1ng v\u00e0 gi\u00e1 tr\u1ecb dinh d\u01b0\u1ee1ng cao.<\/p>\n<p><img fetchpriority=\"high\" decoding=\"async\" class=\"aligncenter wp-image-43592\" src=\"https:\/\/havamall.com\/wp-content\/uploads\/2025\/12\/DSC3287-2-scaled-1.jpg\" alt=\"\" width=\"801\" height=\"1001\" srcset=\"https:\/\/havamall.com\/wp-content\/uploads\/2025\/12\/DSC3287-2-scaled-1.jpg 1709w, https:\/\/havamall.com\/wp-content\/uploads\/2025\/12\/DSC3287-2-scaled-1-1639x2048.jpg 1639w, https:\/\/havamall.com\/wp-content\/uploads\/2025\/12\/DSC3287-2-scaled-1-10x12.jpg 10w, https:\/\/havamall.com\/wp-content\/uploads\/2025\/12\/DSC3287-2-scaled-1-600x750.jpg 600w, https:\/\/havamall.com\/wp-content\/uploads\/2025\/12\/DSC3287-2-scaled-1-1200x1500.jpg 1200w, https:\/\/havamall.com\/wp-content\/uploads\/2025\/12\/DSC3287-2-scaled-1-150x187.jpg 150w\" sizes=\"(max-width: 801px) 100vw, 801px\" \/><\/p>\n<p data-path-to-node=\"19\"><b>Semolina<\/b>\u00a0l\u00e0 lo\u1ea1i b\u1ed9t th\u00f4, \u0111\u01b0\u1ee3c t\u1ea1o ra b\u1eb1ng c\u00e1ch nghi\u1ec1n xay th\u00f4 v\u00e0 s\u00e0ng l\u1ecdc k\u1ef9 l\u01b0\u1ee1ng l\u00faa m\u00ec c\u1ee9ng (Durum Wheat), m\u1ed9t trong nh\u1eefng gi\u1ed1ng l\u00faa m\u00ec c\u1ee9ng nh\u1ea5t th\u1ebf gi\u1edbi. T\u00ean g\u1ecdi &#8220;Semola&#8221; b\u1eaft ngu\u1ed3n t\u1eeb ti\u1ebfng Latin c\u1ed5, c\u00f3 ngh\u0129a l\u00e0 &#8220;h\u1ea1t&#8221; ho\u1eb7c &#8220;b\u1ed9t&#8221;.<\/p>\n<blockquote>\n<p data-path-to-node=\"20\"><span style=\"font-size: 14pt\"><em><b>\u0110\u1eb7c \u0111i\u1ec3m n\u1ed5i b\u1eadt:<\/b><\/em><\/span><\/p>\n<\/blockquote>\n<p data-path-to-node=\"21,0,0\"><b>\u2013 M\u00e0u s\u1eafc v\u00e0 K\u1ebft c\u1ea5u:<\/b>\u00a0B\u1ed9t Semolina Divella c\u00f3 m\u00e0u v\u00e0ng h\u1ed5 ph\u00e1ch \u0111\u1eb7c tr\u01b0ng, \u0111\u1eadm v\u00e0 v\u00e0ng h\u01a1n so v\u1edbi b\u1ed9t m\u00ec \u0111a d\u1ee5ng. B\u1ed9t c\u00f3 k\u1ebft c\u1ea5u th\u00f4, h\u1ea1t nh\u1ecf m\u1ecbn, mang l\u1ea1i h\u01b0\u01a1ng v\u1ecb nh\u1eb9 nh\u00e0ng, tho\u1ea3ng v\u1ecb h\u1ea1t khi n\u1ea5u ch\u00edn.<\/p>\n<p data-path-to-node=\"21,1,0\"><b>\u2013 H\u00e0m l\u01b0\u1ee3ng Gluten Cao:<\/b>\u00a0\u0110\u00e2y l\u00e0 y\u1ebfu t\u1ed1 then ch\u1ed1t l\u00e0m n\u00ean \u0111\u1eb3ng c\u1ea5p c\u1ee7a Semolina. B\u1ed9t c\u00f3 h\u00e0m l\u01b0\u1ee3ng protein (kho\u1ea3ng 11.8% \u0111\u1ebfn 12% \u1edf d\u1ea1ng kh\u00f4) v\u00e0 ch\u1ec9 s\u1ed1 Gluten cao. H\u00e0m l\u01b0\u1ee3ng protein v\u00e0 Gluten cao n\u00e0y gi\u00fap b\u1ed9t c\u00f3\u00a0<b>\u0111\u1ed9 d\u1ebbo dai v\u00e0 \u0111\u1ed9 \u0111\u00e0n h\u1ed3i v\u01b0\u1ee3t tr\u1ed9i<\/b>, gi\u00fap b\u1ed9t gi\u1eef \u0111\u01b0\u1ee3c h\u00ecnh d\u1ea1ng ch\u1eafc ch\u1eafn, kh\u00f4ng b\u1ecb r\u00e1ch, n\u1ee9t hay b\u1edf n\u00e1t khi nh\u00e0o, c\u00e1n v\u00e0 lu\u1ed9c \u1edf nhi\u1ec7t \u0111\u1ed9 cao.<\/p>\n<p data-path-to-node=\"21,1,0\"><img decoding=\"async\" class=\"aligncenter\" src=\"https:\/\/www.localaromas.com\/wp-content\/uploads\/2020\/07\/Semola-is-Italys-Most-Important-Ingredient.jpg\" width=\"800\" height=\"450\" \/><\/p>\n<h3>C\u00d4NG D\u1ee4NG CHUY\u00caN BI\u1ec6T TRONG \u1ea8M TH\u1ef0C \u00dd<\/h3>\n<p data-path-to-node=\"24,0,0\"><b>\u2013 Ch\u1ebf bi\u1ebfn Pasta\/M\u00ec \u1ed0ng T\u01b0\u01a1i:<\/b>\u00a0Semolina l\u00e0 nguy\u00ean li\u1ec7u ch\u00ednh \u0111\u1ec3 t\u1ef1 l\u00e0m m\u00ec \u1ed1ng t\u01b0\u01a1i t\u1ea1i nh\u00e0 nh\u01b0\u00a0<b>Spaghetti, Fettuccine, Linguine, Gnocchi<\/b>\u00a0hay\u00a0<b>M\u00ec Nui<\/b>. M\u00f3n m\u00ec \u0111\u01b0\u1ee3c l\u00e0m t\u1eeb b\u1ed9t Semolina c\u00f3 \u0111\u1ed9 dai chu\u1ea9n \u00dd (<i>al dente<\/i>), k\u1ebft c\u1ea5u \u0111\u1eb7c tr\u01b0ng v\u00e0 h\u01b0\u01a1ng th\u01a1m l\u00faa m\u00ec \u0111\u1eadm \u0111\u00e0.<\/p>\n<p data-path-to-node=\"24,1,0\"><b>\u2013 L\u00e0m B\u00e1nh M\u00ec v\u00e0 B\u00e1nh Ng\u1ecdt:<\/b>\u00a0Khi \u0111\u01b0\u1ee3c th\u00eam v\u00e0o c\u00f4ng th\u1ee9c, Semolina mang l\u1ea1i \u0111\u1ed9 gi\u00f2n cho l\u1edbp v\u1ecf v\u00e0 \u0111\u1ed9 m\u1ec1m m\u1ecbn cho ph\u1ea7n nh\u00e2n c\u1ee7a b\u00e1nh m\u00ec v\u00e0 c\u00e1c lo\u1ea1i b\u00e1nh ng\u1ecdt kh\u00e1c.<\/p>\n<p data-path-to-node=\"24,2,0\"><b>\u2013 L\u00e0m Couscous v\u00e0 Ch\u00e1o:<\/b>\u00a0B\u1ed9t Semolina c\u00f2n l\u00e0 nguy\u00ean li\u1ec7u \u0111\u1ec3 l\u00e0m m\u00f3n\u00a0<b>Couscous<\/b>\u00a0ph\u1ed5 bi\u1ebfn c\u1ee7a B\u1eafc Phi ho\u1eb7c \u0111\u01b0\u1ee3c d\u00f9ng \u0111\u1ec3 n\u1ea5u\u00a0<b>ch\u00e1o \u0103n d\u1eb7m<\/b>\u00a0gi\u00e0u dinh d\u01b0\u1ee1ng cho tr\u1ebb nh\u1ecf.<\/p>\n<p data-path-to-node=\"24,3,0\"><b>\u2013 Ch\u1ea5t L\u00e0m \u0110\u1eb7c:<\/b>\u00a0Nh\u1edd k\u1ebft c\u1ea5u th\u00f4 v\u00e0 kh\u1ea3 n\u0103ng t\u1ea1o \u0111\u1ed9 s\u1ec7t ho\u00e0n h\u1ea3o, b\u1ed9t c\u00f3 th\u1ec3 \u0111\u01b0\u1ee3c th\u00eam v\u00e0o s\u00fap ho\u1eb7c s\u1ed1t \u0111\u1ec3 t\u0103ng h\u01b0\u01a1ng v\u1ecb v\u00e0 \u0111\u1ed9 s\u00e1nh \u0111\u1eb7c.<\/p>\n<p data-path-to-node=\"24,3,0\"><img decoding=\"async\" class=\"aligncenter\" src=\"https:\/\/scontent.fsgn19-1.fna.fbcdn.net\/v\/t39.30808-6\/487304212_10230319533946338_4042593919884232439_n.jpg?_nc_cat=106&amp;ccb=1-7&amp;_nc_sid=aa7b47&amp;_nc_ohc=iJh1PYabpZ4Q7kNvwEi0gqa&amp;_nc_oc=AdnVAZMFHiuuus4UmeFZJn_UAfYviK5p8UYlgxM5U5r5tk84A_ORlrXGeZ0So2jQmDJ5Fgsc7Wg8UuzR_JK7hAZg&amp;_nc_zt=23&amp;_nc_ht=scontent.fsgn19-1.fna&amp;_nc_gid=u5tg_HANUZdmPiwrfena_w&amp;oh=00_AfjSjQ_dGlLuG79BxCcAGgKbEH5Q3vzvpEQs9X9N6TcP7A&amp;oe=6932FBB5\" width=\"802\" height=\"1069\" \/><\/p>\n<h3>GI\u00c1 TR\u1eca DINH D\u01af\u1ee0NG V\u00c0 L\u1ee2I \u00cdCH S\u1ee8C KH\u1eceE<\/h3>\n<p data-path-to-node=\"27,0,0\"><b>\u2013 Gi\u00e0u Protein v\u00e0 Ch\u1ea5t X\u01a1:<\/b>\u00a0Semolina ch\u1ee9a h\u00e0m l\u01b0\u1ee3ng protein cao nh\u1ea5t so v\u1edbi m\u1ed9t s\u1ed1 lo\u1ea1i b\u1ed9t m\u00ec th\u00f4ng th\u01b0\u1eddng, r\u1ea5t l\u00fd t\u01b0\u1edfng \u0111\u1ec3 duy tr\u00ec kh\u1ed1i l\u01b0\u1ee3ng c\u01a1 b\u1eafp. L\u01b0\u1ee3ng ch\u1ea5t x\u01a1 \u0111\u00e1ng k\u1ec3 (kho\u1ea3ng 7% RDI trong 56g b\u1ed9t ch\u01b0a n\u1ea5u) gi\u00fap\u00a0<b>h\u1ed7 tr\u1ee3 ti\u00eau h\u00f3a t\u1ed1i \u01b0u<\/b>, th\u00fac \u0111\u1ea9y nhu \u0111\u1ed9ng ru\u1ed9t, v\u00e0 t\u0103ng c\u01b0\u1eddng s\u1ef1 mi\u1ec5n d\u1ecbch.<\/p>\n<p data-path-to-node=\"27,1,0\"><b>\u2013 H\u1ed7 tr\u1ee3 Gi\u1ea3m C\u00e2n v\u00e0 Ki\u1ec3m So\u00e1t \u0110\u01b0\u1eddng Huy\u1ebft:<\/b>\u00a0S\u1ef1 k\u1ebft h\u1ee3p gi\u1eefa ch\u1ea5t x\u01a1 v\u00e0 protein l\u00e0m\u00a0<b>t\u0103ng c\u1ea3m gi\u00e1c no l\u00e2u<\/b>. H\u01a1n n\u1eefa, ch\u1ea5t x\u01a1 trong Semolina c\u00f2n l\u00e0m ch\u1eadm qu\u00e1 tr\u00ecnh h\u1ea5p th\u1ee5 carbohydrate v\u00e0o m\u00e1u, gi\u00fap\u00a0<b>ki\u1ec3m so\u00e1t l\u01b0\u1ee3ng \u0111\u01b0\u1eddng trong m\u00e1u<\/b>\u00a0sau b\u1eefa \u0103n, \u0111\u1eb7c bi\u1ec7t nh\u1edd v\u00e0o h\u00e0m l\u01b0\u1ee3ng Magie cao gi\u00fap t\u0103ng ph\u1ea3n \u1ee9ng c\u1ee7a t\u1ebf b\u00e0o v\u1edbi Insulin.<\/p>\n<p data-path-to-node=\"27,2,0\"><b>\u2013 Th\u00fac \u0111\u1ea9y S\u1ee9c Kh\u1ecfe Tim M\u1ea1ch:<\/b>\u00a0Semolina l\u00e0 ngu\u1ed3n cung c\u1ea5p Folate, S\u1eaft, v\u00e0 Magie d\u1ed3i d\u00e0o. Magie gi\u00fap gi\u1ea3m nguy c\u01a1 suy tim v\u00e0 \u0111\u1ed9t qu\u1ef5, trong khi ch\u1ea5t x\u01a1 t\u1eeb ng\u0169 c\u1ed1c c\u00f3 th\u1ec3 l\u00e0m gi\u1ea3m m\u1ee9c Cholesterol trong c\u01a1 th\u1ec3.<\/p>\n<p data-path-to-node=\"27,2,0\"><img loading=\"lazy\" decoding=\"async\" class=\"aligncenter\" src=\"https:\/\/scontent.fsgn19-1.fna.fbcdn.net\/v\/t39.30808-6\/473424409_8990408937708855_3203085405483475600_n.jpg?_nc_cat=104&amp;ccb=1-7&amp;_nc_sid=aa7b47&amp;_nc_ohc=ku-ksqwVPfcQ7kNvwGmdHjt&amp;_nc_oc=AdlzTKEkjSrYxAouS1bGxHlm2VICOJjG3hJt0PJ1R2gn7KvAV8fUMTFyCDM2PZzTq2NM4ovIro9CliykAjRJUTY3&amp;_nc_zt=23&amp;_nc_ht=scontent.fsgn19-1.fna&amp;_nc_gid=AHaaFWBzc0aJrdfD99Aq0g&amp;oh=00_AfjpjdlCrudeMuRVOosghJEA0ZOILVqdiu7lNi45kmUCKQ&amp;oe=6933011D\" width=\"800\" height=\"600\" \/><\/p>\n<p data-path-to-node=\"27,2,0\">B\u1ed9t Semolina L\u00faa M\u00ec C\u1ee9ng Divella hi\u1ec7n \u0111ang \u0111\u01b0\u1ee3c b\u00e1n t\u1ea1i Havamall v\u1edbi cam k\u1ebft\u00a0<b>h\u00e0ng ch\u00ednh h\u00e3ng 100%<\/b>, nh\u1eadp kh\u1ea9u tr\u1ef1c ti\u1ebfp t\u1eeb \u00dd, mang \u0111\u1ebfn nguy\u00ean li\u1ec7u l\u00e0m m\u00ec \u1ed1ng v\u00e0 pasta chu\u1ea9n v\u1ecb \u0110\u1ecba Trung H\u1ea3i.<\/p>","protected":false},"excerpt":{"rendered":"<p>TH\u00d4NG TIN S\u1ea2N PH\u1ea8M Th\u01b0\u01a1ng Hi\u1ec7u Divella Xu\u1ea5t X\u1ee9 \u00dd (Italia) Th\u00e0nh Ph\u1ea7n 100% B\u1ed9t l\u00faa m\u00ec c\u1ee9ng Durum Wheat<\/p>","protected":false},"featured_media":43595,"comment_status":"open","ping_status":"closed","template":"","meta":[],"product_brand":[],"product_cat":[724,707,134],"product_tag":[],"class_list":{"0":"post-43590","1":"product","2":"type-product","3":"status-publish","4":"has-post-thumbnail","6":"product_cat-nhap-khau-y","7":"product_cat-nui-mi-y-pasta","8":"product_cat-thucpham-saykho","9":"pa_brand-divella","11":"first","12":"instock","13":"sale","14":"shipping-taxable","15":"purchasable","16":"product-type-simple"},"_links":{"self":[{"href":"https:\/\/havamall.com\/en\/wp-json\/wp\/v2\/product\/43590","targetHints":{"allow":["GET"]}}],"collection":[{"href":"https:\/\/havamall.com\/en\/wp-json\/wp\/v2\/product"}],"about":[{"href":"https:\/\/havamall.com\/en\/wp-json\/wp\/v2\/types\/product"}],"replies":[{"embeddable":true,"href":"https:\/\/havamall.com\/en\/wp-json\/wp\/v2\/comments?post=43590"}],"version-history":[{"count":0,"href":"https:\/\/havamall.com\/en\/wp-json\/wp\/v2\/product\/43590\/revisions"}],"wp:featuredmedia":[{"embeddable":true,"href":"https:\/\/havamall.com\/en\/wp-json\/wp\/v2\/media\/43595"}],"wp:attachment":[{"href":"https:\/\/havamall.com\/en\/wp-json\/wp\/v2\/media?parent=43590"}],"wp:term":[{"taxonomy":"product_brand","embeddable":true,"href":"https:\/\/havamall.com\/en\/wp-json\/wp\/v2\/product_brand?post=43590"},{"taxonomy":"product_cat","embeddable":true,"href":"https:\/\/havamall.com\/en\/wp-json\/wp\/v2\/product_cat?post=43590"},{"taxonomy":"product_tag","embeddable":true,"href":"https:\/\/havamall.com\/en\/wp-json\/wp\/v2\/product_tag?post=43590"}],"curies":[{"name":"wp","href":"https:\/\/api.w.org\/{rel}","templated":true}]}}