{"id":43598,"date":"2025-12-02T15:16:12","date_gmt":"2025-12-02T08:16:12","guid":{"rendered":"https:\/\/havamall.com\/?post_type=product&#038;p=43598"},"modified":"2025-12-02T15:16:14","modified_gmt":"2025-12-02T08:16:14","slug":"dau-nanh-non-an-lien-nhat-ban-umami-ya-400g-japanese-style-frozen-edamame","status":"publish","type":"product","link":"https:\/\/havamall.com\/en\/shop\/dau-nanh-non-an-lien-nhat-ban-umami-ya-400g-japanese-style-frozen-edamame\/","title":{"rendered":"\u0110\u1eadu N\u00e0nh Non \u0102n Li\u1ec1n Nh\u1eadt B\u1ea3n Umami-Ya 400g \u2013 Japanese Style Frozen Edamame"},"content":{"rendered":"<h3>TH\u00d4NG TIN S\u1ea2N PH\u1ea8M<\/h3>\n<table style=\"width: 69.5834%; height: 197px;\" data-path-to-node=\"18\">\n<tbody>\n<tr>\n<td style=\"width: 13.6414%;\"><span data-path-to-node=\"18,1,0,0\"><b>Th\u01b0\u01a1ng Hi\u1ec7u<\/b><\/span><\/td>\n<td style=\"width: 85.4785%;\"><span data-path-to-node=\"18,1,1,0\">Umami-Ya<\/span><\/td>\n<\/tr>\n<tr>\n<td style=\"width: 13.6414%;\"><span data-path-to-node=\"18,2,0,0\"><b>Xu\u1ea5t X\u1ee9<\/b><\/span><\/td>\n<td style=\"width: 85.4785%;\"><span data-path-to-node=\"18,2,1,0\">Theo phong c\u00e1ch Nh\u1eadt B\u1ea3n (Th\u01b0\u1eddng \u0111\u01b0\u1ee3c s\u1ea3n xu\u1ea5t t\u1ea1i Vi\u1ec7t Nam ho\u1eb7c c\u00e1c n\u01b0\u1edbc ch\u00e2u \u00c1 \u0111\u1ea1t chu\u1ea9n)<\/span><\/td>\n<\/tr>\n<tr>\n<td style=\"width: 13.6414%;\"><span data-path-to-node=\"18,3,0,0\"><b>Th\u00e0nh Ph\u1ea7n<\/b><\/span><\/td>\n<td style=\"width: 85.4785%;\"><span data-path-to-node=\"18,3,1,0\">100% \u0110\u1eadu n\u00e0nh non (Edamame), n\u01b0\u1edbc, mu\u1ed1i (t\u00f9y theo quy c\u00e1ch ch\u1ebf bi\u1ebfn).<\/span><\/td>\n<\/tr>\n<tr>\n<td style=\"width: 13.6414%;\"><span data-path-to-node=\"18,4,0,0\"><b>H\u1ea1n S\u1eed D\u1ee5ng<\/b><\/span><\/td>\n<td style=\"width: 85.4785%;\"><span data-path-to-node=\"18,4,1,0\">12 &#8211; 24 th\u00e1ng k\u1ec3 t\u1eeb ng\u00e0y s\u1ea3n xu\u1ea5t (Xem tr\u00ean bao b\u00ec)<\/span><\/td>\n<\/tr>\n<tr>\n<td style=\"width: 13.6414%;\"><span data-path-to-node=\"18,5,0,0\"><b>B\u1ea3o Qu\u1ea3n<\/b><\/span><\/td>\n<td style=\"width: 85.4785%;\"><span data-path-to-node=\"18,5,1,0\">B\u1ea3o qu\u1ea3n \u1edf ng\u0103n \u0111\u00f4ng l\u1ea1nh (<b>Keep Frozen<\/b>), nhi\u1ec7t \u0111\u1ed9\u00a0<span class=\"math-inline\" data-math=\"-18^\\circ\\text{C}\"><span class=\"katex\"><span class=\"katex-html\" aria-hidden=\"true\"><span class=\"base\"><span class=\"mord\">\u2212<\/span><span class=\"mord\">1<\/span><span class=\"mord\">8<span class=\"msupsub\"><span class=\"vlist-t\"><span class=\"vlist-r\"><span class=\"vlist\"><span class=\"\"><span class=\"sizing reset-size6 size3 mtight\"><span class=\"mbin mtight\">\u2218<\/span><\/span><\/span><\/span><\/span><\/span><\/span><\/span><span class=\"mord text\"><span class=\"mord\">C<\/span><\/span><\/span><\/span><\/span><\/span>\u00a0ho\u1eb7c th\u1ea5p h\u01a1n. Kh\u00f4ng t\u00e1i \u0111\u00f4ng sau khi \u0111\u00e3 r\u00e3 \u0111\u00f4ng.<\/span><\/td>\n<\/tr>\n<tr>\n<td style=\"width: 13.6414%;\"><span data-path-to-node=\"18,6,0,0\"><b>Kh\u1ed1i L\u01b0\u1ee3ng\u00a0<\/b><\/span><\/td>\n<td style=\"width: 85.4785%;\"><span data-path-to-node=\"18,6,1,0\">Kh\u1ed1i l\u01b0\u1ee3ng t\u1ecbnh 400g<\/span><\/td>\n<\/tr>\n<\/tbody>\n<\/table>\n<p><b>\u0110\u1eadu N\u00e0nh \u0102n Li\u1ec1n Umami-Ya<\/b>, hay c\u00f2n \u0111\u01b0\u1ee3c bi\u1ebft \u0111\u1ebfn v\u1edbi t\u00ean g\u1ecdi\u00a0<b>Edamame<\/b>, l\u00e0 m\u1ed9t trong nh\u1eefng m\u00f3n \u0103n v\u1eb7t, khai v\u1ecb (Otsumami) kh\u00f4ng th\u1ec3 thi\u1ebfu trong n\u1ec1n \u1ea9m th\u1ef1c x\u1ee9 s\u1edf m\u1eb7t tr\u1eddi m\u1ecdc. Edamame, d\u1ecbch theo ngh\u0129a \u0111en l\u00e0 &#8220;\u0111\u1eadu m\u1ea7m&#8221; (Eda: c\u00e0nh, Mame: \u0111\u1eadu), l\u00e0 nh\u1eefng h\u1ea1t \u0111\u1eadu n\u00e0nh non \u0111\u01b0\u1ee3c thu ho\u1ea1ch s\u1edbm, khi ch\u00fang c\u00f2n xanh t\u01b0\u01a1i v\u00e0 ch\u01b0a k\u1ecbp c\u1ee9ng l\u1ea1i.<\/p>\n<p><img fetchpriority=\"high\" decoding=\"async\" class=\"aligncenter\" src=\"https:\/\/upload.wikimedia.org\/wikipedia\/commons\/e\/e7\/Edamame_by_Zesmerelda_in_Chicago.jpg\" alt=\"Edamame \u2013 Wikipedia ti\u1ebfng Vi\u1ec7t\" width=\"800\" height=\"533\" \/><\/p>\n<p>V\u1ec1 h\u00ecnh th\u00e1i,\u00a0<b>\u0110\u1eadu N\u00e0nh Non Umami-Ya<\/b>\u00a0\u0111\u01b0\u1ee3c thu ho\u1ea1ch khi h\u1ea1t \u0111\u1eadu n\u00e0nh c\u00f2n c\u0103ng m\u1ecdng v\u00e0 c\u00f3 m\u00e0u xanh t\u01b0\u01a1i s\u00e1ng, ch\u1ee9a hai \u0111\u1ebfn ba h\u1ea1t \u0111\u1eadu b\u00ean trong m\u1ed7i v\u1ecf. Sau khi thu ho\u1ea1ch, \u0111\u1eadu \u0111\u01b0\u1ee3c ch\u1ea7n s\u01a1 (blanch) v\u00e0 c\u1ea5p \u0111\u00f4ng ngay l\u1eadp t\u1ee9c b\u1eb1ng c\u00f4ng ngh\u1ec7 hi\u1ec7n \u0111\u1ea1i. Quy tr\u00ecnh \u0111\u00f4ng l\u1ea1nh nhanh n\u00e0y c\u00f3 \u00fd ngh\u0129a c\u1ef1c k\u1ef3 quan tr\u1ecdng, gi\u00fap\u00a0<b>kh\u00f3a ch\u1eb7t \u0111\u1ed9 t\u01b0\u01a1i, h\u01b0\u01a1ng v\u1ecb ng\u1ecdt d\u1ecbu t\u1ef1 nhi\u00ean<\/b>\u00a0c\u1ee7a \u0111\u1eadu, \u0111\u1ed3ng th\u1eddi gi\u1eef l\u1ea1i t\u1ed1i \u0111a c\u00e1c ch\u1ea5t dinh d\u01b0\u1ee1ng.<\/p>\n<p><img decoding=\"async\" class=\"aligncenter\" src=\"https:\/\/havamall.com\/wp-content\/uploads\/2025\/12\/edamame-beans-pod.jpg\" alt=\"Edamame | Nutrition, Protein, Beans, &amp; Taste | Britannica\" width=\"800\" height=\"699\" \/><\/p>\n<p data-path-to-node=\"27\"><strong>Edamame<\/strong> \u0111\u01b0\u1ee3c m\u1ec7nh danh l\u00e0 m\u1ed9t &#8220;si\u00eau th\u1ef1c ph\u1ea9m xanh&#8221; nh\u1edd v\u00e0o h\u1ed3 s\u01a1 dinh d\u01b0\u1ee1ng \u1ea5n t\u01b0\u1ee3ng. Ch\u1ec9 m\u1ed9t kh\u1ea9u ph\u1ea7n nh\u1ecf \u0111\u00e3 cung c\u1ea5p \u0111\u1ee7 c\u00e1c d\u01b0\u1ee1ng ch\u1ea5t thi\u1ebft y\u1ebfu, bi\u1ebfn n\u00f3 th\u00e0nh l\u1ef1a ch\u1ecdn l\u00fd t\u01b0\u1edfng cho ng\u01b0\u1eddi \u0103n ki\u00eang, \u0103n chay, v\u00e0 ng\u01b0\u1eddi t\u00ecm ki\u1ebfm ngu\u1ed3n protein th\u1ef1c v\u1eadt ch\u1ea5t l\u01b0\u1ee3ng cao:<\/p>\n<p>\u2013 \u0110\u1eadu n\u00e0nh non l\u00e0 m\u1ed9t trong s\u1ed1 \u00edt c\u00e1c lo\u1ea1i th\u1ef1c v\u1eadt cung c\u1ea5p protein ho\u00e0n ch\u1ec9nh, t\u1ee9c l\u00e0 ch\u1ee9a \u0111\u1ee7 ch\u00edn axit amin thi\u1ebft y\u1ebfu m\u00e0 c\u01a1 th\u1ec3 con ng\u01b0\u1eddi kh\u00f4ng th\u1ec3 t\u1ef1 t\u1ed5ng h\u1ee3p \u0111\u01b0\u1ee3c. V\u1edbi h\u00e0m l\u01b0\u1ee3ng protein cao (kho\u1ea3ng\u00a0<span class=\"math-inline\" data-math=\"11\\text{g}\"><span class=\"katex\"><span class=\"katex-html\" aria-hidden=\"true\"><span class=\"base\"><span class=\"mord\">11<\/span><span class=\"mord text\"><span class=\"mord\">g<\/span><\/span><\/span><\/span><\/span><\/span>\u00a0trong\u00a0<span class=\"math-inline\" data-math=\"155\\text{g}\"><span class=\"katex\"><span class=\"katex-html\" aria-hidden=\"true\"><span class=\"base\"><span class=\"mord\">155<\/span><span class=\"mord text\"><span class=\"mord\">g<\/span><\/span><\/span><\/span><\/span><\/span>\u00a0\u0111\u1eadu \u0111\u00e3 b\u00f3c v\u1ecf), s\u1ea3n ph\u1ea9m n\u00e0y l\u00e0 ngu\u1ed3n b\u1ed5 sung protein l\u00fd t\u01b0\u1edfng cho v\u1eadn \u0111\u1ed9ng vi\u00ean, ng\u01b0\u1eddi t\u1eadp gym, ho\u1eb7c nh\u1eefng ng\u01b0\u1eddi theo ch\u1ebf \u0111\u1ed9 \u0103n ki\u00eang c\u00f3 ki\u1ec3m so\u00e1t.<\/p>\n<p>\u2013 Edamame n\u1ed5i ti\u1ebfng v\u1edbi kh\u1ea3 n\u0103ng gi\u00fap gi\u1ea3m m\u1ee9c cholesterol x\u1ea5u (LDL cholesterol). \u0110\u1eadu n\u00e0nh ch\u1ee9a ch\u1ea5t x\u01a1 h\u00f2a tan v\u00e0 Saponin, gi\u00fap ng\u0103n ch\u1eb7n s\u1ef1 h\u1ea5p th\u1ee5 cholesterol trong ru\u1ed9t. H\u01a1n n\u1eefa, vi\u1ec7c s\u1eed d\u1ee5ng Edamame thay th\u1ebf c\u00e1c ngu\u1ed3n protein \u0111\u1ed9ng v\u1eadt nhi\u1ec1u ch\u1ea5t b\u00e9o b\u00e3o h\u00f2a l\u00e0 m\u1ed9t chi\u1ebfn l\u01b0\u1ee3c hi\u1ec7u qu\u1ea3 \u0111\u1ec3 b\u1ea3o v\u1ec7 h\u1ec7 th\u1ed1ng tim m\u1ea1ch.<\/p>\n<p>\u2013 L\u00e0 ngu\u1ed3n cung c\u1ea5p ch\u1ea5t x\u01a1 d\u1ed3i d\u00e0o, c\u1ea7n thi\u1ebft cho s\u1ee9c kh\u1ecfe \u0111\u01b0\u1eddng ru\u1ed9t. Ch\u1ea5t x\u01a1 kh\u00f4ng ch\u1ec9 h\u1ed7 tr\u1ee3 nhu \u0111\u1ed9ng ru\u1ed9t, ph\u00f2ng ng\u1eeba t\u00e1o b\u00f3n m\u00e0 c\u00f2n \u0111\u00f3ng vai tr\u00f2 l\u00e0 Prebiotic, cung c\u1ea5p dinh d\u01b0\u1ee1ng cho h\u1ec7 vi khu\u1ea9n c\u00f3 l\u1ee3i trong \u0111\u1ea1i tr\u00e0ng.<\/p>\n<p>\u2013 L\u00e0 m\u1ed9t kho t\u00e0ng c\u00e1c lo\u1ea1i Vitamin v\u00e0 kho\u00e1ng ch\u1ea5t, bao g\u1ed3m Folate, Vitamin K, Magie, Mangan, v\u00e0 S\u1eaft. Vitamin K \u0111\u1eb7c bi\u1ec7t quan tr\u1ecdng cho qu\u00e1 tr\u00ecnh \u0111\u00f4ng m\u00e1u v\u00e0 s\u1ee9c kh\u1ecfe c\u1ee7a x\u01b0\u01a1ng. Magie \u0111\u00f3ng vai tr\u00f2 then ch\u1ed1t trong h\u01a1n <span class=\"math-inline\" data-math=\"300\"><span class=\"katex\"><span class=\"katex-html\" aria-hidden=\"true\"><span class=\"base\"><span class=\"mord\">300<\/span><\/span><\/span><\/span><\/span>\u00a0ph\u1ea3n \u1ee9ng enzyme trong c\u01a1 th\u1ec3, t\u1eeb s\u1ea3n xu\u1ea5t n\u0103ng l\u01b0\u1ee3ng \u0111\u1ebfn ch\u1ee9c n\u0103ng c\u01a1 v\u00e0 th\u1ea7n kinh.<\/p>\n<p><img decoding=\"async\" class=\"aligncenter\" src=\"https:\/\/havamall.com\/wp-content\/uploads\/2025\/12\/edamame-beans.jpg\" alt=\"Easy Edamame Bean Snack\" width=\"801\" height=\"801\" \/><\/p>\n<h3>C\u00c1CH CH\u1ebe BI\u1ebeN V\u00c0 KH\u1ea8U PH\u1ea6N<\/h3>\n<p>\u2013 R\u00e3 \u0111\u00f4ng v\u00e0 ch\u1ebf bi\u1ebfn tr\u1ef1c ti\u1ebfp, c\u00e1ch ph\u1ed5 bi\u1ebfn nh\u1ea5t l\u00e0 lu\u1ed9c ho\u1eb7c h\u1ea5p \u0111\u1eadu trong kho\u1ea3ng <span class=\"math-inline\" data-math=\"5\"><span class=\"katex\"><span class=\"katex-html\" aria-hidden=\"true\"><span class=\"base\"><span class=\"mord\">5<\/span><\/span><\/span><\/span><\/span>\u00a0\u0111\u1ebfn\u00a0<span class=\"math-inline\" data-math=\"10\"><span class=\"katex\"><span class=\"katex-html\" aria-hidden=\"true\"><span class=\"base\"><span class=\"mord\">10<\/span><\/span><\/span><\/span><\/span>\u00a0ph\u00fat cho \u0111\u1ebfn khi v\u1ecf \u0111\u1eadu c\u00f3 m\u00e0u xanh s\u00e1ng v\u00e0 h\u1ea1t \u0111\u1eadu m\u1ec1m. Sau \u0111\u00f3, r\u1eafc m\u1ed9t ch\u00fat mu\u1ed1i h\u1ea1t l\u00ean b\u1ec1 m\u1eb7t v\u1ecf.<\/p>\n<p>\u2013 Edamame c\u00f3 th\u1ec3 \u0111\u01b0\u1ee3c d\u00f9ng nh\u01b0 m\u00f3n khai v\u1ecb, m\u00f3n \u0103n nh\u1eb9 gi\u1eefa c\u00e1c b\u1eefa \u0103n, ho\u1eb7c l\u00e0 nguy\u00ean li\u1ec7u b\u1ed5 sung protein cho c\u00e1c m\u00f3n salad, c\u01a1m tr\u1ed9n (Poke bowl) ki\u1ec3u Nh\u1eadt, ho\u1eb7c l\u00e0m nguy\u00ean li\u1ec7u cho m\u00f3n \u0111\u1eadu nghi\u1ec1n (Hummus) thay th\u1ebf \u0111\u1eadu g\u00e0.<\/p>\n<p>\u2013 Do s\u1ea3n ph\u1ea9m l\u00e0 th\u1ef1c ph\u1ea9m \u0111\u00f4ng l\u1ea1nh, vi\u1ec7c b\u1ea3o qu\u1ea3n \u1edf nhi\u1ec7t \u0111\u1ed9\u00a0<span class=\"math-inline\" data-math=\"-18^\\circ\\text{C}\"><span class=\"katex\"><span class=\"katex-html\" aria-hidden=\"true\"><span class=\"base\"><span class=\"mord\">\u2212<\/span><span class=\"mord\">1<\/span><span class=\"mord\">8<span class=\"msupsub\"><span class=\"vlist-t\"><span class=\"vlist-r\"><span class=\"vlist\"><span class=\"\"><span class=\"sizing reset-size6 size3 mtight\"><span class=\"mbin mtight\">\u2218<\/span><\/span><\/span><\/span><\/span><\/span><\/span><\/span><span class=\"mord text\"><span class=\"mord\">C<\/span><\/span><\/span><\/span><\/span><\/span>\u00a0l\u00e0 b\u1eaft bu\u1ed9c \u0111\u1ec3 duy tr\u00ec ch\u1ea5t l\u01b0\u1ee3ng v\u00e0 an to\u00e0n th\u1ef1c ph\u1ea9m. Kh\u00f4ng n\u00ean t\u00e1i \u0111\u00f4ng s\u1ea3n ph\u1ea9m sau khi \u0111\u00e3 r\u00e3 \u0111\u00f4ng ho\u00e0n to\u00e0n.<\/p>\n<p><img loading=\"lazy\" decoding=\"async\" class=\"aligncenter\" src=\"https:\/\/havamall.com\/wp-content\/uploads\/2025\/12\/edamame_la_gi_edamame_co_tac_dung_gi_doi_voi_suc_khoe_1_8ae8b56f38.jpg\" alt=\"Edamame l\u00e0 g\u00ec? 6 l\u1ee3i \u00edch tuy\u1ec7t v\u1eddi c\u1ee7a \u0111\u1eadu n\u00e0nh Nh\u1eadt\" width=\"800\" height=\"450\" \/><\/p>\n<p><b>\u0110\u1eadu N\u00e0nh Non \u0102n Li\u1ec1n Nh\u1eadt B\u1ea3n Umami-Ya 400g \u2013 Japanese Style Frozen Edamame<\/b> hi\u1ec7n \u0111ang \u0111\u01b0\u1ee3c b\u00e1n t\u1ea1i Havamall. Havamall <b>cam k\u1ebft 100% h\u00e0ng ch\u00ednh h\u00e3ng<\/b>, c\u00f3 tem ph\u1ee5 r\u00f5 r\u00e0ng, \u0111\u1ea3m b\u1ea3o ch\u1ea5t l\u01b0\u1ee3ng, ngu\u1ed3n g\u1ed1c xu\u1ea5t x\u1ee9 minh b\u1ea1ch, mang \u0111\u1ebfn ngu\u1ed3n dinh d\u01b0\u1ee1ng l\u00e0nh m\u1ea1nh v\u00e0 ti\u1ec7n l\u1ee3i cho m\u1ecdi gia \u0111\u00ecnh.<\/p>","protected":false},"excerpt":{"rendered":"<p>TH\u00d4NG TIN S\u1ea2N PH\u1ea8M Th\u01b0\u01a1ng Hi\u1ec7u Umami-Ya Xu\u1ea5t X\u1ee9 Theo phong c\u00e1ch Nh\u1eadt B\u1ea3n (Th\u01b0\u1eddng \u0111\u01b0\u1ee3c s\u1ea3n xu\u1ea5t t\u1ea1i Vi\u1ec7t<\/p>","protected":false},"featured_media":43599,"comment_status":"open","ping_status":"closed","template":"","meta":[],"product_brand":[],"product_cat":[730,275],"product_tag":[],"class_list":{"0":"post-43598","1":"product","2":"type-product","3":"status-publish","4":"has-post-thumbnail","6":"product_cat-cac-nuoc-khac","7":"product_cat-thuc-pham-dong-lanh","9":"first","10":"instock","11":"sale","12":"shipping-taxable","13":"purchasable","14":"product-type-simple"},"_links":{"self":[{"href":"https:\/\/havamall.com\/en\/wp-json\/wp\/v2\/product\/43598","targetHints":{"allow":["GET"]}}],"collection":[{"href":"https:\/\/havamall.com\/en\/wp-json\/wp\/v2\/product"}],"about":[{"href":"https:\/\/havamall.com\/en\/wp-json\/wp\/v2\/types\/product"}],"replies":[{"embeddable":true,"href":"https:\/\/havamall.com\/en\/wp-json\/wp\/v2\/comments?post=43598"}],"version-history":[{"count":0,"href":"https:\/\/havamall.com\/en\/wp-json\/wp\/v2\/product\/43598\/revisions"}],"wp:featuredmedia":[{"embeddable":true,"href":"https:\/\/havamall.com\/en\/wp-json\/wp\/v2\/media\/43599"}],"wp:attachment":[{"href":"https:\/\/havamall.com\/en\/wp-json\/wp\/v2\/media?parent=43598"}],"wp:term":[{"taxonomy":"product_brand","embeddable":true,"href":"https:\/\/havamall.com\/en\/wp-json\/wp\/v2\/product_brand?post=43598"},{"taxonomy":"product_cat","embeddable":true,"href":"https:\/\/havamall.com\/en\/wp-json\/wp\/v2\/product_cat?post=43598"},{"taxonomy":"product_tag","embeddable":true,"href":"https:\/\/havamall.com\/en\/wp-json\/wp\/v2\/product_tag?post=43598"}],"curies":[{"name":"wp","href":"https:\/\/api.w.org\/{rel}","templated":true}]}}