{"id":4362,"date":"2018-05-22T15:59:37","date_gmt":"2018-05-22T08:59:37","guid":{"rendered":"https:\/\/havamall.com\/?post_type=product&#038;p=4362"},"modified":"2022-03-22T15:08:23","modified_gmt":"2022-03-22T08:08:23","slug":"keo-socola-nhan-hat-huong-duong-goi-100gr","status":"publish","type":"product","link":"https:\/\/havamall.com\/en\/shop\/keo-socola-nhan-hat-huong-duong-goi-100gr\/","title":{"rendered":"K\u1eb9o Socola nh\u00e2n h\u1ea1t h\u01b0\u1edbng d\u01b0\u01a1ng &#8211; g\u00f3i 100gr"},"content":{"rendered":"<table>\n<tbody>\n<tr>\n<td class=\"specs-table__property\">H\u1ea1n s\u1eed d\u1ee5ng<\/td>\n<td class=\"specs-table__value\">12 th\u00e1ng<\/td>\n<\/tr>\n<tr>\n<td class=\"specs-table__property\">Quy c\u00e1ch \u0111\u00f3ng g\u00f3i (s\u1ec9)<\/td>\n<td class=\"specs-table__value\">20 b\u1ecbch<\/td>\n<\/tr>\n<tr>\n<td class=\"specs-table__property\">Kh\u1ed1i l\u01b0\u1ee3ng<\/td>\n<td class=\"specs-table__value\">100g<\/td>\n<\/tr>\n<tr>\n<td class=\"specs-table__property\">H\u01b0\u1edbng d\u1eabn s\u1eed d\u1ee5ng<\/td>\n<td class=\"specs-table__value\">\u0102n tr\u1ef1c ti\u1ebfp ho\u1eb7c trang tr\u00ed m\u00f3n \u0103n.<\/td>\n<\/tr>\n<tr>\n<td class=\"specs-table__property\">Th\u00e0nh ph\u1ea7n nguy\u00ean li\u1ec7u<\/td>\n<td class=\"specs-table__value\">\u0110\u01b0\u1eddng,socola, tinh b\u1ed9t b\u1eafp,siro b\u1eafp,gum arabic,s\u00e1p carnuaba, m\u00e0u th\u1ef1c ph\u1ea9m,&#8230;.<\/td>\n<\/tr>\n<tr>\n<td class=\"specs-table__property\">H\u01b0\u1edbng d\u1eabn b\u1ea3o qu\u1ea3n<\/td>\n<td class=\"specs-table__value\">B\u1ea3o qu\u1ea3n n\u01a1i kh\u00f4 r\u00e1o tho\u00e1ng m\u00e1t. Tr\u00e1nh nhi\u1ec7t \u0111\u1ed9<\/td>\n<\/tr>\n<tr>\n<td class=\"specs-table__property\">Xu\u1ea5t x\u1ee9<\/td>\n<td class=\"specs-table__value\">H\u00e0n Qu\u1ed1c<\/td>\n<\/tr>\n<\/tbody>\n<\/table>\n<h3><strong>K\u1eb9o Socola h\u01b0\u1edbng d\u01b0\u01a1ng &#8211; g\u00f3i 100g<\/strong><\/h3>\n<p>M\u00e3 s\u1ea3n ph\u1ea9m:\u00a0<span class=\"prodid\">SCL6502<\/span><\/p>\n<p><strong>K\u1eb9o Socola h\u01b0\u1edbng d\u01b0\u01a1ng &#8211; g\u00f3i 100g\u00a0<\/strong>v\u1edbi m\u00e0u s\u1eafc s\u1eb7c s\u1ee1, h\u01b0\u01a1ng v\u1ecb \u0111\u1eb7c bi\u1ec7t s\u1ebd l\u00e0 m\u00f3n qu\u00e0 \u0111\u1ed9c \u0111\u00e1o cho c\u00e1c ng\u01b0\u1eddi th\u00e2n, b\u1ea1n b\u00e8 \u0111\u1eb7c bi\u1ec7t l\u00e0 c\u00e1c em nh\u1ecf\u00a0nh\u00e2n ng\u00e0y gi\u00e1ng sinh s\u1eafp t\u1edbi.<\/p>\n<p><strong>\u0110\u1eb7c \u0111i\u1ec3m n\u1ed5i b\u1eadt c\u1ee7a s\u1ea3n ph\u1ea9m\u00a0<\/strong><\/p>\n<p>&#8211; Nguy\u00ean li\u1ec7u c\u1ee7a s\u1ea3n ph\u1ea9m \u0111\u01b0\u1ee3c nh\u1eadp kh\u1ea9u\u00a0ho\u00e0n to\u00e0n t\u1eeb H\u00e0n Qu\u1ed1c, qua ch\u1ecdn l\u1ecdc k\u0129 c\u00e0ng.\u00a0S\u1ea3n ph\u1ea9m \u0111\u01b0\u1ee3c s\u1ea3n xu\u1ea5t tr\u00ean d\u00e2y truy\u1ec1n c\u00f4ng ngh\u1ec7 hi\u1ec7n \u0111\u1ea1i\u00a0v\u00e0\u00a0\u0111\u00f3ng g\u00f3i theo quy tr\u00ecnh nghi\u00eam ng\u1eb7t\u00a0t\u1ea1i Vi\u1ec7t Nam, \u0111\u1ea3m b\u1ea3o\u00a0ch\u1ea5t l\u01b0\u1ee3ng, an to\u00e0n v\u1ec7 sinh th\u1ef1c ph\u1ea9m kh\u00f4ng ch\u1ee9a ch\u1ea5t \u0111\u1ed9c h\u1ea1i cho s\u1ee9c kh\u1ecfe c\u1ee7a ng\u01b0\u1eddi ti\u00eau d\u00f9ng.<\/p>\n<p>&#8211; K\u1eb9o ch\u1ee9a nhi\u1ec1u ch\u1ea5t dinh d\u01b0\u1ee1ng, vitamin c\u1ea7n thi\u1ebft cho c\u01a1 th\u1ec3, cung c\u1ea5p n\u0103ng l\u01b0\u1ee3ng cho ho\u1ea1t \u0111\u1ed9ng h\u00e0ng ng\u00e0y.<\/p>\n<p><img fetchpriority=\"high\" decoding=\"async\" class=\"wp-image-12582 aligncenter\" src=\"https:\/\/havamall.com\/wp-content\/uploads\/2018\/05\/1c61069f916f2c4b4ad7fb42c9963040-300x200.jpg\" alt=\"\" width=\"509\" height=\"339\" \/><\/p>\n<p>&nbsp;<\/p>\n<p>&#8211; K\u1eb9o Socola nh\u00e2n H\u1ea1nh Nh\u00e2n &#8211; g\u00f3i 100g c\u00f3 l\u1edbp ngo\u00e0i l\u00e0 socola v\u00e0 l\u1edbp trong l\u00e0 h\u1ea1t h\u01b0\u1edbng d\u01b0\u01a1ng \u0111\u00e3 t\u00e1ch v\u1ecf. H\u01b0\u01a1ng v\u1ecb ng\u1ecdt ngo\u00e0i c\u1ee7a socola k\u1ebft h\u1ee3p v\u1edbi v\u1ecb b\u00f9i ng\u1eady c\u1ee7a h\u1ea1t h\u01b0\u1edbng d\u01b0\u01a1ng \u0111em \u0111\u1ebfn h\u01b0\u01a1ng v\u1ecb \u0111\u1ed9c \u0111\u00e1o cho m\u00f3n k\u1eb9o.<\/p>\n<p>&#8211; S\u1ea3n ph\u1ea9m\u00a0d\u00f9ng \u0111\u1ec3 \u0103n tr\u1ef1c ti\u1ebfp th\u00edch h\u1ee3p l\u00e0m qu\u00e0 t\u1eb7ng cho ng\u01b0\u1eddi\u00a0 th\u00e2n, b\u1ea1n b\u00e8, \u0111\u1eb7c bi\u1ec7t c\u00e1c em nh\u1ecf s\u1ebd r\u1ea5t th\u00edch. Ngo\u00e0i ra k\u1eb9o c\u00f3 th\u1ec3 s\u1eed d\u1ee5ng \u0111\u1ec3 trang tr\u00ed b\u00e1nh, t\u00f4 \u0111i\u1ec3m\u00a0cho kh\u00f4ng kh\u00ed b\u1eefa ti\u1ec7c\u00a0gi\u00e1ng sinh th\u00eam s\u1ed1ng \u0111\u1ed9ng, r\u1ef1c r\u1ee1.<\/p>\n<p><strong>C\u00e1ch s\u1eed d\u1ee5ng v\u00e0 b\u1ea3o qu\u1ea3n k\u1eb9o Socola h\u01b0\u1edbng d\u01b0\u01a1ng &#8211; g\u00f3i 100g<\/strong><\/p>\n<p>&#8211; C\u00e1ch s\u1eed d\u1ee5ng: K\u1eb9o s\u1eed d\u1ee5ng \u0111\u1ec3 \u0103n tr\u1ef1c ti\u1ebfp, trang tr\u00ed b\u00e1nh gato, cupcake, trang tr\u00ed sinh nh\u1eadt, b\u1eefa ti\u1ec7c gi\u00e1ng sinh,&#8230;<\/p>\n<p>&#8211; B\u1ea3o qu\u1ea3n \u1edf n\u01a1i kh\u00f4 r\u00e1o, tho\u00e1ng m\u00e1t, tr\u00e1nh \u00e1nh n\u1eafng tr\u1ef1c ti\u1ebfp t\u1eeb m\u1eb7t tr\u1eddi.<\/p>","protected":false},"excerpt":{"rendered":"<p>H\u1ea1n s\u1eed d\u1ee5ng 12 th\u00e1ng Quy c\u00e1ch \u0111\u00f3ng g\u00f3i (s\u1ec9) 20 b\u1ecbch Kh\u1ed1i l\u01b0\u1ee3ng 100g H\u01b0\u1edbng d\u1eabn s\u1eed d\u1ee5ng \u0102n<\/p>","protected":false},"featured_media":9562,"comment_status":"open","ping_status":"closed","template":"","meta":[],"product_brand":[],"product_cat":[133,36],"product_tag":[],"class_list":{"0":"post-4362","1":"product","2":"type-product","3":"status-publish","4":"has-post-thumbnail","6":"product_cat-banh-keo-chocolate","7":"product_cat-thuc-pham-tieu-dung","8":"pa_brand-skx","10":"first","11":"instock","12":"sale","13":"shipping-taxable","14":"purchasable","15":"product-type-simple"},"_links":{"self":[{"href":"https:\/\/havamall.com\/en\/wp-json\/wp\/v2\/product\/4362","targetHints":{"allow":["GET"]}}],"collection":[{"href":"https:\/\/havamall.com\/en\/wp-json\/wp\/v2\/product"}],"about":[{"href":"https:\/\/havamall.com\/en\/wp-json\/wp\/v2\/types\/product"}],"replies":[{"embeddable":true,"href":"https:\/\/havamall.com\/en\/wp-json\/wp\/v2\/comments?post=4362"}],"version-history":[{"count":0,"href":"https:\/\/havamall.com\/en\/wp-json\/wp\/v2\/product\/4362\/revisions"}],"wp:featuredmedia":[{"embeddable":true,"href":"https:\/\/havamall.com\/en\/wp-json\/wp\/v2\/media\/9562"}],"wp:attachment":[{"href":"https:\/\/havamall.com\/en\/wp-json\/wp\/v2\/media?parent=4362"}],"wp:term":[{"taxonomy":"product_brand","embeddable":true,"href":"https:\/\/havamall.com\/en\/wp-json\/wp\/v2\/product_brand?post=4362"},{"taxonomy":"product_cat","embeddable":true,"href":"https:\/\/havamall.com\/en\/wp-json\/wp\/v2\/product_cat?post=4362"},{"taxonomy":"product_tag","embeddable":true,"href":"https:\/\/havamall.com\/en\/wp-json\/wp\/v2\/product_tag?post=4362"}],"curies":[{"name":"wp","href":"https:\/\/api.w.org\/{rel}","templated":true}]}}