{"id":43626,"date":"2025-12-04T11:41:38","date_gmt":"2025-12-04T04:41:38","guid":{"rendered":"https:\/\/havamall.com\/?post_type=product&#038;p=43626"},"modified":"2025-12-04T11:41:38","modified_gmt":"2025-12-04T04:41:38","slug":"mat-mia-co-dac-nguyen-chat-mien-xanh-500ml-sugarcane-molasses-100-natural-viet-nam","status":"publish","type":"product","link":"https:\/\/havamall.com\/en\/shop\/mat-mia-co-dac-nguyen-chat-mien-xanh-500ml-sugarcane-molasses-100-natural-viet-nam\/","title":{"rendered":"M\u1eadt M\u00eda C\u00f4 \u0110\u1eb7c Nguy\u00ean Ch\u1ea5t Mi\u1ec1n Xanh 500ml \u2013 Sugarcane Molasses 100% Natural Vi\u1ec7t Nam"},"content":{"rendered":"<h3 data-path-to-node=\"12\">TH\u00d4NG TIN S\u1ea2N PH\u1ea8M<\/h3>\n<div class=\"horizontal-scroll-wrapper\">\n<div class=\"table-block-component\">\n<div class=\"table-block has-export-button\">\n<table data-path-to-node=\"13\">\n<tbody>\n<tr>\n<td><span data-path-to-node=\"13,1,0,0\"><b>Th\u01b0\u01a1ng Hi\u1ec7u<\/b><\/span><\/td>\n<td><span data-path-to-node=\"13,1,1,0\">Mi\u1ec1n Xanh (\u0110\u1ea1t ch\u1ee9ng nh\u1eadn OCOP)<\/span><\/td>\n<\/tr>\n<tr>\n<td><span data-path-to-node=\"13,2,0,0\"><b>Xu\u1ea5t X\u1ee9<\/b><\/span><\/td>\n<td><span data-path-to-node=\"13,2,1,0\">Vi\u1ec7t Nam\u00a0<\/span><\/td>\n<\/tr>\n<tr>\n<td><span data-path-to-node=\"13,3,0,0\"><b>Th\u00e0nh Ph\u1ea7n<\/b><\/span><\/td>\n<td><span data-path-to-node=\"13,3,1,0\">100% N\u01b0\u1edbc c\u1ed1t M\u00eda \u0111\u01b0\u1eddng tinh khi\u1ebft c\u00f4 \u0111\u1eb7c.<\/span><\/td>\n<\/tr>\n<tr>\n<td><span data-path-to-node=\"13,5,0,0\"><b>H\u1ea1n S\u1eed D\u1ee5ng<\/b><\/span><\/td>\n<td><span data-path-to-node=\"13,5,1,0\">Xem tr\u00ean bao b\u00ec<\/span><\/td>\n<\/tr>\n<tr>\n<td><span data-path-to-node=\"13,6,0,0\"><b>B\u1ea3o Qu\u1ea3n<\/b><\/span><\/td>\n<td><span data-path-to-node=\"13,6,1,0\">N\u01a1i kh\u00f4 r\u00e1o, tho\u00e1ng m\u00e1t, tr\u00e1nh \u00e1nh n\u1eafng tr\u1ef1c ti\u1ebfp. C\u00f3 th\u1ec3 b\u1ea3o qu\u1ea3n trong ng\u0103n m\u00e1t t\u1ee7 l\u1ea1nh \u0111\u1ec3 m\u1eadt kh\u00f4ng b\u1ecb l\u00ean men.<\/span><\/td>\n<\/tr>\n<tr>\n<td><span data-path-to-node=\"13,7,0,0\"><b>Kh\u1ed1i L\u01b0\u1ee3ng\u00a0<\/b><\/span><\/td>\n<td><span data-path-to-node=\"13,7,1,0\">Th\u1ec3 t\u00edch th\u1ef1c 500ml<\/span><\/td>\n<\/tr>\n<\/tbody>\n<\/table>\n<\/div>\n<p><b>M\u1eadt M\u00eda<\/b> kh\u00f4ng ch\u1ec9 l\u00e0 s\u1ea3n ph\u1ea9m cu\u1ed1i c\u00f9ng v\u00e0 qu\u00fd gi\u00e1 nh\u1ea5t c\u1ee7a qu\u00e1 tr\u00ecnh c\u00f4 \u0111\u1eb7c n\u01b0\u1edbc m\u00eda t\u01b0\u01a1i, m\u00e0 c\u00f2n l\u00e0 m\u1ed9t n\u00e9t v\u0103n h\u00f3a, m\u1ed9t h\u01b0\u01a1ng v\u1ecb c\u1ee7a \u0111\u1ed3ng qu\u00ea, quy tr\u00ecnh truy\u1ec1n th\u1ed1ng l\u00e2u \u0111\u1eddi t\u1ea1i nhi\u1ec1u l\u00e0ng ngh\u1ec1 thu\u1ed9c khu v\u1ef1c B\u1eafc Trung B\u1ed9 v\u00e0 \u0110\u1ed3ng b\u1eb1ng s\u00f4ng H\u1ed3ng, n\u01a1i c\u00e2y m\u00eda \u0111\u01b0\u1eddng ph\u00e1t tri\u1ec3n m\u1ea1nh m\u1ebd. <b>M\u1eadt M\u00eda C\u00f4 \u0110\u1eb7c Nguy\u00ean Ch\u1ea5t Mi\u1ec1n Xanh<\/b>\u00a0l\u00e0 s\u1ef1 ch\u1eaft l\u1ecdc tinh t\u00fay t\u1eeb c\u00e2y m\u00eda \u0111\u01b0\u1eddng, mang tr\u1ecdn v\u1eb9n s\u1ef1 ng\u1ecdt ng\u00e0o t\u1ef1 nhi\u00ean, cam k\u1ebft\u00a0<b>100% Natural<\/b>\u00a0v\u00e0 t\u1ef1 h\u00e0o \u0111\u1ea1t ch\u1ee9ng nh\u1eadn\u00a0<b>OCOP<\/b>\u00a0(Ch\u01b0\u01a1ng tr\u00ecnh m\u1ed7i x\u00e3 m\u1ed9t s\u1ea3n ph\u1ea9m), kh\u1eb3ng \u0111\u1ecbnh ch\u1ea5t l\u01b0\u1ee3ng v\u00e0 ngu\u1ed3n g\u1ed1c b\u1ea3n \u0111\u1ecba.<\/p>\n<p><img fetchpriority=\"high\" decoding=\"async\" class=\"aligncenter\" src=\"https:\/\/scontent.fsgn19-1.fna.fbcdn.net\/v\/t39.30808-6\/493704421_1302085735086799_71047418916248638_n.jpg?_nc_cat=101&amp;ccb=1-7&amp;_nc_sid=833d8c&amp;_nc_ohc=hPmvHlKqJnQQ7kNvwGfuW0r&amp;_nc_oc=AdkGdzKpOr2fQIeegACzJrorCFoDVaI87_PPcGXKSs36-DQbXE0ACPoSuTwwJfzQDR_TDUqMaJI_fd03b7SpR7sm&amp;_nc_zt=23&amp;_nc_ht=scontent.fsgn19-1.fna&amp;_nc_gid=TZDVe_ZD9_am5j9MJiLYLA&amp;oh=00_Afk8vTkLg3wc8XmA3gKYAm_RQfo5bHGUiIqUyxkctsyEJw&amp;oe=6936AA12\" width=\"800\" height=\"600\" \/><\/p>\n<h3 data-path-to-node=\"18\">QU\u00c1 TR\u00ccNH V\u00c0 NGU\u1ed2N G\u1ed0C T\u1ef0 NHI\u00caN<\/h3>\n<p>\u2013 Quy tr\u00ecnh s\u1ea3n xu\u1ea5t M\u1eadt M\u00eda b\u1eaft \u0111\u1ea7u t\u1eeb vi\u1ec7c \u00e9p m\u00eda l\u1ea5y n\u01b0\u1edbc c\u1ed1t, n\u01b0\u1edbc m\u00eda \u0111\u01b0\u1ee3c l\u1ecdc k\u1ef9 l\u01b0\u1ee1ng, sau \u0111\u00f3 \u0111un s\u00f4i v\u00e0 c\u00f4 \u0111\u1eb7c li\u00ean t\u1ee5c trong nhi\u1ec1u gi\u1edd trong nh\u1eefng chi\u1ebfc ch\u1ea3o l\u1edbn. Trong qu\u00e1 tr\u00ecnh \u0111un, ng\u01b0\u1eddi th\u1ee3 th\u1ee7 c\u00f4ng ph\u1ea3i li\u00ean t\u1ee5c v\u1edbt b\u1ecdt v\u00e0 t\u1ea1p ch\u1ea5t \u0111\u1ec3 \u0111\u1ea3m b\u1ea3o M\u1eadt M\u00eda \u0111\u1ea1t \u0111\u1ed9 tinh khi\u1ebft v\u00e0 trong su\u1ed1t t\u1ed1i \u0111a. Qu\u00e1 tr\u00ecnh c\u00f4 \u0111\u1eb7c n\u00e0y k\u00e9o d\u00e0i \u0111\u1ebfn khi n\u01b0\u1edbc m\u00eda bay h\u01a1i h\u1ebft, \u0111\u1ea1t \u0111\u1ebfn \u0111\u1ed9 s\u00e1nh \u0111\u1eadm, d\u1ebbo qu\u00e1nh, v\u00e0 c\u00f3 m\u00e0u n\u00e2u \u0111en \u00e1nh v\u00e0ng \u0111\u1eb7c tr\u01b0ng.<\/p>\n<p>\u2013\u00a0<b>M\u1eadt M\u00eda Mi\u1ec1n Xanh<\/b> gi\u1eef nguy\u00ean v\u1ecb ng\u1ecdt \u0111\u1eadm \u0111\u00e0, h\u01a1i h\u0103ng nh\u1eb9 v\u00e0 h\u01b0\u01a1ng th\u01a1m \u0111\u1eb7c tr\u01b0ng c\u1ee7a m\u00eda, ho\u00e0n to\u00e0n kh\u00e1c bi\u1ec7t so v\u1edbi v\u1ecb ng\u1ecdt g\u1eaft c\u1ee7a \u0111\u01b0\u1eddng tinh luy\u1ec7n,<b>\u00a0ch\u1ee9a ch\u1ea5t b\u1ea3o qu\u1ea3n, kh\u00f4ng h\u00f3a ch\u1ea5t ph\u1ee5 gia<\/b>\u00a0v\u00e0\u00a0<b>kh\u00f4ng ch\u1ea5t t\u1ea1o m\u00e0u<\/b>, \u0111\u1ea3m b\u1ea3o s\u1ef1 nguy\u00ean b\u1ea3n v\u00e0 an to\u00e0n cho s\u1ee9c kh\u1ecfe.<\/p>\n<p><img decoding=\"async\" class=\"aligncenter\" src=\"https:\/\/havamall.com\/wp-content\/uploads\/2025\/12\/168d0215458t8758l5img3234.jpg\" alt=\"Th\u1ee7 ph\u1ee7 m\u1eadt m\u00eda Th\u1ea1ch Th\u00e0nh n\u1ed5i ti\u1ebfng x\u1ee9 Thanh \u0111\u1ecf l\u1eeda ng\u00e0y gi\u00e1p T\u1ebft | B\u00e1o  \u1ea3nh D\u00e2n t\u1ed9c v\u00e0 Mi\u1ec1n n\u00fai\" width=\"800\" height=\"600\" \/><\/p>\n<h3 data-path-to-node=\"21\">GI\u00c1 TR\u1eca DINH D\u01af\u1ee0NG V\u00c0 L\u1ee2I \u00cdCH S\u1ee8C KH\u1eceE<\/h3>\n<p>\u2013 Kh\u00f4ng gi\u1ed1ng nh\u01b0 \u0111\u01b0\u1eddng tr\u1eafng (ch\u1ec9 ch\u1ee9a sucrose), M\u1eadt M\u00eda l\u00e0 m\u1ed9t ngu\u1ed3n cung c\u1ea5p c\u00e1c vi kho\u00e1ng ch\u1ea5t d\u1ed3i d\u00e0o, \u0111\u1eb7c bi\u1ec7t l\u00e0\u00a0<b>S\u1eaft, Canxi, Magie v\u00e0 Kali<\/b>. S\u1eaft \u0111\u00f3ng vai tr\u00f2 quan tr\u1ecdng trong vi\u1ec7c h\u00ecnh th\u00e0nh hemoglobin v\u00e0 v\u1eadn chuy\u1ec3n oxy trong m\u00e1u, gi\u00fap ng\u0103n ng\u1eeba thi\u1ebfu m\u00e1u. Canxi v\u00e0 Magie l\u00e0 hai kho\u00e1ng ch\u1ea5t thi\u1ebft y\u1ebfu cho s\u1ee9c kh\u1ecfe x\u01b0\u01a1ng v\u00e0 ch\u1ee9c n\u0103ng c\u01a1 b\u1eafp.<\/p>\n<p>\u2013 M\u1eadt M\u00eda c\u00f3 ch\u1ec9 s\u1ed1 \u0111\u01b0\u1eddng huy\u1ebft (Glycemic Index \u2013 GI) th\u1ea5p h\u01a1n so v\u1edbi \u0111\u01b0\u1eddng tr\u1eafng tinh luy\u1ec7n. \u0110i\u1ec1u n\u00e0y c\u00f3 ngh\u0129a l\u00e0 M\u1eadt M\u00eda \u0111\u01b0\u1ee3c h\u1ea5p th\u1ee5 v\u00e0o m\u00e1u ch\u1eadm h\u01a1n, gi\u00fap ki\u1ec3m so\u00e1t l\u01b0\u1ee3ng \u0111\u01b0\u1eddng trong m\u00e1u \u1ed5n \u0111\u1ecbnh h\u01a1n, l\u00e0 m\u1ed9t l\u1ef1a ch\u1ecdn thay th\u1ebf t\u1ed1t h\u01a1n cho nh\u1eefng ng\u01b0\u1eddi mu\u1ed1n gi\u1ea3m t\u00e1c \u0111\u1ed9ng c\u1ee7a \u0111\u01b0\u1eddng tinh luy\u1ec7n l\u00ean c\u01a1 th\u1ec3.<\/p>\n<p><img decoding=\"async\" class=\"aligncenter\" src=\"https:\/\/scontent.fsgn19-1.fna.fbcdn.net\/v\/t39.30808-6\/504085945_24578322228417848_2544129292730522839_n.jpg?stp=cp6_dst-jpg_tt6&amp;_nc_cat=106&amp;ccb=1-7&amp;_nc_sid=833d8c&amp;_nc_ohc=hgBrqeuSN0gQ7kNvwHXq8IO&amp;_nc_oc=Adn1JCHzA9UxCRH5eVATPeo6WKg8Si1FgrAlES16bH0vDHE8twJSgPRGjWqo0jfeXFMfhBESJDggBWn3hoOLoNlE&amp;_nc_zt=23&amp;_nc_ht=scontent.fsgn19-1.fna&amp;_nc_gid=DZMjf9d4L-oY9hjZZl6JgQ&amp;oh=00_Afmmr4yjSFCRAiJDy2Gtf_eURIIQNqXvsyNqccJ2q2ZK5A&amp;oe=6936CABD\" width=\"800\" height=\"556\" \/><\/p>\n<h3 data-path-to-node=\"26\">\u1ee8NG D\u1ee4NG \u0110A D\u1ea0NG TRONG \u1ea8M TH\u1ef0C VI\u1ec6T<\/h3>\n<p>\u2013 M\u1eadt M\u00eda l\u00e0 b\u00ed quy\u1ebft t\u1ea1o n\u00ean m\u00e0u n\u00e2u c\u00e1nh gi\u00e1n \u00f3ng \u1ea3 v\u00e0 h\u01b0\u01a1ng v\u1ecb \u0111\u1eadm \u0111\u00e0 cho c\u00e1c m\u00f3n kho truy\u1ec1n th\u1ed1ng, nh\u01b0\u00a0<b>C\u00e1 Kho T\u1ed9<\/b>\u00a0hay\u00a0<b>Th\u1ecbt Kho T\u00e0u<\/b>. Khi n\u1ea5u, M\u1eadt M\u00eda caramel h\u00f3a t\u1ea1o ra l\u1edbp men b\u00f3ng \u0111\u1eb9p m\u1eaft, l\u00e0m m\u00f3n \u0103n th\u00eam h\u1ea5p d\u1eabn.<\/p>\n<p>\u2013 M\u1eadt M\u00eda l\u00e0 nguy\u00ean li\u1ec7u quan tr\u1ecdng \u0111\u1ec3 l\u00e0m c\u00e1c lo\u1ea1i b\u00e1nh truy\u1ec1n th\u1ed1ng nh\u01b0\u00a0<b>B\u00e1nh Gai, B\u00e1nh Tr\u00f4i, B\u00e1nh \u0110\u00fac<\/b>\u00a0v\u00e0 l\u00e0 ch\u1ea5t l\u00e0m ng\u1ecdt ch\u00ednh cho c\u00e1c lo\u1ea1i ch\u00e8 v\u00e0 m\u00f3n tr\u00e1ng mi\u1ec7ng. \u0110\u1eb7c bi\u1ec7t, m\u00f3n\u00a0<b>Ch\u00e8 Tr\u00f4i N\u01b0\u1edbc<\/b> kh\u00f4ng th\u1ec3 thi\u1ebfu l\u1edbp M\u1eadt M\u00eda s\u00e1nh \u0111\u1eb7c bao b\u1ecdc b\u00ean ngo\u00e0i.<\/p>\n<p><img loading=\"lazy\" decoding=\"async\" class=\"aligncenter\" src=\"https:\/\/scontent.fsgn19-1.fna.fbcdn.net\/v\/t39.30808-6\/503080639_24578322185084519_7977177116946488313_n.jpg?_nc_cat=111&amp;ccb=1-7&amp;_nc_sid=833d8c&amp;_nc_ohc=0wM4Kn11LwoQ7kNvwGSFA2s&amp;_nc_oc=AdlFAEOadSjL0xU5nUemjwlrPN9XlkX49MJNjXfQ0Q52ACgRkb_TZ_hevFl7o5fyag9stPkX5195hurBSjh4qg4F&amp;_nc_zt=23&amp;_nc_ht=scontent.fsgn19-1.fna&amp;_nc_gid=SZIbJPfTjIbwZFa5fx1BEw&amp;oh=00_Afmyjg_qTrhOq44Mtyi0Ij0gB2ZYcLa-eASmYwmfwOeNmg&amp;oe=6936C9E0\" width=\"800\" height=\"600\" \/><\/p>\n<\/div>\n<p><b>M\u1eadt M\u00eda Mi\u1ec1n Xanh<\/b> n\u00ean \u0111\u01b0\u1ee3c b\u1ea3o qu\u1ea3n \u1edf n\u01a1i tho\u00e1ng m\u00e1t, do l\u00e0 s\u1ea3n ph\u1ea9m t\u1ef1 nhi\u00ean, M\u1eadt M\u00eda c\u00f3 th\u1ec3 b\u1ecb l\u00ean men n\u1ebfu ti\u1ebfp x\u00fac v\u1edbi \u0111\u1ed9 \u1ea9m ho\u1eb7c kh\u00f4ng kh\u00ed qu\u00e1 l\u00e2u. N\u00ean gi\u1eef k\u00edn n\u1eafp sau m\u1ed7i l\u1ea7n s\u1eed d\u1ee5ng ho\u1eb7c b\u1ea3o qu\u1ea3n l\u1ea1nh \u0111\u1ec3 k\u00e9o d\u00e0i th\u1eddi gian s\u1eed d\u1ee5ng, hi\u1ec7n \u0111ang \u0111\u01b0\u1ee3c b\u00e1n t\u1ea1i Havamall.<\/p>\n<\/div>","protected":false},"excerpt":{"rendered":"<p>TH\u00d4NG TIN S\u1ea2N PH\u1ea8M Th\u01b0\u01a1ng Hi\u1ec7u Mi\u1ec1n Xanh (\u0110\u1ea1t ch\u1ee9ng nh\u1eadn OCOP) Xu\u1ea5t X\u1ee9 Vi\u1ec7t Nam\u00a0 Th\u00e0nh Ph\u1ea7n 100% N\u01b0\u1edbc<\/p>","protected":false},"featured_media":43628,"comment_status":"open","ping_status":"closed","template":"","meta":[],"product_brand":[],"product_cat":[730,154,255,131],"product_tag":[],"class_list":{"0":"post-43626","1":"product","2":"type-product","3":"status-publish","4":"has-post-thumbnail","6":"product_cat-cac-nuoc-khac","7":"product_cat-gia-vi","8":"product_cat-nguyen-lieu-lam-banh","9":"product_cat-nguyen-lieu-lam-bep","11":"first","12":"instock","13":"sale","14":"shipping-taxable","15":"purchasable","16":"product-type-simple"},"_links":{"self":[{"href":"https:\/\/havamall.com\/en\/wp-json\/wp\/v2\/product\/43626","targetHints":{"allow":["GET"]}}],"collection":[{"href":"https:\/\/havamall.com\/en\/wp-json\/wp\/v2\/product"}],"about":[{"href":"https:\/\/havamall.com\/en\/wp-json\/wp\/v2\/types\/product"}],"replies":[{"embeddable":true,"href":"https:\/\/havamall.com\/en\/wp-json\/wp\/v2\/comments?post=43626"}],"version-history":[{"count":0,"href":"https:\/\/havamall.com\/en\/wp-json\/wp\/v2\/product\/43626\/revisions"}],"wp:featuredmedia":[{"embeddable":true,"href":"https:\/\/havamall.com\/en\/wp-json\/wp\/v2\/media\/43628"}],"wp:attachment":[{"href":"https:\/\/havamall.com\/en\/wp-json\/wp\/v2\/media?parent=43626"}],"wp:term":[{"taxonomy":"product_brand","embeddable":true,"href":"https:\/\/havamall.com\/en\/wp-json\/wp\/v2\/product_brand?post=43626"},{"taxonomy":"product_cat","embeddable":true,"href":"https:\/\/havamall.com\/en\/wp-json\/wp\/v2\/product_cat?post=43626"},{"taxonomy":"product_tag","embeddable":true,"href":"https:\/\/havamall.com\/en\/wp-json\/wp\/v2\/product_tag?post=43626"}],"curies":[{"name":"wp","href":"https:\/\/api.w.org\/{rel}","templated":true}]}}