{"id":43658,"date":"2025-12-06T11:45:16","date_gmt":"2025-12-06T04:45:16","guid":{"rendered":"https:\/\/havamall.com\/?post_type=product&#038;p=43658"},"modified":"2025-12-06T11:45:17","modified_gmt":"2025-12-06T04:45:17","slug":"banh-socola-kem-marshmallow-mem-min-phaner-pie-pham-nguyen-hop-336g-12-goi-phaner-pie-chocolate-coated-pie","status":"publish","type":"product","link":"https:\/\/havamall.com\/en\/shop\/banh-socola-kem-marshmallow-mem-min-phaner-pie-pham-nguyen-hop-336g-12-goi-phaner-pie-chocolate-coated-pie\/","title":{"rendered":"B\u00e1nh S\u00f4c\u00f4la Kem Marshmallow M\u1ec1m M\u1ecbn Phaner Pie Ph\u1ea1m Nguy\u00ean H\u1ed9p 336g (12 G\u00f3i) \u2013 Phaner Pie Chocolate Coated Pie"},"content":{"rendered":"<h3 data-path-to-node=\"6\">TH\u00d4NG TIN S\u1ea2N PH\u1ea8M<\/h3>\n<table style=\"width: 79.0715%; height: 168px;\" data-path-to-node=\"7\">\n<tbody>\n<tr style=\"height: 24px;\">\n<td style=\"height: 24px; width: 11.1275%;\"><span data-path-to-node=\"7,1,0,0\"><b>Th\u01b0\u01a1ng Hi\u1ec7u<\/b><\/span><\/td>\n<td style=\"height: 24px; width: 67.3545%;\"><span data-path-to-node=\"7,1,1,0\">Phaner Pie<\/span><\/td>\n<\/tr>\n<tr style=\"height: 24px;\">\n<td style=\"height: 24px; width: 11.1275%;\"><span data-path-to-node=\"7,2,0,0\"><b>Xu\u1ea5t X\u1ee9<\/b><\/span><\/td>\n<td style=\"height: 24px; width: 67.3545%;\"><span data-path-to-node=\"7,2,1,0\">Vi\u1ec7t Nam<\/span><\/td>\n<\/tr>\n<tr style=\"height: 48px;\">\n<td style=\"height: 48px; width: 11.1275%;\"><span data-path-to-node=\"7,3,0,0\"><b>Th\u00e0nh Ph\u1ea7n\u00a0<\/b><\/span><\/td>\n<td style=\"height: 48px; width: 67.3545%;\"><span data-path-to-node=\"7,3,1,0\">B\u1ed9t m\u00ec, \u0110\u01b0\u1eddng, Shortening, Glucose, Tr\u1ee9ng, S\u1eefa b\u1ed9t, B\u1ed9t Cacao,\u00a0<b>Marshmallow (k\u1eb9o d\u1ebbo x\u1ed1p)<\/b>, Ch\u1ea5t l\u00e0m \u1ea9m, Ch\u1ea5t nh\u0169 h\u00f3a (Lecithin \u0111\u1eadu n\u00e0nh), Mu\u1ed1i i-\u1ed1t, H\u01b0\u01a1ng li\u1ec7u t\u1ed5ng h\u1ee3p (S\u00f4c\u00f4la, Vani),&#8230;<\/span><\/td>\n<\/tr>\n<tr style=\"height: 24px;\">\n<td style=\"height: 24px; width: 11.1275%;\"><span data-path-to-node=\"7,4,0,0\"><b>H\u1ea1n S\u1eed D\u1ee5ng<\/b><\/span><\/td>\n<td style=\"height: 24px; width: 67.3545%;\"><span data-path-to-node=\"7,4,1,0\">12 th\u00e1ng k\u1ec3 t\u1eeb ng\u00e0y s\u1ea3n xu\u1ea5t<\/span><\/td>\n<\/tr>\n<tr style=\"height: 24px;\">\n<td style=\"height: 24px; width: 11.1275%;\"><span data-path-to-node=\"7,5,0,0\"><b>B\u1ea3o Qu\u1ea3n<\/b><\/span><\/td>\n<td style=\"height: 24px; width: 67.3545%;\"><span data-path-to-node=\"7,5,1,0\">B\u1ea3o qu\u1ea3n n\u01a1i kh\u00f4 r\u00e1o, tho\u00e1ng m\u00e1t, tr\u00e1nh \u00e1nh n\u1eafng m\u1eb7t tr\u1eddi tr\u1ef1c ti\u1ebfp v\u00e0 nhi\u1ec7t \u0111\u1ed9 cao<\/span><\/td>\n<\/tr>\n<tr style=\"height: 24px;\">\n<td style=\"height: 24px; width: 11.1275%;\"><span data-path-to-node=\"7,6,0,0\"><b>Kh\u1ed1i L\u01b0\u1ee3ng<\/b><\/span><\/td>\n<td style=\"height: 24px; width: 67.3545%;\"><span data-path-to-node=\"7,6,1,0\">H\u1ed9p 12 g\u00f3i (Tr\u1ecdng l\u01b0\u1ee3ng t\u1ecbnh 312g ho\u1eb7c 336g, t\u00f9y phi\u00ean b\u1ea3n\/th\u1eddi \u0111i\u1ec3m. Ph\u1ed5 bi\u1ebfn l\u00e0 12 g\u00f3i x 26g)<\/span><\/td>\n<\/tr>\n<\/tbody>\n<\/table>\n<p>B\u00e1nh S\u00f4c\u00f4la Kem Marshmallow (Chocolate Coated Pie) l\u00e0 m\u1ed9t d\u00f2ng b\u00e1nh k\u1eb9o n\u1ed5i ti\u1ebfng to\u00e0n c\u1ea7u, c\u00f3 ngu\u1ed3n g\u1ed1c t\u1eeb c\u00e1c lo\u1ea1i b\u00e1nh k\u1eb9o ph\u1ee7 s\u00f4c\u00f4la v\u00e0 c\u00f3 nh\u00e2n d\u1ebbo (nh\u01b0 Marshmallow ho\u1eb7c Cream) ph\u1ed5 bi\u1ebfn \u1edf M\u1ef9 v\u00e0 Ch\u00e2u \u00c2u. Tuy nhi\u00ean, s\u1ef1 ph\u1ed5 bi\u1ebfn b\u00f9ng n\u1ed5 c\u1ee7a d\u00f2ng b\u00e1nh n\u00e0y t\u1ea1i ch\u00e2u \u00c1, bao g\u1ed3m Vi\u1ec7t Nam, l\u1ea1i g\u1eafn li\u1ec1n v\u1edbi s\u1ef1 ra \u0111\u1eddi c\u1ee7a c\u00e1c th\u01b0\u01a1ng hi\u1ec7u b\u00e1nh &#8220;Choco Pie&#8221; v\u00e0o nh\u1eefng n\u0103m 1970. D\u00f2ng b\u00e1nh n\u00e0y nhanh ch\u00f3ng tr\u1edf th\u00e0nh m\u1ed9t bi\u1ec3u t\u01b0\u1ee3ng c\u1ee7a s\u1ef1 th\u00e2n t\u00ecnh, th\u01b0\u1eddng \u0111\u01b0\u1ee3c s\u1eed d\u1ee5ng l\u00e0m qu\u00e0 t\u1eb7ng ho\u1eb7c m\u00f3n \u0103n nh\u1eb9 ti\u1ec7n l\u1ee3i trong c\u00e1c d\u1ecbp g\u1eb7p m\u1eb7t.<\/p>\n<p><img fetchpriority=\"high\" decoding=\"async\" class=\"aligncenter\" src=\"https:\/\/havamall.com\/wp-content\/uploads\/2025\/12\/banh-hon-hop-phaner-pie-luxury-hop-504g-202102040815145607.jpg\" width=\"800\" height=\"600\" \/><\/p>\n<p><b>Phaner Pie<\/b> kh\u00f4ng ch\u1ec9 l\u00e0 m\u1ed9t m\u00f3n \u0103n v\u1eb7t, m\u00e0 c\u00f2n l\u00e0 s\u1ef1 k\u1ebft h\u1ee3p tinh t\u1ebf gi\u1eefa ba l\u1edbp c\u1ea5u th\u00e0nh: l\u1edbp b\u00e1nh b\u00f4ng lan m\u1ec1m m\u1ea1i, l\u1edbp nh\u00e2n Marshmallow d\u1ebbo dai v\u00e0 l\u1edbp S\u00f4c\u00f4la ph\u1ee7 ngo\u00e0i \u0111\u1eadm \u0111\u00e0.<\/p>\n<p><img decoding=\"async\" class=\"aligncenter\" src=\"https:\/\/havamall.com\/wp-content\/uploads\/2025\/12\/choco-pie-15559015283891747755348.jpg\" width=\"800\" height=\"534\" \/><\/p>\n<h4 data-path-to-node=\"13\">\u0110\u1eb6C \u0110I\u1ec2M N\u1ed4I B\u1eacT<\/h4>\n<p data-path-to-node=\"15,0,1,0,0\"><b>\u2013 L\u1edbp B\u00e1nh B\u00f4ng Lan:<\/b>\u00a0\u0110\u01b0\u1ee3c n\u01b0\u1edbng t\u1eeb b\u1ed9t m\u00ec v\u00e0 tr\u1ee9ng ch\u1ea5t l\u01b0\u1ee3ng cao, t\u1ea1o n\u00ean l\u1edbp b\u00e1nh m\u1ec1m, \u1ea9m, c\u00f3 \u0111\u1ed9 \u0111\u00e0n h\u1ed3i l\u00fd t\u01b0\u1edfng, kh\u00f4ng b\u1ecb kh\u00f4 c\u1ee9ng.<\/p>\n<p data-path-to-node=\"15,0,1,1,0\"><b>\u2013 L\u1edbp Kem Marshmallow:<\/b>\u00a0L\u00e0 tr\u00e1i tim c\u1ee7a chi\u1ebfc b\u00e1nh, \u0111\u01b0\u1ee3c l\u00e0m t\u1eeb k\u1eb9o d\u1ebbo x\u1ed1p (Marshmallow), mang l\u1ea1i v\u1ecb ng\u1ecdt nh\u1eb9 nh\u00e0ng, \u0111\u1ed9 d\u1ebbo dai, x\u1ed1p m\u1ecbn, tan ch\u1ea3y t\u1eeb t\u1eeb trong mi\u1ec7ng.<\/p>\n<p data-path-to-node=\"15,0,1,2,0\"><b>\u2013 L\u1edbp Ph\u1ee7 S\u00f4c\u00f4la:<\/b>\u00a0Bao ph\u1ee7 to\u00e0n b\u1ed9 b\u00ean ngo\u00e0i, l\u00e0 l\u1edbp S\u00f4c\u00f4la \u0111\u01b0\u1ee3c ch\u1ebf bi\u1ebfn k\u1ef9 l\u01b0\u1ee1ng, mang l\u1ea1i v\u1ecb \u0111\u1eafng nh\u1eb9 c\u00e2n b\u1eb1ng v\u1edbi v\u1ecb ng\u1ecdt c\u1ee7a kem, t\u0103ng th\u00eam s\u1ef1 h\u1ea5p d\u1eabn v\u00e0 gi\u00e1 tr\u1ecb c\u1ea3m quan cho chi\u1ebfc b\u00e1nh.<\/p>\n<p data-path-to-node=\"15,0,1,2,0\">Phaner Pie l\u00e0 ngu\u1ed3n cung c\u1ea5p n\u0103ng l\u01b0\u1ee3ng nhanh ch\u00f3ng, gi\u00fap b\u1ed5 sung Calories c\u1ea7n thi\u1ebft cho c\u01a1 th\u1ec3 trong nh\u1eefng gi\u1edd l\u00e0m vi\u1ec7c ho\u1eb7c h\u1ecdc t\u1eadp c\u0103ng th\u1eb3ng. Trung b\u00ecnh, m\u1ed7i chi\u1ebfc b\u00e1nh (kho\u1ea3ng 26g) cung c\u1ea5p kho\u1ea3ng 120-130 kcal, \u0111\u00e2y l\u00e0 m\u1ed9t l\u1ef1a ch\u1ecdn h\u1ee3p l\u00fd cho b\u1eefa \u0103n nh\u1eb9 gi\u1eefa bu\u1ed5i.<\/p>\n<p data-path-to-node=\"15,0,1,2,0\"><img decoding=\"async\" class=\"aligncenter\" src=\"https:\/\/havamall.com\/wp-content\/uploads\/2025\/12\/banh-choco-p-n-336g-201903040905282784.jpg\" width=\"800\" height=\"600\" \/><\/p>\n<h4 data-path-to-node=\"16\">G\u1ee2I \u00dd TH\u01af\u1edeNG TH\u1ee8C S\u00c1NG T\u1ea0O<\/h4>\n<p data-path-to-node=\"18,0,0\"><b>\u2013 C\u00c1CH D\u00d9NG TRUY\u1ec0N TH\u1ed0NG:<\/b>\u00a0\u0102n tr\u1ef1c ti\u1ebfp nh\u01b0 m\u1ed9t m\u00f3n \u0103n v\u1eb7t, l\u00fd t\u01b0\u1edfng khi d\u00f9ng k\u00e8m v\u1edbi m\u1ed9t ly s\u1eefa \u1ea5m ho\u1eb7c c\u00e0 ph\u00ea.<\/p>\n<p data-path-to-node=\"18,1,0\"><b>\u2013 K\u1ebeT H\u1ee2P C\u00d9NG \u0110\u1ed2 U\u1ed0NG: <\/b><b>L\u00e0m tan ch\u1ea3y S\u00f4c\u00f4la:<\/b> \u0110\u1eb7t b\u00e1nh v\u00e0o l\u00f2 vi s\u00f3ng kho\u1ea3ng 10-15 gi\u00e2y, Marshmallow b\u00ean trong s\u1ebd m\u1ec1m v\u00e0 tan ch\u1ea3y nh\u1eb9, t\u1ea1o n\u00ean m\u1ed9t tr\u1ea3i nghi\u1ec7m n\u00f3ng h\u1ed5i, k\u1ebft h\u1ee3p ho\u00e0n h\u1ea3o v\u1edbi s\u1eefa l\u1ea1nh ho\u1eb7c kem.\u00a0<b>\u0102n k\u00e8m kem:<\/b>\u00a0D\u00f9ng Phaner Pie thay th\u1ebf cho l\u1edbp b\u00e1nh quy khi \u0103n kem, ho\u1eb7c ch\u1ebf bi\u1ebfn th\u00e0nh m\u00f3n Sundae b\u1eb1ng c\u00e1ch \u0111\u1eb7t b\u00e1nh l\u00ean tr\u00ean kem v\u00e0 r\u01b0\u1edbi s\u1ed1t S\u00f4c\u00f4la.<\/p>\n<p data-path-to-node=\"18,1,0\"><img loading=\"lazy\" decoding=\"async\" class=\"aligncenter\" src=\"https:\/\/havamall.com\/wp-content\/uploads\/2025\/12\/c8d999764a974cfc95f83c6fe8597290.jpg\" width=\"801\" height=\"801\" \/><\/p>\n<p data-path-to-node=\"18,1,0\">B\u00e1nh S\u00f4c\u00f4la Kem Marshmallow Phaner Pie Ph\u1ea1m Nguy\u00ean H\u1ed9p 12 G\u00f3i hi\u1ec7n \u0111ang \u0111\u01b0\u1ee3c b\u00e1n t\u1ea1i\u00a0<b>Havamall<\/b>.<\/p>","protected":false},"excerpt":{"rendered":"<p>TH\u00d4NG TIN S\u1ea2N PH\u1ea8M Th\u01b0\u01a1ng Hi\u1ec7u Phaner Pie Xu\u1ea5t X\u1ee9 Vi\u1ec7t Nam Th\u00e0nh Ph\u1ea7n\u00a0 B\u1ed9t m\u00ec, \u0110\u01b0\u1eddng, Shortening, Glucose, Tr\u1ee9ng,<\/p>","protected":false},"featured_media":43659,"comment_status":"open","ping_status":"closed","template":"","meta":[],"product_brand":[],"product_cat":[730,133],"product_tag":[],"class_list":{"0":"post-43658","1":"product","2":"type-product","3":"status-publish","4":"has-post-thumbnail","6":"product_cat-cac-nuoc-khac","7":"product_cat-banh-keo-chocolate","9":"first","10":"instock","11":"sale","12":"shipping-taxable","13":"purchasable","14":"product-type-simple"},"_links":{"self":[{"href":"https:\/\/havamall.com\/en\/wp-json\/wp\/v2\/product\/43658","targetHints":{"allow":["GET"]}}],"collection":[{"href":"https:\/\/havamall.com\/en\/wp-json\/wp\/v2\/product"}],"about":[{"href":"https:\/\/havamall.com\/en\/wp-json\/wp\/v2\/types\/product"}],"replies":[{"embeddable":true,"href":"https:\/\/havamall.com\/en\/wp-json\/wp\/v2\/comments?post=43658"}],"version-history":[{"count":0,"href":"https:\/\/havamall.com\/en\/wp-json\/wp\/v2\/product\/43658\/revisions"}],"wp:featuredmedia":[{"embeddable":true,"href":"https:\/\/havamall.com\/en\/wp-json\/wp\/v2\/media\/43659"}],"wp:attachment":[{"href":"https:\/\/havamall.com\/en\/wp-json\/wp\/v2\/media?parent=43658"}],"wp:term":[{"taxonomy":"product_brand","embeddable":true,"href":"https:\/\/havamall.com\/en\/wp-json\/wp\/v2\/product_brand?post=43658"},{"taxonomy":"product_cat","embeddable":true,"href":"https:\/\/havamall.com\/en\/wp-json\/wp\/v2\/product_cat?post=43658"},{"taxonomy":"product_tag","embeddable":true,"href":"https:\/\/havamall.com\/en\/wp-json\/wp\/v2\/product_tag?post=43658"}],"curies":[{"name":"wp","href":"https:\/\/api.w.org\/{rel}","templated":true}]}}