{"id":4372,"date":"2018-05-22T16:07:35","date_gmt":"2018-05-22T09:07:35","guid":{"rendered":"https:\/\/havamall.com\/?post_type=product&#038;p=4372"},"modified":"2026-03-14T15:56:55","modified_gmt":"2026-03-14T08:56:55","slug":"keo-socola-vien-da-choco-rock-250gr","status":"publish","type":"product","link":"https:\/\/havamall.com\/en\/shop\/keo-socola-vien-da-choco-rock-250gr\/","title":{"rendered":"K\u1eb9o Socola vi\u00ean \u0111\u00e1 Choco Rock 250gr"},"content":{"rendered":"<p>K\u1eb9o Socola vi\u00ean \u0111\u00e1 Choco Rock 250g\u00a0v\u1edbi c\u00e1ch t\u1ea1o h\u00ecnh \u0111\u1eb7c bi\u1ec7t nh\u01b0 nh\u1eefng vi\u00ean \u0111\u00e1 th\u1eadt, \u0111\u1ea7y \u0111\u1ee7 m\u00e0u s\u1eafc h\u00fat m\u1eaft s\u1ebd\u00a0r\u1ea5t th\u00edch h\u1ee3p \u0111\u1ec3 l\u00e0m \u0111\u1ed3 trang tr\u00ed cho nh\u1eefng chi\u1ebfc b\u00e1nh xinh.<\/p>\n<h4><strong>\u0110\u1eb7c \u0111i\u1ec3m n\u1ed5i b\u1eadt c\u1ee7a s\u1ea3n ph\u1ea9m:<\/strong><\/h4>\n<p>\u2013 S\u1ea3n ph\u1ea9m \u0111\u01b0\u1ee3c nh\u1eadp kh\u1ea9u\u00a0ho\u00e0n to\u00e0n t\u1eeb H\u00e0n Qu\u1ed1c, \u0111\u01b0\u1ee3c\u00a0s\u1ea3n xu\u1ea5t tr\u00ean d\u00e2y truy\u1ec1n c\u00f4ng ngh\u1ec7 hi\u1ec7n \u0111\u1ea1i\u00a0v\u00e0\u00a0\u0111\u00f3ng g\u00f3i t\u1ea1i Vi\u1ec7t Nam theo quy tr\u00ecnh nghi\u00eam ng\u1eb7t, \u0111\u1ea3m b\u1ea3o\u00a0ch\u1ea5t l\u01b0\u1ee3ng, an to\u00e0n v\u1ec7 sinh th\u1ef1c ph\u1ea9m tuy\u1ec7t \u0111\u1ed1i cho ng\u01b0\u1eddi ti\u00eau d\u00f9ng.<\/p>\n<p>\u2013 K\u1eb9o\u00a0\u00a0Socola vi\u00ean \u0111\u00e1 Choco Rock 250g ch\u1ee9a nhi\u1ec1u vitamin v\u00e0 c\u00e1c ch\u1ea5t dinh d\u01b0\u1ee1ng c\u1ea7n thi\u1ebft cho c\u01a1 th\u1ec3, cung c\u1ea5p n\u0103ng l\u01b0\u1ee3ng cho ho\u1ea1t \u0111\u1ed9ng h\u00e0ng ng\u00e0y.<\/p>\n<p><img fetchpriority=\"high\" decoding=\"async\" class=\"size-full wp-image-4373 aligncenter\" src=\"https:\/\/havamall.com\/wp-content\/uploads\/2018\/05\/DSC_8825.jpg\" alt=\"\" width=\"600\" height=\"615\" srcset=\"https:\/\/havamall.com\/wp-content\/uploads\/2018\/05\/DSC_8825.jpg 600w, https:\/\/havamall.com\/wp-content\/uploads\/2018\/05\/DSC_8825-150x154.jpg 150w\" sizes=\"(max-width: 600px) 100vw, 600px\" \/>\u2013 K\u1eb9o c\u00f3 h\u01b0\u01a1ng v\u1ecb ng\u1ecdt ng\u00e0o \u0111\u1eb7c tr\u01b0ng c\u1ee7a socola, \u0111\u01b0\u1ee3c \u0111\u00f3ng g\u00f3i c\u1ea9n th\u1eadn, k\u0129 c\u00e0ng, th\u00f4ng tin r\u00f5 r\u00e0ng.<\/p>\n<p>\u2013 K\u1eb9o c\u00f3 c\u00e1ch t\u1ea1o h\u00ecnh gi\u1ed1ng h\u1ec7t nh\u1eefng vi\u00ean \u0111\u00e1 nh\u1ecf xinh v\u1edbi \u0111\u1ea7y \u0111\u1ee7 m\u00e0u s\u1eafc, r\u1ea5t th\u00edch\u00a0h\u1ee3p l\u00e0m qu\u00e0 t\u1eb7ng cho ng\u01b0\u1eddi\u00a0 th\u00e2n, b\u1ea1n b\u00e8, \u0111\u1eb7c bi\u1ec7t c\u00e1c em nh\u1ecf. Ngo\u00e0i ra k\u1eb9o c\u00f3 th\u1ec3 s\u1eed d\u1ee5ng \u0111\u1ec3 trang tr\u00ed b\u00e1nh, t\u00f4 \u0111i\u1ec3m\u00a0cho kh\u00f4ng kh\u00ed b\u1eefa ti\u1ec7c\u00a0gi\u00e1ng sinh th\u00eam s\u1ed1ng \u0111\u1ed9ng, r\u1ef1c r\u1ee1.<\/p>\n<p><img decoding=\"async\" class=\"aligncenter\" src=\"https:\/\/havamall.com\/wp-content\/uploads\/2018\/05\/7180643535d98425dd134495c40dc26a.png\" alt=\"Combo 3 Socola Choco Rock: \u0110\u00e1 + Bi + H\u1ea1nh Nh\u00e2n (280gr) | undefined | Tiki\" width=\"605\" height=\"400\" \/><\/p>\n<h4><strong>Th\u00f4ng tin chi ti\u1ebft:<\/strong><\/h4>\n<p>\u2013 Th\u00e0nh ph\u1ea7n: Socola 70.30%, \u0111\u01b0\u1eddng, Titanium Dioxide (E171), Gelatin, GumArabic, Carmauba Wax,\u2026<\/p>\n<p>\u2013 Kh\u1ed1i l\u01b0\u1ee3ng: 250g<\/p>\n<p>\u2013 Xu\u1ea5t x\u1ee9: Vi\u1ec7t Nam<\/p>\n<p>\u2013 H\u01b0\u1edbng d\u1eabn s\u1eed d\u1ee5ng: D\u00f9ng \u0103n tr\u1ef1c ti\u1ebfp<\/p>\n<p>\u2013 HSD: 12 th\u00e1ng k\u1ec3 t\u1eeb ng\u00e0y s\u1ea3n xu\u1ea5t<\/p>\n<p>\u2013 B\u1ea3o qu\u1ea3n \u1edf n\u01a1i kh\u00f4 r\u00e1o, tho\u00e1ng m\u00e1t.<\/p>\n<p><img decoding=\"async\" class=\"aligncenter\" src=\"https:\/\/havamall.com\/wp-content\/uploads\/2018\/05\/4940b40b8ca41106d75c2c3637aa258a.jpg\" alt=\"Gi\u1ea3m 7 %\u3011 [H\u1ed9p 280gr] K\u1eb9o Socola H\u00ecnh Vi\u00ean \u0110\u00e1 Hi\u1ec7u Choco Rock Trung Minh Th\u00e0nh\" width=\"617\" height=\"798\" \/><\/p>\n<h4><strong>C\u00e1ch s\u1eed d\u1ee5ng v\u00e0 b\u1ea3o qu\u1ea3n k\u1eb9o\u00a0Socola vi\u00ean \u0111\u00e1 Choco Rock 250g:<\/strong><\/h4>\n<p>\u2013 C\u00e1ch s\u1eed d\u1ee5ng: K\u1eb9o s\u1eed d\u1ee5ng \u0111\u1ec3 \u0103n tr\u1ef1c ti\u1ebfp, trang tr\u00ed b\u00e1nh gato, cupcake, trang tr\u00ed sinh nh\u1eadt, b\u1eefa ti\u1ec7c gi\u00e1ng sinh,\u2026<\/p>\n<p>\u2013 B\u1ea3o qu\u1ea3n \u1edf n\u01a1i kh\u00f4 r\u00e1o, tho\u00e1ng m\u00e1t, tr\u00e1nh \u00e1nh n\u1eafng tr\u1ef1c ti\u1ebfp t\u1eeb m\u1eb7t tr\u1eddi.<\/p>\n","protected":false},"excerpt":{"rendered":"<p>K\u1eb9o Socola vi\u00ean \u0111\u00e1 Choco Rock 250g\u00a0v\u1edbi c\u00e1ch t\u1ea1o h\u00ecnh \u0111\u1eb7c bi\u1ec7t nh\u01b0 nh\u1eefng vi\u00ean \u0111\u00e1 th\u1eadt, \u0111\u1ea7y \u0111\u1ee7 m\u00e0u<\/p>","protected":false},"featured_media":4373,"comment_status":"open","ping_status":"closed","template":"","meta":[],"product_brand":[],"product_cat":[133,36],"product_tag":[],"class_list":{"0":"post-4372","1":"product","2":"type-product","3":"status-publish","4":"has-post-thumbnail","6":"product_cat-banh-keo-chocolate","7":"product_cat-thuc-pham-tieu-dung","9":"first","10":"instock","11":"sale","12":"shipping-taxable","13":"purchasable","14":"product-type-simple"},"_links":{"self":[{"href":"https:\/\/havamall.com\/en\/wp-json\/wp\/v2\/product\/4372","targetHints":{"allow":["GET"]}}],"collection":[{"href":"https:\/\/havamall.com\/en\/wp-json\/wp\/v2\/product"}],"about":[{"href":"https:\/\/havamall.com\/en\/wp-json\/wp\/v2\/types\/product"}],"replies":[{"embeddable":true,"href":"https:\/\/havamall.com\/en\/wp-json\/wp\/v2\/comments?post=4372"}],"version-history":[{"count":0,"href":"https:\/\/havamall.com\/en\/wp-json\/wp\/v2\/product\/4372\/revisions"}],"wp:featuredmedia":[{"embeddable":true,"href":"https:\/\/havamall.com\/en\/wp-json\/wp\/v2\/media\/4373"}],"wp:attachment":[{"href":"https:\/\/havamall.com\/en\/wp-json\/wp\/v2\/media?parent=4372"}],"wp:term":[{"taxonomy":"product_brand","embeddable":true,"href":"https:\/\/havamall.com\/en\/wp-json\/wp\/v2\/product_brand?post=4372"},{"taxonomy":"product_cat","embeddable":true,"href":"https:\/\/havamall.com\/en\/wp-json\/wp\/v2\/product_cat?post=4372"},{"taxonomy":"product_tag","embeddable":true,"href":"https:\/\/havamall.com\/en\/wp-json\/wp\/v2\/product_tag?post=4372"}],"curies":[{"name":"wp","href":"https:\/\/api.w.org\/{rel}","templated":true}]}}