{"id":43733,"date":"2025-12-09T16:19:35","date_gmt":"2025-12-09T09:19:35","guid":{"rendered":"https:\/\/havamall.com\/?post_type=product&#038;p=43733"},"modified":"2025-12-09T16:19:36","modified_gmt":"2025-12-09T09:19:36","slug":"muoi-no-kings-bicarbonate-of-soda-da-cong-dung-hu-120g-kings-bicarbonate-of-soda","status":"publish","type":"product","link":"https:\/\/havamall.com\/en\/shop\/muoi-no-kings-bicarbonate-of-soda-da-cong-dung-hu-120g-kings-bicarbonate-of-soda\/","title":{"rendered":"Mu\u1ed1i N\u1edf Kings Bicarbonate of Soda \u0110a C\u00f4ng D\u1ee5ng H\u0169 120g \u2013 Kings Bicarbonate of Soda"},"content":{"rendered":"<h3 data-path-to-node=\"6\">TH\u00d4NG TIN S\u1ea2N PH\u1ea8M<\/h3>\n<div class=\"horizontal-scroll-wrapper\">\n<div class=\"table-block-component\">\n<div class=\"table-block has-export-button\">\n<div class=\"table-content not-end-of-paragraph\" data-hveid=\"0\" data-ved=\"0CAAQ3ecQahgKEwjprY2Kuq2RAxUAAAAAHQAAAAAQkAE\">\n<table data-path-to-node=\"7\">\n<tbody>\n<tr>\n<td><span data-path-to-node=\"7,1,0,0\"><b>Th\u01b0\u01a1ng Hi\u1ec7u<\/b><\/span><\/td>\n<td><span data-path-to-node=\"7,1,1,0\">Kings<\/span><\/td>\n<\/tr>\n<tr>\n<td><span data-path-to-node=\"7,2,0,0\"><b>Xu\u1ea5t X\u1ee9<\/b><\/span><\/td>\n<td><span data-path-to-node=\"7,2,1,0\">Malaysia<\/span><\/td>\n<\/tr>\n<tr>\n<td><span data-path-to-node=\"7,3,0,0\"><b>Th\u00e0nh Ph\u1ea7n\u00a0<\/b><\/span><\/td>\n<td><span data-path-to-node=\"7,3,1,0\">Natri Bicarbonat (Sodium Bicarbonate,\u00a0<span class=\"math-inline\" data-math=\"NaHCO_3\"><span class=\"katex\"><span class=\"katex-html\" aria-hidden=\"true\"><span class=\"base\"><span class=\"mord mathnormal\">N<\/span><span class=\"mord mathnormal\">a<\/span><span class=\"mord mathnormal\">H<\/span><span class=\"mord mathnormal\">C<\/span><span class=\"mord\"><span class=\"mord mathnormal\">O<\/span><span class=\"msupsub\"><span class=\"vlist-t vlist-t2\"><span class=\"vlist-r\"><span class=\"vlist\"><span class=\"\"><span class=\"sizing reset-size6 size3 mtight\"><span class=\"mord mtight\">3<\/span><\/span><\/span><\/span><span class=\"vlist-s\">\u200b<\/span><\/span><\/span><\/span><\/span><\/span><\/span><\/span><\/span>)<\/span><\/td>\n<\/tr>\n<tr>\n<td><span data-path-to-node=\"7,4,0,0\"><b>H\u1ea1n S\u1eed D\u1ee5ng<\/b><\/span><\/td>\n<td><span data-path-to-node=\"7,4,1,0\">24 th\u00e1ng<\/span><\/td>\n<\/tr>\n<tr>\n<td><span data-path-to-node=\"7,5,0,0\"><b>B\u1ea3o Qu\u1ea3n<\/b><\/span><\/td>\n<td><span data-path-to-node=\"7,5,1,0\">B\u1ea3o qu\u1ea3n n\u01a1i kh\u00f4 r\u00e1o, tho\u00e1ng m\u00e1t, tr\u00e1nh \u00e1nh n\u1eafng tr\u1ef1c ti\u1ebfp v\u00e0 nhi\u1ec7t \u0111\u1ed9 cao. \u0110\u00f3ng k\u00edn n\u1eafp sau khi s\u1eed d\u1ee5ng<\/span><\/td>\n<\/tr>\n<tr>\n<td><span data-path-to-node=\"7,6,0,0\"><b>Kh\u1ed1i L\u01b0\u1ee3ng<\/b><\/span><\/td>\n<td><span data-path-to-node=\"7,6,1,0\">Lon 120g<\/span><\/td>\n<\/tr>\n<\/tbody>\n<\/table>\n<p data-path-to-node=\"11\">Bicarbonate of Soda, th\u01b0\u1eddng \u0111\u01b0\u1ee3c bi\u1ebft \u0111\u1ebfn v\u1edbi t\u00ean g\u1ecdi ph\u1ed5 th\u00f4ng l\u00e0\u00a0<b>Baking Soda<\/b>\u00a0hay Natri Bicarbonat (<span class=\"math-inline\" data-math=\"NaHCO_3\"><span class=\"katex\"><span class=\"katex-html\" aria-hidden=\"true\"><span class=\"base\"><span class=\"mord mathnormal\">N<\/span><span class=\"mord mathnormal\">a<\/span><span class=\"mord mathnormal\">H<\/span><span class=\"mord mathnormal\">C<\/span><span class=\"mord\"><span class=\"mord mathnormal\">O<\/span><span class=\"msupsub\"><span class=\"vlist-t vlist-t2\"><span class=\"vlist-r\"><span class=\"vlist\"><span class=\"\"><span class=\"sizing reset-size6 size3 mtight\"><span class=\"mord mtight\">3<\/span><\/span><\/span><\/span><span class=\"vlist-s\">\u200b<\/span><\/span><\/span><\/span><\/span><\/span><\/span><\/span><\/span>), l\u00e0 m\u1ed9t h\u1ee3p ch\u1ea5t h\u00f3a h\u1ecdc c\u00f3 l\u1ecbch s\u1eed s\u1eed d\u1ee5ng l\u00e2u \u0111\u1eddi v\u00e0 r\u1ed9ng r\u00e3i, kh\u00f4ng ch\u1ec9 trong ng\u00e0nh th\u1ef1c ph\u1ea9m m\u00e0 c\u00f2n trong c\u00e1c l\u0129nh v\u1ef1c v\u1ec7 sinh, t\u1ea9y r\u1eeda v\u00e0 y t\u1ebf. B\u1eaft ngu\u1ed3n t\u1eeb th\u1eddi Ai C\u1eadp c\u1ed5 \u0111\u1ea1i, khi Natron (m\u1ed9t lo\u1ea1i mu\u1ed1i t\u1ef1 nhi\u00ean ch\u1ee9a Sodium Carbonate) \u0111\u01b0\u1ee3c d\u00f9ng \u0111\u1ec3 l\u00e0m s\u1ea1ch, \u0111\u1ebfn th\u1ebf k\u1ef7 19,\u00a0<span class=\"math-inline\" data-math=\"NaHCO_3\"><span class=\"katex\"><span class=\"katex-html\" aria-hidden=\"true\"><span class=\"base\"><span class=\"mord mathnormal\">N<\/span><span class=\"mord mathnormal\">a<\/span><span class=\"mord mathnormal\">H<\/span><span class=\"mord mathnormal\">C<\/span><span class=\"mord\"><span class=\"mord mathnormal\">O<\/span><span class=\"msupsub\"><span class=\"vlist-t vlist-t2\"><span class=\"vlist-r\"><span class=\"vlist\"><span class=\"\"><span class=\"sizing reset-size6 size3 mtight\"><span class=\"mord mtight\">3<\/span><\/span><\/span><\/span><span class=\"vlist-s\">\u200b<\/span><\/span><\/span><\/span><\/span><\/span><\/span><\/span><\/span>\u00a0\u0111\u00e3 \u0111\u01b0\u1ee3c t\u1ed5ng h\u1ee3p v\u00e0 \u0111\u01b0a v\u00e0o s\u1eed d\u1ee5ng th\u01b0\u01a1ng m\u1ea1i.<\/p>\n<p data-path-to-node=\"11\"><img decoding=\"async\" class=\"aligncenter\" src=\"https:\/\/havamall.com\/wp-content\/uploads\/2025\/12\/cong-dung-cua-baking-soda-1_800x450.jpg\" alt=\"Baking soda l\u00e0 g\u00ec? 22 c\u00f4ng d\u1ee5ng c\u1ee7a baking soda c\u00f3 th\u1ec3 b\u1ea1n ch\u01b0a bi\u1ebft\" \/><\/p>\n<p data-path-to-node=\"12\">Vai tr\u00f2 ch\u00ednh c\u1ee7a Bicarbonate of Soda trong th\u1ef1c ph\u1ea9m l\u00e0 ch\u1ea5t t\u1ea1o n\u1edf. Khi k\u1ebft h\u1ee3p v\u1edbi m\u1ed9t th\u00e0nh ph\u1ea7n c\u00f3 t\u00ednh axit (nh\u01b0 s\u1eefa chua, b\u01a1 s\u1eefa, ho\u1eb7c m\u1eadt ong) v\u00e0 c\u00f3 s\u1ef1 t\u00e1c \u0111\u1ed9ng c\u1ee7a nhi\u1ec7t \u0111\u1ed9, Natri Bicarbonat s\u1ebd gi\u1ea3i ph\u00f3ng kh\u00ed Carbon Dioxide (<span class=\"math-inline\" data-math=\"CO_2\"><span class=\"katex\"><span class=\"katex-html\" aria-hidden=\"true\"><span class=\"base\"><span class=\"mord mathnormal\">C<\/span><span class=\"mord\"><span class=\"mord mathnormal\">O<\/span><span class=\"msupsub\"><span class=\"vlist-t vlist-t2\"><span class=\"vlist-r\"><span class=\"vlist\"><span class=\"\"><span class=\"sizing reset-size6 size3 mtight\"><span class=\"mord mtight\">2<\/span><\/span><\/span><\/span><span class=\"vlist-s\">\u200b<\/span><\/span><\/span><\/span><\/span><\/span><\/span><\/span><\/span>). Kh\u00ed\u00a0<span class=\"math-inline\" data-math=\"CO_2\"><span class=\"katex\"><span class=\"katex-html\" aria-hidden=\"true\"><span class=\"base\"><span class=\"mord mathnormal\">C<\/span><span class=\"mord\"><span class=\"mord mathnormal\">O<\/span><span class=\"msupsub\"><span class=\"vlist-t vlist-t2\"><span class=\"vlist-r\"><span class=\"vlist\"><span class=\"\"><span class=\"sizing reset-size6 size3 mtight\"><span class=\"mord mtight\">2<\/span><\/span><\/span><\/span><span class=\"vlist-s\">\u200b<\/span><\/span><\/span><\/span><\/span><\/span><\/span><\/span><\/span>\u00a0n\u00e0y t\u1ea1o ra c\u00e1c b\u1ecdt kh\u00ed nh\u1ecf, l\u00e0m cho b\u1ed9t b\u00e1nh n\u1edf ra, tr\u1edf n\u00ean x\u1ed1p v\u00e0 nh\u1eb9.<\/p>\n<p data-path-to-node=\"12\"><img decoding=\"async\" class=\"aligncenter\" src=\"https:\/\/havamall.com\/wp-content\/uploads\/2025\/12\/bot-no-baking-powder-muoi-no-baking-soda-men-lam-banh-ban-can-phai-biet-ro-2.jpg\" alt=\"C\u00e1ch Ph\u00e2n Bi\u1ec7t B\u1ed9t N\u1edf Mu\u1ed1i N\u1edf V\u00e0 Men L\u00e0m B\u00e1nh B\u1ea1n C\u1ea7n Ph\u1ea3i Bi\u1ebft R\u00f5 |  Cooky.vn\" \/><\/p>\n<h4 data-path-to-node=\"13\">\u0110\u1eb6C \u0110I\u1ec2M N\u1ed4I B\u1eacT V\u00c0 T\u00cdNH \u0110A N\u0102NG H\u00d3A H\u1eccC<\/h4>\n<p>\u2013 <b>CH\u1ea4T L\u00c0M N\u1ede HI\u1ec6U QU\u1ea2:<\/b> Th\u00e0nh ph\u1ea7n Natri Bicarbonat nguy\u00ean ch\u1ea5t gi\u00fap t\u1ea1o ra k\u1ebft c\u1ea5u b\u00e1nh, b\u00e1nh quy, ho\u1eb7c b\u00e1nh ng\u1ecdt x\u1ed1p, m\u1ec1m m\u1ea1i. \u0110\u00e2y l\u00e0 y\u1ebfu t\u1ed1 quy\u1ebft \u0111\u1ecbnh \u0111\u1ec3 m\u00f3n b\u00e1nh \u0111\u1ea1t \u0111\u01b0\u1ee3c \u0111\u1ed9 ph\u1ed3ng mong mu\u1ed1n.<\/p>\n<p>\u2013 <b>KH\u1ea2 N\u0102NG KH\u1eec M\u00d9I:<\/b> Bicarbonate of Soda c\u00f3 t\u00ednh ch\u1ea5t l\u01b0\u1ee1ng t\u00ednh (c\u00f3 th\u1ec3 ph\u1ea3n \u1ee9ng v\u1edbi c\u1ea3 axit v\u00e0 baz\u01a1). T\u00ednh ch\u1ea5t n\u00e0y cho ph\u00e9p n\u00f3 trung h\u00f2a c\u00e1c ph\u00e2n t\u1eed m\u00f9i, thay v\u00ec ch\u1ec9 che gi\u1ea5u ch\u00fang. B\u1ed9t n\u1edf \u0111\u01b0\u1ee3c s\u1eed d\u1ee5ng r\u1ed9ng r\u00e3i \u0111\u1ec3 kh\u1eed m\u00f9i t\u1ee7 l\u1ea1nh, gi\u00e0y d\u00e9p ho\u1eb7c th\u1ea3m tr\u1ea3i s\u00e0n.<\/p>\n<p>\u2013 <b>T\u00c1C D\u1ee4NG L\u00c0M S\u1ea0CH:<\/b> T\u00ednh ki\u1ec1m nh\u1eb9 c\u1ee7a <span class=\"math-inline\" data-math=\"NaHCO_3\">NaHCO3<\/span>\u00a0khi\u1ebfn n\u00f3 tr\u1edf th\u00e0nh m\u1ed9t ch\u1ea5t t\u1ea9y r\u1eeda t\u1ef1 nhi\u00ean, c\u00f3 kh\u1ea3 n\u0103ng l\u00e0m s\u1ea1ch c\u00e1c v\u1ebft b\u1ea9n c\u1ee9ng \u0111\u1ea7u tr\u00ean b\u1ec1 m\u1eb7t, xoong n\u1ed3i, v\u00e0 \u0111\u1eb7c bi\u1ec7t l\u00e0 \u0111\u00e1nh b\u00f3ng c\u00e1c v\u1eadt d\u1ee5ng b\u1eb1ng b\u1ea1c ho\u1eb7c kim lo\u1ea1i.<\/p>\n<p>\u2013 <b>H\u1ed6 TR\u1ee2 Y T\u1ebe V\u00c0 V\u1ec6 SINH C\u00c1 NH\u00c2N:<\/b> Trong y h\u1ecdc, Natri Bicarbonat \u0111\u01b0\u1ee3c d\u00f9ng \u0111\u1ec3 trung h\u00f2a axit d\u1ea1 d\u00e0y, gi\u1ea3m ch\u1ee9ng \u1ee3 n\u00f3ng. Ngo\u00e0i ra, n\u00f3 c\u00f2n \u0111\u01b0\u1ee3c d\u00f9ng trong c\u00e1c c\u00f4ng th\u1ee9c t\u1ea9y t\u1ebf b\u00e0o ch\u1ebft nh\u1eb9, l\u00e0m s\u1ea1ch r\u0103ng mi\u1ec7ng ho\u1eb7c l\u00e0m d\u1ecbu v\u1ebft c\u00f4n tr\u00f9ng c\u1eafn.<\/p>\n<p><img fetchpriority=\"high\" decoding=\"async\" class=\"aligncenter\" src=\"https:\/\/cakesbymk.com\/wp-content\/uploads\/2024\/01\/BAKING-POWDER-1024x576.jpg\" alt=\"Baking Powder vs Baking Soda: What's The Difference? - Cakes by MK\" width=\"798\" height=\"449\" \/><\/p>\n<h4 data-path-to-node=\"16\">C\u00c1CH S\u1eec D\u1ee4NG \u0110A D\u1ea0NG TRONG \u1ea8M TH\u1ef0C V\u00c0 \u0110\u1edcI S\u1ed0NG<\/h4>\n<p><b>TRONG L\u00c0M B\u00c1NH (C\u00d4NG D\u1ee4NG CH\u00cdNH):<\/b><\/p>\n<p>\u2013 D\u00f9ng l\u00e0m ch\u1ea5t t\u1ea1o n\u1edf cho b\u00e1nh Muffin, b\u00e1nh quy (Cookies), ho\u1eb7c b\u00e1nh r\u00e1n. Lu\u00f4n k\u1ebft h\u1ee3p v\u1edbi m\u1ed9t th\u00e0nh ph\u1ea7n axit \u0111\u1ec3 k\u00edch ho\u1ea1t\u00a0<span class=\"math-inline\" data-math=\"CO_2\"><span class=\"katex\"><span class=\"katex-html\" aria-hidden=\"true\"><span class=\"base\"><span class=\"mord mathnormal\">C<\/span><span class=\"mord\"><span class=\"mord mathnormal\">O<\/span><span class=\"msupsub\"><span class=\"vlist-t vlist-t2\"><span class=\"vlist-r\"><span class=\"vlist\"><span class=\"\"><span class=\"sizing reset-size6 size3 mtight\"><span class=\"mord mtight\">2<\/span><\/span><\/span><\/span><span class=\"vlist-s\">\u200b<\/span><\/span><\/span><\/span><\/span><\/span><\/span><\/span><\/span>.<\/p>\n<p>\u2013 <b>Kh\u1ea9u ph\u1ea7n:<\/b>\u00a0Th\u01b0\u1eddng d\u00f9ng kho\u1ea3ng 1\/4 \u0111\u1ebfn 1\/2 mu\u1ed7ng c\u00e0 ph\u00ea cho m\u1ed7i 1 c\u1ed1c b\u1ed9t m\u00ec, t\u00f9y thu\u1ed9c v\u00e0o c\u00f4ng th\u1ee9c v\u00e0 l\u01b0\u1ee3ng axit c\u00f3 s\u1eb5n.<\/p>\n<p><img decoding=\"async\" class=\"aligncenter  wp-image-43736\" src=\"https:\/\/havamall.com\/wp-content\/uploads\/2025\/12\/480222657_1150676449751304_9158147221437637984_n.jpg\" alt=\"\" width=\"800\" height=\"800\" srcset=\"https:\/\/havamall.com\/wp-content\/uploads\/2025\/12\/480222657_1150676449751304_9158147221437637984_n.jpg 1692w, https:\/\/havamall.com\/wp-content\/uploads\/2025\/12\/480222657_1150676449751304_9158147221437637984_n-12x12.jpg 12w, https:\/\/havamall.com\/wp-content\/uploads\/2025\/12\/480222657_1150676449751304_9158147221437637984_n-600x600.jpg 600w, https:\/\/havamall.com\/wp-content\/uploads\/2025\/12\/480222657_1150676449751304_9158147221437637984_n-1200x1200.jpg 1200w, https:\/\/havamall.com\/wp-content\/uploads\/2025\/12\/480222657_1150676449751304_9158147221437637984_n-150x150.jpg 150w\" sizes=\"(max-width: 800px) 100vw, 800px\" \/><\/p>\n<p><b>TRONG V\u1ec6 SINH NH\u00c0 C\u1eecA:<\/b><\/p>\n<p>\u2013 <b>Kh\u1eed m\u00f9i:<\/b> \u0110\u1eb7t m\u1ed9t h\u1ed9p b\u1ed9t n\u1edf m\u1edf n\u1eafp trong t\u1ee7 l\u1ea1nh ho\u1eb7c t\u1ee7 qu\u1ea7n \u00e1o \u0111\u1ec3 h\u00fat m\u00f9i h\u00f4i.<\/p>\n<p>\u2013 <b>T\u1ea9y r\u1eeda:<\/b> Tr\u1ed9n b\u1ed9t n\u1edf v\u1edbi m\u1ed9t ch\u00fat n\u01b0\u1edbc \u0111\u1ec3 t\u1ea1o th\u00e0nh h\u1ed7n h\u1ee3p s\u1ec7t, d\u00f9ng \u0111\u1ec3 c\u1ecd r\u1eeda b\u1ebfp, b\u1ed3n r\u1eeda ch\u00e9n ho\u1eb7c l\u00e0m s\u1ea1ch c\u00e1c v\u1ebft ch\u00e1y tr\u00ean n\u1ed3i.<\/p>\n<p><img decoding=\"async\" class=\"aligncenter\" src=\"https:\/\/havamall.com\/wp-content\/uploads\/2025\/12\/1_tai-sao-nhieu-nguoi-de-baking-soda-trong-phong-tam_3.jpg\" alt=\"T\u1ea1i sao nhi\u1ec1u ng\u01b0\u1eddi \u0111\u1ec3 baking soda trong ph\u00f2ng t\u1eafm?\" width=\"802\" height=\"451\" \/><\/p>\n<p><b>TRONG L\u00c0M \u0110\u1eb8P V\u00c0 CH\u0102M S\u00d3C C\u00c1 NH\u00c2N:<\/b><\/p>\n<p>\u2013 <b>L\u00e0m tr\u1eafng r\u0103ng:<\/b> D\u00f9ng m\u1ed9t l\u01b0\u1ee3ng nh\u1ecf ch\u1ea3i r\u0103ng \u0111\u1ec3 lo\u1ea1i b\u1ecf m\u1ea3ng b\u00e1m v\u00e0 l\u00e0m tr\u1eafng r\u0103ng.<\/p>\n<p>\u2013 <b>T\u1eafm th\u01b0 gi\u00e3n:<\/b> H\u00f2a tan m\u1ed9t l\u01b0\u1ee3ng b\u1ed9t n\u1edf v\u00e0o b\u1ed3n t\u1eafm \u0111\u1ec3 l\u00e0m m\u1ec1m da v\u00e0 gi\u1ea3m ng\u1ee9a.<\/p>\n<p><img loading=\"lazy\" decoding=\"async\" class=\"aligncenter\" src=\"https:\/\/havamall.com\/wp-content\/uploads\/2025\/12\/tac_hai_cua_baking_soda_2_6a43bea6ea.webp\" alt=\"T\u00e1c h\u1ea1i c\u1ee7a Baking Soda: Nh\u1eefng r\u1ee7i ro kh\u00f4ng ng\u1edd khi l\u1ea1m d\u1ee5ng mu\u1ed1i n\u1edf\" width=\"801\" height=\"534\" \/><\/p>\n<p><b>L\u01afU \u00dd:<\/b>\u00a0Tuy\u1ec7t \u0111\u1ed1i kh\u00f4ng nh\u1ea7m l\u1eabn gi\u1eefa Bicarbonate of Soda (Baking Soda) v\u00e0 Baking Powder (B\u1ed9t N\u1edf Ph\u1ee9c H\u1ee3p). Baking Powder \u0111\u00e3 ch\u1ee9a s\u1eb5n ch\u1ea5t axit, trong khi Baking Soda c\u1ea7n ch\u1ea5t axit b\u1ed5 sung \u0111\u1ec3 k\u00edch ho\u1ea1t.<\/p>\n<p><img loading=\"lazy\" decoding=\"async\" class=\"aligncenter\" src=\"https:\/\/havamall.com\/wp-content\/uploads\/2025\/12\/phan-biet-baking-soda-baking-powder.jpg\" alt=\"Ph\u00e2n bi\u1ec7t Baking Soda &amp; Baking Powder\" width=\"801\" height=\"499\" \/><\/p>\n<p>B\u1ed9t N\u1edf Kings Bicarbonate of Soda \u0110a C\u00f4ng D\u1ee5ng Lon 120g l\u00e0 s\u1ea3n ph\u1ea9m thi\u1ebft y\u1ebfu, mang l\u1ea1i gi\u1ea3i ph\u00e1p l\u00e0m b\u00e1nh hi\u1ec7u qu\u1ea3 v\u00e0 h\u1ed7 tr\u1ee3 l\u00e0m s\u1ea1ch\/kh\u1eed m\u00f9i to\u00e0n di\u1ec7n. S\u1ea3n ph\u1ea9m hi\u1ec7n \u0111ang \u0111\u01b0\u1ee3c b\u00e1n t\u1ea1i\u00a0<b>Havamall<\/b>.<\/p>\n<\/div>\n<\/div>\n<\/div>\n<\/div>","protected":false},"excerpt":{"rendered":"<p>TH\u00d4NG TIN S\u1ea2N PH\u1ea8M Th\u01b0\u01a1ng Hi\u1ec7u Kings Xu\u1ea5t X\u1ee9 Malaysia Th\u00e0nh Ph\u1ea7n\u00a0 Natri Bicarbonat (Sodium Bicarbonate,\u00a0NaHCO3\u200b) H\u1ea1n S\u1eed D\u1ee5ng 24<\/p>","protected":false},"featured_media":43734,"comment_status":"open","ping_status":"closed","template":"","meta":[],"product_brand":[],"product_cat":[730,255,35],"product_tag":[],"class_list":{"0":"post-43733","1":"product","2":"type-product","3":"status-publish","4":"has-post-thumbnail","6":"product_cat-cac-nuoc-khac","7":"product_cat-nguyen-lieu-lam-banh","8":"product_cat-nha-cua-doi-song","10":"first","11":"instock","12":"sale","13":"shipping-taxable","14":"purchasable","15":"product-type-simple"},"_links":{"self":[{"href":"https:\/\/havamall.com\/en\/wp-json\/wp\/v2\/product\/43733","targetHints":{"allow":["GET"]}}],"collection":[{"href":"https:\/\/havamall.com\/en\/wp-json\/wp\/v2\/product"}],"about":[{"href":"https:\/\/havamall.com\/en\/wp-json\/wp\/v2\/types\/product"}],"replies":[{"embeddable":true,"href":"https:\/\/havamall.com\/en\/wp-json\/wp\/v2\/comments?post=43733"}],"version-history":[{"count":0,"href":"https:\/\/havamall.com\/en\/wp-json\/wp\/v2\/product\/43733\/revisions"}],"wp:featuredmedia":[{"embeddable":true,"href":"https:\/\/havamall.com\/en\/wp-json\/wp\/v2\/media\/43734"}],"wp:attachment":[{"href":"https:\/\/havamall.com\/en\/wp-json\/wp\/v2\/media?parent=43733"}],"wp:term":[{"taxonomy":"product_brand","embeddable":true,"href":"https:\/\/havamall.com\/en\/wp-json\/wp\/v2\/product_brand?post=43733"},{"taxonomy":"product_cat","embeddable":true,"href":"https:\/\/havamall.com\/en\/wp-json\/wp\/v2\/product_cat?post=43733"},{"taxonomy":"product_tag","embeddable":true,"href":"https:\/\/havamall.com\/en\/wp-json\/wp\/v2\/product_tag?post=43733"}],"curies":[{"name":"wp","href":"https:\/\/api.w.org\/{rel}","templated":true}]}}