{"id":43782,"date":"2025-12-10T14:21:15","date_gmt":"2025-12-10T07:21:15","guid":{"rendered":"https:\/\/havamall.com\/?post_type=product&#038;p=43782"},"modified":"2025-12-10T14:21:17","modified_gmt":"2025-12-10T07:21:17","slug":"tra-sua-bach-dau-khau-3in1-wagh-bakri-nhap-khau-an-do-goi-260g-10-goi-nho-wagh-bakri-instant-cardamom-tea-3-in-1-elaichi","status":"publish","type":"product","link":"https:\/\/havamall.com\/en\/shop\/tra-sua-bach-dau-khau-3in1-wagh-bakri-nhap-khau-an-do-goi-260g-10-goi-nho-wagh-bakri-instant-cardamom-tea-3-in-1-elaichi\/","title":{"rendered":"Tr\u00e0 S\u1eefa B\u1ea1ch \u0110\u1eadu Kh\u1ea5u 3in1 Wagh Bakri Nh\u1eadp Kh\u1ea9u \u1ea4n \u0110\u1ed9 G\u00f3i 260g (10 G\u00f3i Nh\u1ecf) \u2013 Wagh Bakri Instant Cardamom Tea 3 in 1 (Elaichi)"},"content":{"rendered":"<h3 data-path-to-node=\"6\">TH\u00d4NG TIN S\u1ea2N PH\u1ea8M<\/h3>\n<div class=\"horizontal-scroll-wrapper\">\n<div class=\"table-block-component\">\n<div class=\"table-block has-export-button\">\n<div class=\"table-content not-end-of-paragraph\" data-hveid=\"0\" data-ved=\"0CAAQ3ecQahgKEwi-t6uf6rGRAxUAAAAAHQAAAAAQnwI\">\n<table data-path-to-node=\"7\">\n<tbody>\n<tr>\n<td><span data-path-to-node=\"7,1,0,0\"><b>Th\u01b0\u01a1ng Hi\u1ec7u<\/b><\/span><\/td>\n<td><span data-path-to-node=\"7,1,1,0\">Wagh Bakri<\/span><\/td>\n<\/tr>\n<tr>\n<td><span data-path-to-node=\"7,2,0,0\"><b>T\u00ean Ti\u1ebfng \u1ea4n \u0110\u1ed9<\/b><\/span><\/td>\n<td><span data-path-to-node=\"7,2,1,0\">Elaichi Tea Premix<\/span><\/td>\n<\/tr>\n<tr>\n<td><span data-path-to-node=\"7,3,0,0\"><b>Xu\u1ea5t X\u1ee9<\/b><\/span><\/td>\n<td><span data-path-to-node=\"7,3,1,0\">\u1ea4n \u0110\u1ed9<\/span><\/td>\n<\/tr>\n<tr>\n<td><span data-path-to-node=\"7,4,0,0\"><b>Th\u00e0nh Ph\u1ea7n Ch\u00ednh<\/b><\/span><\/td>\n<td><span data-path-to-node=\"7,4,1,0\">\u0110\u01b0\u1eddng, Ch\u1ea5t l\u00e0m tr\u1eafng s\u1eefa (Ch\u1ea5t r\u1eafn s\u1eefa v\u00e0 \u0110\u01b0\u1eddng), Tr\u00e0 h\u00f2a tan (Instant Tea &#8211; 6.5%), H\u01b0\u01a1ng v\u1ecb B\u1ea1ch \u0110\u1eadu Kh\u1ea5u (Cardamom Flavour)<\/span><\/td>\n<\/tr>\n<tr>\n<td><span data-path-to-node=\"7,5,0,0\"><b>\u0110\u00f3ng G\u00f3i<\/b><\/span><\/td>\n<td><span data-path-to-node=\"7,5,1,0\">H\u1ed9p 260g g\u1ed3m 10 g\u00f3i nh\u1ecf<\/span><\/td>\n<\/tr>\n<tr>\n<td><span data-path-to-node=\"7,6,0,0\"><b>B\u1ea3o Qu\u1ea3n<\/b><\/span><\/td>\n<td><span data-path-to-node=\"7,6,1,0\">Gi\u1eef \u1edf n\u01a1i m\u00e1t, kh\u00f4 r\u00e1o, tr\u00e1nh \u00e1nh s\u00e1ng m\u1eb7t tr\u1eddi tr\u1ef1c ti\u1ebfp v\u00e0 nhi\u1ec7t \u0111\u1ed9 cao<\/span><\/td>\n<\/tr>\n<\/tbody>\n<\/table>\n<p data-path-to-node=\"11\">B\u1ea1ch \u0110\u1eadu Kh\u1ea5u (Cardamom, hay Elaichi trong ti\u1ebfng Hindi) \u0111\u01b0\u1ee3c m\u1ec7nh danh l\u00e0 &#8220;N\u1eef ho\u00e0ng c\u1ee7a c\u00e1c lo\u1ea1i gia v\u1ecb&#8221;, m\u1ed9t th\u00e0nh ph\u1ea7n qu\u00fd gi\u00e1 v\u00e0 kh\u00f4ng th\u1ec3 thi\u1ebfu trong c\u1ea3 \u1ea9m th\u1ef1c l\u1eabn y h\u1ecdc Ayurvedic c\u1ee7a \u1ea4n \u0110\u1ed9. Kh\u00e1c v\u1edbi Tr\u00e0 Masala Chai l\u00e0 h\u1ed7n h\u1ee3p nhi\u1ec1u gia v\u1ecb, Tr\u00e0 B\u1ea1ch \u0110\u1eadu Kh\u1ea5u t\u1eadp trung khai th\u00e1c h\u01b0\u01a1ng th\u01a1m cay \u1ea5m, d\u1ecbu nh\u1eb9, v\u00e0 ng\u1ecdt ng\u00e0o \u0111\u1eb7c tr\u01b0ng c\u1ee7a lo\u1ea1i h\u1ea1t n\u00e0y.<\/p>\n<p data-path-to-node=\"11\"><img fetchpriority=\"high\" decoding=\"async\" class=\"aligncenter\" src=\"https:\/\/upload.wikimedia.org\/wikipedia\/commons\/6\/66\/02017_0119_Kardamom%2C_Winter_in_den_Beskiden.jpg\" alt=\"Cardamom - Wikipedia\" width=\"801\" height=\"535\" \/><\/p>\n<p data-path-to-node=\"12\"><b>Wagh Bakri<\/b>\u00a0l\u00e0 m\u1ed9t th\u01b0\u01a1ng hi\u1ec7u tr\u00e0 v\u1edbi h\u01a1n m\u1ed9t th\u1ebf k\u1ef7 kinh nghi\u1ec7m, n\u1ed5i ti\u1ebfng v\u1ec1 ch\u1ea5t l\u01b0\u1ee3ng tr\u00e0 \u0111en v\u00e0 cam k\u1ebft mang l\u1ea1i tr\u1ea3i nghi\u1ec7m tr\u00e0 \u1ea4n \u0110\u1ed9 ch\u00e2n th\u1ef1c. S\u1ea3n ph\u1ea9m\u00a0<b>Instant Cardamom Tea 3 in 1<\/b> l\u00e0 s\u1ef1 l\u1ef1a ch\u1ecdn ho\u00e0n h\u1ea3o \u0111\u1ec3 th\u01b0\u1edfng th\u1ee9c h\u01b0\u01a1ng v\u1ecb Elaichi truy\u1ec1n th\u1ed1ng m\u1ed9t c\u00e1ch nhanh ch\u00f3ng. S\u1ea3n ph\u1ea9m n\u00e0y c\u00f4 \u0111\u1ecdng tr\u00e0 \u0111en \u0111\u1eadm \u0111\u00e0, v\u1ecb b\u00e9o c\u1ee7a s\u1eefa\/kem v\u00e0 h\u01b0\u01a1ng th\u01a1m tinh t\u1ebf c\u1ee7a B\u1ea1ch \u0110\u1eadu Kh\u1ea5u v\u00e0o m\u1ed9t g\u00f3i h\u00f2a tan duy nh\u1ea5t. V\u1edbi\u00a0<b>Tr\u00e0 B\u1ea1ch \u0110\u1eadu Kh\u1ea5u H\u00f2a Tan 3 trong 1 Wagh Bakri<\/b>, ng\u01b0\u1eddi ti\u00eau d\u00f9ng ch\u1ec9 c\u1ea7n th\u00eam n\u01b0\u1edbc n\u00f3ng l\u00e0 c\u00f3 th\u1ec3 ngay l\u1eadp t\u1ee9c th\u01b0\u1edfng th\u1ee9c m\u1ed9t t\u00e1ch tr\u00e0 th\u01a1m ngon, ch\u1ea5t l\u01b0\u1ee3ng nh\u01b0 \u0111\u01b0\u1ee3c pha t\u1ea1i nh\u00e0.<\/p>\n<p data-path-to-node=\"12\"><img decoding=\"async\" class=\"aligncenter\" src=\"https:\/\/havamall.com\/wp-content\/uploads\/2025\/12\/cardamom-tea.png\" width=\"800\" height=\"800\" \/><\/p>\n<blockquote>\n<h4 data-path-to-node=\"14\"><em>\u0110\u1eb6C \u0110I\u1ec2M V\u00c0 GI\u00c1 TR\u1eca D\u01af\u1ee2C L\u00dd C\u1ee6A B\u1ea0CH \u0110\u1eacU KH\u1ea4U<\/em><\/h4>\n<\/blockquote>\n<p data-path-to-node=\"16\">\u2212\u00a0<b>H\u01af\u01a0NG V\u1eca THANH L\u1ecaCH V\u00c0 TINH T\u1ebe:<\/b> S\u1ef1 k\u1ebft h\u1ee3p c\u00e2n b\u1eb1ng gi\u1eefa v\u1ecb ch\u00e1t nh\u1eb9 c\u1ee7a tr\u00e0 \u0111en (Instant Tea Extract) v\u00e0 v\u1ecb b\u00e9o ng\u1eady c\u1ee7a kem s\u1eefa, c\u00f9ng v\u1edbi h\u01b0\u01a1ng th\u01a1m\u00a0<b>cay \u1ea5m, s\u1ea3ng kho\u00e1i<\/b>\u00a0c\u1ee7a B\u1ea1ch \u0110\u1eadu Kh\u1ea5u. H\u01b0\u01a1ng v\u1ecb n\u00e0y \u0111\u01b0\u1ee3c m\u00f4 t\u1ea3 l\u00e0 c\u00f3 th\u1ec3 &#8220;n\u00e2ng cao tr\u1ea3i nghi\u1ec7m th\u01b0\u1edfng tr\u00e0&#8221; v\u00e0 l\u00fd t\u01b0\u1edfng cho nh\u1eefng ng\u01b0\u1eddi th\u00edch v\u1ecb ng\u1ecdt nh\u1eb9 v\u00e0 thanh tho\u00e1t h\u01a1n so v\u1edbi Masala Chai.<\/p>\n<p data-path-to-node=\"16\">\u2212\u00a0<b>T\u00cdNH TI\u1ec6N L\u1ee2I T\u1ed0I \u0110A (3 TRONG 1):<\/b>\u00a0M\u1ed7i g\u00f3i tr\u00e0 \u0111\u00e3 t\u00edch h\u1ee3p s\u1eb5n\u00a0<b>Tr\u00e0, \u0110\u01b0\u1eddng v\u00e0 S\u1eefa\/Kem<\/b> (Dairy Whitener). Thao t\u00e1c pha ch\u1ebf c\u1ef1c k\u1ef3 \u0111\u01a1n gi\u1ea3n: \u0111\u1ed5 g\u00f3i v\u00e0o c\u1ed1c, th\u00eam kho\u1ea3ng\u00a0<b>90ml n\u01b0\u1edbc n\u00f3ng<\/b>\u00a0v\u00e0 khu\u1ea5y \u0111\u1ec1u. S\u1ef1 ti\u1ec7n l\u1ee3i n\u00e0y r\u1ea5t th\u00edch h\u1ee3p cho nh\u1eefng ng\u01b0\u1eddi b\u1eadn r\u1ed9n, trong v\u0103n ph\u00f2ng, ho\u1eb7c khi \u0111i du l\u1ecbch.<\/p>\n<p data-path-to-node=\"16\"><img decoding=\"async\" class=\"aligncenter\" src=\"https:\/\/havamall.com\/wp-content\/uploads\/2025\/12\/CardamomTea1.jpg\" width=\"801\" height=\"534\" \/><\/p>\n<p data-path-to-node=\"16\">\u2212\u00a0<b>GI\u00c0U CH\u1ea4T CH\u1ed0NG OXY H\u00d3A:<\/b>\u00a0Tr\u00e0 B\u1ea1ch \u0110\u1eadu Kh\u1ea5u \u0111\u01b0\u1ee3c bi\u1ebft \u0111\u1ebfn l\u00e0 lo\u1ea1i tr\u00e0 gi\u00e0u ch\u1ea5t ch\u1ed1ng oxy h\u00f3a, c\u00f3 nhi\u1ec1u l\u1ee3i \u00edch cho s\u1ee9c kh\u1ecfe. C\u00e1c ch\u1ea5t ch\u1ed1ng oxy h\u00f3a n\u00e0y gi\u00fap b\u1ea3o v\u1ec7 t\u1ebf b\u00e0o kh\u1ecfi b\u1ecb h\u01b0 h\u1ea1i v\u00e0 ng\u0103n ch\u1eb7n c\u00e1c ph\u1ea3n \u1ee9ng vi\u00eam trong c\u01a1 th\u1ec3.<\/p>\n<p data-path-to-node=\"16\">\u2212\u00a0<b>H\u1ed6 TR\u1ee2 H\u1ec6 TI\u00caU H\u00d3A:<\/b>\u00a0Theo y h\u1ecdc c\u1ed5 truy\u1ec1n, B\u1ea1ch \u0110\u1eadu Kh\u1ea5u c\u00f3 t\u00ednh \u1ea5m, gi\u00fap h\u00e0nh kh\u00ed, h\u00f3a th\u1ea5p, v\u00e0 \u0111\u1eb7c bi\u1ec7t l\u00e0\u00a0<b>ch\u1ed1ng n\u00f4n<\/b>\u00a0(ch\u1ec9 \u1ea9u). U\u1ed1ng tr\u00e0 B\u1ea1ch \u0110\u1eadu Kh\u1ea5u gi\u00fap k\u00edch th\u00edch ti\u1ebft axit d\u1ea1 d\u00e0y, h\u1ed7 tr\u1ee3 ti\u00eau h\u00f3a th\u1ee9c \u0103n, ng\u0103n ng\u1eeba ch\u1ee9ng \u0111\u1ea7y h\u01a1i, kh\u00f3 ti\u00eau sau b\u1eefa \u0103n. N\u00f3 c\u0169ng c\u00f3 t\u00e1c d\u1ee5ng \u1ee9c ch\u1ebf l\u00ean men b\u1ea5t th\u01b0\u1eddng trong \u0111\u01b0\u1eddng ru\u1ed9t.<\/p>\n<p data-path-to-node=\"16\">\u2212\u00a0<b>T\u1ed0T CHO H\u1ec6 H\u00d4 H\u1ea4P V\u00c0 MI\u1ec6NG:<\/b>\u00a0Tr\u00e0 B\u1ea1ch \u0110\u1eadu Kh\u1ea5u gi\u00fap l\u00e0m gi\u1ea3m c\u00e1c tri\u1ec7u ch\u1ee9ng c\u1ea3m l\u1ea1nh, c\u00fam nh\u01b0 \u0111au h\u1ecdng, ho v\u00e0 ngh\u1eb9t m\u0169i. \u0110\u1eb7c t\u00ednh kh\u00e1ng khu\u1ea9n t\u1ef1 nhi\u00ean trong h\u1ea1t B\u1ea1ch \u0110\u1eadu Kh\u1ea5u c\u00f2n gi\u00fap trung h\u00f2a vi khu\u1ea9n trong mi\u1ec7ng, gi\u1ea3m h\u00f4i mi\u1ec7ng v\u00e0 b\u1ea3o v\u1ec7 s\u1ee9c kh\u1ecfe r\u0103ng mi\u1ec7ng.<\/p>\n<p data-path-to-node=\"16\">\u2212\u00a0<b>H\u1ed6 TR\u1ee2 GI\u1ea2I \u0110\u1ed8C:<\/b>\u00a0M\u1ed9t s\u1ed1 nghi\u00ean c\u1ee9u cho th\u1ea5y B\u1ea1ch \u0110\u1eadu Kh\u1ea5u c\u00f3 t\u00e1c d\u1ee5ng gi\u1ea3i \u0111\u1ed9c, gi\u00fap c\u01a1 th\u1ec3 lo\u1ea1i b\u1ecf c\u00e1c ch\u1ea5t th\u1ea3i l\u01b0u th\u00f4ng trong m\u00e1u.<\/p>\n<p data-path-to-node=\"16\"><img loading=\"lazy\" decoding=\"async\" class=\"aligncenter\" src=\"https:\/\/havamall.com\/wp-content\/uploads\/2025\/12\/Cardamom-Tea-Time_-A-Collection-of-Soothing-and-Aromatic-Tea-Recipes.png\" width=\"800\" height=\"450\" \/><\/p>\n<blockquote>\n<h4 data-path-to-node=\"17\"><em>H\u01af\u1edaNG D\u1eaaN V\u00c0 L\u01afU \u00dd KHI S\u1eec D\u1ee4NG<\/em><\/h4>\n<\/blockquote>\n<p data-path-to-node=\"18\">\u0110\u1ec3 th\u01b0\u1edfng th\u1ee9c tr\u1ecdn v\u1eb9n h\u01b0\u01a1ng v\u1ecb v\u00e0 c\u00f4ng d\u1ee5ng c\u1ee7a tr\u00e0, ng\u01b0\u1eddi ti\u00eau d\u00f9ng n\u00ean tu\u00e2n th\u1ee7 \u0111\u00fang h\u01b0\u1edbng d\u1eabn pha ch\u1ebf.<\/p>\n<p data-path-to-node=\"19\">\u2212\u00a0<b>Pha Ch\u1ebf N\u00f3ng:<\/b> \u0110\u1ed5 to\u00e0n b\u1ed9 g\u00f3i Premix 26g v\u00e0o c\u1ed1c. Th\u00eam 90ml n\u01b0\u1edbc n\u00f3ng (kh\u00f4ng c\u1ea7n n\u01b0\u1edbc s\u00f4i gi\u00e0). Khu\u1ea5y \u0111\u1ec1u v\u00e0 th\u01b0\u1edfng th\u1ee9c ngay.<\/p>\n<p data-path-to-node=\"19\">\u2212 <b>L\u01b0u \u00dd B\u1ea3o Qu\u1ea3n:<\/b>\u00a0\u0110\u1ec3 s\u1ea3n ph\u1ea9m gi\u1eef \u0111\u01b0\u1ee3c h\u01b0\u01a1ng th\u01a1m v\u00e0 \u0111\u1ed9 t\u01b0\u01a1i ngon t\u1ed1i \u0111a, c\u1ea7n b\u1ea3o qu\u1ea3n n\u01a1i tho\u00e1ng m\u00e1t v\u00e0 kh\u00f4 r\u00e1o, tr\u00e1nh xa \u00e1nh s\u00e1ng m\u1eb7t tr\u1eddi v\u00e0 c\u00e1c ngu\u1ed3n nhi\u1ec7t.<\/p>\n<p data-path-to-node=\"19\">\u2212\u00a0<b>Th\u00f4ng Tin D\u1ecb \u1ee8ng:<\/b>\u00a0S\u1ea3n ph\u1ea9m c\u00f3 ch\u1ee9a th\u00e0nh ph\u1ea7n\u00a0<b>S\u1eefa<\/b> (Milk Solids\/Dairy Whitener)<\/p>\n<p data-path-to-node=\"19\"><img loading=\"lazy\" decoding=\"async\" class=\"aligncenter\" src=\"https:\/\/havamall.com\/wp-content\/uploads\/2025\/12\/Chai-06.jpg\" alt=\"Elachi Chai (Cardamom tea with milk)\" width=\"800\" height=\"800\" \/><\/p>\n<p data-path-to-node=\"21\">Tr\u00e0 B\u1ea1ch \u0110\u1eadu Kh\u1ea5u H\u00f2a Tan 3 Trong 1 Wagh Bakri l\u00e0 m\u1ed9t c\u00e1ch d\u1ec5 d\u00e0ng \u0111\u1ec3 th\u00eam gia v\u1ecb tuy\u1ec7t v\u1eddi n\u00e0y v\u00e0o ch\u1ebf \u0111\u1ed9 dinh d\u01b0\u1ee1ng h\u00e0ng ng\u00e0y, mang l\u1ea1i c\u1ea3 s\u1ef1 th\u01b0 gi\u00e3n tinh th\u1ea7n l\u1eabn h\u1ed7 tr\u1ee3 s\u1ee9c kh\u1ecfe ti\u00eau h\u00f3a. S\u1ea3n ph\u1ea9m hi\u1ec7n \u0111ang \u0111\u01b0\u1ee3c b\u00e1n t\u1ea1i\u00a0<b>Havamall<\/b>.<\/p>\n<\/div>\n<\/div>\n<\/div>\n<\/div>","protected":false},"excerpt":{"rendered":"<p>TH\u00d4NG TIN S\u1ea2N PH\u1ea8M Th\u01b0\u01a1ng Hi\u1ec7u Wagh Bakri T\u00ean Ti\u1ebfng \u1ea4n \u0110\u1ed9 Elaichi Tea Premix Xu\u1ea5t X\u1ee9 \u1ea4n \u0110\u1ed9 Th\u00e0nh<\/p>","protected":false},"featured_media":43785,"comment_status":"open","ping_status":"closed","template":"","meta":[],"product_brand":[],"product_cat":[731,135,700],"product_tag":[],"class_list":{"0":"post-43782","1":"product","2":"type-product","3":"status-publish","4":"has-post-thumbnail","6":"product_cat-nhap-khau-an-do","7":"product_cat-sua-do-uong","8":"product_cat-thuc-uong-khong-con","10":"first","11":"instock","12":"sale","13":"shipping-taxable","14":"purchasable","15":"product-type-simple"},"_links":{"self":[{"href":"https:\/\/havamall.com\/en\/wp-json\/wp\/v2\/product\/43782","targetHints":{"allow":["GET"]}}],"collection":[{"href":"https:\/\/havamall.com\/en\/wp-json\/wp\/v2\/product"}],"about":[{"href":"https:\/\/havamall.com\/en\/wp-json\/wp\/v2\/types\/product"}],"replies":[{"embeddable":true,"href":"https:\/\/havamall.com\/en\/wp-json\/wp\/v2\/comments?post=43782"}],"version-history":[{"count":0,"href":"https:\/\/havamall.com\/en\/wp-json\/wp\/v2\/product\/43782\/revisions"}],"wp:featuredmedia":[{"embeddable":true,"href":"https:\/\/havamall.com\/en\/wp-json\/wp\/v2\/media\/43785"}],"wp:attachment":[{"href":"https:\/\/havamall.com\/en\/wp-json\/wp\/v2\/media?parent=43782"}],"wp:term":[{"taxonomy":"product_brand","embeddable":true,"href":"https:\/\/havamall.com\/en\/wp-json\/wp\/v2\/product_brand?post=43782"},{"taxonomy":"product_cat","embeddable":true,"href":"https:\/\/havamall.com\/en\/wp-json\/wp\/v2\/product_cat?post=43782"},{"taxonomy":"product_tag","embeddable":true,"href":"https:\/\/havamall.com\/en\/wp-json\/wp\/v2\/product_tag?post=43782"}],"curies":[{"name":"wp","href":"https:\/\/api.w.org\/{rel}","templated":true}]}}