{"id":43783,"date":"2025-12-10T14:02:22","date_gmt":"2025-12-10T07:02:22","guid":{"rendered":"https:\/\/havamall.com\/?post_type=product&#038;p=43783"},"modified":"2025-12-10T14:02:22","modified_gmt":"2025-12-10T07:02:22","slug":"bong-duong-hinh-ong-gia-noel-va-cay-thong-tone-xanh-la-trang-tri-giang-sinh-noel-havafood-hu-100g-noel-theme-candy-sprinkles","status":"publish","type":"product","link":"https:\/\/havamall.com\/en\/shop\/bong-duong-hinh-ong-gia-noel-va-cay-thong-tone-xanh-la-trang-tri-giang-sinh-noel-havafood-hu-100g-noel-theme-candy-sprinkles\/","title":{"rendered":"B\u00f4ng \u0110\u01b0\u1eddng H\u00ecnh \u00d4ng Gi\u00e0 Noel v\u00e0 C\u00e2y Th\u00f4ng Tone Xanh L\u00e1 Trang Tr\u00ed Gi\u00e1ng Sinh Noel Havafood H\u1ee7 100g \u2013 Noel Theme Candy Sprinkles"},"content":{"rendered":"<p>H\u00e0ng lo\u1ea1t nh\u1eefng m\u00f3n B\u00d4NG \u0110\u01af\u1edcNG NOEL trang tr\u00ed cho b\u00e1nh kh\u00fac c\u00e2y, b\u00e1nh kem HOT nh\u1ea5t th\u00ec k\u1eb9o b\u00f4ng \u0111\u01b0\u1eddng l\u00e0 th\u1ee9 kh\u00f4ng th\u1ec3 thi\u1ebfu trong m\u00f9a gi\u00e1ng sinh.<br \/>\nNh\u1eefng \u1ed5 b\u00e1nh kh\u00fac c\u00e2y Gi\u00e1ng Sinh lu\u00f4n l\u00e0 \u201ct\u00e2m \u0111i\u1ec3m\u201d tr\u00ean b\u00e0n ti\u1ec7c \u0111\u00eam Noel, kh\u00f4ng ch\u1ec9 l\u00e0 m\u00f3n b\u00e1nh ng\u1ecdt ng\u00e0o \u0111\u01a1n thu\u1ea7n, h\u00ecnh d\u00e1ng kh\u00fac c\u00e2y \u0111\u01b0\u1ee3c trang tr\u00ed v\u1edbi nh\u1eefng c\u00e2y th\u00f4ng, \u00f4ng gi\u00e0 noel, \u00f4ng gi\u00e0 tuy\u1ebft, n\u1ea5m tuy\u1ebft \u0111\u1ea7y m\u00e0u s\u1eafc\u2026lu\u00f4n mang \u0111\u1ebfn th\u00f4ng \u0111i\u1ec7p vui v\u1ebb, an l\u00e0nh.<br \/>\n\u0110\u1ed9c \u0111\u00e1o v\u1edbi nh\u1eefng B\u00d4NG \u0110\u01af\u1edcNG NOEL ng\u1ed9 ngh\u0129nh, \u0111\u00e1ng y\u00eau nh\u01b0: ng\u01b0\u1eddi tuy\u1ebft, n\u1ea5m noel, c\u00e2y th\u00f4ng noel\u2026s\u1ebd gi\u00fap b\u1ea1n th\u1ecfa s\u1ee9c s\u00e1ng t\u1ea1o trang tr\u00ed chi\u1ebfc b\u00e1nh kem cho b\u1eefa ti\u1ec7c noel th\u00eam \u0111\u1ed9c \u0111\u00e1o, h\u1ea5p d\u1eabn v\u00e0 \u1ea5m \u00e1p.<\/p>\n<p>Ngo\u00e0i socola chips d\u00f9ng \u0111\u1ec3 trang tr\u00ed b\u00e1nh th\u00ec c\u00f2n c\u00f3 b\u00f4ng \u0111\u01b0\u1eddng c\u0169ng \u0111\u01b0\u1ee3c s\u1eed d\u1ee5ng \u0111\u1ec3 t\u1ea1o l\u1edbp trang tr\u00ed \u0111\u1ea7y s\u1eafc m\u00e0u, gi\u00fap chi\u1ebfc b\u00e1nh c\u1ee7a b\u1ea1n th\u00eam ph\u1ea7n r\u1ef1c r\u1ee1 v\u00e0 thu h\u00fat \u00e1nh nh\u00ecn.<\/p>\n<p>S\u1ea3n ph\u1ea9m \u0111\u1ea3m b\u1ea3o v\u1ec7 sinh an to\u00e0n th\u1ef1c ph\u1ea9m, t\u1ed1t cho s\u1ee9c kh\u1ecfe con ng\u01b0\u1eddi.\u00a0C\u1ed1m v\u1edbi v\u1ecb ng\u1ecdt s\u1ea7n s\u1eadt, h\u01a1i de khi c\u1eafn v\u00e0o t\u1ea1o v\u1ecb ng\u1ecdt m\u00e1t s\u1ebd khi\u1ebfn b\u1ea1n v\u00f4 c\u00f9ng th\u00edch th\u00fa. S\u1ea3n ph\u1ea9m \u0111em \u0111\u1ebfn m\u1ed9t ch\u1ea5t l\u01b0\u1ee3ng t\u1ed1t v\u00e0 m\u1ed9t h\u01b0\u01a1ng v\u1ecb ho\u00e0n h\u1ea3o.<\/p>\n<p><img fetchpriority=\"high\" decoding=\"async\" class=\"aligncenter\" src=\"https:\/\/havamall.com\/wp-content\/uploads\/2022\/11\/happy-sprinkles-sprinkles-santa-s-favorite-28421251203138_1400x.jpg\" alt=\"Streusel-Mix f\u00fcr Weihnacht kaufen - passende Motive zur Weihnachtszeit \u2013 Happy Sprinkles\" width=\"730\" height=\"730\" \/><\/p>\n<p>B\u00f4ng \u0111\u01b0\u1eddng c\u00f3 h\u01b0\u01a1ng v\u1ecb ng\u1ecdt t\u1ef1 nhi\u00ean h\u00f2a v\u1edbi h\u01b0\u01a1ng v\u1ecb tr\u00e1i c\u00e2y th\u01a1m th\u01a1m, gi\u00f2n v\u00e0 th\u01a1m ngon. S\u1ea3n ph\u1ea9m c\u00f3 \u0111\u1ee7 h\u00ecnh d\u1ea1ng ph\u00f9 h\u1ee3p \u0111\u1ec3 trang tr\u00ed, xinh x\u1eafn, r\u1ef1c r\u1ee1 s\u1eafc m\u00e0u. L\u00e0 l\u1ef1a ch\u1ecdn l\u00fd t\u01b0\u1edfng \u0111\u1ec3 l\u00e0m nh\u00e2n ho\u1eb7c trang tr\u00ed, khi trang tr\u00ed t\u1ea1o n\u00ean m\u1ed9t t\u1ed5ng h\u00f2a c\u00e1c m\u00e0u s\u1eafc n\u1ed5i b\u1eadt v\u00e0 \u0111\u1eb9p m\u1eaft.<\/p>\n<p>B\u00f4ng \u0111\u01b0\u1eddng l\u00e0 m\u1ed9t trong nh\u1eefng nguy\u00ean li\u1ec7u trang tr\u00ed ph\u1ed5 bi\u1ebfn trong l\u00e0m b\u00e1nh, d\u00f9ng \u0111\u1ec3 r\u1eafc l\u00ean kem, m\u1eb7t b\u00e1nh kem, k\u1eb9o m\u00fat, socola, cakepops r\u1ea5t \u0111\u1eb9p m\u1eaft. \u0110\u1ed1i v\u1edbi kem, b\u00e1nh kem, sau khi ho\u00e0n t\u1ea5t kh\u00e2u tr\u00e9t kem cho b\u00e1nh, b\u1ea1n ch\u1ec9 c\u1ea7n r\u1eafc nh\u1eb9 m\u1ed9t l\u1edbp c\u1ed1m l\u00ean m\u1eb7t b\u00e1nh l\u00e0 \u0111\u00e3 c\u00f3 \u0111\u01b0\u1ee3c m\u1ed9t l\u1edbp trang tr\u00ed ho\u00e0n h\u1ea3o. V\u1edbi c\u00e1c lo\u1ea1i b\u00e1nh kh\u00f4ng d\u00ednh m\u00e0 mu\u1ed1n t\u1ea1o l\u1edbp trang tr\u00ed, b\u1ea1n c\u00f3 th\u1ec3 nh\u00fang qua socola ch\u1ea3y ho\u1eb7c m\u1eadt ong \u0111\u1ec3 t\u1ea1o \u0111\u1ed9 d\u00ednh tr\u01b0\u1edbc r\u1ed3i m\u1edbi l\u0103n qua c\u1ed1m.<\/p>\n<p><img decoding=\"async\" class=\"aligncenter\" src=\"https:\/\/havamall.com\/wp-content\/uploads\/2022\/11\/Lovely-Christmas-Cupcakes.jpg\" alt=\"Vid\u00e1m \u00e9s \u00f6tletes kar\u00e1csonyi muffinok, amiket neked is ki kell pr\u00f3b\u00e1lnod! | Nosalty\" width=\"762\" height=\"595\" \/><\/p>\n<h3><strong>\u0110\u1eb7c \u0111i\u1ec3m n\u1ed5i b\u1eadt c\u1ee7a:<\/strong><\/h3>\n<p>\u2013 B\u00f4ng \u0111\u01b0\u1eddng nhi\u1ec1u m\u00e0u c\u00f3 h\u01b0\u01a1ng v\u1ecb ng\u1ecdt t\u1ef1 nhi\u00ean, kh\u00f4ng ch\u1ea5t ho\u00e1 h\u1ecdc, ph\u1ea9m m\u00e0u \u0111\u1ed9c h\u1ea1i.<\/p>\n<p>\u2013 M\u00e0u s\u1eafc c\u1ed1m t\u01b0\u01a1i s\u00e1ng, phong ph\u00fa.<\/p>\n<p>\u2013 S\u1ea3n ph\u1ea9m c\u00f3 h\u00ecnh d\u1ea1ng kh\u00e1c nhau v\u00e0 xinh x\u1eafn, r\u1ef1c r\u1ee1 s\u1eafc m\u00e0u.<\/p>\n<p>\u2013 L\u00e0 l\u1ef1a ch\u1ecdn l\u00fd t\u01b0\u1edfng \u0111\u1ec3 l\u00e0m nh\u00e2n ho\u1eb7c trang tr\u00ed, khi trang tr\u00ed t\u1ea1o n\u00ean m\u1ed9t t\u1ed5ng h\u00f2a c\u00e1c m\u00e0u s\u1eafc n\u1ed5i b\u1eadt v\u00e0 \u0111\u1eb9p m\u1eaft.<\/p>\n<p><img decoding=\"async\" class=\"wp-image-29660 aligncenter\" src=\"https:\/\/havamall.com\/wp-content\/uploads\/2022\/11\/234.jpg\" alt=\"\" width=\"877\" height=\"777\" \/><\/p>\n<h3><strong>H\u01b0\u1edbng d\u1eabn s\u1eed d\u1ee5ng:<\/strong><\/h3>\n<p>\u2013 B\u00f4ng \u0111\u01b0\u1eddng nhi\u1ec1u m\u00e0u d\u00f9ng \u0111\u1ec3 trang tr\u00ed b\u00e1nh kem, b\u00e1nh quy, donut, c\u00e1c lo\u1ea1i k\u1eb9o, \u0111\u1ed3 u\u1ed1ng ho\u1eb7c tr\u1ed9n tr\u1ef1c ti\u1ebfp v\u1edbi b\u1ed9t l\u00e0m b\u00e1nh \u0111\u1ec3 t\u1ea1o m\u00e0u.<\/p>\n<p>\u2013 R\u1eafc l\u00ean m\u1eb7t b\u00e1nh \u0111\u1ec3 trang tr\u00ed ho\u1eb7c x\u1ebfp th\u00e0nh c\u00e1c h\u00ecnh trang tr\u00ed. Ph\u01b0\u01a1ng \u00e1n nhanh ch\u00f3ng \u0111\u1ec3 t\u1ea1o n\u00ean m\u1ed9t l\u1edbp trang tr\u00ed b\u00e1nh \u0111\u1eb9p m\u1eaft, thu h\u00fat v\u00e0 h\u1ea5p d\u1eabn.<\/p>\n<p>H\u01b0\u1edbng d\u1eabn b\u1ea3o qu\u1ea3n: t\u1ee7 m\u00e1t, n\u01a1i kh\u00f4 r\u00e1o, tho\u00e1ng m\u00e1t.<\/p>","protected":false},"excerpt":{"rendered":"<p>H\u00e0ng lo\u1ea1t nh\u1eefng m\u00f3n B\u00d4NG \u0110\u01af\u1edcNG NOEL trang tr\u00ed cho b\u00e1nh kh\u00fac c\u00e2y, b\u00e1nh kem HOT nh\u1ea5t th\u00ec k\u1eb9o b\u00f4ng<\/p>","protected":false},"featured_media":43784,"comment_status":"open","ping_status":"closed","template":"","meta":[],"product_brand":[],"product_cat":[784,133,255],"product_tag":[],"class_list":{"0":"post-43783","1":"product","2":"type-product","3":"status-publish","4":"has-post-thumbnail","6":"product_cat-nguyen-lieu-trang-tri","7":"product_cat-banh-keo-chocolate","8":"product_cat-nguyen-lieu-lam-banh","10":"first","11":"instock","12":"sale","13":"shipping-taxable","14":"purchasable","15":"product-type-simple"},"_links":{"self":[{"href":"https:\/\/havamall.com\/en\/wp-json\/wp\/v2\/product\/43783","targetHints":{"allow":["GET"]}}],"collection":[{"href":"https:\/\/havamall.com\/en\/wp-json\/wp\/v2\/product"}],"about":[{"href":"https:\/\/havamall.com\/en\/wp-json\/wp\/v2\/types\/product"}],"replies":[{"embeddable":true,"href":"https:\/\/havamall.com\/en\/wp-json\/wp\/v2\/comments?post=43783"}],"version-history":[{"count":0,"href":"https:\/\/havamall.com\/en\/wp-json\/wp\/v2\/product\/43783\/revisions"}],"wp:featuredmedia":[{"embeddable":true,"href":"https:\/\/havamall.com\/en\/wp-json\/wp\/v2\/media\/43784"}],"wp:attachment":[{"href":"https:\/\/havamall.com\/en\/wp-json\/wp\/v2\/media?parent=43783"}],"wp:term":[{"taxonomy":"product_brand","embeddable":true,"href":"https:\/\/havamall.com\/en\/wp-json\/wp\/v2\/product_brand?post=43783"},{"taxonomy":"product_cat","embeddable":true,"href":"https:\/\/havamall.com\/en\/wp-json\/wp\/v2\/product_cat?post=43783"},{"taxonomy":"product_tag","embeddable":true,"href":"https:\/\/havamall.com\/en\/wp-json\/wp\/v2\/product_tag?post=43783"}],"curies":[{"name":"wp","href":"https:\/\/api.w.org\/{rel}","templated":true}]}}