{"id":43787,"date":"2025-12-10T14:29:50","date_gmt":"2025-12-10T07:29:50","guid":{"rendered":"https:\/\/havamall.com\/?post_type=product&#038;p=43787"},"modified":"2025-12-10T14:29:51","modified_gmt":"2025-12-10T07:29:51","slug":"bong-duong-chu-de-nguoi-ca-havafood-hu-100g-mermaid-tale-theme-candy-sprinkles","status":"publish","type":"product","link":"https:\/\/havamall.com\/en\/shop\/bong-duong-chu-de-nguoi-ca-havafood-hu-100g-mermaid-tale-theme-candy-sprinkles\/","title":{"rendered":"B\u00f4ng \u0110\u01b0\u1eddng Ch\u1ee7 \u0110\u1ec1 Ng\u01b0\u1eddi C\u00e1 Havafood H\u1ee7 100g \u2013 Mermaid Tale Theme Candy Sprinkles"},"content":{"rendered":"<div class=\"wd-negative-gap elementor-element elementor-element-087015d e-flex e-con-boxed e-con e-parent e-lazyloaded\" data-id=\"087015d\" data-element_type=\"container\">\n<div class=\"e-con-inner\">\n<div class=\"wd-negative-gap elementor-element elementor-element-bd74a14 wd-section-stretch e-flex e-con-boxed e-con e-child\" data-id=\"bd74a14\" data-element_type=\"container\">\n<div class=\"e-con-inner\">\n<div class=\"elementor-element elementor-element-8bad792 wd-single-tabs wd-width-100 elementor-widget elementor-widget-wd_single_product_tabs\" data-id=\"8bad792\" data-element_type=\"widget\" data-widget_type=\"wd_single_product_tabs.default\">\n<div class=\"elementor-widget-container\">\n<div class=\"woocommerce-tabs wc-tabs-wrapper\" data-state=\"first\" data-layout=\"tabs\">\n<div id=\"tab-description\" class=\"woocommerce-Tabs-panel panel entry-content wc-tab woocommerce-Tabs-panel--description\" role=\"tabpanel\" aria-labelledby=\"tab-title-description\" data-accordion-index=\"description\">\n<p>Trang tr\u00ed nh\u1eefng chi\u1ebfc b\u00e1nh kem \u0111\u1ed9c \u0111\u00e1o v\u00e0 \u0111\u1eb9p m\u1eaft v\u1edbi c\u00e1c C\u1ed1m vu\u00f4ng nhi\u1ec1u m\u00e0u s\u1eafc v\u00f4 c\u00f9ng \u0111\u1ed9c \u0111\u00e1o v\u00e0 h\u1ea5p d\u1eabn. Ch\u1ec9 c\u1ea7n 1 l\u01b0\u1ee3ng nh\u1ecf c\u1ed1m vu\u00f4ng s\u1eafc m\u00e0u c\u0169ng \u0111\u1ee7 \u0111\u1ec3 gi\u00fap chi\u1ebfc b\u00e1nh kem c\u1ee7a b\u1ea1n n\u1ed5i b\u1eadt v\u00e0 lung linh d\u01b0\u1edbi \u00e1nh n\u1ebfn r\u1ed3i, ngo\u00e0i ra b\u1ea1n c\u00f3 th\u1ec3 d\u00f9ng \u0111\u1ec3 trang tr\u00ed trang tr\u00ed c\u00e1c m\u00f3n b\u00e1nh ng\u1ecdt, b\u00e1nh l\u1ea1nh, cupcake, v\u00e0 th\u1ee9c u\u1ed1ng, c\u00e1c m\u00f3n kem \u2026<\/p>\n<p><img decoding=\"async\" class=\"aligncenter\" src=\"https:\/\/havamall.com\/wp-content\/uploads\/2025\/12\/Multi-Colored-Sprinkles-Mermaid-Tails-and-Baubles.webp\" alt=\"Multi-Colored Sprinkles: Mermaid Tails and Baubles\" \/><\/p>\n<h3><strong>\u0110\u1eb6C \u0110I\u1ec2M S\u1ea2N PH\u1ea8M:<\/strong><\/h3>\n<p>\u2013 S\u1ea3n ph\u1ea9m \u0111\u01b0\u1ee3c nh\u1eadp kh\u1ea9u tr\u1ef1c ti\u1ebfp. Quy tr\u00ecnh s\u1ea3n xu\u1ea5t hi\u1ec7n \u0111\u1ea1i. Ngu\u1ed3n h\u00e0ng \u0111\u01b0\u1ee3c ch\u1ecdn l\u1ecdc k\u0129 l\u01b0\u1ee1ng, c\u1ea9n th\u1eadn.<\/p>\n<p>\u2013 M\u00e0u s\u1eafc c\u1ee7a c\u1ed1m m\u00e0u \u0111\u01b0\u1ee3c s\u1ea3n xu\u1ea5t theo ti\u00eau chu\u1ea9n m\u1ee9c \u0111\u1ed9 \u0111\u1eadm v\u00e0 s\u1eed d\u1ee5ng m\u00e0u th\u1ef1c ph\u1ea9m theo quy \u0111\u1ecbnh v\u00e0 \u0111\u00e1p \u1ee9ng \u0111i\u1ec1u ki\u1ec7n v\u1ec7 sinh An To\u00e0n Th\u1ef1c Ph\u1ea9m c\u1ee7a Vi\u1ec7t Nam, kh\u00f4ng c\u00f3 \u0111\u1ed9c h\u1ea1i cho s\u1ee9c kho\u1ebb c\u1ee7a ng\u01b0\u1eddi ti\u00eau d\u00f9ng.<\/p>\n<p>\u2013 C\u1ed1m vu\u00f4ng s\u1eafc m\u00e0u c\u00f3 h\u01b0\u01a1ng v\u1ecb ng\u1ecdt t\u1ef1 nhi\u00ean, gi\u00f2n v\u00e0 th\u01a1m ngon, c\u00f3 th\u1ec3 s\u1eed d\u1ee5ng \u0103n tr\u1ef1c ti\u1ebfp ho\u1eb7c d\u00f9ng trang tr\u00ed l\u00ean b\u1ea5t k\u1ef3 chi\u1ebfc b\u00e1nh, k\u1eb9o n\u00e0o m\u00e0 b\u1ea1n mu\u1ed1n.<\/p>\n<p>\u2013 S\u1ea3n ph\u1ea9m c\u00f3 d\u1ea1ng h\u00ecnh vu\u00f4ng nh\u1ecf v\u00e0 xinh x\u1eafn, r\u1ef1c r\u1ee1 s\u1eafc m\u00e0u. L\u00e0 l\u1ef1a ch\u1ecdn l\u00fd t\u01b0\u1edfng \u0111\u1ec3 l\u00e0m nh\u00e2n ho\u1eb7c trang tr\u00ed, khi trang tr\u00ed t\u1ea1o n\u00ean m\u1ed9t t\u1ed5ng h\u00f2a c\u00e1c m\u00e0u s\u1eafc n\u1ed5i b\u1eadt v\u00e0 \u0111\u1eb9p m\u1eaft.<\/p>\n<h3><strong>H\u01af\u1edaNG D\u1eaaN S\u1eec D\u1ee4NG:<\/strong><\/h3>\n<p>\u2013 C\u1ed1m vu\u00f4ng d\u00f9ng \u0111\u1ec3 trang tr\u00ed b\u00e1nh kem, b\u00e1nh quy, donut, c\u00e1c lo\u1ea1i k\u1eb9o, \u0111\u1ed3 u\u1ed1ng, kem ho\u1eb7c th\u1ef1c ph\u1ea9m c\u00e1c b\u1ea1n mong mu\u1ed1n.<\/p>\n<p>\u2013 R\u1eafc l\u00ean m\u1eb7t b\u00e1nh \u0111\u1ec3 trang tr\u00ed ho\u1eb7c x\u1ebfp th\u00e0nh c\u00e1c h\u00ecnh trang tr\u00ed. Ph\u01b0\u01a1ng \u00e1n nhanh ch\u00f3ng \u0111\u1ec3 t\u1ea1o n\u00ean m\u1ed9t l\u1edbp trang tr\u00ed b\u00e1nh \u0111\u1eb9p m\u1eaft, thu h\u00fat v\u00e0 h\u1ea5p d\u1eabn.<\/p>\n<\/div>\n<\/div>\n<\/div>\n<\/div>\n<\/div>\n<\/div>\n<\/div>\n<\/div>","protected":false},"excerpt":{"rendered":"<p>Trang tr\u00ed nh\u1eefng chi\u1ebfc b\u00e1nh kem \u0111\u1ed9c \u0111\u00e1o v\u00e0 \u0111\u1eb9p m\u1eaft v\u1edbi c\u00e1c C\u1ed1m vu\u00f4ng nhi\u1ec1u m\u00e0u s\u1eafc v\u00f4 c\u00f9ng<\/p>","protected":false},"featured_media":43794,"comment_status":"open","ping_status":"closed","template":"","meta":[],"product_brand":[],"product_cat":[784,133,255],"product_tag":[],"class_list":{"0":"post-43787","1":"product","2":"type-product","3":"status-publish","4":"has-post-thumbnail","6":"product_cat-nguyen-lieu-trang-tri","7":"product_cat-banh-keo-chocolate","8":"product_cat-nguyen-lieu-lam-banh","10":"first","11":"instock","12":"sale","13":"shipping-taxable","14":"purchasable","15":"product-type-simple"},"_links":{"self":[{"href":"https:\/\/havamall.com\/en\/wp-json\/wp\/v2\/product\/43787","targetHints":{"allow":["GET"]}}],"collection":[{"href":"https:\/\/havamall.com\/en\/wp-json\/wp\/v2\/product"}],"about":[{"href":"https:\/\/havamall.com\/en\/wp-json\/wp\/v2\/types\/product"}],"replies":[{"embeddable":true,"href":"https:\/\/havamall.com\/en\/wp-json\/wp\/v2\/comments?post=43787"}],"version-history":[{"count":0,"href":"https:\/\/havamall.com\/en\/wp-json\/wp\/v2\/product\/43787\/revisions"}],"wp:featuredmedia":[{"embeddable":true,"href":"https:\/\/havamall.com\/en\/wp-json\/wp\/v2\/media\/43794"}],"wp:attachment":[{"href":"https:\/\/havamall.com\/en\/wp-json\/wp\/v2\/media?parent=43787"}],"wp:term":[{"taxonomy":"product_brand","embeddable":true,"href":"https:\/\/havamall.com\/en\/wp-json\/wp\/v2\/product_brand?post=43787"},{"taxonomy":"product_cat","embeddable":true,"href":"https:\/\/havamall.com\/en\/wp-json\/wp\/v2\/product_cat?post=43787"},{"taxonomy":"product_tag","embeddable":true,"href":"https:\/\/havamall.com\/en\/wp-json\/wp\/v2\/product_tag?post=43787"}],"curies":[{"name":"wp","href":"https:\/\/api.w.org\/{rel}","templated":true}]}}